{"id":7596,"date":"2024-05-05T17:16:14","date_gmt":"2024-05-05T09:16:14","guid":{"rendered":"https:\/\/www.honlufoodtrailer.com\/?post_type=product&#038;p=7596"},"modified":"2025-02-14T14:55:46","modified_gmt":"2025-02-14T06:55:46","slug":"5-7m-snack-bar-trailer","status":"publish","type":"product","link":"https:\/\/www.honlufoodtrailer.com\/sl\/product\/5-7m-snack-bar-trailer\/","title":{"rendered":"5,7-metrska prikolica za prigrizke"},"content":{"rendered":"<p>I\u0161\u010dete prikolico za prigrizke po meri? Oglejte si to 5,7-metrsko mobilno prikolico za prigrizke tukaj! Izdelali smo jo za eno od na\u0161ih strank iz Zdru\u017eenih dr\u017eav Amerike. Je priljubljen model med na\u0161imi strankami. Izdelamo lahko podobno prikolico za prigrizke ali pa jo prilagodimo za vas. Barvo karoserije, nalepke, oznake in kuhinjsko opremo prikolice je mogo\u010de prilagoditi. Samo kontaktirajte nas in nam povejte svoje podrobne zahteve. Najprej si oglejmo nekaj slik te mobilne prikolice za prigrizke!<\/p>\n<p><img fetchpriority=\"high\" decoding=\"async\" class=\"aligncenter size-full wp-image-7598\" src=\"https:\/\/www.honlufoodtrailer.com\/wp-content\/uploads\/2024\/05\/5.7m-mobile-snack-trailer.jpg\" alt=\"5,7-metrski mobilni priklopnik za prigrizke\" width=\"720\" height=\"540\" srcset=\"https:\/\/www.honlufoodtrailer.com\/wp-content\/uploads\/2024\/05\/5.7m-mobile-snack-trailer.jpg 720w, https:\/\/www.honlufoodtrailer.com\/wp-content\/uploads\/2024\/05\/5.7m-mobile-snack-trailer-480x360.jpg 480w, https:\/\/www.honlufoodtrailer.com\/wp-content\/uploads\/2024\/05\/5.7m-mobile-snack-trailer-300x225.jpg 300w\" sizes=\"(max-width: 720px) 100vw, 720px\" \/> <img decoding=\"async\" class=\"aligncenter size-full wp-image-7605\" src=\"https:\/\/www.honlufoodtrailer.com\/wp-content\/uploads\/2024\/05\/snack-trailer.jpg\" alt=\"prikolica za prigrizke\" width=\"720\" height=\"540\" srcset=\"https:\/\/www.honlufoodtrailer.com\/wp-content\/uploads\/2024\/05\/snack-trailer.jpg 720w, https:\/\/www.honlufoodtrailer.com\/wp-content\/uploads\/2024\/05\/snack-trailer-480x360.jpg 480w, https:\/\/www.honlufoodtrailer.com\/wp-content\/uploads\/2024\/05\/snack-trailer-300x225.jpg 300w\" sizes=\"(max-width: 720px) 100vw, 720px\" \/><\/p>\n<h3>Notranji detajl te 5,7-metrske prikolice za prigrizke<\/h3>\n<p>Kot lahko vidite na spodnji sliki, smo to mobilno prikolico za prigrizke opremili z delovno mizo, omaro, napo, pomivalnimi koriti, cvrtnikom, \u017earom, plo\u0161\u010do za kuhanje na plo\u0161\u010di, klimatsko napravo itd. Zgornja oprema bo na\u0161i stranki pomagala pri za\u010detku poslovanja z mobilnimi prikolicami za hrano. Kot profesionalni proizvajalec prikolic za hrano z ve\u010d kot 10-letnimi izku\u0161njami vam lahko pomagamo prilagoditi va\u0161o prikolico za hrano va\u0161im specifi\u010dnim zahtevam. Skratka, zagotovili vam bomo prikolico za prigrizke po meri, kot jo \u017eelite.<\/p>\n<p><img decoding=\"async\" class=\"aligncenter size-full wp-image-7604\" src=\"https:\/\/www.honlufoodtrailer.com\/wp-content\/uploads\/2024\/05\/snack-bar-trailer-inner-view.jpg\" alt=\"pogled od znotraj prikolice s prigrizki\" width=\"720\" height=\"540\" srcset=\"https:\/\/www.honlufoodtrailer.com\/wp-content\/uploads\/2024\/05\/snack-bar-trailer-inner-view.jpg 720w, https:\/\/www.honlufoodtrailer.com\/wp-content\/uploads\/2024\/05\/snack-bar-trailer-inner-view-480x360.jpg 480w, https:\/\/www.honlufoodtrailer.com\/wp-content\/uploads\/2024\/05\/snack-bar-trailer-inner-view-300x225.jpg 300w\" sizes=\"(max-width: 720px) 100vw, 720px\" \/><\/p>\n<h3>Ve\u010d podrobnosti o tej mobilni prikolici po meri<\/h3>\n<p>Zdaj pa si oglejmo ve\u010d podrobnosti o tej prikolici za prigrizke na naslednjih slikah.<\/p>\n<p><img loading=\"lazy\" decoding=\"async\" class=\"aligncenter size-full wp-image-7606\" src=\"https:\/\/www.honlufoodtrailer.com\/wp-content\/uploads\/2024\/05\/snack-trailer-inner-details.jpg\" alt=\"notranje podrobnosti prikolice za prigrizke\" width=\"800\" height=\"800\" srcset=\"https:\/\/www.honlufoodtrailer.com\/wp-content\/uploads\/2024\/05\/snack-trailer-inner-details.jpg 800w, https:\/\/www.honlufoodtrailer.com\/wp-content\/uploads\/2024\/05\/snack-trailer-inner-details-768x768.jpg 768w, https:\/\/www.honlufoodtrailer.com\/wp-content\/uploads\/2024\/05\/snack-trailer-inner-details-360x360.jpg 360w, https:\/\/www.honlufoodtrailer.com\/wp-content\/uploads\/2024\/05\/snack-trailer-inner-details-300x300.jpg 300w, https:\/\/www.honlufoodtrailer.com\/wp-content\/uploads\/2024\/05\/snack-trailer-inner-details-720x720.jpg 720w, https:\/\/www.honlufoodtrailer.com\/wp-content\/uploads\/2024\/05\/snack-trailer-inner-details-100x100.jpg 100w\" sizes=\"(max-width: 800px) 100vw, 800px\" \/><\/p>\n<p>&nbsp;<\/p>\n<p>Prikolice za hrano se lahko imenujejo tudi vozi\u010dki za hrano, kombiji za hrano, tovornjaki za hrano itd. Ljudje jih uporabljajo za prodajo hitre hrane, prigrizkov, \u010dasopisov, knjig itd. Sestavljena je iz \u0161asije, karoserije, talne obloge, delovne mize, vodnega in elektri\u010dnega sistema. Uporabniki lahko izberejo tudi \u017eeleno barvo. Na \u017eeljo strank bi radi kupili tudi druge vrste opreme.<\/p>\n<h3><b class=\"magic-22\"><span class=\"magic-11\">Glavne zna\u010dilnosti na\u0161e prikolice za mobilne prigrizke po meri<\/span><\/b><\/h3>\n<div class=\"magic-2\">\n<div class=\"magic-3\">\n<div class=\"magic-4\">1. Nizki stro\u0161ki in okoljsko brez dima in hrupa, enostavno premikanje kjer koli.<br \/>\n2. Uporablja se lahko \u017ee ve\u010d let in ne smeti, kar ustreza sodobnemu \u017eivljenju.<br \/>\n3. Priro\u010den in enostaven za nalaganje in prevoz, saj je njegova zasnova edinstvena in individualna.<br \/>\n4. Glavni material je nerjave\u010de jeklo, zato ravna oblika (miza) ne rjavi.<br \/>\n5. Ima toplotno odpornost in visoko trdnost, visoko barvno obstojnost, brez deformacij, vodoodpornost in dolgo \u017eivljenjsko dobo.<\/div>\n<\/div>\n<\/div>\n<h3><b class=\"magic-22\"><span class=\"magic-11\">Glavna prednost:<\/span><\/b><\/h3>\n<p><span class=\"magic-12\">1. Cenovno ugodno in okoljsko;<br \/>\n2. Enostavno se lahko premaknete na poljubno mesto (va\u0161e poslovanje ni omejeno);<br \/>\n3. Edinstvena oblika (nevidna za privabljanje ve\u010d strank);<br \/>\n4. Dolga \u017eivljenjska doba (odporna proti koroziji, toplotni odpornosti, vodoodporna, brez deformacij).<\/span><\/p>","protected":false},"excerpt":{"rendered":"<p>To je ena od na\u0161ih 5,7 m dolgih mobilnih prikolic za prigrizke, izdelanih po meri. Je dobra izbira za ljudi, ki \u017eelijo za\u010deti podjetje z mobilnimi prikolicami za hrano. Lahko vam izdelamo podobno ali pa vam prilagodimo drugo. Na primer, prilagodimo lahko ne le zunanjost prikolice za hrano, ampak tudi kuhinjsko opremo v notranjosti. Brez oklevanja nas kontaktirajte in nam sporo\u010dite svoje podrobne zahteve!<\/p>","protected":false},"featured_media":7599,"template":"","meta":{"_themeisle_gutenberg_block_has_review":false},"product_brand":[],"product_cat":[26],"product_tag":[86,33,60,61,38,113],"class_list":{"0":"post-7596","1":"product","2":"type-product","3":"status-publish","4":"has-post-thumbnail","6":"product_cat-product","7":"product_tag-18-7ft-food-trailer","8":"product_tag-customized-trailer","9":"product_tag-fast-food-trailer","10":"product_tag-fast-food-trailer-for-sale","11":"product_tag-mobile-food-trailer","12":"product_tag-snack-trailer","14":"first","15":"instock","16":"shipping-taxable","17":"product-type-simple"},"yoast_head":"<!-- This site is optimized with the Yoast SEO plugin v27.5 - https:\/\/yoast.com\/product\/yoast-seo-wordpress\/ -->\n<title>Factory Price 5.7m Snack Bar Trailer - Honlu Food Trailer<\/title>\n<meta name=\"description\" content=\"Want to start a mobile snack bar trailer business? see this 18.7ft custom mobile snack trailer here! Get a similar or customized one at factory price!\" \/>\n<meta name=\"robots\" content=\"index, follow, max-snippet:-1, max-image-preview:large, max-video-preview:-1\" \/>\n<link rel=\"canonical\" href=\"https:\/\/www.honlufoodtrailer.com\/sl\/product\/5-7m-snack-bar-trailer\/\" \/>\n<meta property=\"og:locale\" content=\"sl_SI\" \/>\n<meta property=\"og:type\" content=\"article\" \/>\n<meta property=\"og:title\" content=\"Factory Price 5.7m Snack Bar Trailer - Honlu Food Trailer\" \/>\n<meta property=\"og:description\" content=\"Want to start a mobile snack bar trailer business? see this 18.7ft custom mobile snack trailer here! Get a similar or customized one at factory price!\" \/>\n<meta property=\"og:url\" content=\"https:\/\/www.honlufoodtrailer.com\/sl\/product\/5-7m-snack-bar-trailer\/\" \/>\n<meta property=\"og:site_name\" content=\"Honlu food trailer\" \/>\n<meta property=\"article:modified_time\" content=\"2025-02-14T06:55:46+00:00\" \/>\n<meta property=\"og:image\" content=\"https:\/\/www.honlufoodtrailer.com\/wp-content\/uploads\/2024\/05\/5.7m-snack-bar-trailers-for-sale.jpg\" \/>\n\t<meta property=\"og:image:width\" content=\"720\" \/>\n\t<meta property=\"og:image:height\" content=\"540\" \/>\n\t<meta property=\"og:image:type\" content=\"image\/jpeg\" \/>\n<meta name=\"twitter:card\" content=\"summary_large_image\" \/>\n<meta name=\"twitter:label1\" content=\"Est. reading time\" \/>\n\t<meta name=\"twitter:data1\" content=\"1 minuta\" \/>\n<script type=\"application\/ld+json\" class=\"yoast-schema-graph\">{\"@context\":\"https:\\\/\\\/schema.org\",\"@graph\":[{\"@type\":\"WebPage\",\"@id\":\"https:\\\/\\\/www.honlufoodtrailer.com\\\/product\\\/5-7m-snack-bar-trailer\\\/\",\"url\":\"https:\\\/\\\/www.honlufoodtrailer.com\\\/product\\\/5-7m-snack-bar-trailer\\\/\",\"name\":\"Factory Price 5.7m Snack Bar Trailer - Honlu Food Trailer\",\"isPartOf\":{\"@id\":\"https:\\\/\\\/www.honlufoodtrailer.com\\\/#website\"},\"primaryImageOfPage\":{\"@id\":\"https:\\\/\\\/www.honlufoodtrailer.com\\\/product\\\/5-7m-snack-bar-trailer\\\/#primaryimage\"},\"image\":{\"@id\":\"https:\\\/\\\/www.honlufoodtrailer.com\\\/product\\\/5-7m-snack-bar-trailer\\\/#primaryimage\"},\"thumbnailUrl\":\"https:\\\/\\\/www.honlufoodtrailer.com\\\/wp-content\\\/uploads\\\/2024\\\/05\\\/5.7m-snack-bar-trailers-for-sale.jpg\",\"datePublished\":\"2024-05-05T09:16:14+00:00\",\"dateModified\":\"2025-02-14T06:55:46+00:00\",\"description\":\"Want to start a mobile snack bar trailer business? see this 18.7ft custom mobile snack trailer here! Get a similar or customized one at factory price!\",\"breadcrumb\":{\"@id\":\"https:\\\/\\\/www.honlufoodtrailer.com\\\/product\\\/5-7m-snack-bar-trailer\\\/#breadcrumb\"},\"inLanguage\":\"sl-SI\",\"potentialAction\":[{\"@type\":\"ReadAction\",\"target\":[\"https:\\\/\\\/www.honlufoodtrailer.com\\\/product\\\/5-7m-snack-bar-trailer\\\/\"]}]},{\"@type\":\"ImageObject\",\"inLanguage\":\"sl-SI\",\"@id\":\"https:\\\/\\\/www.honlufoodtrailer.com\\\/product\\\/5-7m-snack-bar-trailer\\\/#primaryimage\",\"url\":\"https:\\\/\\\/www.honlufoodtrailer.com\\\/wp-content\\\/uploads\\\/2024\\\/05\\\/5.7m-snack-bar-trailers-for-sale.jpg\",\"contentUrl\":\"https:\\\/\\\/www.honlufoodtrailer.com\\\/wp-content\\\/uploads\\\/2024\\\/05\\\/5.7m-snack-bar-trailers-for-sale.jpg\",\"width\":720,\"height\":540,\"caption\":\"5.7m snack bar trailers for sale\"},{\"@type\":\"BreadcrumbList\",\"@id\":\"https:\\\/\\\/www.honlufoodtrailer.com\\\/product\\\/5-7m-snack-bar-trailer\\\/#breadcrumb\",\"itemListElement\":[{\"@type\":\"ListItem\",\"position\":1,\"name\":\"Home\",\"item\":\"https:\\\/\\\/www.honlufoodtrailer.com\\\/\"},{\"@type\":\"ListItem\",\"position\":2,\"name\":\"\u4ea7\u54c1\",\"item\":\"https:\\\/\\\/www.honlufoodtrailer.com\\\/shop\\\/\"},{\"@type\":\"ListItem\",\"position\":3,\"name\":\"5.7m Snack Bar Trailer\"}]},{\"@type\":\"WebSite\",\"@id\":\"https:\\\/\\\/www.honlufoodtrailer.com\\\/#website\",\"url\":\"https:\\\/\\\/www.honlufoodtrailer.com\\\/\",\"name\":\"Honlu food trailer\",\"description\":\"\",\"publisher\":{\"@id\":\"https:\\\/\\\/www.honlufoodtrailer.com\\\/#organization\"},\"potentialAction\":[{\"@type\":\"SearchAction\",\"target\":{\"@type\":\"EntryPoint\",\"urlTemplate\":\"https:\\\/\\\/www.honlufoodtrailer.com\\\/?s={search_term_string}\"},\"query-input\":{\"@type\":\"PropertyValueSpecification\",\"valueRequired\":true,\"valueName\":\"search_term_string\"}}],\"inLanguage\":\"sl-SI\"},{\"@type\":\"Organization\",\"@id\":\"https:\\\/\\\/www.honlufoodtrailer.com\\\/#organization\",\"name\":\"Honlu food trailer\",\"url\":\"https:\\\/\\\/www.honlufoodtrailer.com\\\/\",\"logo\":{\"@type\":\"ImageObject\",\"inLanguage\":\"sl-SI\",\"@id\":\"https:\\\/\\\/www.honlufoodtrailer.com\\\/#\\\/schema\\\/logo\\\/image\\\/\",\"url\":\"https:\\\/\\\/www.honlufoodtrailer.com\\\/wp-content\\\/uploads\\\/2021\\\/12\\\/2.gif\",\"contentUrl\":\"https:\\\/\\\/www.honlufoodtrailer.com\\\/wp-content\\\/uploads\\\/2021\\\/12\\\/2.gif\",\"width\":350,\"height\":100,\"caption\":\"Honlu food trailer\"},\"image\":{\"@id\":\"https:\\\/\\\/www.honlufoodtrailer.com\\\/#\\\/schema\\\/logo\\\/image\\\/\"}}]}<\/script>\n<!-- \/ Yoast SEO plugin. -->","yoast_head_json":{"title":"Prikolica za prigrizke Honlu 5,7 m Tovarni\u0161ka cena","description":"\u017delite za\u010deti podjetje za mobilne prikolice s prigrizki? Oglejte si to 18,7-metrsko mobilno prikolico s prigrizki po meri tukaj! Pridobite podobno ali prilagojeno po tovarni\u0161ki ceni!","robots":{"index":"index","follow":"follow","max-snippet":"max-snippet:-1","max-image-preview":"max-image-preview:large","max-video-preview":"max-video-preview:-1"},"canonical":"https:\/\/www.honlufoodtrailer.com\/sl\/product\/5-7m-snack-bar-trailer\/","og_locale":"sl_SI","og_type":"article","og_title":"Factory Price 5.7m Snack Bar Trailer - Honlu Food Trailer","og_description":"Want to start a mobile snack bar trailer business? see this 18.7ft custom mobile snack trailer here! Get a similar or customized one at factory price!","og_url":"https:\/\/www.honlufoodtrailer.com\/sl\/product\/5-7m-snack-bar-trailer\/","og_site_name":"Honlu food trailer","article_modified_time":"2025-02-14T06:55:46+00:00","og_image":[{"width":720,"height":540,"url":"https:\/\/www.honlufoodtrailer.com\/wp-content\/uploads\/2024\/05\/5.7m-snack-bar-trailers-for-sale.jpg","type":"image\/jpeg"}],"twitter_card":"summary_large_image","twitter_misc":{"Est. reading time":"1 minuta"},"schema":{"@context":"https:\/\/schema.org","@graph":[{"@type":"WebPage","@id":"https:\/\/www.honlufoodtrailer.com\/product\/5-7m-snack-bar-trailer\/","url":"https:\/\/www.honlufoodtrailer.com\/product\/5-7m-snack-bar-trailer\/","name":"Prikolica za prigrizke Honlu 5,7 m Tovarni\u0161ka cena","isPartOf":{"@id":"https:\/\/www.honlufoodtrailer.com\/#website"},"primaryImageOfPage":{"@id":"https:\/\/www.honlufoodtrailer.com\/product\/5-7m-snack-bar-trailer\/#primaryimage"},"image":{"@id":"https:\/\/www.honlufoodtrailer.com\/product\/5-7m-snack-bar-trailer\/#primaryimage"},"thumbnailUrl":"https:\/\/www.honlufoodtrailer.com\/wp-content\/uploads\/2024\/05\/5.7m-snack-bar-trailers-for-sale.jpg","datePublished":"2024-05-05T09:16:14+00:00","dateModified":"2025-02-14T06:55:46+00:00","description":"\u017delite za\u010deti podjetje za mobilne prikolice s prigrizki? Oglejte si to 18,7-metrsko mobilno prikolico s prigrizki po meri tukaj! Pridobite podobno ali prilagojeno po tovarni\u0161ki ceni!","breadcrumb":{"@id":"https:\/\/www.honlufoodtrailer.com\/product\/5-7m-snack-bar-trailer\/#breadcrumb"},"inLanguage":"sl-SI","potentialAction":[{"@type":"ReadAction","target":["https:\/\/www.honlufoodtrailer.com\/product\/5-7m-snack-bar-trailer\/"]}]},{"@type":"ImageObject","inLanguage":"sl-SI","@id":"https:\/\/www.honlufoodtrailer.com\/product\/5-7m-snack-bar-trailer\/#primaryimage","url":"https:\/\/www.honlufoodtrailer.com\/wp-content\/uploads\/2024\/05\/5.7m-snack-bar-trailers-for-sale.jpg","contentUrl":"https:\/\/www.honlufoodtrailer.com\/wp-content\/uploads\/2024\/05\/5.7m-snack-bar-trailers-for-sale.jpg","width":720,"height":540,"caption":"5.7m snack bar trailers for sale"},{"@type":"BreadcrumbList","@id":"https:\/\/www.honlufoodtrailer.com\/product\/5-7m-snack-bar-trailer\/#breadcrumb","itemListElement":[{"@type":"ListItem","position":1,"name":"Home","item":"https:\/\/www.honlufoodtrailer.com\/"},{"@type":"ListItem","position":2,"name":"\u4ea7\u54c1","item":"https:\/\/www.honlufoodtrailer.com\/shop\/"},{"@type":"ListItem","position":3,"name":"5.7m Snack Bar Trailer"}]},{"@type":"WebSite","@id":"https:\/\/www.honlufoodtrailer.com\/#website","url":"https:\/\/www.honlufoodtrailer.com\/","name":"Prikolica za hrano Honlu","description":"","publisher":{"@id":"https:\/\/www.honlufoodtrailer.com\/#organization"},"potentialAction":[{"@type":"SearchAction","target":{"@type":"EntryPoint","urlTemplate":"https:\/\/www.honlufoodtrailer.com\/?s={search_term_string}"},"query-input":{"@type":"PropertyValueSpecification","valueRequired":true,"valueName":"search_term_string"}}],"inLanguage":"sl-SI"},{"@type":"Organization","@id":"https:\/\/www.honlufoodtrailer.com\/#organization","name":"Prikolica za hrano Honlu","url":"https:\/\/www.honlufoodtrailer.com\/","logo":{"@type":"ImageObject","inLanguage":"sl-SI","@id":"https:\/\/www.honlufoodtrailer.com\/#\/schema\/logo\/image\/","url":"https:\/\/www.honlufoodtrailer.com\/wp-content\/uploads\/2021\/12\/2.gif","contentUrl":"https:\/\/www.honlufoodtrailer.com\/wp-content\/uploads\/2021\/12\/2.gif","width":350,"height":100,"caption":"Honlu food trailer"},"image":{"@id":"https:\/\/www.honlufoodtrailer.com\/#\/schema\/logo\/image\/"}}]}},"_links":{"self":[{"href":"https:\/\/www.honlufoodtrailer.com\/sl\/wp-json\/wp\/v2\/product\/7596","targetHints":{"allow":["GET"]}}],"collection":[{"href":"https:\/\/www.honlufoodtrailer.com\/sl\/wp-json\/wp\/v2\/product"}],"about":[{"href":"https:\/\/www.honlufoodtrailer.com\/sl\/wp-json\/wp\/v2\/types\/product"}],"version-history":[{"count":0,"href":"https:\/\/www.honlufoodtrailer.com\/sl\/wp-json\/wp\/v2\/product\/7596\/revisions"}],"wp:featuredmedia":[{"embeddable":true,"href":"https:\/\/www.honlufoodtrailer.com\/sl\/wp-json\/wp\/v2\/media\/7599"}],"wp:attachment":[{"href":"https:\/\/www.honlufoodtrailer.com\/sl\/wp-json\/wp\/v2\/media?parent=7596"}],"wp:term":[{"taxonomy":"product_brand","embeddable":true,"href":"https:\/\/www.honlufoodtrailer.com\/sl\/wp-json\/wp\/v2\/product_brand?post=7596"},{"taxonomy":"product_cat","embeddable":true,"href":"https:\/\/www.honlufoodtrailer.com\/sl\/wp-json\/wp\/v2\/product_cat?post=7596"},{"taxonomy":"product_tag","embeddable":true,"href":"https:\/\/www.honlufoodtrailer.com\/sl\/wp-json\/wp\/v2\/product_tag?post=7596"}],"curies":[{"name":"wp","href":"https:\/\/api.w.org\/{rel}","templated":true}]}}