{"id":7762,"date":"2024-06-01T15:28:37","date_gmt":"2024-06-01T07:28:37","guid":{"rendered":"https:\/\/www.honlufoodtrailer.com\/?post_type=product&#038;p=7762"},"modified":"2025-02-14T14:51:25","modified_gmt":"2025-02-14T06:51:25","slug":"5-7m-mexican-food-trailer","status":"publish","type":"product","link":"https:\/\/www.honlufoodtrailer.com\/sl\/product\/5-7m-mexican-food-trailer\/","title":{"rendered":"5,7-metrska prikolica za prevoz mehi\u0161ke hrane"},"content":{"rendered":"<p>I\u0161\u010dete prikolico za mehi\u0161ko hrano? Oglejte si to 5,7 m dolgo mehi\u0161ko prikolico za hrano tukaj! To je 5,7 m dolgo prikolico za hrano, ki smo jo prilagodili za eno od na\u0161ih strank iz Avstralije. Kot lahko vidimo na spodnjih slikah, ima ta prikolica za hrano \u010drno barvo spredaj in zadaj ter belo barvo na obeh straneh. Prav tako je na karoseriji prikolice za hrano veliko vzorcev. Najprej si oglejmo nekaj slik te mehi\u0161ke prikolice za hrano!<\/p>\n<p><img fetchpriority=\"high\" decoding=\"async\" class=\"aligncenter size-full wp-image-7768\" src=\"https:\/\/www.honlufoodtrailer.com\/wp-content\/uploads\/2024\/06\/5.7m-Mexican-food-trailer-front-view.jpg\" alt=\"5,7-metrski priklopnik za mehi\u0161ko hrano, pogled od spredaj\" width=\"720\" height=\"540\" srcset=\"https:\/\/www.honlufoodtrailer.com\/wp-content\/uploads\/2024\/06\/5.7m-Mexican-food-trailer-front-view.jpg 720w, https:\/\/www.honlufoodtrailer.com\/wp-content\/uploads\/2024\/06\/5.7m-Mexican-food-trailer-front-view-480x360.jpg 480w, https:\/\/www.honlufoodtrailer.com\/wp-content\/uploads\/2024\/06\/5.7m-Mexican-food-trailer-front-view-300x225.jpg 300w\" sizes=\"(max-width: 720px) 100vw, 720px\" \/> <img decoding=\"async\" class=\"aligncenter size-full wp-image-7774\" src=\"https:\/\/www.honlufoodtrailer.com\/wp-content\/uploads\/2024\/06\/5.7m-Mexican-food-trailer.jpg\" alt=\"5,7-metrska prikolica za prevoz mehi\u0161ke hrane\" width=\"720\" height=\"540\" srcset=\"https:\/\/www.honlufoodtrailer.com\/wp-content\/uploads\/2024\/06\/5.7m-Mexican-food-trailer.jpg 720w, https:\/\/www.honlufoodtrailer.com\/wp-content\/uploads\/2024\/06\/5.7m-Mexican-food-trailer-480x360.jpg 480w, https:\/\/www.honlufoodtrailer.com\/wp-content\/uploads\/2024\/06\/5.7m-Mexican-food-trailer-300x225.jpg 300w\" sizes=\"(max-width: 720px) 100vw, 720px\" \/><\/p>\n<p>Kot lahko vidimo na zgornjih slikah, ima ta mehi\u0161ka prikolica za hrano lep in privla\u010den videz. Prilagodili smo jo avstralskemu standardu. Na sprednji strani prikolice za hrano smo po zahtevah stranke izdelali dve veliki okni. Nato si oglejmo notranje podrobnosti te 5,7 m dolge mehi\u0161ke prikolice za hrano.<\/p>\n<h3>Notranji detajli te 5,7-metrske prikolice za mehi\u0161ko hrano<\/h3>\n<p>V skladu z zahtevami stranke smo to 5,7 m dolgo prikolico za mehi\u0161ko hrano opremili z delovno mizo, tremi pomivalnimi koriti, napo, plinskim \u0161tedilnikom, cvrtnikom, plo\u0161\u010do za peko na \u017earu, klimatsko napravo, hladilnikom itd. Z zgoraj navedeno opremo lahko na\u0161a stranka dobavlja razli\u010dne vrste mehi\u0161ke hrane.<\/p>\n<p><img decoding=\"async\" class=\"aligncenter size-full wp-image-7769\" src=\"https:\/\/www.honlufoodtrailer.com\/wp-content\/uploads\/2024\/06\/5.7m-Mexican-food-trailer-inner-details.jpg\" alt=\"Notranje podrobnosti 5,7-metrske prikolice za mehi\u0161ko hrano\" width=\"720\" height=\"540\" srcset=\"https:\/\/www.honlufoodtrailer.com\/wp-content\/uploads\/2024\/06\/5.7m-Mexican-food-trailer-inner-details.jpg 720w, https:\/\/www.honlufoodtrailer.com\/wp-content\/uploads\/2024\/06\/5.7m-Mexican-food-trailer-inner-details-480x360.jpg 480w, https:\/\/www.honlufoodtrailer.com\/wp-content\/uploads\/2024\/06\/5.7m-Mexican-food-trailer-inner-details-300x225.jpg 300w\" sizes=\"(max-width: 720px) 100vw, 720px\" \/><img loading=\"lazy\" decoding=\"async\" class=\"aligncenter size-full wp-image-7777\" src=\"https:\/\/www.honlufoodtrailer.com\/wp-content\/uploads\/2024\/06\/5.7m-Mexican-food-trailer-more-details.jpg\" alt=\"5,7-metrska prikolica za prevoz mehi\u0161ke hrane ve\u010d podrobnosti\" width=\"800\" height=\"800\" srcset=\"https:\/\/www.honlufoodtrailer.com\/wp-content\/uploads\/2024\/06\/5.7m-Mexican-food-trailer-more-details.jpg 800w, https:\/\/www.honlufoodtrailer.com\/wp-content\/uploads\/2024\/06\/5.7m-Mexican-food-trailer-more-details-768x768.jpg 768w, https:\/\/www.honlufoodtrailer.com\/wp-content\/uploads\/2024\/06\/5.7m-Mexican-food-trailer-more-details-360x360.jpg 360w, https:\/\/www.honlufoodtrailer.com\/wp-content\/uploads\/2024\/06\/5.7m-Mexican-food-trailer-more-details-300x300.jpg 300w, https:\/\/www.honlufoodtrailer.com\/wp-content\/uploads\/2024\/06\/5.7m-Mexican-food-trailer-more-details-720x720.jpg 720w, https:\/\/www.honlufoodtrailer.com\/wp-content\/uploads\/2024\/06\/5.7m-Mexican-food-trailer-more-details-100x100.jpg 100w\" sizes=\"(max-width: 800px) 100vw, 800px\" \/><\/p>\n<h3>Ve\u010d podrobnosti o tej 5,7-metrski prikolici za prevoz mehi\u0161ke hrane<\/h3>\n<p>Oglejte si ve\u010d podrobnosti o tej 5,7-metrski prikolici za mehi\u0161ko hrano. Prikolico za hrano lahko prilagodimo zahtevam va\u0161e dr\u017eave.<img loading=\"lazy\" decoding=\"async\" class=\"aligncenter size-full wp-image-7779\" src=\"https:\/\/www.honlufoodtrailer.com\/wp-content\/uploads\/2024\/06\/5.7m-Mexican-food-trailer-details-1.jpg\" alt=\"Podrobnosti o 5,7-metrski prikolici za mehi\u0161ko hrano\" width=\"800\" height=\"800\" srcset=\"https:\/\/www.honlufoodtrailer.com\/wp-content\/uploads\/2024\/06\/5.7m-Mexican-food-trailer-details-1.jpg 800w, https:\/\/www.honlufoodtrailer.com\/wp-content\/uploads\/2024\/06\/5.7m-Mexican-food-trailer-details-1-768x768.jpg 768w, https:\/\/www.honlufoodtrailer.com\/wp-content\/uploads\/2024\/06\/5.7m-Mexican-food-trailer-details-1-360x360.jpg 360w, https:\/\/www.honlufoodtrailer.com\/wp-content\/uploads\/2024\/06\/5.7m-Mexican-food-trailer-details-1-300x300.jpg 300w, https:\/\/www.honlufoodtrailer.com\/wp-content\/uploads\/2024\/06\/5.7m-Mexican-food-trailer-details-1-720x720.jpg 720w, https:\/\/www.honlufoodtrailer.com\/wp-content\/uploads\/2024\/06\/5.7m-Mexican-food-trailer-details-1-100x100.jpg 100w\" sizes=\"(max-width: 800px) 100vw, 800px\" \/><\/p>\n<h3>Kaj lahko dobite od nas<\/h3>\n<p>Izdelamo lahko podobno prikolico za mehi\u0161ko hrano, kot je ta, ali pa vam jo posebej prilagodimo. Barvo karoserije, nalepke, oznake in kuhinjsko opremo prikolice je mogo\u010de prilagoditi. Kar morate storiti, je, da nas kontaktirate in nam sporo\u010dite svoje podrobne zahteve.<\/p>\n<p>Mehi\u0161ka hrana je zelo priljubljena, mnogi ljudje radi jedo mehi\u0161ko hrano, kot so taco, quesadilla, fajitas, chilaquiles, tostada itd. \u010ce \u017eelite za\u010deti podjetje za mobilno prodajo mehi\u0161kih prikolic za hrano, bo ta 5,7-metrska prikolica za mehi\u0161ko hrano dobra izbira za vas.<\/p>\n<h3><b class=\"magic-22\"><span class=\"magic-11\">\u00a0Glavne zna\u010dilnosti na\u0161ih prilagojenih <\/span><\/b>Prikolica z mehi\u0161ko hrano<\/h3>\n<div class=\"magic-2\">\n<div class=\"magic-3\">\n<div class=\"magic-4\">1. Izdelan je iz visokokakovostnega nerjave\u010dega jekla, ki je odporno proti koroziji in trpe\u017eno.<br \/>\n2. Ima lastnosti toplotne odpornosti, visoke obstojnosti barv, vodoodpornosti in dolge \u017eivljenjske dobe.<br \/>\n3. Zunanjost in notranjost prikolice za hrano je mogo\u010de prilagoditi.<\/div>\n<\/div>\n<\/div>","protected":false},"excerpt":{"rendered":"<p>To je 5,7-metrska mehi\u0161ka prikolica za prevoz hrane, izdelana po meri. Je dobra izbira za stranke, ki \u017eelijo za\u010deti s poslovanjem z mobilnimi prikolicami za hrano. Lahko izdelamo podobno ali pa vam jo prilagodimo. Brez oklevanja nas kontaktirajte in nam sporo\u010dite svoje podrobne zahteve!<\/p>","protected":false},"featured_media":7767,"template":"","meta":{"_themeisle_gutenberg_block_has_review":false},"product_brand":[],"product_cat":[26],"product_tag":[86,33,60,61,109,38],"class_list":{"0":"post-7762","1":"product","2":"type-product","3":"status-publish","4":"has-post-thumbnail","6":"product_cat-product","7":"product_tag-18-7ft-food-trailer","8":"product_tag-customized-trailer","9":"product_tag-fast-food-trailer","10":"product_tag-fast-food-trailer-for-sale","11":"product_tag-mexican-food-trailer","12":"product_tag-mobile-food-trailer","14":"first","15":"instock","16":"shipping-taxable","17":"product-type-simple"},"yoast_head":"<!-- This site is optimized with the Yoast SEO plugin v27.6 - https:\/\/yoast.com\/product\/yoast-seo-wordpress\/ -->\n<title>5.7m Mexican Food Trailer From China - Honlu Food Trailer<\/title>\n<meta name=\"description\" content=\"Want to start a Mexican food trailer business? see this 5.7m Mexican food trailer at a competitive price now! Click to see its quality!\" \/>\n<meta name=\"robots\" content=\"index, follow, max-snippet:-1, max-image-preview:large, max-video-preview:-1\" \/>\n<link rel=\"canonical\" href=\"https:\/\/www.honlufoodtrailer.com\/sl\/product\/5-7m-mexican-food-trailer\/\" \/>\n<meta property=\"og:locale\" content=\"sl_SI\" \/>\n<meta property=\"og:type\" content=\"article\" \/>\n<meta property=\"og:title\" content=\"5.7m Mexican Food Trailer From China - Honlu Food Trailer\" \/>\n<meta property=\"og:description\" content=\"Want to start a Mexican food trailer business? see this 5.7m Mexican food trailer at a competitive price now! Click to see its quality!\" \/>\n<meta property=\"og:url\" content=\"https:\/\/www.honlufoodtrailer.com\/sl\/product\/5-7m-mexican-food-trailer\/\" \/>\n<meta property=\"og:site_name\" content=\"Honlu food trailer\" \/>\n<meta property=\"article:modified_time\" content=\"2025-02-14T06:51:25+00:00\" \/>\n<meta property=\"og:image\" content=\"https:\/\/www.honlufoodtrailer.com\/wp-content\/uploads\/2024\/06\/5.7m-mexican-food-trailer-for-sale.jpg\" \/>\n\t<meta property=\"og:image:width\" content=\"720\" \/>\n\t<meta property=\"og:image:height\" content=\"540\" \/>\n\t<meta property=\"og:image:type\" content=\"image\/jpeg\" \/>\n<meta name=\"twitter:card\" content=\"summary_large_image\" \/>\n<meta name=\"twitter:label1\" content=\"Est. reading time\" \/>\n\t<meta name=\"twitter:data1\" content=\"1 minuta\" \/>\n<script type=\"application\/ld+json\" class=\"yoast-schema-graph\">{\"@context\":\"https:\\\/\\\/schema.org\",\"@graph\":[{\"@type\":\"WebPage\",\"@id\":\"https:\\\/\\\/www.honlufoodtrailer.com\\\/product\\\/5-7m-mexican-food-trailer\\\/\",\"url\":\"https:\\\/\\\/www.honlufoodtrailer.com\\\/product\\\/5-7m-mexican-food-trailer\\\/\",\"name\":\"5.7m Mexican Food Trailer From China - Honlu Food Trailer\",\"isPartOf\":{\"@id\":\"https:\\\/\\\/www.honlufoodtrailer.com\\\/#website\"},\"primaryImageOfPage\":{\"@id\":\"https:\\\/\\\/www.honlufoodtrailer.com\\\/product\\\/5-7m-mexican-food-trailer\\\/#primaryimage\"},\"image\":{\"@id\":\"https:\\\/\\\/www.honlufoodtrailer.com\\\/product\\\/5-7m-mexican-food-trailer\\\/#primaryimage\"},\"thumbnailUrl\":\"https:\\\/\\\/www.honlufoodtrailer.com\\\/wp-content\\\/uploads\\\/2024\\\/06\\\/5.7m-mexican-food-trailer-for-sale.jpg\",\"datePublished\":\"2024-06-01T07:28:37+00:00\",\"dateModified\":\"2025-02-14T06:51:25+00:00\",\"description\":\"Want to start a Mexican food trailer business? see this 5.7m Mexican food trailer at a competitive price now! Click to see its quality!\",\"breadcrumb\":{\"@id\":\"https:\\\/\\\/www.honlufoodtrailer.com\\\/product\\\/5-7m-mexican-food-trailer\\\/#breadcrumb\"},\"inLanguage\":\"sl-SI\",\"potentialAction\":[{\"@type\":\"ReadAction\",\"target\":[\"https:\\\/\\\/www.honlufoodtrailer.com\\\/product\\\/5-7m-mexican-food-trailer\\\/\"]}]},{\"@type\":\"ImageObject\",\"inLanguage\":\"sl-SI\",\"@id\":\"https:\\\/\\\/www.honlufoodtrailer.com\\\/product\\\/5-7m-mexican-food-trailer\\\/#primaryimage\",\"url\":\"https:\\\/\\\/www.honlufoodtrailer.com\\\/wp-content\\\/uploads\\\/2024\\\/06\\\/5.7m-mexican-food-trailer-for-sale.jpg\",\"contentUrl\":\"https:\\\/\\\/www.honlufoodtrailer.com\\\/wp-content\\\/uploads\\\/2024\\\/06\\\/5.7m-mexican-food-trailer-for-sale.jpg\",\"width\":720,\"height\":540,\"caption\":\"5.7m mexican food trailer for sale\"},{\"@type\":\"BreadcrumbList\",\"@id\":\"https:\\\/\\\/www.honlufoodtrailer.com\\\/product\\\/5-7m-mexican-food-trailer\\\/#breadcrumb\",\"itemListElement\":[{\"@type\":\"ListItem\",\"position\":1,\"name\":\"Home\",\"item\":\"https:\\\/\\\/www.honlufoodtrailer.com\\\/\"},{\"@type\":\"ListItem\",\"position\":2,\"name\":\"\u4ea7\u54c1\",\"item\":\"https:\\\/\\\/www.honlufoodtrailer.com\\\/shop\\\/\"},{\"@type\":\"ListItem\",\"position\":3,\"name\":\"5.7m Mexican Food Trailer\"}]},{\"@type\":\"WebSite\",\"@id\":\"https:\\\/\\\/www.honlufoodtrailer.com\\\/#website\",\"url\":\"https:\\\/\\\/www.honlufoodtrailer.com\\\/\",\"name\":\"Honlu food trailer\",\"description\":\"\",\"publisher\":{\"@id\":\"https:\\\/\\\/www.honlufoodtrailer.com\\\/#organization\"},\"potentialAction\":[{\"@type\":\"SearchAction\",\"target\":{\"@type\":\"EntryPoint\",\"urlTemplate\":\"https:\\\/\\\/www.honlufoodtrailer.com\\\/?s={search_term_string}\"},\"query-input\":{\"@type\":\"PropertyValueSpecification\",\"valueRequired\":true,\"valueName\":\"search_term_string\"}}],\"inLanguage\":\"sl-SI\"},{\"@type\":\"Organization\",\"@id\":\"https:\\\/\\\/www.honlufoodtrailer.com\\\/#organization\",\"name\":\"Honlu food trailer\",\"url\":\"https:\\\/\\\/www.honlufoodtrailer.com\\\/\",\"logo\":{\"@type\":\"ImageObject\",\"inLanguage\":\"sl-SI\",\"@id\":\"https:\\\/\\\/www.honlufoodtrailer.com\\\/#\\\/schema\\\/logo\\\/image\\\/\",\"url\":\"https:\\\/\\\/www.honlufoodtrailer.com\\\/wp-content\\\/uploads\\\/2021\\\/12\\\/2.gif\",\"contentUrl\":\"https:\\\/\\\/www.honlufoodtrailer.com\\\/wp-content\\\/uploads\\\/2021\\\/12\\\/2.gif\",\"width\":350,\"height\":100,\"caption\":\"Honlu food trailer\"},\"image\":{\"@id\":\"https:\\\/\\\/www.honlufoodtrailer.com\\\/#\\\/schema\\\/logo\\\/image\\\/\"}}]}<\/script>\n<!-- \/ Yoast SEO plugin. -->","yoast_head_json":{"title":"5,7-metrska prikolica za mehi\u0161ko hrano iz Kitajske - prikolica za hrano Honlu","description":"\u017delite za\u010deti podjetje za prevoz mehi\u0161ke hrane? Oglejte si to 5,7-metrsko mehi\u0161ko hrano po konkuren\u010dni ceni zdaj! Kliknite in se prepri\u010dajte o njeni kakovosti!","robots":{"index":"index","follow":"follow","max-snippet":"max-snippet:-1","max-image-preview":"max-image-preview:large","max-video-preview":"max-video-preview:-1"},"canonical":"https:\/\/www.honlufoodtrailer.com\/sl\/product\/5-7m-mexican-food-trailer\/","og_locale":"sl_SI","og_type":"article","og_title":"5.7m Mexican Food Trailer From China - Honlu Food Trailer","og_description":"Want to start a Mexican food trailer business? see this 5.7m Mexican food trailer at a competitive price now! Click to see its quality!","og_url":"https:\/\/www.honlufoodtrailer.com\/sl\/product\/5-7m-mexican-food-trailer\/","og_site_name":"Honlu food trailer","article_modified_time":"2025-02-14T06:51:25+00:00","og_image":[{"width":720,"height":540,"url":"https:\/\/www.honlufoodtrailer.com\/wp-content\/uploads\/2024\/06\/5.7m-mexican-food-trailer-for-sale.jpg","type":"image\/jpeg"}],"twitter_card":"summary_large_image","twitter_misc":{"Est. reading time":"1 minuta"},"schema":{"@context":"https:\/\/schema.org","@graph":[{"@type":"WebPage","@id":"https:\/\/www.honlufoodtrailer.com\/product\/5-7m-mexican-food-trailer\/","url":"https:\/\/www.honlufoodtrailer.com\/product\/5-7m-mexican-food-trailer\/","name":"5,7-metrska prikolica za mehi\u0161ko hrano iz Kitajske - prikolica za hrano Honlu","isPartOf":{"@id":"https:\/\/www.honlufoodtrailer.com\/#website"},"primaryImageOfPage":{"@id":"https:\/\/www.honlufoodtrailer.com\/product\/5-7m-mexican-food-trailer\/#primaryimage"},"image":{"@id":"https:\/\/www.honlufoodtrailer.com\/product\/5-7m-mexican-food-trailer\/#primaryimage"},"thumbnailUrl":"https:\/\/www.honlufoodtrailer.com\/wp-content\/uploads\/2024\/06\/5.7m-mexican-food-trailer-for-sale.jpg","datePublished":"2024-06-01T07:28:37+00:00","dateModified":"2025-02-14T06:51:25+00:00","description":"\u017delite za\u010deti podjetje za prevoz mehi\u0161ke hrane? Oglejte si to 5,7-metrsko mehi\u0161ko hrano po konkuren\u010dni ceni zdaj! Kliknite in se prepri\u010dajte o njeni kakovosti!","breadcrumb":{"@id":"https:\/\/www.honlufoodtrailer.com\/product\/5-7m-mexican-food-trailer\/#breadcrumb"},"inLanguage":"sl-SI","potentialAction":[{"@type":"ReadAction","target":["https:\/\/www.honlufoodtrailer.com\/product\/5-7m-mexican-food-trailer\/"]}]},{"@type":"ImageObject","inLanguage":"sl-SI","@id":"https:\/\/www.honlufoodtrailer.com\/product\/5-7m-mexican-food-trailer\/#primaryimage","url":"https:\/\/www.honlufoodtrailer.com\/wp-content\/uploads\/2024\/06\/5.7m-mexican-food-trailer-for-sale.jpg","contentUrl":"https:\/\/www.honlufoodtrailer.com\/wp-content\/uploads\/2024\/06\/5.7m-mexican-food-trailer-for-sale.jpg","width":720,"height":540,"caption":"5.7m mexican food trailer for sale"},{"@type":"BreadcrumbList","@id":"https:\/\/www.honlufoodtrailer.com\/product\/5-7m-mexican-food-trailer\/#breadcrumb","itemListElement":[{"@type":"ListItem","position":1,"name":"Home","item":"https:\/\/www.honlufoodtrailer.com\/"},{"@type":"ListItem","position":2,"name":"\u4ea7\u54c1","item":"https:\/\/www.honlufoodtrailer.com\/shop\/"},{"@type":"ListItem","position":3,"name":"5.7m Mexican Food Trailer"}]},{"@type":"WebSite","@id":"https:\/\/www.honlufoodtrailer.com\/#website","url":"https:\/\/www.honlufoodtrailer.com\/","name":"Prikolica za hrano Honlu","description":"","publisher":{"@id":"https:\/\/www.honlufoodtrailer.com\/#organization"},"potentialAction":[{"@type":"SearchAction","target":{"@type":"EntryPoint","urlTemplate":"https:\/\/www.honlufoodtrailer.com\/?s={search_term_string}"},"query-input":{"@type":"PropertyValueSpecification","valueRequired":true,"valueName":"search_term_string"}}],"inLanguage":"sl-SI"},{"@type":"Organization","@id":"https:\/\/www.honlufoodtrailer.com\/#organization","name":"Prikolica za hrano Honlu","url":"https:\/\/www.honlufoodtrailer.com\/","logo":{"@type":"ImageObject","inLanguage":"sl-SI","@id":"https:\/\/www.honlufoodtrailer.com\/#\/schema\/logo\/image\/","url":"https:\/\/www.honlufoodtrailer.com\/wp-content\/uploads\/2021\/12\/2.gif","contentUrl":"https:\/\/www.honlufoodtrailer.com\/wp-content\/uploads\/2021\/12\/2.gif","width":350,"height":100,"caption":"Honlu food trailer"},"image":{"@id":"https:\/\/www.honlufoodtrailer.com\/#\/schema\/logo\/image\/"}}]}},"_links":{"self":[{"href":"https:\/\/www.honlufoodtrailer.com\/sl\/wp-json\/wp\/v2\/product\/7762","targetHints":{"allow":["GET"]}}],"collection":[{"href":"https:\/\/www.honlufoodtrailer.com\/sl\/wp-json\/wp\/v2\/product"}],"about":[{"href":"https:\/\/www.honlufoodtrailer.com\/sl\/wp-json\/wp\/v2\/types\/product"}],"version-history":[{"count":0,"href":"https:\/\/www.honlufoodtrailer.com\/sl\/wp-json\/wp\/v2\/product\/7762\/revisions"}],"wp:featuredmedia":[{"embeddable":true,"href":"https:\/\/www.honlufoodtrailer.com\/sl\/wp-json\/wp\/v2\/media\/7767"}],"wp:attachment":[{"href":"https:\/\/www.honlufoodtrailer.com\/sl\/wp-json\/wp\/v2\/media?parent=7762"}],"wp:term":[{"taxonomy":"product_brand","embeddable":true,"href":"https:\/\/www.honlufoodtrailer.com\/sl\/wp-json\/wp\/v2\/product_brand?post=7762"},{"taxonomy":"product_cat","embeddable":true,"href":"https:\/\/www.honlufoodtrailer.com\/sl\/wp-json\/wp\/v2\/product_cat?post=7762"},{"taxonomy":"product_tag","embeddable":true,"href":"https:\/\/www.honlufoodtrailer.com\/sl\/wp-json\/wp\/v2\/product_tag?post=7762"}],"curies":[{"name":"wp","href":"https:\/\/api.w.org\/{rel}","templated":true}]}}