{"id":7991,"date":"2024-07-09T11:44:58","date_gmt":"2024-07-09T03:44:58","guid":{"rendered":"https:\/\/www.honlufoodtrailer.com\/?post_type=product&#038;p=7991"},"modified":"2025-02-14T14:46:58","modified_gmt":"2025-02-14T06:46:58","slug":"5-7m-food-trailer-container-in-turquoise-color","status":"publish","type":"product","link":"https:\/\/www.honlufoodtrailer.com\/sl\/product\/5-7m-food-trailer-container-in-turquoise-color\/","title":{"rendered":"5,7-metrski zabojnik za prikolico za hrano Maldivi"},"content":{"rendered":"<p>I\u0161\u010dete zabojnik za prikolico za hrano? Oglejte si ta 5,7-metrski zabojnik za prikolico za hrano, ki smo ga prilagodili eni od na\u0161ih strank z Maldivov.  Kot vidimo, je ta zabojnik za prikolico za hrano \u010dudovite turkizne barve. Lahko si predstavljate, da bo ta prikolica za hrano zelo privla\u010dna v mno\u017eici. Zdaj pa si oglejte ve\u010d podrobnosti o tem zabojniku za prikolico za hrano!<\/p>\n<p><img fetchpriority=\"high\" decoding=\"async\" class=\"aligncenter size-full wp-image-8001\" src=\"https:\/\/www.honlufoodtrailer.com\/wp-content\/uploads\/2024\/07\/5.7M-food-trailer-container.jpg\" alt=\"Zabojnik za prikolico za hrano za 5,7 milijona evrov\" width=\"720\" height=\"540\" srcset=\"https:\/\/www.honlufoodtrailer.com\/wp-content\/uploads\/2024\/07\/5.7M-food-trailer-container.jpg 720w, https:\/\/www.honlufoodtrailer.com\/wp-content\/uploads\/2024\/07\/5.7M-food-trailer-container-480x360.jpg 480w, https:\/\/www.honlufoodtrailer.com\/wp-content\/uploads\/2024\/07\/5.7M-food-trailer-container-300x225.jpg 300w\" sizes=\"(max-width: 720px) 100vw, 720px\" \/> <img decoding=\"async\" class=\"aligncenter size-full wp-image-7999\" src=\"https:\/\/www.honlufoodtrailer.com\/wp-content\/uploads\/2024\/07\/5.7M-food-trailer-container-on-sale.jpg\" alt=\"V prodaji je zabojnik za prikolico za hrano za 5,7 milijona evrov\" width=\"720\" height=\"540\" srcset=\"https:\/\/www.honlufoodtrailer.com\/wp-content\/uploads\/2024\/07\/5.7M-food-trailer-container-on-sale.jpg 720w, https:\/\/www.honlufoodtrailer.com\/wp-content\/uploads\/2024\/07\/5.7M-food-trailer-container-on-sale-480x360.jpg 480w, https:\/\/www.honlufoodtrailer.com\/wp-content\/uploads\/2024\/07\/5.7M-food-trailer-container-on-sale-300x225.jpg 300w\" sizes=\"(max-width: 720px) 100vw, 720px\" \/><br \/>\nKot je razvidno iz zgornje slike, ima ta zabojnik za prikolico za hrano srednje veliko okno na sprednji strani. V notranjosti lahko vidite tudi nekaj kuhinjske opreme. <a href=\"https:\/\/www.honlufoodtrailer.com\/sl\/kontejnerska-prikolica\/\" target=\"_blank\" rel=\"noopener\">kontejnerska prikolica<\/a>. Na levi strani prikolice za hrano so vrata za vstop in izstop osebja iz prikolice za hrano. Nato si oglejmo notranjo strukturo tega zabojnika prikolice za hrano!<\/p>\n<h3>Notranji podatki o tem 5,7-metrskem zabojniku za prikolico za hrano na Maldivih<\/h3>\n<p>Oglejte si ve\u010d podrobnosti o notranji strukturi te prikolice za hrano v zabojniku. Kot lahko vidite na spodnji sliki, smo to prikolico opremili z <a href=\"https:\/\/www.honlufoodtrailer.com\/sl\/product\/\" target=\"_blank\" rel=\"noopener\">prikolica za hrano<\/a> z osnovno kuhinjsko opremo, kot so delovna miza, dva pomivalna korita, zamrzovalnik za sladoled, peka\u010d, solatni bar, kuhinjska napa itd. Prav tako smo to prikolico za hrano opremili s klimatsko napravo v skladu z zahtevami strank. S tem zabojnikom za prikolico za hrano bo na\u0161a stranka lahko ponudila hitro hrano za gostince.<\/p>\n<p>&nbsp;<\/p>\n<p><img decoding=\"async\" class=\"aligncenter size-full wp-image-7997\" src=\"https:\/\/www.honlufoodtrailer.com\/wp-content\/uploads\/2024\/07\/5.7m-food-trailer-container-inner-view.jpg\" alt=\"5,7-metrski zabojnik za prikolico za hrano, notranji pogled\" width=\"720\" height=\"540\" srcset=\"https:\/\/www.honlufoodtrailer.com\/wp-content\/uploads\/2024\/07\/5.7m-food-trailer-container-inner-view.jpg 720w, https:\/\/www.honlufoodtrailer.com\/wp-content\/uploads\/2024\/07\/5.7m-food-trailer-container-inner-view-480x360.jpg 480w, https:\/\/www.honlufoodtrailer.com\/wp-content\/uploads\/2024\/07\/5.7m-food-trailer-container-inner-view-300x225.jpg 300w\" sizes=\"(max-width: 720px) 100vw, 720px\" \/> <img loading=\"lazy\" decoding=\"async\" class=\"aligncenter size-full wp-image-7998\" src=\"https:\/\/www.honlufoodtrailer.com\/wp-content\/uploads\/2024\/07\/5.7M-food-trailer-container-more-details.jpg\" alt=\"5,7M zabojnik za prikolico za hrano ve\u010d podrobnosti\" width=\"800\" height=\"800\" srcset=\"https:\/\/www.honlufoodtrailer.com\/wp-content\/uploads\/2024\/07\/5.7M-food-trailer-container-more-details.jpg 800w, https:\/\/www.honlufoodtrailer.com\/wp-content\/uploads\/2024\/07\/5.7M-food-trailer-container-more-details-768x768.jpg 768w, https:\/\/www.honlufoodtrailer.com\/wp-content\/uploads\/2024\/07\/5.7M-food-trailer-container-more-details-360x360.jpg 360w, https:\/\/www.honlufoodtrailer.com\/wp-content\/uploads\/2024\/07\/5.7M-food-trailer-container-more-details-300x300.jpg 300w, https:\/\/www.honlufoodtrailer.com\/wp-content\/uploads\/2024\/07\/5.7M-food-trailer-container-more-details-720x720.jpg 720w, https:\/\/www.honlufoodtrailer.com\/wp-content\/uploads\/2024\/07\/5.7M-food-trailer-container-more-details-100x100.jpg 100w\" sizes=\"(max-width: 800px) 100vw, 800px\" \/>Kot proizvajalec in izvoznik prikolic za hrano z ve\u010d kot 10-letnimi izku\u0161njami lahko na\u0161e podjetje strankam ponudi vse vrste prikolic za hrano. Ne glede na to, ali \u017eelite standardno ali prilagojeno, vam jo lahko izdelamo. Ne ponujamo le prikolic po meri za prodajo hrane, temve\u010d tudi prikolice s \u0161tevilnimi drugimi funkcijami. Na primer za prodajo cvetja, obla\u010dil, storitev za hi\u0161ne ljubljen\u010dke, storitev stri\u017eenja itd. Samo povejte nam svoje podrobne zahteve in zagotovili vam bomo pravo prikolico, ki jo \u017eelite. Samo pustite sporo\u010dilo v spodnjem obrazcu ali nam po\u0161ljite sporo\u010dilo prek whatsappa, da se hitro odzovemo!<\/p>","protected":false},"excerpt":{"rendered":"<p>To je eden od na\u0161ih po meri izdelanih 5,7-metrskih zabojnikov za prikolico za hrano. Izdelali smo ga za stranko z Maldivov. Ima \u010dudovito barvo in razumno strukturo. <strong>Kliknite naslednje zavihke, da si ogledate ve\u010d podrobnosti o tej prikolici za hrano v zabojniku<\/strong>. Lahko izdelamo podobno posodo za prikolico za hrano, kot je ta, ali jo prilagodimo za vas. Kontaktirajte nas in nam sporo\u010dite podrobne zahteve. Ne oklevajte in nas kontaktirajte zdaj!<\/p>","protected":false},"featured_media":7994,"template":"","meta":{"_themeisle_gutenberg_block_has_review":false},"product_brand":[],"product_cat":[26],"product_tag":[86,71,33,60,61,38],"class_list":{"0":"post-7991","1":"product","2":"type-product","3":"status-publish","4":"has-post-thumbnail","6":"product_cat-product","7":"product_tag-18-7ft-food-trailer","8":"product_tag-container-trailer","9":"product_tag-customized-trailer","10":"product_tag-fast-food-trailer","11":"product_tag-fast-food-trailer-for-sale","12":"product_tag-mobile-food-trailer","14":"first","15":"instock","16":"shipping-taxable","17":"product-type-simple"},"yoast_head":"<!-- This site is optimized with the Yoast SEO plugin v27.5 - https:\/\/yoast.com\/product\/yoast-seo-wordpress\/ -->\n<title>5.7m Food Trailer Container from China - Honlu Food Trailer<\/title>\n<meta name=\"description\" content=\"Looking for a food trailer container for sale? see this 5.7m food trailer container here! Get a similar or customized one at a reasonable price now!\" \/>\n<meta name=\"robots\" content=\"index, follow, max-snippet:-1, max-image-preview:large, max-video-preview:-1\" \/>\n<link rel=\"canonical\" href=\"https:\/\/www.honlufoodtrailer.com\/sl\/product\/5-7m-food-trailer-container-in-turquoise-color\/\" \/>\n<meta property=\"og:locale\" content=\"sl_SI\" \/>\n<meta property=\"og:type\" content=\"article\" \/>\n<meta property=\"og:title\" content=\"5.7m Food Trailer Container from China - Honlu Food Trailer\" \/>\n<meta property=\"og:description\" content=\"Looking for a food trailer container for sale? see this 5.7m food trailer container here! Get a similar or customized one at a reasonable price now!\" \/>\n<meta property=\"og:url\" content=\"https:\/\/www.honlufoodtrailer.com\/sl\/product\/5-7m-food-trailer-container-in-turquoise-color\/\" \/>\n<meta property=\"og:site_name\" content=\"Honlu food trailer\" \/>\n<meta property=\"article:modified_time\" content=\"2025-02-14T06:46:58+00:00\" \/>\n<meta property=\"og:image\" content=\"https:\/\/www.honlufoodtrailer.com\/wp-content\/uploads\/2024\/07\/5.7M-container-food-trailer.jpg\" \/>\n\t<meta property=\"og:image:width\" content=\"720\" \/>\n\t<meta property=\"og:image:height\" content=\"540\" \/>\n\t<meta property=\"og:image:type\" content=\"image\/jpeg\" \/>\n<meta name=\"twitter:card\" content=\"summary_large_image\" \/>\n<meta name=\"twitter:label1\" content=\"Est. reading time\" \/>\n\t<meta name=\"twitter:data1\" content=\"1 minuta\" \/>\n<script type=\"application\/ld+json\" class=\"yoast-schema-graph\">{\"@context\":\"https:\\\/\\\/schema.org\",\"@graph\":[{\"@type\":\"WebPage\",\"@id\":\"https:\\\/\\\/www.honlufoodtrailer.com\\\/product\\\/5-7m-food-trailer-container-in-turquoise-color\\\/\",\"url\":\"https:\\\/\\\/www.honlufoodtrailer.com\\\/product\\\/5-7m-food-trailer-container-in-turquoise-color\\\/\",\"name\":\"5.7m Food Trailer Container from China - Honlu Food Trailer\",\"isPartOf\":{\"@id\":\"https:\\\/\\\/www.honlufoodtrailer.com\\\/#website\"},\"primaryImageOfPage\":{\"@id\":\"https:\\\/\\\/www.honlufoodtrailer.com\\\/product\\\/5-7m-food-trailer-container-in-turquoise-color\\\/#primaryimage\"},\"image\":{\"@id\":\"https:\\\/\\\/www.honlufoodtrailer.com\\\/product\\\/5-7m-food-trailer-container-in-turquoise-color\\\/#primaryimage\"},\"thumbnailUrl\":\"https:\\\/\\\/www.honlufoodtrailer.com\\\/wp-content\\\/uploads\\\/2024\\\/07\\\/5.7M-container-food-trailer.jpg\",\"datePublished\":\"2024-07-09T03:44:58+00:00\",\"dateModified\":\"2025-02-14T06:46:58+00:00\",\"description\":\"Looking for a food trailer container for sale? see this 5.7m food trailer container here! Get a similar or customized one at a reasonable price now!\",\"breadcrumb\":{\"@id\":\"https:\\\/\\\/www.honlufoodtrailer.com\\\/product\\\/5-7m-food-trailer-container-in-turquoise-color\\\/#breadcrumb\"},\"inLanguage\":\"sl-SI\",\"potentialAction\":[{\"@type\":\"ReadAction\",\"target\":[\"https:\\\/\\\/www.honlufoodtrailer.com\\\/product\\\/5-7m-food-trailer-container-in-turquoise-color\\\/\"]}]},{\"@type\":\"ImageObject\",\"inLanguage\":\"sl-SI\",\"@id\":\"https:\\\/\\\/www.honlufoodtrailer.com\\\/product\\\/5-7m-food-trailer-container-in-turquoise-color\\\/#primaryimage\",\"url\":\"https:\\\/\\\/www.honlufoodtrailer.com\\\/wp-content\\\/uploads\\\/2024\\\/07\\\/5.7M-container-food-trailer.jpg\",\"contentUrl\":\"https:\\\/\\\/www.honlufoodtrailer.com\\\/wp-content\\\/uploads\\\/2024\\\/07\\\/5.7M-container-food-trailer.jpg\",\"width\":720,\"height\":540,\"caption\":\"5.7M container food trailer\"},{\"@type\":\"BreadcrumbList\",\"@id\":\"https:\\\/\\\/www.honlufoodtrailer.com\\\/product\\\/5-7m-food-trailer-container-in-turquoise-color\\\/#breadcrumb\",\"itemListElement\":[{\"@type\":\"ListItem\",\"position\":1,\"name\":\"Home\",\"item\":\"https:\\\/\\\/www.honlufoodtrailer.com\\\/\"},{\"@type\":\"ListItem\",\"position\":2,\"name\":\"\u4ea7\u54c1\",\"item\":\"https:\\\/\\\/www.honlufoodtrailer.com\\\/shop\\\/\"},{\"@type\":\"ListItem\",\"position\":3,\"name\":\"5.7m Food Trailer Container Maldives\"}]},{\"@type\":\"WebSite\",\"@id\":\"https:\\\/\\\/www.honlufoodtrailer.com\\\/#website\",\"url\":\"https:\\\/\\\/www.honlufoodtrailer.com\\\/\",\"name\":\"Honlu food trailer\",\"description\":\"\",\"publisher\":{\"@id\":\"https:\\\/\\\/www.honlufoodtrailer.com\\\/#organization\"},\"potentialAction\":[{\"@type\":\"SearchAction\",\"target\":{\"@type\":\"EntryPoint\",\"urlTemplate\":\"https:\\\/\\\/www.honlufoodtrailer.com\\\/?s={search_term_string}\"},\"query-input\":{\"@type\":\"PropertyValueSpecification\",\"valueRequired\":true,\"valueName\":\"search_term_string\"}}],\"inLanguage\":\"sl-SI\"},{\"@type\":\"Organization\",\"@id\":\"https:\\\/\\\/www.honlufoodtrailer.com\\\/#organization\",\"name\":\"Honlu food trailer\",\"url\":\"https:\\\/\\\/www.honlufoodtrailer.com\\\/\",\"logo\":{\"@type\":\"ImageObject\",\"inLanguage\":\"sl-SI\",\"@id\":\"https:\\\/\\\/www.honlufoodtrailer.com\\\/#\\\/schema\\\/logo\\\/image\\\/\",\"url\":\"https:\\\/\\\/www.honlufoodtrailer.com\\\/wp-content\\\/uploads\\\/2021\\\/12\\\/2.gif\",\"contentUrl\":\"https:\\\/\\\/www.honlufoodtrailer.com\\\/wp-content\\\/uploads\\\/2021\\\/12\\\/2.gif\",\"width\":350,\"height\":100,\"caption\":\"Honlu food trailer\"},\"image\":{\"@id\":\"https:\\\/\\\/www.honlufoodtrailer.com\\\/#\\\/schema\\\/logo\\\/image\\\/\"}}]}<\/script>\n<!-- \/ Yoast SEO plugin. -->","yoast_head_json":{"title":"5.7m Food Trailer Container iz Kitajske - Honlu Food Trailer","description":"I\u0161\u010dete zabojnik za prikolico za hrano za prodajo? oglejte si ta 5,7-metrski zabojnik za prikolico za hrano tukaj! Zdaj si zagotovite podobno ali prilagojeno po razumni ceni!","robots":{"index":"index","follow":"follow","max-snippet":"max-snippet:-1","max-image-preview":"max-image-preview:large","max-video-preview":"max-video-preview:-1"},"canonical":"https:\/\/www.honlufoodtrailer.com\/sl\/product\/5-7m-food-trailer-container-in-turquoise-color\/","og_locale":"sl_SI","og_type":"article","og_title":"5.7m Food Trailer Container from China - Honlu Food Trailer","og_description":"Looking for a food trailer container for sale? see this 5.7m food trailer container here! Get a similar or customized one at a reasonable price now!","og_url":"https:\/\/www.honlufoodtrailer.com\/sl\/product\/5-7m-food-trailer-container-in-turquoise-color\/","og_site_name":"Honlu food trailer","article_modified_time":"2025-02-14T06:46:58+00:00","og_image":[{"width":720,"height":540,"url":"https:\/\/www.honlufoodtrailer.com\/wp-content\/uploads\/2024\/07\/5.7M-container-food-trailer.jpg","type":"image\/jpeg"}],"twitter_card":"summary_large_image","twitter_misc":{"Est. reading time":"1 minuta"},"schema":{"@context":"https:\/\/schema.org","@graph":[{"@type":"WebPage","@id":"https:\/\/www.honlufoodtrailer.com\/product\/5-7m-food-trailer-container-in-turquoise-color\/","url":"https:\/\/www.honlufoodtrailer.com\/product\/5-7m-food-trailer-container-in-turquoise-color\/","name":"5.7m Food Trailer Container iz Kitajske - Honlu Food Trailer","isPartOf":{"@id":"https:\/\/www.honlufoodtrailer.com\/#website"},"primaryImageOfPage":{"@id":"https:\/\/www.honlufoodtrailer.com\/product\/5-7m-food-trailer-container-in-turquoise-color\/#primaryimage"},"image":{"@id":"https:\/\/www.honlufoodtrailer.com\/product\/5-7m-food-trailer-container-in-turquoise-color\/#primaryimage"},"thumbnailUrl":"https:\/\/www.honlufoodtrailer.com\/wp-content\/uploads\/2024\/07\/5.7M-container-food-trailer.jpg","datePublished":"2024-07-09T03:44:58+00:00","dateModified":"2025-02-14T06:46:58+00:00","description":"I\u0161\u010dete zabojnik za prikolico za hrano za prodajo? oglejte si ta 5,7-metrski zabojnik za prikolico za hrano tukaj! Zdaj si zagotovite podobno ali prilagojeno po razumni ceni!","breadcrumb":{"@id":"https:\/\/www.honlufoodtrailer.com\/product\/5-7m-food-trailer-container-in-turquoise-color\/#breadcrumb"},"inLanguage":"sl-SI","potentialAction":[{"@type":"ReadAction","target":["https:\/\/www.honlufoodtrailer.com\/product\/5-7m-food-trailer-container-in-turquoise-color\/"]}]},{"@type":"ImageObject","inLanguage":"sl-SI","@id":"https:\/\/www.honlufoodtrailer.com\/product\/5-7m-food-trailer-container-in-turquoise-color\/#primaryimage","url":"https:\/\/www.honlufoodtrailer.com\/wp-content\/uploads\/2024\/07\/5.7M-container-food-trailer.jpg","contentUrl":"https:\/\/www.honlufoodtrailer.com\/wp-content\/uploads\/2024\/07\/5.7M-container-food-trailer.jpg","width":720,"height":540,"caption":"5.7M container food trailer"},{"@type":"BreadcrumbList","@id":"https:\/\/www.honlufoodtrailer.com\/product\/5-7m-food-trailer-container-in-turquoise-color\/#breadcrumb","itemListElement":[{"@type":"ListItem","position":1,"name":"Home","item":"https:\/\/www.honlufoodtrailer.com\/"},{"@type":"ListItem","position":2,"name":"\u4ea7\u54c1","item":"https:\/\/www.honlufoodtrailer.com\/shop\/"},{"@type":"ListItem","position":3,"name":"5.7m Food Trailer Container Maldives"}]},{"@type":"WebSite","@id":"https:\/\/www.honlufoodtrailer.com\/#website","url":"https:\/\/www.honlufoodtrailer.com\/","name":"Prikolica za hrano Honlu","description":"","publisher":{"@id":"https:\/\/www.honlufoodtrailer.com\/#organization"},"potentialAction":[{"@type":"SearchAction","target":{"@type":"EntryPoint","urlTemplate":"https:\/\/www.honlufoodtrailer.com\/?s={search_term_string}"},"query-input":{"@type":"PropertyValueSpecification","valueRequired":true,"valueName":"search_term_string"}}],"inLanguage":"sl-SI"},{"@type":"Organization","@id":"https:\/\/www.honlufoodtrailer.com\/#organization","name":"Prikolica za hrano Honlu","url":"https:\/\/www.honlufoodtrailer.com\/","logo":{"@type":"ImageObject","inLanguage":"sl-SI","@id":"https:\/\/www.honlufoodtrailer.com\/#\/schema\/logo\/image\/","url":"https:\/\/www.honlufoodtrailer.com\/wp-content\/uploads\/2021\/12\/2.gif","contentUrl":"https:\/\/www.honlufoodtrailer.com\/wp-content\/uploads\/2021\/12\/2.gif","width":350,"height":100,"caption":"Honlu food trailer"},"image":{"@id":"https:\/\/www.honlufoodtrailer.com\/#\/schema\/logo\/image\/"}}]}},"_links":{"self":[{"href":"https:\/\/www.honlufoodtrailer.com\/sl\/wp-json\/wp\/v2\/product\/7991","targetHints":{"allow":["GET"]}}],"collection":[{"href":"https:\/\/www.honlufoodtrailer.com\/sl\/wp-json\/wp\/v2\/product"}],"about":[{"href":"https:\/\/www.honlufoodtrailer.com\/sl\/wp-json\/wp\/v2\/types\/product"}],"version-history":[{"count":0,"href":"https:\/\/www.honlufoodtrailer.com\/sl\/wp-json\/wp\/v2\/product\/7991\/revisions"}],"wp:featuredmedia":[{"embeddable":true,"href":"https:\/\/www.honlufoodtrailer.com\/sl\/wp-json\/wp\/v2\/media\/7994"}],"wp:attachment":[{"href":"https:\/\/www.honlufoodtrailer.com\/sl\/wp-json\/wp\/v2\/media?parent=7991"}],"wp:term":[{"taxonomy":"product_brand","embeddable":true,"href":"https:\/\/www.honlufoodtrailer.com\/sl\/wp-json\/wp\/v2\/product_brand?post=7991"},{"taxonomy":"product_cat","embeddable":true,"href":"https:\/\/www.honlufoodtrailer.com\/sl\/wp-json\/wp\/v2\/product_cat?post=7991"},{"taxonomy":"product_tag","embeddable":true,"href":"https:\/\/www.honlufoodtrailer.com\/sl\/wp-json\/wp\/v2\/product_tag?post=7991"}],"curies":[{"name":"wp","href":"https:\/\/api.w.org\/{rel}","templated":true}]}}