{"id":8102,"date":"2024-07-23T16:45:18","date_gmt":"2024-07-23T08:45:18","guid":{"rendered":"https:\/\/www.honlufoodtrailer.com\/?post_type=product&#038;p=8102"},"modified":"2025-02-14T14:34:10","modified_gmt":"2025-02-14T06:34:10","slug":"4m-beer-concession-trailer","status":"publish","type":"product","link":"https:\/\/www.honlufoodtrailer.com\/sl\/product\/4m-beer-concession-trailer\/","title":{"rendered":"4-metrska prikolica za koncesijo piva"},"content":{"rendered":"<p>\u017delite za\u010deti podjetje s prikolico za pivo? Oglejte si to 4-metrsko mobilno prikolico za pivo! To je prikolico za koncesijo piva, ki smo jo zasnovali in prilagodili za eno od na\u0161ih strank. S kompaktno strukturo in razumno ceno je ta prikolica za pivo dobra izbira za za\u010detek va\u0161ega podjetja. Izdelamo lahko podobno. <a href=\"https:\/\/www.honlufoodtrailer.com\/sl\/product\/small-beverage-trailer-for-sale\/\" target=\"_blank\" rel=\"noopener\">prikolica za pija\u010do<\/a> kot je ta, ali pa si jo prilagodite. Barvo karoserije, nalepke, oznake in kuhinjsko opremo prikolice za pija\u010do je mogo\u010de prilagoditi. Samo kontaktirajte nas in nam sporo\u010dite svoje podrobne zahteve. Najprej si oglejmo nekaj slik te 4-metrske prikolice za pivske koncesije!<br \/>\n<img fetchpriority=\"high\" decoding=\"async\" class=\"aligncenter size-full wp-image-8112\" src=\"https:\/\/www.honlufoodtrailer.com\/wp-content\/uploads\/2024\/07\/4m-small-beer-trailer.jpg\" alt=\"4m majhna prikolica za pivo\" width=\"720\" height=\"540\" srcset=\"https:\/\/www.honlufoodtrailer.com\/wp-content\/uploads\/2024\/07\/4m-small-beer-trailer.jpg 720w, https:\/\/www.honlufoodtrailer.com\/wp-content\/uploads\/2024\/07\/4m-small-beer-trailer-480x360.jpg 480w, https:\/\/www.honlufoodtrailer.com\/wp-content\/uploads\/2024\/07\/4m-small-beer-trailer-300x225.jpg 300w\" sizes=\"(max-width: 720px) 100vw, 720px\" \/> <img decoding=\"async\" class=\"aligncenter size-full wp-image-8103\" src=\"https:\/\/www.honlufoodtrailer.com\/wp-content\/uploads\/2024\/07\/4m-beer-concession-trailer-for-sale.jpg\" alt=\"Prodam 4m prikolico za pivske koncesije\" width=\"720\" height=\"540\" srcset=\"https:\/\/www.honlufoodtrailer.com\/wp-content\/uploads\/2024\/07\/4m-beer-concession-trailer-for-sale.jpg 720w, https:\/\/www.honlufoodtrailer.com\/wp-content\/uploads\/2024\/07\/4m-beer-concession-trailer-for-sale-480x360.jpg 480w, https:\/\/www.honlufoodtrailer.com\/wp-content\/uploads\/2024\/07\/4m-beer-concession-trailer-for-sale-300x225.jpg 300w\" sizes=\"(max-width: 720px) 100vw, 720px\" \/><\/p>\n<p>Kot lahko vidimo na zgornjih slikah, smo to prenosno pivsko prikolico okrasili z vzorci piva in vina, natanko tako, kot je zahtevala stranka. Ta pivska prikolica ima spredaj dve okni, kar strankam zelo olaj\u0161a naro\u010danje in prevzem hrane. Danes uspe\u0161ni lastniki restavracij \u0161irijo svoje restavracije s sede\u017eno garnituro z mobilnimi restavracijami iz ve\u010d razlogov, kot so ni\u017eji zagonski stro\u0161ki, ni\u017eji stro\u0161ki upravljanja in ve\u010d ogla\u0161evanja. Ta vrsta majhne pivske prikolice vam lahko pomaga raz\u0161iriti poslovanje. Nato si oglejmo ve\u010d podrobnosti o tej 4-metrski pivski prikolici s koncesijo.<\/p>\n<h3>Notranja struktura te 4-metrske prikolice za koncesijo piva<\/h3>\n<p><img decoding=\"async\" class=\"aligncenter size-full wp-image-8104\" src=\"https:\/\/www.honlufoodtrailer.com\/wp-content\/uploads\/2024\/07\/4m-beer-concession-trailer-inner-structure.jpg\" alt=\"Notranja konstrukcija 4-metrske prikolice za pivske koncesije\" width=\"800\" height=\"800\" srcset=\"https:\/\/www.honlufoodtrailer.com\/wp-content\/uploads\/2024\/07\/4m-beer-concession-trailer-inner-structure.jpg 800w, https:\/\/www.honlufoodtrailer.com\/wp-content\/uploads\/2024\/07\/4m-beer-concession-trailer-inner-structure-768x768.jpg 768w, https:\/\/www.honlufoodtrailer.com\/wp-content\/uploads\/2024\/07\/4m-beer-concession-trailer-inner-structure-360x360.jpg 360w, https:\/\/www.honlufoodtrailer.com\/wp-content\/uploads\/2024\/07\/4m-beer-concession-trailer-inner-structure-300x300.jpg 300w, https:\/\/www.honlufoodtrailer.com\/wp-content\/uploads\/2024\/07\/4m-beer-concession-trailer-inner-structure-720x720.jpg 720w, https:\/\/www.honlufoodtrailer.com\/wp-content\/uploads\/2024\/07\/4m-beer-concession-trailer-inner-structure-100x100.jpg 100w\" sizes=\"(max-width: 800px) 100vw, 800px\" \/><\/p>\n<p>Kot lahko vidimo na spodnji sliki, smo to 4-metrsko prikolico za pivo po meri opremili z nekaj osnovne kuhinjske opreme. Gre predvsem za kuhinjsko opremo, kot so pomivalna korita, rezervoarji za vodo, delovna miza, klimatska naprava, omarice in to\u010dilnik piva itd. Na\u0161a stranka bo po prejemu te prikolice za hrano dodala \u0161e nekaj drugih potrebnih predmetov.<\/p>\n<h3>Ve\u010d podrobnosti o tej 4-metrski prikolici za koncesijo piva<\/h3>\n<p><img loading=\"lazy\" decoding=\"async\" class=\"aligncenter size-full wp-image-8105\" src=\"https:\/\/www.honlufoodtrailer.com\/wp-content\/uploads\/2024\/07\/4m-beer-concession-trailer-more-details.jpg\" alt=\"4-metrska prikolica za pivske koncesije ve\u010d podrobnosti\" width=\"800\" height=\"800\" srcset=\"https:\/\/www.honlufoodtrailer.com\/wp-content\/uploads\/2024\/07\/4m-beer-concession-trailer-more-details.jpg 800w, https:\/\/www.honlufoodtrailer.com\/wp-content\/uploads\/2024\/07\/4m-beer-concession-trailer-more-details-768x768.jpg 768w, https:\/\/www.honlufoodtrailer.com\/wp-content\/uploads\/2024\/07\/4m-beer-concession-trailer-more-details-360x360.jpg 360w, https:\/\/www.honlufoodtrailer.com\/wp-content\/uploads\/2024\/07\/4m-beer-concession-trailer-more-details-300x300.jpg 300w, https:\/\/www.honlufoodtrailer.com\/wp-content\/uploads\/2024\/07\/4m-beer-concession-trailer-more-details-720x720.jpg 720w, https:\/\/www.honlufoodtrailer.com\/wp-content\/uploads\/2024\/07\/4m-beer-concession-trailer-more-details-100x100.jpg 100w\" sizes=\"(max-width: 800px) 100vw, 800px\" \/><\/p>\n<p>Prikolice za hrano se lahko imenujejo tudi vozi\u010dki za hrano, kombiji za hrano, tovornjaki za hrano itd. Uporabljajo se lahko za prodajo hitre hrane, prigrizkov, \u010dasopisov, knjig itd. Sestavljena je iz \u0161asije, karoserije, talne obloge, delovne mize, vodnega in elektri\u010dnega sistema. Uporabniki lahko izberejo tudi \u017eeleno barvo. Na \u017eeljo strank bi radi kupili tudi druge vrste opreme.<\/p>\n<p><img loading=\"lazy\" decoding=\"async\" class=\"aligncenter size-full wp-image-8108\" src=\"https:\/\/www.honlufoodtrailer.com\/wp-content\/uploads\/2024\/07\/4m-beer-trailer.jpg\" alt=\"4-metrska prikolica za pivo\" width=\"720\" height=\"540\" srcset=\"https:\/\/www.honlufoodtrailer.com\/wp-content\/uploads\/2024\/07\/4m-beer-trailer.jpg 720w, https:\/\/www.honlufoodtrailer.com\/wp-content\/uploads\/2024\/07\/4m-beer-trailer-480x360.jpg 480w, https:\/\/www.honlufoodtrailer.com\/wp-content\/uploads\/2024\/07\/4m-beer-trailer-300x225.jpg 300w\" sizes=\"(max-width: 720px) 100vw, 720px\" \/><\/p>\n<h3>Glavne zna\u010dilnosti te 4-metrske prikolice za koncesijo piva<\/h3>\n<ol>\n<li>Nizkocenovno in okolju prijazno, brez dima in hrupa, enostavno premikanje kamor koli<\/li>\n<li>Uporablja se lahko ve\u010d let in ne bo nabiral smeti, kar je zelo primerno za sodobno \u017eivljenje.<\/li>\n<li>Zaradi edinstvene in individualne zasnove je priro\u010dno in enostavno za nalaganje in prevoz.<\/li>\n<li>Glavni material je nerjave\u010de jeklo, miza pa ne bo rjavela.<\/li>\n<li>Ima toplotno odpornost in visoko trdnost, visoko obstojnost barv, brez deformacij, vodoodporen in dolgo \u017eivljenjsko dobo.<\/li>\n<\/ol>\n<h3>Glavna prednost:<\/h3>\n<ol>\n<li>Nizkocenovno in okolju prijazno;<\/li>\n<li>Enostavno se lahko premaknete na poljubno mesto (va\u0161e poslovanje ni omejeno);<\/li>\n<li>Edinstvena oblika (nevidna za privabljanje ve\u010d strank);<\/li>\n<li>Dolga \u017eivljenjska doba (odporna proti koroziji, toplotno odporna, vodoodporna, brez deformacij).<\/li>\n<\/ol>","protected":false},"excerpt":{"rendered":"<p>To je ena od na\u0161ih 4-metrskih prikolic za pivske koncesije, izdelanih po meri. Je dobra izbira za za\u010detek poslovanja z mobilnimi prikolicami za pivo. <strong>Za ve\u010d podrobnosti o tej pivski prikolici kliknite naslednje zavihke.<\/strong>. Vas zanima podobna prikolica za pija\u010do ali prikolica po meri? Brez oklevanja nas kontaktirajte \u0161e danes!<\/p>","protected":false},"featured_media":8111,"template":"","meta":{"_themeisle_gutenberg_block_has_review":false},"product_brand":[],"product_cat":[26],"product_tag":[82,106,33,60,61,38],"class_list":{"0":"post-8102","1":"product","2":"type-product","3":"status-publish","4":"has-post-thumbnail","6":"product_cat-product","7":"product_tag-13ft-food-trailer","8":"product_tag-beer-trailer","9":"product_tag-customized-trailer","10":"product_tag-fast-food-trailer","11":"product_tag-fast-food-trailer-for-sale","12":"product_tag-mobile-food-trailer","14":"first","15":"instock","16":"shipping-taxable","17":"product-type-simple"},"yoast_head":"<!-- This site is optimized with the Yoast SEO plugin v27.5 - https:\/\/yoast.com\/product\/yoast-seo-wordpress\/ -->\n<title>4m Beer Concession Trailer | Wine Trailer from Henan Honlu<\/title>\n<meta name=\"description\" content=\"Want to start a beer trailer business? See this 4m mobile beer trailer! beautiful design, high quality, Contact us to get its price right now!\" \/>\n<meta name=\"robots\" content=\"index, follow, max-snippet:-1, max-image-preview:large, max-video-preview:-1\" \/>\n<link rel=\"canonical\" href=\"https:\/\/www.honlufoodtrailer.com\/sl\/product\/4m-beer-concession-trailer\/\" \/>\n<meta property=\"og:locale\" content=\"sl_SI\" \/>\n<meta property=\"og:type\" content=\"article\" \/>\n<meta property=\"og:title\" content=\"4m Beer Concession Trailer | Wine Trailer from Henan Honlu\" \/>\n<meta property=\"og:description\" content=\"Want to start a beer trailer business? See this 4m mobile beer trailer! beautiful design, high quality, Contact us to get its price right now!\" \/>\n<meta property=\"og:url\" content=\"https:\/\/www.honlufoodtrailer.com\/sl\/product\/4m-beer-concession-trailer\/\" \/>\n<meta property=\"og:site_name\" content=\"Honlu food trailer\" \/>\n<meta property=\"article:modified_time\" content=\"2025-02-14T06:34:10+00:00\" \/>\n<meta property=\"og:image\" content=\"https:\/\/www.honlufoodtrailer.com\/wp-content\/uploads\/2024\/07\/4m-portable-beer-trailer.jpg\" \/>\n\t<meta property=\"og:image:width\" content=\"720\" \/>\n\t<meta property=\"og:image:height\" content=\"540\" \/>\n\t<meta property=\"og:image:type\" content=\"image\/jpeg\" \/>\n<meta name=\"twitter:card\" content=\"summary_large_image\" \/>\n<meta name=\"twitter:label1\" content=\"Est. reading time\" \/>\n\t<meta name=\"twitter:data1\" content=\"1 minuta\" \/>\n<script type=\"application\/ld+json\" class=\"yoast-schema-graph\">{\"@context\":\"https:\\\/\\\/schema.org\",\"@graph\":[{\"@type\":\"WebPage\",\"@id\":\"https:\\\/\\\/www.honlufoodtrailer.com\\\/product\\\/4m-beer-concession-trailer\\\/\",\"url\":\"https:\\\/\\\/www.honlufoodtrailer.com\\\/product\\\/4m-beer-concession-trailer\\\/\",\"name\":\"4m Beer Concession Trailer | Wine Trailer from Henan Honlu\",\"isPartOf\":{\"@id\":\"https:\\\/\\\/www.honlufoodtrailer.com\\\/#website\"},\"primaryImageOfPage\":{\"@id\":\"https:\\\/\\\/www.honlufoodtrailer.com\\\/product\\\/4m-beer-concession-trailer\\\/#primaryimage\"},\"image\":{\"@id\":\"https:\\\/\\\/www.honlufoodtrailer.com\\\/product\\\/4m-beer-concession-trailer\\\/#primaryimage\"},\"thumbnailUrl\":\"https:\\\/\\\/www.honlufoodtrailer.com\\\/wp-content\\\/uploads\\\/2024\\\/07\\\/4m-portable-beer-trailer.jpg\",\"datePublished\":\"2024-07-23T08:45:18+00:00\",\"dateModified\":\"2025-02-14T06:34:10+00:00\",\"description\":\"Want to start a beer trailer business? See this 4m mobile beer trailer! beautiful design, high quality, Contact us to get its price right now!\",\"breadcrumb\":{\"@id\":\"https:\\\/\\\/www.honlufoodtrailer.com\\\/product\\\/4m-beer-concession-trailer\\\/#breadcrumb\"},\"inLanguage\":\"sl-SI\",\"potentialAction\":[{\"@type\":\"ReadAction\",\"target\":[\"https:\\\/\\\/www.honlufoodtrailer.com\\\/product\\\/4m-beer-concession-trailer\\\/\"]}]},{\"@type\":\"ImageObject\",\"inLanguage\":\"sl-SI\",\"@id\":\"https:\\\/\\\/www.honlufoodtrailer.com\\\/product\\\/4m-beer-concession-trailer\\\/#primaryimage\",\"url\":\"https:\\\/\\\/www.honlufoodtrailer.com\\\/wp-content\\\/uploads\\\/2024\\\/07\\\/4m-portable-beer-trailer.jpg\",\"contentUrl\":\"https:\\\/\\\/www.honlufoodtrailer.com\\\/wp-content\\\/uploads\\\/2024\\\/07\\\/4m-portable-beer-trailer.jpg\",\"width\":720,\"height\":540,\"caption\":\"4m portable beer trailer\"},{\"@type\":\"BreadcrumbList\",\"@id\":\"https:\\\/\\\/www.honlufoodtrailer.com\\\/product\\\/4m-beer-concession-trailer\\\/#breadcrumb\",\"itemListElement\":[{\"@type\":\"ListItem\",\"position\":1,\"name\":\"Home\",\"item\":\"https:\\\/\\\/www.honlufoodtrailer.com\\\/\"},{\"@type\":\"ListItem\",\"position\":2,\"name\":\"\u4ea7\u54c1\",\"item\":\"https:\\\/\\\/www.honlufoodtrailer.com\\\/shop\\\/\"},{\"@type\":\"ListItem\",\"position\":3,\"name\":\"4m Beer Concession Trailer\"}]},{\"@type\":\"WebSite\",\"@id\":\"https:\\\/\\\/www.honlufoodtrailer.com\\\/#website\",\"url\":\"https:\\\/\\\/www.honlufoodtrailer.com\\\/\",\"name\":\"Honlu food trailer\",\"description\":\"\",\"publisher\":{\"@id\":\"https:\\\/\\\/www.honlufoodtrailer.com\\\/#organization\"},\"potentialAction\":[{\"@type\":\"SearchAction\",\"target\":{\"@type\":\"EntryPoint\",\"urlTemplate\":\"https:\\\/\\\/www.honlufoodtrailer.com\\\/?s={search_term_string}\"},\"query-input\":{\"@type\":\"PropertyValueSpecification\",\"valueRequired\":true,\"valueName\":\"search_term_string\"}}],\"inLanguage\":\"sl-SI\"},{\"@type\":\"Organization\",\"@id\":\"https:\\\/\\\/www.honlufoodtrailer.com\\\/#organization\",\"name\":\"Honlu food trailer\",\"url\":\"https:\\\/\\\/www.honlufoodtrailer.com\\\/\",\"logo\":{\"@type\":\"ImageObject\",\"inLanguage\":\"sl-SI\",\"@id\":\"https:\\\/\\\/www.honlufoodtrailer.com\\\/#\\\/schema\\\/logo\\\/image\\\/\",\"url\":\"https:\\\/\\\/www.honlufoodtrailer.com\\\/wp-content\\\/uploads\\\/2021\\\/12\\\/2.gif\",\"contentUrl\":\"https:\\\/\\\/www.honlufoodtrailer.com\\\/wp-content\\\/uploads\\\/2021\\\/12\\\/2.gif\",\"width\":350,\"height\":100,\"caption\":\"Honlu food trailer\"},\"image\":{\"@id\":\"https:\\\/\\\/www.honlufoodtrailer.com\\\/#\\\/schema\\\/logo\\\/image\\\/\"}}]}<\/script>\n<!-- \/ Yoast SEO plugin. -->","yoast_head_json":{"title":"4-metrska prikolica za pivske koncesije | Vinska prikolica iz Henan Honlu","description":"\u017delite za\u010deti podjetje s pivskimi prikolicami? Oglejte si to 4-metrsko mobilno pivsko prikolico! \u010cudovit dizajn, visoka kakovost. Kontaktirajte nas za ceno takoj!","robots":{"index":"index","follow":"follow","max-snippet":"max-snippet:-1","max-image-preview":"max-image-preview:large","max-video-preview":"max-video-preview:-1"},"canonical":"https:\/\/www.honlufoodtrailer.com\/sl\/product\/4m-beer-concession-trailer\/","og_locale":"sl_SI","og_type":"article","og_title":"4m Beer Concession Trailer | Wine Trailer from Henan Honlu","og_description":"Want to start a beer trailer business? See this 4m mobile beer trailer! beautiful design, high quality, Contact us to get its price right now!","og_url":"https:\/\/www.honlufoodtrailer.com\/sl\/product\/4m-beer-concession-trailer\/","og_site_name":"Honlu food trailer","article_modified_time":"2025-02-14T06:34:10+00:00","og_image":[{"width":720,"height":540,"url":"https:\/\/www.honlufoodtrailer.com\/wp-content\/uploads\/2024\/07\/4m-portable-beer-trailer.jpg","type":"image\/jpeg"}],"twitter_card":"summary_large_image","twitter_misc":{"Est. reading time":"1 minuta"},"schema":{"@context":"https:\/\/schema.org","@graph":[{"@type":"WebPage","@id":"https:\/\/www.honlufoodtrailer.com\/product\/4m-beer-concession-trailer\/","url":"https:\/\/www.honlufoodtrailer.com\/product\/4m-beer-concession-trailer\/","name":"4-metrska prikolica za pivske koncesije | Vinska prikolica iz Henan Honlu","isPartOf":{"@id":"https:\/\/www.honlufoodtrailer.com\/#website"},"primaryImageOfPage":{"@id":"https:\/\/www.honlufoodtrailer.com\/product\/4m-beer-concession-trailer\/#primaryimage"},"image":{"@id":"https:\/\/www.honlufoodtrailer.com\/product\/4m-beer-concession-trailer\/#primaryimage"},"thumbnailUrl":"https:\/\/www.honlufoodtrailer.com\/wp-content\/uploads\/2024\/07\/4m-portable-beer-trailer.jpg","datePublished":"2024-07-23T08:45:18+00:00","dateModified":"2025-02-14T06:34:10+00:00","description":"\u017delite za\u010deti podjetje s pivskimi prikolicami? Oglejte si to 4-metrsko mobilno pivsko prikolico! \u010cudovit dizajn, visoka kakovost. Kontaktirajte nas za ceno takoj!","breadcrumb":{"@id":"https:\/\/www.honlufoodtrailer.com\/product\/4m-beer-concession-trailer\/#breadcrumb"},"inLanguage":"sl-SI","potentialAction":[{"@type":"ReadAction","target":["https:\/\/www.honlufoodtrailer.com\/product\/4m-beer-concession-trailer\/"]}]},{"@type":"ImageObject","inLanguage":"sl-SI","@id":"https:\/\/www.honlufoodtrailer.com\/product\/4m-beer-concession-trailer\/#primaryimage","url":"https:\/\/www.honlufoodtrailer.com\/wp-content\/uploads\/2024\/07\/4m-portable-beer-trailer.jpg","contentUrl":"https:\/\/www.honlufoodtrailer.com\/wp-content\/uploads\/2024\/07\/4m-portable-beer-trailer.jpg","width":720,"height":540,"caption":"4m portable beer trailer"},{"@type":"BreadcrumbList","@id":"https:\/\/www.honlufoodtrailer.com\/product\/4m-beer-concession-trailer\/#breadcrumb","itemListElement":[{"@type":"ListItem","position":1,"name":"Home","item":"https:\/\/www.honlufoodtrailer.com\/"},{"@type":"ListItem","position":2,"name":"\u4ea7\u54c1","item":"https:\/\/www.honlufoodtrailer.com\/shop\/"},{"@type":"ListItem","position":3,"name":"4m Beer Concession Trailer"}]},{"@type":"WebSite","@id":"https:\/\/www.honlufoodtrailer.com\/#website","url":"https:\/\/www.honlufoodtrailer.com\/","name":"Prikolica za hrano Honlu","description":"","publisher":{"@id":"https:\/\/www.honlufoodtrailer.com\/#organization"},"potentialAction":[{"@type":"SearchAction","target":{"@type":"EntryPoint","urlTemplate":"https:\/\/www.honlufoodtrailer.com\/?s={search_term_string}"},"query-input":{"@type":"PropertyValueSpecification","valueRequired":true,"valueName":"search_term_string"}}],"inLanguage":"sl-SI"},{"@type":"Organization","@id":"https:\/\/www.honlufoodtrailer.com\/#organization","name":"Prikolica za hrano Honlu","url":"https:\/\/www.honlufoodtrailer.com\/","logo":{"@type":"ImageObject","inLanguage":"sl-SI","@id":"https:\/\/www.honlufoodtrailer.com\/#\/schema\/logo\/image\/","url":"https:\/\/www.honlufoodtrailer.com\/wp-content\/uploads\/2021\/12\/2.gif","contentUrl":"https:\/\/www.honlufoodtrailer.com\/wp-content\/uploads\/2021\/12\/2.gif","width":350,"height":100,"caption":"Honlu food trailer"},"image":{"@id":"https:\/\/www.honlufoodtrailer.com\/#\/schema\/logo\/image\/"}}]}},"_links":{"self":[{"href":"https:\/\/www.honlufoodtrailer.com\/sl\/wp-json\/wp\/v2\/product\/8102","targetHints":{"allow":["GET"]}}],"collection":[{"href":"https:\/\/www.honlufoodtrailer.com\/sl\/wp-json\/wp\/v2\/product"}],"about":[{"href":"https:\/\/www.honlufoodtrailer.com\/sl\/wp-json\/wp\/v2\/types\/product"}],"version-history":[{"count":0,"href":"https:\/\/www.honlufoodtrailer.com\/sl\/wp-json\/wp\/v2\/product\/8102\/revisions"}],"wp:featuredmedia":[{"embeddable":true,"href":"https:\/\/www.honlufoodtrailer.com\/sl\/wp-json\/wp\/v2\/media\/8111"}],"wp:attachment":[{"href":"https:\/\/www.honlufoodtrailer.com\/sl\/wp-json\/wp\/v2\/media?parent=8102"}],"wp:term":[{"taxonomy":"product_brand","embeddable":true,"href":"https:\/\/www.honlufoodtrailer.com\/sl\/wp-json\/wp\/v2\/product_brand?post=8102"},{"taxonomy":"product_cat","embeddable":true,"href":"https:\/\/www.honlufoodtrailer.com\/sl\/wp-json\/wp\/v2\/product_cat?post=8102"},{"taxonomy":"product_tag","embeddable":true,"href":"https:\/\/www.honlufoodtrailer.com\/sl\/wp-json\/wp\/v2\/product_tag?post=8102"}],"curies":[{"name":"wp","href":"https:\/\/api.w.org\/{rel}","templated":true}]}}