{"id":8125,"date":"2024-07-27T17:17:02","date_gmt":"2024-07-27T09:17:02","guid":{"rendered":"https:\/\/www.honlufoodtrailer.com\/?post_type=product&#038;p=8125"},"modified":"2025-02-14T14:32:00","modified_gmt":"2025-02-14T06:32:00","slug":"36ft-custom-shipping-container-bar","status":"publish","type":"product","link":"https:\/\/www.honlufoodtrailer.com\/sl\/product\/36ft-custom-shipping-container-bar\/","title":{"rendered":"36-metrski bar za ladijski kontejner po meri"},"content":{"rendered":"<p>I\u0161\u010dete bar iz ladijskega kontejnerja po meri? Oglejte si ta 36-metrski bar iz ladijskega kontejnerja po meri v rde\u010di barvi, ki smo ga prilagodili za eno od na\u0161ih strank. Kak\u0161na odli\u010dna mo\u017enost za komercialno kuhinjo! Njegova cena je ni\u017eja od tipi\u010dne komercialne kuhinje, zato je dobra izbira za za\u010detek poslovanja s prikolicami za hrano. Zdaj pa si oglejmo ve\u010d podrobnosti o tem baru iz ladijskega kontejnerja!<br \/>\n<img fetchpriority=\"high\" decoding=\"async\" class=\"aligncenter size-full wp-image-8134\" src=\"https:\/\/www.honlufoodtrailer.com\/wp-content\/uploads\/2024\/07\/36ft-shipping-container-bar.jpg\" alt=\"36-metrski ladijski kontejnerski drog\" width=\"720\" height=\"540\" srcset=\"https:\/\/www.honlufoodtrailer.com\/wp-content\/uploads\/2024\/07\/36ft-shipping-container-bar.jpg 720w, https:\/\/www.honlufoodtrailer.com\/wp-content\/uploads\/2024\/07\/36ft-shipping-container-bar-480x360.jpg 480w, https:\/\/www.honlufoodtrailer.com\/wp-content\/uploads\/2024\/07\/36ft-shipping-container-bar-300x225.jpg 300w\" sizes=\"(max-width: 720px) 100vw, 720px\" \/> <img decoding=\"async\" class=\"aligncenter size-full wp-image-8131\" src=\"https:\/\/www.honlufoodtrailer.com\/wp-content\/uploads\/2024\/07\/36ft-custom-shipping-container-bar.jpg\" alt=\"36-metrski bar za ladijski kontejner po meri\" width=\"720\" height=\"540\" srcset=\"https:\/\/www.honlufoodtrailer.com\/wp-content\/uploads\/2024\/07\/36ft-custom-shipping-container-bar.jpg 720w, https:\/\/www.honlufoodtrailer.com\/wp-content\/uploads\/2024\/07\/36ft-custom-shipping-container-bar-480x360.jpg 480w, https:\/\/www.honlufoodtrailer.com\/wp-content\/uploads\/2024\/07\/36ft-custom-shipping-container-bar-300x225.jpg 300w\" sizes=\"(max-width: 720px) 100vw, 720px\" \/><\/p>\n<p>Lahko si predstavljate, da bo ta prikolica za prevoz hrane v kontejnerjih zelo privla\u010dna v mno\u017eici. \u0160e ve\u010d, <strong>Izdelamo lahko podobno prikolico za hrano ali pa vam jo prilagodimo. Velikost, barva karoserije, nalepke, ozna\u010devanje in kuhinjska oprema prikolice za hrano so lahko prilagojeni. <\/strong>Nato si poglejmo notranjo strukturo tega <a href=\"https:\/\/www.honlufoodtrailer.com\/sl\/kontejnerska-prikolica\/\" target=\"_blank\" rel=\"noopener\">zabojnik za prikolico za hrano<\/a>!<\/p>\n<h3>Notranje podrobnosti tega 36-metrskega ladijskega kontejnerja<\/h3>\n<p>Oglejte si ve\u010d podrobnosti o notranji strukturi tega ladijskega kontejnerja, ki je naprodaj. Kot lahko vidite na spodnji sliki, smo ga opremili <a href=\"https:\/\/www.honlufoodtrailer.com\/sl\/product\/\" target=\"_blank\" rel=\"noopener\">prikolica za hrano<\/a> z osnovno kuhinjsko opremo, kot so pomivalna korita, lu\u010di itd. Prav tako smo ta zunanji bar iz ladijskega kontejnerja opremili s klimatsko napravo v skladu z zahtevami stranke. S tem kontejnerskim barom bo na\u0161a stranka lahko ponudila hitro hrano \u0161tevilnim gostom.<\/p>\n<p><img decoding=\"async\" class=\"aligncenter size-full wp-image-8130\" src=\"https:\/\/www.honlufoodtrailer.com\/wp-content\/uploads\/2024\/07\/36ft-custom-shipping-container-bar-inner-structure.jpg\" alt=\"Notranja struktura palice za ladijski kontejner po meri velikosti 36 \u010devljev\" width=\"720\" height=\"540\" srcset=\"https:\/\/www.honlufoodtrailer.com\/wp-content\/uploads\/2024\/07\/36ft-custom-shipping-container-bar-inner-structure.jpg 720w, https:\/\/www.honlufoodtrailer.com\/wp-content\/uploads\/2024\/07\/36ft-custom-shipping-container-bar-inner-structure-480x360.jpg 480w, https:\/\/www.honlufoodtrailer.com\/wp-content\/uploads\/2024\/07\/36ft-custom-shipping-container-bar-inner-structure-300x225.jpg 300w\" sizes=\"(max-width: 720px) 100vw, 720px\" \/> <img loading=\"lazy\" decoding=\"async\" class=\"aligncenter size-full wp-image-8129\" src=\"https:\/\/www.honlufoodtrailer.com\/wp-content\/uploads\/2024\/07\/36ft-custom-shipping-container-bar-inner-details.jpg\" alt=\"Notranje podrobnosti palice za ladijski kontejner velikosti 36 \u010devljev po meri\" width=\"800\" height=\"800\" srcset=\"https:\/\/www.honlufoodtrailer.com\/wp-content\/uploads\/2024\/07\/36ft-custom-shipping-container-bar-inner-details.jpg 800w, https:\/\/www.honlufoodtrailer.com\/wp-content\/uploads\/2024\/07\/36ft-custom-shipping-container-bar-inner-details-768x768.jpg 768w, https:\/\/www.honlufoodtrailer.com\/wp-content\/uploads\/2024\/07\/36ft-custom-shipping-container-bar-inner-details-360x360.jpg 360w, https:\/\/www.honlufoodtrailer.com\/wp-content\/uploads\/2024\/07\/36ft-custom-shipping-container-bar-inner-details-300x300.jpg 300w, https:\/\/www.honlufoodtrailer.com\/wp-content\/uploads\/2024\/07\/36ft-custom-shipping-container-bar-inner-details-720x720.jpg 720w, https:\/\/www.honlufoodtrailer.com\/wp-content\/uploads\/2024\/07\/36ft-custom-shipping-container-bar-inner-details-100x100.jpg 100w\" sizes=\"(max-width: 800px) 100vw, 800px\" \/><\/p>\n<h3>Ve\u010d podrobnosti o tem 36-metrskem ladijskem kontejnerju<\/h3>\n<p>Ve\u010d podrobnosti o tem kontejnerskem baru si lahko ogledate na naslednji sliki. Kot lahko vidimo, ima tri osi, ki bodo zelo stabilne in trpe\u017ene. Na sprednji strani mobilnega ladijskega kontejnerskega bara smo po zahtevah stranke izdelali tri velika okna. To bo gostom zelo priro\u010dno za naro\u010danje in prevzem obrokov.<br \/>\n<img loading=\"lazy\" decoding=\"async\" class=\"aligncenter size-full wp-image-8128\" src=\"https:\/\/www.honlufoodtrailer.com\/wp-content\/uploads\/2024\/07\/36ft-custom-shipping-container-bar-details.jpg\" alt=\"Podrobnosti o 36-metrskem ladijskem kontejnerju po meri\" width=\"800\" height=\"800\" srcset=\"https:\/\/www.honlufoodtrailer.com\/wp-content\/uploads\/2024\/07\/36ft-custom-shipping-container-bar-details.jpg 800w, https:\/\/www.honlufoodtrailer.com\/wp-content\/uploads\/2024\/07\/36ft-custom-shipping-container-bar-details-768x768.jpg 768w, https:\/\/www.honlufoodtrailer.com\/wp-content\/uploads\/2024\/07\/36ft-custom-shipping-container-bar-details-360x360.jpg 360w, https:\/\/www.honlufoodtrailer.com\/wp-content\/uploads\/2024\/07\/36ft-custom-shipping-container-bar-details-300x300.jpg 300w, https:\/\/www.honlufoodtrailer.com\/wp-content\/uploads\/2024\/07\/36ft-custom-shipping-container-bar-details-720x720.jpg 720w, https:\/\/www.honlufoodtrailer.com\/wp-content\/uploads\/2024\/07\/36ft-custom-shipping-container-bar-details-100x100.jpg 100w\" sizes=\"(max-width: 800px) 100vw, 800px\" \/><\/p>\n<p>Kot proizvajalec in izvoznik prikolic za hrano z ve\u010d kot 10-letnimi izku\u0161njami lahko na\u0161e podjetje strankam ponudi vse vrste prikolic za hrano. Ne glede na to, ali \u017eelite standardno ali prilagojeno, jo lahko izdelamo za vas. Ne ponujamo le prikolic po meri za prodajo hrane, temve\u010d tudi prikolice s \u0161tevilnimi drugimi funkcijami. Na primer prodaja ro\u017e, obla\u010dil, storitve za hi\u0161ne ljubljen\u010dke, stri\u017eenje itd. Ne glede na to, ali \u017eelite ladijski kontejner, bar s hamburgerji ali kavni bar, vam ga lahko izdelamo. Samo povejte nam svoje podrobne zahteve in zagotovili vam bomo pravo prikolico, ki jo \u017eelite. Za hiter odgovor pustite sporo\u010dilo v spodnjem obrazcu ali nam pi\u0161ite neposredno na WhatsApp!<\/p>","protected":false},"excerpt":{"rendered":"<p>To je eden od na\u0161ih 36-metrskih ladijskih kontejnerjev po meri. Na splo\u0161no je dobra izbira za stre\u017ebo hrane ve\u010djemu \u0161tevilu ljudi. <strong>Za ve\u010d podrobnosti o tej ladijski zabojni palici kliknite naslednje zavihke.<\/strong>. Izdelamo lahko podoben kontejnerski bar, kot je ta, ali pa vam ga prilagodimo. Prosimo, kontaktirajte nas in nam sporo\u010dite svoje podrobne zahteve. Brez oklevanja nas kontaktirajte zdaj!<\/p>","protected":false},"featured_media":8127,"template":"","meta":{"_themeisle_gutenberg_block_has_review":false},"product_brand":[],"product_cat":[26],"product_tag":[105,95,71,33,45,38],"class_list":{"0":"post-8125","1":"product","2":"type-product","3":"status-publish","4":"has-post-thumbnail","6":"product_cat-product","7":"product_tag-36ft-food-trailer","8":"product_tag-bar-trailer","9":"product_tag-container-trailer","10":"product_tag-customized-trailer","11":"product_tag-large-food-trailer","12":"product_tag-mobile-food-trailer","14":"first","15":"instock","16":"shipping-taxable","17":"product-type-simple"},"yoast_head":"<!-- This site is optimized with the Yoast SEO plugin v27.5 - https:\/\/yoast.com\/product\/yoast-seo-wordpress\/ -->\n<title>36ft Custom Shipping Container Bar from China Factory - Honlu Food Trailer<\/title>\n<meta name=\"description\" content=\"Looking for a custom shipping container bar for sale? see this 36ft custom container bar here! Get the cost of a similar or customized one now!\" \/>\n<meta name=\"robots\" content=\"index, follow, max-snippet:-1, max-image-preview:large, max-video-preview:-1\" \/>\n<link rel=\"canonical\" href=\"https:\/\/www.honlufoodtrailer.com\/sl\/product\/36ft-custom-shipping-container-bar\/\" \/>\n<meta property=\"og:locale\" content=\"sl_SI\" \/>\n<meta property=\"og:type\" content=\"article\" \/>\n<meta property=\"og:title\" content=\"36ft Custom Shipping Container Bar from China Factory - Honlu Food Trailer\" \/>\n<meta property=\"og:description\" content=\"Looking for a custom shipping container bar for sale? see this 36ft custom container bar here! Get the cost of a similar or customized one now!\" \/>\n<meta property=\"og:url\" content=\"https:\/\/www.honlufoodtrailer.com\/sl\/product\/36ft-custom-shipping-container-bar\/\" \/>\n<meta property=\"og:site_name\" content=\"Honlu food trailer\" \/>\n<meta property=\"article:modified_time\" content=\"2025-02-14T06:32:00+00:00\" \/>\n<meta property=\"og:image\" content=\"https:\/\/www.honlufoodtrailer.com\/wp-content\/uploads\/2024\/07\/36ft-converted-shipping-container-bar.jpg\" \/>\n\t<meta property=\"og:image:width\" content=\"720\" \/>\n\t<meta property=\"og:image:height\" content=\"540\" \/>\n\t<meta property=\"og:image:type\" content=\"image\/jpeg\" \/>\n<meta name=\"twitter:card\" content=\"summary_large_image\" \/>\n<meta name=\"twitter:label1\" content=\"Est. reading time\" \/>\n\t<meta name=\"twitter:data1\" content=\"1 minuta\" \/>\n<script type=\"application\/ld+json\" class=\"yoast-schema-graph\">{\"@context\":\"https:\\\/\\\/schema.org\",\"@graph\":[{\"@type\":\"WebPage\",\"@id\":\"https:\\\/\\\/www.honlufoodtrailer.com\\\/product\\\/36ft-custom-shipping-container-bar\\\/\",\"url\":\"https:\\\/\\\/www.honlufoodtrailer.com\\\/product\\\/36ft-custom-shipping-container-bar\\\/\",\"name\":\"36ft Custom Shipping Container Bar from China Factory - Honlu Food Trailer\",\"isPartOf\":{\"@id\":\"https:\\\/\\\/www.honlufoodtrailer.com\\\/#website\"},\"primaryImageOfPage\":{\"@id\":\"https:\\\/\\\/www.honlufoodtrailer.com\\\/product\\\/36ft-custom-shipping-container-bar\\\/#primaryimage\"},\"image\":{\"@id\":\"https:\\\/\\\/www.honlufoodtrailer.com\\\/product\\\/36ft-custom-shipping-container-bar\\\/#primaryimage\"},\"thumbnailUrl\":\"https:\\\/\\\/www.honlufoodtrailer.com\\\/wp-content\\\/uploads\\\/2024\\\/07\\\/36ft-converted-shipping-container-bar.jpg\",\"datePublished\":\"2024-07-27T09:17:02+00:00\",\"dateModified\":\"2025-02-14T06:32:00+00:00\",\"description\":\"Looking for a custom shipping container bar for sale? see this 36ft custom container bar here! Get the cost of a similar or customized one now!\",\"breadcrumb\":{\"@id\":\"https:\\\/\\\/www.honlufoodtrailer.com\\\/product\\\/36ft-custom-shipping-container-bar\\\/#breadcrumb\"},\"inLanguage\":\"sl-SI\",\"potentialAction\":[{\"@type\":\"ReadAction\",\"target\":[\"https:\\\/\\\/www.honlufoodtrailer.com\\\/product\\\/36ft-custom-shipping-container-bar\\\/\"]}]},{\"@type\":\"ImageObject\",\"inLanguage\":\"sl-SI\",\"@id\":\"https:\\\/\\\/www.honlufoodtrailer.com\\\/product\\\/36ft-custom-shipping-container-bar\\\/#primaryimage\",\"url\":\"https:\\\/\\\/www.honlufoodtrailer.com\\\/wp-content\\\/uploads\\\/2024\\\/07\\\/36ft-converted-shipping-container-bar.jpg\",\"contentUrl\":\"https:\\\/\\\/www.honlufoodtrailer.com\\\/wp-content\\\/uploads\\\/2024\\\/07\\\/36ft-converted-shipping-container-bar.jpg\",\"width\":720,\"height\":540,\"caption\":\"36ft converted shipping container bar\"},{\"@type\":\"BreadcrumbList\",\"@id\":\"https:\\\/\\\/www.honlufoodtrailer.com\\\/product\\\/36ft-custom-shipping-container-bar\\\/#breadcrumb\",\"itemListElement\":[{\"@type\":\"ListItem\",\"position\":1,\"name\":\"Home\",\"item\":\"https:\\\/\\\/www.honlufoodtrailer.com\\\/\"},{\"@type\":\"ListItem\",\"position\":2,\"name\":\"\u4ea7\u54c1\",\"item\":\"https:\\\/\\\/www.honlufoodtrailer.com\\\/shop\\\/\"},{\"@type\":\"ListItem\",\"position\":3,\"name\":\"36ft Custom Shipping Container Bar\"}]},{\"@type\":\"WebSite\",\"@id\":\"https:\\\/\\\/www.honlufoodtrailer.com\\\/#website\",\"url\":\"https:\\\/\\\/www.honlufoodtrailer.com\\\/\",\"name\":\"Honlu food trailer\",\"description\":\"\",\"publisher\":{\"@id\":\"https:\\\/\\\/www.honlufoodtrailer.com\\\/#organization\"},\"potentialAction\":[{\"@type\":\"SearchAction\",\"target\":{\"@type\":\"EntryPoint\",\"urlTemplate\":\"https:\\\/\\\/www.honlufoodtrailer.com\\\/?s={search_term_string}\"},\"query-input\":{\"@type\":\"PropertyValueSpecification\",\"valueRequired\":true,\"valueName\":\"search_term_string\"}}],\"inLanguage\":\"sl-SI\"},{\"@type\":\"Organization\",\"@id\":\"https:\\\/\\\/www.honlufoodtrailer.com\\\/#organization\",\"name\":\"Honlu food trailer\",\"url\":\"https:\\\/\\\/www.honlufoodtrailer.com\\\/\",\"logo\":{\"@type\":\"ImageObject\",\"inLanguage\":\"sl-SI\",\"@id\":\"https:\\\/\\\/www.honlufoodtrailer.com\\\/#\\\/schema\\\/logo\\\/image\\\/\",\"url\":\"https:\\\/\\\/www.honlufoodtrailer.com\\\/wp-content\\\/uploads\\\/2021\\\/12\\\/2.gif\",\"contentUrl\":\"https:\\\/\\\/www.honlufoodtrailer.com\\\/wp-content\\\/uploads\\\/2021\\\/12\\\/2.gif\",\"width\":350,\"height\":100,\"caption\":\"Honlu food trailer\"},\"image\":{\"@id\":\"https:\\\/\\\/www.honlufoodtrailer.com\\\/#\\\/schema\\\/logo\\\/image\\\/\"}}]}<\/script>\n<!-- \/ Yoast SEO plugin. -->","yoast_head_json":{"title":"36-metrski barski kontejner po meri iz kitajske tovarne - Honlu Food Trailer","description":"I\u0161\u010dete bar za ladijski kontejner po meri za prodajo? Oglejte si ta 36-metrski bar za kontejner po meri tukaj! Pridobite ceno podobnega ali prilagojenega zdaj!","robots":{"index":"index","follow":"follow","max-snippet":"max-snippet:-1","max-image-preview":"max-image-preview:large","max-video-preview":"max-video-preview:-1"},"canonical":"https:\/\/www.honlufoodtrailer.com\/sl\/product\/36ft-custom-shipping-container-bar\/","og_locale":"sl_SI","og_type":"article","og_title":"36ft Custom Shipping Container Bar from China Factory - Honlu Food Trailer","og_description":"Looking for a custom shipping container bar for sale? see this 36ft custom container bar here! Get the cost of a similar or customized one now!","og_url":"https:\/\/www.honlufoodtrailer.com\/sl\/product\/36ft-custom-shipping-container-bar\/","og_site_name":"Honlu food trailer","article_modified_time":"2025-02-14T06:32:00+00:00","og_image":[{"width":720,"height":540,"url":"https:\/\/www.honlufoodtrailer.com\/wp-content\/uploads\/2024\/07\/36ft-converted-shipping-container-bar.jpg","type":"image\/jpeg"}],"twitter_card":"summary_large_image","twitter_misc":{"Est. reading time":"1 minuta"},"schema":{"@context":"https:\/\/schema.org","@graph":[{"@type":"WebPage","@id":"https:\/\/www.honlufoodtrailer.com\/product\/36ft-custom-shipping-container-bar\/","url":"https:\/\/www.honlufoodtrailer.com\/product\/36ft-custom-shipping-container-bar\/","name":"36-metrski barski kontejner po meri iz kitajske tovarne - Honlu Food Trailer","isPartOf":{"@id":"https:\/\/www.honlufoodtrailer.com\/#website"},"primaryImageOfPage":{"@id":"https:\/\/www.honlufoodtrailer.com\/product\/36ft-custom-shipping-container-bar\/#primaryimage"},"image":{"@id":"https:\/\/www.honlufoodtrailer.com\/product\/36ft-custom-shipping-container-bar\/#primaryimage"},"thumbnailUrl":"https:\/\/www.honlufoodtrailer.com\/wp-content\/uploads\/2024\/07\/36ft-converted-shipping-container-bar.jpg","datePublished":"2024-07-27T09:17:02+00:00","dateModified":"2025-02-14T06:32:00+00:00","description":"I\u0161\u010dete bar za ladijski kontejner po meri za prodajo? Oglejte si ta 36-metrski bar za kontejner po meri tukaj! Pridobite ceno podobnega ali prilagojenega zdaj!","breadcrumb":{"@id":"https:\/\/www.honlufoodtrailer.com\/product\/36ft-custom-shipping-container-bar\/#breadcrumb"},"inLanguage":"sl-SI","potentialAction":[{"@type":"ReadAction","target":["https:\/\/www.honlufoodtrailer.com\/product\/36ft-custom-shipping-container-bar\/"]}]},{"@type":"ImageObject","inLanguage":"sl-SI","@id":"https:\/\/www.honlufoodtrailer.com\/product\/36ft-custom-shipping-container-bar\/#primaryimage","url":"https:\/\/www.honlufoodtrailer.com\/wp-content\/uploads\/2024\/07\/36ft-converted-shipping-container-bar.jpg","contentUrl":"https:\/\/www.honlufoodtrailer.com\/wp-content\/uploads\/2024\/07\/36ft-converted-shipping-container-bar.jpg","width":720,"height":540,"caption":"36ft converted shipping container bar"},{"@type":"BreadcrumbList","@id":"https:\/\/www.honlufoodtrailer.com\/product\/36ft-custom-shipping-container-bar\/#breadcrumb","itemListElement":[{"@type":"ListItem","position":1,"name":"Home","item":"https:\/\/www.honlufoodtrailer.com\/"},{"@type":"ListItem","position":2,"name":"\u4ea7\u54c1","item":"https:\/\/www.honlufoodtrailer.com\/shop\/"},{"@type":"ListItem","position":3,"name":"36ft Custom Shipping Container Bar"}]},{"@type":"WebSite","@id":"https:\/\/www.honlufoodtrailer.com\/#website","url":"https:\/\/www.honlufoodtrailer.com\/","name":"Prikolica za hrano Honlu","description":"","publisher":{"@id":"https:\/\/www.honlufoodtrailer.com\/#organization"},"potentialAction":[{"@type":"SearchAction","target":{"@type":"EntryPoint","urlTemplate":"https:\/\/www.honlufoodtrailer.com\/?s={search_term_string}"},"query-input":{"@type":"PropertyValueSpecification","valueRequired":true,"valueName":"search_term_string"}}],"inLanguage":"sl-SI"},{"@type":"Organization","@id":"https:\/\/www.honlufoodtrailer.com\/#organization","name":"Prikolica za hrano Honlu","url":"https:\/\/www.honlufoodtrailer.com\/","logo":{"@type":"ImageObject","inLanguage":"sl-SI","@id":"https:\/\/www.honlufoodtrailer.com\/#\/schema\/logo\/image\/","url":"https:\/\/www.honlufoodtrailer.com\/wp-content\/uploads\/2021\/12\/2.gif","contentUrl":"https:\/\/www.honlufoodtrailer.com\/wp-content\/uploads\/2021\/12\/2.gif","width":350,"height":100,"caption":"Honlu food trailer"},"image":{"@id":"https:\/\/www.honlufoodtrailer.com\/#\/schema\/logo\/image\/"}}]}},"_links":{"self":[{"href":"https:\/\/www.honlufoodtrailer.com\/sl\/wp-json\/wp\/v2\/product\/8125","targetHints":{"allow":["GET"]}}],"collection":[{"href":"https:\/\/www.honlufoodtrailer.com\/sl\/wp-json\/wp\/v2\/product"}],"about":[{"href":"https:\/\/www.honlufoodtrailer.com\/sl\/wp-json\/wp\/v2\/types\/product"}],"version-history":[{"count":0,"href":"https:\/\/www.honlufoodtrailer.com\/sl\/wp-json\/wp\/v2\/product\/8125\/revisions"}],"wp:featuredmedia":[{"embeddable":true,"href":"https:\/\/www.honlufoodtrailer.com\/sl\/wp-json\/wp\/v2\/media\/8127"}],"wp:attachment":[{"href":"https:\/\/www.honlufoodtrailer.com\/sl\/wp-json\/wp\/v2\/media?parent=8125"}],"wp:term":[{"taxonomy":"product_brand","embeddable":true,"href":"https:\/\/www.honlufoodtrailer.com\/sl\/wp-json\/wp\/v2\/product_brand?post=8125"},{"taxonomy":"product_cat","embeddable":true,"href":"https:\/\/www.honlufoodtrailer.com\/sl\/wp-json\/wp\/v2\/product_cat?post=8125"},{"taxonomy":"product_tag","embeddable":true,"href":"https:\/\/www.honlufoodtrailer.com\/sl\/wp-json\/wp\/v2\/product_tag?post=8125"}],"curies":[{"name":"wp","href":"https:\/\/api.w.org\/{rel}","templated":true}]}}