{"id":8153,"date":"2024-07-31T18:18:22","date_gmt":"2024-07-31T10:18:22","guid":{"rendered":"https:\/\/www.honlufoodtrailer.com\/?post_type=product&#038;p=8153"},"modified":"2025-02-14T14:21:18","modified_gmt":"2025-02-14T06:21:18","slug":"16ft-stainless-steel-bakery-trailer","status":"publish","type":"product","link":"https:\/\/www.honlufoodtrailer.com\/sl\/product\/16ft-stainless-steel-bakery-trailer\/","title":{"rendered":"16ft prikolica za pekarne iz nerjave\u010dega jekla"},"content":{"rendered":"<p>I\u0161\u010dete prikolico za pekarno iz nerjave\u010dega jekla? Oglejte si to 16-metrsko prikolico za pekarno iz nerjave\u010dega jekla tukaj! To je 5-metrska prikolica za pekarno iz nerjave\u010dega jekla po meri, ki smo jo izdelali za eno od na\u0161ih strank iz evropskih dr\u017eav. Izdelamo lahko podobno prikolico za pekarno ali pa jo prilagodimo za vas. Barva karoserije, nalepke, ozna\u010devanje in kuhinjska oprema <a href=\"https:\/\/www.honlufoodtrailer.com\/sl\/stainless-steel-food-trailer\/\" target=\"_blank\" rel=\"noopener\">prikolica za hrano iz nerjave\u010dega jekla<\/a> je mogo\u010de prilagoditi. Samo kontaktirajte nas in nam povejte svoje podrobne zahteve! Zdaj pa si oglejmo nekaj slik te pekarne!<br \/>\n<img fetchpriority=\"high\" decoding=\"async\" class=\"aligncenter size-full wp-image-8161\" src=\"https:\/\/www.honlufoodtrailer.com\/wp-content\/uploads\/2024\/07\/16ft-airstream-bakery.jpg\" alt=\"pekarna 16ft airstream\" width=\"720\" height=\"540\" srcset=\"https:\/\/www.honlufoodtrailer.com\/wp-content\/uploads\/2024\/07\/16ft-airstream-bakery.jpg 720w, https:\/\/www.honlufoodtrailer.com\/wp-content\/uploads\/2024\/07\/16ft-airstream-bakery-480x360.jpg 480w, https:\/\/www.honlufoodtrailer.com\/wp-content\/uploads\/2024\/07\/16ft-airstream-bakery-300x225.jpg 300w\" sizes=\"(max-width: 720px) 100vw, 720px\" \/><img decoding=\"async\" class=\"aligncenter size-full wp-image-8155\" src=\"https:\/\/www.honlufoodtrailer.com\/wp-content\/uploads\/2024\/07\/16ft-airstream-bakery-trailer-back-view.jpg\" alt=\"Pogled od zadaj na 16-metrsko pekarno Airstream\" width=\"720\" height=\"540\" srcset=\"https:\/\/www.honlufoodtrailer.com\/wp-content\/uploads\/2024\/07\/16ft-airstream-bakery-trailer-back-view.jpg 720w, https:\/\/www.honlufoodtrailer.com\/wp-content\/uploads\/2024\/07\/16ft-airstream-bakery-trailer-back-view-480x360.jpg 480w, https:\/\/www.honlufoodtrailer.com\/wp-content\/uploads\/2024\/07\/16ft-airstream-bakery-trailer-back-view-300x225.jpg 300w\" sizes=\"(max-width: 720px) 100vw, 720px\" \/><\/p>\n<h3>Notranje podrobnosti te 16-metrske pekarne iz nerjave\u010dega jekla<\/h3>\n<p>V notranjost pekarne smo namestili nekaj kuhinjske opreme, kot so ledomat, aparat za sladoled, hladilne vitrine, pomivalna korita in delovna miza itd. Prav tako smo jo opremili z dvema elektronskima zaslonoma v skladu z zahtevami stranke. Podrobnosti si oglejte na spodnjih slikah!<\/p>\n<p><img decoding=\"async\" class=\"aligncenter size-full wp-image-8158\" src=\"https:\/\/www.honlufoodtrailer.com\/wp-content\/uploads\/2024\/07\/16ft-airstream-bakery-trailer-inner-view.jpg\" alt=\"16-metrski pekarski priklopnik Airstream, pogled od znotraj\" width=\"720\" height=\"540\" srcset=\"https:\/\/www.honlufoodtrailer.com\/wp-content\/uploads\/2024\/07\/16ft-airstream-bakery-trailer-inner-view.jpg 720w, https:\/\/www.honlufoodtrailer.com\/wp-content\/uploads\/2024\/07\/16ft-airstream-bakery-trailer-inner-view-480x360.jpg 480w, https:\/\/www.honlufoodtrailer.com\/wp-content\/uploads\/2024\/07\/16ft-airstream-bakery-trailer-inner-view-300x225.jpg 300w\" sizes=\"(max-width: 720px) 100vw, 720px\" \/><\/p>\n<p><img loading=\"lazy\" decoding=\"async\" class=\"aligncenter size-full wp-image-8165\" src=\"https:\/\/www.honlufoodtrailer.com\/wp-content\/uploads\/2024\/07\/16ft-airstream-bakery-trailer-more-details.jpg\" alt=\"16-metrska pekarna Airstream ve\u010d podrobnosti\" width=\"800\" height=\"800\" srcset=\"https:\/\/www.honlufoodtrailer.com\/wp-content\/uploads\/2024\/07\/16ft-airstream-bakery-trailer-more-details.jpg 800w, https:\/\/www.honlufoodtrailer.com\/wp-content\/uploads\/2024\/07\/16ft-airstream-bakery-trailer-more-details-768x768.jpg 768w, https:\/\/www.honlufoodtrailer.com\/wp-content\/uploads\/2024\/07\/16ft-airstream-bakery-trailer-more-details-360x360.jpg 360w, https:\/\/www.honlufoodtrailer.com\/wp-content\/uploads\/2024\/07\/16ft-airstream-bakery-trailer-more-details-300x300.jpg 300w, https:\/\/www.honlufoodtrailer.com\/wp-content\/uploads\/2024\/07\/16ft-airstream-bakery-trailer-more-details-720x720.jpg 720w, https:\/\/www.honlufoodtrailer.com\/wp-content\/uploads\/2024\/07\/16ft-airstream-bakery-trailer-more-details-100x100.jpg 100w\" sizes=\"(max-width: 800px) 100vw, 800px\" \/><\/p>\n<h3>Ve\u010d podrobnosti<\/h3>\n<p>Ta 16-metrska pekarska prikolica iz nerjave\u010dega jekla ustreza evropskim standardom in jo prilagodimo zahtevam strank. Ve\u010d podrobnosti si oglejte na spodnji sliki. Kot proizvajalec in izvoznik prikolic za hrano z ve\u010d kot 10-letnimi izku\u0161njami poznamo razli\u010dne zahteve ve\u010dine dr\u017eav. Zato vam bomo zagotovili prikolice za hrano, ki ustrezajo standardom va\u0161e dr\u017eave. Brez oklevanja nas kontaktirajte in nam sporo\u010dite svoje podrobne zahteve!<\/p>\n<p><img loading=\"lazy\" decoding=\"async\" class=\"aligncenter size-full wp-image-8164\" src=\"https:\/\/www.honlufoodtrailer.com\/wp-content\/uploads\/2024\/07\/16ft-airstream-bakery-more-details.jpg\" alt=\"16-metrska pekarna Airstream ve\u010d podrobnosti\" width=\"800\" height=\"800\" srcset=\"https:\/\/www.honlufoodtrailer.com\/wp-content\/uploads\/2024\/07\/16ft-airstream-bakery-more-details.jpg 800w, https:\/\/www.honlufoodtrailer.com\/wp-content\/uploads\/2024\/07\/16ft-airstream-bakery-more-details-768x768.jpg 768w, https:\/\/www.honlufoodtrailer.com\/wp-content\/uploads\/2024\/07\/16ft-airstream-bakery-more-details-360x360.jpg 360w, https:\/\/www.honlufoodtrailer.com\/wp-content\/uploads\/2024\/07\/16ft-airstream-bakery-more-details-300x300.jpg 300w, https:\/\/www.honlufoodtrailer.com\/wp-content\/uploads\/2024\/07\/16ft-airstream-bakery-more-details-720x720.jpg 720w, https:\/\/www.honlufoodtrailer.com\/wp-content\/uploads\/2024\/07\/16ft-airstream-bakery-more-details-100x100.jpg 100w\" sizes=\"(max-width: 800px) 100vw, 800px\" \/><\/p>\n<p>Prikolice za hrano se lahko imenujejo tudi vozi\u010dki za hrano, kombiji za hrano, tovornjaki za hrano itd. Uporabljajo se lahko za prodajo hitre hrane, prigrizkov, \u010dasopisov, knjig itd. Sestavljena je iz \u0161asije, karoserije, talne obloge, delovne mize, vodnega in elektri\u010dnega sistema. Uporabniki lahko izberejo tudi \u017eeleno barvo. Na \u017eeljo strank bi radi kupili tudi druge vrste opreme.<\/p>\n<p><img loading=\"lazy\" decoding=\"async\" class=\"aligncenter size-full wp-image-8160\" src=\"https:\/\/www.honlufoodtrailer.com\/wp-content\/uploads\/2024\/07\/16ft-airstream-bakery-trailer.jpg\" alt=\"16-metrska pekarna Airstream\" width=\"720\" height=\"540\" srcset=\"https:\/\/www.honlufoodtrailer.com\/wp-content\/uploads\/2024\/07\/16ft-airstream-bakery-trailer.jpg 720w, https:\/\/www.honlufoodtrailer.com\/wp-content\/uploads\/2024\/07\/16ft-airstream-bakery-trailer-480x360.jpg 480w, https:\/\/www.honlufoodtrailer.com\/wp-content\/uploads\/2024\/07\/16ft-airstream-bakery-trailer-300x225.jpg 300w\" sizes=\"(max-width: 720px) 100vw, 720px\" \/><\/p>\n<h3>Glavne zna\u010dilnosti prilagojene prikolice za hrano iz nerjave\u010dega jekla za prodajo<\/h3>\n<ol>\n<li>Nizkocenovno in okolju prijazno, brez dima in hrupa, enostavno za premikanje kamor koli.<\/li>\n<li>Uporablja se lahko ve\u010d let in ne bo nabiral smeti, kar je zelo primerno za sodobno \u017eivljenje.<\/li>\n<li>Zaradi edinstvene in individualne zasnove je priro\u010dno in enostavno za nalaganje in prevoz.<\/li>\n<li>Glavni material je nerjave\u010de jeklo, miza pa ne bo rjavela.<\/li>\n<li>Ima toplotno odpornost in visoko trdnost, visoko obstojnost barv, brez deformacij, vodoodporen in dolgo \u017eivljenjsko dobo.<\/li>\n<\/ol>\n<p><img decoding=\"async\" class=\"aligncenter size-full wp-image-8155\" src=\"https:\/\/www.honlufoodtrailer.com\/wp-content\/uploads\/2024\/07\/16ft-airstream-bakery-trailer-back-view.jpg\" alt=\"Pogled od zadaj na 16-metrsko pekarno Airstream\" width=\"720\" height=\"540\" srcset=\"https:\/\/www.honlufoodtrailer.com\/wp-content\/uploads\/2024\/07\/16ft-airstream-bakery-trailer-back-view.jpg 720w, https:\/\/www.honlufoodtrailer.com\/wp-content\/uploads\/2024\/07\/16ft-airstream-bakery-trailer-back-view-480x360.jpg 480w, https:\/\/www.honlufoodtrailer.com\/wp-content\/uploads\/2024\/07\/16ft-airstream-bakery-trailer-back-view-300x225.jpg 300w\" sizes=\"(max-width: 720px) 100vw, 720px\" \/><\/p>\n<h3>Glavna prednost:<\/h3>\n<ol>\n<li>Nizkocenovno in okolju prijazno;<\/li>\n<li>Enostavno se lahko premaknete na poljubno mesto (va\u0161e poslovanje ni omejeno);<\/li>\n<li>Edinstvena oblika (nevidna za privabljanje ve\u010d strank);<\/li>\n<li>Dolga \u017eivljenjska doba (odporna proti koroziji, toplotno odporna, vodoodporna, brez deformacij).<\/li>\n<\/ol>","protected":false},"excerpt":{"rendered":"<p>To je ena od na\u0161ih 5-metrskih pekarskih prikolic iz nerjave\u010dega jekla, izdelanih po meri. Obi\u010dajno je to najprimernej\u0161i model za za\u010detek poslovanja z mobilnimi gostinskimi prikolicami. Seveda lahko izdelamo podobno pekarsko prikolico iz nerjave\u010dega jekla ali pa jo prilagodimo za vas. Prosimo, kontaktirajte nas in nam sporo\u010dite svoje podrobne zahteve. Brez oklevanja nas kontaktirajte!<\/p>","protected":false},"featured_media":8160,"template":"","meta":{"_themeisle_gutenberg_block_has_review":false},"product_brand":[],"product_cat":[26],"product_tag":[96,104,33,45,38,51,40],"class_list":{"0":"post-8153","1":"product","2":"type-product","3":"status-publish","4":"has-post-thumbnail","6":"product_cat-product","7":"product_tag-16ft-food-trailer","8":"product_tag-bakery-trailer","9":"product_tag-customized-trailer","10":"product_tag-large-food-trailer","11":"product_tag-mobile-food-trailer","12":"product_tag-square-food-trailer","13":"product_tag-stainless-steel-trailer","15":"first","16":"instock","17":"shipping-taxable","18":"product-type-simple"},"yoast_head":"<!-- This site is optimized with the Yoast SEO plugin v27.5 - https:\/\/yoast.com\/product\/yoast-seo-wordpress\/ -->\n<title>Factory Price Stainless Steel Bakery Trailer For Sale - Honlu Trailer<\/title>\n<meta name=\"description\" content=\"Looking for a mobile stainless steel bakery trailer? Get a similar or customized one at a reasonable price now! Click to see your options!\" \/>\n<meta name=\"robots\" content=\"index, follow, max-snippet:-1, max-image-preview:large, max-video-preview:-1\" \/>\n<link rel=\"canonical\" href=\"https:\/\/www.honlufoodtrailer.com\/sl\/product\/16ft-stainless-steel-bakery-trailer\/\" \/>\n<meta property=\"og:locale\" content=\"sl_SI\" \/>\n<meta property=\"og:type\" content=\"article\" \/>\n<meta property=\"og:title\" content=\"Factory Price Stainless Steel Bakery Trailer For Sale - Honlu Trailer\" \/>\n<meta property=\"og:description\" content=\"Looking for a mobile stainless steel bakery trailer? Get a similar or customized one at a reasonable price now! Click to see your options!\" \/>\n<meta property=\"og:url\" content=\"https:\/\/www.honlufoodtrailer.com\/sl\/product\/16ft-stainless-steel-bakery-trailer\/\" \/>\n<meta property=\"og:site_name\" content=\"Honlu food trailer\" \/>\n<meta property=\"article:modified_time\" content=\"2025-02-14T06:21:18+00:00\" \/>\n<meta property=\"og:image\" content=\"https:\/\/www.honlufoodtrailer.com\/wp-content\/uploads\/2024\/07\/16ft-airstream-bakery-trailer.jpg\" \/>\n\t<meta property=\"og:image:width\" content=\"720\" \/>\n\t<meta property=\"og:image:height\" content=\"540\" \/>\n\t<meta property=\"og:image:type\" content=\"image\/jpeg\" \/>\n<meta name=\"twitter:card\" content=\"summary_large_image\" \/>\n<meta name=\"twitter:label1\" content=\"Est. reading time\" \/>\n\t<meta name=\"twitter:data1\" content=\"1 minuta\" \/>\n<script type=\"application\/ld+json\" class=\"yoast-schema-graph\">{\"@context\":\"https:\\\/\\\/schema.org\",\"@graph\":[{\"@type\":\"WebPage\",\"@id\":\"https:\\\/\\\/www.honlufoodtrailer.com\\\/product\\\/16ft-stainless-steel-bakery-trailer\\\/\",\"url\":\"https:\\\/\\\/www.honlufoodtrailer.com\\\/product\\\/16ft-stainless-steel-bakery-trailer\\\/\",\"name\":\"Factory Price Stainless Steel Bakery Trailer For Sale - Honlu Trailer\",\"isPartOf\":{\"@id\":\"https:\\\/\\\/www.honlufoodtrailer.com\\\/#website\"},\"primaryImageOfPage\":{\"@id\":\"https:\\\/\\\/www.honlufoodtrailer.com\\\/product\\\/16ft-stainless-steel-bakery-trailer\\\/#primaryimage\"},\"image\":{\"@id\":\"https:\\\/\\\/www.honlufoodtrailer.com\\\/product\\\/16ft-stainless-steel-bakery-trailer\\\/#primaryimage\"},\"thumbnailUrl\":\"https:\\\/\\\/www.honlufoodtrailer.com\\\/wp-content\\\/uploads\\\/2024\\\/07\\\/16ft-airstream-bakery-trailer.jpg\",\"datePublished\":\"2024-07-31T10:18:22+00:00\",\"dateModified\":\"2025-02-14T06:21:18+00:00\",\"description\":\"Looking for a mobile stainless steel bakery trailer? Get a similar or customized one at a reasonable price now! Click to see your options!\",\"breadcrumb\":{\"@id\":\"https:\\\/\\\/www.honlufoodtrailer.com\\\/product\\\/16ft-stainless-steel-bakery-trailer\\\/#breadcrumb\"},\"inLanguage\":\"sl-SI\",\"potentialAction\":[{\"@type\":\"ReadAction\",\"target\":[\"https:\\\/\\\/www.honlufoodtrailer.com\\\/product\\\/16ft-stainless-steel-bakery-trailer\\\/\"]}]},{\"@type\":\"ImageObject\",\"inLanguage\":\"sl-SI\",\"@id\":\"https:\\\/\\\/www.honlufoodtrailer.com\\\/product\\\/16ft-stainless-steel-bakery-trailer\\\/#primaryimage\",\"url\":\"https:\\\/\\\/www.honlufoodtrailer.com\\\/wp-content\\\/uploads\\\/2024\\\/07\\\/16ft-airstream-bakery-trailer.jpg\",\"contentUrl\":\"https:\\\/\\\/www.honlufoodtrailer.com\\\/wp-content\\\/uploads\\\/2024\\\/07\\\/16ft-airstream-bakery-trailer.jpg\",\"width\":720,\"height\":540,\"caption\":\"16ft airstream bakery trailer\"},{\"@type\":\"BreadcrumbList\",\"@id\":\"https:\\\/\\\/www.honlufoodtrailer.com\\\/product\\\/16ft-stainless-steel-bakery-trailer\\\/#breadcrumb\",\"itemListElement\":[{\"@type\":\"ListItem\",\"position\":1,\"name\":\"Home\",\"item\":\"https:\\\/\\\/www.honlufoodtrailer.com\\\/\"},{\"@type\":\"ListItem\",\"position\":2,\"name\":\"\u4ea7\u54c1\",\"item\":\"https:\\\/\\\/www.honlufoodtrailer.com\\\/shop\\\/\"},{\"@type\":\"ListItem\",\"position\":3,\"name\":\"16ft Stainless Steel Bakery Trailer\"}]},{\"@type\":\"WebSite\",\"@id\":\"https:\\\/\\\/www.honlufoodtrailer.com\\\/#website\",\"url\":\"https:\\\/\\\/www.honlufoodtrailer.com\\\/\",\"name\":\"Honlu food trailer\",\"description\":\"\",\"publisher\":{\"@id\":\"https:\\\/\\\/www.honlufoodtrailer.com\\\/#organization\"},\"potentialAction\":[{\"@type\":\"SearchAction\",\"target\":{\"@type\":\"EntryPoint\",\"urlTemplate\":\"https:\\\/\\\/www.honlufoodtrailer.com\\\/?s={search_term_string}\"},\"query-input\":{\"@type\":\"PropertyValueSpecification\",\"valueRequired\":true,\"valueName\":\"search_term_string\"}}],\"inLanguage\":\"sl-SI\"},{\"@type\":\"Organization\",\"@id\":\"https:\\\/\\\/www.honlufoodtrailer.com\\\/#organization\",\"name\":\"Honlu food trailer\",\"url\":\"https:\\\/\\\/www.honlufoodtrailer.com\\\/\",\"logo\":{\"@type\":\"ImageObject\",\"inLanguage\":\"sl-SI\",\"@id\":\"https:\\\/\\\/www.honlufoodtrailer.com\\\/#\\\/schema\\\/logo\\\/image\\\/\",\"url\":\"https:\\\/\\\/www.honlufoodtrailer.com\\\/wp-content\\\/uploads\\\/2021\\\/12\\\/2.gif\",\"contentUrl\":\"https:\\\/\\\/www.honlufoodtrailer.com\\\/wp-content\\\/uploads\\\/2021\\\/12\\\/2.gif\",\"width\":350,\"height\":100,\"caption\":\"Honlu food trailer\"},\"image\":{\"@id\":\"https:\\\/\\\/www.honlufoodtrailer.com\\\/#\\\/schema\\\/logo\\\/image\\\/\"}}]}<\/script>\n<!-- \/ Yoast SEO plugin. -->","yoast_head_json":{"title":"Prikolica za peko iz nerjave\u010dega jekla po tovarni\u0161ki ceni za prodajo - prikolica Honlu","description":"I\u0161\u010dete mobilno prikolico za pekarno iz nerjave\u010dega jekla? Pridobite podobno ali prilagojeno po ugodni ceni zdaj! Kliknite za ogled mo\u017enosti!","robots":{"index":"index","follow":"follow","max-snippet":"max-snippet:-1","max-image-preview":"max-image-preview:large","max-video-preview":"max-video-preview:-1"},"canonical":"https:\/\/www.honlufoodtrailer.com\/sl\/product\/16ft-stainless-steel-bakery-trailer\/","og_locale":"sl_SI","og_type":"article","og_title":"Factory Price Stainless Steel Bakery Trailer For Sale - Honlu Trailer","og_description":"Looking for a mobile stainless steel bakery trailer? Get a similar or customized one at a reasonable price now! Click to see your options!","og_url":"https:\/\/www.honlufoodtrailer.com\/sl\/product\/16ft-stainless-steel-bakery-trailer\/","og_site_name":"Honlu food trailer","article_modified_time":"2025-02-14T06:21:18+00:00","og_image":[{"width":720,"height":540,"url":"https:\/\/www.honlufoodtrailer.com\/wp-content\/uploads\/2024\/07\/16ft-airstream-bakery-trailer.jpg","type":"image\/jpeg"}],"twitter_card":"summary_large_image","twitter_misc":{"Est. reading time":"1 minuta"},"schema":{"@context":"https:\/\/schema.org","@graph":[{"@type":"WebPage","@id":"https:\/\/www.honlufoodtrailer.com\/product\/16ft-stainless-steel-bakery-trailer\/","url":"https:\/\/www.honlufoodtrailer.com\/product\/16ft-stainless-steel-bakery-trailer\/","name":"Prikolica za peko iz nerjave\u010dega jekla po tovarni\u0161ki ceni za prodajo - prikolica Honlu","isPartOf":{"@id":"https:\/\/www.honlufoodtrailer.com\/#website"},"primaryImageOfPage":{"@id":"https:\/\/www.honlufoodtrailer.com\/product\/16ft-stainless-steel-bakery-trailer\/#primaryimage"},"image":{"@id":"https:\/\/www.honlufoodtrailer.com\/product\/16ft-stainless-steel-bakery-trailer\/#primaryimage"},"thumbnailUrl":"https:\/\/www.honlufoodtrailer.com\/wp-content\/uploads\/2024\/07\/16ft-airstream-bakery-trailer.jpg","datePublished":"2024-07-31T10:18:22+00:00","dateModified":"2025-02-14T06:21:18+00:00","description":"I\u0161\u010dete mobilno prikolico za pekarno iz nerjave\u010dega jekla? Pridobite podobno ali prilagojeno po ugodni ceni zdaj! Kliknite za ogled mo\u017enosti!","breadcrumb":{"@id":"https:\/\/www.honlufoodtrailer.com\/product\/16ft-stainless-steel-bakery-trailer\/#breadcrumb"},"inLanguage":"sl-SI","potentialAction":[{"@type":"ReadAction","target":["https:\/\/www.honlufoodtrailer.com\/product\/16ft-stainless-steel-bakery-trailer\/"]}]},{"@type":"ImageObject","inLanguage":"sl-SI","@id":"https:\/\/www.honlufoodtrailer.com\/product\/16ft-stainless-steel-bakery-trailer\/#primaryimage","url":"https:\/\/www.honlufoodtrailer.com\/wp-content\/uploads\/2024\/07\/16ft-airstream-bakery-trailer.jpg","contentUrl":"https:\/\/www.honlufoodtrailer.com\/wp-content\/uploads\/2024\/07\/16ft-airstream-bakery-trailer.jpg","width":720,"height":540,"caption":"16ft airstream bakery trailer"},{"@type":"BreadcrumbList","@id":"https:\/\/www.honlufoodtrailer.com\/product\/16ft-stainless-steel-bakery-trailer\/#breadcrumb","itemListElement":[{"@type":"ListItem","position":1,"name":"Home","item":"https:\/\/www.honlufoodtrailer.com\/"},{"@type":"ListItem","position":2,"name":"\u4ea7\u54c1","item":"https:\/\/www.honlufoodtrailer.com\/shop\/"},{"@type":"ListItem","position":3,"name":"16ft Stainless Steel Bakery Trailer"}]},{"@type":"WebSite","@id":"https:\/\/www.honlufoodtrailer.com\/#website","url":"https:\/\/www.honlufoodtrailer.com\/","name":"Prikolica za hrano Honlu","description":"","publisher":{"@id":"https:\/\/www.honlufoodtrailer.com\/#organization"},"potentialAction":[{"@type":"SearchAction","target":{"@type":"EntryPoint","urlTemplate":"https:\/\/www.honlufoodtrailer.com\/?s={search_term_string}"},"query-input":{"@type":"PropertyValueSpecification","valueRequired":true,"valueName":"search_term_string"}}],"inLanguage":"sl-SI"},{"@type":"Organization","@id":"https:\/\/www.honlufoodtrailer.com\/#organization","name":"Prikolica za hrano Honlu","url":"https:\/\/www.honlufoodtrailer.com\/","logo":{"@type":"ImageObject","inLanguage":"sl-SI","@id":"https:\/\/www.honlufoodtrailer.com\/#\/schema\/logo\/image\/","url":"https:\/\/www.honlufoodtrailer.com\/wp-content\/uploads\/2021\/12\/2.gif","contentUrl":"https:\/\/www.honlufoodtrailer.com\/wp-content\/uploads\/2021\/12\/2.gif","width":350,"height":100,"caption":"Honlu food trailer"},"image":{"@id":"https:\/\/www.honlufoodtrailer.com\/#\/schema\/logo\/image\/"}}]}},"_links":{"self":[{"href":"https:\/\/www.honlufoodtrailer.com\/sl\/wp-json\/wp\/v2\/product\/8153","targetHints":{"allow":["GET"]}}],"collection":[{"href":"https:\/\/www.honlufoodtrailer.com\/sl\/wp-json\/wp\/v2\/product"}],"about":[{"href":"https:\/\/www.honlufoodtrailer.com\/sl\/wp-json\/wp\/v2\/types\/product"}],"version-history":[{"count":4,"href":"https:\/\/www.honlufoodtrailer.com\/sl\/wp-json\/wp\/v2\/product\/8153\/revisions"}],"predecessor-version":[{"id":8167,"href":"https:\/\/www.honlufoodtrailer.com\/sl\/wp-json\/wp\/v2\/product\/8153\/revisions\/8167"}],"wp:featuredmedia":[{"embeddable":true,"href":"https:\/\/www.honlufoodtrailer.com\/sl\/wp-json\/wp\/v2\/media\/8160"}],"wp:attachment":[{"href":"https:\/\/www.honlufoodtrailer.com\/sl\/wp-json\/wp\/v2\/media?parent=8153"}],"wp:term":[{"taxonomy":"product_brand","embeddable":true,"href":"https:\/\/www.honlufoodtrailer.com\/sl\/wp-json\/wp\/v2\/product_brand?post=8153"},{"taxonomy":"product_cat","embeddable":true,"href":"https:\/\/www.honlufoodtrailer.com\/sl\/wp-json\/wp\/v2\/product_cat?post=8153"},{"taxonomy":"product_tag","embeddable":true,"href":"https:\/\/www.honlufoodtrailer.com\/sl\/wp-json\/wp\/v2\/product_tag?post=8153"}],"curies":[{"name":"wp","href":"https:\/\/api.w.org\/{rel}","templated":true}]}}