{"id":8283,"date":"2024-08-28T18:13:20","date_gmt":"2024-08-28T10:13:20","guid":{"rendered":"https:\/\/www.honlufoodtrailer.com\/?post_type=product&#038;p=8283"},"modified":"2025-02-14T14:05:02","modified_gmt":"2025-02-14T06:05:02","slug":"23ft-taqueria-taco-truck","status":"publish","type":"product","link":"https:\/\/www.honlufoodtrailer.com\/sl\/product\/23ft-taqueria-taco-truck\/","title":{"rendered":"23-metrski tovornjak s tacosi Taqueria"},"content":{"rendered":"<p>I\u0161\u010dete tovornjak s tacosi? Oglejte si ta 7-metrski tovornjak s tacosi tukaj! Prilagodili smo ga za eno od na\u0161ih strank. Na\u0161a stranka ga bo uporabljala za prodajo mehi\u0161ke hrane. Izdelamo lahko podoben tovornjak s hrano ali pa ga prilagodimo za vas. Barvo karoserije, nalepke, oznake in kuhinjsko opremo prikolice za tovornjak s tacosi je mogo\u010de prilagoditi. Zdaj pa si oglejte nekaj slik tega tovornjaka s hrano!<\/p>\n<p><img fetchpriority=\"high\" decoding=\"async\" class=\"aligncenter size-full wp-image-8290\" src=\"https:\/\/www.honlufoodtrailer.com\/wp-content\/uploads\/2024\/08\/7m-taqueria-truck.jpg\" alt=\"7-metrski tovornjak s taqueriami\" width=\"720\" height=\"540\" srcset=\"https:\/\/www.honlufoodtrailer.com\/wp-content\/uploads\/2024\/08\/7m-taqueria-truck.jpg 720w, https:\/\/www.honlufoodtrailer.com\/wp-content\/uploads\/2024\/08\/7m-taqueria-truck-480x360.jpg 480w, https:\/\/www.honlufoodtrailer.com\/wp-content\/uploads\/2024\/08\/7m-taqueria-truck-300x225.jpg 300w\" sizes=\"(max-width: 720px) 100vw, 720px\" \/> <img decoding=\"async\" class=\"aligncenter size-full wp-image-8286\" src=\"https:\/\/www.honlufoodtrailer.com\/wp-content\/uploads\/2024\/08\/7m-taco-food-truck.jpg\" alt=\"7-metrski tovornjak s tacosi in hrano\" width=\"720\" height=\"540\" srcset=\"https:\/\/www.honlufoodtrailer.com\/wp-content\/uploads\/2024\/08\/7m-taco-food-truck.jpg 720w, https:\/\/www.honlufoodtrailer.com\/wp-content\/uploads\/2024\/08\/7m-taco-food-truck-480x360.jpg 480w, https:\/\/www.honlufoodtrailer.com\/wp-content\/uploads\/2024\/08\/7m-taco-food-truck-300x225.jpg 300w\" sizes=\"(max-width: 720px) 100vw, 720px\" \/><\/p>\n<p>Kot lahko vidimo na zgornjih slikah, ima ta 7 m velik tovornjak s tacosi privla\u010dno barvo. Glede na zahteve stranke smo na sprednji del tovornjaka s hrano izdelali nalepke in jedilnike. Na sprednji strani tovornjaka s hrano sta tudi dve veliki servisni okni, kjer lahko gostje naro\u010dijo in prevzamejo svoje obroke. Na vrhu tovornjaka s hrano smo izdelali tablo. Na desni strani tovornjaka s hrano so vrata za vstop in izstop.<\/p>\n<h2>Uporaba tega 23-metrskega tovornjaka za tacoje Taqueria<\/h2>\n<p>Na\u0161e stranke ta tovornjak s hrano uporabljajo predvsem za prodajo razli\u010dnih vrst mehi\u0161ke hrane, kot so mehi\u0161ke tortilje, burito, quesadilla, cezarjeva solata, mehi\u0161ki \u017ear in nachosi. S 7,1 m prostora lahko ta tovornjak s hrano postre\u017ee velikemu \u0161tevilu ljudi. Nato si poglejmo notranjost tega tovornjaka s taquerijo.<\/p>\n<p><img decoding=\"async\" class=\"aligncenter size-full wp-image-8289\" src=\"https:\/\/www.honlufoodtrailer.com\/wp-content\/uploads\/2024\/08\/7m-taqueria-taco-truck-inner-view.jpg\" alt=\"7m taqueria taco truck pogled od znotraj\" width=\"720\" height=\"540\" srcset=\"https:\/\/www.honlufoodtrailer.com\/wp-content\/uploads\/2024\/08\/7m-taqueria-taco-truck-inner-view.jpg 720w, https:\/\/www.honlufoodtrailer.com\/wp-content\/uploads\/2024\/08\/7m-taqueria-taco-truck-inner-view-480x360.jpg 480w, https:\/\/www.honlufoodtrailer.com\/wp-content\/uploads\/2024\/08\/7m-taqueria-taco-truck-inner-view-300x225.jpg 300w\" sizes=\"(max-width: 720px) 100vw, 720px\" \/> <img loading=\"lazy\" decoding=\"async\" class=\"aligncenter size-full wp-image-8294\" src=\"https:\/\/www.honlufoodtrailer.com\/wp-content\/uploads\/2024\/08\/7m-taqueria-taco-truck-inner-structure.jpg\" alt=\"Notranja struktura 7m tovornjaka za taquerie\" width=\"800\" height=\"800\" srcset=\"https:\/\/www.honlufoodtrailer.com\/wp-content\/uploads\/2024\/08\/7m-taqueria-taco-truck-inner-structure.jpg 800w, https:\/\/www.honlufoodtrailer.com\/wp-content\/uploads\/2024\/08\/7m-taqueria-taco-truck-inner-structure-768x768.jpg 768w, https:\/\/www.honlufoodtrailer.com\/wp-content\/uploads\/2024\/08\/7m-taqueria-taco-truck-inner-structure-360x360.jpg 360w, https:\/\/www.honlufoodtrailer.com\/wp-content\/uploads\/2024\/08\/7m-taqueria-taco-truck-inner-structure-300x300.jpg 300w, https:\/\/www.honlufoodtrailer.com\/wp-content\/uploads\/2024\/08\/7m-taqueria-taco-truck-inner-structure-720x720.jpg 720w, https:\/\/www.honlufoodtrailer.com\/wp-content\/uploads\/2024\/08\/7m-taqueria-taco-truck-inner-structure-100x100.jpg 100w\" sizes=\"(max-width: 800px) 100vw, 800px\" \/><\/p>\n<p>Kot lahko vidimo na zgornji sliki, smo 7-metrski tovornjak s tacosi opremili z nekaj kuhinjske opreme. V prikolici je predvsem kuhinjska oprema, kot so plinski \u0161tedilnik, 3+1 pomivalna korita, hladilnik s solatnim barom, plinska plo\u0161\u010da za kuhanje, napa, klimatska naprava itd. Z zgoraj navedeno kuhinjsko opremo bo na\u0161a stranka lahko postregla gostom razli\u010dne vrste mehi\u0161ke hrane.<\/p>\n<h2><b class=\"magic-22\"><span class=\"magic-11\">Ve\u010d podrobnosti:<\/span><\/b><\/h2>\n<p>Oglejte si ve\u010d podrobnosti o izdelavi tega tovornjaka s tacosi iz taquerie. Kot profesionalni proizvajalec in izvoznik prikolic za hrano z ve\u010d kot 10-letnimi izku\u0161njami poznamo predpise in zahteve \u0161tevilnih dr\u017eav, zato vam bomo zagotovili tovornjake s hrano, ki ustrezajo zahtevam va\u0161e dr\u017eave. Za prilagoditev lastnega tovornjaka s hrano nas preprosto kontaktirajte!<\/p>\n<p><img loading=\"lazy\" decoding=\"async\" class=\"aligncenter size-full wp-image-8295\" src=\"https:\/\/www.honlufoodtrailer.com\/wp-content\/uploads\/2024\/08\/23ft-taqueria-taco-truck-details.jpg\" alt=\"Podrobnosti o 23-metrskem tovornjaku s tacosi taqueria\" width=\"800\" height=\"800\" srcset=\"https:\/\/www.honlufoodtrailer.com\/wp-content\/uploads\/2024\/08\/23ft-taqueria-taco-truck-details.jpg 800w, https:\/\/www.honlufoodtrailer.com\/wp-content\/uploads\/2024\/08\/23ft-taqueria-taco-truck-details-768x768.jpg 768w, https:\/\/www.honlufoodtrailer.com\/wp-content\/uploads\/2024\/08\/23ft-taqueria-taco-truck-details-360x360.jpg 360w, https:\/\/www.honlufoodtrailer.com\/wp-content\/uploads\/2024\/08\/23ft-taqueria-taco-truck-details-300x300.jpg 300w, https:\/\/www.honlufoodtrailer.com\/wp-content\/uploads\/2024\/08\/23ft-taqueria-taco-truck-details-720x720.jpg 720w, https:\/\/www.honlufoodtrailer.com\/wp-content\/uploads\/2024\/08\/23ft-taqueria-taco-truck-details-100x100.jpg 100w\" sizes=\"(max-width: 800px) 100vw, 800px\" \/><\/p>\n<h3>Glavne zna\u010dilnosti tega mobilnega tovornjaka Taco:<\/h3>\n<p><span class=\"magic-12\">1. 7 metrov dolga, prostorna notranjost;<br \/>\n2. Enostavno se lahko premaknete na poljubno mesto (va\u0161e poslovanje ni omejeno);<br \/>\n3. Privla\u010den videz (neviden za privabljanje ve\u010d strank);<br \/>\n4. Dolga \u017eivljenjska doba (odporna proti koroziji, toplotni odpornosti, vodoodporna, brez deformacij).<\/span><\/p>\n<h3>Brezpla\u010dno 2D\/3D risanje tlorisa<\/h3>\n<p>Po potrditvi dimenzij prikolice za hrano in notranje kuhinjske opreme vam lahko brezpla\u010dno zagotovimo 3D risbe. To vam bo omogo\u010dilo jasnej\u0161o predstavo o va\u0161i zasnovi in va\u0161em vozi\u010dku za hrano. Pri potrditvi lokacije kuhinjske opreme vam lahko s pomo\u010djo tlorisa jasno sporo\u010dimo, kje se bo nahajala. Prav tako vam lahko zagotovimo izvirne dokumente za la\u017eje oblikovanje in prilagoditve.<\/p>\n<h3>Ve\u010d podobnih tovornjakov s tacosi:<\/h3>\n<p>Oglejte si \u0161e nekaj drugih tovornjakov s tacosi, ki smo jih prilagodili za na\u0161e stranke. V nadaljevanju je <a href=\"https:\/\/www.honlufoodtrailer.com\/sl\/product\/5-7m-mexican-food-trailer\/\" target=\"_blank\" rel=\"noopener\">5,7-metrska prikolica za prevoz mehi\u0161ke hrane<\/a>. <a href=\"https:\/\/www.honlufoodtrailer.com\/sl\/product\/18ft-mexican-food-trailers-for-sale\/\" target=\"_blank\" rel=\"noopener\">18-metrska prikolica za mehi\u0161ko hrano<\/a>. <a href=\"https:\/\/www.honlufoodtrailer.com\/sl\/product\/26ft-taco-truck-trailer-for-sale\/\" target=\"_blank\" rel=\"noopener\">26-metrska prikolica za tacos<\/a>. \u010ce vas zanima katera od teh prikolic za hrano, nas prosim kontaktirajte zdaj!<\/p>","protected":false},"excerpt":{"rendered":"<p>To je eden od na\u0161ih 23-metrskih tovornjakov za taquerie, izdelanih po meri. Celotno vozilo je izdelano iz nerjave\u010dega jekla in pocinkane plo\u010devine. Na\u0161e stranke ga uporabljajo predvsem za prodajo mehi\u0161ke hrane. <strong>Za ve\u010d podrobnosti o tej prikolici za hrano kliknite na naslednje zavihke.<\/strong>. Zunanjost in notranjost tovornjaka s hrano lahko prilagodimo va\u0161im podrobnim zahtevam. Brez oklevanja nas kontaktirajte in nam sporo\u010dite svoje dejanske zahteve!<\/p>","protected":false},"featured_media":8285,"template":"","meta":{"_themeisle_gutenberg_block_has_review":false},"product_brand":[],"product_cat":[26],"product_tag":[33,62,63,84,64],"class_list":{"0":"post-8283","1":"product","2":"type-product","3":"status-publish","4":"has-post-thumbnail","6":"product_cat-product","7":"product_tag-customized-trailer","8":"product_tag-taco-food-trailer","9":"product_tag-taco-food-trailer-for-sale","10":"product_tag-taco-truck","11":"product_tag-taco-truck-trailer","13":"first","14":"instock","15":"shipping-taxable","16":"product-type-simple"},"yoast_head":"<!-- This site is optimized with the Yoast SEO plugin v27.5 - https:\/\/yoast.com\/product\/yoast-seo-wordpress\/ -->\n<title>Factory Price 23ft Taqueria Taco Truck From China - Honlu<\/title>\n<meta name=\"description\" content=\"This is a 23ft taqueria taco truck we have customized for an American customer. Get a similar or customized one at factory price now!\" \/>\n<meta name=\"robots\" content=\"index, follow, max-snippet:-1, max-image-preview:large, max-video-preview:-1\" \/>\n<link rel=\"canonical\" href=\"https:\/\/www.honlufoodtrailer.com\/sl\/product\/23ft-taqueria-taco-truck\/\" \/>\n<meta property=\"og:locale\" content=\"sl_SI\" \/>\n<meta property=\"og:type\" content=\"article\" \/>\n<meta property=\"og:title\" content=\"Factory Price 23ft Taqueria Taco Truck From China - Honlu\" \/>\n<meta property=\"og:description\" content=\"This is a 23ft taqueria taco truck we have customized for an American customer. Get a similar or customized one at factory price now!\" \/>\n<meta property=\"og:url\" content=\"https:\/\/www.honlufoodtrailer.com\/sl\/product\/23ft-taqueria-taco-truck\/\" \/>\n<meta property=\"og:site_name\" content=\"Honlu food trailer\" \/>\n<meta property=\"article:modified_time\" content=\"2025-02-14T06:05:02+00:00\" \/>\n<meta property=\"og:image\" content=\"https:\/\/www.honlufoodtrailer.com\/wp-content\/uploads\/2024\/08\/7m-mobile-taco-truck.jpg\" \/>\n\t<meta property=\"og:image:width\" content=\"720\" \/>\n\t<meta property=\"og:image:height\" content=\"540\" \/>\n\t<meta property=\"og:image:type\" content=\"image\/jpeg\" \/>\n<meta name=\"twitter:card\" content=\"summary_large_image\" \/>\n<meta name=\"twitter:label1\" content=\"Est. reading time\" \/>\n\t<meta name=\"twitter:data1\" content=\"1 minuta\" \/>\n<script type=\"application\/ld+json\" class=\"yoast-schema-graph\">{\"@context\":\"https:\\\/\\\/schema.org\",\"@graph\":[{\"@type\":\"WebPage\",\"@id\":\"https:\\\/\\\/www.honlufoodtrailer.com\\\/product\\\/23ft-taqueria-taco-truck\\\/\",\"url\":\"https:\\\/\\\/www.honlufoodtrailer.com\\\/product\\\/23ft-taqueria-taco-truck\\\/\",\"name\":\"Factory Price 23ft Taqueria Taco Truck From China - Honlu\",\"isPartOf\":{\"@id\":\"https:\\\/\\\/www.honlufoodtrailer.com\\\/#website\"},\"primaryImageOfPage\":{\"@id\":\"https:\\\/\\\/www.honlufoodtrailer.com\\\/product\\\/23ft-taqueria-taco-truck\\\/#primaryimage\"},\"image\":{\"@id\":\"https:\\\/\\\/www.honlufoodtrailer.com\\\/product\\\/23ft-taqueria-taco-truck\\\/#primaryimage\"},\"thumbnailUrl\":\"https:\\\/\\\/www.honlufoodtrailer.com\\\/wp-content\\\/uploads\\\/2024\\\/08\\\/7m-mobile-taco-truck.jpg\",\"datePublished\":\"2024-08-28T10:13:20+00:00\",\"dateModified\":\"2025-02-14T06:05:02+00:00\",\"description\":\"This is a 23ft taqueria taco truck we have customized for an American customer. Get a similar or customized one at factory price now!\",\"breadcrumb\":{\"@id\":\"https:\\\/\\\/www.honlufoodtrailer.com\\\/product\\\/23ft-taqueria-taco-truck\\\/#breadcrumb\"},\"inLanguage\":\"sl-SI\",\"potentialAction\":[{\"@type\":\"ReadAction\",\"target\":[\"https:\\\/\\\/www.honlufoodtrailer.com\\\/product\\\/23ft-taqueria-taco-truck\\\/\"]}]},{\"@type\":\"ImageObject\",\"inLanguage\":\"sl-SI\",\"@id\":\"https:\\\/\\\/www.honlufoodtrailer.com\\\/product\\\/23ft-taqueria-taco-truck\\\/#primaryimage\",\"url\":\"https:\\\/\\\/www.honlufoodtrailer.com\\\/wp-content\\\/uploads\\\/2024\\\/08\\\/7m-mobile-taco-truck.jpg\",\"contentUrl\":\"https:\\\/\\\/www.honlufoodtrailer.com\\\/wp-content\\\/uploads\\\/2024\\\/08\\\/7m-mobile-taco-truck.jpg\",\"width\":720,\"height\":540,\"caption\":\"7m mobile taco truck\"},{\"@type\":\"BreadcrumbList\",\"@id\":\"https:\\\/\\\/www.honlufoodtrailer.com\\\/product\\\/23ft-taqueria-taco-truck\\\/#breadcrumb\",\"itemListElement\":[{\"@type\":\"ListItem\",\"position\":1,\"name\":\"Home\",\"item\":\"https:\\\/\\\/www.honlufoodtrailer.com\\\/\"},{\"@type\":\"ListItem\",\"position\":2,\"name\":\"\u4ea7\u54c1\",\"item\":\"https:\\\/\\\/www.honlufoodtrailer.com\\\/shop\\\/\"},{\"@type\":\"ListItem\",\"position\":3,\"name\":\"23ft Taqueria Taco Truck\"}]},{\"@type\":\"WebSite\",\"@id\":\"https:\\\/\\\/www.honlufoodtrailer.com\\\/#website\",\"url\":\"https:\\\/\\\/www.honlufoodtrailer.com\\\/\",\"name\":\"Honlu food trailer\",\"description\":\"\",\"publisher\":{\"@id\":\"https:\\\/\\\/www.honlufoodtrailer.com\\\/#organization\"},\"potentialAction\":[{\"@type\":\"SearchAction\",\"target\":{\"@type\":\"EntryPoint\",\"urlTemplate\":\"https:\\\/\\\/www.honlufoodtrailer.com\\\/?s={search_term_string}\"},\"query-input\":{\"@type\":\"PropertyValueSpecification\",\"valueRequired\":true,\"valueName\":\"search_term_string\"}}],\"inLanguage\":\"sl-SI\"},{\"@type\":\"Organization\",\"@id\":\"https:\\\/\\\/www.honlufoodtrailer.com\\\/#organization\",\"name\":\"Honlu food trailer\",\"url\":\"https:\\\/\\\/www.honlufoodtrailer.com\\\/\",\"logo\":{\"@type\":\"ImageObject\",\"inLanguage\":\"sl-SI\",\"@id\":\"https:\\\/\\\/www.honlufoodtrailer.com\\\/#\\\/schema\\\/logo\\\/image\\\/\",\"url\":\"https:\\\/\\\/www.honlufoodtrailer.com\\\/wp-content\\\/uploads\\\/2021\\\/12\\\/2.gif\",\"contentUrl\":\"https:\\\/\\\/www.honlufoodtrailer.com\\\/wp-content\\\/uploads\\\/2021\\\/12\\\/2.gif\",\"width\":350,\"height\":100,\"caption\":\"Honlu food trailer\"},\"image\":{\"@id\":\"https:\\\/\\\/www.honlufoodtrailer.com\\\/#\\\/schema\\\/logo\\\/image\\\/\"}}]}<\/script>\n<!-- \/ Yoast SEO plugin. -->","yoast_head_json":{"title":"Tovarni\u0161ka cena 23-metrskega tovornjaka za taco Taqueria iz Kitajske - Honlu","description":"To je 7-metrski tovornjak za taquerie, ki smo ga prilagodili za ameri\u0161ko stranko. Pridobite podoben ali prilagojen tovornjak po tovarni\u0161ki ceni zdaj!","robots":{"index":"index","follow":"follow","max-snippet":"max-snippet:-1","max-image-preview":"max-image-preview:large","max-video-preview":"max-video-preview:-1"},"canonical":"https:\/\/www.honlufoodtrailer.com\/sl\/product\/23ft-taqueria-taco-truck\/","og_locale":"sl_SI","og_type":"article","og_title":"Factory Price 23ft Taqueria Taco Truck From China - Honlu","og_description":"This is a 23ft taqueria taco truck we have customized for an American customer. Get a similar or customized one at factory price now!","og_url":"https:\/\/www.honlufoodtrailer.com\/sl\/product\/23ft-taqueria-taco-truck\/","og_site_name":"Honlu food trailer","article_modified_time":"2025-02-14T06:05:02+00:00","og_image":[{"width":720,"height":540,"url":"https:\/\/www.honlufoodtrailer.com\/wp-content\/uploads\/2024\/08\/7m-mobile-taco-truck.jpg","type":"image\/jpeg"}],"twitter_card":"summary_large_image","twitter_misc":{"Est. reading time":"1 minuta"},"schema":{"@context":"https:\/\/schema.org","@graph":[{"@type":"WebPage","@id":"https:\/\/www.honlufoodtrailer.com\/product\/23ft-taqueria-taco-truck\/","url":"https:\/\/www.honlufoodtrailer.com\/product\/23ft-taqueria-taco-truck\/","name":"Tovarni\u0161ka cena 23-metrskega tovornjaka za taco Taqueria iz Kitajske - Honlu","isPartOf":{"@id":"https:\/\/www.honlufoodtrailer.com\/#website"},"primaryImageOfPage":{"@id":"https:\/\/www.honlufoodtrailer.com\/product\/23ft-taqueria-taco-truck\/#primaryimage"},"image":{"@id":"https:\/\/www.honlufoodtrailer.com\/product\/23ft-taqueria-taco-truck\/#primaryimage"},"thumbnailUrl":"https:\/\/www.honlufoodtrailer.com\/wp-content\/uploads\/2024\/08\/7m-mobile-taco-truck.jpg","datePublished":"2024-08-28T10:13:20+00:00","dateModified":"2025-02-14T06:05:02+00:00","description":"To je 7-metrski tovornjak za taquerie, ki smo ga prilagodili za ameri\u0161ko stranko. Pridobite podoben ali prilagojen tovornjak po tovarni\u0161ki ceni zdaj!","breadcrumb":{"@id":"https:\/\/www.honlufoodtrailer.com\/product\/23ft-taqueria-taco-truck\/#breadcrumb"},"inLanguage":"sl-SI","potentialAction":[{"@type":"ReadAction","target":["https:\/\/www.honlufoodtrailer.com\/product\/23ft-taqueria-taco-truck\/"]}]},{"@type":"ImageObject","inLanguage":"sl-SI","@id":"https:\/\/www.honlufoodtrailer.com\/product\/23ft-taqueria-taco-truck\/#primaryimage","url":"https:\/\/www.honlufoodtrailer.com\/wp-content\/uploads\/2024\/08\/7m-mobile-taco-truck.jpg","contentUrl":"https:\/\/www.honlufoodtrailer.com\/wp-content\/uploads\/2024\/08\/7m-mobile-taco-truck.jpg","width":720,"height":540,"caption":"7m mobile taco truck"},{"@type":"BreadcrumbList","@id":"https:\/\/www.honlufoodtrailer.com\/product\/23ft-taqueria-taco-truck\/#breadcrumb","itemListElement":[{"@type":"ListItem","position":1,"name":"Home","item":"https:\/\/www.honlufoodtrailer.com\/"},{"@type":"ListItem","position":2,"name":"\u4ea7\u54c1","item":"https:\/\/www.honlufoodtrailer.com\/shop\/"},{"@type":"ListItem","position":3,"name":"23ft Taqueria Taco Truck"}]},{"@type":"WebSite","@id":"https:\/\/www.honlufoodtrailer.com\/#website","url":"https:\/\/www.honlufoodtrailer.com\/","name":"Prikolica za hrano Honlu","description":"","publisher":{"@id":"https:\/\/www.honlufoodtrailer.com\/#organization"},"potentialAction":[{"@type":"SearchAction","target":{"@type":"EntryPoint","urlTemplate":"https:\/\/www.honlufoodtrailer.com\/?s={search_term_string}"},"query-input":{"@type":"PropertyValueSpecification","valueRequired":true,"valueName":"search_term_string"}}],"inLanguage":"sl-SI"},{"@type":"Organization","@id":"https:\/\/www.honlufoodtrailer.com\/#organization","name":"Prikolica za hrano Honlu","url":"https:\/\/www.honlufoodtrailer.com\/","logo":{"@type":"ImageObject","inLanguage":"sl-SI","@id":"https:\/\/www.honlufoodtrailer.com\/#\/schema\/logo\/image\/","url":"https:\/\/www.honlufoodtrailer.com\/wp-content\/uploads\/2021\/12\/2.gif","contentUrl":"https:\/\/www.honlufoodtrailer.com\/wp-content\/uploads\/2021\/12\/2.gif","width":350,"height":100,"caption":"Honlu food trailer"},"image":{"@id":"https:\/\/www.honlufoodtrailer.com\/#\/schema\/logo\/image\/"}}]}},"_links":{"self":[{"href":"https:\/\/www.honlufoodtrailer.com\/sl\/wp-json\/wp\/v2\/product\/8283","targetHints":{"allow":["GET"]}}],"collection":[{"href":"https:\/\/www.honlufoodtrailer.com\/sl\/wp-json\/wp\/v2\/product"}],"about":[{"href":"https:\/\/www.honlufoodtrailer.com\/sl\/wp-json\/wp\/v2\/types\/product"}],"version-history":[{"count":0,"href":"https:\/\/www.honlufoodtrailer.com\/sl\/wp-json\/wp\/v2\/product\/8283\/revisions"}],"wp:featuredmedia":[{"embeddable":true,"href":"https:\/\/www.honlufoodtrailer.com\/sl\/wp-json\/wp\/v2\/media\/8285"}],"wp:attachment":[{"href":"https:\/\/www.honlufoodtrailer.com\/sl\/wp-json\/wp\/v2\/media?parent=8283"}],"wp:term":[{"taxonomy":"product_brand","embeddable":true,"href":"https:\/\/www.honlufoodtrailer.com\/sl\/wp-json\/wp\/v2\/product_brand?post=8283"},{"taxonomy":"product_cat","embeddable":true,"href":"https:\/\/www.honlufoodtrailer.com\/sl\/wp-json\/wp\/v2\/product_cat?post=8283"},{"taxonomy":"product_tag","embeddable":true,"href":"https:\/\/www.honlufoodtrailer.com\/sl\/wp-json\/wp\/v2\/product_tag?post=8283"}],"curies":[{"name":"wp","href":"https:\/\/api.w.org\/{rel}","templated":true}]}}