{"id":8306,"date":"2024-09-04T18:36:18","date_gmt":"2024-09-04T10:36:18","guid":{"rendered":"https:\/\/www.honlufoodtrailer.com\/?post_type=product&#038;p=8306"},"modified":"2025-06-12T18:37:27","modified_gmt":"2025-06-12T10:37:27","slug":"18ft-pickle-food-truck-for-sale-usa","status":"publish","type":"product","link":"https:\/\/www.honlufoodtrailer.com\/sl\/product\/18ft-pickle-food-truck-for-sale-usa\/","title":{"rendered":"18ft ( 5,7m) Pickle Food Truck za prodajo ZDA"},"content":{"rendered":"<p>I\u0161\u010dete tovornjak z ocvirki? Honlu je pravkar dostavil po meri <a href=\"https:\/\/www.honlufoodtrailer.com\/sl\/product\/18ft-pickle-food-truck\/\"><strong>18,7 ft prikolica za hrano iz kumaric<\/strong><\/a> za ameri\u0161ko stranko, ki je imel \u010disto belo zunanjost in je bil v celoti ovit z nalepkami. Drsno sprednje okno omogo\u010da hitro in u\u010dinkovito servisiranje. Vsaka podrobnost je prilagojena slogu in funkciji.<\/p>\n<p><strong>Zdaj pa si podrobno oglejmo ta tovornjak za prevoz kumaric!<\/strong><\/p>\n<figure id=\"attachment_8313\" aria-describedby=\"caption-attachment-8313\" style=\"width: 720px\" class=\"wp-caption aligncenter\"><img fetchpriority=\"high\" decoding=\"async\" class=\"wp-image-8313 size-full\" title=\"18,7 ft pickle food truck spredaj\" src=\"https:\/\/www.honlufoodtrailer.com\/wp-content\/uploads\/2024\/09\/18.7ft-Pickles-And-Burger-Trailer.jpg\" alt=\"18,7 ft pickle food truck spredaj\" width=\"720\" height=\"540\" srcset=\"https:\/\/www.honlufoodtrailer.com\/wp-content\/uploads\/2024\/09\/18.7ft-Pickles-And-Burger-Trailer.jpg 720w, https:\/\/www.honlufoodtrailer.com\/wp-content\/uploads\/2024\/09\/18.7ft-Pickles-And-Burger-Trailer-480x360.jpg 480w, https:\/\/www.honlufoodtrailer.com\/wp-content\/uploads\/2024\/09\/18.7ft-Pickles-And-Burger-Trailer-300x225.jpg 300w\" sizes=\"(max-width: 720px) 100vw, 720px\" \/><figcaption id=\"caption-attachment-8313\" class=\"wp-caption-text\">18,7 ft tovornjak za prevoz hrane z ocvirki<\/figcaption><\/figure>\n<figure id=\"attachment_8312\" aria-describedby=\"caption-attachment-8312\" style=\"width: 720px\" class=\"wp-caption aligncenter\"><img decoding=\"async\" class=\"wp-image-8312 size-full\" title=\"18,7 \u010devljev pickle food truck stranski pogled\" src=\"https:\/\/www.honlufoodtrailer.com\/wp-content\/uploads\/2024\/09\/18.7ft-Pickles-And-Burger-Trailer-view.jpg\" alt=\"18,7 \u010devljev pickle food truck stranski pogled\" width=\"720\" height=\"540\" srcset=\"https:\/\/www.honlufoodtrailer.com\/wp-content\/uploads\/2024\/09\/18.7ft-Pickles-And-Burger-Trailer-view.jpg 720w, https:\/\/www.honlufoodtrailer.com\/wp-content\/uploads\/2024\/09\/18.7ft-Pickles-And-Burger-Trailer-view-480x360.jpg 480w, https:\/\/www.honlufoodtrailer.com\/wp-content\/uploads\/2024\/09\/18.7ft-Pickles-And-Burger-Trailer-view-300x225.jpg 300w\" sizes=\"(max-width: 720px) 100vw, 720px\" \/><figcaption id=\"caption-attachment-8312\" class=\"wp-caption-text\">18,7 \u010devljev pickle food truck<\/figcaption><\/figure>\n<h3>Notranjost 18 \u010devljev dolgega tovornjaka za prevoz kumaric za trg ZDA:<\/h3>\n<p data-start=\"77\" data-end=\"238\">njegova 18 \u010devljev velika prikolica za hrano, ki meri pribli\u017eno 5,7 m, je popolnoma opremljena z osnovnimi kuhinjskimi aparati, vklju\u010dno z:<\/p>\n<ul data-start=\"239\" data-end=\"520\">\n<li data-start=\"239\" data-end=\"282\">\n<p data-start=\"241\" data-end=\"282\">Mikrora\u010dunalni\u0161ki krmilnik hlajenja<\/p>\n<\/li>\n<li data-start=\"283\" data-end=\"312\">\n<p data-start=\"285\" data-end=\"312\">Delovna miza iz nerjave\u010dega jekla<\/p>\n<\/li>\n<li data-start=\"313\" data-end=\"337\">\n<p data-start=\"315\" data-end=\"337\">Plinski \u0161tedilnik z dvema gorilnikoma<\/p>\n<\/li>\n<li data-start=\"338\" data-end=\"357\">\n<p data-start=\"340\" data-end=\"357\">36-pal\u010dna plinska re\u0161etka<\/p>\n<\/li>\n<li data-start=\"358\" data-end=\"383\">\n<p data-start=\"360\" data-end=\"383\">Komercialni cvrtnik<\/p>\n<\/li>\n<li data-start=\"384\" data-end=\"409\">\n<p data-start=\"386\" data-end=\"409\">Visokozmogljiva kuhinjska napa<\/p>\n<\/li>\n<li data-start=\"410\" data-end=\"462\">\n<p data-start=\"412\" data-end=\"462\">3-komorni umivalnik z 1 umivalnikom za umivanje rok (3+1)<\/p>\n<\/li>\n<li data-start=\"463\" data-end=\"491\">\n<p data-start=\"465\" data-end=\"491\">Vgrajena klimatska naprava<\/p>\n<\/li>\n<li data-start=\"492\" data-end=\"520\">\n<p data-start=\"494\" data-end=\"520\">Zgornja omara za shranjevanje<\/p>\n<\/li>\n<\/ul>\n<p data-start=\"522\" data-end=\"648\" data-is-last-node=\"\" data-is-only-node=\"\">Vse je zasnovano tako, da izpolnjuje ameri\u0161ke standarde za mobilno prodajo hrane, kar zagotavlja nemoten za\u010detek poslovanja va\u0161ega tovornjaka s hrano.<\/p>\n<p><img decoding=\"async\" class=\"aligncenter wp-image-8308 size-full\" title=\"Notranja struktura tovornjaka z ocvirki\" src=\"https:\/\/www.honlufoodtrailer.com\/wp-content\/uploads\/2024\/09\/5.7m-Pickles-And-Burger-Trailer-inner-view.jpg\" alt=\"5,7 m Pickles And Burger Trailer notranji pogled\" width=\"720\" height=\"540\" srcset=\"https:\/\/www.honlufoodtrailer.com\/wp-content\/uploads\/2024\/09\/5.7m-Pickles-And-Burger-Trailer-inner-view.jpg 720w, https:\/\/www.honlufoodtrailer.com\/wp-content\/uploads\/2024\/09\/5.7m-Pickles-And-Burger-Trailer-inner-view-480x360.jpg 480w, https:\/\/www.honlufoodtrailer.com\/wp-content\/uploads\/2024\/09\/5.7m-Pickles-And-Burger-Trailer-inner-view-300x225.jpg 300w\" sizes=\"(max-width: 720px) 100vw, 720px\" \/><img loading=\"lazy\" decoding=\"async\" class=\"aligncenter wp-image-8317 size-full\" title=\"notranji podatki o 18ft pickle food truck\" src=\"https:\/\/www.honlufoodtrailer.com\/wp-content\/uploads\/2024\/09\/inner-details-of-18ft-pickle-food-truck.jpg\" alt=\"notranji podatki o 18ft pickle food truck\" width=\"800\" height=\"800\" srcset=\"https:\/\/www.honlufoodtrailer.com\/wp-content\/uploads\/2024\/09\/inner-details-of-18ft-pickle-food-truck.jpg 800w, https:\/\/www.honlufoodtrailer.com\/wp-content\/uploads\/2024\/09\/inner-details-of-18ft-pickle-food-truck-768x768.jpg 768w, https:\/\/www.honlufoodtrailer.com\/wp-content\/uploads\/2024\/09\/inner-details-of-18ft-pickle-food-truck-360x360.jpg 360w, https:\/\/www.honlufoodtrailer.com\/wp-content\/uploads\/2024\/09\/inner-details-of-18ft-pickle-food-truck-300x300.jpg 300w, https:\/\/www.honlufoodtrailer.com\/wp-content\/uploads\/2024\/09\/inner-details-of-18ft-pickle-food-truck-720x720.jpg 720w, https:\/\/www.honlufoodtrailer.com\/wp-content\/uploads\/2024\/09\/inner-details-of-18ft-pickle-food-truck-100x100.jpg 100w\" sizes=\"(max-width: 800px) 100vw, 800px\" \/><\/p>\n<h3>18 \u010devljev dolg tovornjak za hrano z ocvirki je zunanji:<\/h3>\n<p data-start=\"153\" data-end=\"285\">Poleg kuhinjske opreme je to tudi <strong data-start=\"196\" data-end=\"222\">18ft Pickle Food Truck<\/strong> vklju\u010duje bistvene zunanje in strukturne zna\u010dilnosti, kot so:<\/p>\n<ul data-start=\"286\" data-end=\"438\">\n<li data-start=\"286\" data-end=\"314\">\n<p data-start=\"288\" data-end=\"314\">\u0160katla za shranjevanje plinske jeklenke<\/p>\n<\/li>\n<li data-start=\"315\" data-end=\"353\">\n<p data-start=\"317\" data-end=\"353\">O\u017ei\u010denje in kabelski sistem zadnjih lu\u010di<\/p>\n<\/li>\n<li data-start=\"354\" data-end=\"374\">\n<p data-start=\"356\" data-end=\"374\">Te\u017eke osi<\/p>\n<\/li>\n<li data-start=\"375\" data-end=\"402\">\n<p data-start=\"377\" data-end=\"402\">Drsna servisna okna<\/p>\n<\/li>\n<li data-start=\"403\" data-end=\"438\">\n<p data-start=\"405\" data-end=\"438\">Priklju\u010dki za priklju\u010ditev zunanjega napajanja<\/p>\n<\/li>\n<\/ul>\n<p data-start=\"440\" data-end=\"862\" data-is-last-node=\"\" data-is-only-node=\"\">V skladu z zahtevami stranke je honlu prilagodil to prikolico za hrano tako, da je v celoti skladna z ameri\u0161kimi standardi za prikolice za hrano.<\/p>\n<p><img loading=\"lazy\" decoding=\"async\" class=\"aligncenter wp-image-8318 size-full\" title=\"18ft pickle food truck podrobnosti slike\" src=\"https:\/\/www.honlufoodtrailer.com\/wp-content\/uploads\/2024\/09\/more-details-of-18ft-pickle-food-truck.jpg\" alt=\"ve\u010d podrobnosti o 18ft pickle food truck\" width=\"800\" height=\"800\" srcset=\"https:\/\/www.honlufoodtrailer.com\/wp-content\/uploads\/2024\/09\/more-details-of-18ft-pickle-food-truck.jpg 800w, https:\/\/www.honlufoodtrailer.com\/wp-content\/uploads\/2024\/09\/more-details-of-18ft-pickle-food-truck-768x768.jpg 768w, https:\/\/www.honlufoodtrailer.com\/wp-content\/uploads\/2024\/09\/more-details-of-18ft-pickle-food-truck-360x360.jpg 360w, https:\/\/www.honlufoodtrailer.com\/wp-content\/uploads\/2024\/09\/more-details-of-18ft-pickle-food-truck-300x300.jpg 300w, https:\/\/www.honlufoodtrailer.com\/wp-content\/uploads\/2024\/09\/more-details-of-18ft-pickle-food-truck-720x720.jpg 720w, https:\/\/www.honlufoodtrailer.com\/wp-content\/uploads\/2024\/09\/more-details-of-18ft-pickle-food-truck-100x100.jpg 100w\" sizes=\"(max-width: 800px) 100vw, 800px\" \/><\/p>\n<h3>Glavne zna\u010dilnosti tega mobilnega tovornjaka Taco:<\/h3>\n<ol>\n<li>Dolg 7 metrov, prostorna notranjost;<\/li>\n<li>Enostavno se lahko premaknete na poljubno mesto (va\u0161e poslovanje ni omejeno);<\/li>\n<li>Privla\u010den videz (neviden, da pritegne ve\u010d strank);<\/li>\n<li>Dolga \u017eivljenjska doba (odpornost na korozijo, toplotno odpornost, vodoodpornost, brez deformacij).<\/li>\n<li>Za sve\u017eino je na voljo hladilnik.<\/li>\n<\/ol>\n<h3>Brezpla\u010dna 2D\/3D risba tlorisa in poprodajna podpora<\/h3>\n<p>Pred za\u010detkom proizvodnje vam na podlagi dimenzij prikolice in potreb po kuhinjski opremi brezpla\u010dno pripravimo 2D\/3D na\u010drt. Ta vizualni na\u010drt vam bo pomagal jasno razumeti zasnovo va\u0161ega 18-metrskega tovornjaka za prevoz hrane z ocvirki in zlahka potrditi namestitev vsakega kosa opreme. Zagotavljamo tudi izvorne datoteke, ki jih je mogo\u010de urejati, da jih lahko prilagodite.<\/p>\n<p>Poleg tega nudimo celovito poprodajno podporo, vklju\u010dno s tehni\u010dnim svetovanjem, dobavo nadomestnih delov in pomo\u010djo pri uporabi opreme. Tudi po dobavi je na\u0161a izku\u0161ena ekipa vedno na voljo, da vam pomaga zagotoviti nemoteno delovanje va\u0161ega tovornjaka za prevoz hrane od prvega dne.<\/p>\n<h3>Ste pripravljeni za za\u010detek poslovanja s tovornjaki za prevoz hrane z ocvirki?<\/h3>\n<p>\u010ce vstopate na ameri\u0161ki trg uli\u010dne hrane, je ta 18-metrski tovornjak za prevoz kumaric pametna izbira, ne glede na to, ali ste podjetnik za\u010detnik ali izku\u0161en prodajalec hrane. Ne glede na to, ali ponujate klasi\u010dne kisle kumarice ali kaj ustvarjalnega, kot so dimljene kumarice, bo ta mobilni tovornjak za hrano pomagal va\u0161i blagovni znamki izstopati in hitro pritegniti stranke.<\/p>\n<p>Z ve\u010d kot 10-letnimi izku\u0161njami na podro\u010dju proizvodnje in izvoza prikolic za hrano po vsem svetu v celoti razumemo predpise razli\u010dnih dr\u017eav. Ne glede na to, ali ste v Zdru\u017eenih dr\u017eavah Amerike ali drugi dr\u017eavi, lahko tovornjak za prevoz hrane prilagodimo va\u0161im poslovnim potrebam.<br \/>\nPi\u0161ite na <a href=\"https:\/\/www.honlufoodtrailer.com\/sl\/\">honlu<\/a> \u0161e danes prilagodite svoj 18-metrski tovornjak za hrano z ocvirki!<\/p>","protected":false},"excerpt":{"rendered":"<p>To je eden od na\u0161ih po meri izdelanih 18,7-stopinjskih tovornjakov za hrano z ocvirki. <strong>Kliknite naslednje zavihke, da si ogledate ve\u010d podrobnosti o tem tovornjaku s hrano<\/strong>. Lahko izdelamo podobno prikolico za hrano, kot je ta, ali jo prilagodimo za vas. Velikost, barvo karoserije, nalepke, oznake in kuhinjsko opremo prikolice za hrano lahko prilagodite. Ne oklevajte, kontaktirajte nas in nam sporo\u010dite svoje zahteve!<\/p>","protected":false},"featured_media":8309,"template":"","meta":{"_themeisle_gutenberg_block_has_review":false},"product_brand":[],"product_cat":[26],"product_tag":[83,33,60,61,38],"class_list":{"0":"post-8306","1":"product","2":"type-product","3":"status-publish","4":"has-post-thumbnail","6":"product_cat-product","7":"product_tag-18ft-food-trailer","8":"product_tag-customized-trailer","9":"product_tag-fast-food-trailer","10":"product_tag-fast-food-trailer-for-sale","11":"product_tag-mobile-food-trailer","13":"first","14":"instock","15":"shipping-taxable","16":"product-type-simple"},"yoast_head":"<!-- This site is optimized with the Yoast SEO plugin v27.5 - https:\/\/yoast.com\/product\/yoast-seo-wordpress\/ -->\n<title>18ft Pickle Food Truck for Sale USA - honlu Food Trailer<\/title>\n<meta name=\"description\" content=\"Looking for a pickle food truck for sale in the USA? Check out this 18ft pickle food trailer with full kitchen, custom design, and US-standard features.\" \/>\n<meta name=\"robots\" content=\"index, follow, max-snippet:-1, max-image-preview:large, max-video-preview:-1\" \/>\n<link rel=\"canonical\" href=\"https:\/\/www.honlufoodtrailer.com\/sl\/product\/18ft-pickle-food-truck-for-sale-usa\/\" \/>\n<meta property=\"og:locale\" content=\"sl_SI\" \/>\n<meta property=\"og:type\" content=\"article\" \/>\n<meta property=\"og:title\" content=\"18ft Pickle Food Truck for Sale USA - honlu Food Trailer\" \/>\n<meta property=\"og:description\" content=\"Looking for a pickle food truck for sale in the USA? Check out this 18ft pickle food trailer with full kitchen, custom design, and US-standard features.\" \/>\n<meta property=\"og:url\" content=\"https:\/\/www.honlufoodtrailer.com\/sl\/product\/18ft-pickle-food-truck-for-sale-usa\/\" \/>\n<meta property=\"og:site_name\" content=\"Honlu food trailer\" \/>\n<meta property=\"article:modified_time\" content=\"2025-06-12T10:37:27+00:00\" \/>\n<meta property=\"og:image\" content=\"https:\/\/www.honlufoodtrailer.com\/wp-content\/uploads\/2024\/09\/5.7m-Pickles-And-Burger-Trailer.jpg\" \/>\n\t<meta property=\"og:image:width\" content=\"720\" \/>\n\t<meta property=\"og:image:height\" content=\"540\" \/>\n\t<meta property=\"og:image:type\" content=\"image\/jpeg\" \/>\n<meta name=\"twitter:card\" content=\"summary_large_image\" \/>\n<meta name=\"twitter:label1\" content=\"Est. reading time\" \/>\n\t<meta name=\"twitter:data1\" content=\"1 minuta\" \/>\n<script type=\"application\/ld+json\" class=\"yoast-schema-graph\">{\"@context\":\"https:\\\/\\\/schema.org\",\"@graph\":[{\"@type\":\"WebPage\",\"@id\":\"https:\\\/\\\/www.honlufoodtrailer.com\\\/product\\\/18ft-pickle-food-truck-for-sale-usa\\\/\",\"url\":\"https:\\\/\\\/www.honlufoodtrailer.com\\\/product\\\/18ft-pickle-food-truck-for-sale-usa\\\/\",\"name\":\"18ft Pickle Food Truck for Sale USA - honlu Food Trailer\",\"isPartOf\":{\"@id\":\"https:\\\/\\\/www.honlufoodtrailer.com\\\/#website\"},\"primaryImageOfPage\":{\"@id\":\"https:\\\/\\\/www.honlufoodtrailer.com\\\/product\\\/18ft-pickle-food-truck-for-sale-usa\\\/#primaryimage\"},\"image\":{\"@id\":\"https:\\\/\\\/www.honlufoodtrailer.com\\\/product\\\/18ft-pickle-food-truck-for-sale-usa\\\/#primaryimage\"},\"thumbnailUrl\":\"https:\\\/\\\/www.honlufoodtrailer.com\\\/wp-content\\\/uploads\\\/2024\\\/09\\\/5.7m-Pickles-And-Burger-Trailer.jpg\",\"datePublished\":\"2024-09-04T10:36:18+00:00\",\"dateModified\":\"2025-06-12T10:37:27+00:00\",\"description\":\"Looking for a pickle food truck for sale in the USA? Check out this 18ft pickle food trailer with full kitchen, custom design, and US-standard features.\",\"breadcrumb\":{\"@id\":\"https:\\\/\\\/www.honlufoodtrailer.com\\\/product\\\/18ft-pickle-food-truck-for-sale-usa\\\/#breadcrumb\"},\"inLanguage\":\"sl-SI\",\"potentialAction\":[{\"@type\":\"ReadAction\",\"target\":[\"https:\\\/\\\/www.honlufoodtrailer.com\\\/product\\\/18ft-pickle-food-truck-for-sale-usa\\\/\"]}]},{\"@type\":\"ImageObject\",\"inLanguage\":\"sl-SI\",\"@id\":\"https:\\\/\\\/www.honlufoodtrailer.com\\\/product\\\/18ft-pickle-food-truck-for-sale-usa\\\/#primaryimage\",\"url\":\"https:\\\/\\\/www.honlufoodtrailer.com\\\/wp-content\\\/uploads\\\/2024\\\/09\\\/5.7m-Pickles-And-Burger-Trailer.jpg\",\"contentUrl\":\"https:\\\/\\\/www.honlufoodtrailer.com\\\/wp-content\\\/uploads\\\/2024\\\/09\\\/5.7m-Pickles-And-Burger-Trailer.jpg\",\"width\":720,\"height\":540,\"caption\":\"5.7m Pickles And Burger Trailer\"},{\"@type\":\"BreadcrumbList\",\"@id\":\"https:\\\/\\\/www.honlufoodtrailer.com\\\/product\\\/18ft-pickle-food-truck-for-sale-usa\\\/#breadcrumb\",\"itemListElement\":[{\"@type\":\"ListItem\",\"position\":1,\"name\":\"Home\",\"item\":\"https:\\\/\\\/www.honlufoodtrailer.com\\\/\"},{\"@type\":\"ListItem\",\"position\":2,\"name\":\"\u4ea7\u54c1\",\"item\":\"https:\\\/\\\/www.honlufoodtrailer.com\\\/shop\\\/\"},{\"@type\":\"ListItem\",\"position\":3,\"name\":\"18ft ( 5.7m) Pickle Food Truck for Sale USA\"}]},{\"@type\":\"WebSite\",\"@id\":\"https:\\\/\\\/www.honlufoodtrailer.com\\\/#website\",\"url\":\"https:\\\/\\\/www.honlufoodtrailer.com\\\/\",\"name\":\"Honlu food trailer\",\"description\":\"\",\"publisher\":{\"@id\":\"https:\\\/\\\/www.honlufoodtrailer.com\\\/#organization\"},\"potentialAction\":[{\"@type\":\"SearchAction\",\"target\":{\"@type\":\"EntryPoint\",\"urlTemplate\":\"https:\\\/\\\/www.honlufoodtrailer.com\\\/?s={search_term_string}\"},\"query-input\":{\"@type\":\"PropertyValueSpecification\",\"valueRequired\":true,\"valueName\":\"search_term_string\"}}],\"inLanguage\":\"sl-SI\"},{\"@type\":\"Organization\",\"@id\":\"https:\\\/\\\/www.honlufoodtrailer.com\\\/#organization\",\"name\":\"Honlu food trailer\",\"url\":\"https:\\\/\\\/www.honlufoodtrailer.com\\\/\",\"logo\":{\"@type\":\"ImageObject\",\"inLanguage\":\"sl-SI\",\"@id\":\"https:\\\/\\\/www.honlufoodtrailer.com\\\/#\\\/schema\\\/logo\\\/image\\\/\",\"url\":\"https:\\\/\\\/www.honlufoodtrailer.com\\\/wp-content\\\/uploads\\\/2021\\\/12\\\/2.gif\",\"contentUrl\":\"https:\\\/\\\/www.honlufoodtrailer.com\\\/wp-content\\\/uploads\\\/2021\\\/12\\\/2.gif\",\"width\":350,\"height\":100,\"caption\":\"Honlu food trailer\"},\"image\":{\"@id\":\"https:\\\/\\\/www.honlufoodtrailer.com\\\/#\\\/schema\\\/logo\\\/image\\\/\"}}]}<\/script>\n<!-- \/ Yoast SEO plugin. -->","yoast_head_json":{"title":"18ft Pickle Food Truck za prodajo ZDA - honlu Food Trailer","description":"I\u0161\u010dete tovornjak z ocvirki za prodajo v ZDA? Oglejte si to 18-metrsko prikolico za hrano iz kumaric s polno kuhinjo, oblikovanjem po meri in zna\u010dilnostmi po ameri\u0161kih standardih.","robots":{"index":"index","follow":"follow","max-snippet":"max-snippet:-1","max-image-preview":"max-image-preview:large","max-video-preview":"max-video-preview:-1"},"canonical":"https:\/\/www.honlufoodtrailer.com\/sl\/product\/18ft-pickle-food-truck-for-sale-usa\/","og_locale":"sl_SI","og_type":"article","og_title":"18ft Pickle Food Truck for Sale USA - honlu Food Trailer","og_description":"Looking for a pickle food truck for sale in the USA? Check out this 18ft pickle food trailer with full kitchen, custom design, and US-standard features.","og_url":"https:\/\/www.honlufoodtrailer.com\/sl\/product\/18ft-pickle-food-truck-for-sale-usa\/","og_site_name":"Honlu food trailer","article_modified_time":"2025-06-12T10:37:27+00:00","og_image":[{"width":720,"height":540,"url":"https:\/\/www.honlufoodtrailer.com\/wp-content\/uploads\/2024\/09\/5.7m-Pickles-And-Burger-Trailer.jpg","type":"image\/jpeg"}],"twitter_card":"summary_large_image","twitter_misc":{"Est. reading time":"1 minuta"},"schema":{"@context":"https:\/\/schema.org","@graph":[{"@type":"WebPage","@id":"https:\/\/www.honlufoodtrailer.com\/product\/18ft-pickle-food-truck-for-sale-usa\/","url":"https:\/\/www.honlufoodtrailer.com\/product\/18ft-pickle-food-truck-for-sale-usa\/","name":"18ft Pickle Food Truck za prodajo ZDA - honlu Food Trailer","isPartOf":{"@id":"https:\/\/www.honlufoodtrailer.com\/#website"},"primaryImageOfPage":{"@id":"https:\/\/www.honlufoodtrailer.com\/product\/18ft-pickle-food-truck-for-sale-usa\/#primaryimage"},"image":{"@id":"https:\/\/www.honlufoodtrailer.com\/product\/18ft-pickle-food-truck-for-sale-usa\/#primaryimage"},"thumbnailUrl":"https:\/\/www.honlufoodtrailer.com\/wp-content\/uploads\/2024\/09\/5.7m-Pickles-And-Burger-Trailer.jpg","datePublished":"2024-09-04T10:36:18+00:00","dateModified":"2025-06-12T10:37:27+00:00","description":"I\u0161\u010dete tovornjak z ocvirki za prodajo v ZDA? Oglejte si to 18-metrsko prikolico za hrano iz kumaric s polno kuhinjo, oblikovanjem po meri in zna\u010dilnostmi po ameri\u0161kih standardih.","breadcrumb":{"@id":"https:\/\/www.honlufoodtrailer.com\/product\/18ft-pickle-food-truck-for-sale-usa\/#breadcrumb"},"inLanguage":"sl-SI","potentialAction":[{"@type":"ReadAction","target":["https:\/\/www.honlufoodtrailer.com\/product\/18ft-pickle-food-truck-for-sale-usa\/"]}]},{"@type":"ImageObject","inLanguage":"sl-SI","@id":"https:\/\/www.honlufoodtrailer.com\/product\/18ft-pickle-food-truck-for-sale-usa\/#primaryimage","url":"https:\/\/www.honlufoodtrailer.com\/wp-content\/uploads\/2024\/09\/5.7m-Pickles-And-Burger-Trailer.jpg","contentUrl":"https:\/\/www.honlufoodtrailer.com\/wp-content\/uploads\/2024\/09\/5.7m-Pickles-And-Burger-Trailer.jpg","width":720,"height":540,"caption":"5.7m Pickles And Burger Trailer"},{"@type":"BreadcrumbList","@id":"https:\/\/www.honlufoodtrailer.com\/product\/18ft-pickle-food-truck-for-sale-usa\/#breadcrumb","itemListElement":[{"@type":"ListItem","position":1,"name":"Home","item":"https:\/\/www.honlufoodtrailer.com\/"},{"@type":"ListItem","position":2,"name":"\u4ea7\u54c1","item":"https:\/\/www.honlufoodtrailer.com\/shop\/"},{"@type":"ListItem","position":3,"name":"18ft ( 5.7m) Pickle Food Truck for Sale USA"}]},{"@type":"WebSite","@id":"https:\/\/www.honlufoodtrailer.com\/#website","url":"https:\/\/www.honlufoodtrailer.com\/","name":"Prikolica za hrano Honlu","description":"","publisher":{"@id":"https:\/\/www.honlufoodtrailer.com\/#organization"},"potentialAction":[{"@type":"SearchAction","target":{"@type":"EntryPoint","urlTemplate":"https:\/\/www.honlufoodtrailer.com\/?s={search_term_string}"},"query-input":{"@type":"PropertyValueSpecification","valueRequired":true,"valueName":"search_term_string"}}],"inLanguage":"sl-SI"},{"@type":"Organization","@id":"https:\/\/www.honlufoodtrailer.com\/#organization","name":"Prikolica za hrano Honlu","url":"https:\/\/www.honlufoodtrailer.com\/","logo":{"@type":"ImageObject","inLanguage":"sl-SI","@id":"https:\/\/www.honlufoodtrailer.com\/#\/schema\/logo\/image\/","url":"https:\/\/www.honlufoodtrailer.com\/wp-content\/uploads\/2021\/12\/2.gif","contentUrl":"https:\/\/www.honlufoodtrailer.com\/wp-content\/uploads\/2021\/12\/2.gif","width":350,"height":100,"caption":"Honlu food trailer"},"image":{"@id":"https:\/\/www.honlufoodtrailer.com\/#\/schema\/logo\/image\/"}}]}},"_links":{"self":[{"href":"https:\/\/www.honlufoodtrailer.com\/sl\/wp-json\/wp\/v2\/product\/8306","targetHints":{"allow":["GET"]}}],"collection":[{"href":"https:\/\/www.honlufoodtrailer.com\/sl\/wp-json\/wp\/v2\/product"}],"about":[{"href":"https:\/\/www.honlufoodtrailer.com\/sl\/wp-json\/wp\/v2\/types\/product"}],"version-history":[{"count":0,"href":"https:\/\/www.honlufoodtrailer.com\/sl\/wp-json\/wp\/v2\/product\/8306\/revisions"}],"wp:featuredmedia":[{"embeddable":true,"href":"https:\/\/www.honlufoodtrailer.com\/sl\/wp-json\/wp\/v2\/media\/8309"}],"wp:attachment":[{"href":"https:\/\/www.honlufoodtrailer.com\/sl\/wp-json\/wp\/v2\/media?parent=8306"}],"wp:term":[{"taxonomy":"product_brand","embeddable":true,"href":"https:\/\/www.honlufoodtrailer.com\/sl\/wp-json\/wp\/v2\/product_brand?post=8306"},{"taxonomy":"product_cat","embeddable":true,"href":"https:\/\/www.honlufoodtrailer.com\/sl\/wp-json\/wp\/v2\/product_cat?post=8306"},{"taxonomy":"product_tag","embeddable":true,"href":"https:\/\/www.honlufoodtrailer.com\/sl\/wp-json\/wp\/v2\/product_tag?post=8306"}],"curies":[{"name":"wp","href":"https:\/\/api.w.org\/{rel}","templated":true}]}}