{"id":8322,"date":"2024-09-11T11:31:26","date_gmt":"2024-09-11T03:31:26","guid":{"rendered":"https:\/\/www.honlufoodtrailer.com\/?post_type=product&#038;p=8322"},"modified":"2025-02-14T13:59:33","modified_gmt":"2025-02-14T05:59:33","slug":"18-7ft-concession-trailer-with-porch","status":"publish","type":"product","link":"https:\/\/www.honlufoodtrailer.com\/sl\/product\/18-7ft-concession-trailer-with-porch\/","title":{"rendered":"18,7-metrska koncesijska prikolica z verando"},"content":{"rendered":"<p data-spm-anchor-id=\"a2700.wholesale.0.i28.29e52808agqc7f\">I\u0161\u010dete prikolico za koncesijo z verando? Oglejte si to rde\u010do 18,7-metrsko prikolico za koncesijo z verando tukaj! To je ena od prikolic z verando, ki smo jih prilagodili za ameri\u0161ke stranke. Zdaj pa si poglejmo ve\u010d podrobnosti o njej!<\/p>\n<p data-spm-anchor-id=\"a2700.wholesale.0.i28.29e52808agqc7f\"><img fetchpriority=\"high\" decoding=\"async\" class=\"aligncenter size-full wp-image-8332\" src=\"https:\/\/www.honlufoodtrailer.com\/wp-content\/uploads\/2024\/09\/18.7ft-concession-trailer-with-porch.jpg\" alt=\"18,7-metrska prikolica za koncesije z verando\" width=\"720\" height=\"540\" srcset=\"https:\/\/www.honlufoodtrailer.com\/wp-content\/uploads\/2024\/09\/18.7ft-concession-trailer-with-porch.jpg 720w, https:\/\/www.honlufoodtrailer.com\/wp-content\/uploads\/2024\/09\/18.7ft-concession-trailer-with-porch-480x360.jpg 480w, https:\/\/www.honlufoodtrailer.com\/wp-content\/uploads\/2024\/09\/18.7ft-concession-trailer-with-porch-300x225.jpg 300w\" sizes=\"(max-width: 720px) 100vw, 720px\" \/>Kot lahko vidimo na zgornjih slikah, je celotna karoserija te prikolice za hrano rde\u010da, predprostor na zadnji strani prikolice pa ima odprto zasnovo. Servisno okno na sprednji strani prikolice ima veliko drsno zasnovo. Ko se okno odpre, se spodaj oblikuje mizna plo\u0161\u010da. Gostom bo zelo priro\u010dno naro\u010dati in prevzemati obroke.\u00a0 <img decoding=\"async\" class=\"aligncenter size-full wp-image-8326\" src=\"https:\/\/www.honlufoodtrailer.com\/wp-content\/uploads\/2024\/09\/5.7m-porch-style-concession-trailer.jpg\" alt=\"5,7-metrska prikolica za koncesijo v stilu verande\" width=\"720\" height=\"540\" srcset=\"https:\/\/www.honlufoodtrailer.com\/wp-content\/uploads\/2024\/09\/5.7m-porch-style-concession-trailer.jpg 720w, https:\/\/www.honlufoodtrailer.com\/wp-content\/uploads\/2024\/09\/5.7m-porch-style-concession-trailer-480x360.jpg 480w, https:\/\/www.honlufoodtrailer.com\/wp-content\/uploads\/2024\/09\/5.7m-porch-style-concession-trailer-300x225.jpg 300w\" sizes=\"(max-width: 720px) 100vw, 720px\" \/><\/p>\n<p data-spm-anchor-id=\"a2700.wholesale.0.i28.29e52808agqc7f\">Veranda na zadnjem delu prikolice za hrano je zasnova, ki jo je predlagala stranka, pregrade okoli verande pa se lahko odprejo navzven in tako dobimo odprto zasnovo. Nato si oglejmo notranje podrobnosti te prikolice za hrano v stilu verande.<\/p>\n<h3>Notranje podrobnosti 18,7-metrske koncesijske prikolice z verando<\/h3>\n<p data-spm-anchor-id=\"a2700.wholesale.0.i28.29e52808agqc7f\">Kot je razvidno iz spodnjih slik, smo prikolico za hrano opremili z nekaj kuhinjske opreme v skladu z zahtevami stranke. Kuhinjska oprema vklju\u010duje 3+1 pomivalna korita s pipo za toplo in hladno vodo, cvrtnik na plin z dvema rezervoarjema, plinski \u0161tedilnik, napo, mizo za pripravo hrane, delovni hladilnik, klimatsko napravo, sistem za ga\u0161enje po\u017eara itd.<img decoding=\"async\" class=\"aligncenter size-full wp-image-8330\" src=\"https:\/\/www.honlufoodtrailer.com\/wp-content\/uploads\/2024\/09\/18.7ft-concession-trailer-with-porch-inner-view.jpg\" alt=\"18,7-metrska prikolica za koncesijo z notranjim pogledom na verando\" width=\"720\" height=\"540\" srcset=\"https:\/\/www.honlufoodtrailer.com\/wp-content\/uploads\/2024\/09\/18.7ft-concession-trailer-with-porch-inner-view.jpg 720w, https:\/\/www.honlufoodtrailer.com\/wp-content\/uploads\/2024\/09\/18.7ft-concession-trailer-with-porch-inner-view-480x360.jpg 480w, https:\/\/www.honlufoodtrailer.com\/wp-content\/uploads\/2024\/09\/18.7ft-concession-trailer-with-porch-inner-view-300x225.jpg 300w\" sizes=\"(max-width: 720px) 100vw, 720px\" \/> <img loading=\"lazy\" decoding=\"async\" class=\"aligncenter size-full wp-image-8331\" src=\"https:\/\/www.honlufoodtrailer.com\/wp-content\/uploads\/2024\/09\/18.7ft-concession-trailer-with-porch-kitchen-equipment.jpg\" alt=\"18,7-metrska prikolica za koncesije z opremo za kuhinjo na verandi\" width=\"800\" height=\"800\" srcset=\"https:\/\/www.honlufoodtrailer.com\/wp-content\/uploads\/2024\/09\/18.7ft-concession-trailer-with-porch-kitchen-equipment.jpg 800w, https:\/\/www.honlufoodtrailer.com\/wp-content\/uploads\/2024\/09\/18.7ft-concession-trailer-with-porch-kitchen-equipment-768x768.jpg 768w, https:\/\/www.honlufoodtrailer.com\/wp-content\/uploads\/2024\/09\/18.7ft-concession-trailer-with-porch-kitchen-equipment-360x360.jpg 360w, https:\/\/www.honlufoodtrailer.com\/wp-content\/uploads\/2024\/09\/18.7ft-concession-trailer-with-porch-kitchen-equipment-300x300.jpg 300w, https:\/\/www.honlufoodtrailer.com\/wp-content\/uploads\/2024\/09\/18.7ft-concession-trailer-with-porch-kitchen-equipment-720x720.jpg 720w, https:\/\/www.honlufoodtrailer.com\/wp-content\/uploads\/2024\/09\/18.7ft-concession-trailer-with-porch-kitchen-equipment-100x100.jpg 100w\" sizes=\"(max-width: 800px) 100vw, 800px\" \/><\/p>\n<p data-spm-anchor-id=\"a2700.wholesale.0.i28.29e52808agqc7f\">Vsa kuhinjska oprema je prilagojena. Kot proizvajalec in izvoznik prikolic za hrano z ve\u010d kot 10-letnimi izku\u0161njami vam lahko pomagamo pri oblikovanju in izdelavi prikolice za hrano va\u0161ih sanj. Velikost, barva karoserije, nalepke, ozna\u010devanje in kuhinjska oprema prikolice za hrano so lahko prilagojeni. Ne oklevajte in nas kontaktirajte ter nam sporo\u010dite svoje podrobne zahteve!<\/p>\n<h3>Ve\u010d podrobnosti o 18,7-metrski koncesijski prikolici z verando<\/h3>\n<p>Oglejte si ve\u010d podrobnosti o zadnji verandi, oseh, ventilatorju, vle\u010dni kljuki, zunanjem napajalniku, zadnji lu\u010di itd. Vse je izdelano v skladu z ameri\u0161kim standardom.<\/p>\n<h3 data-spm-anchor-id=\"a2700.wholesale.0.i28.29e52808agqc7f\"><img loading=\"lazy\" decoding=\"async\" class=\"aligncenter size-full wp-image-8329\" src=\"https:\/\/www.honlufoodtrailer.com\/wp-content\/uploads\/2024\/09\/18.7ft-concession-trailer-with-porch-details.jpg\" alt=\"18,7-metrska prikolica za koncesije z verando\" width=\"800\" height=\"800\" srcset=\"https:\/\/www.honlufoodtrailer.com\/wp-content\/uploads\/2024\/09\/18.7ft-concession-trailer-with-porch-details.jpg 800w, https:\/\/www.honlufoodtrailer.com\/wp-content\/uploads\/2024\/09\/18.7ft-concession-trailer-with-porch-details-768x768.jpg 768w, https:\/\/www.honlufoodtrailer.com\/wp-content\/uploads\/2024\/09\/18.7ft-concession-trailer-with-porch-details-360x360.jpg 360w, https:\/\/www.honlufoodtrailer.com\/wp-content\/uploads\/2024\/09\/18.7ft-concession-trailer-with-porch-details-300x300.jpg 300w, https:\/\/www.honlufoodtrailer.com\/wp-content\/uploads\/2024\/09\/18.7ft-concession-trailer-with-porch-details-720x720.jpg 720w, https:\/\/www.honlufoodtrailer.com\/wp-content\/uploads\/2024\/09\/18.7ft-concession-trailer-with-porch-details-100x100.jpg 100w\" sizes=\"(max-width: 800px) 100vw, 800px\" \/><\/h3>\n<h3 class=\"magic-6\" data-spm-anchor-id=\"a2700.wholesale.0.i28.29e52808agqc7f\">Glavne zna\u010dilnosti te koncesijske prikolice v stilu verande, dolge 18,7 \u010devljev<\/h3>\n<div class=\"magic-7\">\n<div class=\"magic-8\">\n<div class=\"magic-9\" data-id=\"paragraph0\">\n<ol>\n<li>Moden videz, rde\u010da barva, ki je privla\u010dna;<\/li>\n<li>Izdelan je iz nerjave\u010dega jekla, ki je trpe\u017eno in odporno proti koroziji;<\/li>\n<li>Sodobna in napredna oprema, ki je name\u0161\u010dena v koncesijski prikolici;<\/li>\n<li>Priro\u010dno in enostavno za premikanje;<\/li>\n<li>Ustreza ameri\u0161kim standardom;<\/li>\n<\/ol>\n<h3>Brezpla\u010dno 2D\/3D risanje tlorisa<\/h3>\n<p>Po potrditvi dimenzij prikolice za hrano in notranje kuhinjske opreme vam lahko brezpla\u010dno zagotovimo 3D risbe. To vam bo omogo\u010dilo jasnej\u0161o predstavo o va\u0161i zasnovi in va\u0161em vozi\u010dku za hrano. Pri potrditvi lokacije kuhinjske opreme vam lahko s pomo\u010djo tlorisa jasno sporo\u010dimo, kje se bo nahajala. Prav tako vam lahko zagotovimo izvirne dokumente za la\u017eje oblikovanje in prilagoditve.<\/p>\n<h3>Oglejte si ve\u010d na\u0161e koncesijske prikolice z verando<\/h3>\n<h4 class=\"product_title entry-title elementor-heading-title elementor-size-default\">Mobilna prikolica za hrano z verando v modri barvi<\/h4>\n<p><a href=\"https:\/\/www.honlufoodtrailer.com\/sl\/product\/mobile-food-trailer-with-porch\/\"><img loading=\"lazy\" decoding=\"async\" class=\"aligncenter wp-image-4724 size-full\" src=\"https:\/\/www.honlufoodtrailer.com\/wp-content\/uploads\/2022\/04\/Mobile-food-trailer-with-porch-21-8130-7.jpg\" alt=\"Mobilna prikolica za hrano z verando\" width=\"720\" height=\"540\" srcset=\"https:\/\/www.honlufoodtrailer.com\/wp-content\/uploads\/2022\/04\/Mobile-food-trailer-with-porch-21-8130-7.jpg 720w, https:\/\/www.honlufoodtrailer.com\/wp-content\/uploads\/2022\/04\/Mobile-food-trailer-with-porch-21-8130-7-480x360.jpg 480w, https:\/\/www.honlufoodtrailer.com\/wp-content\/uploads\/2022\/04\/Mobile-food-trailer-with-porch-21-8130-7-300x225.jpg 300w\" sizes=\"(max-width: 720px) 100vw, 720px\" \/>b<\/a><\/p>\n<h4>Prikolica za \u017ear Big Baby z verando<\/h4>\n<p><a href=\"https:\/\/www.honlufoodtrailer.com\/sl\/product\/bbq-food-trailer-with-porch\/\"><img loading=\"lazy\" decoding=\"async\" class=\"aligncenter wp-image-3399 size-full\" src=\"https:\/\/www.honlufoodtrailer.com\/wp-content\/uploads\/2022\/03\/BBQ-food-trailer-with-porch-1.jpg\" alt=\"Prikolica za peko hrane na \u017earu z verando (1)\" width=\"720\" height=\"540\" srcset=\"https:\/\/www.honlufoodtrailer.com\/wp-content\/uploads\/2022\/03\/BBQ-food-trailer-with-porch-1.jpg 720w, https:\/\/www.honlufoodtrailer.com\/wp-content\/uploads\/2022\/03\/BBQ-food-trailer-with-porch-1-480x360.jpg 480w, https:\/\/www.honlufoodtrailer.com\/wp-content\/uploads\/2022\/03\/BBQ-food-trailer-with-porch-1-300x225.jpg 300w\" sizes=\"(max-width: 720px) 100vw, 720px\" \/><\/a><\/p>\n<\/div>\n<\/div>\n<\/div>","protected":false},"excerpt":{"rendered":"<p>To je 5,7-metrska prikolica za koncesije z verando po meri. Izdelana je iz pocinkane plo\u010devine in nerjave\u010dega jekla. Vsa oprema v prikolici za koncesije je izdelana iz nerjave\u010dega jekla. Za stranke prilagodimo veliko \u0161tevilo kuhinjske opreme, vklju\u010dno s plinskim cvrtnikom, plo\u0161\u010do za peko na \u017earu itd. Ta model prikolice za hrano z verando je najprimernej\u0161i model za za\u010detek poslovanja z \u017ear hrano. Za ve\u010d podrobnosti o tej prikolici za hrano lahko kliknete naslednje zavihke. Izdelamo lahko podobno prikolico za hrano, kot je ta, ali pa jo prilagodimo za vas. Velikost, barva karoserije, nalepke, oznake, kuhinjska oprema prikolice za hrano se lahko prilagodijo. Samo ne oklevajte in nas kontaktirajte!<\/p>","protected":false},"featured_media":8328,"template":"","meta":{"_themeisle_gutenberg_block_has_review":false},"product_brand":[],"product_cat":[26],"product_tag":[86,79],"class_list":{"0":"post-8322","1":"product","2":"type-product","3":"status-publish","4":"has-post-thumbnail","6":"product_cat-product","7":"product_tag-18-7ft-food-trailer","8":"product_tag-food-trailer-with-porch","10":"first","11":"instock","12":"featured","13":"shipping-taxable","14":"product-type-simple"},"yoast_head":"<!-- This site is optimized with the Yoast SEO plugin v27.5 - https:\/\/yoast.com\/product\/yoast-seo-wordpress\/ -->\n<title>18.7ft Concession Trailer With Porch From China - Honlu Food Trailer<\/title>\n<meta name=\"description\" content=\"This customized 5.7M concession trailer with porch can make BBQ, fast food, etc. Good quality and reasonable price. See the details now!\" \/>\n<meta name=\"robots\" content=\"index, follow, max-snippet:-1, max-image-preview:large, max-video-preview:-1\" \/>\n<link rel=\"canonical\" href=\"https:\/\/www.honlufoodtrailer.com\/sl\/product\/18-7ft-concession-trailer-with-porch\/\" \/>\n<meta property=\"og:locale\" content=\"sl_SI\" \/>\n<meta property=\"og:type\" content=\"article\" \/>\n<meta property=\"og:title\" content=\"18.7ft Concession Trailer With Porch From China - Honlu Food Trailer\" \/>\n<meta property=\"og:description\" content=\"This customized 5.7M concession trailer with porch can make BBQ, fast food, etc. Good quality and reasonable price. See the details now!\" \/>\n<meta property=\"og:url\" content=\"https:\/\/www.honlufoodtrailer.com\/sl\/product\/18-7ft-concession-trailer-with-porch\/\" \/>\n<meta property=\"og:site_name\" content=\"Honlu food trailer\" \/>\n<meta property=\"article:modified_time\" content=\"2025-02-14T05:59:33+00:00\" \/>\n<meta property=\"og:image\" content=\"https:\/\/www.honlufoodtrailer.com\/wp-content\/uploads\/2024\/09\/18.7ft-concession-trailer-with-porch-back-view.jpg\" \/>\n\t<meta property=\"og:image:width\" content=\"720\" \/>\n\t<meta property=\"og:image:height\" content=\"540\" \/>\n\t<meta property=\"og:image:type\" content=\"image\/jpeg\" \/>\n<meta name=\"twitter:card\" content=\"summary_large_image\" \/>\n<meta name=\"twitter:label1\" content=\"Est. reading time\" \/>\n\t<meta name=\"twitter:data1\" content=\"3 minute\" \/>\n<script type=\"application\/ld+json\" class=\"yoast-schema-graph\">{\"@context\":\"https:\\\/\\\/schema.org\",\"@graph\":[{\"@type\":\"WebPage\",\"@id\":\"https:\\\/\\\/www.honlufoodtrailer.com\\\/product\\\/18-7ft-concession-trailer-with-porch\\\/\",\"url\":\"https:\\\/\\\/www.honlufoodtrailer.com\\\/product\\\/18-7ft-concession-trailer-with-porch\\\/\",\"name\":\"18.7ft Concession Trailer With Porch From China - Honlu Food Trailer\",\"isPartOf\":{\"@id\":\"https:\\\/\\\/www.honlufoodtrailer.com\\\/#website\"},\"primaryImageOfPage\":{\"@id\":\"https:\\\/\\\/www.honlufoodtrailer.com\\\/product\\\/18-7ft-concession-trailer-with-porch\\\/#primaryimage\"},\"image\":{\"@id\":\"https:\\\/\\\/www.honlufoodtrailer.com\\\/product\\\/18-7ft-concession-trailer-with-porch\\\/#primaryimage\"},\"thumbnailUrl\":\"https:\\\/\\\/www.honlufoodtrailer.com\\\/wp-content\\\/uploads\\\/2024\\\/09\\\/18.7ft-concession-trailer-with-porch-back-view.jpg\",\"datePublished\":\"2024-09-11T03:31:26+00:00\",\"dateModified\":\"2025-02-14T05:59:33+00:00\",\"description\":\"This customized 5.7M concession trailer with porch can make BBQ, fast food, etc. Good quality and reasonable price. See the details now!\",\"breadcrumb\":{\"@id\":\"https:\\\/\\\/www.honlufoodtrailer.com\\\/product\\\/18-7ft-concession-trailer-with-porch\\\/#breadcrumb\"},\"inLanguage\":\"sl-SI\",\"potentialAction\":[{\"@type\":\"ReadAction\",\"target\":[\"https:\\\/\\\/www.honlufoodtrailer.com\\\/product\\\/18-7ft-concession-trailer-with-porch\\\/\"]}]},{\"@type\":\"ImageObject\",\"inLanguage\":\"sl-SI\",\"@id\":\"https:\\\/\\\/www.honlufoodtrailer.com\\\/product\\\/18-7ft-concession-trailer-with-porch\\\/#primaryimage\",\"url\":\"https:\\\/\\\/www.honlufoodtrailer.com\\\/wp-content\\\/uploads\\\/2024\\\/09\\\/18.7ft-concession-trailer-with-porch-back-view.jpg\",\"contentUrl\":\"https:\\\/\\\/www.honlufoodtrailer.com\\\/wp-content\\\/uploads\\\/2024\\\/09\\\/18.7ft-concession-trailer-with-porch-back-view.jpg\",\"width\":720,\"height\":540,\"caption\":\"18.7ft concession trailer with porch back view\"},{\"@type\":\"BreadcrumbList\",\"@id\":\"https:\\\/\\\/www.honlufoodtrailer.com\\\/product\\\/18-7ft-concession-trailer-with-porch\\\/#breadcrumb\",\"itemListElement\":[{\"@type\":\"ListItem\",\"position\":1,\"name\":\"Home\",\"item\":\"https:\\\/\\\/www.honlufoodtrailer.com\\\/\"},{\"@type\":\"ListItem\",\"position\":2,\"name\":\"\u4ea7\u54c1\",\"item\":\"https:\\\/\\\/www.honlufoodtrailer.com\\\/shop\\\/\"},{\"@type\":\"ListItem\",\"position\":3,\"name\":\"18.7ft Concession Trailer With Porch\"}]},{\"@type\":\"WebSite\",\"@id\":\"https:\\\/\\\/www.honlufoodtrailer.com\\\/#website\",\"url\":\"https:\\\/\\\/www.honlufoodtrailer.com\\\/\",\"name\":\"Honlu food trailer\",\"description\":\"\",\"publisher\":{\"@id\":\"https:\\\/\\\/www.honlufoodtrailer.com\\\/#organization\"},\"potentialAction\":[{\"@type\":\"SearchAction\",\"target\":{\"@type\":\"EntryPoint\",\"urlTemplate\":\"https:\\\/\\\/www.honlufoodtrailer.com\\\/?s={search_term_string}\"},\"query-input\":{\"@type\":\"PropertyValueSpecification\",\"valueRequired\":true,\"valueName\":\"search_term_string\"}}],\"inLanguage\":\"sl-SI\"},{\"@type\":\"Organization\",\"@id\":\"https:\\\/\\\/www.honlufoodtrailer.com\\\/#organization\",\"name\":\"Honlu food trailer\",\"url\":\"https:\\\/\\\/www.honlufoodtrailer.com\\\/\",\"logo\":{\"@type\":\"ImageObject\",\"inLanguage\":\"sl-SI\",\"@id\":\"https:\\\/\\\/www.honlufoodtrailer.com\\\/#\\\/schema\\\/logo\\\/image\\\/\",\"url\":\"https:\\\/\\\/www.honlufoodtrailer.com\\\/wp-content\\\/uploads\\\/2021\\\/12\\\/2.gif\",\"contentUrl\":\"https:\\\/\\\/www.honlufoodtrailer.com\\\/wp-content\\\/uploads\\\/2021\\\/12\\\/2.gif\",\"width\":350,\"height\":100,\"caption\":\"Honlu food trailer\"},\"image\":{\"@id\":\"https:\\\/\\\/www.honlufoodtrailer.com\\\/#\\\/schema\\\/logo\\\/image\\\/\"}}]}<\/script>\n<!-- \/ Yoast SEO plugin. -->","yoast_head_json":{"title":"18,7-metrska koncesijska prikolica z verando iz Kitajske - Honlu Food Trailer","description":"Ta prilagojena 5,7-metrska prikolica za koncesije z verando lahko pripravlja \u017ear, hitro hrano itd. Dobra kakovost in razumna cena. Oglejte si podrobnosti zdaj!","robots":{"index":"index","follow":"follow","max-snippet":"max-snippet:-1","max-image-preview":"max-image-preview:large","max-video-preview":"max-video-preview:-1"},"canonical":"https:\/\/www.honlufoodtrailer.com\/sl\/product\/18-7ft-concession-trailer-with-porch\/","og_locale":"sl_SI","og_type":"article","og_title":"18.7ft Concession Trailer With Porch From China - Honlu Food Trailer","og_description":"This customized 5.7M concession trailer with porch can make BBQ, fast food, etc. Good quality and reasonable price. See the details now!","og_url":"https:\/\/www.honlufoodtrailer.com\/sl\/product\/18-7ft-concession-trailer-with-porch\/","og_site_name":"Honlu food trailer","article_modified_time":"2025-02-14T05:59:33+00:00","og_image":[{"width":720,"height":540,"url":"https:\/\/www.honlufoodtrailer.com\/wp-content\/uploads\/2024\/09\/18.7ft-concession-trailer-with-porch-back-view.jpg","type":"image\/jpeg"}],"twitter_card":"summary_large_image","twitter_misc":{"Est. reading time":"3 minute"},"schema":{"@context":"https:\/\/schema.org","@graph":[{"@type":"WebPage","@id":"https:\/\/www.honlufoodtrailer.com\/product\/18-7ft-concession-trailer-with-porch\/","url":"https:\/\/www.honlufoodtrailer.com\/product\/18-7ft-concession-trailer-with-porch\/","name":"18,7-metrska koncesijska prikolica z verando iz Kitajske - Honlu Food Trailer","isPartOf":{"@id":"https:\/\/www.honlufoodtrailer.com\/#website"},"primaryImageOfPage":{"@id":"https:\/\/www.honlufoodtrailer.com\/product\/18-7ft-concession-trailer-with-porch\/#primaryimage"},"image":{"@id":"https:\/\/www.honlufoodtrailer.com\/product\/18-7ft-concession-trailer-with-porch\/#primaryimage"},"thumbnailUrl":"https:\/\/www.honlufoodtrailer.com\/wp-content\/uploads\/2024\/09\/18.7ft-concession-trailer-with-porch-back-view.jpg","datePublished":"2024-09-11T03:31:26+00:00","dateModified":"2025-02-14T05:59:33+00:00","description":"Ta prilagojena 5,7-metrska prikolica za koncesije z verando lahko pripravlja \u017ear, hitro hrano itd. Dobra kakovost in razumna cena. Oglejte si podrobnosti zdaj!","breadcrumb":{"@id":"https:\/\/www.honlufoodtrailer.com\/product\/18-7ft-concession-trailer-with-porch\/#breadcrumb"},"inLanguage":"sl-SI","potentialAction":[{"@type":"ReadAction","target":["https:\/\/www.honlufoodtrailer.com\/product\/18-7ft-concession-trailer-with-porch\/"]}]},{"@type":"ImageObject","inLanguage":"sl-SI","@id":"https:\/\/www.honlufoodtrailer.com\/product\/18-7ft-concession-trailer-with-porch\/#primaryimage","url":"https:\/\/www.honlufoodtrailer.com\/wp-content\/uploads\/2024\/09\/18.7ft-concession-trailer-with-porch-back-view.jpg","contentUrl":"https:\/\/www.honlufoodtrailer.com\/wp-content\/uploads\/2024\/09\/18.7ft-concession-trailer-with-porch-back-view.jpg","width":720,"height":540,"caption":"18.7ft concession trailer with porch back view"},{"@type":"BreadcrumbList","@id":"https:\/\/www.honlufoodtrailer.com\/product\/18-7ft-concession-trailer-with-porch\/#breadcrumb","itemListElement":[{"@type":"ListItem","position":1,"name":"Home","item":"https:\/\/www.honlufoodtrailer.com\/"},{"@type":"ListItem","position":2,"name":"\u4ea7\u54c1","item":"https:\/\/www.honlufoodtrailer.com\/shop\/"},{"@type":"ListItem","position":3,"name":"18.7ft Concession Trailer With Porch"}]},{"@type":"WebSite","@id":"https:\/\/www.honlufoodtrailer.com\/#website","url":"https:\/\/www.honlufoodtrailer.com\/","name":"Prikolica za hrano Honlu","description":"","publisher":{"@id":"https:\/\/www.honlufoodtrailer.com\/#organization"},"potentialAction":[{"@type":"SearchAction","target":{"@type":"EntryPoint","urlTemplate":"https:\/\/www.honlufoodtrailer.com\/?s={search_term_string}"},"query-input":{"@type":"PropertyValueSpecification","valueRequired":true,"valueName":"search_term_string"}}],"inLanguage":"sl-SI"},{"@type":"Organization","@id":"https:\/\/www.honlufoodtrailer.com\/#organization","name":"Prikolica za hrano Honlu","url":"https:\/\/www.honlufoodtrailer.com\/","logo":{"@type":"ImageObject","inLanguage":"sl-SI","@id":"https:\/\/www.honlufoodtrailer.com\/#\/schema\/logo\/image\/","url":"https:\/\/www.honlufoodtrailer.com\/wp-content\/uploads\/2021\/12\/2.gif","contentUrl":"https:\/\/www.honlufoodtrailer.com\/wp-content\/uploads\/2021\/12\/2.gif","width":350,"height":100,"caption":"Honlu food trailer"},"image":{"@id":"https:\/\/www.honlufoodtrailer.com\/#\/schema\/logo\/image\/"}}]}},"_links":{"self":[{"href":"https:\/\/www.honlufoodtrailer.com\/sl\/wp-json\/wp\/v2\/product\/8322","targetHints":{"allow":["GET"]}}],"collection":[{"href":"https:\/\/www.honlufoodtrailer.com\/sl\/wp-json\/wp\/v2\/product"}],"about":[{"href":"https:\/\/www.honlufoodtrailer.com\/sl\/wp-json\/wp\/v2\/types\/product"}],"version-history":[{"count":0,"href":"https:\/\/www.honlufoodtrailer.com\/sl\/wp-json\/wp\/v2\/product\/8322\/revisions"}],"wp:featuredmedia":[{"embeddable":true,"href":"https:\/\/www.honlufoodtrailer.com\/sl\/wp-json\/wp\/v2\/media\/8328"}],"wp:attachment":[{"href":"https:\/\/www.honlufoodtrailer.com\/sl\/wp-json\/wp\/v2\/media?parent=8322"}],"wp:term":[{"taxonomy":"product_brand","embeddable":true,"href":"https:\/\/www.honlufoodtrailer.com\/sl\/wp-json\/wp\/v2\/product_brand?post=8322"},{"taxonomy":"product_cat","embeddable":true,"href":"https:\/\/www.honlufoodtrailer.com\/sl\/wp-json\/wp\/v2\/product_cat?post=8322"},{"taxonomy":"product_tag","embeddable":true,"href":"https:\/\/www.honlufoodtrailer.com\/sl\/wp-json\/wp\/v2\/product_tag?post=8322"}],"curies":[{"name":"wp","href":"https:\/\/api.w.org\/{rel}","templated":true}]}}