{"id":8918,"date":"2024-11-01T16:53:39","date_gmt":"2024-11-01T08:53:39","guid":{"rendered":"https:\/\/www.honlufoodtrailer.com\/?post_type=product&#038;p=8918"},"modified":"2025-02-14T13:54:56","modified_gmt":"2025-02-14T05:54:56","slug":"16ft-dumpling-food-truck","status":"publish","type":"product","link":"https:\/\/www.honlufoodtrailer.com\/sl\/product\/16ft-dumpling-food-truck\/","title":{"rendered":"16-metrski tovornjak s cmoki"},"content":{"rendered":"<div data-elementor-type=\"product-post\" data-elementor-id=\"8918\" class=\"elementor elementor-8918\">\n\t\t\t\t\t\t<section class=\"elementor-section elementor-top-section elementor-element elementor-element-2573c8ce elementor-section-boxed elementor-section-height-default elementor-section-height-default\" data-id=\"2573c8ce\" data-element_type=\"section\" data-e-type=\"section\">\n\t\t\t\t\t\t<div class=\"elementor-container elementor-column-gap-default\">\n\t\t\t\t\t<div class=\"elementor-column elementor-col-100 elementor-top-column elementor-element elementor-element-86c3ae0\" data-id=\"86c3ae0\" data-element_type=\"column\" data-e-type=\"column\">\n\t\t\t<div class=\"elementor-widget-wrap elementor-element-populated\">\n\t\t\t\t\t\t<div class=\"elementor-element elementor-element-20e4e958 elementor-widget elementor-widget-text-editor\" data-id=\"20e4e958\" data-element_type=\"widget\" data-e-type=\"widget\" data-widget_type=\"text-editor.default\">\n\t\t\t\t<div class=\"elementor-widget-container\">\n\t\t\t\t\t\t\t\t\tI\u0161\u010dete prikolico za prodajo hrane za va\u0161o mobilno prehrambeno dejavnost? Oglejte si ta 16-metrski tovornjak s cmoki tukaj! Spodaj je prilagojena 16-metrska popolnoma nalo\u017eena prikolica za prodajo hrane. Prilagodili smo jo za stranko. Celotno vozilo je izdelano iz nerjave\u010dega jekla in pocinkane plo\u010devine. Je dobra izbira za vodenje mobilne prehrambene dejavnosti. Zdaj pa si oglejmo nekaj slik te prikolice za prodajo hrane!\r\n\r\n<img fetchpriority=\"high\" decoding=\"async\" class=\"aligncenter size-full wp-image-8907\" src=\"https:\/\/www.honlufoodtrailer.com\/wp-content\/uploads\/2024\/11\/16ft-steamy-dumpling-trailer-front-view.jpg\" alt=\"16ft prikolica za parne cmoke pogled od spredaj\" width=\"720\" height=\"540\" srcset=\"https:\/\/www.honlufoodtrailer.com\/wp-content\/uploads\/2024\/11\/16ft-steamy-dumpling-trailer-front-view.jpg 720w, https:\/\/www.honlufoodtrailer.com\/wp-content\/uploads\/2024\/11\/16ft-steamy-dumpling-trailer-front-view-480x360.jpg 480w, https:\/\/www.honlufoodtrailer.com\/wp-content\/uploads\/2024\/11\/16ft-steamy-dumpling-trailer-front-view-300x225.jpg 300w\" sizes=\"(max-width: 720px) 100vw, 720px\" \/><img decoding=\"async\" class=\"aligncenter size-full wp-image-8916\" src=\"https:\/\/www.honlufoodtrailer.com\/wp-content\/uploads\/2024\/11\/16ft-steamy-dumpling-trailer.jpg\" alt=\"16ft prikolica za parne cmoke\" width=\"720\" height=\"540\" srcset=\"https:\/\/www.honlufoodtrailer.com\/wp-content\/uploads\/2024\/11\/16ft-steamy-dumpling-trailer.jpg 720w, https:\/\/www.honlufoodtrailer.com\/wp-content\/uploads\/2024\/11\/16ft-steamy-dumpling-trailer-480x360.jpg 480w, https:\/\/www.honlufoodtrailer.com\/wp-content\/uploads\/2024\/11\/16ft-steamy-dumpling-trailer-300x225.jpg 300w\" sizes=\"(max-width: 720px) 100vw, 720px\" \/>\r\nKot lahko vidimo na zgornjih slikah, je ta tovornjak s cmoki zelo privla\u010den za mno\u017eico. Na sprednji strani prikolice s koncesijo smo naredili veliko okno s tendo. To bo gostom zelo priro\u010dno za naro\u010danje in prevzem hrane. Na vrhu tovornjaka s cmoki smo za stranko prilagodili napis glede na njene zahteve. Nato si oglejmo uporabo in notranje podrobnosti tega 16-metrskega tovornjaka s cmoki.\r\n<h3>Uporaba tega 16-metrskega tovornjaka za cmoke<\/h3>\r\nNa\u0161e stranke uporabljajo ta tovornjak s cmoki predvsem za prodajo hitre hrane, kot so parjeni cmoki, pija\u010de itd.\r\n<h3>Notranja struktura tega tovornjaka za cmoke<\/h3>\r\nKot lahko vidimo na spodnjih slikah, smo namestili predvsem \u0161tiri pomivalna korita, dve dolgi delovni mizi iz nerjave\u010dega jekla s shrambo, ve\u010d vodnih pip, plinski cvrtnik, plinsko plo\u0161\u010do za kuhanje na \u017earu, plinski \u0161tedilnik z dvema gorilnikoma, napo, hladilnik s solatnim barom, klimatsko napravo, stroj za izdelavo cmokov itd.\r\n\r\n<img decoding=\"async\" class=\"aligncenter size-full wp-image-8909\" src=\"https:\/\/www.honlufoodtrailer.com\/wp-content\/uploads\/2024\/11\/16ft-steamy-dumpling-trailer-inner-view.jpg\" alt=\"16-metrski priklopnik za parne cmoke, pogled od znotraj\" width=\"720\" height=\"540\" srcset=\"https:\/\/www.honlufoodtrailer.com\/wp-content\/uploads\/2024\/11\/16ft-steamy-dumpling-trailer-inner-view.jpg 720w, https:\/\/www.honlufoodtrailer.com\/wp-content\/uploads\/2024\/11\/16ft-steamy-dumpling-trailer-inner-view-480x360.jpg 480w, https:\/\/www.honlufoodtrailer.com\/wp-content\/uploads\/2024\/11\/16ft-steamy-dumpling-trailer-inner-view-300x225.jpg 300w\" sizes=\"(max-width: 720px) 100vw, 720px\" \/>\r\n\r\n&nbsp;\r\n<h3>Ve\u010d podrobnosti:<\/h3>\r\nOglejte si ve\u010d podrobnosti o tem 16-metrskem tovornjaku za cmoke. Kot lahko vidite, so vsi dodatki v skladu z lokalnimi standardi stranke. Kot profesionalni proizvajalec in izvoznik prikolic za hrano z ve\u010d kot 10-letnimi izku\u0161njami poznamo predpise in zahteve \u0161tevilnih dr\u017eav, zato vam bomo zagotovili tovornjake za hrano, ki ustrezajo zahtevam va\u0161e dr\u017eave. Za prilagoditev va\u0161e prikolice za hrano nas preprosto kontaktirajte!\r\n\r\n<img loading=\"lazy\" decoding=\"async\" class=\"aligncenter size-full wp-image-8908\" src=\"https:\/\/www.honlufoodtrailer.com\/wp-content\/uploads\/2024\/11\/16ft-steamy-dumpling-trailer-inner-details.jpg\" alt=\"Notranje podrobnosti 16-metrske prikolice za parne cmoke\" width=\"800\" height=\"800\" srcset=\"https:\/\/www.honlufoodtrailer.com\/wp-content\/uploads\/2024\/11\/16ft-steamy-dumpling-trailer-inner-details.jpg 800w, https:\/\/www.honlufoodtrailer.com\/wp-content\/uploads\/2024\/11\/16ft-steamy-dumpling-trailer-inner-details-768x768.jpg 768w, https:\/\/www.honlufoodtrailer.com\/wp-content\/uploads\/2024\/11\/16ft-steamy-dumpling-trailer-inner-details-360x360.jpg 360w, https:\/\/www.honlufoodtrailer.com\/wp-content\/uploads\/2024\/11\/16ft-steamy-dumpling-trailer-inner-details-300x300.jpg 300w, https:\/\/www.honlufoodtrailer.com\/wp-content\/uploads\/2024\/11\/16ft-steamy-dumpling-trailer-inner-details-720x720.jpg 720w, https:\/\/www.honlufoodtrailer.com\/wp-content\/uploads\/2024\/11\/16ft-steamy-dumpling-trailer-inner-details-100x100.jpg 100w\" sizes=\"(max-width: 800px) 100vw, 800px\" \/>\r\n<h3 class=\"magic-6\" data-spm-anchor-id=\"a2700.wholesale.0.i28.29e52808agqc7f\">Glavne zna\u010dilnosti koncesijske prikolice<\/h3>\r\n<div class=\"magic-7\">\r\n<div class=\"magic-8\">\r\n<div class=\"magic-9\" data-id=\"paragraph0\">\r\n<ol>\r\n \t<li>Izpolnjevati lokalne standarde;<\/li>\r\n \t<li>Kompaktna struktura in razumna postavitev.<\/li>\r\n \t<li>Trdna kakovost, po razumni ceni.<\/li>\r\n<\/ol>\r\n<h3>Brezpla\u010dno 2D\/3D risanje tlorisa<\/h3>\r\nZa stranke, ki naro\u010dijo na\u0161e prikolice za hrano, vam lahko po potrditvi dimenzij prikolice za hrano in notranje kuhinjske opreme brezpla\u010dno zagotovimo 3D-risbe. Tako boste dobili jasnej\u0161o predstavo o va\u0161i zasnovi in va\u0161i vozi\u010dku za hrano. Pri potrditvi lokacije kuhinjske opreme lahko z vami jasno komuniciramo prek tlorisa. Zagotavljamo vam lahko tudi originalne dokumente, ki vam bodo olaj\u0161ali na\u010drtovanje in prilagoditve.\r\n\r\n<\/div>\r\n<\/div>\r\n<\/div>\t\t\t\t\t\t\t\t<\/div>\n\t\t\t\t<\/div>\n\t\t\t\t\t<\/div>\n\t\t<\/div>\n\t\t\t\t\t<\/div>\n\t\t<\/section>\n\t\t\t\t<section class=\"elementor-section elementor-top-section elementor-element elementor-element-26e86c3 elementor-section-boxed elementor-section-height-default elementor-section-height-default\" data-id=\"26e86c3\" data-element_type=\"section\" data-e-type=\"section\">\n\t\t\t\t\t\t<div class=\"elementor-container elementor-column-gap-default\">\n\t\t\t\t\t<div class=\"elementor-column elementor-col-100 elementor-top-column elementor-element elementor-element-e74cc54\" data-id=\"e74cc54\" data-element_type=\"column\" data-e-type=\"column\">\n\t\t\t<div class=\"elementor-widget-wrap elementor-element-populated\">\n\t\t\t\t\t\t<div class=\"elementor-element elementor-element-2e1363d elementor-widget elementor-widget-heading\" data-id=\"2e1363d\" data-element_type=\"widget\" data-e-type=\"widget\" data-widget_type=\"heading.default\">\n\t\t\t\t<div class=\"elementor-widget-container\">\n\t\t\t\t\t<h2 class=\"elementor-heading-title elementor-size-default\">Povratne informacije<\/h2>\t\t\t\t<\/div>\n\t\t\t\t<\/div>\n\t\t\t\t<div class=\"elementor-element elementor-element-9a4f0ea elementor-widget-divider--view-line elementor-widget elementor-widget-divider\" data-id=\"9a4f0ea\" data-element_type=\"widget\" data-e-type=\"widget\" data-widget_type=\"divider.default\">\n\t\t\t\t<div class=\"elementor-widget-container\">\n\t\t\t\t\t\t\t<div class=\"elementor-divider\">\n\t\t\t<span class=\"elementor-divider-separator\">\n\t\t\t\t\t\t<\/span>\n\t\t<\/div>\n\t\t\t\t\t\t<\/div>\n\t\t\t\t<\/div>\n\t\t\t\t<section class=\"elementor-section elementor-inner-section elementor-element elementor-element-3c1a996 elementor-section-boxed elementor-section-height-default elementor-section-height-default\" data-id=\"3c1a996\" data-element_type=\"section\" data-e-type=\"section\">\n\t\t\t\t\t\t<div class=\"elementor-container elementor-column-gap-default\">\n\t\t\t\t\t<div class=\"elementor-column elementor-col-50 elementor-inner-column elementor-element elementor-element-ef494b1\" data-id=\"ef494b1\" data-element_type=\"column\" data-e-type=\"column\">\n\t\t\t<div class=\"elementor-widget-wrap elementor-element-populated\">\n\t\t\t\t\t\t<div class=\"elementor-element elementor-element-88d55c8 elementor-widget elementor-widget-image\" data-id=\"88d55c8\" data-element_type=\"widget\" data-e-type=\"widget\" data-widget_type=\"image.default\">\n\t\t\t\t<div class=\"elementor-widget-container\">\n\t\t\t\t\t\t\t\t\t\t\t\t\t\t\t<img loading=\"lazy\" decoding=\"async\" width=\"700\" height=\"933\" src=\"https:\/\/www.honlufoodtrailer.com\/wp-content\/uploads\/2024\/11\/16ft-dumpling-food-truck-feedback-01.jpg\" class=\"attachment-large size-large wp-image-9674\" alt=\"Povratne informacije o tovornjaku s hrano za cmoke dol\u017eine 16 \u010devljev\" srcset=\"https:\/\/www.honlufoodtrailer.com\/wp-content\/uploads\/2024\/11\/16ft-dumpling-food-truck-feedback-01.jpg 700w, https:\/\/www.honlufoodtrailer.com\/wp-content\/uploads\/2024\/11\/16ft-dumpling-food-truck-feedback-01-270x360.jpg 270w, https:\/\/www.honlufoodtrailer.com\/wp-content\/uploads\/2024\/11\/16ft-dumpling-food-truck-feedback-01-300x400.jpg 300w\" sizes=\"(max-width: 700px) 100vw, 700px\" \/>\t\t\t\t\t\t\t\t\t\t\t\t\t\t\t<\/div>\n\t\t\t\t<\/div>\n\t\t\t\t\t<\/div>\n\t\t<\/div>\n\t\t\t\t<div class=\"elementor-column elementor-col-50 elementor-inner-column elementor-element elementor-element-ff1245c\" data-id=\"ff1245c\" data-element_type=\"column\" data-e-type=\"column\">\n\t\t\t<div class=\"elementor-widget-wrap elementor-element-populated\">\n\t\t\t\t\t\t<div class=\"elementor-element elementor-element-cd836d4 elementor-widget elementor-widget-image\" data-id=\"cd836d4\" data-element_type=\"widget\" data-e-type=\"widget\" data-widget_type=\"image.default\">\n\t\t\t\t<div class=\"elementor-widget-container\">\n\t\t\t\t\t\t\t\t\t\t\t\t\t\t\t<img loading=\"lazy\" decoding=\"async\" width=\"700\" height=\"933\" src=\"https:\/\/www.honlufoodtrailer.com\/wp-content\/uploads\/2024\/11\/16ft-dumpling-food-truck-feedback-02.jpg\" class=\"attachment-large size-large wp-image-9673\" alt=\"Povratne informacije o tovornjaku s hrano za cmoke dol\u017eine 16 \u010devljev\" srcset=\"https:\/\/www.honlufoodtrailer.com\/wp-content\/uploads\/2024\/11\/16ft-dumpling-food-truck-feedback-02.jpg 700w, https:\/\/www.honlufoodtrailer.com\/wp-content\/uploads\/2024\/11\/16ft-dumpling-food-truck-feedback-02-270x360.jpg 270w, https:\/\/www.honlufoodtrailer.com\/wp-content\/uploads\/2024\/11\/16ft-dumpling-food-truck-feedback-02-300x400.jpg 300w\" sizes=\"(max-width: 700px) 100vw, 700px\" \/>\t\t\t\t\t\t\t\t\t\t\t\t\t\t\t<\/div>\n\t\t\t\t<\/div>\n\t\t\t\t\t<\/div>\n\t\t<\/div>\n\t\t\t\t\t<\/div>\n\t\t<\/section>\n\t\t\t\t<div class=\"elementor-element elementor-element-b31eec0 elementor-widget elementor-widget-text-editor\" data-id=\"b31eec0\" data-element_type=\"widget\" data-e-type=\"widget\" data-widget_type=\"text-editor.default\">\n\t\t\t\t<div class=\"elementor-widget-container\">\n\t\t\t\t\t\t\t\t\t<p>Sledijo slike, ki jih je posnel na\u0161 kupec. Na\u0161 kupec je zelo zadovoljen s tovornjakom s hrano in poslovanje je vedno dobro.<\/p>\t\t\t\t\t\t\t\t<\/div>\n\t\t\t\t<\/div>\n\t\t\t\t\t<\/div>\n\t\t<\/div>\n\t\t\t\t\t<\/div>\n\t\t<\/section>\n\t\t\t\t<\/div>","protected":false},"excerpt":{"rendered":"<p data-spm-anchor-id=\"a2700.wholesale.0.i28.29e52808agqc7f\">To je prilagojen 16-metrski tovornjak za cmoke. Celotno vozilo je izdelano iz nerjave\u010dega jekla in pocinkane plo\u010devine. Uporablja se lahko za prodajo cmokov, pija\u010d itd. Izdelamo lahko podoben priklopnik za hrano ali pa ga prilagodimo za vas. Velikost, barva karoserije, nalepke, ozna\u010devanje in kuhinjska oprema priklopnika za hrano se lahko prilagodijo. Poleg tega bo vsa dodatna oprema ustrezala zahtevam strank. Ne oklevajte in nas kontaktirajte ter nam sporo\u010dite svoje podrobne zahteve!<\/p>","protected":false},"featured_media":8907,"template":"","meta":{"_themeisle_gutenberg_block_has_review":false},"product_brand":[],"product_cat":[26],"product_tag":[96,97],"class_list":{"0":"post-8918","1":"product","2":"type-product","3":"status-publish","4":"has-post-thumbnail","6":"product_cat-product","7":"product_tag-16ft-food-trailer","8":"product_tag-dumpling-trailer","10":"first","11":"instock","12":"shipping-taxable","13":"product-type-simple"},"yoast_head":"<!-- This site is optimized with the Yoast SEO plugin v27.5 - https:\/\/yoast.com\/product\/yoast-seo-wordpress\/ -->\n<title>16ft Dumpling Food Truck Fom China Factory - Honlu Food Trailer<\/title>\n<meta name=\"description\" content=\"This is a customized 16ft dumpling food truck. High quality and appealing appearance, get its price here direct from China factory!\" \/>\n<meta name=\"robots\" content=\"index, follow, max-snippet:-1, max-image-preview:large, max-video-preview:-1\" \/>\n<link rel=\"canonical\" href=\"https:\/\/www.honlufoodtrailer.com\/sl\/product\/16ft-dumpling-food-truck\/\" \/>\n<meta property=\"og:locale\" content=\"sl_SI\" \/>\n<meta property=\"og:type\" content=\"article\" \/>\n<meta property=\"og:title\" content=\"16ft Dumpling Food Truck Fom China Factory - Honlu Food Trailer\" \/>\n<meta property=\"og:description\" content=\"This is a customized 16ft dumpling food truck. High quality and appealing appearance, get its price here direct from China factory!\" \/>\n<meta property=\"og:url\" content=\"https:\/\/www.honlufoodtrailer.com\/sl\/product\/16ft-dumpling-food-truck\/\" \/>\n<meta property=\"og:site_name\" content=\"Honlu food trailer\" \/>\n<meta property=\"article:modified_time\" content=\"2025-02-14T05:54:56+00:00\" \/>\n<meta property=\"og:image\" content=\"https:\/\/www.honlufoodtrailer.com\/wp-content\/uploads\/2024\/11\/16ft-steamy-dumpling-trailer-front-view.jpg\" \/>\n\t<meta property=\"og:image:width\" content=\"720\" \/>\n\t<meta property=\"og:image:height\" content=\"540\" \/>\n\t<meta property=\"og:image:type\" content=\"image\/jpeg\" \/>\n<meta name=\"twitter:card\" content=\"summary_large_image\" \/>\n<meta name=\"twitter:label1\" content=\"Est. reading time\" \/>\n\t<meta name=\"twitter:data1\" content=\"2 minuti\" \/>\n<script type=\"application\/ld+json\" class=\"yoast-schema-graph\">{\"@context\":\"https:\\\/\\\/schema.org\",\"@graph\":[{\"@type\":\"WebPage\",\"@id\":\"https:\\\/\\\/www.honlufoodtrailer.com\\\/product\\\/16ft-dumpling-food-truck\\\/\",\"url\":\"https:\\\/\\\/www.honlufoodtrailer.com\\\/product\\\/16ft-dumpling-food-truck\\\/\",\"name\":\"16ft Dumpling Food Truck Fom China Factory - Honlu Food Trailer\",\"isPartOf\":{\"@id\":\"https:\\\/\\\/www.honlufoodtrailer.com\\\/#website\"},\"primaryImageOfPage\":{\"@id\":\"https:\\\/\\\/www.honlufoodtrailer.com\\\/product\\\/16ft-dumpling-food-truck\\\/#primaryimage\"},\"image\":{\"@id\":\"https:\\\/\\\/www.honlufoodtrailer.com\\\/product\\\/16ft-dumpling-food-truck\\\/#primaryimage\"},\"thumbnailUrl\":\"https:\\\/\\\/www.honlufoodtrailer.com\\\/wp-content\\\/uploads\\\/2024\\\/11\\\/16ft-steamy-dumpling-trailer-front-view.jpg\",\"datePublished\":\"2024-11-01T08:53:39+00:00\",\"dateModified\":\"2025-02-14T05:54:56+00:00\",\"description\":\"This is a customized 16ft dumpling food truck. High quality and appealing appearance, get its price here direct from China factory!\",\"breadcrumb\":{\"@id\":\"https:\\\/\\\/www.honlufoodtrailer.com\\\/product\\\/16ft-dumpling-food-truck\\\/#breadcrumb\"},\"inLanguage\":\"sl-SI\",\"potentialAction\":[{\"@type\":\"ReadAction\",\"target\":[\"https:\\\/\\\/www.honlufoodtrailer.com\\\/product\\\/16ft-dumpling-food-truck\\\/\"]}]},{\"@type\":\"ImageObject\",\"inLanguage\":\"sl-SI\",\"@id\":\"https:\\\/\\\/www.honlufoodtrailer.com\\\/product\\\/16ft-dumpling-food-truck\\\/#primaryimage\",\"url\":\"https:\\\/\\\/www.honlufoodtrailer.com\\\/wp-content\\\/uploads\\\/2024\\\/11\\\/16ft-steamy-dumpling-trailer-front-view.jpg\",\"contentUrl\":\"https:\\\/\\\/www.honlufoodtrailer.com\\\/wp-content\\\/uploads\\\/2024\\\/11\\\/16ft-steamy-dumpling-trailer-front-view.jpg\",\"width\":720,\"height\":540,\"caption\":\"16ft steamy dumpling trailer\"},{\"@type\":\"BreadcrumbList\",\"@id\":\"https:\\\/\\\/www.honlufoodtrailer.com\\\/product\\\/16ft-dumpling-food-truck\\\/#breadcrumb\",\"itemListElement\":[{\"@type\":\"ListItem\",\"position\":1,\"name\":\"Home\",\"item\":\"https:\\\/\\\/www.honlufoodtrailer.com\\\/\"},{\"@type\":\"ListItem\",\"position\":2,\"name\":\"\u4ea7\u54c1\",\"item\":\"https:\\\/\\\/www.honlufoodtrailer.com\\\/shop\\\/\"},{\"@type\":\"ListItem\",\"position\":3,\"name\":\"16ft Dumpling Food Truck\"}]},{\"@type\":\"WebSite\",\"@id\":\"https:\\\/\\\/www.honlufoodtrailer.com\\\/#website\",\"url\":\"https:\\\/\\\/www.honlufoodtrailer.com\\\/\",\"name\":\"Honlu food trailer\",\"description\":\"\",\"publisher\":{\"@id\":\"https:\\\/\\\/www.honlufoodtrailer.com\\\/#organization\"},\"potentialAction\":[{\"@type\":\"SearchAction\",\"target\":{\"@type\":\"EntryPoint\",\"urlTemplate\":\"https:\\\/\\\/www.honlufoodtrailer.com\\\/?s={search_term_string}\"},\"query-input\":{\"@type\":\"PropertyValueSpecification\",\"valueRequired\":true,\"valueName\":\"search_term_string\"}}],\"inLanguage\":\"sl-SI\"},{\"@type\":\"Organization\",\"@id\":\"https:\\\/\\\/www.honlufoodtrailer.com\\\/#organization\",\"name\":\"Honlu food trailer\",\"url\":\"https:\\\/\\\/www.honlufoodtrailer.com\\\/\",\"logo\":{\"@type\":\"ImageObject\",\"inLanguage\":\"sl-SI\",\"@id\":\"https:\\\/\\\/www.honlufoodtrailer.com\\\/#\\\/schema\\\/logo\\\/image\\\/\",\"url\":\"https:\\\/\\\/www.honlufoodtrailer.com\\\/wp-content\\\/uploads\\\/2021\\\/12\\\/2.gif\",\"contentUrl\":\"https:\\\/\\\/www.honlufoodtrailer.com\\\/wp-content\\\/uploads\\\/2021\\\/12\\\/2.gif\",\"width\":350,\"height\":100,\"caption\":\"Honlu food trailer\"},\"image\":{\"@id\":\"https:\\\/\\\/www.honlufoodtrailer.com\\\/#\\\/schema\\\/logo\\\/image\\\/\"}}]}<\/script>\n<!-- \/ Yoast SEO plugin. -->","yoast_head_json":{"title":"16-metrski tovornjak za cmoke s hrano iz kitajske tovarne - prikolica za hrano Honlu","description":"To je prilagojen 16-metrski tovornjak za cmoke. Visoka kakovost in privla\u010den videz, dobite ceno tukaj neposredno iz kitajske tovarne!","robots":{"index":"index","follow":"follow","max-snippet":"max-snippet:-1","max-image-preview":"max-image-preview:large","max-video-preview":"max-video-preview:-1"},"canonical":"https:\/\/www.honlufoodtrailer.com\/sl\/product\/16ft-dumpling-food-truck\/","og_locale":"sl_SI","og_type":"article","og_title":"16ft Dumpling Food Truck Fom China Factory - Honlu Food Trailer","og_description":"This is a customized 16ft dumpling food truck. High quality and appealing appearance, get its price here direct from China factory!","og_url":"https:\/\/www.honlufoodtrailer.com\/sl\/product\/16ft-dumpling-food-truck\/","og_site_name":"Honlu food trailer","article_modified_time":"2025-02-14T05:54:56+00:00","og_image":[{"width":720,"height":540,"url":"https:\/\/www.honlufoodtrailer.com\/wp-content\/uploads\/2024\/11\/16ft-steamy-dumpling-trailer-front-view.jpg","type":"image\/jpeg"}],"twitter_card":"summary_large_image","twitter_misc":{"Est. reading time":"2 minuti"},"schema":{"@context":"https:\/\/schema.org","@graph":[{"@type":"WebPage","@id":"https:\/\/www.honlufoodtrailer.com\/product\/16ft-dumpling-food-truck\/","url":"https:\/\/www.honlufoodtrailer.com\/product\/16ft-dumpling-food-truck\/","name":"16-metrski tovornjak za cmoke s hrano iz kitajske tovarne - prikolica za hrano Honlu","isPartOf":{"@id":"https:\/\/www.honlufoodtrailer.com\/#website"},"primaryImageOfPage":{"@id":"https:\/\/www.honlufoodtrailer.com\/product\/16ft-dumpling-food-truck\/#primaryimage"},"image":{"@id":"https:\/\/www.honlufoodtrailer.com\/product\/16ft-dumpling-food-truck\/#primaryimage"},"thumbnailUrl":"https:\/\/www.honlufoodtrailer.com\/wp-content\/uploads\/2024\/11\/16ft-steamy-dumpling-trailer-front-view.jpg","datePublished":"2024-11-01T08:53:39+00:00","dateModified":"2025-02-14T05:54:56+00:00","description":"To je prilagojen 16-metrski tovornjak za cmoke. Visoka kakovost in privla\u010den videz, dobite ceno tukaj neposredno iz kitajske tovarne!","breadcrumb":{"@id":"https:\/\/www.honlufoodtrailer.com\/product\/16ft-dumpling-food-truck\/#breadcrumb"},"inLanguage":"sl-SI","potentialAction":[{"@type":"ReadAction","target":["https:\/\/www.honlufoodtrailer.com\/product\/16ft-dumpling-food-truck\/"]}]},{"@type":"ImageObject","inLanguage":"sl-SI","@id":"https:\/\/www.honlufoodtrailer.com\/product\/16ft-dumpling-food-truck\/#primaryimage","url":"https:\/\/www.honlufoodtrailer.com\/wp-content\/uploads\/2024\/11\/16ft-steamy-dumpling-trailer-front-view.jpg","contentUrl":"https:\/\/www.honlufoodtrailer.com\/wp-content\/uploads\/2024\/11\/16ft-steamy-dumpling-trailer-front-view.jpg","width":720,"height":540,"caption":"16ft steamy dumpling trailer"},{"@type":"BreadcrumbList","@id":"https:\/\/www.honlufoodtrailer.com\/product\/16ft-dumpling-food-truck\/#breadcrumb","itemListElement":[{"@type":"ListItem","position":1,"name":"Home","item":"https:\/\/www.honlufoodtrailer.com\/"},{"@type":"ListItem","position":2,"name":"\u4ea7\u54c1","item":"https:\/\/www.honlufoodtrailer.com\/shop\/"},{"@type":"ListItem","position":3,"name":"16ft Dumpling Food Truck"}]},{"@type":"WebSite","@id":"https:\/\/www.honlufoodtrailer.com\/#website","url":"https:\/\/www.honlufoodtrailer.com\/","name":"Prikolica za hrano Honlu","description":"","publisher":{"@id":"https:\/\/www.honlufoodtrailer.com\/#organization"},"potentialAction":[{"@type":"SearchAction","target":{"@type":"EntryPoint","urlTemplate":"https:\/\/www.honlufoodtrailer.com\/?s={search_term_string}"},"query-input":{"@type":"PropertyValueSpecification","valueRequired":true,"valueName":"search_term_string"}}],"inLanguage":"sl-SI"},{"@type":"Organization","@id":"https:\/\/www.honlufoodtrailer.com\/#organization","name":"Prikolica za hrano Honlu","url":"https:\/\/www.honlufoodtrailer.com\/","logo":{"@type":"ImageObject","inLanguage":"sl-SI","@id":"https:\/\/www.honlufoodtrailer.com\/#\/schema\/logo\/image\/","url":"https:\/\/www.honlufoodtrailer.com\/wp-content\/uploads\/2021\/12\/2.gif","contentUrl":"https:\/\/www.honlufoodtrailer.com\/wp-content\/uploads\/2021\/12\/2.gif","width":350,"height":100,"caption":"Honlu food trailer"},"image":{"@id":"https:\/\/www.honlufoodtrailer.com\/#\/schema\/logo\/image\/"}}]}},"_links":{"self":[{"href":"https:\/\/www.honlufoodtrailer.com\/sl\/wp-json\/wp\/v2\/product\/8918","targetHints":{"allow":["GET"]}}],"collection":[{"href":"https:\/\/www.honlufoodtrailer.com\/sl\/wp-json\/wp\/v2\/product"}],"about":[{"href":"https:\/\/www.honlufoodtrailer.com\/sl\/wp-json\/wp\/v2\/types\/product"}],"version-history":[{"count":5,"href":"https:\/\/www.honlufoodtrailer.com\/sl\/wp-json\/wp\/v2\/product\/8918\/revisions"}],"predecessor-version":[{"id":9677,"href":"https:\/\/www.honlufoodtrailer.com\/sl\/wp-json\/wp\/v2\/product\/8918\/revisions\/9677"}],"wp:featuredmedia":[{"embeddable":true,"href":"https:\/\/www.honlufoodtrailer.com\/sl\/wp-json\/wp\/v2\/media\/8907"}],"wp:attachment":[{"href":"https:\/\/www.honlufoodtrailer.com\/sl\/wp-json\/wp\/v2\/media?parent=8918"}],"wp:term":[{"taxonomy":"product_brand","embeddable":true,"href":"https:\/\/www.honlufoodtrailer.com\/sl\/wp-json\/wp\/v2\/product_brand?post=8918"},{"taxonomy":"product_cat","embeddable":true,"href":"https:\/\/www.honlufoodtrailer.com\/sl\/wp-json\/wp\/v2\/product_cat?post=8918"},{"taxonomy":"product_tag","embeddable":true,"href":"https:\/\/www.honlufoodtrailer.com\/sl\/wp-json\/wp\/v2\/product_tag?post=8918"}],"curies":[{"name":"wp","href":"https:\/\/api.w.org\/{rel}","templated":true}]}}