{"id":8970,"date":"2024-11-29T16:23:14","date_gmt":"2024-11-29T08:23:14","guid":{"rendered":"https:\/\/www.honlufoodtrailer.com\/?post_type=product&#038;p=8970"},"modified":"2025-02-14T13:49:57","modified_gmt":"2025-02-14T05:49:57","slug":"porch-style-concession-trailer-french-polynesia","status":"publish","type":"product","link":"https:\/\/www.honlufoodtrailer.com\/sl\/product\/porch-style-concession-trailer-french-polynesia\/","title":{"rendered":"26-metrska koncesijska prikolica v stilu verande v Francoski Polineziji"},"content":{"rendered":"<p data-spm-anchor-id=\"a2700.wholesale.0.i28.29e52808agqc7f\">I\u0161\u010dete prikolico za u\u017eivanje hrane v slogu verande? Oglejte si to 26-metrsko prikolico za u\u017eivanje hrane v slogu verande tukaj! To je ena od prikolic za hrano v slogu verande, ki smo jih prilagodili za stranko iz Francoske Polinezije. Zdaj pa si poglejmo ve\u010d podrobnosti o njej!<\/p>\n<p data-spm-anchor-id=\"a2700.wholesale.0.i28.29e52808agqc7f\"><img fetchpriority=\"high\" decoding=\"async\" class=\"aligncenter size-full wp-image-8979\" src=\"https:\/\/www.honlufoodtrailer.com\/wp-content\/uploads\/2024\/11\/Porch-Style-Concession-Trailer-French-Polynesia-07.jpg\" alt=\"Podrobnosti o koncesijskem priklopniku Porch Francoska Polinezija\" width=\"720\" height=\"540\" srcset=\"https:\/\/www.honlufoodtrailer.com\/wp-content\/uploads\/2024\/11\/Porch-Style-Concession-Trailer-French-Polynesia-07.jpg 720w, https:\/\/www.honlufoodtrailer.com\/wp-content\/uploads\/2024\/11\/Porch-Style-Concession-Trailer-French-Polynesia-07-480x360.jpg 480w, https:\/\/www.honlufoodtrailer.com\/wp-content\/uploads\/2024\/11\/Porch-Style-Concession-Trailer-French-Polynesia-07-300x225.jpg 300w\" sizes=\"(max-width: 720px) 100vw, 720px\" \/><\/p>\n<p data-spm-anchor-id=\"a2700.wholesale.0.i28.29e52808agqc7f\">Kot lahko vidimo na zgornjih slikah, je celotna karoserija te prikolice za hrano \u010drna, sprednji del prikolice pa ima odprto zasnovo. Ta model prikolice za hrano z verando je najbolj primeren za za\u010detek poslovanja z \u017earom.<\/p>\n<p data-spm-anchor-id=\"a2700.wholesale.0.i28.29e52808agqc7f\"><img decoding=\"async\" class=\"aligncenter size-full wp-image-8977\" src=\"https:\/\/www.honlufoodtrailer.com\/wp-content\/uploads\/2024\/11\/Porch-Style-Concession-Trailer-French-Polynesia-05.jpg\" alt=\"Podrobnosti o koncesijskem priklopniku Porch Francoska Polinezija\" width=\"720\" height=\"540\" srcset=\"https:\/\/www.honlufoodtrailer.com\/wp-content\/uploads\/2024\/11\/Porch-Style-Concession-Trailer-French-Polynesia-05.jpg 720w, https:\/\/www.honlufoodtrailer.com\/wp-content\/uploads\/2024\/11\/Porch-Style-Concession-Trailer-French-Polynesia-05-480x360.jpg 480w, https:\/\/www.honlufoodtrailer.com\/wp-content\/uploads\/2024\/11\/Porch-Style-Concession-Trailer-French-Polynesia-05-300x225.jpg 300w\" sizes=\"(max-width: 720px) 100vw, 720px\" \/><\/p>\n<p data-spm-anchor-id=\"a2700.wholesale.0.i28.29e52808agqc7f\">Veranda na zadnjem delu prikolice za hrano je zasnova, ki jo je predlagala stranka, pregrade okoli verande pa se lahko odprejo navzven in tako dobimo odprto zasnovo. Nato si oglejmo notranje podrobnosti te prikolice za hrano v stilu verande.<\/p>\n<h3>Notranje podrobnosti 26-metrske koncesijske prikolice v stilu verande<\/h3>\n<p data-spm-anchor-id=\"a2700.wholesale.0.i28.29e52808agqc7f\">Kot je razvidno iz spodnjih slik, smo prikolico za hrano opremili z nekaj kuhinjske opreme v skladu z zahtevami stranke. Kuhinjska oprema vklju\u010duje 2 pomivalna korita s pipo za toplo in hladno vodo, kuhinjsko napo, mizo za pripravo hrane, delovno mizo s hladilnikom itd.<\/p>\n<p data-spm-anchor-id=\"a2700.wholesale.0.i28.29e52808agqc7f\"><img decoding=\"async\" class=\"aligncenter size-full wp-image-8983\" src=\"https:\/\/www.honlufoodtrailer.com\/wp-content\/uploads\/2024\/11\/Porch-Concession-Trailer-French-Polynesia-inner-detail.jpg\" alt=\"Notranji detajl verande prikolice Francoska Polinezija\" width=\"800\" height=\"800\" srcset=\"https:\/\/www.honlufoodtrailer.com\/wp-content\/uploads\/2024\/11\/Porch-Concession-Trailer-French-Polynesia-inner-detail.jpg 800w, https:\/\/www.honlufoodtrailer.com\/wp-content\/uploads\/2024\/11\/Porch-Concession-Trailer-French-Polynesia-inner-detail-768x768.jpg 768w, https:\/\/www.honlufoodtrailer.com\/wp-content\/uploads\/2024\/11\/Porch-Concession-Trailer-French-Polynesia-inner-detail-360x360.jpg 360w, https:\/\/www.honlufoodtrailer.com\/wp-content\/uploads\/2024\/11\/Porch-Concession-Trailer-French-Polynesia-inner-detail-300x300.jpg 300w, https:\/\/www.honlufoodtrailer.com\/wp-content\/uploads\/2024\/11\/Porch-Concession-Trailer-French-Polynesia-inner-detail-720x720.jpg 720w, https:\/\/www.honlufoodtrailer.com\/wp-content\/uploads\/2024\/11\/Porch-Concession-Trailer-French-Polynesia-inner-detail-100x100.jpg 100w\" sizes=\"(max-width: 800px) 100vw, 800px\" \/><\/p>\n<p data-spm-anchor-id=\"a2700.wholesale.0.i28.29e52808agqc7f\">Vsa kuhinjska oprema je prilagojena zahtevam strank. Kot proizvajalec in izvoznik prikolic za hrano z ve\u010d kot 10-letnimi izku\u0161njami vam lahko pomagamo pri oblikovanju in izdelavi prikolice za hrano va\u0161ih sanj. Velikost, barva karoserije, nalepke, ozna\u010devanje in kuhinjska oprema prikolice za hrano se lahko prilagodijo. Brez oklevanja nas kontaktirajte in nam sporo\u010dite svoje podrobne zahteve!<\/p>\n<h3>Ve\u010d podrobnosti o 26-metrski koncesijski prikolici z verando<\/h3>\n<p>Oglejte si ve\u010d podrobnosti o verandi, oknu, stopnici itd. Vse je izdelano v skladu z zahtevami stranke.<\/p>\n<p><img loading=\"lazy\" decoding=\"async\" class=\"aligncenter size-full wp-image-8971\" src=\"https:\/\/www.honlufoodtrailer.com\/wp-content\/uploads\/2024\/11\/Porch-Concession-Trailer-French-Polynesia-details-08.jpg\" alt=\"Podrobnosti o koncesijskem priklopniku Porch Francoska Polinezija\" width=\"800\" height=\"600\" srcset=\"https:\/\/www.honlufoodtrailer.com\/wp-content\/uploads\/2024\/11\/Porch-Concession-Trailer-French-Polynesia-details-08.jpg 800w, https:\/\/www.honlufoodtrailer.com\/wp-content\/uploads\/2024\/11\/Porch-Concession-Trailer-French-Polynesia-details-08-768x576.jpg 768w, https:\/\/www.honlufoodtrailer.com\/wp-content\/uploads\/2024\/11\/Porch-Concession-Trailer-French-Polynesia-details-08-480x360.jpg 480w, https:\/\/www.honlufoodtrailer.com\/wp-content\/uploads\/2024\/11\/Porch-Concession-Trailer-French-Polynesia-details-08-300x225.jpg 300w, https:\/\/www.honlufoodtrailer.com\/wp-content\/uploads\/2024\/11\/Porch-Concession-Trailer-French-Polynesia-details-08-720x540.jpg 720w\" sizes=\"(max-width: 800px) 100vw, 800px\" \/><\/p>\n<h3 data-spm-anchor-id=\"a2700.wholesale.0.i28.29e52808agqc7f\"><\/h3>\n<h3 class=\"magic-6\" data-spm-anchor-id=\"a2700.wholesale.0.i28.29e52808agqc7f\">Glavne zna\u010dilnosti te 26-metrske koncesijske prikolice v stilu verande<\/h3>\n<div class=\"magic-7\">\n<div class=\"magic-8\">\n<div class=\"magic-9\" data-id=\"paragraph0\">\n<ol>\n<li>Moden videz, rde\u010da barva, ki je privla\u010dna;<\/li>\n<li>Izdelan je iz nerjave\u010dega jekla, ki je trpe\u017eno in odporno proti koroziji;<\/li>\n<li>Sodobna in napredna oprema, ki je name\u0161\u010dena v koncesijski prikolici;<\/li>\n<li>Priro\u010dno in enostavno za premikanje;<\/li>\n<li>Ustreza ameri\u0161kim standardom;<\/li>\n<\/ol>\n<h3>Brezpla\u010dno 2D\/3D risanje tlorisa<\/h3>\n<p>Po potrditvi dimenzij prikolice za hrano in notranje kuhinjske opreme vam lahko brezpla\u010dno zagotovimo 3D risbe. To vam bo omogo\u010dilo jasnej\u0161o predstavo o va\u0161i zasnovi in va\u0161em vozi\u010dku za hrano. Pri potrditvi lokacije kuhinjske opreme vam lahko s pomo\u010djo tlorisa jasno sporo\u010dimo, kje se bo nahajala. Prav tako vam lahko zagotovimo izvirne dokumente za la\u017eje oblikovanje in prilagoditve.<\/p>\n<h3>Oglejte si ve\u010d na\u0161e koncesijske prikolice z verando<\/h3>\n<h4 class=\"product_title entry-title elementor-heading-title elementor-size-default\">Mobilna prikolica za hrano z verando v modri barvi<\/h4>\n<p><a href=\"https:\/\/www.honlufoodtrailer.com\/sl\/product\/mobile-food-trailer-with-porch\/\"><img loading=\"lazy\" decoding=\"async\" class=\"aligncenter wp-image-4724 size-full\" src=\"https:\/\/www.honlufoodtrailer.com\/wp-content\/uploads\/2022\/04\/Mobile-food-trailer-with-porch-21-8130-7.jpg\" alt=\"Mobilna prikolica za hrano z verando\" width=\"720\" height=\"540\" srcset=\"https:\/\/www.honlufoodtrailer.com\/wp-content\/uploads\/2022\/04\/Mobile-food-trailer-with-porch-21-8130-7.jpg 720w, https:\/\/www.honlufoodtrailer.com\/wp-content\/uploads\/2022\/04\/Mobile-food-trailer-with-porch-21-8130-7-480x360.jpg 480w, https:\/\/www.honlufoodtrailer.com\/wp-content\/uploads\/2022\/04\/Mobile-food-trailer-with-porch-21-8130-7-300x225.jpg 300w\" sizes=\"(max-width: 720px) 100vw, 720px\" \/>b<\/a><\/p>\n<h4>Prikolica za \u017ear Big Baby z verando<\/h4>\n<p><a href=\"https:\/\/www.honlufoodtrailer.com\/sl\/product\/bbq-food-trailer-with-porch\/\"><img loading=\"lazy\" decoding=\"async\" class=\"aligncenter wp-image-3399 size-full\" src=\"https:\/\/www.honlufoodtrailer.com\/wp-content\/uploads\/2022\/03\/BBQ-food-trailer-with-porch-1.jpg\" alt=\"Prikolica za peko hrane na \u017earu z verando (1)\" width=\"720\" height=\"540\" srcset=\"https:\/\/www.honlufoodtrailer.com\/wp-content\/uploads\/2022\/03\/BBQ-food-trailer-with-porch-1.jpg 720w, https:\/\/www.honlufoodtrailer.com\/wp-content\/uploads\/2022\/03\/BBQ-food-trailer-with-porch-1-480x360.jpg 480w, https:\/\/www.honlufoodtrailer.com\/wp-content\/uploads\/2022\/03\/BBQ-food-trailer-with-porch-1-300x225.jpg 300w\" sizes=\"(max-width: 720px) 100vw, 720px\" \/><\/a><\/p>\n<\/div>\n<\/div>\n<\/div>","protected":false},"excerpt":{"rendered":"<p>To je 8-metrska prikolica za prihranek hrane v stilu verande po meri. Izdelana je iz pocinkane plo\u010devine in nerjave\u010dega jekla. Vsa oprema v prikolici za prihranek hrane v stilu verande je izdelana iz nerjave\u010dega jekla. Strankam prilagodimo nekaj kuhinjske opreme, vklju\u010dno s pomivalnimi koriti, napo in delovno mizo itd. Ta model prikolice za hrano v stilu verande je najprimernej\u0161i model za za\u010detek poslovanja z \u017ear hrano. Za ve\u010d podrobnosti o tej prikolici za hrano lahko kliknete naslednje zavihke. Izdelamo lahko podobno prikolico za hrano, kot je ta, ali pa vam jo prilagodimo. Vsa oprema bo ustrezala va\u0161im zahtevam. Velikost, barva karoserije, nalepke, ozna\u010devanje, kuhinjska oprema prikolice za hrano je mogo\u010de prilagoditi. Ne oklevajte in nas kontaktirajte!<\/p>","protected":false},"featured_media":8976,"template":"","meta":{"_themeisle_gutenberg_block_has_review":false},"product_brand":[],"product_cat":[26],"product_tag":[76,79,73],"class_list":{"0":"post-8970","1":"product","2":"type-product","3":"status-publish","4":"has-post-thumbnail","6":"product_cat-product","7":"product_tag-26ft-food-trailer","8":"product_tag-food-trailer-with-porch","9":"product_tag-french-polynesia","11":"first","12":"instock","13":"featured","14":"shipping-taxable","15":"product-type-simple"},"yoast_head":"<!-- This site is optimized with the Yoast SEO plugin v27.5 - https:\/\/yoast.com\/product\/yoast-seo-wordpress\/ -->\n<title>26ft Porch Style Concession Trailer For French Polynesia Customer<\/title>\n<meta name=\"description\" content=\"This customized 8m porch concession trailer can make BBQ, fast food, etc. Good quality and reasonable price. See the details now!\" \/>\n<meta name=\"robots\" content=\"index, follow, max-snippet:-1, max-image-preview:large, max-video-preview:-1\" \/>\n<link rel=\"canonical\" href=\"https:\/\/www.honlufoodtrailer.com\/sl\/product\/porch-style-concession-trailer-french-polynesia\/\" \/>\n<meta property=\"og:locale\" content=\"sl_SI\" \/>\n<meta property=\"og:type\" content=\"article\" \/>\n<meta property=\"og:title\" content=\"26ft Porch Style Concession Trailer For French Polynesia Customer\" \/>\n<meta property=\"og:description\" content=\"This customized 8m porch concession trailer can make BBQ, fast food, etc. Good quality and reasonable price. See the details now!\" \/>\n<meta property=\"og:url\" content=\"https:\/\/www.honlufoodtrailer.com\/sl\/product\/porch-style-concession-trailer-french-polynesia\/\" \/>\n<meta property=\"og:site_name\" content=\"Honlu food trailer\" \/>\n<meta property=\"article:modified_time\" content=\"2025-02-14T05:49:57+00:00\" \/>\n<meta property=\"og:image\" content=\"https:\/\/www.honlufoodtrailer.com\/wp-content\/uploads\/2024\/11\/Porch-Style-Concession-Trailer-French-Polynesia-04.jpg\" \/>\n\t<meta property=\"og:image:width\" content=\"720\" \/>\n\t<meta property=\"og:image:height\" content=\"540\" \/>\n\t<meta property=\"og:image:type\" content=\"image\/jpeg\" \/>\n<meta name=\"twitter:card\" content=\"summary_large_image\" \/>\n<meta name=\"twitter:label1\" content=\"Est. reading time\" \/>\n\t<meta name=\"twitter:data1\" content=\"3 minute\" \/>\n<script type=\"application\/ld+json\" class=\"yoast-schema-graph\">{\"@context\":\"https:\\\/\\\/schema.org\",\"@graph\":[{\"@type\":\"WebPage\",\"@id\":\"https:\\\/\\\/www.honlufoodtrailer.com\\\/product\\\/porch-style-concession-trailer-french-polynesia\\\/\",\"url\":\"https:\\\/\\\/www.honlufoodtrailer.com\\\/product\\\/porch-style-concession-trailer-french-polynesia\\\/\",\"name\":\"26ft Porch Style Concession Trailer For French Polynesia Customer\",\"isPartOf\":{\"@id\":\"https:\\\/\\\/www.honlufoodtrailer.com\\\/#website\"},\"primaryImageOfPage\":{\"@id\":\"https:\\\/\\\/www.honlufoodtrailer.com\\\/product\\\/porch-style-concession-trailer-french-polynesia\\\/#primaryimage\"},\"image\":{\"@id\":\"https:\\\/\\\/www.honlufoodtrailer.com\\\/product\\\/porch-style-concession-trailer-french-polynesia\\\/#primaryimage\"},\"thumbnailUrl\":\"https:\\\/\\\/www.honlufoodtrailer.com\\\/wp-content\\\/uploads\\\/2024\\\/11\\\/Porch-Style-Concession-Trailer-French-Polynesia-04.jpg\",\"datePublished\":\"2024-11-29T08:23:14+00:00\",\"dateModified\":\"2025-02-14T05:49:57+00:00\",\"description\":\"This customized 8m porch concession trailer can make BBQ, fast food, etc. Good quality and reasonable price. See the details now!\",\"breadcrumb\":{\"@id\":\"https:\\\/\\\/www.honlufoodtrailer.com\\\/product\\\/porch-style-concession-trailer-french-polynesia\\\/#breadcrumb\"},\"inLanguage\":\"sl-SI\",\"potentialAction\":[{\"@type\":\"ReadAction\",\"target\":[\"https:\\\/\\\/www.honlufoodtrailer.com\\\/product\\\/porch-style-concession-trailer-french-polynesia\\\/\"]}]},{\"@type\":\"ImageObject\",\"inLanguage\":\"sl-SI\",\"@id\":\"https:\\\/\\\/www.honlufoodtrailer.com\\\/product\\\/porch-style-concession-trailer-french-polynesia\\\/#primaryimage\",\"url\":\"https:\\\/\\\/www.honlufoodtrailer.com\\\/wp-content\\\/uploads\\\/2024\\\/11\\\/Porch-Style-Concession-Trailer-French-Polynesia-04.jpg\",\"contentUrl\":\"https:\\\/\\\/www.honlufoodtrailer.com\\\/wp-content\\\/uploads\\\/2024\\\/11\\\/Porch-Style-Concession-Trailer-French-Polynesia-04.jpg\",\"width\":720,\"height\":540,\"caption\":\"26ft Porch Style Concession Trailer\"},{\"@type\":\"BreadcrumbList\",\"@id\":\"https:\\\/\\\/www.honlufoodtrailer.com\\\/product\\\/porch-style-concession-trailer-french-polynesia\\\/#breadcrumb\",\"itemListElement\":[{\"@type\":\"ListItem\",\"position\":1,\"name\":\"Home\",\"item\":\"https:\\\/\\\/www.honlufoodtrailer.com\\\/\"},{\"@type\":\"ListItem\",\"position\":2,\"name\":\"\u4ea7\u54c1\",\"item\":\"https:\\\/\\\/www.honlufoodtrailer.com\\\/shop\\\/\"},{\"@type\":\"ListItem\",\"position\":3,\"name\":\"26ft Porch Style Concession Trailer French Polynesia\"}]},{\"@type\":\"WebSite\",\"@id\":\"https:\\\/\\\/www.honlufoodtrailer.com\\\/#website\",\"url\":\"https:\\\/\\\/www.honlufoodtrailer.com\\\/\",\"name\":\"Honlu food trailer\",\"description\":\"\",\"publisher\":{\"@id\":\"https:\\\/\\\/www.honlufoodtrailer.com\\\/#organization\"},\"potentialAction\":[{\"@type\":\"SearchAction\",\"target\":{\"@type\":\"EntryPoint\",\"urlTemplate\":\"https:\\\/\\\/www.honlufoodtrailer.com\\\/?s={search_term_string}\"},\"query-input\":{\"@type\":\"PropertyValueSpecification\",\"valueRequired\":true,\"valueName\":\"search_term_string\"}}],\"inLanguage\":\"sl-SI\"},{\"@type\":\"Organization\",\"@id\":\"https:\\\/\\\/www.honlufoodtrailer.com\\\/#organization\",\"name\":\"Honlu food trailer\",\"url\":\"https:\\\/\\\/www.honlufoodtrailer.com\\\/\",\"logo\":{\"@type\":\"ImageObject\",\"inLanguage\":\"sl-SI\",\"@id\":\"https:\\\/\\\/www.honlufoodtrailer.com\\\/#\\\/schema\\\/logo\\\/image\\\/\",\"url\":\"https:\\\/\\\/www.honlufoodtrailer.com\\\/wp-content\\\/uploads\\\/2021\\\/12\\\/2.gif\",\"contentUrl\":\"https:\\\/\\\/www.honlufoodtrailer.com\\\/wp-content\\\/uploads\\\/2021\\\/12\\\/2.gif\",\"width\":350,\"height\":100,\"caption\":\"Honlu food trailer\"},\"image\":{\"@id\":\"https:\\\/\\\/www.honlufoodtrailer.com\\\/#\\\/schema\\\/logo\\\/image\\\/\"}}]}<\/script>\n<!-- \/ Yoast SEO plugin. -->","yoast_head_json":{"title":"26-metrska koncesijska prikolica v stilu verande za stranko iz Francoske Polinezije","description":"Ta prilagojena 8-metrska prikolica za prigrizke z verando lahko pripravlja \u017ear, hitro hrano itd. Dobra kakovost in razumna cena. Oglejte si podrobnosti zdaj!","robots":{"index":"index","follow":"follow","max-snippet":"max-snippet:-1","max-image-preview":"max-image-preview:large","max-video-preview":"max-video-preview:-1"},"canonical":"https:\/\/www.honlufoodtrailer.com\/sl\/product\/porch-style-concession-trailer-french-polynesia\/","og_locale":"sl_SI","og_type":"article","og_title":"26ft Porch Style Concession Trailer For French Polynesia Customer","og_description":"This customized 8m porch concession trailer can make BBQ, fast food, etc. Good quality and reasonable price. See the details now!","og_url":"https:\/\/www.honlufoodtrailer.com\/sl\/product\/porch-style-concession-trailer-french-polynesia\/","og_site_name":"Honlu food trailer","article_modified_time":"2025-02-14T05:49:57+00:00","og_image":[{"width":720,"height":540,"url":"https:\/\/www.honlufoodtrailer.com\/wp-content\/uploads\/2024\/11\/Porch-Style-Concession-Trailer-French-Polynesia-04.jpg","type":"image\/jpeg"}],"twitter_card":"summary_large_image","twitter_misc":{"Est. reading time":"3 minute"},"schema":{"@context":"https:\/\/schema.org","@graph":[{"@type":"WebPage","@id":"https:\/\/www.honlufoodtrailer.com\/product\/porch-style-concession-trailer-french-polynesia\/","url":"https:\/\/www.honlufoodtrailer.com\/product\/porch-style-concession-trailer-french-polynesia\/","name":"26-metrska koncesijska prikolica v stilu verande za stranko iz Francoske Polinezije","isPartOf":{"@id":"https:\/\/www.honlufoodtrailer.com\/#website"},"primaryImageOfPage":{"@id":"https:\/\/www.honlufoodtrailer.com\/product\/porch-style-concession-trailer-french-polynesia\/#primaryimage"},"image":{"@id":"https:\/\/www.honlufoodtrailer.com\/product\/porch-style-concession-trailer-french-polynesia\/#primaryimage"},"thumbnailUrl":"https:\/\/www.honlufoodtrailer.com\/wp-content\/uploads\/2024\/11\/Porch-Style-Concession-Trailer-French-Polynesia-04.jpg","datePublished":"2024-11-29T08:23:14+00:00","dateModified":"2025-02-14T05:49:57+00:00","description":"Ta prilagojena 8-metrska prikolica za prigrizke z verando lahko pripravlja \u017ear, hitro hrano itd. Dobra kakovost in razumna cena. Oglejte si podrobnosti zdaj!","breadcrumb":{"@id":"https:\/\/www.honlufoodtrailer.com\/product\/porch-style-concession-trailer-french-polynesia\/#breadcrumb"},"inLanguage":"sl-SI","potentialAction":[{"@type":"ReadAction","target":["https:\/\/www.honlufoodtrailer.com\/product\/porch-style-concession-trailer-french-polynesia\/"]}]},{"@type":"ImageObject","inLanguage":"sl-SI","@id":"https:\/\/www.honlufoodtrailer.com\/product\/porch-style-concession-trailer-french-polynesia\/#primaryimage","url":"https:\/\/www.honlufoodtrailer.com\/wp-content\/uploads\/2024\/11\/Porch-Style-Concession-Trailer-French-Polynesia-04.jpg","contentUrl":"https:\/\/www.honlufoodtrailer.com\/wp-content\/uploads\/2024\/11\/Porch-Style-Concession-Trailer-French-Polynesia-04.jpg","width":720,"height":540,"caption":"26ft Porch Style Concession Trailer"},{"@type":"BreadcrumbList","@id":"https:\/\/www.honlufoodtrailer.com\/product\/porch-style-concession-trailer-french-polynesia\/#breadcrumb","itemListElement":[{"@type":"ListItem","position":1,"name":"Home","item":"https:\/\/www.honlufoodtrailer.com\/"},{"@type":"ListItem","position":2,"name":"\u4ea7\u54c1","item":"https:\/\/www.honlufoodtrailer.com\/shop\/"},{"@type":"ListItem","position":3,"name":"26ft Porch Style Concession Trailer French Polynesia"}]},{"@type":"WebSite","@id":"https:\/\/www.honlufoodtrailer.com\/#website","url":"https:\/\/www.honlufoodtrailer.com\/","name":"Prikolica za hrano Honlu","description":"","publisher":{"@id":"https:\/\/www.honlufoodtrailer.com\/#organization"},"potentialAction":[{"@type":"SearchAction","target":{"@type":"EntryPoint","urlTemplate":"https:\/\/www.honlufoodtrailer.com\/?s={search_term_string}"},"query-input":{"@type":"PropertyValueSpecification","valueRequired":true,"valueName":"search_term_string"}}],"inLanguage":"sl-SI"},{"@type":"Organization","@id":"https:\/\/www.honlufoodtrailer.com\/#organization","name":"Prikolica za hrano Honlu","url":"https:\/\/www.honlufoodtrailer.com\/","logo":{"@type":"ImageObject","inLanguage":"sl-SI","@id":"https:\/\/www.honlufoodtrailer.com\/#\/schema\/logo\/image\/","url":"https:\/\/www.honlufoodtrailer.com\/wp-content\/uploads\/2021\/12\/2.gif","contentUrl":"https:\/\/www.honlufoodtrailer.com\/wp-content\/uploads\/2021\/12\/2.gif","width":350,"height":100,"caption":"Honlu food trailer"},"image":{"@id":"https:\/\/www.honlufoodtrailer.com\/#\/schema\/logo\/image\/"}}]}},"_links":{"self":[{"href":"https:\/\/www.honlufoodtrailer.com\/sl\/wp-json\/wp\/v2\/product\/8970","targetHints":{"allow":["GET"]}}],"collection":[{"href":"https:\/\/www.honlufoodtrailer.com\/sl\/wp-json\/wp\/v2\/product"}],"about":[{"href":"https:\/\/www.honlufoodtrailer.com\/sl\/wp-json\/wp\/v2\/types\/product"}],"version-history":[{"count":0,"href":"https:\/\/www.honlufoodtrailer.com\/sl\/wp-json\/wp\/v2\/product\/8970\/revisions"}],"wp:featuredmedia":[{"embeddable":true,"href":"https:\/\/www.honlufoodtrailer.com\/sl\/wp-json\/wp\/v2\/media\/8976"}],"wp:attachment":[{"href":"https:\/\/www.honlufoodtrailer.com\/sl\/wp-json\/wp\/v2\/media?parent=8970"}],"wp:term":[{"taxonomy":"product_brand","embeddable":true,"href":"https:\/\/www.honlufoodtrailer.com\/sl\/wp-json\/wp\/v2\/product_brand?post=8970"},{"taxonomy":"product_cat","embeddable":true,"href":"https:\/\/www.honlufoodtrailer.com\/sl\/wp-json\/wp\/v2\/product_cat?post=8970"},{"taxonomy":"product_tag","embeddable":true,"href":"https:\/\/www.honlufoodtrailer.com\/sl\/wp-json\/wp\/v2\/product_tag?post=8970"}],"curies":[{"name":"wp","href":"https:\/\/api.w.org\/{rel}","templated":true}]}}