{"id":8990,"date":"2024-12-02T16:32:53","date_gmt":"2024-12-02T08:32:53","guid":{"rendered":"https:\/\/www.honlufoodtrailer.com\/?post_type=product&#038;p=8990"},"modified":"2025-02-14T11:42:13","modified_gmt":"2025-02-14T03:42:13","slug":"13ft-food-trailer-trinidad-and-tobago","status":"publish","type":"product","link":"https:\/\/www.honlufoodtrailer.com\/sl\/product\/13ft-food-trailer-trinidad-and-tobago\/","title":{"rendered":"13ft Food Trailer Trinidad and Tobago"},"content":{"rendered":"<p data-spm-anchor-id=\"a2700.wholesale.0.i28.29e52808agqc7f\">Are you looking for a food trailer in Trinidad and Tobago? See this 13ft mobile food trailer we have customized for a customer from Trinidad and Tobago! It is one of the food trailers we have customized for our customers. Now, let&#8217;s see more details about it!<\/p>\n<p data-spm-anchor-id=\"a2700.wholesale.0.i28.29e52808agqc7f\"><img fetchpriority=\"high\" decoding=\"async\" class=\"aligncenter size-full wp-image-8995\" src=\"https:\/\/www.honlufoodtrailer.com\/wp-content\/uploads\/2024\/12\/13ft-Food-Trailer-Trinidad-and-Tobago-for-sale.jpg\" alt=\"13-metrska prikolica za \u017eivila Trinidad in Tobago naprodaj\" width=\"720\" height=\"540\" srcset=\"https:\/\/www.honlufoodtrailer.com\/wp-content\/uploads\/2024\/12\/13ft-Food-Trailer-Trinidad-and-Tobago-for-sale.jpg 720w, https:\/\/www.honlufoodtrailer.com\/wp-content\/uploads\/2024\/12\/13ft-Food-Trailer-Trinidad-and-Tobago-for-sale-480x360.jpg 480w, https:\/\/www.honlufoodtrailer.com\/wp-content\/uploads\/2024\/12\/13ft-Food-Trailer-Trinidad-and-Tobago-for-sale-300x225.jpg 300w\" sizes=\"(max-width: 720px) 100vw, 720px\" \/> <img decoding=\"async\" class=\"aligncenter size-full wp-image-8998\" src=\"https:\/\/www.honlufoodtrailer.com\/wp-content\/uploads\/2024\/12\/13ft-Food-Trailer-Trinidad-and-Tobago-side-view.jpg\" alt=\"13ft Food Trailer Trinidad and Tobago side view\" width=\"720\" height=\"540\" srcset=\"https:\/\/www.honlufoodtrailer.com\/wp-content\/uploads\/2024\/12\/13ft-Food-Trailer-Trinidad-and-Tobago-side-view.jpg 720w, https:\/\/www.honlufoodtrailer.com\/wp-content\/uploads\/2024\/12\/13ft-Food-Trailer-Trinidad-and-Tobago-side-view-480x360.jpg 480w, https:\/\/www.honlufoodtrailer.com\/wp-content\/uploads\/2024\/12\/13ft-Food-Trailer-Trinidad-and-Tobago-side-view-300x225.jpg 300w\" sizes=\"(max-width: 720px) 100vw, 720px\" \/><\/p>\n<p data-spm-anchor-id=\"a2700.wholesale.0.i28.29e52808agqc7f\">Kot je razvidno iz zgornjih slik, je celotna karoserija te prikolice za hrano bele barve. Na voljo sta dva servisna prostora, servisno okno in zadnji servisni prostor. Ko je okno odprto, se pod njim lahko oblikuje mizna plo\u0161\u010da. To bo zelo priro\u010dno za naro\u010danje in prevzemanje obrokov. Nato si oglejmo notranje podrobnosti te mobilne prikolice za restavracije.<\/p>\n<h3>Inner Details of the 4m Food Trailer Trinidad and Tobago<\/h3>\n<p data-spm-anchor-id=\"a2700.wholesale.0.i28.29e52808agqc7f\">As we can see from the pictures below, we have equipped the food trailer with some kitchen equipment according to the customer&#8217;s requirements. The kitchen equipment includes 3 sinks, an air conditioner, a food prep table, a gas stove, a gas fryer, a griddle, a fridge, etc.<\/p>\n<p data-spm-anchor-id=\"a2700.wholesale.0.i28.29e52808agqc7f\"><img decoding=\"async\" class=\"aligncenter size-full wp-image-8932\" src=\"https:\/\/www.honlufoodtrailer.com\/wp-content\/uploads\/2024\/11\/4m-Mobile-Restaurant-Trailer-inner-view.jpg\" alt=\"4m Mobile Restaurant Trailer inner view\" width=\"720\" height=\"540\" srcset=\"https:\/\/www.honlufoodtrailer.com\/wp-content\/uploads\/2024\/11\/4m-Mobile-Restaurant-Trailer-inner-view.jpg 720w, https:\/\/www.honlufoodtrailer.com\/wp-content\/uploads\/2024\/11\/4m-Mobile-Restaurant-Trailer-inner-view-480x360.jpg 480w, https:\/\/www.honlufoodtrailer.com\/wp-content\/uploads\/2024\/11\/4m-Mobile-Restaurant-Trailer-inner-view-300x225.jpg 300w\" sizes=\"(max-width: 720px) 100vw, 720px\" \/><\/p>\n<p data-spm-anchor-id=\"a2700.wholesale.0.i28.29e52808agqc7f\"><img loading=\"lazy\" decoding=\"async\" class=\"aligncenter size-full wp-image-8945\" src=\"https:\/\/www.honlufoodtrailer.com\/wp-content\/uploads\/2024\/11\/4m-restaurant-trailer-inner-details.jpg\" alt=\"4m restaurant trailer inner details\" width=\"800\" height=\"800\" srcset=\"https:\/\/www.honlufoodtrailer.com\/wp-content\/uploads\/2024\/11\/4m-restaurant-trailer-inner-details.jpg 800w, https:\/\/www.honlufoodtrailer.com\/wp-content\/uploads\/2024\/11\/4m-restaurant-trailer-inner-details-768x768.jpg 768w, https:\/\/www.honlufoodtrailer.com\/wp-content\/uploads\/2024\/11\/4m-restaurant-trailer-inner-details-360x360.jpg 360w, https:\/\/www.honlufoodtrailer.com\/wp-content\/uploads\/2024\/11\/4m-restaurant-trailer-inner-details-300x300.jpg 300w, https:\/\/www.honlufoodtrailer.com\/wp-content\/uploads\/2024\/11\/4m-restaurant-trailer-inner-details-720x720.jpg 720w, https:\/\/www.honlufoodtrailer.com\/wp-content\/uploads\/2024\/11\/4m-restaurant-trailer-inner-details-100x100.jpg 100w\" sizes=\"(max-width: 800px) 100vw, 800px\" \/><\/p>\n<p data-spm-anchor-id=\"a2700.wholesale.0.i28.29e52808agqc7f\">Vsa kuhinjska oprema je prilagojena lokalnim standardom stranke. Kot proizvajalec in izvoznik prikolic za hrano z ve\u010d kot 10-letnimi izku\u0161njami vam lahko pomagamo oblikovati in izdelati prikolico za hrano v skladu z va\u0161imi lokalnimi standardi. Velikost, barvo karoserije, nalepke, oznake in kuhinjsko opremo prikolice za hrano je mogo\u010de prilagoditi. Ne oklevajte, da nas kontaktirate in nam sporo\u010dite svoje podrobne zahteve!<\/p>\n<h3>More Details of the 4m Food Trailer<\/h3>\n<p>See more details of the window, side light, tail light, tow bar, and external power supply, etc. All of them are made according to the customer&#8217;s requirements.<\/p>\n<h3 data-spm-anchor-id=\"a2700.wholesale.0.i28.29e52808agqc7f\"><img loading=\"lazy\" decoding=\"async\" class=\"aligncenter size-full wp-image-9001\" src=\"https:\/\/www.honlufoodtrailer.com\/wp-content\/uploads\/2024\/12\/13ft-Food-Trailer-Trinidad-and-Tobago-more-details.jpg\" alt=\"13ft Food Trailer Trinidad and Tobago more details\" width=\"800\" height=\"800\" srcset=\"https:\/\/www.honlufoodtrailer.com\/wp-content\/uploads\/2024\/12\/13ft-Food-Trailer-Trinidad-and-Tobago-more-details.jpg 800w, https:\/\/www.honlufoodtrailer.com\/wp-content\/uploads\/2024\/12\/13ft-Food-Trailer-Trinidad-and-Tobago-more-details-768x768.jpg 768w, https:\/\/www.honlufoodtrailer.com\/wp-content\/uploads\/2024\/12\/13ft-Food-Trailer-Trinidad-and-Tobago-more-details-360x360.jpg 360w, https:\/\/www.honlufoodtrailer.com\/wp-content\/uploads\/2024\/12\/13ft-Food-Trailer-Trinidad-and-Tobago-more-details-300x300.jpg 300w, https:\/\/www.honlufoodtrailer.com\/wp-content\/uploads\/2024\/12\/13ft-Food-Trailer-Trinidad-and-Tobago-more-details-720x720.jpg 720w, https:\/\/www.honlufoodtrailer.com\/wp-content\/uploads\/2024\/12\/13ft-Food-Trailer-Trinidad-and-Tobago-more-details-100x100.jpg 100w\" sizes=\"(max-width: 800px) 100vw, 800px\" \/><\/h3>\n<h3 class=\"magic-6\" data-spm-anchor-id=\"a2700.wholesale.0.i28.29e52808agqc7f\">Glavne zna\u010dilnosti<\/h3>\n<div class=\"magic-7\">\n<div class=\"magic-8\">\n<div class=\"magic-9\" data-id=\"paragraph0\">\n<ol>\n<li>Modni videz, edinstvena zasnova, ki je privla\u010dna;<\/li>\n<li>Izdelan je iz nerjave\u010dega jekla, ki je trpe\u017eno in odporno proti koroziji;<\/li>\n<li>Sodobna in napredna oprema, ki je name\u0161\u010dena v koncesijski prikolici;<\/li>\n<li>Priro\u010dno in enostavno za premikanje;<\/li>\n<\/ol>\n<h3>Brezpla\u010dno 2D\/3D risanje tlorisa<\/h3>\n<p>Za stranke, ki so naro\u010dile na\u0161e prikolice za hrano, nudimo brezpla\u010dno 2D\/3D na\u010drtovanje in risbo. To pomeni, da vam lahko po potrditvi dimenzij prikolice za hrano in notranje kuhinjske opreme brezpla\u010dno zagotovimo 3D risbe. Tako boste dobili jasnej\u0161o predstavo o va\u0161i zasnovi in va\u0161i vozi\u010dku za hrano. Pri potrditvi lokacije kuhinjske opreme lahko z vami jasno komuniciramo prek tlorisa. Zagotavljamo vam lahko tudi originalne dokumente, ki vam bodo olaj\u0161ali na\u010drtovanje in prilagoditve.<\/p>\n<h3>Oglejte si ve\u010d na\u0161ih prikolic za restavracije<\/h3>\n<p><a href=\"https:\/\/www.honlufoodtrailer.com\/sl\/product\/3-5m-fast-food-caravan\/\" target=\"_blank\" rel=\"noopener\">3,5 m prikolica za hitro prehrano<\/a><\/p>\n<p><a href=\"https:\/\/www.honlufoodtrailer.com\/sl\/product\/3-5m-fast-food-caravan\/\"><img loading=\"lazy\" decoding=\"async\" class=\"aligncenter wp-image-7979 size-full\" src=\"https:\/\/www.honlufoodtrailer.com\/wp-content\/uploads\/2024\/07\/3.5m-fast-food-caravan-night-view.jpg\" alt=\"3,5 m prikolica za hitro prehrano no\u010dni pogled\" width=\"720\" height=\"540\" srcset=\"https:\/\/www.honlufoodtrailer.com\/wp-content\/uploads\/2024\/07\/3.5m-fast-food-caravan-night-view.jpg 720w, https:\/\/www.honlufoodtrailer.com\/wp-content\/uploads\/2024\/07\/3.5m-fast-food-caravan-night-view-480x360.jpg 480w, https:\/\/www.honlufoodtrailer.com\/wp-content\/uploads\/2024\/07\/3.5m-fast-food-caravan-night-view-300x225.jpg 300w\" sizes=\"(max-width: 720px) 100vw, 720px\" \/><\/a><br \/>\n<a href=\"https:\/\/www.honlufoodtrailer.com\/sl\/product\/18ft-mobile-fast-food-trailer-for-sale\/\" target=\"_blank\" rel=\"noopener\">18ft tovornjak za hitro prehrano<\/a><\/p>\n<p><a href=\"https:\/\/www.honlufoodtrailer.com\/sl\/product\/18ft-mobile-fast-food-trailer-for-sale\/\"><img loading=\"lazy\" decoding=\"async\" class=\"aligncenter wp-image-6013 size-full\" src=\"https:\/\/www.honlufoodtrailer.com\/wp-content\/uploads\/2023\/11\/18ft-fast-food-trailer-on-sale.jpg\" alt=\"18ft prikolica za hitro prehrano v prodaji\" width=\"720\" height=\"540\" srcset=\"https:\/\/www.honlufoodtrailer.com\/wp-content\/uploads\/2023\/11\/18ft-fast-food-trailer-on-sale.jpg 720w, https:\/\/www.honlufoodtrailer.com\/wp-content\/uploads\/2023\/11\/18ft-fast-food-trailer-on-sale-480x360.jpg 480w, https:\/\/www.honlufoodtrailer.com\/wp-content\/uploads\/2023\/11\/18ft-fast-food-trailer-on-sale-300x225.jpg 300w\" sizes=\"(max-width: 720px) 100vw, 720px\" \/><\/a><\/p>\n<\/div>\n<\/div>\n<\/div>","protected":false},"excerpt":{"rendered":"<p>This is one of our custom-made 4m food trailer for a customer from Trinidad and Tobago. With affordable price and compact structure, it is a good choice for starting a food trailer business. <strong>Please click the following tabs to see more details of this mobile food trailer.<\/strong> . Poleg tega lahko izdelamo podoben tovornjak s hitro prehrano, kot je ta, ali pa ga prilagodimo za vas. Barvo karoserije, nalepke, oznake, kuhinjsko opremo prikolice s hrano lahko prilagodimo. Kontaktirajte nas!<\/p>","protected":false},"featured_media":8992,"template":"","meta":{"_themeisle_gutenberg_block_has_review":false},"product_brand":[],"product_cat":[26],"product_tag":[82,94],"class_list":{"0":"post-8990","1":"product","2":"type-product","3":"status-publish","4":"has-post-thumbnail","6":"product_cat-product","7":"product_tag-13ft-food-trailer","8":"product_tag-trinidad-and-tobago","10":"first","11":"instock","12":"featured","13":"shipping-taxable","14":"product-type-simple"},"yoast_head":"<!-- This site is optimized with the Yoast SEO plugin v27.5 - https:\/\/yoast.com\/product\/yoast-seo-wordpress\/ -->\n<title>4m Food Trailer For Sale Trinidad And Tobago - Honlu Food Trailer<\/title>\n<meta name=\"description\" content=\"This is a 4m food trailer we have customized for a customer from Trinidad And Tobago. See details! Get a similar or customized one at factory price now!\" \/>\n<meta name=\"robots\" content=\"index, follow, max-snippet:-1, max-image-preview:large, max-video-preview:-1\" \/>\n<link rel=\"canonical\" href=\"https:\/\/www.honlufoodtrailer.com\/sl\/product\/13ft-food-trailer-trinidad-and-tobago\/\" \/>\n<meta property=\"og:locale\" content=\"sl_SI\" \/>\n<meta property=\"og:type\" content=\"article\" \/>\n<meta property=\"og:title\" content=\"4m Food Trailer For Sale Trinidad And Tobago - Honlu Food Trailer\" \/>\n<meta property=\"og:description\" content=\"This is a 4m food trailer we have customized for a customer from Trinidad And Tobago. See details! Get a similar or customized one at factory price now!\" \/>\n<meta property=\"og:url\" content=\"https:\/\/www.honlufoodtrailer.com\/sl\/product\/13ft-food-trailer-trinidad-and-tobago\/\" \/>\n<meta property=\"og:site_name\" content=\"Honlu food trailer\" \/>\n<meta property=\"article:modified_time\" content=\"2025-02-14T03:42:13+00:00\" \/>\n<meta property=\"og:image\" content=\"https:\/\/www.honlufoodtrailer.com\/wp-content\/uploads\/2024\/12\/13ft-Food-Trailer-for-Trinidad-and-Tobago-customer.jpg\" \/>\n\t<meta property=\"og:image:width\" content=\"720\" \/>\n\t<meta property=\"og:image:height\" content=\"540\" \/>\n\t<meta property=\"og:image:type\" content=\"image\/jpeg\" \/>\n<meta name=\"twitter:card\" content=\"summary_large_image\" \/>\n<meta name=\"twitter:label1\" content=\"Est. reading time\" \/>\n\t<meta name=\"twitter:data1\" content=\"1 minuta\" \/>\n<script type=\"application\/ld+json\" class=\"yoast-schema-graph\">{\"@context\":\"https:\\\/\\\/schema.org\",\"@graph\":[{\"@type\":\"WebPage\",\"@id\":\"https:\\\/\\\/www.honlufoodtrailer.com\\\/product\\\/13ft-food-trailer-trinidad-and-tobago\\\/\",\"url\":\"https:\\\/\\\/www.honlufoodtrailer.com\\\/product\\\/13ft-food-trailer-trinidad-and-tobago\\\/\",\"name\":\"4m Food Trailer For Sale Trinidad And Tobago - Honlu Food Trailer\",\"isPartOf\":{\"@id\":\"https:\\\/\\\/www.honlufoodtrailer.com\\\/#website\"},\"primaryImageOfPage\":{\"@id\":\"https:\\\/\\\/www.honlufoodtrailer.com\\\/product\\\/13ft-food-trailer-trinidad-and-tobago\\\/#primaryimage\"},\"image\":{\"@id\":\"https:\\\/\\\/www.honlufoodtrailer.com\\\/product\\\/13ft-food-trailer-trinidad-and-tobago\\\/#primaryimage\"},\"thumbnailUrl\":\"https:\\\/\\\/www.honlufoodtrailer.com\\\/wp-content\\\/uploads\\\/2024\\\/12\\\/13ft-Food-Trailer-for-Trinidad-and-Tobago-customer.jpg\",\"datePublished\":\"2024-12-02T08:32:53+00:00\",\"dateModified\":\"2025-02-14T03:42:13+00:00\",\"description\":\"This is a 4m food trailer we have customized for a customer from Trinidad And Tobago. See details! Get a similar or customized one at factory price now!\",\"breadcrumb\":{\"@id\":\"https:\\\/\\\/www.honlufoodtrailer.com\\\/product\\\/13ft-food-trailer-trinidad-and-tobago\\\/#breadcrumb\"},\"inLanguage\":\"sl-SI\",\"potentialAction\":[{\"@type\":\"ReadAction\",\"target\":[\"https:\\\/\\\/www.honlufoodtrailer.com\\\/product\\\/13ft-food-trailer-trinidad-and-tobago\\\/\"]}]},{\"@type\":\"ImageObject\",\"inLanguage\":\"sl-SI\",\"@id\":\"https:\\\/\\\/www.honlufoodtrailer.com\\\/product\\\/13ft-food-trailer-trinidad-and-tobago\\\/#primaryimage\",\"url\":\"https:\\\/\\\/www.honlufoodtrailer.com\\\/wp-content\\\/uploads\\\/2024\\\/12\\\/13ft-Food-Trailer-for-Trinidad-and-Tobago-customer.jpg\",\"contentUrl\":\"https:\\\/\\\/www.honlufoodtrailer.com\\\/wp-content\\\/uploads\\\/2024\\\/12\\\/13ft-Food-Trailer-for-Trinidad-and-Tobago-customer.jpg\",\"width\":720,\"height\":540,\"caption\":\"13ft Food Trailer for Trinidad and Tobago customer\"},{\"@type\":\"BreadcrumbList\",\"@id\":\"https:\\\/\\\/www.honlufoodtrailer.com\\\/product\\\/13ft-food-trailer-trinidad-and-tobago\\\/#breadcrumb\",\"itemListElement\":[{\"@type\":\"ListItem\",\"position\":1,\"name\":\"Home\",\"item\":\"https:\\\/\\\/www.honlufoodtrailer.com\\\/\"},{\"@type\":\"ListItem\",\"position\":2,\"name\":\"\u4ea7\u54c1\",\"item\":\"https:\\\/\\\/www.honlufoodtrailer.com\\\/shop\\\/\"},{\"@type\":\"ListItem\",\"position\":3,\"name\":\"13ft Food Trailer Trinidad and Tobago\"}]},{\"@type\":\"WebSite\",\"@id\":\"https:\\\/\\\/www.honlufoodtrailer.com\\\/#website\",\"url\":\"https:\\\/\\\/www.honlufoodtrailer.com\\\/\",\"name\":\"Honlu food trailer\",\"description\":\"\",\"publisher\":{\"@id\":\"https:\\\/\\\/www.honlufoodtrailer.com\\\/#organization\"},\"potentialAction\":[{\"@type\":\"SearchAction\",\"target\":{\"@type\":\"EntryPoint\",\"urlTemplate\":\"https:\\\/\\\/www.honlufoodtrailer.com\\\/?s={search_term_string}\"},\"query-input\":{\"@type\":\"PropertyValueSpecification\",\"valueRequired\":true,\"valueName\":\"search_term_string\"}}],\"inLanguage\":\"sl-SI\"},{\"@type\":\"Organization\",\"@id\":\"https:\\\/\\\/www.honlufoodtrailer.com\\\/#organization\",\"name\":\"Honlu food trailer\",\"url\":\"https:\\\/\\\/www.honlufoodtrailer.com\\\/\",\"logo\":{\"@type\":\"ImageObject\",\"inLanguage\":\"sl-SI\",\"@id\":\"https:\\\/\\\/www.honlufoodtrailer.com\\\/#\\\/schema\\\/logo\\\/image\\\/\",\"url\":\"https:\\\/\\\/www.honlufoodtrailer.com\\\/wp-content\\\/uploads\\\/2021\\\/12\\\/2.gif\",\"contentUrl\":\"https:\\\/\\\/www.honlufoodtrailer.com\\\/wp-content\\\/uploads\\\/2021\\\/12\\\/2.gif\",\"width\":350,\"height\":100,\"caption\":\"Honlu food trailer\"},\"image\":{\"@id\":\"https:\\\/\\\/www.honlufoodtrailer.com\\\/#\\\/schema\\\/logo\\\/image\\\/\"}}]}<\/script>\n<!-- \/ Yoast SEO plugin. -->","yoast_head_json":{"title":"4m Food Trailer For Sale Trinidad And Tobago - Honlu Food Trailer","description":"This is a 4m food trailer we have customized for a customer from Trinidad And Tobago. See details! Get a similar or customized one at factory price now!","robots":{"index":"index","follow":"follow","max-snippet":"max-snippet:-1","max-image-preview":"max-image-preview:large","max-video-preview":"max-video-preview:-1"},"canonical":"https:\/\/www.honlufoodtrailer.com\/sl\/product\/13ft-food-trailer-trinidad-and-tobago\/","og_locale":"sl_SI","og_type":"article","og_title":"4m Food Trailer For Sale Trinidad And Tobago - Honlu Food Trailer","og_description":"This is a 4m food trailer we have customized for a customer from Trinidad And Tobago. See details! Get a similar or customized one at factory price now!","og_url":"https:\/\/www.honlufoodtrailer.com\/sl\/product\/13ft-food-trailer-trinidad-and-tobago\/","og_site_name":"Honlu food trailer","article_modified_time":"2025-02-14T03:42:13+00:00","og_image":[{"width":720,"height":540,"url":"https:\/\/www.honlufoodtrailer.com\/wp-content\/uploads\/2024\/12\/13ft-Food-Trailer-for-Trinidad-and-Tobago-customer.jpg","type":"image\/jpeg"}],"twitter_card":"summary_large_image","twitter_misc":{"Est. reading time":"1 minuta"},"schema":{"@context":"https:\/\/schema.org","@graph":[{"@type":"WebPage","@id":"https:\/\/www.honlufoodtrailer.com\/product\/13ft-food-trailer-trinidad-and-tobago\/","url":"https:\/\/www.honlufoodtrailer.com\/product\/13ft-food-trailer-trinidad-and-tobago\/","name":"4m Food Trailer For Sale Trinidad And Tobago - Honlu Food Trailer","isPartOf":{"@id":"https:\/\/www.honlufoodtrailer.com\/#website"},"primaryImageOfPage":{"@id":"https:\/\/www.honlufoodtrailer.com\/product\/13ft-food-trailer-trinidad-and-tobago\/#primaryimage"},"image":{"@id":"https:\/\/www.honlufoodtrailer.com\/product\/13ft-food-trailer-trinidad-and-tobago\/#primaryimage"},"thumbnailUrl":"https:\/\/www.honlufoodtrailer.com\/wp-content\/uploads\/2024\/12\/13ft-Food-Trailer-for-Trinidad-and-Tobago-customer.jpg","datePublished":"2024-12-02T08:32:53+00:00","dateModified":"2025-02-14T03:42:13+00:00","description":"This is a 4m food trailer we have customized for a customer from Trinidad And Tobago. See details! Get a similar or customized one at factory price now!","breadcrumb":{"@id":"https:\/\/www.honlufoodtrailer.com\/product\/13ft-food-trailer-trinidad-and-tobago\/#breadcrumb"},"inLanguage":"sl-SI","potentialAction":[{"@type":"ReadAction","target":["https:\/\/www.honlufoodtrailer.com\/product\/13ft-food-trailer-trinidad-and-tobago\/"]}]},{"@type":"ImageObject","inLanguage":"sl-SI","@id":"https:\/\/www.honlufoodtrailer.com\/product\/13ft-food-trailer-trinidad-and-tobago\/#primaryimage","url":"https:\/\/www.honlufoodtrailer.com\/wp-content\/uploads\/2024\/12\/13ft-Food-Trailer-for-Trinidad-and-Tobago-customer.jpg","contentUrl":"https:\/\/www.honlufoodtrailer.com\/wp-content\/uploads\/2024\/12\/13ft-Food-Trailer-for-Trinidad-and-Tobago-customer.jpg","width":720,"height":540,"caption":"13ft Food Trailer for Trinidad and Tobago customer"},{"@type":"BreadcrumbList","@id":"https:\/\/www.honlufoodtrailer.com\/product\/13ft-food-trailer-trinidad-and-tobago\/#breadcrumb","itemListElement":[{"@type":"ListItem","position":1,"name":"Home","item":"https:\/\/www.honlufoodtrailer.com\/"},{"@type":"ListItem","position":2,"name":"\u4ea7\u54c1","item":"https:\/\/www.honlufoodtrailer.com\/shop\/"},{"@type":"ListItem","position":3,"name":"13ft Food Trailer Trinidad and Tobago"}]},{"@type":"WebSite","@id":"https:\/\/www.honlufoodtrailer.com\/#website","url":"https:\/\/www.honlufoodtrailer.com\/","name":"Prikolica za hrano Honlu","description":"","publisher":{"@id":"https:\/\/www.honlufoodtrailer.com\/#organization"},"potentialAction":[{"@type":"SearchAction","target":{"@type":"EntryPoint","urlTemplate":"https:\/\/www.honlufoodtrailer.com\/?s={search_term_string}"},"query-input":{"@type":"PropertyValueSpecification","valueRequired":true,"valueName":"search_term_string"}}],"inLanguage":"sl-SI"},{"@type":"Organization","@id":"https:\/\/www.honlufoodtrailer.com\/#organization","name":"Prikolica za hrano Honlu","url":"https:\/\/www.honlufoodtrailer.com\/","logo":{"@type":"ImageObject","inLanguage":"sl-SI","@id":"https:\/\/www.honlufoodtrailer.com\/#\/schema\/logo\/image\/","url":"https:\/\/www.honlufoodtrailer.com\/wp-content\/uploads\/2021\/12\/2.gif","contentUrl":"https:\/\/www.honlufoodtrailer.com\/wp-content\/uploads\/2021\/12\/2.gif","width":350,"height":100,"caption":"Honlu food trailer"},"image":{"@id":"https:\/\/www.honlufoodtrailer.com\/#\/schema\/logo\/image\/"}}]}},"_links":{"self":[{"href":"https:\/\/www.honlufoodtrailer.com\/sl\/wp-json\/wp\/v2\/product\/8990","targetHints":{"allow":["GET"]}}],"collection":[{"href":"https:\/\/www.honlufoodtrailer.com\/sl\/wp-json\/wp\/v2\/product"}],"about":[{"href":"https:\/\/www.honlufoodtrailer.com\/sl\/wp-json\/wp\/v2\/types\/product"}],"version-history":[{"count":0,"href":"https:\/\/www.honlufoodtrailer.com\/sl\/wp-json\/wp\/v2\/product\/8990\/revisions"}],"wp:featuredmedia":[{"embeddable":true,"href":"https:\/\/www.honlufoodtrailer.com\/sl\/wp-json\/wp\/v2\/media\/8992"}],"wp:attachment":[{"href":"https:\/\/www.honlufoodtrailer.com\/sl\/wp-json\/wp\/v2\/media?parent=8990"}],"wp:term":[{"taxonomy":"product_brand","embeddable":true,"href":"https:\/\/www.honlufoodtrailer.com\/sl\/wp-json\/wp\/v2\/product_brand?post=8990"},{"taxonomy":"product_cat","embeddable":true,"href":"https:\/\/www.honlufoodtrailer.com\/sl\/wp-json\/wp\/v2\/product_cat?post=8990"},{"taxonomy":"product_tag","embeddable":true,"href":"https:\/\/www.honlufoodtrailer.com\/sl\/wp-json\/wp\/v2\/product_tag?post=8990"}],"curies":[{"name":"wp","href":"https:\/\/api.w.org\/{rel}","templated":true}]}}