{"id":9004,"date":"2024-12-03T17:51:16","date_gmt":"2024-12-03T09:51:16","guid":{"rendered":"https:\/\/www.honlufoodtrailer.com\/?post_type=product&#038;p=9004"},"modified":"2025-02-14T11:41:46","modified_gmt":"2025-02-14T03:41:46","slug":"18ft-shipping-container-toilets-for-sale-seychelles","status":"publish","type":"product","link":"https:\/\/www.honlufoodtrailer.com\/sl\/product\/18ft-shipping-container-toilets-for-sale-seychelles\/","title":{"rendered":"18,7-metrski ladijski kontejnerji za prodajo na Sej\u0161elih"},"content":{"rendered":"<p data-spm-anchor-id=\"a2700.wholesale.0.i28.29e52808agqc7f\">I\u0161\u010dete strani\u0161\u010da v ladijskih kontejnerjih za prodajo? Oglejte si to 18,7-metrsko mobilno strani\u0161\u010de v ladijskih kontejnerjih, ki smo ga prilagodili za stranko s Sej\u0161elov! To je ena od prikolic, ki smo jih prilagodili za na\u0161e stranke. Zdaj pa si poglejmo ve\u010d podrobnosti o njej!<\/p>\n<p data-spm-anchor-id=\"a2700.wholesale.0.i28.29e52808agqc7f\"><img fetchpriority=\"high\" decoding=\"async\" class=\"aligncenter size-full wp-image-9009\" src=\"https:\/\/www.honlufoodtrailer.com\/wp-content\/uploads\/2024\/12\/container-washroom.jpg\" alt=\"strani\u0161\u010de za kontejnerje\" width=\"720\" height=\"540\" srcset=\"https:\/\/www.honlufoodtrailer.com\/wp-content\/uploads\/2024\/12\/container-washroom.jpg 720w, https:\/\/www.honlufoodtrailer.com\/wp-content\/uploads\/2024\/12\/container-washroom-480x360.jpg 480w, https:\/\/www.honlufoodtrailer.com\/wp-content\/uploads\/2024\/12\/container-washroom-300x225.jpg 300w\" sizes=\"(max-width: 720px) 100vw, 720px\" \/> <img decoding=\"async\" class=\"aligncenter size-full wp-image-9012\" src=\"https:\/\/www.honlufoodtrailer.com\/wp-content\/uploads\/2024\/12\/portable-toilet-container.jpg\" alt=\"prenosni WC zabojnik\" width=\"720\" height=\"540\" srcset=\"https:\/\/www.honlufoodtrailer.com\/wp-content\/uploads\/2024\/12\/portable-toilet-container.jpg 720w, https:\/\/www.honlufoodtrailer.com\/wp-content\/uploads\/2024\/12\/portable-toilet-container-480x360.jpg 480w, https:\/\/www.honlufoodtrailer.com\/wp-content\/uploads\/2024\/12\/portable-toilet-container-300x225.jpg 300w\" sizes=\"(max-width: 720px) 100vw, 720px\" \/><\/p>\n<p data-spm-anchor-id=\"a2700.wholesale.0.i28.29e52808agqc7f\">Kot lahko vidimo na zgornjih slikah, je ta strani\u0161\u010dna posoda razdeljena na tri prostore. Celotno ohi\u0161je te strani\u0161\u010dne posode je pavjo modre barve. Na sprednji strani posode so troja vrata za vstop in izstop. Na zadnji strani posode sta dve okni in trije ventilatorji. Nato si oglejmo notranje podrobnosti te mobilne strani\u0161\u010dne posode.<\/p>\n<h3>Notranje podrobnosti prikolice za stranko na Sej\u0161elih<\/h3>\n<p data-spm-anchor-id=\"a2700.wholesale.0.i28.29e52808agqc7f\">Kot je razvidno iz spodnjih slik, smo strani\u0161\u010de v kontejnerju opremili z nekaj osnovne opreme v skladu z zahtevami stranke. V vsakem od treh prostorov so ventilator, umivalnik, stenski dozirnik mila s tla\u010dno metodo, stenska \u0161katla za shranjevanje rob\u010dkov, strani\u0161\u010de in okno. Notranjo opremo lahko prilagodimo va\u0161im specifi\u010dnim potrebam. \u010ce imate druge zahteve, nas prosim kontaktirajte!<\/p>\n<p data-spm-anchor-id=\"a2700.wholesale.0.i28.29e52808agqc7f\"><img decoding=\"async\" class=\"aligncenter size-full wp-image-9015\" src=\"https:\/\/www.honlufoodtrailer.com\/wp-content\/uploads\/2024\/12\/Shipping-Container-Toilets-For-Sale-inner-details.jpg\" alt=\"Notranje podrobnosti strani\u0161\u010d za ladijske kontejnerje za prodajo\" width=\"800\" height=\"800\" srcset=\"https:\/\/www.honlufoodtrailer.com\/wp-content\/uploads\/2024\/12\/Shipping-Container-Toilets-For-Sale-inner-details.jpg 800w, https:\/\/www.honlufoodtrailer.com\/wp-content\/uploads\/2024\/12\/Shipping-Container-Toilets-For-Sale-inner-details-768x768.jpg 768w, https:\/\/www.honlufoodtrailer.com\/wp-content\/uploads\/2024\/12\/Shipping-Container-Toilets-For-Sale-inner-details-360x360.jpg 360w, https:\/\/www.honlufoodtrailer.com\/wp-content\/uploads\/2024\/12\/Shipping-Container-Toilets-For-Sale-inner-details-300x300.jpg 300w, https:\/\/www.honlufoodtrailer.com\/wp-content\/uploads\/2024\/12\/Shipping-Container-Toilets-For-Sale-inner-details-720x720.jpg 720w, https:\/\/www.honlufoodtrailer.com\/wp-content\/uploads\/2024\/12\/Shipping-Container-Toilets-For-Sale-inner-details-100x100.jpg 100w\" sizes=\"(max-width: 800px) 100vw, 800px\" \/><\/p>\n<h3>Glavne zna\u010dilnosti<\/h3>\n<div class=\"magic-7\">\n<div class=\"magic-8\">\n<div class=\"magic-9\" data-id=\"paragraph0\">\n<ol>\n<li>Moden videz, edinstven dizajn, ki je ekonomi\u010den in prakti\u010den;<\/li>\n<li>Izdelan je iz nerjave\u010dega jekla, ki je trpe\u017eno in odporno proti koroziji;<\/li>\n<li>Prikolica je opremljena s sodobno in napredno dodatno opremo;<\/li>\n<li>Priro\u010dno in enostavno za premikanje;<\/li>\n<li>Strani\u0161\u010da, umivalnice in tu\u0161i<\/li>\n<li>Prezra\u010devanje in izolacija<\/li>\n<li>Vetroodporno in vodoodporno<\/li>\n<\/ol>\n<h3><img loading=\"lazy\" decoding=\"async\" class=\"aligncenter size-full wp-image-9011\" src=\"https:\/\/www.honlufoodtrailer.com\/wp-content\/uploads\/2024\/12\/mobile-toilet-container.jpg\" alt=\"mobilni strani\u0161\u010dni kontejner\" width=\"720\" height=\"540\" srcset=\"https:\/\/www.honlufoodtrailer.com\/wp-content\/uploads\/2024\/12\/mobile-toilet-container.jpg 720w, https:\/\/www.honlufoodtrailer.com\/wp-content\/uploads\/2024\/12\/mobile-toilet-container-480x360.jpg 480w, https:\/\/www.honlufoodtrailer.com\/wp-content\/uploads\/2024\/12\/mobile-toilet-container-300x225.jpg 300w\" sizes=\"(max-width: 720px) 100vw, 720px\" \/>Kaj lahko dobite od nas<\/h3>\n<p>Kot profesionalni proizvajalec in izvoznik prikolic z ve\u010d kot 10-letnimi izku\u0161njami lahko strankam koristimo na naslednje na\u010dine.<\/p>\n<ol>\n<li>Slog strani\u0161\u010da v kontejnerju lahko prilagodimo va\u0161im specifi\u010dnim potrebam. Izberete lahko na primer razporeditev, \u0161tevilo kabin in umivalnikov ter celo dodate tu\u0161e in garderobe.<\/li>\n<li>Vgradili bomo kakovostne armature, ki bodo trajale, tla in obloge bodo trpe\u017ene in vodoodporne, prostor bo dobro prezra\u010den in enostaven za \u010di\u0161\u010denje.<\/li>\n<li>Ne glede na to, ali potrebujete redno selitev ali za\u010dasno re\u0161itev ali pa \u017eelite postaviti stalno zunanje strani\u0161\u010de za svoje zaposlene in stranke, so na\u0161i kontejnerski strani\u0161\u010da odli\u010dna izbira.<\/li>\n<\/ol>\n<p><img loading=\"lazy\" decoding=\"async\" class=\"aligncenter size-full wp-image-9010\" src=\"https:\/\/www.honlufoodtrailer.com\/wp-content\/uploads\/2024\/12\/container-with-toilet.jpg\" alt=\"posoda z WC-jem\" width=\"720\" height=\"540\" srcset=\"https:\/\/www.honlufoodtrailer.com\/wp-content\/uploads\/2024\/12\/container-with-toilet.jpg 720w, https:\/\/www.honlufoodtrailer.com\/wp-content\/uploads\/2024\/12\/container-with-toilet-480x360.jpg 480w, https:\/\/www.honlufoodtrailer.com\/wp-content\/uploads\/2024\/12\/container-with-toilet-300x225.jpg 300w\" sizes=\"(max-width: 720px) 100vw, 720px\" \/>Sodobna strani\u0161\u010da v kontejnerjih so u\u010dinkovita in trajnostna re\u0161itev. Na\u0161i prenosni strani\u0161\u010dni kontejnerji so higienski in enostavni za \u010di\u0161\u010denje, zato so zanesljiva za\u010dasna ali trajna re\u0161itev za razli\u010dna prizori\u0161\u010da in okolja, vklju\u010dno s festivali, kampi in gradbi\u0161\u010di itd.<\/p>\n<h3>Razpolo\u017eljive prilagoditve:<\/h3>\n<ol>\n<li>Monta\u017ea elektri\u010dnih napeljav, ogrevanja in razsvetljave<\/li>\n<li>Dodajte blagovno znamko svojega podjetja<\/li>\n<li>Vrata, okna in stre\u0161na okna<\/li>\n<li>Kon\u010dne obdelave in barve<\/li>\n<li>Potrebna je kakr\u0161na koli izdelava po meri<\/li>\n<\/ol>\n<h3>Brezpla\u010dno 2D\/3D risanje tlorisa<\/h3>\n<p>Za stranke, ki so naro\u010dile na\u0161o prikolico, vam lahko po potrditvi dimenzij prikolice in notranje kuhinjske opreme brezpla\u010dno zagotovimo 3D-risbe. Tako boste dobili jasnej\u0161o predstavo o va\u0161i zasnovi in va\u0161i prikolici.<\/p>\n<\/div>\n<\/div>\n<\/div>","protected":false},"excerpt":{"rendered":"<p>To je eno od na\u0161ih strani\u0161\u010d v obliki ladijskega kontejnerja velikosti 5,7 m, izdelanih po meri, za stranko na Sej\u0161elih. <strong>Za ve\u010d podrobnosti o tej strani\u0161\u010dni prikolici kliknite naslednje zavihke.<\/strong>. Izdelamo lahko podoben mobilni strani\u0161\u010dni kontejner, kot je ta, ali pa ga prilagodimo za vas. Prosimo, kontaktirajte nas in nam sporo\u010dite va\u0161e podrobne zahteve. Brez oklevanja nas kontaktirajte!<\/p>","protected":false},"featured_media":9008,"template":"","meta":{"_themeisle_gutenberg_block_has_review":false},"product_brand":[],"product_cat":[26],"product_tag":[93,68],"class_list":{"0":"post-9004","1":"product","2":"type-product","3":"status-publish","4":"has-post-thumbnail","6":"product_cat-product","7":"product_tag-seychelles","8":"product_tag-toilet-trailer","10":"first","11":"instock","12":"featured","13":"shipping-taxable","14":"product-type-simple"},"yoast_head":"<!-- This site is optimized with the Yoast SEO plugin v27.5 - https:\/\/yoast.com\/product\/yoast-seo-wordpress\/ -->\n<title>18.7ft Shipping Container Toilets For Sale from China - Honlu<\/title>\n<meta name=\"description\" content=\"18.7ft mobile toilet made from shipping container, high quality with certificates, China factory price, click to get a quote now!\" \/>\n<meta name=\"robots\" content=\"index, follow, max-snippet:-1, max-image-preview:large, max-video-preview:-1\" \/>\n<link rel=\"canonical\" href=\"https:\/\/www.honlufoodtrailer.com\/sl\/product\/18ft-shipping-container-toilets-for-sale-seychelles\/\" \/>\n<meta property=\"og:locale\" content=\"sl_SI\" \/>\n<meta property=\"og:type\" content=\"article\" \/>\n<meta property=\"og:title\" content=\"18.7ft Shipping Container Toilets For Sale from China - Honlu\" \/>\n<meta property=\"og:description\" content=\"18.7ft mobile toilet made from shipping container, high quality with certificates, China factory price, click to get a quote now!\" \/>\n<meta property=\"og:url\" content=\"https:\/\/www.honlufoodtrailer.com\/sl\/product\/18ft-shipping-container-toilets-for-sale-seychelles\/\" \/>\n<meta property=\"og:site_name\" content=\"Honlu food trailer\" \/>\n<meta property=\"article:modified_time\" content=\"2025-02-14T03:41:46+00:00\" \/>\n<meta property=\"og:image\" content=\"https:\/\/www.honlufoodtrailer.com\/wp-content\/uploads\/2024\/12\/container-toilets-for-sale.jpg\" \/>\n\t<meta property=\"og:image:width\" content=\"720\" \/>\n\t<meta property=\"og:image:height\" content=\"540\" \/>\n\t<meta property=\"og:image:type\" content=\"image\/jpeg\" \/>\n<meta name=\"twitter:card\" content=\"summary_large_image\" \/>\n<meta name=\"twitter:label1\" content=\"Est. reading time\" \/>\n\t<meta name=\"twitter:data1\" content=\"1 minuta\" \/>\n<script type=\"application\/ld+json\" class=\"yoast-schema-graph\">{\"@context\":\"https:\\\/\\\/schema.org\",\"@graph\":[{\"@type\":\"WebPage\",\"@id\":\"https:\\\/\\\/www.honlufoodtrailer.com\\\/product\\\/18ft-shipping-container-toilets-for-sale-seychelles\\\/\",\"url\":\"https:\\\/\\\/www.honlufoodtrailer.com\\\/product\\\/18ft-shipping-container-toilets-for-sale-seychelles\\\/\",\"name\":\"18.7ft Shipping Container Toilets For Sale from China - Honlu\",\"isPartOf\":{\"@id\":\"https:\\\/\\\/www.honlufoodtrailer.com\\\/#website\"},\"primaryImageOfPage\":{\"@id\":\"https:\\\/\\\/www.honlufoodtrailer.com\\\/product\\\/18ft-shipping-container-toilets-for-sale-seychelles\\\/#primaryimage\"},\"image\":{\"@id\":\"https:\\\/\\\/www.honlufoodtrailer.com\\\/product\\\/18ft-shipping-container-toilets-for-sale-seychelles\\\/#primaryimage\"},\"thumbnailUrl\":\"https:\\\/\\\/www.honlufoodtrailer.com\\\/wp-content\\\/uploads\\\/2024\\\/12\\\/container-toilets-for-sale.jpg\",\"datePublished\":\"2024-12-03T09:51:16+00:00\",\"dateModified\":\"2025-02-14T03:41:46+00:00\",\"description\":\"18.7ft mobile toilet made from shipping container, high quality with certificates, China factory price, click to get a quote now!\",\"breadcrumb\":{\"@id\":\"https:\\\/\\\/www.honlufoodtrailer.com\\\/product\\\/18ft-shipping-container-toilets-for-sale-seychelles\\\/#breadcrumb\"},\"inLanguage\":\"sl-SI\",\"potentialAction\":[{\"@type\":\"ReadAction\",\"target\":[\"https:\\\/\\\/www.honlufoodtrailer.com\\\/product\\\/18ft-shipping-container-toilets-for-sale-seychelles\\\/\"]}]},{\"@type\":\"ImageObject\",\"inLanguage\":\"sl-SI\",\"@id\":\"https:\\\/\\\/www.honlufoodtrailer.com\\\/product\\\/18ft-shipping-container-toilets-for-sale-seychelles\\\/#primaryimage\",\"url\":\"https:\\\/\\\/www.honlufoodtrailer.com\\\/wp-content\\\/uploads\\\/2024\\\/12\\\/container-toilets-for-sale.jpg\",\"contentUrl\":\"https:\\\/\\\/www.honlufoodtrailer.com\\\/wp-content\\\/uploads\\\/2024\\\/12\\\/container-toilets-for-sale.jpg\",\"width\":720,\"height\":540,\"caption\":\"container toilets for sale\"},{\"@type\":\"BreadcrumbList\",\"@id\":\"https:\\\/\\\/www.honlufoodtrailer.com\\\/product\\\/18ft-shipping-container-toilets-for-sale-seychelles\\\/#breadcrumb\",\"itemListElement\":[{\"@type\":\"ListItem\",\"position\":1,\"name\":\"Home\",\"item\":\"https:\\\/\\\/www.honlufoodtrailer.com\\\/\"},{\"@type\":\"ListItem\",\"position\":2,\"name\":\"\u4ea7\u54c1\",\"item\":\"https:\\\/\\\/www.honlufoodtrailer.com\\\/shop\\\/\"},{\"@type\":\"ListItem\",\"position\":3,\"name\":\"18.7ft Shipping Container Toilets For Sale Seychelles\"}]},{\"@type\":\"WebSite\",\"@id\":\"https:\\\/\\\/www.honlufoodtrailer.com\\\/#website\",\"url\":\"https:\\\/\\\/www.honlufoodtrailer.com\\\/\",\"name\":\"Honlu food trailer\",\"description\":\"\",\"publisher\":{\"@id\":\"https:\\\/\\\/www.honlufoodtrailer.com\\\/#organization\"},\"potentialAction\":[{\"@type\":\"SearchAction\",\"target\":{\"@type\":\"EntryPoint\",\"urlTemplate\":\"https:\\\/\\\/www.honlufoodtrailer.com\\\/?s={search_term_string}\"},\"query-input\":{\"@type\":\"PropertyValueSpecification\",\"valueRequired\":true,\"valueName\":\"search_term_string\"}}],\"inLanguage\":\"sl-SI\"},{\"@type\":\"Organization\",\"@id\":\"https:\\\/\\\/www.honlufoodtrailer.com\\\/#organization\",\"name\":\"Honlu food trailer\",\"url\":\"https:\\\/\\\/www.honlufoodtrailer.com\\\/\",\"logo\":{\"@type\":\"ImageObject\",\"inLanguage\":\"sl-SI\",\"@id\":\"https:\\\/\\\/www.honlufoodtrailer.com\\\/#\\\/schema\\\/logo\\\/image\\\/\",\"url\":\"https:\\\/\\\/www.honlufoodtrailer.com\\\/wp-content\\\/uploads\\\/2021\\\/12\\\/2.gif\",\"contentUrl\":\"https:\\\/\\\/www.honlufoodtrailer.com\\\/wp-content\\\/uploads\\\/2021\\\/12\\\/2.gif\",\"width\":350,\"height\":100,\"caption\":\"Honlu food trailer\"},\"image\":{\"@id\":\"https:\\\/\\\/www.honlufoodtrailer.com\\\/#\\\/schema\\\/logo\\\/image\\\/\"}}]}<\/script>\n<!-- \/ Yoast SEO plugin. -->","yoast_head_json":{"title":"18,7-metrski ladijski kontejnerji za prodajo iz Kitajske - Honlu","description":"18,7-metrski mobilni WC iz ladijskega kontejnerja, visoka kakovost s certifikati, tovarni\u0161ka cena na Kitajskem, kliknite za ponudbo zdaj!","robots":{"index":"index","follow":"follow","max-snippet":"max-snippet:-1","max-image-preview":"max-image-preview:large","max-video-preview":"max-video-preview:-1"},"canonical":"https:\/\/www.honlufoodtrailer.com\/sl\/product\/18ft-shipping-container-toilets-for-sale-seychelles\/","og_locale":"sl_SI","og_type":"article","og_title":"18.7ft Shipping Container Toilets For Sale from China - Honlu","og_description":"18.7ft mobile toilet made from shipping container, high quality with certificates, China factory price, click to get a quote now!","og_url":"https:\/\/www.honlufoodtrailer.com\/sl\/product\/18ft-shipping-container-toilets-for-sale-seychelles\/","og_site_name":"Honlu food trailer","article_modified_time":"2025-02-14T03:41:46+00:00","og_image":[{"width":720,"height":540,"url":"https:\/\/www.honlufoodtrailer.com\/wp-content\/uploads\/2024\/12\/container-toilets-for-sale.jpg","type":"image\/jpeg"}],"twitter_card":"summary_large_image","twitter_misc":{"Est. reading time":"1 minuta"},"schema":{"@context":"https:\/\/schema.org","@graph":[{"@type":"WebPage","@id":"https:\/\/www.honlufoodtrailer.com\/product\/18ft-shipping-container-toilets-for-sale-seychelles\/","url":"https:\/\/www.honlufoodtrailer.com\/product\/18ft-shipping-container-toilets-for-sale-seychelles\/","name":"18,7-metrski ladijski kontejnerji za prodajo iz Kitajske - Honlu","isPartOf":{"@id":"https:\/\/www.honlufoodtrailer.com\/#website"},"primaryImageOfPage":{"@id":"https:\/\/www.honlufoodtrailer.com\/product\/18ft-shipping-container-toilets-for-sale-seychelles\/#primaryimage"},"image":{"@id":"https:\/\/www.honlufoodtrailer.com\/product\/18ft-shipping-container-toilets-for-sale-seychelles\/#primaryimage"},"thumbnailUrl":"https:\/\/www.honlufoodtrailer.com\/wp-content\/uploads\/2024\/12\/container-toilets-for-sale.jpg","datePublished":"2024-12-03T09:51:16+00:00","dateModified":"2025-02-14T03:41:46+00:00","description":"18,7-metrski mobilni WC iz ladijskega kontejnerja, visoka kakovost s certifikati, tovarni\u0161ka cena na Kitajskem, kliknite za ponudbo zdaj!","breadcrumb":{"@id":"https:\/\/www.honlufoodtrailer.com\/product\/18ft-shipping-container-toilets-for-sale-seychelles\/#breadcrumb"},"inLanguage":"sl-SI","potentialAction":[{"@type":"ReadAction","target":["https:\/\/www.honlufoodtrailer.com\/product\/18ft-shipping-container-toilets-for-sale-seychelles\/"]}]},{"@type":"ImageObject","inLanguage":"sl-SI","@id":"https:\/\/www.honlufoodtrailer.com\/product\/18ft-shipping-container-toilets-for-sale-seychelles\/#primaryimage","url":"https:\/\/www.honlufoodtrailer.com\/wp-content\/uploads\/2024\/12\/container-toilets-for-sale.jpg","contentUrl":"https:\/\/www.honlufoodtrailer.com\/wp-content\/uploads\/2024\/12\/container-toilets-for-sale.jpg","width":720,"height":540,"caption":"container toilets for sale"},{"@type":"BreadcrumbList","@id":"https:\/\/www.honlufoodtrailer.com\/product\/18ft-shipping-container-toilets-for-sale-seychelles\/#breadcrumb","itemListElement":[{"@type":"ListItem","position":1,"name":"Home","item":"https:\/\/www.honlufoodtrailer.com\/"},{"@type":"ListItem","position":2,"name":"\u4ea7\u54c1","item":"https:\/\/www.honlufoodtrailer.com\/shop\/"},{"@type":"ListItem","position":3,"name":"18.7ft Shipping Container Toilets For Sale Seychelles"}]},{"@type":"WebSite","@id":"https:\/\/www.honlufoodtrailer.com\/#website","url":"https:\/\/www.honlufoodtrailer.com\/","name":"Prikolica za hrano Honlu","description":"","publisher":{"@id":"https:\/\/www.honlufoodtrailer.com\/#organization"},"potentialAction":[{"@type":"SearchAction","target":{"@type":"EntryPoint","urlTemplate":"https:\/\/www.honlufoodtrailer.com\/?s={search_term_string}"},"query-input":{"@type":"PropertyValueSpecification","valueRequired":true,"valueName":"search_term_string"}}],"inLanguage":"sl-SI"},{"@type":"Organization","@id":"https:\/\/www.honlufoodtrailer.com\/#organization","name":"Prikolica za hrano Honlu","url":"https:\/\/www.honlufoodtrailer.com\/","logo":{"@type":"ImageObject","inLanguage":"sl-SI","@id":"https:\/\/www.honlufoodtrailer.com\/#\/schema\/logo\/image\/","url":"https:\/\/www.honlufoodtrailer.com\/wp-content\/uploads\/2021\/12\/2.gif","contentUrl":"https:\/\/www.honlufoodtrailer.com\/wp-content\/uploads\/2021\/12\/2.gif","width":350,"height":100,"caption":"Honlu food trailer"},"image":{"@id":"https:\/\/www.honlufoodtrailer.com\/#\/schema\/logo\/image\/"}}]}},"_links":{"self":[{"href":"https:\/\/www.honlufoodtrailer.com\/sl\/wp-json\/wp\/v2\/product\/9004","targetHints":{"allow":["GET"]}}],"collection":[{"href":"https:\/\/www.honlufoodtrailer.com\/sl\/wp-json\/wp\/v2\/product"}],"about":[{"href":"https:\/\/www.honlufoodtrailer.com\/sl\/wp-json\/wp\/v2\/types\/product"}],"version-history":[{"count":0,"href":"https:\/\/www.honlufoodtrailer.com\/sl\/wp-json\/wp\/v2\/product\/9004\/revisions"}],"wp:featuredmedia":[{"embeddable":true,"href":"https:\/\/www.honlufoodtrailer.com\/sl\/wp-json\/wp\/v2\/media\/9008"}],"wp:attachment":[{"href":"https:\/\/www.honlufoodtrailer.com\/sl\/wp-json\/wp\/v2\/media?parent=9004"}],"wp:term":[{"taxonomy":"product_brand","embeddable":true,"href":"https:\/\/www.honlufoodtrailer.com\/sl\/wp-json\/wp\/v2\/product_brand?post=9004"},{"taxonomy":"product_cat","embeddable":true,"href":"https:\/\/www.honlufoodtrailer.com\/sl\/wp-json\/wp\/v2\/product_cat?post=9004"},{"taxonomy":"product_tag","embeddable":true,"href":"https:\/\/www.honlufoodtrailer.com\/sl\/wp-json\/wp\/v2\/product_tag?post=9004"}],"curies":[{"name":"wp","href":"https:\/\/api.w.org\/{rel}","templated":true}]}}