{"id":2058,"date":"2022-01-12T16:35:36","date_gmt":"2022-01-12T08:35:36","guid":{"rendered":"https:\/\/www.honlufoodtrailer.com\/?post_type=product&#038;p=2058"},"modified":"2024-06-26T16:33:55","modified_gmt":"2024-06-26T08:33:55","slug":"rimorkio-me-dy-kate-per-ushqime","status":"publish","type":"product","link":"https:\/\/www.honlufoodtrailer.com\/sq\/product\/double-decker-food-trailer\/","title":{"rendered":"Rimorkio me dy kate p\u00ebr ushqim"},"content":{"rendered":"<p>Rimorkiot me dy kate p\u00ebr kafe jan\u00eb b\u00ebr\u00eb gjithnj\u00eb e m\u00eb popullore p\u00ebr ata q\u00eb k\u00ebrkojn\u00eb nj\u00eb zgjidhje m\u00eb t\u00eb l\u00ebvizshme p\u00ebr kafe. Ato jan\u00eb m\u00ebnyra m\u00eb e mir\u00eb p\u00ebr t\u00eb ofruar kafe n\u00eb l\u00ebvizje, duke ofruar komoditet dhe cil\u00ebsi. K\u00ebto rimorkio ofrojn\u00eb sh\u00ebrbim kafeje n\u00eb t\u00eb gjith\u00eb bot\u00ebn dhe mund t\u00eb gjenden n\u00eb parqe, qendra urbane, plazhe dhe shum\u00eb m\u00eb tep\u00ebr. N\u00eb p\u00ebrgjith\u00ebsi, ato jan\u00eb t\u00eb pajisura me nj\u00eb s\u00ebr\u00eb leht\u00ebsirash dhe karakteristikash, nga hap\u00ebsira shtes\u00eb n\u00eb banak deri te kontrolli i klim\u00ebs.<\/p>\n<p><img fetchpriority=\"high\" decoding=\"async\" class=\"aligncenter\" src=\"https:\/\/www.honlufoodtrailer.com\/wp-content\/uploads\/2023\/11\/18ft-double-decker-coffee-trailer-inner-view.jpg\" alt=\"Pamje nga brenda e rimorkios p\u00ebr kafe me dy kate 18 metra\" width=\"720\" height=\"540\" \/><\/p>\n<h3>Avantazhet e rimorkios s\u00eb ushqimit me dy kate<\/h3>\n<ul>\n<li>Modeli m\u00eb i ri dhe m\u00eb i nxeht\u00eb<\/li>\n<li>Platforma e biznesit n\u00eb t\u00eb dyja an\u00ebt<\/li>\n<li>I gjith\u00eb rimorkio \u00ebsht\u00eb i pajisur me drita ambienti<\/li>\n<li>Dizajn me dy shtresa dhe p\u00ebrdorimi i shkall\u00ebve spirale<\/li>\n<\/ul>\n<h4>Pamje e bukur nate<\/h4>\n<p>Drita e t\u00eb gjith\u00eb atmosfer\u00ebs s\u00eb automjetit e b\u00ebn rimorkion tuaj yllin m\u00eb t\u00ebrheq\u00ebs edhe nat\u00ebn.<br \/>\n<img decoding=\"async\" class=\"aligncenter\" src=\"https:\/\/www.honlufoodtrailer.com\/wp-content\/uploads\/2022\/01\/Coffee-trailer-night-view.jpg\" alt=\"Rimorkio kafeje - pamje nat\u00ebn\" width=\"720\" height=\"540\" \/><br \/>\n<img decoding=\"async\" class=\"aligncenter\" src=\"https:\/\/www.honlufoodtrailer.com\/wp-content\/uploads\/2022\/01\/Coffee-trailer.jpg\" alt=\"Rimorkio kafeje\" width=\"720\" height=\"540\" \/><\/p>\n<h4>Instalim i leht\u00eb<\/h4>\n<p>T\u00eb pajisur me nj\u00eb set t\u00eb plot\u00eb videosh instalimi, teknik\u00ebt ofrojn\u00eb udh\u00ebzime individuale n\u00eb distanc\u00eb p\u00ebr t&#039;ju ndihmuar t\u00eb filloni biznesin tuaj menj\u00ebher\u00eb.<br \/>\n<img loading=\"lazy\" decoding=\"async\" class=\"aligncenter\" src=\"https:\/\/www.honlufoodtrailer.com\/wp-content\/uploads\/2022\/01\/Coffee-trailer-customization-mode.jpg\" alt=\"Rimorkio kafeje - modaliteti i personalizimit\" width=\"720\" height=\"540\" \/><\/p>\n<h4>Sh\u00ebrbim i personalizuar<\/h4>\n<p>I gjith\u00eb rimorkioja, duke p\u00ebrfshir\u00eb pamjen, stilin, aksesor\u00ebt, pajisjet ndihm\u00ebse, mund t\u00eb personalizohet. Ju lejon t\u00eb keni vagonin tuaj ekskluziv t\u00eb restorantit.<\/p>\n<h3>Detajet e rimorkios me dy kate p\u00ebr ushqim<\/h3>\n<h4>Tend\u00eb<\/h4>\n<p><img decoding=\"async\" class=\"aligncenter\" title=\"Rimorkio p\u00ebr kafe \u2013 Tend\u00eb\" src=\"https:\/\/www.honlufoodtrailer.com\/wp-content\/uploads\/elementor\/thumbs\/Coffee-trailer-Canopy-pisb9bitjzivrc5yl8z1qnda9il2c8qtywe3if4pa8.jpg\" alt=\"Rimorkio kafeje - Tend\u00eb\" \/><\/p>\n<h4>Drita e ambientit<\/h4>\n<p><img decoding=\"async\" class=\"aligncenter\" title=\"Rimorkio kafeje \u2013 Drit\u00eb ambienti\" src=\"https:\/\/www.honlufoodtrailer.com\/wp-content\/uploads\/elementor\/thumbs\/Coffee-trailer-Ambient-Light-pisb9bitjzivrc5yl8z1qnda9il2c8qtywe3if4pa8.jpg\" alt=\"Rimorkio kafeje - Drit\u00eb ambienti\" \/><\/p>\n<h4>Materiali i dyshemes\u00eb<\/h4>\n<p><img decoding=\"async\" class=\"aligncenter\" title=\"Rimorkio kafeje \u2013 Materiali i dyshemes\u00eb\" src=\"https:\/\/www.honlufoodtrailer.com\/wp-content\/uploads\/elementor\/thumbs\/Coffee-trailer-Floor-material-pisb9akzd5hlfq7bqqkf65lto4pp4jn3mrqm1563gg.jpg\" alt=\"Rimorkio kafeje - Material dyshemeje\" \/><\/p>\n<h4>Sob\u00eb me gaz<\/h4>\n<p><img decoding=\"async\" class=\"aligncenter\" title=\"Rimorkio kafeje \u2013 Sob\u00eb me gaz\" src=\"https:\/\/www.honlufoodtrailer.com\/wp-content\/uploads\/elementor\/thumbs\/Coffee-trailer-Gas-stove-pisb99n56bgb448ow85slnud2qubwujdan34jv7hmo.jpg\" alt=\"Rimorkio kafeje - Sob\u00eb me gaz\" \/><\/p>\n<h4>Banak pune prej \u00e7eliku inox<\/h4>\n<p><img decoding=\"async\" class=\"aligncenter\" title=\"Rimorkio kafeje \u2013 Tavolin\u00eb pune prej \u00e7eliku inox\" src=\"https:\/\/www.honlufoodtrailer.com\/wp-content\/uploads\/elementor\/thumbs\/Coffee-trailer-Stainless-steel-countertop-pisb94xy859vi2fino4nr7123thhud0plztp5heghs.jpg\" alt=\"Rimorkio kafeje - Tavolin\u00eb pune prej \u00e7eliku inox\" \/><\/p>\n<h4>Platform\u00eb biznesi<\/h4>\n<p><img decoding=\"async\" class=\"aligncenter\" title=\"Platform\u00eb biznesi p\u00ebr rimorkio kafeje\" src=\"https:\/\/www.honlufoodtrailer.com\/wp-content\/uploads\/elementor\/thumbs\/Coffee-trailer-bussiness-platform-pisb94041b8l6ggvt5q16p9lifm4mnwz9v67o7fuo0.jpg\" alt=\"Platform\u00eb biznesi p\u00ebr rimorkio kafeje\" \/><\/p>\n<h4>Shkall\u00eb spirale<\/h4>\n<p><img decoding=\"async\" class=\"aligncenter\" title=\"Rimorkio p\u00ebr kafe \u2013 Shkall\u00eb spirale\" src=\"https:\/\/www.honlufoodtrailer.com\/wp-content\/uploads\/elementor\/thumbs\/Coffee-trailer-Spiral-staircase-pisb94xy859vi2fino4nr7123thhud0plztp5heghs.jpg\" alt=\"Rimorkio kafeje - Shkall\u00eb spirale\" \/><\/p>\n<h4>Kati i dyt\u00eb<\/h4>\n<p><img decoding=\"async\" class=\"aligncenter\" title=\"Rimorkio p\u00ebr kafe \u2013 Kati i dyt\u00eb\" src=\"https:\/\/www.honlufoodtrailer.com\/wp-content\/uploads\/elementor\/thumbs\/Coffee-trailer-Second-floor-pisb98pazhf0sia21pr6162whcyyp5fmyifn2l8vsw.jpg\" alt=\"Rimorkio p\u00ebr kafe - Kati i dyt\u00eb\" \/><\/p>\n<h2>Disa nga rastet tona<\/h2>\n<p>Rimorkiot tona me dy kate p\u00ebr ushqim jan\u00eb eksportuar n\u00eb shum\u00eb vende si Shtetet e Bashkuara, Mbret\u00ebria e Bashkuar, Zelanda e Re, Australia, Kanadaja, etj. M\u00eb posht\u00eb jan\u00eb disa nga punimet tona. Ne mund t\u00eb prodhojm\u00eb rimorkio ushqimore t\u00eb ngjashme si k\u00ebto, ose t\u00eb personalizojm\u00eb nj\u00eb p\u00ebr ju. Ngjyra e karroceris\u00eb, ngjit\u00ebset, tabelat dhe pajisjet e kuzhin\u00ebs s\u00eb rimorkios s\u00eb ushqimit mund t\u00eb personalizohen. Mir\u00eb se vini t\u00eb na kontaktoni tani!<br \/>\n<img loading=\"lazy\" decoding=\"async\" class=\"aligncenter\" src=\"https:\/\/www.honlufoodtrailer.com\/wp-content\/uploads\/2023\/11\/5m-double-decker-coffee-trailer-America.jpg\" sizes=\"(max-width: 720px) 100vw, 720px\" srcset=\"https:\/\/www.honlufoodtrailer.com\/wp-content\/uploads\/2023\/11\/5m-double-decker-coffee-trailer-America.jpg 720w, https:\/\/www.honlufoodtrailer.com\/wp-content\/uploads\/2023\/11\/5m-double-decker-coffee-trailer-America-480x360.jpg 480w, https:\/\/www.honlufoodtrailer.com\/wp-content\/uploads\/2023\/11\/5m-double-decker-coffee-trailer-America-300x225.jpg 300w\" alt=\"Rimorkio kafeje me dy kate 5m Amerika\" width=\"720\" height=\"540\" \/><\/p>\n<p><img loading=\"lazy\" decoding=\"async\" class=\"aligncenter\" src=\"https:\/\/www.honlufoodtrailer.com\/wp-content\/uploads\/2023\/11\/16ft-double-decker-coffee-trailer-America.jpg\" sizes=\"(max-width: 720px) 100vw, 720px\" srcset=\"https:\/\/www.honlufoodtrailer.com\/wp-content\/uploads\/2023\/11\/16ft-double-decker-coffee-trailer-America.jpg 720w, https:\/\/www.honlufoodtrailer.com\/wp-content\/uploads\/2023\/11\/16ft-double-decker-coffee-trailer-America-480x360.jpg 480w, https:\/\/www.honlufoodtrailer.com\/wp-content\/uploads\/2023\/11\/16ft-double-decker-coffee-trailer-America-300x225.jpg 300w\" alt=\"Rimorkio kafeje me dy kate 16ft Amerika\" width=\"720\" height=\"540\" \/><\/p>\n<p><img loading=\"lazy\" decoding=\"async\" class=\"aligncenter\" src=\"https:\/\/www.honlufoodtrailer.com\/wp-content\/uploads\/2023\/11\/16ft-double-decker-coffee-trailer-on-sale.jpg\" sizes=\"(max-width: 720px) 100vw, 720px\" srcset=\"https:\/\/www.honlufoodtrailer.com\/wp-content\/uploads\/2023\/11\/16ft-double-decker-coffee-trailer-on-sale.jpg 720w, https:\/\/www.honlufoodtrailer.com\/wp-content\/uploads\/2023\/11\/16ft-double-decker-coffee-trailer-on-sale-480x360.jpg 480w, https:\/\/www.honlufoodtrailer.com\/wp-content\/uploads\/2023\/11\/16ft-double-decker-coffee-trailer-on-sale-300x225.jpg 300w\" alt=\"Rimorkio kafeje me dy kate 16ft n\u00eb shitje\" width=\"720\" height=\"540\" \/><\/p>\n<p><img loading=\"lazy\" decoding=\"async\" class=\"aligncenter\" src=\"https:\/\/www.honlufoodtrailer.com\/wp-content\/uploads\/2023\/11\/18ft-double-decker-food-trailer-Arizona-USA.jpg\" sizes=\"(max-width: 720px) 100vw, 720px\" srcset=\"https:\/\/www.honlufoodtrailer.com\/wp-content\/uploads\/2023\/11\/18ft-double-decker-food-trailer-Arizona-USA.jpg 720w, https:\/\/www.honlufoodtrailer.com\/wp-content\/uploads\/2023\/11\/18ft-double-decker-food-trailer-Arizona-USA-480x360.jpg 480w, https:\/\/www.honlufoodtrailer.com\/wp-content\/uploads\/2023\/11\/18ft-double-decker-food-trailer-Arizona-USA-300x225.jpg 300w\" alt=\"Rimorkio ushqimore me dy kate 18 k\u00ebmb\u00eb, Arizona, SHBA\" width=\"720\" height=\"540\" \/><\/p>\n<p><img loading=\"lazy\" decoding=\"async\" class=\"aligncenter\" src=\"https:\/\/www.honlufoodtrailer.com\/wp-content\/uploads\/2023\/11\/5m-coffee-trailer-America.jpg\" sizes=\"(max-width: 720px) 100vw, 720px\" srcset=\"https:\/\/www.honlufoodtrailer.com\/wp-content\/uploads\/2023\/11\/5m-coffee-trailer-America.jpg 720w, https:\/\/www.honlufoodtrailer.com\/wp-content\/uploads\/2023\/11\/5m-coffee-trailer-America-480x360.jpg 480w, https:\/\/www.honlufoodtrailer.com\/wp-content\/uploads\/2023\/11\/5m-coffee-trailer-America-300x225.jpg 300w\" alt=\"Rimorkio kafeje 5m Amerika\" width=\"720\" height=\"540\" \/><\/p>\n<p><img loading=\"lazy\" decoding=\"async\" class=\"aligncenter\" src=\"https:\/\/www.honlufoodtrailer.com\/wp-content\/uploads\/2023\/11\/18ft-double-decker-coffee-trailer-America.jpg\" sizes=\"(max-width: 720px) 100vw, 720px\" srcset=\"https:\/\/www.honlufoodtrailer.com\/wp-content\/uploads\/2023\/11\/18ft-double-decker-coffee-trailer-America.jpg 720w, https:\/\/www.honlufoodtrailer.com\/wp-content\/uploads\/2023\/11\/18ft-double-decker-coffee-trailer-America-480x360.jpg 480w, https:\/\/www.honlufoodtrailer.com\/wp-content\/uploads\/2023\/11\/18ft-double-decker-coffee-trailer-America-300x225.jpg 300w\" alt=\"Rimorkio kafeje me dy kate 18ft America\" width=\"720\" height=\"540\" \/><\/p>\n<h3>Vler\u00ebsimi i KlientitM\u00eb posht\u00eb jan\u00eb disa nga vler\u00ebsimet e klient\u00ebve tan\u00eb n\u00eb lidhje me rimorkion ton\u00eb dykat\u00ebshe p\u00ebr kafe.<\/h3>\n<p><img loading=\"lazy\" decoding=\"async\" src=\"https:\/\/www.honlufoodtrailer.com\/wp-content\/uploads\/2023\/12\/coffee-trailer-customer-review.jpg\" alt=\"Rishikimi i klientit p\u00ebr rimorkio kafeje\" width=\"900\" height=\"375\" \/><\/p>","protected":false},"excerpt":{"rendered":"<p>K\u00ebto jan\u00eb rimorkiot tona me dy kate p\u00ebr ushqim, 18 metra t\u00eb prodhuara me porosi. Jan\u00eb zgjedhje t\u00eb mira p\u00ebr t\u00eb filluar nj\u00eb biznes rimorkiosh kafeje mobile. Si\u00e7 mund ta shohim, secila prej rimorkiove me dy kate p\u00ebr ushqim ka dy kate. Mund t\u00eb akomodoj\u00eb m\u00eb shum\u00eb klient\u00eb. Pamja n\u00eb katin e dyt\u00eb \u00ebsht\u00eb shum\u00eb e gjer\u00eb dhe klient\u00ebt mund t\u00eb shijojn\u00eb pamjen e gjer\u00eb nd\u00ebrsa darkojn\u00eb. Ne mund t\u00eb prodhojm\u00eb rimorkio ushqimore t\u00eb ngjashme si k\u00ebto, ose t\u00eb personalizojm\u00eb nj\u00eb p\u00ebr ju. Ngjyra e karroceris\u00eb, ngjit\u00ebset, tabelat dhe pajisjet e kuzhin\u00ebs s\u00eb rimorkios s\u00eb ushqimit mund t\u00eb personalizohen. Na kontaktoni tani!<\/p>","protected":false},"featured_media":1779,"template":"","meta":{"_themeisle_gutenberg_block_has_review":false},"product_brand":[],"product_cat":[26],"product_tag":[35,34,33,36,31],"class_list":{"0":"post-2058","1":"product","2":"type-product","3":"status-publish","4":"has-post-thumbnail","6":"product_cat-product","7":"product_tag-2-story-food-trailer","8":"product_tag-coffee-trailer","9":"product_tag-customized-trailer","10":"product_tag-high-quality-food-trailer","11":"product_tag-hot-sale-food-trailer","13":"first","14":"instock","15":"shipping-taxable","16":"product-type-simple"},"yoast_head":"<!-- This site is optimized with the Yoast SEO plugin v27.5 - https:\/\/yoast.com\/product\/yoast-seo-wordpress\/ -->\n<title>Double Decker Food Trailer from China Factory - Honlu Food Trailer<\/title>\n<meta name=\"description\" content=\"See various types of double decker food trailers we have customized for customers from the United States. UK, Canada etc. Get their price now!\" \/>\n<meta name=\"robots\" content=\"index, follow, max-snippet:-1, max-image-preview:large, max-video-preview:-1\" \/>\n<link rel=\"canonical\" href=\"https:\/\/www.honlufoodtrailer.com\/sq\/product\/rimorkio-me-dy-kate-per-ushqime\/\" \/>\n<meta property=\"og:locale\" content=\"sq_AL\" \/>\n<meta property=\"og:type\" content=\"article\" \/>\n<meta property=\"og:title\" content=\"Double Decker Food Trailer from China Factory - Honlu Food Trailer\" \/>\n<meta property=\"og:description\" content=\"See various types of double decker food trailers we have customized for customers from the United States. UK, Canada etc. Get their price now!\" \/>\n<meta property=\"og:url\" content=\"https:\/\/www.honlufoodtrailer.com\/sq\/product\/rimorkio-me-dy-kate-per-ushqime\/\" \/>\n<meta property=\"og:site_name\" content=\"Honlu food trailer\" \/>\n<meta property=\"article:modified_time\" content=\"2024-06-26T08:33:55+00:00\" \/>\n<meta property=\"og:image\" content=\"https:\/\/www.honlufoodtrailer.com\/wp-content\/uploads\/2022\/01\/Coffee-trailer-night-view.jpg\" \/>\n\t<meta property=\"og:image:width\" content=\"720\" \/>\n\t<meta property=\"og:image:height\" content=\"540\" \/>\n\t<meta property=\"og:image:type\" content=\"image\/jpeg\" \/>\n<meta name=\"twitter:card\" content=\"summary_large_image\" \/>\n<meta name=\"twitter:label1\" content=\"Est. reading time\" \/>\n\t<meta name=\"twitter:data1\" content=\"1 minut\u00eb\" \/>\n<script type=\"application\/ld+json\" class=\"yoast-schema-graph\">{\"@context\":\"https:\\\/\\\/schema.org\",\"@graph\":[{\"@type\":\"WebPage\",\"@id\":\"https:\\\/\\\/www.honlufoodtrailer.com\\\/product\\\/double-decker-food-trailer\\\/\",\"url\":\"https:\\\/\\\/www.honlufoodtrailer.com\\\/product\\\/double-decker-food-trailer\\\/\",\"name\":\"Double Decker Food Trailer from China Factory - Honlu Food Trailer\",\"isPartOf\":{\"@id\":\"https:\\\/\\\/www.honlufoodtrailer.com\\\/#website\"},\"primaryImageOfPage\":{\"@id\":\"https:\\\/\\\/www.honlufoodtrailer.com\\\/product\\\/double-decker-food-trailer\\\/#primaryimage\"},\"image\":{\"@id\":\"https:\\\/\\\/www.honlufoodtrailer.com\\\/product\\\/double-decker-food-trailer\\\/#primaryimage\"},\"thumbnailUrl\":\"https:\\\/\\\/www.honlufoodtrailer.com\\\/wp-content\\\/uploads\\\/2022\\\/01\\\/Coffee-trailer-night-view.jpg\",\"datePublished\":\"2022-01-12T08:35:36+00:00\",\"dateModified\":\"2024-06-26T08:33:55+00:00\",\"description\":\"See various types of double decker food trailers we have customized for customers from the United States. UK, Canada etc. Get their price now!\",\"breadcrumb\":{\"@id\":\"https:\\\/\\\/www.honlufoodtrailer.com\\\/product\\\/double-decker-food-trailer\\\/#breadcrumb\"},\"inLanguage\":\"sq\",\"potentialAction\":[{\"@type\":\"ReadAction\",\"target\":[\"https:\\\/\\\/www.honlufoodtrailer.com\\\/product\\\/double-decker-food-trailer\\\/\"]}]},{\"@type\":\"ImageObject\",\"inLanguage\":\"sq\",\"@id\":\"https:\\\/\\\/www.honlufoodtrailer.com\\\/product\\\/double-decker-food-trailer\\\/#primaryimage\",\"url\":\"https:\\\/\\\/www.honlufoodtrailer.com\\\/wp-content\\\/uploads\\\/2022\\\/01\\\/Coffee-trailer-night-view.jpg\",\"contentUrl\":\"https:\\\/\\\/www.honlufoodtrailer.com\\\/wp-content\\\/uploads\\\/2022\\\/01\\\/Coffee-trailer-night-view.jpg\",\"width\":720,\"height\":540,\"caption\":\"Coffee trailer-night view\"},{\"@type\":\"BreadcrumbList\",\"@id\":\"https:\\\/\\\/www.honlufoodtrailer.com\\\/product\\\/double-decker-food-trailer\\\/#breadcrumb\",\"itemListElement\":[{\"@type\":\"ListItem\",\"position\":1,\"name\":\"Home\",\"item\":\"https:\\\/\\\/www.honlufoodtrailer.com\\\/\"},{\"@type\":\"ListItem\",\"position\":2,\"name\":\"\u4ea7\u54c1\",\"item\":\"https:\\\/\\\/www.honlufoodtrailer.com\\\/shop\\\/\"},{\"@type\":\"ListItem\",\"position\":3,\"name\":\"Double Decker Food Trailer\"}]},{\"@type\":\"WebSite\",\"@id\":\"https:\\\/\\\/www.honlufoodtrailer.com\\\/#website\",\"url\":\"https:\\\/\\\/www.honlufoodtrailer.com\\\/\",\"name\":\"Honlu food trailer\",\"description\":\"\",\"publisher\":{\"@id\":\"https:\\\/\\\/www.honlufoodtrailer.com\\\/#organization\"},\"potentialAction\":[{\"@type\":\"SearchAction\",\"target\":{\"@type\":\"EntryPoint\",\"urlTemplate\":\"https:\\\/\\\/www.honlufoodtrailer.com\\\/?s={search_term_string}\"},\"query-input\":{\"@type\":\"PropertyValueSpecification\",\"valueRequired\":true,\"valueName\":\"search_term_string\"}}],\"inLanguage\":\"sq\"},{\"@type\":\"Organization\",\"@id\":\"https:\\\/\\\/www.honlufoodtrailer.com\\\/#organization\",\"name\":\"Honlu food trailer\",\"url\":\"https:\\\/\\\/www.honlufoodtrailer.com\\\/\",\"logo\":{\"@type\":\"ImageObject\",\"inLanguage\":\"sq\",\"@id\":\"https:\\\/\\\/www.honlufoodtrailer.com\\\/#\\\/schema\\\/logo\\\/image\\\/\",\"url\":\"https:\\\/\\\/www.honlufoodtrailer.com\\\/wp-content\\\/uploads\\\/2021\\\/12\\\/2.gif\",\"contentUrl\":\"https:\\\/\\\/www.honlufoodtrailer.com\\\/wp-content\\\/uploads\\\/2021\\\/12\\\/2.gif\",\"width\":350,\"height\":100,\"caption\":\"Honlu food trailer\"},\"image\":{\"@id\":\"https:\\\/\\\/www.honlufoodtrailer.com\\\/#\\\/schema\\\/logo\\\/image\\\/\"}}]}<\/script>\n<!-- \/ Yoast SEO plugin. -->","yoast_head_json":{"title":"Rimorkio Ushqimore me Dy Kate nga Fabrika e Kin\u00ebs - Rimorkio Ushqimore Honlu","description":"Shikoni lloje t\u00eb ndryshme t\u00eb rimorkiove me dy kate p\u00ebr ushqim q\u00eb kemi p\u00ebrshtatur p\u00ebr klient\u00ebt nga Shtetet e Bashkuara, Mbret\u00ebria e Bashkuar, Kanadaja etj. Merrni \u00e7mimin e tyre tani!","robots":{"index":"index","follow":"follow","max-snippet":"max-snippet:-1","max-image-preview":"max-image-preview:large","max-video-preview":"max-video-preview:-1"},"canonical":"https:\/\/www.honlufoodtrailer.com\/sq\/product\/rimorkio-me-dy-kate-per-ushqime\/","og_locale":"sq_AL","og_type":"article","og_title":"Double Decker Food Trailer from China Factory - Honlu Food Trailer","og_description":"See various types of double decker food trailers we have customized for customers from the United States. UK, Canada etc. Get their price now!","og_url":"https:\/\/www.honlufoodtrailer.com\/sq\/product\/rimorkio-me-dy-kate-per-ushqime\/","og_site_name":"Honlu food trailer","article_modified_time":"2024-06-26T08:33:55+00:00","og_image":[{"width":720,"height":540,"url":"https:\/\/www.honlufoodtrailer.com\/wp-content\/uploads\/2022\/01\/Coffee-trailer-night-view.jpg","type":"image\/jpeg"}],"twitter_card":"summary_large_image","twitter_misc":{"Est. reading time":"1 minut\u00eb"},"schema":{"@context":"https:\/\/schema.org","@graph":[{"@type":"WebPage","@id":"https:\/\/www.honlufoodtrailer.com\/product\/double-decker-food-trailer\/","url":"https:\/\/www.honlufoodtrailer.com\/product\/double-decker-food-trailer\/","name":"Rimorkio Ushqimore me Dy Kate nga Fabrika e Kin\u00ebs - Rimorkio Ushqimore Honlu","isPartOf":{"@id":"https:\/\/www.honlufoodtrailer.com\/#website"},"primaryImageOfPage":{"@id":"https:\/\/www.honlufoodtrailer.com\/product\/double-decker-food-trailer\/#primaryimage"},"image":{"@id":"https:\/\/www.honlufoodtrailer.com\/product\/double-decker-food-trailer\/#primaryimage"},"thumbnailUrl":"https:\/\/www.honlufoodtrailer.com\/wp-content\/uploads\/2022\/01\/Coffee-trailer-night-view.jpg","datePublished":"2022-01-12T08:35:36+00:00","dateModified":"2024-06-26T08:33:55+00:00","description":"Shikoni lloje t\u00eb ndryshme t\u00eb rimorkiove me dy kate p\u00ebr ushqim q\u00eb kemi p\u00ebrshtatur p\u00ebr klient\u00ebt nga Shtetet e Bashkuara, Mbret\u00ebria e Bashkuar, Kanadaja etj. Merrni \u00e7mimin e tyre tani!","breadcrumb":{"@id":"https:\/\/www.honlufoodtrailer.com\/product\/double-decker-food-trailer\/#breadcrumb"},"inLanguage":"sq","potentialAction":[{"@type":"ReadAction","target":["https:\/\/www.honlufoodtrailer.com\/product\/double-decker-food-trailer\/"]}]},{"@type":"ImageObject","inLanguage":"sq","@id":"https:\/\/www.honlufoodtrailer.com\/product\/double-decker-food-trailer\/#primaryimage","url":"https:\/\/www.honlufoodtrailer.com\/wp-content\/uploads\/2022\/01\/Coffee-trailer-night-view.jpg","contentUrl":"https:\/\/www.honlufoodtrailer.com\/wp-content\/uploads\/2022\/01\/Coffee-trailer-night-view.jpg","width":720,"height":540,"caption":"Coffee trailer-night view"},{"@type":"BreadcrumbList","@id":"https:\/\/www.honlufoodtrailer.com\/product\/double-decker-food-trailer\/#breadcrumb","itemListElement":[{"@type":"ListItem","position":1,"name":"Home","item":"https:\/\/www.honlufoodtrailer.com\/"},{"@type":"ListItem","position":2,"name":"\u4ea7\u54c1","item":"https:\/\/www.honlufoodtrailer.com\/shop\/"},{"@type":"ListItem","position":3,"name":"Double Decker Food Trailer"}]},{"@type":"WebSite","@id":"https:\/\/www.honlufoodtrailer.com\/#website","url":"https:\/\/www.honlufoodtrailer.com\/","name":"Rimorkio ushqimore n\u00eb Honlu","description":"","publisher":{"@id":"https:\/\/www.honlufoodtrailer.com\/#organization"},"potentialAction":[{"@type":"SearchAction","target":{"@type":"EntryPoint","urlTemplate":"https:\/\/www.honlufoodtrailer.com\/?s={search_term_string}"},"query-input":{"@type":"PropertyValueSpecification","valueRequired":true,"valueName":"search_term_string"}}],"inLanguage":"sq"},{"@type":"Organization","@id":"https:\/\/www.honlufoodtrailer.com\/#organization","name":"Rimorkio ushqimore n\u00eb Honlu","url":"https:\/\/www.honlufoodtrailer.com\/","logo":{"@type":"ImageObject","inLanguage":"sq","@id":"https:\/\/www.honlufoodtrailer.com\/#\/schema\/logo\/image\/","url":"https:\/\/www.honlufoodtrailer.com\/wp-content\/uploads\/2021\/12\/2.gif","contentUrl":"https:\/\/www.honlufoodtrailer.com\/wp-content\/uploads\/2021\/12\/2.gif","width":350,"height":100,"caption":"Honlu food trailer"},"image":{"@id":"https:\/\/www.honlufoodtrailer.com\/#\/schema\/logo\/image\/"}}]}},"_links":{"self":[{"href":"https:\/\/www.honlufoodtrailer.com\/sq\/wp-json\/wp\/v2\/product\/2058","targetHints":{"allow":["GET"]}}],"collection":[{"href":"https:\/\/www.honlufoodtrailer.com\/sq\/wp-json\/wp\/v2\/product"}],"about":[{"href":"https:\/\/www.honlufoodtrailer.com\/sq\/wp-json\/wp\/v2\/types\/product"}],"version-history":[{"count":0,"href":"https:\/\/www.honlufoodtrailer.com\/sq\/wp-json\/wp\/v2\/product\/2058\/revisions"}],"wp:featuredmedia":[{"embeddable":true,"href":"https:\/\/www.honlufoodtrailer.com\/sq\/wp-json\/wp\/v2\/media\/1779"}],"wp:attachment":[{"href":"https:\/\/www.honlufoodtrailer.com\/sq\/wp-json\/wp\/v2\/media?parent=2058"}],"wp:term":[{"taxonomy":"product_brand","embeddable":true,"href":"https:\/\/www.honlufoodtrailer.com\/sq\/wp-json\/wp\/v2\/product_brand?post=2058"},{"taxonomy":"product_cat","embeddable":true,"href":"https:\/\/www.honlufoodtrailer.com\/sq\/wp-json\/wp\/v2\/product_cat?post=2058"},{"taxonomy":"product_tag","embeddable":true,"href":"https:\/\/www.honlufoodtrailer.com\/sq\/wp-json\/wp\/v2\/product_tag?post=2058"}],"curies":[{"name":"wp","href":"https:\/\/api.w.org\/{rel}","templated":true}]}}