{"id":3059,"date":"2022-02-23T15:22:58","date_gmt":"2022-02-23T07:22:58","guid":{"rendered":"https:\/\/www.honlufoodtrailer.com\/?post_type=product&#038;p=3059"},"modified":"2024-10-28T10:45:57","modified_gmt":"2024-10-28T02:45:57","slug":"seven-meters-galvanized-square-food-trailer","status":"publish","type":"product","link":"https:\/\/www.honlufoodtrailer.com\/sq\/product\/seven-meters-galvanized-square-food-trailer\/","title":{"rendered":"Rimorkio ushqimore katrore e galvanizuar shtat\u00eb metra"},"content":{"rendered":"<p data-spm-anchor-id=\"a2700.wholesale.0.i28.29e52808agqc7f\">Kjo \u00ebsht\u00eb nj\u00eb nga rimorkiot tona t\u00eb personalizuara p\u00ebr ushqim me gjat\u00ebsi shtat\u00eb metra katror\u00eb. P\u00ebr shkak t\u00eb karroceris\u00eb s\u00eb gjat\u00eb shtat\u00eb metra, ne kemi personalizuar shum\u00eb pajisje kuzhine brenda rimorkios s\u00eb ushqimit. Sipas nevojave t\u00eb klient\u00ebve, ne kemi hapur nj\u00eb der\u00eb n\u00eb pjes\u00ebn e pasme dhe t\u00eb pasme t\u00eb rimorkios s\u00eb ushqimit.<\/p>\n<p data-spm-anchor-id=\"a2700.wholesale.0.i28.29e52808agqc7f\">Tavolina e pun\u00ebs dhe muri i brendsh\u00ebm brenda karroceris\u00eb s\u00eb makin\u00ebs jan\u00eb t\u00eb gjitha t\u00eb b\u00ebra prej \u00e7eliku inox t\u00eb grad\u00ebs ushqimore. Dhe sipas nevojave t\u00eb klient\u00ebve, \u00ebsht\u00eb e pajisur me frigorifer\u00eb, dollap\u00eb ekspozimi p\u00ebr izolimin e ushqimit, kat\u00ebr lavaman\u00eb t\u00eb personalizuar, soba me gaz, aspirator\u00eb dhe pajisje t\u00eb tjera. Ne do t\u00eb d\u00ebshironim t\u00eb blinim lloje t\u00eb tjera pajisjesh bazuar n\u00eb nevojat e klient\u00ebve.<\/p>\n<p data-spm-anchor-id=\"a2700.wholesale.0.i28.29e52808agqc7f\">Ngjyra e t\u00eb gjith\u00eb automjetit \u00ebsht\u00eb e zez\u00eb, dhe klient\u00ebt tan\u00eb duan t\u00eb shtojn\u00eb disa fener\u00eb, tabela reklamash dhe zbukurime t\u00eb tjera p\u00ebrreth, k\u00ebshtu q\u00eb ne gjithashtu shtojm\u00eb grepa n\u00eb disa pjes\u00eb p\u00ebr klient\u00ebt p\u00ebr t\u00eb leht\u00ebsuar p\u00ebrdorimin e tyre. Ne gjithashtu p\u00ebrdorim dizajnin rezistent ndaj shiut n\u00eb dritare dhe dyer, t\u00eb gjitha k\u00ebto dizajne t\u00eb vogla jan\u00eb q\u00eb klient\u00ebt t\u00eb ken\u00eb nj\u00eb p\u00ebrvoj\u00eb m\u00eb t\u00eb mir\u00eb.<\/p>\n<p>I gjith\u00eb rimorkioja \u00ebsht\u00eb kompakte dhe e leht\u00eb p\u00ebr t\u2019u p\u00ebrdorur. \u00cbsht\u00eb modeli i preferuar p\u00ebr fillimin e bizneseve t\u00eb ushqimit t\u00eb shpejt\u00eb, porosive t\u00eb blerjeve me shumic\u00eb n\u00eb qendrat tregtare, menaxhimit t\u00eb unifikuar t\u00eb ushqimit t\u00eb shpejt\u00eb n\u00eb rrug\u00eb dhe piknik\u00ebve familjar\u00eb. Mund t\u00eb aplikohet gjithashtu p\u00ebr shitjen e \u00e7do gj\u00ebje, nga hot dog-\u00ebt, operacionet e shitjes me pakic\u00eb, operacionet e luleve, sandui\u00e7\u00ebt, kafeja, akullorja etj. Ne kemi certifikimin CE p\u00ebr t&#039;ju ndihmuar t\u00eb filloni nj\u00eb biznes t\u00eb l\u00ebvizsh\u00ebm.<\/p>\n<h3 class=\"magic-6\" data-spm-anchor-id=\"a2700.wholesale.0.i28.29e52808agqc7f\">Karakteristikat kryesore t\u00eb rimorkios s\u00eb ushqimit t\u00eb galvanizuar<\/h3>\n<div class=\"magic-7\">\n<div class=\"magic-8\">\n<div class=\"magic-9\" data-id=\"paragraph0\">\n<ol>\n<li>Karroceria super e gjat\u00eb e makin\u00ebs ka nj\u00eb hap\u00ebsir\u00eb t\u00eb brendshme m\u00eb t\u00eb madhe dhe mund t\u00eb akomodoj\u00eb m\u00eb shum\u00eb pajisje p\u00ebr t\u00eb p\u00ebrmbushur nevojat e ndryshme t\u00eb klient\u00ebve;<\/li>\n<li>Material flet\u00ebsh i galvanizuar me rezistenc\u00eb t\u00eb shk\u00eblqyer ndaj korrozionit dhe rezistenc\u00eb ndaj nxeht\u00ebsis\u00eb;<\/li>\n<li>Pajisje moderne dhe t\u00eb p\u00ebrparuara t\u00eb pajisura n\u00eb rimorkion mobile t\u00eb ushqimit;<\/li>\n<li>I p\u00ebrshtatsh\u00ebm dhe i leht\u00eb p\u00ebr t\u2019u l\u00ebvizur;<\/li>\n<li>Jemi t\u00eb lumtur ta modifikojm\u00eb sipas k\u00ebrkes\u00ebs suaj.<\/li>\n<\/ol>\n<h3>Vizatim falas i planit t\u00eb katit 2D\/3D<\/h3>\n<p>Pasi t\u00eb konfirmojm\u00eb dimensionet e rimorkios s\u00eb ushqimit dhe pajisjeve t\u00eb brendshme t\u00eb kuzhin\u00ebs, ne mund t&#039;ju ofrojm\u00eb vizatime 3D falas. Kjo do t&#039;ju jap\u00eb nj\u00eb ide m\u00eb t\u00eb qart\u00eb t\u00eb dizajnit tuaj dhe t\u00eb karroc\u00ebs suaj t\u00eb ushqimit. Kur konfirmojm\u00eb vendndodhjen e pajisjeve t\u00eb kuzhin\u00ebs, ne mund t\u00eb komunikojm\u00eb qart\u00eb me ju p\u00ebrmes planit t\u00eb katit. Gjithashtu mund t&#039;ju ofrojm\u00eb dokumente origjinale p\u00ebr t\u00eb leht\u00ebsuar dizajnin tuaj dhe p\u00ebr t\u00eb b\u00ebr\u00eb rregullime.<\/p>\n<\/div>\n<\/div>\n<\/div>","protected":false},"excerpt":{"rendered":"<p>Ky \u00ebsht\u00eb nj\u00eb nga rimorkiot tona t\u00eb personalizuara p\u00ebr ushqim me gjat\u00ebsi shtat\u00eb metra katror\u00eb. P\u00ebr shkak t\u00eb karroceris\u00eb s\u00eb gjat\u00eb shtat\u00eb metra, ne kemi personalizuar shum\u00eb pajisje kuzhine brenda rimorkios s\u00eb ushqimit. Sipas nevojave t\u00eb klient\u00ebve, kemi hapur nj\u00eb der\u00eb n\u00eb pjes\u00ebn e pasme dhe t\u00eb pasme t\u00eb vagonit t\u00eb ngr\u00ebnies.<\/p>","protected":false},"featured_media":3060,"template":"","meta":{"_themeisle_gutenberg_block_has_review":false},"product_brand":[],"product_cat":[26],"product_tag":[33,41,45,38],"class_list":{"0":"post-3059","1":"product","2":"type-product","3":"status-publish","4":"has-post-thumbnail","6":"product_cat-product","7":"product_tag-customized-trailer","8":"product_tag-galvanized-trailer","9":"product_tag-large-food-trailer","10":"product_tag-mobile-food-trailer","12":"first","13":"instock","14":"shipping-taxable","15":"product-type-simple"},"yoast_head":"<!-- This site is optimized with the Yoast SEO plugin v27.5 - https:\/\/yoast.com\/product\/yoast-seo-wordpress\/ -->\n<title>Seven Meters Galvanized Square Food Trailer From China<\/title>\n<meta name=\"description\" content=\"This is one of our custom seven-meter square food trailers. Due to the seven-meter-long body, we customized many kitchen equipments inside the food trailer. According to customer needs, we have opened a door at the back and rear of the food trailer.\" \/>\n<meta name=\"robots\" content=\"index, follow, max-snippet:-1, max-image-preview:large, max-video-preview:-1\" \/>\n<link rel=\"canonical\" href=\"https:\/\/www.honlufoodtrailer.com\/sq\/product\/seven-meters-galvanized-square-food-trailer\/\" \/>\n<meta property=\"og:locale\" content=\"sq_AL\" \/>\n<meta property=\"og:type\" content=\"article\" \/>\n<meta property=\"og:title\" content=\"Seven Meters Galvanized Square Food Trailer From China\" \/>\n<meta property=\"og:description\" content=\"This is one of our custom seven-meter square food trailers. Due to the seven-meter-long body, we customized many kitchen equipments inside the food trailer. According to customer needs, we have opened a door at the back and rear of the food trailer.\" \/>\n<meta property=\"og:url\" content=\"https:\/\/www.honlufoodtrailer.com\/sq\/product\/seven-meters-galvanized-square-food-trailer\/\" \/>\n<meta property=\"og:site_name\" content=\"Honlu food trailer\" \/>\n<meta property=\"article:modified_time\" content=\"2024-10-28T02:45:57+00:00\" \/>\n<meta property=\"og:image\" content=\"https:\/\/www.honlufoodtrailer.com\/wp-content\/uploads\/2022\/02\/Seven-meters-galvanized-square-food-trailer-1.jpg\" \/>\n\t<meta property=\"og:image:width\" content=\"720\" \/>\n\t<meta property=\"og:image:height\" content=\"540\" \/>\n\t<meta property=\"og:image:type\" content=\"image\/jpeg\" \/>\n<meta name=\"twitter:card\" content=\"summary_large_image\" \/>\n<meta name=\"twitter:label1\" content=\"Est. reading time\" \/>\n\t<meta name=\"twitter:data1\" content=\"2 minuta\" \/>\n<script type=\"application\/ld+json\" class=\"yoast-schema-graph\">{\"@context\":\"https:\\\/\\\/schema.org\",\"@graph\":[{\"@type\":\"WebPage\",\"@id\":\"https:\\\/\\\/www.honlufoodtrailer.com\\\/product\\\/seven-meters-galvanized-square-food-trailer\\\/\",\"url\":\"https:\\\/\\\/www.honlufoodtrailer.com\\\/product\\\/seven-meters-galvanized-square-food-trailer\\\/\",\"name\":\"Seven Meters Galvanized Square Food Trailer From China\",\"isPartOf\":{\"@id\":\"https:\\\/\\\/www.honlufoodtrailer.com\\\/#website\"},\"primaryImageOfPage\":{\"@id\":\"https:\\\/\\\/www.honlufoodtrailer.com\\\/product\\\/seven-meters-galvanized-square-food-trailer\\\/#primaryimage\"},\"image\":{\"@id\":\"https:\\\/\\\/www.honlufoodtrailer.com\\\/product\\\/seven-meters-galvanized-square-food-trailer\\\/#primaryimage\"},\"thumbnailUrl\":\"https:\\\/\\\/www.honlufoodtrailer.com\\\/wp-content\\\/uploads\\\/2022\\\/02\\\/Seven-meters-galvanized-square-food-trailer-1.jpg\",\"datePublished\":\"2022-02-23T07:22:58+00:00\",\"dateModified\":\"2024-10-28T02:45:57+00:00\",\"description\":\"This is one of our custom seven-meter square food trailers. Due to the seven-meter-long body, we customized many kitchen equipments inside the food trailer. According to customer needs, we have opened a door at the back and rear of the food trailer.\",\"breadcrumb\":{\"@id\":\"https:\\\/\\\/www.honlufoodtrailer.com\\\/product\\\/seven-meters-galvanized-square-food-trailer\\\/#breadcrumb\"},\"inLanguage\":\"sq\",\"potentialAction\":[{\"@type\":\"ReadAction\",\"target\":[\"https:\\\/\\\/www.honlufoodtrailer.com\\\/product\\\/seven-meters-galvanized-square-food-trailer\\\/\"]}]},{\"@type\":\"ImageObject\",\"inLanguage\":\"sq\",\"@id\":\"https:\\\/\\\/www.honlufoodtrailer.com\\\/product\\\/seven-meters-galvanized-square-food-trailer\\\/#primaryimage\",\"url\":\"https:\\\/\\\/www.honlufoodtrailer.com\\\/wp-content\\\/uploads\\\/2022\\\/02\\\/Seven-meters-galvanized-square-food-trailer-1.jpg\",\"contentUrl\":\"https:\\\/\\\/www.honlufoodtrailer.com\\\/wp-content\\\/uploads\\\/2022\\\/02\\\/Seven-meters-galvanized-square-food-trailer-1.jpg\",\"width\":720,\"height\":540,\"caption\":\"Seven meters galvanized square food trailer (1)\"},{\"@type\":\"BreadcrumbList\",\"@id\":\"https:\\\/\\\/www.honlufoodtrailer.com\\\/product\\\/seven-meters-galvanized-square-food-trailer\\\/#breadcrumb\",\"itemListElement\":[{\"@type\":\"ListItem\",\"position\":1,\"name\":\"Home\",\"item\":\"https:\\\/\\\/www.honlufoodtrailer.com\\\/\"},{\"@type\":\"ListItem\",\"position\":2,\"name\":\"\u4ea7\u54c1\",\"item\":\"https:\\\/\\\/www.honlufoodtrailer.com\\\/shop\\\/\"},{\"@type\":\"ListItem\",\"position\":3,\"name\":\"Seven meters galvanized square food trailer\"}]},{\"@type\":\"WebSite\",\"@id\":\"https:\\\/\\\/www.honlufoodtrailer.com\\\/#website\",\"url\":\"https:\\\/\\\/www.honlufoodtrailer.com\\\/\",\"name\":\"Honlu food trailer\",\"description\":\"\",\"publisher\":{\"@id\":\"https:\\\/\\\/www.honlufoodtrailer.com\\\/#organization\"},\"potentialAction\":[{\"@type\":\"SearchAction\",\"target\":{\"@type\":\"EntryPoint\",\"urlTemplate\":\"https:\\\/\\\/www.honlufoodtrailer.com\\\/?s={search_term_string}\"},\"query-input\":{\"@type\":\"PropertyValueSpecification\",\"valueRequired\":true,\"valueName\":\"search_term_string\"}}],\"inLanguage\":\"sq\"},{\"@type\":\"Organization\",\"@id\":\"https:\\\/\\\/www.honlufoodtrailer.com\\\/#organization\",\"name\":\"Honlu food trailer\",\"url\":\"https:\\\/\\\/www.honlufoodtrailer.com\\\/\",\"logo\":{\"@type\":\"ImageObject\",\"inLanguage\":\"sq\",\"@id\":\"https:\\\/\\\/www.honlufoodtrailer.com\\\/#\\\/schema\\\/logo\\\/image\\\/\",\"url\":\"https:\\\/\\\/www.honlufoodtrailer.com\\\/wp-content\\\/uploads\\\/2021\\\/12\\\/2.gif\",\"contentUrl\":\"https:\\\/\\\/www.honlufoodtrailer.com\\\/wp-content\\\/uploads\\\/2021\\\/12\\\/2.gif\",\"width\":350,\"height\":100,\"caption\":\"Honlu food trailer\"},\"image\":{\"@id\":\"https:\\\/\\\/www.honlufoodtrailer.com\\\/#\\\/schema\\\/logo\\\/image\\\/\"}}]}<\/script>\n<!-- \/ Yoast SEO plugin. -->","yoast_head_json":{"title":"Seven Meters Galvanized Square Food Trailer From China","description":"Kjo \u00ebsht\u00eb nj\u00eb nga rimorkiot tona t\u00eb personalizuara p\u00ebr ushqim me gjat\u00ebsi shtat\u00eb metra katror\u00eb. P\u00ebr shkak t\u00eb karroceris\u00eb s\u00eb gjat\u00eb shtat\u00eb metra, ne kemi personalizuar shum\u00eb pajisje kuzhine brenda rimorkios s\u00eb ushqimit. Sipas nevojave t\u00eb klient\u00ebve, ne kemi hapur nj\u00eb der\u00eb n\u00eb pjes\u00ebn e pasme dhe t\u00eb pasme t\u00eb rimorkios s\u00eb ushqimit.","robots":{"index":"index","follow":"follow","max-snippet":"max-snippet:-1","max-image-preview":"max-image-preview:large","max-video-preview":"max-video-preview:-1"},"canonical":"https:\/\/www.honlufoodtrailer.com\/sq\/product\/seven-meters-galvanized-square-food-trailer\/","og_locale":"sq_AL","og_type":"article","og_title":"Seven Meters Galvanized Square Food Trailer From China","og_description":"This is one of our custom seven-meter square food trailers. Due to the seven-meter-long body, we customized many kitchen equipments inside the food trailer. According to customer needs, we have opened a door at the back and rear of the food trailer.","og_url":"https:\/\/www.honlufoodtrailer.com\/sq\/product\/seven-meters-galvanized-square-food-trailer\/","og_site_name":"Honlu food trailer","article_modified_time":"2024-10-28T02:45:57+00:00","og_image":[{"width":720,"height":540,"url":"https:\/\/www.honlufoodtrailer.com\/wp-content\/uploads\/2022\/02\/Seven-meters-galvanized-square-food-trailer-1.jpg","type":"image\/jpeg"}],"twitter_card":"summary_large_image","twitter_misc":{"Est. reading time":"2 minuta"},"schema":{"@context":"https:\/\/schema.org","@graph":[{"@type":"WebPage","@id":"https:\/\/www.honlufoodtrailer.com\/product\/seven-meters-galvanized-square-food-trailer\/","url":"https:\/\/www.honlufoodtrailer.com\/product\/seven-meters-galvanized-square-food-trailer\/","name":"Seven Meters Galvanized Square Food Trailer From China","isPartOf":{"@id":"https:\/\/www.honlufoodtrailer.com\/#website"},"primaryImageOfPage":{"@id":"https:\/\/www.honlufoodtrailer.com\/product\/seven-meters-galvanized-square-food-trailer\/#primaryimage"},"image":{"@id":"https:\/\/www.honlufoodtrailer.com\/product\/seven-meters-galvanized-square-food-trailer\/#primaryimage"},"thumbnailUrl":"https:\/\/www.honlufoodtrailer.com\/wp-content\/uploads\/2022\/02\/Seven-meters-galvanized-square-food-trailer-1.jpg","datePublished":"2022-02-23T07:22:58+00:00","dateModified":"2024-10-28T02:45:57+00:00","description":"Kjo \u00ebsht\u00eb nj\u00eb nga rimorkiot tona t\u00eb personalizuara p\u00ebr ushqim me gjat\u00ebsi shtat\u00eb metra katror\u00eb. P\u00ebr shkak t\u00eb karroceris\u00eb s\u00eb gjat\u00eb shtat\u00eb metra, ne kemi personalizuar shum\u00eb pajisje kuzhine brenda rimorkios s\u00eb ushqimit. Sipas nevojave t\u00eb klient\u00ebve, ne kemi hapur nj\u00eb der\u00eb n\u00eb pjes\u00ebn e pasme dhe t\u00eb pasme t\u00eb rimorkios s\u00eb ushqimit.","breadcrumb":{"@id":"https:\/\/www.honlufoodtrailer.com\/product\/seven-meters-galvanized-square-food-trailer\/#breadcrumb"},"inLanguage":"sq","potentialAction":[{"@type":"ReadAction","target":["https:\/\/www.honlufoodtrailer.com\/product\/seven-meters-galvanized-square-food-trailer\/"]}]},{"@type":"ImageObject","inLanguage":"sq","@id":"https:\/\/www.honlufoodtrailer.com\/product\/seven-meters-galvanized-square-food-trailer\/#primaryimage","url":"https:\/\/www.honlufoodtrailer.com\/wp-content\/uploads\/2022\/02\/Seven-meters-galvanized-square-food-trailer-1.jpg","contentUrl":"https:\/\/www.honlufoodtrailer.com\/wp-content\/uploads\/2022\/02\/Seven-meters-galvanized-square-food-trailer-1.jpg","width":720,"height":540,"caption":"Seven meters galvanized square food trailer (1)"},{"@type":"BreadcrumbList","@id":"https:\/\/www.honlufoodtrailer.com\/product\/seven-meters-galvanized-square-food-trailer\/#breadcrumb","itemListElement":[{"@type":"ListItem","position":1,"name":"Home","item":"https:\/\/www.honlufoodtrailer.com\/"},{"@type":"ListItem","position":2,"name":"\u4ea7\u54c1","item":"https:\/\/www.honlufoodtrailer.com\/shop\/"},{"@type":"ListItem","position":3,"name":"Seven meters galvanized square food trailer"}]},{"@type":"WebSite","@id":"https:\/\/www.honlufoodtrailer.com\/#website","url":"https:\/\/www.honlufoodtrailer.com\/","name":"Rimorkio ushqimore n\u00eb Honlu","description":"","publisher":{"@id":"https:\/\/www.honlufoodtrailer.com\/#organization"},"potentialAction":[{"@type":"SearchAction","target":{"@type":"EntryPoint","urlTemplate":"https:\/\/www.honlufoodtrailer.com\/?s={search_term_string}"},"query-input":{"@type":"PropertyValueSpecification","valueRequired":true,"valueName":"search_term_string"}}],"inLanguage":"sq"},{"@type":"Organization","@id":"https:\/\/www.honlufoodtrailer.com\/#organization","name":"Rimorkio ushqimore n\u00eb Honlu","url":"https:\/\/www.honlufoodtrailer.com\/","logo":{"@type":"ImageObject","inLanguage":"sq","@id":"https:\/\/www.honlufoodtrailer.com\/#\/schema\/logo\/image\/","url":"https:\/\/www.honlufoodtrailer.com\/wp-content\/uploads\/2021\/12\/2.gif","contentUrl":"https:\/\/www.honlufoodtrailer.com\/wp-content\/uploads\/2021\/12\/2.gif","width":350,"height":100,"caption":"Honlu food trailer"},"image":{"@id":"https:\/\/www.honlufoodtrailer.com\/#\/schema\/logo\/image\/"}}]}},"_links":{"self":[{"href":"https:\/\/www.honlufoodtrailer.com\/sq\/wp-json\/wp\/v2\/product\/3059","targetHints":{"allow":["GET"]}}],"collection":[{"href":"https:\/\/www.honlufoodtrailer.com\/sq\/wp-json\/wp\/v2\/product"}],"about":[{"href":"https:\/\/www.honlufoodtrailer.com\/sq\/wp-json\/wp\/v2\/types\/product"}],"version-history":[{"count":0,"href":"https:\/\/www.honlufoodtrailer.com\/sq\/wp-json\/wp\/v2\/product\/3059\/revisions"}],"wp:featuredmedia":[{"embeddable":true,"href":"https:\/\/www.honlufoodtrailer.com\/sq\/wp-json\/wp\/v2\/media\/3060"}],"wp:attachment":[{"href":"https:\/\/www.honlufoodtrailer.com\/sq\/wp-json\/wp\/v2\/media?parent=3059"}],"wp:term":[{"taxonomy":"product_brand","embeddable":true,"href":"https:\/\/www.honlufoodtrailer.com\/sq\/wp-json\/wp\/v2\/product_brand?post=3059"},{"taxonomy":"product_cat","embeddable":true,"href":"https:\/\/www.honlufoodtrailer.com\/sq\/wp-json\/wp\/v2\/product_cat?post=3059"},{"taxonomy":"product_tag","embeddable":true,"href":"https:\/\/www.honlufoodtrailer.com\/sq\/wp-json\/wp\/v2\/product_tag?post=3059"}],"curies":[{"name":"wp","href":"https:\/\/api.w.org\/{rel}","templated":true}]}}