{"id":3342,"date":"2022-03-08T14:47:37","date_gmt":"2022-03-08T06:47:37","guid":{"rendered":"https:\/\/www.honlufoodtrailer.com\/?post_type=product&#038;p=3342"},"modified":"2024-10-28T18:28:45","modified_gmt":"2024-10-28T10:28:45","slug":"3-5m-arc-style-food-trailer","status":"publish","type":"product","link":"https:\/\/www.honlufoodtrailer.com\/sq\/product\/3-5m-arc-style-food-trailer\/","title":{"rendered":"Rimorkio Ushqimore 3.5M n\u00eb Stilin Arc"},"content":{"rendered":"<p data-spm-anchor-id=\"a2700.wholesale.0.i28.29e52808agqc7f\">Ky \u00ebsht\u00eb nj\u00eb rimorkio miniatur\u00eb ushqimore 3.5 metra n\u00eb stilin harkor. P\u00ebrdor plastik\u00eb t\u00eb p\u00ebrforcuar me fibra qelqi si material kryesor t\u00eb sip\u00ebrfaqes s\u00eb jashtme, dhe tavolina e pun\u00ebs e brendshme \u00ebsht\u00eb b\u00ebr\u00eb prej \u00e7eliku inox. Sipas nevojave t\u00eb klient\u00ebve, ne kemi vendosur afishe t\u00eb personalizuara n\u00eb t\u00eb gjitha an\u00ebt e k\u00ebtij rimorkioje dhe kemi shtuar dritare rr\u00ebshqit\u00ebse n\u00eb baz\u00eb t\u00eb dritareve t\u00ebrheq\u00ebse.<\/p>\n<p>I gjith\u00eb rimorkioja e ushqimit \u00ebsht\u00eb kompakte dhe e leht\u00eb p\u00ebr t\u2019u p\u00ebrdorur. P\u00ebrve\u00e7 k\u00ebsaj, ka nj\u00eb \u00e7mim konkurrues. Prandaj, \u00ebsht\u00eb nj\u00eb zgjedhje e mir\u00eb p\u00ebr fillestar\u00ebt q\u00eb duan t\u00eb fillojn\u00eb biznese t\u00eb ushqimit t\u00eb shpejt\u00eb. Gjithashtu, ne kemi certifikim CE p\u00ebr t&#039;ju ndihmuar t\u00eb filloni nj\u00eb biznes rimorkioje ushqimore t\u00eb l\u00ebvizshme.<\/p>\n<p>Kjo rimorkio p\u00ebrb\u00ebhet nga shasia, karroceria, dyshemeja, tavolina e pun\u00ebs, sistemi i ujit dhe sistemi elektrik. P\u00ebrdoruesit gjithashtu mund t\u00eb zgjedhin ngjyr\u00ebn q\u00eb d\u00ebshirojn\u00eb. Ne do t\u00eb d\u00ebshironim t\u00eb blinim lloje t\u00eb tjera pajisjesh bazuar n\u00eb nevojat e klient\u00ebve.<\/p>\n<h3 class=\"magic-6\" data-spm-anchor-id=\"a2700.wholesale.0.i28.29e52808agqc7f\">Karakteristikat kryesore t\u00eb rimorkios s\u00eb ushqimit 3.5M Arc Style<\/h3>\n<div class=\"magic-7\">\n<div class=\"magic-8\">\n<div class=\"magic-9\" data-id=\"paragraph0\">\n<ol>\n<li>Pamje n\u00eb mod\u00eb, pamje me afishe t\u00eb personalizuara, e cila \u00ebsht\u00eb t\u00ebrheq\u00ebse;<\/li>\n<li>Material me fibra qelqi, m\u00eb i leht\u00eb n\u00eb pesh\u00eb dhe m\u00eb i fort\u00eb, me avantazhe t\u00eb rezistenc\u00ebs ndaj korrozionit, izolimit, ruajtjes s\u00eb nxeht\u00ebsis\u00eb, izolimit t\u00eb z\u00ebrit, etj.;<\/li>\n<li>Pajisje moderne dhe t\u00eb p\u00ebrparuara t\u00eb pajisura n\u00eb karroc\u00ebn mobile t\u00eb ushqimit;<\/li>\n<li>I p\u00ebrshtatsh\u00ebm dhe i leht\u00eb p\u00ebr t\u2019u l\u00ebvizur;<\/li>\n<li>Dritare rr\u00ebshqit\u00ebse t\u00eb personalizuara p\u00ebr t\u00eb p\u00ebrmbushur nevojat e klient\u00ebve;<\/li>\n<li>Jemi t\u00eb lumtur ta modifikojm\u00eb sipas k\u00ebrkes\u00ebs suaj.<\/li>\n<\/ol>\n<h3>Vizatim falas i planit t\u00eb katit 2D\/3D<\/h3>\n<p>Pasi t\u00eb konfirmojm\u00eb dimensionet e rimorkios s\u00eb ushqimit dhe pajisjeve t\u00eb brendshme t\u00eb kuzhin\u00ebs, ne mund t&#039;ju ofrojm\u00eb vizatime 3D falas. Kjo do t&#039;ju jap\u00eb nj\u00eb ide m\u00eb t\u00eb qart\u00eb t\u00eb dizajnit tuaj dhe t\u00eb karroc\u00ebs suaj t\u00eb ushqimit. Kur konfirmojm\u00eb vendndodhjen e pajisjeve t\u00eb kuzhin\u00ebs, ne mund t\u00eb komunikojm\u00eb qart\u00eb me ju p\u00ebrmes planit t\u00eb katit. Gjithashtu mund t&#039;ju ofrojm\u00eb dokumente origjinale p\u00ebr t\u00eb leht\u00ebsuar dizajnin tuaj dhe p\u00ebr t\u00eb b\u00ebr\u00eb rregullime.<\/p>\n<\/div>\n<\/div>\n<\/div>","protected":false},"excerpt":{"rendered":"<p>Kjo \u00ebsht\u00eb nj\u00eb nga rimorkiot tona t\u00eb personalizuara t\u00eb rrumbullak\u00ebta p\u00ebr ushqim 3.5 metra, pjesa e sip\u00ebrme e p\u00ebrparme dhe e pasme jan\u00eb t\u00eb projektuara me nj\u00eb hark t\u00eb vog\u00ebl. Kjo rimorkio ka t\u00eb nj\u00ebjtin stil si rimorkioja e ushqimit e galvanizuar tet\u00eb metra, klienti zgjedh dy gjat\u00ebsi t\u00eb ndryshme p\u00ebr t\u00eb p\u00ebrmbushur nevojat e tij. Kjo rimorkio ushqimore 3.5 metra \u00ebsht\u00eb e pajisur edhe n\u00eb pjes\u00ebn e sip\u00ebrme me nj\u00eb ventilator shkarkimi me fuqi t\u00eb lart\u00eb, dhe nj\u00eb dritare e vog\u00ebl \u00ebsht\u00eb shtuar edhe n\u00eb pjes\u00ebn e p\u00ebrparme t\u00eb rimorkios.<\/p>","protected":false},"featured_media":3343,"template":"","meta":{"_themeisle_gutenberg_block_has_review":false},"product_brand":[],"product_cat":[26],"product_tag":[33,41,45,38],"class_list":{"0":"post-3342","1":"product","2":"type-product","3":"status-publish","4":"has-post-thumbnail","6":"product_cat-product","7":"product_tag-customized-trailer","8":"product_tag-galvanized-trailer","9":"product_tag-large-food-trailer","10":"product_tag-mobile-food-trailer","12":"first","13":"instock","14":"shipping-taxable","15":"product-type-simple"},"yoast_head":"<!-- This site is optimized with the Yoast SEO plugin v27.5 - https:\/\/yoast.com\/product\/yoast-seo-wordpress\/ -->\n<title>3.5M Arc Style Food Trailer - Henan Honlu Machinery Equipment Co., Ltd<\/title>\n<meta name=\"description\" content=\"This is one of our custom 3.5M arc style food trailers, the top of the front and rear are designed with a small arc. A good choice for beginners.\" \/>\n<meta name=\"robots\" content=\"index, follow, max-snippet:-1, max-image-preview:large, max-video-preview:-1\" \/>\n<link rel=\"canonical\" href=\"https:\/\/www.honlufoodtrailer.com\/sq\/product\/3-5m-arc-style-food-trailer\/\" \/>\n<meta property=\"og:locale\" content=\"sq_AL\" \/>\n<meta property=\"og:type\" content=\"article\" \/>\n<meta property=\"og:title\" content=\"3.5M Arc Style Food Trailer - Henan Honlu Machinery Equipment Co., Ltd\" \/>\n<meta property=\"og:description\" content=\"This is one of our custom 3.5M arc style food trailers, the top of the front and rear are designed with a small arc. A good choice for beginners.\" \/>\n<meta property=\"og:url\" content=\"https:\/\/www.honlufoodtrailer.com\/sq\/product\/3-5m-arc-style-food-trailer\/\" \/>\n<meta property=\"og:site_name\" content=\"Honlu food trailer\" \/>\n<meta property=\"article:modified_time\" content=\"2024-10-28T10:28:45+00:00\" \/>\n<meta property=\"og:image\" content=\"https:\/\/www.honlufoodtrailer.com\/wp-content\/uploads\/2022\/03\/3.5M-arc-style-food-trailer-1.jpg\" \/>\n\t<meta property=\"og:image:width\" content=\"720\" \/>\n\t<meta property=\"og:image:height\" content=\"540\" \/>\n\t<meta property=\"og:image:type\" content=\"image\/jpeg\" \/>\n<meta name=\"twitter:card\" content=\"summary_large_image\" \/>\n<meta name=\"twitter:label1\" content=\"Est. reading time\" \/>\n\t<meta name=\"twitter:data1\" content=\"2 minuta\" \/>\n<script type=\"application\/ld+json\" class=\"yoast-schema-graph\">{\"@context\":\"https:\\\/\\\/schema.org\",\"@graph\":[{\"@type\":\"WebPage\",\"@id\":\"https:\\\/\\\/www.honlufoodtrailer.com\\\/product\\\/3-5m-arc-style-food-trailer\\\/\",\"url\":\"https:\\\/\\\/www.honlufoodtrailer.com\\\/product\\\/3-5m-arc-style-food-trailer\\\/\",\"name\":\"3.5M Arc Style Food Trailer - Henan Honlu Machinery Equipment Co., Ltd\",\"isPartOf\":{\"@id\":\"https:\\\/\\\/www.honlufoodtrailer.com\\\/#website\"},\"primaryImageOfPage\":{\"@id\":\"https:\\\/\\\/www.honlufoodtrailer.com\\\/product\\\/3-5m-arc-style-food-trailer\\\/#primaryimage\"},\"image\":{\"@id\":\"https:\\\/\\\/www.honlufoodtrailer.com\\\/product\\\/3-5m-arc-style-food-trailer\\\/#primaryimage\"},\"thumbnailUrl\":\"https:\\\/\\\/www.honlufoodtrailer.com\\\/wp-content\\\/uploads\\\/2022\\\/03\\\/3.5M-arc-style-food-trailer-1.jpg\",\"datePublished\":\"2022-03-08T06:47:37+00:00\",\"dateModified\":\"2024-10-28T10:28:45+00:00\",\"description\":\"This is one of our custom 3.5M arc style food trailers, the top of the front and rear are designed with a small arc. A good choice for beginners.\",\"breadcrumb\":{\"@id\":\"https:\\\/\\\/www.honlufoodtrailer.com\\\/product\\\/3-5m-arc-style-food-trailer\\\/#breadcrumb\"},\"inLanguage\":\"sq\",\"potentialAction\":[{\"@type\":\"ReadAction\",\"target\":[\"https:\\\/\\\/www.honlufoodtrailer.com\\\/product\\\/3-5m-arc-style-food-trailer\\\/\"]}]},{\"@type\":\"ImageObject\",\"inLanguage\":\"sq\",\"@id\":\"https:\\\/\\\/www.honlufoodtrailer.com\\\/product\\\/3-5m-arc-style-food-trailer\\\/#primaryimage\",\"url\":\"https:\\\/\\\/www.honlufoodtrailer.com\\\/wp-content\\\/uploads\\\/2022\\\/03\\\/3.5M-arc-style-food-trailer-1.jpg\",\"contentUrl\":\"https:\\\/\\\/www.honlufoodtrailer.com\\\/wp-content\\\/uploads\\\/2022\\\/03\\\/3.5M-arc-style-food-trailer-1.jpg\",\"width\":720,\"height\":540,\"caption\":\"3.5M arc style food trailer (1)\"},{\"@type\":\"BreadcrumbList\",\"@id\":\"https:\\\/\\\/www.honlufoodtrailer.com\\\/product\\\/3-5m-arc-style-food-trailer\\\/#breadcrumb\",\"itemListElement\":[{\"@type\":\"ListItem\",\"position\":1,\"name\":\"Home\",\"item\":\"https:\\\/\\\/www.honlufoodtrailer.com\\\/\"},{\"@type\":\"ListItem\",\"position\":2,\"name\":\"\u4ea7\u54c1\",\"item\":\"https:\\\/\\\/www.honlufoodtrailer.com\\\/shop\\\/\"},{\"@type\":\"ListItem\",\"position\":3,\"name\":\"3.5M Arc Style Food Trailer\"}]},{\"@type\":\"WebSite\",\"@id\":\"https:\\\/\\\/www.honlufoodtrailer.com\\\/#website\",\"url\":\"https:\\\/\\\/www.honlufoodtrailer.com\\\/\",\"name\":\"Honlu food trailer\",\"description\":\"\",\"publisher\":{\"@id\":\"https:\\\/\\\/www.honlufoodtrailer.com\\\/#organization\"},\"potentialAction\":[{\"@type\":\"SearchAction\",\"target\":{\"@type\":\"EntryPoint\",\"urlTemplate\":\"https:\\\/\\\/www.honlufoodtrailer.com\\\/?s={search_term_string}\"},\"query-input\":{\"@type\":\"PropertyValueSpecification\",\"valueRequired\":true,\"valueName\":\"search_term_string\"}}],\"inLanguage\":\"sq\"},{\"@type\":\"Organization\",\"@id\":\"https:\\\/\\\/www.honlufoodtrailer.com\\\/#organization\",\"name\":\"Honlu food trailer\",\"url\":\"https:\\\/\\\/www.honlufoodtrailer.com\\\/\",\"logo\":{\"@type\":\"ImageObject\",\"inLanguage\":\"sq\",\"@id\":\"https:\\\/\\\/www.honlufoodtrailer.com\\\/#\\\/schema\\\/logo\\\/image\\\/\",\"url\":\"https:\\\/\\\/www.honlufoodtrailer.com\\\/wp-content\\\/uploads\\\/2021\\\/12\\\/2.gif\",\"contentUrl\":\"https:\\\/\\\/www.honlufoodtrailer.com\\\/wp-content\\\/uploads\\\/2021\\\/12\\\/2.gif\",\"width\":350,\"height\":100,\"caption\":\"Honlu food trailer\"},\"image\":{\"@id\":\"https:\\\/\\\/www.honlufoodtrailer.com\\\/#\\\/schema\\\/logo\\\/image\\\/\"}}]}<\/script>\n<!-- \/ Yoast SEO plugin. -->","yoast_head_json":{"title":"Rimorkio Ushqimore 3.5M n\u00eb Stilin Arc - Henan Honlu Machinery Equipment Co., Ltd","description":"Kjo \u00ebsht\u00eb nj\u00eb nga rimorkiot tona t\u00eb personalizuara p\u00ebr ushqim n\u00eb stilin harkor 3.5M, pjesa e sip\u00ebrme e p\u00ebrparme dhe e pasme jan\u00eb t\u00eb projektuara me nj\u00eb hark t\u00eb vog\u00ebl. Nj\u00eb zgjedhje e mir\u00eb p\u00ebr fillestar\u00ebt.","robots":{"index":"index","follow":"follow","max-snippet":"max-snippet:-1","max-image-preview":"max-image-preview:large","max-video-preview":"max-video-preview:-1"},"canonical":"https:\/\/www.honlufoodtrailer.com\/sq\/product\/3-5m-arc-style-food-trailer\/","og_locale":"sq_AL","og_type":"article","og_title":"3.5M Arc Style Food Trailer - Henan Honlu Machinery Equipment Co., Ltd","og_description":"This is one of our custom 3.5M arc style food trailers, the top of the front and rear are designed with a small arc. A good choice for beginners.","og_url":"https:\/\/www.honlufoodtrailer.com\/sq\/product\/3-5m-arc-style-food-trailer\/","og_site_name":"Honlu food trailer","article_modified_time":"2024-10-28T10:28:45+00:00","og_image":[{"width":720,"height":540,"url":"https:\/\/www.honlufoodtrailer.com\/wp-content\/uploads\/2022\/03\/3.5M-arc-style-food-trailer-1.jpg","type":"image\/jpeg"}],"twitter_card":"summary_large_image","twitter_misc":{"Est. reading time":"2 minuta"},"schema":{"@context":"https:\/\/schema.org","@graph":[{"@type":"WebPage","@id":"https:\/\/www.honlufoodtrailer.com\/product\/3-5m-arc-style-food-trailer\/","url":"https:\/\/www.honlufoodtrailer.com\/product\/3-5m-arc-style-food-trailer\/","name":"Rimorkio Ushqimore 3.5M n\u00eb Stilin Arc - Henan Honlu Machinery Equipment Co., Ltd","isPartOf":{"@id":"https:\/\/www.honlufoodtrailer.com\/#website"},"primaryImageOfPage":{"@id":"https:\/\/www.honlufoodtrailer.com\/product\/3-5m-arc-style-food-trailer\/#primaryimage"},"image":{"@id":"https:\/\/www.honlufoodtrailer.com\/product\/3-5m-arc-style-food-trailer\/#primaryimage"},"thumbnailUrl":"https:\/\/www.honlufoodtrailer.com\/wp-content\/uploads\/2022\/03\/3.5M-arc-style-food-trailer-1.jpg","datePublished":"2022-03-08T06:47:37+00:00","dateModified":"2024-10-28T10:28:45+00:00","description":"Kjo \u00ebsht\u00eb nj\u00eb nga rimorkiot tona t\u00eb personalizuara p\u00ebr ushqim n\u00eb stilin harkor 3.5M, pjesa e sip\u00ebrme e p\u00ebrparme dhe e pasme jan\u00eb t\u00eb projektuara me nj\u00eb hark t\u00eb vog\u00ebl. Nj\u00eb zgjedhje e mir\u00eb p\u00ebr fillestar\u00ebt.","breadcrumb":{"@id":"https:\/\/www.honlufoodtrailer.com\/product\/3-5m-arc-style-food-trailer\/#breadcrumb"},"inLanguage":"sq","potentialAction":[{"@type":"ReadAction","target":["https:\/\/www.honlufoodtrailer.com\/product\/3-5m-arc-style-food-trailer\/"]}]},{"@type":"ImageObject","inLanguage":"sq","@id":"https:\/\/www.honlufoodtrailer.com\/product\/3-5m-arc-style-food-trailer\/#primaryimage","url":"https:\/\/www.honlufoodtrailer.com\/wp-content\/uploads\/2022\/03\/3.5M-arc-style-food-trailer-1.jpg","contentUrl":"https:\/\/www.honlufoodtrailer.com\/wp-content\/uploads\/2022\/03\/3.5M-arc-style-food-trailer-1.jpg","width":720,"height":540,"caption":"3.5M arc style food trailer (1)"},{"@type":"BreadcrumbList","@id":"https:\/\/www.honlufoodtrailer.com\/product\/3-5m-arc-style-food-trailer\/#breadcrumb","itemListElement":[{"@type":"ListItem","position":1,"name":"Home","item":"https:\/\/www.honlufoodtrailer.com\/"},{"@type":"ListItem","position":2,"name":"\u4ea7\u54c1","item":"https:\/\/www.honlufoodtrailer.com\/shop\/"},{"@type":"ListItem","position":3,"name":"3.5M Arc Style Food Trailer"}]},{"@type":"WebSite","@id":"https:\/\/www.honlufoodtrailer.com\/#website","url":"https:\/\/www.honlufoodtrailer.com\/","name":"Rimorkio ushqimore n\u00eb Honlu","description":"","publisher":{"@id":"https:\/\/www.honlufoodtrailer.com\/#organization"},"potentialAction":[{"@type":"SearchAction","target":{"@type":"EntryPoint","urlTemplate":"https:\/\/www.honlufoodtrailer.com\/?s={search_term_string}"},"query-input":{"@type":"PropertyValueSpecification","valueRequired":true,"valueName":"search_term_string"}}],"inLanguage":"sq"},{"@type":"Organization","@id":"https:\/\/www.honlufoodtrailer.com\/#organization","name":"Rimorkio ushqimore n\u00eb Honlu","url":"https:\/\/www.honlufoodtrailer.com\/","logo":{"@type":"ImageObject","inLanguage":"sq","@id":"https:\/\/www.honlufoodtrailer.com\/#\/schema\/logo\/image\/","url":"https:\/\/www.honlufoodtrailer.com\/wp-content\/uploads\/2021\/12\/2.gif","contentUrl":"https:\/\/www.honlufoodtrailer.com\/wp-content\/uploads\/2021\/12\/2.gif","width":350,"height":100,"caption":"Honlu food trailer"},"image":{"@id":"https:\/\/www.honlufoodtrailer.com\/#\/schema\/logo\/image\/"}}]}},"_links":{"self":[{"href":"https:\/\/www.honlufoodtrailer.com\/sq\/wp-json\/wp\/v2\/product\/3342","targetHints":{"allow":["GET"]}}],"collection":[{"href":"https:\/\/www.honlufoodtrailer.com\/sq\/wp-json\/wp\/v2\/product"}],"about":[{"href":"https:\/\/www.honlufoodtrailer.com\/sq\/wp-json\/wp\/v2\/types\/product"}],"version-history":[{"count":0,"href":"https:\/\/www.honlufoodtrailer.com\/sq\/wp-json\/wp\/v2\/product\/3342\/revisions"}],"wp:featuredmedia":[{"embeddable":true,"href":"https:\/\/www.honlufoodtrailer.com\/sq\/wp-json\/wp\/v2\/media\/3343"}],"wp:attachment":[{"href":"https:\/\/www.honlufoodtrailer.com\/sq\/wp-json\/wp\/v2\/media?parent=3342"}],"wp:term":[{"taxonomy":"product_brand","embeddable":true,"href":"https:\/\/www.honlufoodtrailer.com\/sq\/wp-json\/wp\/v2\/product_brand?post=3342"},{"taxonomy":"product_cat","embeddable":true,"href":"https:\/\/www.honlufoodtrailer.com\/sq\/wp-json\/wp\/v2\/product_cat?post=3342"},{"taxonomy":"product_tag","embeddable":true,"href":"https:\/\/www.honlufoodtrailer.com\/sq\/wp-json\/wp\/v2\/product_tag?post=3342"}],"curies":[{"name":"wp","href":"https:\/\/api.w.org\/{rel}","templated":true}]}}