{"id":3398,"date":"2022-03-17T17:30:43","date_gmt":"2022-03-17T09:30:43","guid":{"rendered":"https:\/\/www.honlufoodtrailer.com\/?post_type=product&#038;p=3398"},"modified":"2024-10-28T18:20:50","modified_gmt":"2024-10-28T10:20:50","slug":"bbq-food-trailer-with-porch","status":"publish","type":"product","link":"https:\/\/www.honlufoodtrailer.com\/sq\/product\/bbq-food-trailer-with-porch\/","title":{"rendered":"Rimorkio me ushqime p\u00ebr barbeque me verand\u00eb"},"content":{"rendered":"<p data-spm-anchor-id=\"a2700.wholesale.0.i28.29e52808agqc7f\">Ky \u00ebsht\u00eb nj\u00eb rimorkio ushqimore me verand\u00eb 5.5M e personalizuar. I gjith\u00eb karroceria \u00ebsht\u00eb e kuqe, dhe pjesa e verand\u00ebs n\u00eb pjes\u00ebn e pasme t\u00eb karroceris\u00eb s\u00eb rimorkios s\u00eb ushqimit ka nj\u00eb dizajn t\u00eb hapur. Dritarja e sh\u00ebrbimit n\u00eb pjes\u00ebn e p\u00ebrparme t\u00eb rimorkios s\u00eb ushqimit ka nj\u00eb dizajn t\u00eb madh dritareje, dhe nj\u00eb shenj\u00eb e personalizuar \u00ebsht\u00eb e personalizuar n\u00eb pjes\u00ebn e sip\u00ebrme. T\u00eb gjitha pajisjet brenda karroceris\u00eb jan\u00eb b\u00ebr\u00eb prej \u00e7eliku inox. Ne personalizojm\u00eb nj\u00eb num\u00ebr t\u00eb madh pajisjesh kuzhine p\u00ebr klient\u00ebt, duke p\u00ebrfshir\u00eb soba me gaz, tiganisje t\u00eb thella, nj\u00eb skar\u00eb, etj. Ky model rimorkioje ushqimore \u00ebsht\u00eb modeli i preferuar p\u00ebr t\u00eb filluar biznesin e ushqimit BBQ.<\/p>\n<p data-spm-anchor-id=\"a2700.wholesale.0.i28.29e52808agqc7f\">Dritarja e sh\u00ebrbimit n\u00eb pjes\u00ebn e p\u00ebrparme ka nj\u00eb dizajn t\u00eb hapur, dhe kur dritarja hapet, posht\u00eb mund t\u00eb formohet nj\u00eb sip\u00ebrfaqe tavoline. Shenja n\u00eb pjes\u00ebn e sip\u00ebrme t\u00eb karroceris\u00eb \u00ebsht\u00eb gjithashtu e punuar me porosi.<\/p>\n<p data-spm-anchor-id=\"a2700.wholesale.0.i28.29e52808agqc7f\"><img fetchpriority=\"high\" decoding=\"async\" class=\"size-full wp-image-4307 aligncenter\" src=\"https:\/\/www.honlufoodtrailer.com\/wp-content\/uploads\/2022\/03\/Service-window-design-BBQ-food-trailer.jpg\" alt=\"Dizajn dritareje sh\u00ebrbimi - rimorkio ushqimi p\u00ebr barbeque\" width=\"720\" height=\"720\" srcset=\"https:\/\/www.honlufoodtrailer.com\/wp-content\/uploads\/2022\/03\/Service-window-design-BBQ-food-trailer.jpg 720w, https:\/\/www.honlufoodtrailer.com\/wp-content\/uploads\/2022\/03\/Service-window-design-BBQ-food-trailer-360x360.jpg 360w, https:\/\/www.honlufoodtrailer.com\/wp-content\/uploads\/2022\/03\/Service-window-design-BBQ-food-trailer-300x300.jpg 300w, https:\/\/www.honlufoodtrailer.com\/wp-content\/uploads\/2022\/03\/Service-window-design-BBQ-food-trailer-100x100.jpg 100w\" sizes=\"(max-width: 720px) 100vw, 720px\" \/><\/p>\n<p data-spm-anchor-id=\"a2700.wholesale.0.i28.29e52808agqc7f\">Pjesa e verand\u00ebs n\u00eb pjes\u00ebn e pasme t\u00eb rimorkios s\u00eb ushqimit \u00ebsht\u00eb nj\u00eb dizajn i propozuar nga klienti, dhe defektet rreth verand\u00ebs mund t\u00eb hapen nga jasht\u00eb p\u00ebr t&#039;u b\u00ebr\u00eb nj\u00eb dizajn i hapur.<\/p>\n<p data-spm-anchor-id=\"a2700.wholesale.0.i28.29e52808agqc7f\"><img decoding=\"async\" class=\"size-full wp-image-4308 aligncenter\" src=\"https:\/\/www.honlufoodtrailer.com\/wp-content\/uploads\/2022\/03\/Porch-design-BBQ-food-trailer.jpg\" alt=\"Dizajn verande - rimorkio ushqimi p\u00ebr barbeque\" width=\"720\" height=\"720\" srcset=\"https:\/\/www.honlufoodtrailer.com\/wp-content\/uploads\/2022\/03\/Porch-design-BBQ-food-trailer.jpg 720w, https:\/\/www.honlufoodtrailer.com\/wp-content\/uploads\/2022\/03\/Porch-design-BBQ-food-trailer-360x360.jpg 360w, https:\/\/www.honlufoodtrailer.com\/wp-content\/uploads\/2022\/03\/Porch-design-BBQ-food-trailer-300x300.jpg 300w, https:\/\/www.honlufoodtrailer.com\/wp-content\/uploads\/2022\/03\/Porch-design-BBQ-food-trailer-100x100.jpg 100w\" sizes=\"(max-width: 720px) 100vw, 720px\" \/><\/p>\n<p data-spm-anchor-id=\"a2700.wholesale.0.i28.29e52808agqc7f\">Pajisjet e kuzhin\u00ebs brenda p\u00ebrfshijn\u00eb sob\u00ebn me gaz, tiganin, skar\u00ebn etj. Mbi pajisjet e kuzhin\u00ebs, instaluam nj\u00eb aspirator me fuqi t\u00eb lart\u00eb. Do t\u00eb d\u00ebshironim t\u00eb blinim lloje t\u00eb tjera pajisjesh bazuar n\u00eb nevojat e klient\u00ebve.<\/p>\n<p data-spm-anchor-id=\"a2700.wholesale.0.i28.29e52808agqc7f\"><img decoding=\"async\" class=\"size-full wp-image-4309 aligncenter\" src=\"https:\/\/www.honlufoodtrailer.com\/wp-content\/uploads\/2022\/03\/Kitchen-equipment-BBQ-food-trailer.jpg\" alt=\"Pajisje kuzhine - rimorkio ushqimi p\u00ebr BBQ\" width=\"699\" height=\"584\" srcset=\"https:\/\/www.honlufoodtrailer.com\/wp-content\/uploads\/2022\/03\/Kitchen-equipment-BBQ-food-trailer.jpg 699w, https:\/\/www.honlufoodtrailer.com\/wp-content\/uploads\/2022\/03\/Kitchen-equipment-BBQ-food-trailer-431x360.jpg 431w, https:\/\/www.honlufoodtrailer.com\/wp-content\/uploads\/2022\/03\/Kitchen-equipment-BBQ-food-trailer-300x251.jpg 300w\" sizes=\"(max-width: 699px) 100vw, 699px\" \/><\/p>\n<h3 class=\"magic-6\" data-spm-anchor-id=\"a2700.wholesale.0.i28.29e52808agqc7f\">Karakteristikat kryesore t\u00eb rimorkios mobile t\u00eb ushqimit<\/h3>\n<div class=\"magic-7\">\n<div class=\"magic-8\">\n<div class=\"magic-9\" data-id=\"paragraph0\">\n<ol>\n<li>Pamje n\u00eb mod\u00eb, e cila \u00ebsht\u00eb t\u00ebrheq\u00ebse;<\/li>\n<li>Material \u00e7elik inox, \u00ebsht\u00eb me cil\u00ebsi t\u00eb shk\u00eblqyer;<\/li>\n<li>Pajisje moderne dhe t\u00eb p\u00ebrparuara t\u00eb pajisura n\u00eb karroc\u00ebn mobile t\u00eb ushqimit;<\/li>\n<li>I p\u00ebrshtatsh\u00ebm dhe i leht\u00eb p\u00ebr t\u2019u l\u00ebvizur;<\/li>\n<li>Nj\u00eb larmi ngjyrash \u00ebsht\u00eb n\u00eb dispozicion;<\/li>\n<li>Jemi t\u00eb lumtur ta modifikojm\u00eb sipas k\u00ebrkes\u00ebs suaj.<\/li>\n<\/ol>\n<h3>Vizatim falas i planit t\u00eb katit 2D\/3D<\/h3>\n<p><img loading=\"lazy\" decoding=\"async\" class=\"size-full wp-image-4310 aligncenter\" src=\"https:\/\/www.honlufoodtrailer.com\/wp-content\/uploads\/2022\/03\/Detail-image-BBQ-food-trailer.jpg\" alt=\"Imazh i detajuar - Rimorkio me ushqim BBQ\" width=\"720\" height=\"720\" srcset=\"https:\/\/www.honlufoodtrailer.com\/wp-content\/uploads\/2022\/03\/Detail-image-BBQ-food-trailer.jpg 720w, https:\/\/www.honlufoodtrailer.com\/wp-content\/uploads\/2022\/03\/Detail-image-BBQ-food-trailer-360x360.jpg 360w, https:\/\/www.honlufoodtrailer.com\/wp-content\/uploads\/2022\/03\/Detail-image-BBQ-food-trailer-300x300.jpg 300w, https:\/\/www.honlufoodtrailer.com\/wp-content\/uploads\/2022\/03\/Detail-image-BBQ-food-trailer-100x100.jpg 100w\" sizes=\"(max-width: 720px) 100vw, 720px\" \/><\/p>\n<p>Pasi t\u00eb konfirmojm\u00eb dimensionet e rimorkios s\u00eb ushqimit dhe pajisjeve t\u00eb brendshme t\u00eb kuzhin\u00ebs, ne mund t&#039;ju ofrojm\u00eb vizatime 3D falas. Kjo do t&#039;ju jap\u00eb nj\u00eb ide m\u00eb t\u00eb qart\u00eb t\u00eb dizajnit tuaj dhe t\u00eb karroc\u00ebs suaj t\u00eb ushqimit. Kur konfirmojm\u00eb vendndodhjen e pajisjeve t\u00eb kuzhin\u00ebs, ne mund t\u00eb komunikojm\u00eb qart\u00eb me ju p\u00ebrmes planit t\u00eb katit. Gjithashtu mund t&#039;ju ofrojm\u00eb dokumente origjinale p\u00ebr t\u00eb leht\u00ebsuar dizajnin tuaj dhe p\u00ebr t\u00eb b\u00ebr\u00eb rregullime.<\/p>\n<\/div>\n<\/div>\n<\/div>","protected":false},"excerpt":{"rendered":"<p>Ky \u00ebsht\u00eb nj\u00eb rimorkio ushqimi p\u00ebr skar\u00eb 5.5M me verand\u00eb, e personalizuar. I gjith\u00eb karroceria \u00ebsht\u00eb e kuqe dhe pjesa e verand\u00ebs n\u00eb pjes\u00ebn e pasme t\u00eb karroceris\u00eb ka nj\u00eb dizajn t\u00eb hapur. Dritarja e sh\u00ebrbimit n\u00eb pjes\u00ebn e p\u00ebrparme t\u00eb karroceris\u00eb ka nj\u00eb dizajn t\u00eb madh dritareje dhe nj\u00eb shenj\u00eb e personalizuar \u00ebsht\u00eb e personalizuar n\u00eb pjes\u00ebn e sip\u00ebrme. T\u00eb gjitha pajisjet brenda karroceris\u00eb jan\u00eb b\u00ebr\u00eb prej \u00e7eliku inox. Ne personalizojm\u00eb nj\u00eb num\u00ebr t\u00eb madh pajisjesh kuzhine p\u00ebr klient\u00ebt, duke p\u00ebrfshir\u00eb soba me gaz, tiganisje t\u00eb thella, nj\u00eb skar\u00eb etj. Ky model rimorkioje ushqimi \u00ebsht\u00eb modeli i preferuar p\u00ebr t\u00eb filluar biznesin e ushqimit p\u00ebr skar\u00eb.<\/p>","protected":false},"featured_media":3399,"template":"","meta":{"_themeisle_gutenberg_block_has_review":false},"product_brand":[],"product_cat":[26],"product_tag":[33,41,38],"class_list":{"0":"post-3398","1":"product","2":"type-product","3":"status-publish","4":"has-post-thumbnail","6":"product_cat-product","7":"product_tag-customized-trailer","8":"product_tag-galvanized-trailer","9":"product_tag-mobile-food-trailer","11":"first","12":"instock","13":"shipping-taxable","14":"product-type-simple"},"yoast_head":"<!-- This site is optimized with the Yoast SEO plugin v27.5 - https:\/\/yoast.com\/product\/yoast-seo-wordpress\/ -->\n<title>BBQ food trailer with porch - Honlu food trailer<\/title>\n<meta name=\"description\" content=\"This customized 5.5M BBQ food trailer adopts the open porch design. All the equipment inside are made of stainless steel. This porch food trailer can do BBQ, pizza oven, outdoor barbecue, etc\" \/>\n<meta name=\"robots\" content=\"index, follow, max-snippet:-1, max-image-preview:large, max-video-preview:-1\" \/>\n<link rel=\"canonical\" href=\"https:\/\/www.honlufoodtrailer.com\/sq\/product\/bbq-food-trailer-with-porch\/\" \/>\n<meta property=\"og:locale\" content=\"sq_AL\" \/>\n<meta property=\"og:type\" content=\"article\" \/>\n<meta property=\"og:title\" content=\"BBQ food trailer with porch - Honlu food trailer\" \/>\n<meta property=\"og:description\" content=\"This customized 5.5M BBQ food trailer adopts the open porch design. All the equipment inside are made of stainless steel. This porch food trailer can do BBQ, pizza oven, outdoor barbecue, etc\" \/>\n<meta property=\"og:url\" content=\"https:\/\/www.honlufoodtrailer.com\/sq\/product\/bbq-food-trailer-with-porch\/\" \/>\n<meta property=\"og:site_name\" content=\"Honlu food trailer\" \/>\n<meta property=\"article:modified_time\" content=\"2024-10-28T10:20:50+00:00\" \/>\n<meta property=\"og:image\" content=\"https:\/\/www.honlufoodtrailer.com\/wp-content\/uploads\/2022\/03\/BBQ-food-trailer-with-porch-1.jpg\" \/>\n\t<meta property=\"og:image:width\" content=\"720\" \/>\n\t<meta property=\"og:image:height\" content=\"540\" \/>\n\t<meta property=\"og:image:type\" content=\"image\/jpeg\" \/>\n<meta name=\"twitter:card\" content=\"summary_large_image\" \/>\n<meta name=\"twitter:label1\" content=\"Est. reading time\" \/>\n\t<meta name=\"twitter:data1\" content=\"3 minuta\" \/>\n<script type=\"application\/ld+json\" class=\"yoast-schema-graph\">{\"@context\":\"https:\\\/\\\/schema.org\",\"@graph\":[{\"@type\":\"WebPage\",\"@id\":\"https:\\\/\\\/www.honlufoodtrailer.com\\\/product\\\/bbq-food-trailer-with-porch\\\/\",\"url\":\"https:\\\/\\\/www.honlufoodtrailer.com\\\/product\\\/bbq-food-trailer-with-porch\\\/\",\"name\":\"BBQ food trailer with porch - Honlu food trailer\",\"isPartOf\":{\"@id\":\"https:\\\/\\\/www.honlufoodtrailer.com\\\/#website\"},\"primaryImageOfPage\":{\"@id\":\"https:\\\/\\\/www.honlufoodtrailer.com\\\/product\\\/bbq-food-trailer-with-porch\\\/#primaryimage\"},\"image\":{\"@id\":\"https:\\\/\\\/www.honlufoodtrailer.com\\\/product\\\/bbq-food-trailer-with-porch\\\/#primaryimage\"},\"thumbnailUrl\":\"https:\\\/\\\/www.honlufoodtrailer.com\\\/wp-content\\\/uploads\\\/2022\\\/03\\\/BBQ-food-trailer-with-porch-1.jpg\",\"datePublished\":\"2022-03-17T09:30:43+00:00\",\"dateModified\":\"2024-10-28T10:20:50+00:00\",\"description\":\"This customized 5.5M BBQ food trailer adopts the open porch design. All the equipment inside are made of stainless steel. This porch food trailer can do BBQ, pizza oven, outdoor barbecue, etc\",\"breadcrumb\":{\"@id\":\"https:\\\/\\\/www.honlufoodtrailer.com\\\/product\\\/bbq-food-trailer-with-porch\\\/#breadcrumb\"},\"inLanguage\":\"sq\",\"potentialAction\":[{\"@type\":\"ReadAction\",\"target\":[\"https:\\\/\\\/www.honlufoodtrailer.com\\\/product\\\/bbq-food-trailer-with-porch\\\/\"]}]},{\"@type\":\"ImageObject\",\"inLanguage\":\"sq\",\"@id\":\"https:\\\/\\\/www.honlufoodtrailer.com\\\/product\\\/bbq-food-trailer-with-porch\\\/#primaryimage\",\"url\":\"https:\\\/\\\/www.honlufoodtrailer.com\\\/wp-content\\\/uploads\\\/2022\\\/03\\\/BBQ-food-trailer-with-porch-1.jpg\",\"contentUrl\":\"https:\\\/\\\/www.honlufoodtrailer.com\\\/wp-content\\\/uploads\\\/2022\\\/03\\\/BBQ-food-trailer-with-porch-1.jpg\",\"width\":720,\"height\":540,\"caption\":\"BBQ food trailer with porch (1)\"},{\"@type\":\"BreadcrumbList\",\"@id\":\"https:\\\/\\\/www.honlufoodtrailer.com\\\/product\\\/bbq-food-trailer-with-porch\\\/#breadcrumb\",\"itemListElement\":[{\"@type\":\"ListItem\",\"position\":1,\"name\":\"Home\",\"item\":\"https:\\\/\\\/www.honlufoodtrailer.com\\\/\"},{\"@type\":\"ListItem\",\"position\":2,\"name\":\"\u4ea7\u54c1\",\"item\":\"https:\\\/\\\/www.honlufoodtrailer.com\\\/shop\\\/\"},{\"@type\":\"ListItem\",\"position\":3,\"name\":\"BBQ food trailer with porch\"}]},{\"@type\":\"WebSite\",\"@id\":\"https:\\\/\\\/www.honlufoodtrailer.com\\\/#website\",\"url\":\"https:\\\/\\\/www.honlufoodtrailer.com\\\/\",\"name\":\"Honlu food trailer\",\"description\":\"\",\"publisher\":{\"@id\":\"https:\\\/\\\/www.honlufoodtrailer.com\\\/#organization\"},\"potentialAction\":[{\"@type\":\"SearchAction\",\"target\":{\"@type\":\"EntryPoint\",\"urlTemplate\":\"https:\\\/\\\/www.honlufoodtrailer.com\\\/?s={search_term_string}\"},\"query-input\":{\"@type\":\"PropertyValueSpecification\",\"valueRequired\":true,\"valueName\":\"search_term_string\"}}],\"inLanguage\":\"sq\"},{\"@type\":\"Organization\",\"@id\":\"https:\\\/\\\/www.honlufoodtrailer.com\\\/#organization\",\"name\":\"Honlu food trailer\",\"url\":\"https:\\\/\\\/www.honlufoodtrailer.com\\\/\",\"logo\":{\"@type\":\"ImageObject\",\"inLanguage\":\"sq\",\"@id\":\"https:\\\/\\\/www.honlufoodtrailer.com\\\/#\\\/schema\\\/logo\\\/image\\\/\",\"url\":\"https:\\\/\\\/www.honlufoodtrailer.com\\\/wp-content\\\/uploads\\\/2021\\\/12\\\/2.gif\",\"contentUrl\":\"https:\\\/\\\/www.honlufoodtrailer.com\\\/wp-content\\\/uploads\\\/2021\\\/12\\\/2.gif\",\"width\":350,\"height\":100,\"caption\":\"Honlu food trailer\"},\"image\":{\"@id\":\"https:\\\/\\\/www.honlufoodtrailer.com\\\/#\\\/schema\\\/logo\\\/image\\\/\"}}]}<\/script>\n<!-- \/ Yoast SEO plugin. -->","yoast_head_json":{"title":"Rimorkio ushqimore p\u00ebr skar\u00eb me verand\u00eb - Rimorkio ushqimore Honlu","description":"Kjo rimorkio ushqimore 5.5M e personalizuar p\u00ebr skar\u00eb p\u00ebrdor dizajnin e verand\u00ebs s\u00eb hapur. T\u00eb gjitha pajisjet brenda jan\u00eb b\u00ebr\u00eb prej \u00e7eliku inox. Kjo rimorkio ushqimore p\u00ebr verand\u00eb mund t\u00eb p\u00ebrdoret p\u00ebr skar\u00eb, furr\u00eb picash, skar\u00eb n\u00eb natyr\u00eb etj.","robots":{"index":"index","follow":"follow","max-snippet":"max-snippet:-1","max-image-preview":"max-image-preview:large","max-video-preview":"max-video-preview:-1"},"canonical":"https:\/\/www.honlufoodtrailer.com\/sq\/product\/bbq-food-trailer-with-porch\/","og_locale":"sq_AL","og_type":"article","og_title":"BBQ food trailer with porch - Honlu food trailer","og_description":"This customized 5.5M BBQ food trailer adopts the open porch design. All the equipment inside are made of stainless steel. This porch food trailer can do BBQ, pizza oven, outdoor barbecue, etc","og_url":"https:\/\/www.honlufoodtrailer.com\/sq\/product\/bbq-food-trailer-with-porch\/","og_site_name":"Honlu food trailer","article_modified_time":"2024-10-28T10:20:50+00:00","og_image":[{"width":720,"height":540,"url":"https:\/\/www.honlufoodtrailer.com\/wp-content\/uploads\/2022\/03\/BBQ-food-trailer-with-porch-1.jpg","type":"image\/jpeg"}],"twitter_card":"summary_large_image","twitter_misc":{"Est. reading time":"3 minuta"},"schema":{"@context":"https:\/\/schema.org","@graph":[{"@type":"WebPage","@id":"https:\/\/www.honlufoodtrailer.com\/product\/bbq-food-trailer-with-porch\/","url":"https:\/\/www.honlufoodtrailer.com\/product\/bbq-food-trailer-with-porch\/","name":"Rimorkio ushqimore p\u00ebr skar\u00eb me verand\u00eb - Rimorkio ushqimore Honlu","isPartOf":{"@id":"https:\/\/www.honlufoodtrailer.com\/#website"},"primaryImageOfPage":{"@id":"https:\/\/www.honlufoodtrailer.com\/product\/bbq-food-trailer-with-porch\/#primaryimage"},"image":{"@id":"https:\/\/www.honlufoodtrailer.com\/product\/bbq-food-trailer-with-porch\/#primaryimage"},"thumbnailUrl":"https:\/\/www.honlufoodtrailer.com\/wp-content\/uploads\/2022\/03\/BBQ-food-trailer-with-porch-1.jpg","datePublished":"2022-03-17T09:30:43+00:00","dateModified":"2024-10-28T10:20:50+00:00","description":"Kjo rimorkio ushqimore 5.5M e personalizuar p\u00ebr skar\u00eb p\u00ebrdor dizajnin e verand\u00ebs s\u00eb hapur. T\u00eb gjitha pajisjet brenda jan\u00eb b\u00ebr\u00eb prej \u00e7eliku inox. Kjo rimorkio ushqimore p\u00ebr verand\u00eb mund t\u00eb p\u00ebrdoret p\u00ebr skar\u00eb, furr\u00eb picash, skar\u00eb n\u00eb natyr\u00eb etj.","breadcrumb":{"@id":"https:\/\/www.honlufoodtrailer.com\/product\/bbq-food-trailer-with-porch\/#breadcrumb"},"inLanguage":"sq","potentialAction":[{"@type":"ReadAction","target":["https:\/\/www.honlufoodtrailer.com\/product\/bbq-food-trailer-with-porch\/"]}]},{"@type":"ImageObject","inLanguage":"sq","@id":"https:\/\/www.honlufoodtrailer.com\/product\/bbq-food-trailer-with-porch\/#primaryimage","url":"https:\/\/www.honlufoodtrailer.com\/wp-content\/uploads\/2022\/03\/BBQ-food-trailer-with-porch-1.jpg","contentUrl":"https:\/\/www.honlufoodtrailer.com\/wp-content\/uploads\/2022\/03\/BBQ-food-trailer-with-porch-1.jpg","width":720,"height":540,"caption":"BBQ food trailer with porch (1)"},{"@type":"BreadcrumbList","@id":"https:\/\/www.honlufoodtrailer.com\/product\/bbq-food-trailer-with-porch\/#breadcrumb","itemListElement":[{"@type":"ListItem","position":1,"name":"Home","item":"https:\/\/www.honlufoodtrailer.com\/"},{"@type":"ListItem","position":2,"name":"\u4ea7\u54c1","item":"https:\/\/www.honlufoodtrailer.com\/shop\/"},{"@type":"ListItem","position":3,"name":"BBQ food trailer with porch"}]},{"@type":"WebSite","@id":"https:\/\/www.honlufoodtrailer.com\/#website","url":"https:\/\/www.honlufoodtrailer.com\/","name":"Rimorkio ushqimore n\u00eb Honlu","description":"","publisher":{"@id":"https:\/\/www.honlufoodtrailer.com\/#organization"},"potentialAction":[{"@type":"SearchAction","target":{"@type":"EntryPoint","urlTemplate":"https:\/\/www.honlufoodtrailer.com\/?s={search_term_string}"},"query-input":{"@type":"PropertyValueSpecification","valueRequired":true,"valueName":"search_term_string"}}],"inLanguage":"sq"},{"@type":"Organization","@id":"https:\/\/www.honlufoodtrailer.com\/#organization","name":"Rimorkio ushqimore n\u00eb Honlu","url":"https:\/\/www.honlufoodtrailer.com\/","logo":{"@type":"ImageObject","inLanguage":"sq","@id":"https:\/\/www.honlufoodtrailer.com\/#\/schema\/logo\/image\/","url":"https:\/\/www.honlufoodtrailer.com\/wp-content\/uploads\/2021\/12\/2.gif","contentUrl":"https:\/\/www.honlufoodtrailer.com\/wp-content\/uploads\/2021\/12\/2.gif","width":350,"height":100,"caption":"Honlu food trailer"},"image":{"@id":"https:\/\/www.honlufoodtrailer.com\/#\/schema\/logo\/image\/"}}]}},"_links":{"self":[{"href":"https:\/\/www.honlufoodtrailer.com\/sq\/wp-json\/wp\/v2\/product\/3398","targetHints":{"allow":["GET"]}}],"collection":[{"href":"https:\/\/www.honlufoodtrailer.com\/sq\/wp-json\/wp\/v2\/product"}],"about":[{"href":"https:\/\/www.honlufoodtrailer.com\/sq\/wp-json\/wp\/v2\/types\/product"}],"version-history":[{"count":0,"href":"https:\/\/www.honlufoodtrailer.com\/sq\/wp-json\/wp\/v2\/product\/3398\/revisions"}],"wp:featuredmedia":[{"embeddable":true,"href":"https:\/\/www.honlufoodtrailer.com\/sq\/wp-json\/wp\/v2\/media\/3399"}],"wp:attachment":[{"href":"https:\/\/www.honlufoodtrailer.com\/sq\/wp-json\/wp\/v2\/media?parent=3398"}],"wp:term":[{"taxonomy":"product_brand","embeddable":true,"href":"https:\/\/www.honlufoodtrailer.com\/sq\/wp-json\/wp\/v2\/product_brand?post=3398"},{"taxonomy":"product_cat","embeddable":true,"href":"https:\/\/www.honlufoodtrailer.com\/sq\/wp-json\/wp\/v2\/product_cat?post=3398"},{"taxonomy":"product_tag","embeddable":true,"href":"https:\/\/www.honlufoodtrailer.com\/sq\/wp-json\/wp\/v2\/product_tag?post=3398"}],"curies":[{"name":"wp","href":"https:\/\/api.w.org\/{rel}","templated":true}]}}