{"id":3486,"date":"2022-03-16T17:12:13","date_gmt":"2022-03-16T09:12:13","guid":{"rendered":"https:\/\/www.honlufoodtrailer.com\/?post_type=product&#038;p=3486"},"modified":"2024-03-22T17:20:36","modified_gmt":"2024-03-22T09:20:36","slug":"customized-5m-black-square-trailer","status":"publish","type":"product","link":"https:\/\/www.honlufoodtrailer.com\/sq\/product\/customized-5m-black-square-trailer\/","title":{"rendered":"Rimorkio katrore e zez\u00eb 5M e personalizuar"},"content":{"rendered":"<p data-spm-anchor-id=\"a2700.wholesale.0.i28.29e52808agqc7f\">Ky \u00ebsht\u00eb nj\u00eb rimorkio standarde katrore p\u00ebr ushqime me ngjyr\u00eb t\u00eb zez\u00eb. I gjith\u00eb automjeti \u00ebsht\u00eb prej \u00e7eliku inox dhe tavoline operative. Mund t\u00eb p\u00ebrdoret p\u00ebr shitjen e \u00e7do gj\u00ebje, nga hot dog-\u00ebt, operacionet me pakic\u00eb, operacionet e luleve, sandui\u00e7\u00ebt, kafeja, akullorja etj. Ne kemi certifikimin CE p\u00ebr t&#039;ju ndihmuar t\u00eb filloni nj\u00eb biznes t\u00eb l\u00ebvizsh\u00ebm.<\/p>\n<figure id=\"attachment_3496\" aria-describedby=\"caption-attachment-3496\" style=\"width: 720px\" class=\"wp-caption aligncenter\"><img fetchpriority=\"high\" decoding=\"async\" class=\"size-full wp-image-3496\" src=\"https:\/\/www.honlufoodtrailer.com\/wp-content\/uploads\/2022\/03\/Customized-5M-black-square-trailer.jpg\" alt=\"Rimorkio katrore e zez\u00eb 5M e personalizuar\" width=\"720\" height=\"540\" srcset=\"https:\/\/www.honlufoodtrailer.com\/wp-content\/uploads\/2022\/03\/Customized-5M-black-square-trailer.jpg 720w, https:\/\/www.honlufoodtrailer.com\/wp-content\/uploads\/2022\/03\/Customized-5M-black-square-trailer-480x360.jpg 480w, https:\/\/www.honlufoodtrailer.com\/wp-content\/uploads\/2022\/03\/Customized-5M-black-square-trailer-300x225.jpg 300w\" sizes=\"(max-width: 720px) 100vw, 720px\" \/><figcaption id=\"caption-attachment-3496\" class=\"wp-caption-text\">Rimorkio katrore e zez\u00eb 5M e personalizuar<\/figcaption><\/figure>\n<p data-spm-anchor-id=\"a2700.wholesale.0.i28.29e52808agqc7f\">Tavolina e pun\u00ebs dhe muri i brendsh\u00ebm brenda karroceris\u00eb s\u00eb makin\u00ebs jan\u00eb t\u00eb gjitha t\u00eb b\u00ebra prej \u00e7eliku inox t\u00eb grad\u00ebs ushqimore. Dhe sipas nevojave t\u00eb klientit, \u00ebsht\u00eb e pajisur me tiganisje t\u00eb thella, tre lavaman\u00eb t\u00eb personalizuar, nj\u00eb shp\u00ebrndar\u00ebs sapuni, soba me gaz, aspirator\u00eb dhe pajisje t\u00eb tjera. Ne do t\u00eb d\u00ebshironim t\u00eb blinim lloje t\u00eb tjera pajisjesh bazuar n\u00eb nevojat e klient\u00ebve.<\/p>\n<figure id=\"attachment_3495\" aria-describedby=\"caption-attachment-3495\" style=\"width: 800px\" class=\"wp-caption aligncenter\"><img decoding=\"async\" class=\"wp-image-3495\" src=\"https:\/\/www.honlufoodtrailer.com\/wp-content\/uploads\/2022\/03\/Inner-structure-Customized-5M-black-square-trailer.jpg\" alt=\"Inner structure-Customized 5M black square trailer\" width=\"800\" height=\"450\" srcset=\"https:\/\/www.honlufoodtrailer.com\/wp-content\/uploads\/2022\/03\/Inner-structure-Customized-5M-black-square-trailer.jpg 1600w, https:\/\/www.honlufoodtrailer.com\/wp-content\/uploads\/2022\/03\/Inner-structure-Customized-5M-black-square-trailer-768x432.jpg 768w, https:\/\/www.honlufoodtrailer.com\/wp-content\/uploads\/2022\/03\/Inner-structure-Customized-5M-black-square-trailer-1536x864.jpg 1536w, https:\/\/www.honlufoodtrailer.com\/wp-content\/uploads\/2022\/03\/Inner-structure-Customized-5M-black-square-trailer-480x270.jpg 480w, https:\/\/www.honlufoodtrailer.com\/wp-content\/uploads\/2022\/03\/Inner-structure-Customized-5M-black-square-trailer-300x169.jpg 300w, https:\/\/www.honlufoodtrailer.com\/wp-content\/uploads\/2022\/03\/Inner-structure-Customized-5M-black-square-trailer-720x405.jpg 720w\" sizes=\"(max-width: 800px) 100vw, 800px\" \/><figcaption id=\"caption-attachment-3495\" class=\"wp-caption-text\">Inner structure-Customized 5M black square trailer<\/figcaption><\/figure>\n<p data-spm-anchor-id=\"a2700.wholesale.0.i28.29e52808agqc7f\">Rimorkiot e ushqimit mund t\u00eb quhen edhe karroca ushqimore, furgon\u00eb ushqimi, kamion\u00eb ushqimi e k\u00ebshtu me radh\u00eb. Mund t\u00eb p\u00ebrdoren p\u00ebr t\u00eb shitur ushqim t\u00eb shpejt\u00eb, ushqime t\u00eb lehta, gazeta, libra e k\u00ebshtu me radh\u00eb. P\u00ebrb\u00ebhet nga shasia, karroceria, dyshemeja, tavolina e pun\u00ebs, sistemi i ujit, sistemi elektrik. P\u00ebrdoruesit gjithashtu mund t\u00eb zgjedhin ngjyr\u00ebn q\u00eb d\u00ebshirojn\u00eb. Ne do t\u00eb d\u00ebshironim t\u00eb blinim lloje t\u00eb tjera pajisjesh n\u00ebse klient\u00ebt d\u00ebshirojn\u00eb.<\/p>\n<p>I gjith\u00eb rimorkioja \u00ebsht\u00eb kompakte dhe e leht\u00eb p\u00ebr t\u2019u p\u00ebrdorur. \u00cbsht\u00eb modeli i preferuar p\u00ebr fillimin e bizneseve t\u00eb ushqimit t\u00eb shpejt\u00eb, porosive t\u00eb blerjeve me shumic\u00eb n\u00eb qendrat tregtare, menaxhimit t\u00eb unifikuar t\u00eb ushqimit t\u00eb shpejt\u00eb n\u00eb rrug\u00eb dhe piknik\u00ebve familjar\u00eb. Mund t\u00eb aplikohet gjithashtu p\u00ebr shitjen e \u00e7do gj\u00ebje, nga hot dog-\u00ebt, operacionet e shitjes me pakic\u00eb, operacionet e luleve, sandui\u00e7\u00ebt, kafeja, akullorja etj. Ne kemi certifikimin CE p\u00ebr t&#039;ju ndihmuar t\u00eb filloni nj\u00eb biznes t\u00eb l\u00ebvizsh\u00ebm.<\/p>\n<p><img decoding=\"async\" class=\"aligncenter wp-image-3493\" src=\"https:\/\/www.honlufoodtrailer.com\/wp-content\/uploads\/2022\/03\/Customized-5M-black-square-trailer-7.jpg\" alt=\"Rimorkio katrore e zez\u00eb 5M e personalizuar\" width=\"800\" height=\"450\" srcset=\"https:\/\/www.honlufoodtrailer.com\/wp-content\/uploads\/2022\/03\/Customized-5M-black-square-trailer-7.jpg 1600w, https:\/\/www.honlufoodtrailer.com\/wp-content\/uploads\/2022\/03\/Customized-5M-black-square-trailer-7-768x432.jpg 768w, https:\/\/www.honlufoodtrailer.com\/wp-content\/uploads\/2022\/03\/Customized-5M-black-square-trailer-7-1536x864.jpg 1536w, https:\/\/www.honlufoodtrailer.com\/wp-content\/uploads\/2022\/03\/Customized-5M-black-square-trailer-7-480x270.jpg 480w, https:\/\/www.honlufoodtrailer.com\/wp-content\/uploads\/2022\/03\/Customized-5M-black-square-trailer-7-300x169.jpg 300w, https:\/\/www.honlufoodtrailer.com\/wp-content\/uploads\/2022\/03\/Customized-5M-black-square-trailer-7-720x405.jpg 720w\" sizes=\"(max-width: 800px) 100vw, 800px\" \/><\/p>\n<h3 class=\"magic-6\" data-spm-anchor-id=\"a2700.wholesale.0.i28.29e52808agqc7f\">Karakteristikat kryesore t\u00eb rimorkios katrore t\u00eb ushqimit<\/h3>\n<div class=\"magic-7\">\n<div class=\"magic-8\">\n<div class=\"magic-9\" data-id=\"paragraph0\">\n<ol>\n<li>Pamja n\u00eb mod\u00eb mund t\u00eb personalizohet;<\/li>\n<li>Karroceri dhe struktur\u00eb e brendshme e rimorkios prej \u00e7eliku inox, rezistenc\u00eb e mir\u00eb ndaj nxeht\u00ebsis\u00eb, rezistenc\u00eb ndaj konsumimit, rezistenc\u00eb ndaj korrozionit;<\/li>\n<li>Pajisje moderne dhe t\u00eb p\u00ebrparuara t\u00eb pajisura n\u00eb rimorkion mobile t\u00eb ushqimit;<\/li>\n<li>\u00cbsht\u00eb rezistent ndaj goditjeve dhe korrozionit, rezistenca ndaj nxeht\u00ebsis\u00eb dhe forca \u00ebsht\u00eb e lart\u00eb, q\u00ebndrueshm\u00ebria e lart\u00eb e ngjyrave, pa deformime, \u00ebsht\u00eb i pap\u00ebrshkuesh\u00ebm nga uji dhe ka jet\u00ebgjat\u00ebsi t\u00eb gjat\u00eb sh\u00ebrbimi;<\/li>\n<li>Jemi t\u00eb lumtur ta modifikojm\u00eb sipas k\u00ebrkes\u00ebs suaj.<\/li>\n<\/ol>\n<h3>Vizatim falas i planit t\u00eb katit 2D\/3D<\/h3>\n<p>Pasi t\u00eb konfirmojm\u00eb dimensionet e rimorkios s\u00eb ushqimit dhe pajisjeve t\u00eb brendshme t\u00eb kuzhin\u00ebs, ne mund t&#039;ju ofrojm\u00eb vizatime 3D falas. Kjo do t&#039;ju jap\u00eb nj\u00eb ide m\u00eb t\u00eb qart\u00eb t\u00eb dizajnit tuaj dhe t\u00eb karroc\u00ebs suaj t\u00eb ushqimit. Kur konfirmojm\u00eb vendndodhjen e pajisjeve t\u00eb kuzhin\u00ebs, ne mund t\u00eb komunikojm\u00eb qart\u00eb me ju p\u00ebrmes planit t\u00eb katit. Gjithashtu mund t&#039;ju ofrojm\u00eb dokumente origjinale p\u00ebr t\u00eb leht\u00ebsuar dizajnin tuaj dhe p\u00ebr t\u00eb b\u00ebr\u00eb rregullime.<\/p>\n<\/div>\n<\/div>\n<\/div>","protected":false},"excerpt":{"rendered":"<p data-spm-anchor-id=\"a2700.wholesale.0.i28.29e52808agqc7f\">Ky \u00ebsht\u00eb nj\u00eb rimorkio ushqimi rrugore 5M e personalizuar. I gjith\u00eb automjeti \u00ebsht\u00eb prej \u00e7eliku inox dhe tavoline operative. Mund t\u00eb p\u00ebrdoret p\u00ebr shitjen e \u00e7do gj\u00ebje, nga hot dog\u00ebt, operacionet e shitjes me pakic\u00eb, operacionet e luleve, sandui\u00e7\u00ebt, kafeja, akullorja etj. Ne kemi certifikimin CE p\u00ebr t&#039;ju ndihmuar t\u00eb filloni nj\u00eb biznes t\u00eb l\u00ebvizsh\u00ebm.<\/p>","protected":false},"featured_media":3496,"template":"","meta":{"_themeisle_gutenberg_block_has_review":false},"product_brand":[],"product_cat":[26],"product_tag":[53,33,41,38,52],"class_list":{"0":"post-3486","1":"product","2":"type-product","3":"status-publish","4":"has-post-thumbnail","6":"product_cat-product","7":"product_tag-customized-sinks","8":"product_tag-customized-trailer","9":"product_tag-galvanized-trailer","10":"product_tag-mobile-food-trailer","11":"product_tag-personalized-billboard","13":"first","14":"instock","15":"shipping-taxable","16":"product-type-simple"},"yoast_head":"<!-- This site is optimized with the Yoast SEO plugin v27.5 - https:\/\/yoast.com\/product\/yoast-seo-wordpress\/ -->\n<title>Customized 5M black square trailer - Honlu food trailer<\/title>\n<meta name=\"description\" content=\"This is a customized 5M grill trailer. The whole vehicle adopts stainless steel body and operating table. Above the dining car, we customized the luminous words to meet customer needs. It can be applied for selling anything from hot dogs, retail operations, flower operations, sandwiches, coffee, ice cream, etc. We have CE certified to help you to start a mobile business.\" \/>\n<meta name=\"robots\" content=\"index, follow, max-snippet:-1, max-image-preview:large, max-video-preview:-1\" \/>\n<link rel=\"canonical\" href=\"https:\/\/www.honlufoodtrailer.com\/sq\/product\/customized-5m-black-square-trailer\/\" \/>\n<meta property=\"og:locale\" content=\"sq_AL\" \/>\n<meta property=\"og:type\" content=\"article\" \/>\n<meta property=\"og:title\" content=\"Customized 5M black square trailer - Honlu food trailer\" \/>\n<meta property=\"og:description\" content=\"This is a customized 5M grill trailer. The whole vehicle adopts stainless steel body and operating table. Above the dining car, we customized the luminous words to meet customer needs. It can be applied for selling anything from hot dogs, retail operations, flower operations, sandwiches, coffee, ice cream, etc. We have CE certified to help you to start a mobile business.\" \/>\n<meta property=\"og:url\" content=\"https:\/\/www.honlufoodtrailer.com\/sq\/product\/customized-5m-black-square-trailer\/\" \/>\n<meta property=\"og:site_name\" content=\"Honlu food trailer\" \/>\n<meta property=\"article:modified_time\" content=\"2024-03-22T09:20:36+00:00\" \/>\n<meta property=\"og:image\" content=\"https:\/\/www.honlufoodtrailer.com\/wp-content\/uploads\/2022\/03\/Customized-5M-black-square-trailer.jpg\" \/>\n\t<meta property=\"og:image:width\" content=\"720\" \/>\n\t<meta property=\"og:image:height\" content=\"540\" \/>\n\t<meta property=\"og:image:type\" content=\"image\/jpeg\" \/>\n<meta name=\"twitter:card\" content=\"summary_large_image\" \/>\n<meta name=\"twitter:label1\" content=\"Est. reading time\" \/>\n\t<meta name=\"twitter:data1\" content=\"2 minuta\" \/>\n<script type=\"application\/ld+json\" class=\"yoast-schema-graph\">{\"@context\":\"https:\\\/\\\/schema.org\",\"@graph\":[{\"@type\":\"WebPage\",\"@id\":\"https:\\\/\\\/www.honlufoodtrailer.com\\\/product\\\/customized-5m-black-square-trailer\\\/\",\"url\":\"https:\\\/\\\/www.honlufoodtrailer.com\\\/product\\\/customized-5m-black-square-trailer\\\/\",\"name\":\"Customized 5M black square trailer - Honlu food trailer\",\"isPartOf\":{\"@id\":\"https:\\\/\\\/www.honlufoodtrailer.com\\\/#website\"},\"primaryImageOfPage\":{\"@id\":\"https:\\\/\\\/www.honlufoodtrailer.com\\\/product\\\/customized-5m-black-square-trailer\\\/#primaryimage\"},\"image\":{\"@id\":\"https:\\\/\\\/www.honlufoodtrailer.com\\\/product\\\/customized-5m-black-square-trailer\\\/#primaryimage\"},\"thumbnailUrl\":\"https:\\\/\\\/www.honlufoodtrailer.com\\\/wp-content\\\/uploads\\\/2022\\\/03\\\/Customized-5M-black-square-trailer.jpg\",\"datePublished\":\"2022-03-16T09:12:13+00:00\",\"dateModified\":\"2024-03-22T09:20:36+00:00\",\"description\":\"This is a customized 5M grill trailer. The whole vehicle adopts stainless steel body and operating table. Above the dining car, we customized the luminous words to meet customer needs. It can be applied for selling anything from hot dogs, retail operations, flower operations, sandwiches, coffee, ice cream, etc. We have CE certified to help you to start a mobile business.\",\"breadcrumb\":{\"@id\":\"https:\\\/\\\/www.honlufoodtrailer.com\\\/product\\\/customized-5m-black-square-trailer\\\/#breadcrumb\"},\"inLanguage\":\"sq\",\"potentialAction\":[{\"@type\":\"ReadAction\",\"target\":[\"https:\\\/\\\/www.honlufoodtrailer.com\\\/product\\\/customized-5m-black-square-trailer\\\/\"]}]},{\"@type\":\"ImageObject\",\"inLanguage\":\"sq\",\"@id\":\"https:\\\/\\\/www.honlufoodtrailer.com\\\/product\\\/customized-5m-black-square-trailer\\\/#primaryimage\",\"url\":\"https:\\\/\\\/www.honlufoodtrailer.com\\\/wp-content\\\/uploads\\\/2022\\\/03\\\/Customized-5M-black-square-trailer.jpg\",\"contentUrl\":\"https:\\\/\\\/www.honlufoodtrailer.com\\\/wp-content\\\/uploads\\\/2022\\\/03\\\/Customized-5M-black-square-trailer.jpg\",\"width\":720,\"height\":540,\"caption\":\"Customized 5M black square trailer\"},{\"@type\":\"BreadcrumbList\",\"@id\":\"https:\\\/\\\/www.honlufoodtrailer.com\\\/product\\\/customized-5m-black-square-trailer\\\/#breadcrumb\",\"itemListElement\":[{\"@type\":\"ListItem\",\"position\":1,\"name\":\"Home\",\"item\":\"https:\\\/\\\/www.honlufoodtrailer.com\\\/\"},{\"@type\":\"ListItem\",\"position\":2,\"name\":\"\u4ea7\u54c1\",\"item\":\"https:\\\/\\\/www.honlufoodtrailer.com\\\/shop\\\/\"},{\"@type\":\"ListItem\",\"position\":3,\"name\":\"Customized 5M black square trailer\"}]},{\"@type\":\"WebSite\",\"@id\":\"https:\\\/\\\/www.honlufoodtrailer.com\\\/#website\",\"url\":\"https:\\\/\\\/www.honlufoodtrailer.com\\\/\",\"name\":\"Honlu food trailer\",\"description\":\"\",\"publisher\":{\"@id\":\"https:\\\/\\\/www.honlufoodtrailer.com\\\/#organization\"},\"potentialAction\":[{\"@type\":\"SearchAction\",\"target\":{\"@type\":\"EntryPoint\",\"urlTemplate\":\"https:\\\/\\\/www.honlufoodtrailer.com\\\/?s={search_term_string}\"},\"query-input\":{\"@type\":\"PropertyValueSpecification\",\"valueRequired\":true,\"valueName\":\"search_term_string\"}}],\"inLanguage\":\"sq\"},{\"@type\":\"Organization\",\"@id\":\"https:\\\/\\\/www.honlufoodtrailer.com\\\/#organization\",\"name\":\"Honlu food trailer\",\"url\":\"https:\\\/\\\/www.honlufoodtrailer.com\\\/\",\"logo\":{\"@type\":\"ImageObject\",\"inLanguage\":\"sq\",\"@id\":\"https:\\\/\\\/www.honlufoodtrailer.com\\\/#\\\/schema\\\/logo\\\/image\\\/\",\"url\":\"https:\\\/\\\/www.honlufoodtrailer.com\\\/wp-content\\\/uploads\\\/2021\\\/12\\\/2.gif\",\"contentUrl\":\"https:\\\/\\\/www.honlufoodtrailer.com\\\/wp-content\\\/uploads\\\/2021\\\/12\\\/2.gif\",\"width\":350,\"height\":100,\"caption\":\"Honlu food trailer\"},\"image\":{\"@id\":\"https:\\\/\\\/www.honlufoodtrailer.com\\\/#\\\/schema\\\/logo\\\/image\\\/\"}}]}<\/script>\n<!-- \/ Yoast SEO plugin. -->","yoast_head_json":{"title":"Customized 5M black square trailer - Honlu food trailer","description":"Ky \u00ebsht\u00eb nj\u00eb rimorkio skare 5M e personalizuar. I gjith\u00eb automjeti \u00ebsht\u00eb prej \u00e7eliku inox dhe tavoline operative. Mbi vagonin e ngr\u00ebnies, ne i kemi personalizuar fjal\u00ebt ndri\u00e7uese p\u00ebr t\u00eb p\u00ebrmbushur nevojat e klient\u00ebve. Mund t\u00eb p\u00ebrdoret p\u00ebr shitjen e \u00e7do gj\u00ebje, nga hot dog\u00ebt, operacionet e shitjes me pakic\u00eb, operacionet e luleve, sandui\u00e7\u00ebt, kafeja, akullorja etj. Ne kemi certifikimin CE p\u00ebr t&#039;ju ndihmuar t\u00eb filloni nj\u00eb biznes t\u00eb l\u00ebvizsh\u00ebm.","robots":{"index":"index","follow":"follow","max-snippet":"max-snippet:-1","max-image-preview":"max-image-preview:large","max-video-preview":"max-video-preview:-1"},"canonical":"https:\/\/www.honlufoodtrailer.com\/sq\/product\/customized-5m-black-square-trailer\/","og_locale":"sq_AL","og_type":"article","og_title":"Customized 5M black square trailer - Honlu food trailer","og_description":"This is a customized 5M grill trailer. The whole vehicle adopts stainless steel body and operating table. Above the dining car, we customized the luminous words to meet customer needs. It can be applied for selling anything from hot dogs, retail operations, flower operations, sandwiches, coffee, ice cream, etc. We have CE certified to help you to start a mobile business.","og_url":"https:\/\/www.honlufoodtrailer.com\/sq\/product\/customized-5m-black-square-trailer\/","og_site_name":"Honlu food trailer","article_modified_time":"2024-03-22T09:20:36+00:00","og_image":[{"width":720,"height":540,"url":"https:\/\/www.honlufoodtrailer.com\/wp-content\/uploads\/2022\/03\/Customized-5M-black-square-trailer.jpg","type":"image\/jpeg"}],"twitter_card":"summary_large_image","twitter_misc":{"Est. reading time":"2 minuta"},"schema":{"@context":"https:\/\/schema.org","@graph":[{"@type":"WebPage","@id":"https:\/\/www.honlufoodtrailer.com\/product\/customized-5m-black-square-trailer\/","url":"https:\/\/www.honlufoodtrailer.com\/product\/customized-5m-black-square-trailer\/","name":"Customized 5M black square trailer - Honlu food trailer","isPartOf":{"@id":"https:\/\/www.honlufoodtrailer.com\/#website"},"primaryImageOfPage":{"@id":"https:\/\/www.honlufoodtrailer.com\/product\/customized-5m-black-square-trailer\/#primaryimage"},"image":{"@id":"https:\/\/www.honlufoodtrailer.com\/product\/customized-5m-black-square-trailer\/#primaryimage"},"thumbnailUrl":"https:\/\/www.honlufoodtrailer.com\/wp-content\/uploads\/2022\/03\/Customized-5M-black-square-trailer.jpg","datePublished":"2022-03-16T09:12:13+00:00","dateModified":"2024-03-22T09:20:36+00:00","description":"Ky \u00ebsht\u00eb nj\u00eb rimorkio skare 5M e personalizuar. I gjith\u00eb automjeti \u00ebsht\u00eb prej \u00e7eliku inox dhe tavoline operative. Mbi vagonin e ngr\u00ebnies, ne i kemi personalizuar fjal\u00ebt ndri\u00e7uese p\u00ebr t\u00eb p\u00ebrmbushur nevojat e klient\u00ebve. Mund t\u00eb p\u00ebrdoret p\u00ebr shitjen e \u00e7do gj\u00ebje, nga hot dog\u00ebt, operacionet e shitjes me pakic\u00eb, operacionet e luleve, sandui\u00e7\u00ebt, kafeja, akullorja etj. Ne kemi certifikimin CE p\u00ebr t&#039;ju ndihmuar t\u00eb filloni nj\u00eb biznes t\u00eb l\u00ebvizsh\u00ebm.","breadcrumb":{"@id":"https:\/\/www.honlufoodtrailer.com\/product\/customized-5m-black-square-trailer\/#breadcrumb"},"inLanguage":"sq","potentialAction":[{"@type":"ReadAction","target":["https:\/\/www.honlufoodtrailer.com\/product\/customized-5m-black-square-trailer\/"]}]},{"@type":"ImageObject","inLanguage":"sq","@id":"https:\/\/www.honlufoodtrailer.com\/product\/customized-5m-black-square-trailer\/#primaryimage","url":"https:\/\/www.honlufoodtrailer.com\/wp-content\/uploads\/2022\/03\/Customized-5M-black-square-trailer.jpg","contentUrl":"https:\/\/www.honlufoodtrailer.com\/wp-content\/uploads\/2022\/03\/Customized-5M-black-square-trailer.jpg","width":720,"height":540,"caption":"Customized 5M black square trailer"},{"@type":"BreadcrumbList","@id":"https:\/\/www.honlufoodtrailer.com\/product\/customized-5m-black-square-trailer\/#breadcrumb","itemListElement":[{"@type":"ListItem","position":1,"name":"Home","item":"https:\/\/www.honlufoodtrailer.com\/"},{"@type":"ListItem","position":2,"name":"\u4ea7\u54c1","item":"https:\/\/www.honlufoodtrailer.com\/shop\/"},{"@type":"ListItem","position":3,"name":"Customized 5M black square trailer"}]},{"@type":"WebSite","@id":"https:\/\/www.honlufoodtrailer.com\/#website","url":"https:\/\/www.honlufoodtrailer.com\/","name":"Rimorkio ushqimore n\u00eb Honlu","description":"","publisher":{"@id":"https:\/\/www.honlufoodtrailer.com\/#organization"},"potentialAction":[{"@type":"SearchAction","target":{"@type":"EntryPoint","urlTemplate":"https:\/\/www.honlufoodtrailer.com\/?s={search_term_string}"},"query-input":{"@type":"PropertyValueSpecification","valueRequired":true,"valueName":"search_term_string"}}],"inLanguage":"sq"},{"@type":"Organization","@id":"https:\/\/www.honlufoodtrailer.com\/#organization","name":"Rimorkio ushqimore n\u00eb Honlu","url":"https:\/\/www.honlufoodtrailer.com\/","logo":{"@type":"ImageObject","inLanguage":"sq","@id":"https:\/\/www.honlufoodtrailer.com\/#\/schema\/logo\/image\/","url":"https:\/\/www.honlufoodtrailer.com\/wp-content\/uploads\/2021\/12\/2.gif","contentUrl":"https:\/\/www.honlufoodtrailer.com\/wp-content\/uploads\/2021\/12\/2.gif","width":350,"height":100,"caption":"Honlu food trailer"},"image":{"@id":"https:\/\/www.honlufoodtrailer.com\/#\/schema\/logo\/image\/"}}]}},"_links":{"self":[{"href":"https:\/\/www.honlufoodtrailer.com\/sq\/wp-json\/wp\/v2\/product\/3486","targetHints":{"allow":["GET"]}}],"collection":[{"href":"https:\/\/www.honlufoodtrailer.com\/sq\/wp-json\/wp\/v2\/product"}],"about":[{"href":"https:\/\/www.honlufoodtrailer.com\/sq\/wp-json\/wp\/v2\/types\/product"}],"version-history":[{"count":0,"href":"https:\/\/www.honlufoodtrailer.com\/sq\/wp-json\/wp\/v2\/product\/3486\/revisions"}],"wp:featuredmedia":[{"embeddable":true,"href":"https:\/\/www.honlufoodtrailer.com\/sq\/wp-json\/wp\/v2\/media\/3496"}],"wp:attachment":[{"href":"https:\/\/www.honlufoodtrailer.com\/sq\/wp-json\/wp\/v2\/media?parent=3486"}],"wp:term":[{"taxonomy":"product_brand","embeddable":true,"href":"https:\/\/www.honlufoodtrailer.com\/sq\/wp-json\/wp\/v2\/product_brand?post=3486"},{"taxonomy":"product_cat","embeddable":true,"href":"https:\/\/www.honlufoodtrailer.com\/sq\/wp-json\/wp\/v2\/product_cat?post=3486"},{"taxonomy":"product_tag","embeddable":true,"href":"https:\/\/www.honlufoodtrailer.com\/sq\/wp-json\/wp\/v2\/product_tag?post=3486"}],"curies":[{"name":"wp","href":"https:\/\/api.w.org\/{rel}","templated":true}]}}