{"id":3502,"date":"2022-03-18T09:19:55","date_gmt":"2022-03-18T01:19:55","guid":{"rendered":"https:\/\/www.honlufoodtrailer.com\/?post_type=product&#038;p=3502"},"modified":"2022-04-02T14:20:16","modified_gmt":"2022-04-02T06:20:16","slug":"customized-5-8m-coffee-trailer","status":"publish","type":"product","link":"https:\/\/www.honlufoodtrailer.com\/sq\/product\/customized-5-8m-coffee-trailer\/","title":{"rendered":"Rimorkio kafeje 5.8M e personalizuar"},"content":{"rendered":"<p data-spm-anchor-id=\"a2700.wholesale.0.i28.29e52808agqc7f\">Ky \u00ebsht\u00eb nj\u00eb rimorkio kafeje 5.8M e personalizuar, karroceria dhe pjesa e brendshme jan\u00eb b\u00ebr\u00eb prej \u00e7eliku inox. Platformat n\u00eb t\u00eb dyja an\u00ebt mund t\u00eb ulen, t\u00eb cilat mund t\u00eb p\u00ebrdoren p\u00ebr t\u00eb vendosur disa tavolina dhe karrige, tabela reklamash, rafte ushqimi etj. P\u00ebr shkak t\u00eb dizajnit t\u00eb saj t\u00eb ve\u00e7ant\u00eb, \u00ebsht\u00eb shum\u00eb i p\u00ebrshtatsh\u00ebm p\u00ebr shitjen e disa ushqimeve si kafe, hamburger\u00eb, hot dog\u00eb, sandui\u00e7e etj. I gjith\u00eb rimorkio \u00ebsht\u00eb kompakte dhe e leht\u00eb p\u00ebr t\u2019u p\u00ebrdorur. \u00cbsht\u00eb modeli i preferuar p\u00ebr fillimin e bizneseve t\u00eb ushqimit t\u00eb shpejt\u00eb.<\/p>\n<h2>Struktura e rimorkios s\u00eb kafes\u00eb<\/h2>\n<p>Sip\u00ebrfaqja e pun\u00ebs, ndarja e magazinimit, lavaman\u00ebt jan\u00eb t\u00eb gjitha prej \u00e7eliku inox. Pjesa e sip\u00ebrme \u00ebsht\u00eb e pajisur me drita atmosferike dhe reflektor\u00eb rr\u00ebshqit\u00ebs, dhe ofron nj\u00eb pamje shum\u00eb t\u00eb bukur nat\u00ebn.<\/p>\n<figure id=\"attachment_4129\" aria-describedby=\"caption-attachment-4129\" style=\"width: 720px\" class=\"wp-caption aligncenter\"><img fetchpriority=\"high\" decoding=\"async\" class=\"size-full wp-image-4129\" src=\"https:\/\/www.honlufoodtrailer.com\/wp-content\/uploads\/2022\/03\/Inner-structure-1.jpg\" alt=\"Struktura e brendshme e rimorkios s\u00eb kafes\u00eb 5.8 m e personalizuar\" width=\"720\" height=\"540\" srcset=\"https:\/\/www.honlufoodtrailer.com\/wp-content\/uploads\/2022\/03\/Inner-structure-1.jpg 720w, https:\/\/www.honlufoodtrailer.com\/wp-content\/uploads\/2022\/03\/Inner-structure-1-480x360.jpg 480w, https:\/\/www.honlufoodtrailer.com\/wp-content\/uploads\/2022\/03\/Inner-structure-1-300x225.jpg 300w\" sizes=\"(max-width: 720px) 100vw, 720px\" \/><figcaption id=\"caption-attachment-4129\" class=\"wp-caption-text\">Struktura e brendshme<\/figcaption><\/figure>\n<p>Karakteristika m\u00eb e madhe e t\u00eb gjith\u00eb rimorkios \u00ebsht\u00eb platforma e ngritshme e biznesit n\u00eb t\u00eb dyja an\u00ebt, e cila mund t\u00eb ket\u00eb p\u00ebrdorime t\u00eb ndryshme p\u00ebr biznese t\u00eb ndryshme. Nuk mund t\u00eb p\u00ebrdoret vet\u00ebm p\u00ebr t\u00eb vendosur disa tavolina dhe karrige p\u00ebr t\u00eb leht\u00ebsuar uljen e klient\u00ebve, por mund t\u00eb p\u00ebrdoret edhe p\u00ebr t\u00eb vendosur disa rafte menush dhe tabela reklamimi p\u00ebr promovimin e biznesit. N\u00eb disa evente, platformat e dyfishta t\u00eb ngritshme mund t&#039;ju ndihmojn\u00eb t\u00eb t\u00ebrheqni m\u00eb shum\u00eb klient\u00eb.<\/p>\n<figure id=\"attachment_4131\" aria-describedby=\"caption-attachment-4131\" style=\"width: 720px\" class=\"wp-caption aligncenter\"><img decoding=\"async\" class=\"size-full wp-image-4131\" src=\"https:\/\/www.honlufoodtrailer.com\/wp-content\/uploads\/2022\/03\/Side-platform-Second-floor.jpg\" alt=\"Platforma an\u00ebsore dhe kati i dyt\u00eb i rimorkios s\u00eb kafes\u00eb t\u00eb personalizuar\" width=\"720\" height=\"540\" srcset=\"https:\/\/www.honlufoodtrailer.com\/wp-content\/uploads\/2022\/03\/Side-platform-Second-floor.jpg 720w, https:\/\/www.honlufoodtrailer.com\/wp-content\/uploads\/2022\/03\/Side-platform-Second-floor-480x360.jpg 480w, https:\/\/www.honlufoodtrailer.com\/wp-content\/uploads\/2022\/03\/Side-platform-Second-floor-300x225.jpg 300w\" sizes=\"(max-width: 720px) 100vw, 720px\" \/><figcaption id=\"caption-attachment-4131\" class=\"wp-caption-text\">Platforma an\u00ebsore dhe kati i dyt\u00eb<\/figcaption><\/figure>\n<p>T\u00eb gjitha pajisjet brenda jan\u00eb b\u00ebr\u00eb prej \u00e7eliku inox, t\u00eb cilin e kemi personalizuar p\u00ebr klient\u00ebt, duke p\u00ebrfshir\u00eb kat\u00ebr lavaman\u00eb, sob\u00ebn me gaz, tiganin, dollapin p\u00ebr ruajtjen e nxeht\u00ebsis\u00eb, aspiratorin etj.<\/p>\n<figure id=\"attachment_4130\" aria-describedby=\"caption-attachment-4130\" style=\"width: 720px\" class=\"wp-caption aligncenter\"><img decoding=\"async\" class=\"size-full wp-image-4130\" src=\"https:\/\/www.honlufoodtrailer.com\/wp-content\/uploads\/2022\/03\/Kutchen-equipmentRange-hood.jpg\" alt=\"Pajisjet e kuzhin\u00ebs dhe aspiratori i rimorkios s\u00eb ciffie 5.8M t\u00eb personalizuar\" width=\"720\" height=\"540\" srcset=\"https:\/\/www.honlufoodtrailer.com\/wp-content\/uploads\/2022\/03\/Kutchen-equipmentRange-hood.jpg 720w, https:\/\/www.honlufoodtrailer.com\/wp-content\/uploads\/2022\/03\/Kutchen-equipmentRange-hood-480x360.jpg 480w, https:\/\/www.honlufoodtrailer.com\/wp-content\/uploads\/2022\/03\/Kutchen-equipmentRange-hood-300x225.jpg 300w\" sizes=\"(max-width: 720px) 100vw, 720px\" \/><figcaption id=\"caption-attachment-4130\" class=\"wp-caption-text\">Pajisje kuzhine dhe aspirator<\/figcaption><\/figure>\n<h3 class=\"elementor-image-box-title\"><\/h3>\n<div class=\"magic-7\">\n<div class=\"magic-8\">\n<div class=\"magic-9\" data-id=\"paragraph0\">\n<h2>Karakteristikat kryesore t\u00eb rimorkios s\u00eb kafes\u00eb<\/h2>\n<h3 class=\"elementor-image-box-title\">1. Pamje e bukur nat\u00ebn<\/h3>\n<p class=\"elementor-image-box-description\">Drita e t\u00eb gjith\u00eb atmosfer\u00ebs s\u00eb automjetit e b\u00ebn rimorkion tuaj yllin m\u00eb t\u00ebrheq\u00ebs edhe nat\u00ebn.<\/p>\n<h3 class=\"elementor-image-box-title\">2. Instalim i leht\u00eb<\/h3>\n<p class=\"elementor-image-box-description\">T\u00eb pajisur me nj\u00eb set t\u00eb plot\u00eb videosh instalimi, teknik\u00ebt ofrojn\u00eb udh\u00ebzime individuale n\u00eb distanc\u00eb p\u00ebr t&#039;ju ndihmuar t\u00eb filloni biznesin tuaj menj\u00ebher\u00eb.<\/p>\n<h3 class=\"elementor-image-box-title\">3. Sh\u00ebrbim i personalizuar<\/h3>\n<p class=\"elementor-image-box-description\">I gjith\u00eb rimorkioja, duke p\u00ebrfshir\u00eb pamjen, stilin, aksesor\u00ebt, pajisjet ndihm\u00ebse, mund t\u00eb personalizohet. Ju lejon t\u00eb keni vagonin tuaj ekskluziv t\u00eb restorantit.<\/p>\n<h2>Vizatim falas i planit t\u00eb katit 2D\/3D<\/h2>\n<p>Pasi t\u00eb konfirmojm\u00eb dimensionet e rimorkios s\u00eb ushqimit dhe pajisjeve t\u00eb brendshme t\u00eb kuzhin\u00ebs, ne mund t&#039;ju ofrojm\u00eb vizatime 3D falas. Kjo do t&#039;ju jap\u00eb nj\u00eb ide m\u00eb t\u00eb qart\u00eb t\u00eb dizajnit tuaj dhe t\u00eb karroc\u00ebs suaj t\u00eb ushqimit. Kur konfirmojm\u00eb vendndodhjen e pajisjeve t\u00eb kuzhin\u00ebs, ne mund t\u00eb komunikojm\u00eb qart\u00eb me ju p\u00ebrmes planit t\u00eb katit. Gjithashtu mund t&#039;ju ofrojm\u00eb dokumente origjinale p\u00ebr t\u00eb leht\u00ebsuar dizajnin tuaj dhe p\u00ebr t\u00eb b\u00ebr\u00eb rregullime.<\/p>\n<\/div>\n<\/div>\n<\/div>","protected":false},"excerpt":{"rendered":"<p data-spm-anchor-id=\"a2700.wholesale.0.i28.29e52808agqc7f\">Ky \u00ebsht\u00eb nj\u00eb rimorkio kafeje 5.8M e personalizuar, karroceria dhe pjesa e brendshme jan\u00eb b\u00ebr\u00eb prej \u00e7eliku inox. Platformat n\u00eb t\u00eb dyja an\u00ebt mund t\u00eb ulen, t\u00eb cilat mund t\u00eb p\u00ebrdoren p\u00ebr t\u00eb vendosur disa tavolina dhe karrige, tabela reklamash, rafte ushqimi etj. P\u00ebr shkak t\u00eb dizajnit t\u00eb saj t\u00eb ve\u00e7ant\u00eb, \u00ebsht\u00eb shum\u00eb i p\u00ebrshtatsh\u00ebm p\u00ebr shitjen e disa ushqimeve si kafe, hamburger\u00eb, hot dog\u00eb, sandui\u00e7e etj. I gjith\u00eb rimorkio \u00ebsht\u00eb kompakte dhe e leht\u00eb p\u00ebr t\u2019u p\u00ebrdorur. \u00cbsht\u00eb modeli i preferuar p\u00ebr fillimin e bizneseve t\u00eb ushqimit t\u00eb shpejt\u00eb.<\/p>","protected":false},"featured_media":3503,"template":"","meta":{"_themeisle_gutenberg_block_has_review":false},"product_brand":[],"product_cat":[26],"product_tag":[33,45,38,51,50],"class_list":{"0":"post-3502","1":"product","2":"type-product","3":"status-publish","4":"has-post-thumbnail","6":"product_cat-product","7":"product_tag-customized-trailer","8":"product_tag-large-food-trailer","9":"product_tag-mobile-food-trailer","10":"product_tag-square-food-trailer","11":"product_tag-standard-configuration","13":"first","14":"instock","15":"shipping-taxable","16":"product-type-simple"},"yoast_head":"<!-- This site is optimized with the Yoast SEO plugin v27.5 - https:\/\/yoast.com\/product\/yoast-seo-wordpress\/ -->\n<title>Customized 5.8M coffee trailer - Honlu food trailer<\/title>\n<meta name=\"description\" content=\"This is a customized 5.8M coffee trailer, the body and interior are made of stainless steel. The platforms on both sides can be lowered, which can be used to place some tables and chairs, publicity boards, food racks, etc. Due to its special design, it is very suitable for selling some food such as coffee, burgers, hot dogs, sandwiches, etc.\u00a0 The whole trailer is compact and easy to use. It is the preferred model for starting fast-food businesses.\" \/>\n<meta name=\"robots\" content=\"index, follow, max-snippet:-1, max-image-preview:large, max-video-preview:-1\" \/>\n<link rel=\"canonical\" href=\"https:\/\/www.honlufoodtrailer.com\/sq\/product\/customized-5-8m-coffee-trailer\/\" \/>\n<meta property=\"og:locale\" content=\"sq_AL\" \/>\n<meta property=\"og:type\" content=\"article\" \/>\n<meta property=\"og:title\" content=\"Customized 5.8M coffee trailer - Honlu food trailer\" \/>\n<meta property=\"og:description\" content=\"This is a customized 5.8M coffee trailer, the body and interior are made of stainless steel. The platforms on both sides can be lowered, which can be used to place some tables and chairs, publicity boards, food racks, etc. Due to its special design, it is very suitable for selling some food such as coffee, burgers, hot dogs, sandwiches, etc.\u00a0 The whole trailer is compact and easy to use. It is the preferred model for starting fast-food businesses.\" \/>\n<meta property=\"og:url\" content=\"https:\/\/www.honlufoodtrailer.com\/sq\/product\/customized-5-8m-coffee-trailer\/\" \/>\n<meta property=\"og:site_name\" content=\"Honlu food trailer\" \/>\n<meta property=\"article:modified_time\" content=\"2022-04-02T06:20:16+00:00\" \/>\n<meta property=\"og:image\" content=\"https:\/\/www.honlufoodtrailer.com\/wp-content\/uploads\/2022\/03\/Customized-5.8M-coffee-trailer-1.jpg\" \/>\n\t<meta property=\"og:image:width\" content=\"720\" \/>\n\t<meta property=\"og:image:height\" content=\"540\" \/>\n\t<meta property=\"og:image:type\" content=\"image\/jpeg\" \/>\n<meta name=\"twitter:card\" content=\"summary_large_image\" \/>\n<meta name=\"twitter:label1\" content=\"Est. reading time\" \/>\n\t<meta name=\"twitter:data1\" content=\"3 minuta\" \/>\n<script type=\"application\/ld+json\" class=\"yoast-schema-graph\">{\"@context\":\"https:\\\/\\\/schema.org\",\"@graph\":[{\"@type\":\"WebPage\",\"@id\":\"https:\\\/\\\/www.honlufoodtrailer.com\\\/product\\\/customized-5-8m-coffee-trailer\\\/\",\"url\":\"https:\\\/\\\/www.honlufoodtrailer.com\\\/product\\\/customized-5-8m-coffee-trailer\\\/\",\"name\":\"Customized 5.8M coffee trailer - Honlu food trailer\",\"isPartOf\":{\"@id\":\"https:\\\/\\\/www.honlufoodtrailer.com\\\/#website\"},\"primaryImageOfPage\":{\"@id\":\"https:\\\/\\\/www.honlufoodtrailer.com\\\/product\\\/customized-5-8m-coffee-trailer\\\/#primaryimage\"},\"image\":{\"@id\":\"https:\\\/\\\/www.honlufoodtrailer.com\\\/product\\\/customized-5-8m-coffee-trailer\\\/#primaryimage\"},\"thumbnailUrl\":\"https:\\\/\\\/www.honlufoodtrailer.com\\\/wp-content\\\/uploads\\\/2022\\\/03\\\/Customized-5.8M-coffee-trailer-1.jpg\",\"datePublished\":\"2022-03-18T01:19:55+00:00\",\"dateModified\":\"2022-04-02T06:20:16+00:00\",\"description\":\"This is a customized 5.8M coffee trailer, the body and interior are made of stainless steel. The platforms on both sides can be lowered, which can be used to place some tables and chairs, publicity boards, food racks, etc. Due to its special design, it is very suitable for selling some food such as coffee, burgers, hot dogs, sandwiches, etc.\u00a0 The whole trailer is compact and easy to use. It is the preferred model for starting fast-food businesses.\",\"breadcrumb\":{\"@id\":\"https:\\\/\\\/www.honlufoodtrailer.com\\\/product\\\/customized-5-8m-coffee-trailer\\\/#breadcrumb\"},\"inLanguage\":\"sq\",\"potentialAction\":[{\"@type\":\"ReadAction\",\"target\":[\"https:\\\/\\\/www.honlufoodtrailer.com\\\/product\\\/customized-5-8m-coffee-trailer\\\/\"]}]},{\"@type\":\"ImageObject\",\"inLanguage\":\"sq\",\"@id\":\"https:\\\/\\\/www.honlufoodtrailer.com\\\/product\\\/customized-5-8m-coffee-trailer\\\/#primaryimage\",\"url\":\"https:\\\/\\\/www.honlufoodtrailer.com\\\/wp-content\\\/uploads\\\/2022\\\/03\\\/Customized-5.8M-coffee-trailer-1.jpg\",\"contentUrl\":\"https:\\\/\\\/www.honlufoodtrailer.com\\\/wp-content\\\/uploads\\\/2022\\\/03\\\/Customized-5.8M-coffee-trailer-1.jpg\",\"width\":720,\"height\":540,\"caption\":\"Customized 5.8M coffee trailer (1)\"},{\"@type\":\"BreadcrumbList\",\"@id\":\"https:\\\/\\\/www.honlufoodtrailer.com\\\/product\\\/customized-5-8m-coffee-trailer\\\/#breadcrumb\",\"itemListElement\":[{\"@type\":\"ListItem\",\"position\":1,\"name\":\"Home\",\"item\":\"https:\\\/\\\/www.honlufoodtrailer.com\\\/\"},{\"@type\":\"ListItem\",\"position\":2,\"name\":\"\u4ea7\u54c1\",\"item\":\"https:\\\/\\\/www.honlufoodtrailer.com\\\/shop\\\/\"},{\"@type\":\"ListItem\",\"position\":3,\"name\":\"Customized 5.8M coffee trailer\"}]},{\"@type\":\"WebSite\",\"@id\":\"https:\\\/\\\/www.honlufoodtrailer.com\\\/#website\",\"url\":\"https:\\\/\\\/www.honlufoodtrailer.com\\\/\",\"name\":\"Honlu food trailer\",\"description\":\"\",\"publisher\":{\"@id\":\"https:\\\/\\\/www.honlufoodtrailer.com\\\/#organization\"},\"potentialAction\":[{\"@type\":\"SearchAction\",\"target\":{\"@type\":\"EntryPoint\",\"urlTemplate\":\"https:\\\/\\\/www.honlufoodtrailer.com\\\/?s={search_term_string}\"},\"query-input\":{\"@type\":\"PropertyValueSpecification\",\"valueRequired\":true,\"valueName\":\"search_term_string\"}}],\"inLanguage\":\"sq\"},{\"@type\":\"Organization\",\"@id\":\"https:\\\/\\\/www.honlufoodtrailer.com\\\/#organization\",\"name\":\"Honlu food trailer\",\"url\":\"https:\\\/\\\/www.honlufoodtrailer.com\\\/\",\"logo\":{\"@type\":\"ImageObject\",\"inLanguage\":\"sq\",\"@id\":\"https:\\\/\\\/www.honlufoodtrailer.com\\\/#\\\/schema\\\/logo\\\/image\\\/\",\"url\":\"https:\\\/\\\/www.honlufoodtrailer.com\\\/wp-content\\\/uploads\\\/2021\\\/12\\\/2.gif\",\"contentUrl\":\"https:\\\/\\\/www.honlufoodtrailer.com\\\/wp-content\\\/uploads\\\/2021\\\/12\\\/2.gif\",\"width\":350,\"height\":100,\"caption\":\"Honlu food trailer\"},\"image\":{\"@id\":\"https:\\\/\\\/www.honlufoodtrailer.com\\\/#\\\/schema\\\/logo\\\/image\\\/\"}}]}<\/script>\n<!-- \/ Yoast SEO plugin. -->","yoast_head_json":{"title":"Rimorkio kafeje 5.8M e personalizuar - Rimorkio ushqimore Honlu","description":"Ky \u00ebsht\u00eb nj\u00eb rimorkio kafeje 5.8M e personalizuar, karroceria dhe pjesa e brendshme jan\u00eb b\u00ebr\u00eb prej \u00e7eliku inox. Platformat n\u00eb t\u00eb dyja an\u00ebt mund t\u00eb ulen, t\u00eb cilat mund t\u00eb p\u00ebrdoren p\u00ebr t\u00eb vendosur disa tavolina dhe karrige, tabela reklamash, rafte ushqimi etj. P\u00ebr shkak t\u00eb dizajnit t\u00eb saj t\u00eb ve\u00e7ant\u00eb, \u00ebsht\u00eb shum\u00eb i p\u00ebrshtatsh\u00ebm p\u00ebr shitjen e disa ushqimeve si kafe, hamburger\u00eb, hot dog\u00eb, sandui\u00e7e etj. I gjith\u00eb rimorkio \u00ebsht\u00eb kompakte dhe e leht\u00eb p\u00ebr t\u2019u p\u00ebrdorur. \u00cbsht\u00eb modeli i preferuar p\u00ebr fillimin e bizneseve t\u00eb ushqimit t\u00eb shpejt\u00eb.","robots":{"index":"index","follow":"follow","max-snippet":"max-snippet:-1","max-image-preview":"max-image-preview:large","max-video-preview":"max-video-preview:-1"},"canonical":"https:\/\/www.honlufoodtrailer.com\/sq\/product\/customized-5-8m-coffee-trailer\/","og_locale":"sq_AL","og_type":"article","og_title":"Customized 5.8M coffee trailer - Honlu food trailer","og_description":"This is a customized 5.8M coffee trailer, the body and interior are made of stainless steel. The platforms on both sides can be lowered, which can be used to place some tables and chairs, publicity boards, food racks, etc. Due to its special design, it is very suitable for selling some food such as coffee, burgers, hot dogs, sandwiches, etc.\u00a0 The whole trailer is compact and easy to use. It is the preferred model for starting fast-food businesses.","og_url":"https:\/\/www.honlufoodtrailer.com\/sq\/product\/customized-5-8m-coffee-trailer\/","og_site_name":"Honlu food trailer","article_modified_time":"2022-04-02T06:20:16+00:00","og_image":[{"width":720,"height":540,"url":"https:\/\/www.honlufoodtrailer.com\/wp-content\/uploads\/2022\/03\/Customized-5.8M-coffee-trailer-1.jpg","type":"image\/jpeg"}],"twitter_card":"summary_large_image","twitter_misc":{"Est. reading time":"3 minuta"},"schema":{"@context":"https:\/\/schema.org","@graph":[{"@type":"WebPage","@id":"https:\/\/www.honlufoodtrailer.com\/product\/customized-5-8m-coffee-trailer\/","url":"https:\/\/www.honlufoodtrailer.com\/product\/customized-5-8m-coffee-trailer\/","name":"Rimorkio kafeje 5.8M e personalizuar - Rimorkio ushqimore Honlu","isPartOf":{"@id":"https:\/\/www.honlufoodtrailer.com\/#website"},"primaryImageOfPage":{"@id":"https:\/\/www.honlufoodtrailer.com\/product\/customized-5-8m-coffee-trailer\/#primaryimage"},"image":{"@id":"https:\/\/www.honlufoodtrailer.com\/product\/customized-5-8m-coffee-trailer\/#primaryimage"},"thumbnailUrl":"https:\/\/www.honlufoodtrailer.com\/wp-content\/uploads\/2022\/03\/Customized-5.8M-coffee-trailer-1.jpg","datePublished":"2022-03-18T01:19:55+00:00","dateModified":"2022-04-02T06:20:16+00:00","description":"Ky \u00ebsht\u00eb nj\u00eb rimorkio kafeje 5.8M e personalizuar, karroceria dhe pjesa e brendshme jan\u00eb b\u00ebr\u00eb prej \u00e7eliku inox. Platformat n\u00eb t\u00eb dyja an\u00ebt mund t\u00eb ulen, t\u00eb cilat mund t\u00eb p\u00ebrdoren p\u00ebr t\u00eb vendosur disa tavolina dhe karrige, tabela reklamash, rafte ushqimi etj. P\u00ebr shkak t\u00eb dizajnit t\u00eb saj t\u00eb ve\u00e7ant\u00eb, \u00ebsht\u00eb shum\u00eb i p\u00ebrshtatsh\u00ebm p\u00ebr shitjen e disa ushqimeve si kafe, hamburger\u00eb, hot dog\u00eb, sandui\u00e7e etj. I gjith\u00eb rimorkio \u00ebsht\u00eb kompakte dhe e leht\u00eb p\u00ebr t\u2019u p\u00ebrdorur. \u00cbsht\u00eb modeli i preferuar p\u00ebr fillimin e bizneseve t\u00eb ushqimit t\u00eb shpejt\u00eb.","breadcrumb":{"@id":"https:\/\/www.honlufoodtrailer.com\/product\/customized-5-8m-coffee-trailer\/#breadcrumb"},"inLanguage":"sq","potentialAction":[{"@type":"ReadAction","target":["https:\/\/www.honlufoodtrailer.com\/product\/customized-5-8m-coffee-trailer\/"]}]},{"@type":"ImageObject","inLanguage":"sq","@id":"https:\/\/www.honlufoodtrailer.com\/product\/customized-5-8m-coffee-trailer\/#primaryimage","url":"https:\/\/www.honlufoodtrailer.com\/wp-content\/uploads\/2022\/03\/Customized-5.8M-coffee-trailer-1.jpg","contentUrl":"https:\/\/www.honlufoodtrailer.com\/wp-content\/uploads\/2022\/03\/Customized-5.8M-coffee-trailer-1.jpg","width":720,"height":540,"caption":"Customized 5.8M coffee trailer (1)"},{"@type":"BreadcrumbList","@id":"https:\/\/www.honlufoodtrailer.com\/product\/customized-5-8m-coffee-trailer\/#breadcrumb","itemListElement":[{"@type":"ListItem","position":1,"name":"Home","item":"https:\/\/www.honlufoodtrailer.com\/"},{"@type":"ListItem","position":2,"name":"\u4ea7\u54c1","item":"https:\/\/www.honlufoodtrailer.com\/shop\/"},{"@type":"ListItem","position":3,"name":"Customized 5.8M coffee trailer"}]},{"@type":"WebSite","@id":"https:\/\/www.honlufoodtrailer.com\/#website","url":"https:\/\/www.honlufoodtrailer.com\/","name":"Rimorkio ushqimore n\u00eb Honlu","description":"","publisher":{"@id":"https:\/\/www.honlufoodtrailer.com\/#organization"},"potentialAction":[{"@type":"SearchAction","target":{"@type":"EntryPoint","urlTemplate":"https:\/\/www.honlufoodtrailer.com\/?s={search_term_string}"},"query-input":{"@type":"PropertyValueSpecification","valueRequired":true,"valueName":"search_term_string"}}],"inLanguage":"sq"},{"@type":"Organization","@id":"https:\/\/www.honlufoodtrailer.com\/#organization","name":"Rimorkio ushqimore n\u00eb Honlu","url":"https:\/\/www.honlufoodtrailer.com\/","logo":{"@type":"ImageObject","inLanguage":"sq","@id":"https:\/\/www.honlufoodtrailer.com\/#\/schema\/logo\/image\/","url":"https:\/\/www.honlufoodtrailer.com\/wp-content\/uploads\/2021\/12\/2.gif","contentUrl":"https:\/\/www.honlufoodtrailer.com\/wp-content\/uploads\/2021\/12\/2.gif","width":350,"height":100,"caption":"Honlu food trailer"},"image":{"@id":"https:\/\/www.honlufoodtrailer.com\/#\/schema\/logo\/image\/"}}]}},"_links":{"self":[{"href":"https:\/\/www.honlufoodtrailer.com\/sq\/wp-json\/wp\/v2\/product\/3502","targetHints":{"allow":["GET"]}}],"collection":[{"href":"https:\/\/www.honlufoodtrailer.com\/sq\/wp-json\/wp\/v2\/product"}],"about":[{"href":"https:\/\/www.honlufoodtrailer.com\/sq\/wp-json\/wp\/v2\/types\/product"}],"version-history":[{"count":0,"href":"https:\/\/www.honlufoodtrailer.com\/sq\/wp-json\/wp\/v2\/product\/3502\/revisions"}],"wp:featuredmedia":[{"embeddable":true,"href":"https:\/\/www.honlufoodtrailer.com\/sq\/wp-json\/wp\/v2\/media\/3503"}],"wp:attachment":[{"href":"https:\/\/www.honlufoodtrailer.com\/sq\/wp-json\/wp\/v2\/media?parent=3502"}],"wp:term":[{"taxonomy":"product_brand","embeddable":true,"href":"https:\/\/www.honlufoodtrailer.com\/sq\/wp-json\/wp\/v2\/product_brand?post=3502"},{"taxonomy":"product_cat","embeddable":true,"href":"https:\/\/www.honlufoodtrailer.com\/sq\/wp-json\/wp\/v2\/product_cat?post=3502"},{"taxonomy":"product_tag","embeddable":true,"href":"https:\/\/www.honlufoodtrailer.com\/sq\/wp-json\/wp\/v2\/product_tag?post=3502"}],"curies":[{"name":"wp","href":"https:\/\/api.w.org\/{rel}","templated":true}]}}