{"id":3775,"date":"2022-03-24T10:16:17","date_gmt":"2022-03-24T02:16:17","guid":{"rendered":"https:\/\/www.honlufoodtrailer.com\/?post_type=product&#038;p=3775"},"modified":"2023-12-17T15:15:21","modified_gmt":"2023-12-17T07:15:21","slug":"customized-8m-stainless-steel-food-trailer","status":"publish","type":"product","link":"https:\/\/www.honlufoodtrailer.com\/sq\/product\/customized-8m-stainless-steel-food-trailer\/","title":{"rendered":"Rimorkio ushqimore e personalizuar prej \u00e7eliku inox 8M"},"content":{"rendered":"<figure id=\"attachment_3785\" aria-describedby=\"caption-attachment-3785\" style=\"width: 1600px\" class=\"wp-caption alignnone\"><img fetchpriority=\"high\" decoding=\"async\" class=\"size-full wp-image-3785\" src=\"https:\/\/www.honlufoodtrailer.com\/wp-content\/uploads\/2022\/03\/Stainless-Steel-Body.jpg\" alt=\"Trupi prej \u00e7eliku inox\" width=\"1600\" height=\"900\" srcset=\"https:\/\/www.honlufoodtrailer.com\/wp-content\/uploads\/2022\/03\/Stainless-Steel-Body.jpg 1600w, https:\/\/www.honlufoodtrailer.com\/wp-content\/uploads\/2022\/03\/Stainless-Steel-Body-768x432.jpg 768w, https:\/\/www.honlufoodtrailer.com\/wp-content\/uploads\/2022\/03\/Stainless-Steel-Body-1536x864.jpg 1536w, https:\/\/www.honlufoodtrailer.com\/wp-content\/uploads\/2022\/03\/Stainless-Steel-Body-480x270.jpg 480w, https:\/\/www.honlufoodtrailer.com\/wp-content\/uploads\/2022\/03\/Stainless-Steel-Body-300x169.jpg 300w, https:\/\/www.honlufoodtrailer.com\/wp-content\/uploads\/2022\/03\/Stainless-Steel-Body-720x405.jpg 720w\" sizes=\"(max-width: 1600px) 100vw, 1600px\" \/><figcaption id=\"caption-attachment-3785\" class=\"wp-caption-text\">Trupi prej \u00e7eliku inox<\/figcaption><\/figure>\n<p>Kjo \u00ebsht\u00eb rimorkioja jon\u00eb e personalizuar p\u00ebr ushqime prej \u00e7eliku inox, e gjith\u00eb karroceria dhe pajisjet e brendshme jan\u00eb b\u00ebr\u00eb prej \u00e7eliku inox. Sipas nevojave t\u00eb klientit, ne personalizuam tabel\u00ebn e sip\u00ebrme n\u00eb tre an\u00ebt, pajisjet e kuzhin\u00ebs dhe pranuam nj\u00eb dizajn t\u00eb ndrysh\u00ebm t\u00eb der\u00ebs s\u00eb pasme nga rimorkiot e tjera t\u00eb ushqimit. Dritarja e p\u00ebrparme e sh\u00ebrbimit \u00ebsht\u00eb projektuar me dy dritare rr\u00ebshqit\u00ebse t\u00eb ndara dhe \u00ebsht\u00eb e pajisur me nj\u00eb tend\u00eb mbrojt\u00ebse nga dielli sip\u00ebr. Gjat\u00eb prodhimit t\u00eb k\u00ebsaj rimorkioje, klienti propozoi shum\u00eb ide t\u00eb ve\u00e7anta dizajni dhe ne t\u00eb gjith\u00ebve u ofruam vizatime grafike dhe i zbatuam ato nj\u00eb nga nj\u00eb.<\/p>\n<figure id=\"attachment_3790\" aria-describedby=\"caption-attachment-3790\" style=\"width: 720px\" class=\"wp-caption aligncenter\"><img decoding=\"async\" class=\"size-full wp-image-3790\" src=\"https:\/\/www.honlufoodtrailer.com\/wp-content\/uploads\/2022\/03\/Customized-back-door.jpg\" alt=\"Der\u00eb e pasme e personalizuar\" width=\"720\" height=\"540\" srcset=\"https:\/\/www.honlufoodtrailer.com\/wp-content\/uploads\/2022\/03\/Customized-back-door.jpg 720w, https:\/\/www.honlufoodtrailer.com\/wp-content\/uploads\/2022\/03\/Customized-back-door-480x360.jpg 480w, https:\/\/www.honlufoodtrailer.com\/wp-content\/uploads\/2022\/03\/Customized-back-door-300x225.jpg 300w\" sizes=\"(max-width: 720px) 100vw, 720px\" \/><figcaption id=\"caption-attachment-3790\" class=\"wp-caption-text\">Der\u00eb e pasme e personalizuar<\/figcaption><\/figure>\n<p data-spm-anchor-id=\"a2700.wholesale.0.i28.29e52808agqc7f\">Pjesa e jashtme e karroceris\u00eb \u00ebsht\u00eb b\u00ebr\u00eb prej \u00e7eliku inox. Karroceria me pasqyr\u00eb prej \u00e7eliku inox mund ta zgjas\u00eb n\u00eb m\u00ebnyr\u00eb efektive jet\u00ebgjat\u00ebsin\u00eb e rimorkios. Tre tabela reklamash jan\u00eb personalizuar n\u00eb pjes\u00ebn e jashtme t\u00eb karroceris\u00eb, dhe llamba q\u00eb l\u00ebshojn\u00eb drit\u00eb jan\u00eb shtuar gjithashtu rreth karroceris\u00eb.<\/p>\n<figure id=\"attachment_3786\" aria-describedby=\"caption-attachment-3786\" style=\"width: 720px\" class=\"wp-caption aligncenter\"><img decoding=\"async\" class=\"size-full wp-image-3786\" src=\"https:\/\/www.honlufoodtrailer.com\/wp-content\/uploads\/2022\/03\/Top-billboard-in-three-sides.jpg\" alt=\"Billboard i sip\u00ebrm n\u00eb tre an\u00ebt\" width=\"720\" height=\"540\" srcset=\"https:\/\/www.honlufoodtrailer.com\/wp-content\/uploads\/2022\/03\/Top-billboard-in-three-sides.jpg 720w, https:\/\/www.honlufoodtrailer.com\/wp-content\/uploads\/2022\/03\/Top-billboard-in-three-sides-480x360.jpg 480w, https:\/\/www.honlufoodtrailer.com\/wp-content\/uploads\/2022\/03\/Top-billboard-in-three-sides-300x225.jpg 300w\" sizes=\"(max-width: 720px) 100vw, 720px\" \/><figcaption id=\"caption-attachment-3786\" class=\"wp-caption-text\">Billboard i sip\u00ebrm n\u00eb tre an\u00ebt<\/figcaption><\/figure>\n<p data-spm-anchor-id=\"a2700.wholesale.0.i28.29e52808agqc7f\">I gjith\u00eb automjeti \u00ebsht\u00eb tet\u00eb metra i gjat\u00eb, k\u00ebshtu q\u00eb shum\u00eb pajisje kuzhine jan\u00eb p\u00ebrshtatur brenda, duke p\u00ebrfshir\u00eb soba me gaz, tiganisje t\u00eb thella, skar\u00eb p\u00ebr barbeque etj. Pajisjet e brendshme t\u00eb karroceris\u00eb jan\u00eb b\u00ebr\u00eb prej \u00e7eliku inox.<\/p>\n<figure id=\"attachment_3788\" aria-describedby=\"caption-attachment-3788\" style=\"width: 1600px\" class=\"wp-caption aligncenter\"><img loading=\"lazy\" decoding=\"async\" class=\"size-full wp-image-3788\" src=\"https:\/\/www.honlufoodtrailer.com\/wp-content\/uploads\/2022\/03\/Overall-stainless-steel.jpg\" alt=\"\u00c7elik inox i p\u00ebrgjithsh\u00ebm\" width=\"1600\" height=\"900\" srcset=\"https:\/\/www.honlufoodtrailer.com\/wp-content\/uploads\/2022\/03\/Overall-stainless-steel.jpg 1600w, https:\/\/www.honlufoodtrailer.com\/wp-content\/uploads\/2022\/03\/Overall-stainless-steel-768x432.jpg 768w, https:\/\/www.honlufoodtrailer.com\/wp-content\/uploads\/2022\/03\/Overall-stainless-steel-1536x864.jpg 1536w, https:\/\/www.honlufoodtrailer.com\/wp-content\/uploads\/2022\/03\/Overall-stainless-steel-480x270.jpg 480w, https:\/\/www.honlufoodtrailer.com\/wp-content\/uploads\/2022\/03\/Overall-stainless-steel-300x169.jpg 300w, https:\/\/www.honlufoodtrailer.com\/wp-content\/uploads\/2022\/03\/Overall-stainless-steel-720x405.jpg 720w\" sizes=\"(max-width: 1600px) 100vw, 1600px\" \/><figcaption id=\"caption-attachment-3788\" class=\"wp-caption-text\">\u00c7elik inox i p\u00ebrgjithsh\u00ebm<\/figcaption><\/figure>\n<p data-spm-anchor-id=\"a2700.wholesale.0.i28.29e52808agqc7f\">Bazuar n\u00eb k\u00ebto pajisje kuzhine, ne kemi p\u00ebrshtatur pajisje aspirator\u00ebsh me fuqi t\u00eb lart\u00eb p\u00ebr klient\u00ebt p\u00ebr t\u00eb siguruar nj\u00eb mjedis t\u00eb mir\u00eb n\u00eb makin\u00eb.<\/p>\n<figure id=\"attachment_3787\" aria-describedby=\"caption-attachment-3787\" style=\"width: 720px\" class=\"wp-caption aligncenter\"><img loading=\"lazy\" decoding=\"async\" class=\"size-full wp-image-3787\" src=\"https:\/\/www.honlufoodtrailer.com\/wp-content\/uploads\/2022\/03\/Kitchen-Equipment-High-Power-Range-Hoods.jpg\" alt=\"Pajisje Kuzhine dhe Aspirator\u00eb Sob\u00eb me Fuqi t\u00eb Lart\u00eb\" width=\"720\" height=\"540\" srcset=\"https:\/\/www.honlufoodtrailer.com\/wp-content\/uploads\/2022\/03\/Kitchen-Equipment-High-Power-Range-Hoods.jpg 720w, https:\/\/www.honlufoodtrailer.com\/wp-content\/uploads\/2022\/03\/Kitchen-Equipment-High-Power-Range-Hoods-480x360.jpg 480w, https:\/\/www.honlufoodtrailer.com\/wp-content\/uploads\/2022\/03\/Kitchen-Equipment-High-Power-Range-Hoods-300x225.jpg 300w\" sizes=\"(max-width: 720px) 100vw, 720px\" \/><figcaption id=\"caption-attachment-3787\" class=\"wp-caption-text\">Pajisje Kuzhine dhe Aspirator\u00eb Sob\u00eb me Fuqi t\u00eb Lart\u00eb<\/figcaption><\/figure>\n<p data-spm-anchor-id=\"a2700.wholesale.0.i28.29e52808agqc7f\">Brenda karroceris\u00eb s\u00eb makin\u00ebs instalohen dy ndri\u00e7ues t\u00eb ndrysh\u00ebm ambiental\u00eb sipas k\u00ebrkesave t\u00eb klientit, dhe me llambat q\u00eb l\u00ebshojn\u00eb drit\u00eb jasht\u00eb karroceris\u00eb s\u00eb makin\u00ebs, rimorkioja mund t\u00eb ket\u00eb nj\u00eb pamje shum\u00eb t\u00eb bukur edhe nat\u00ebn.<\/p>\n<figure id=\"attachment_3789\" aria-describedby=\"caption-attachment-3789\" style=\"width: 720px\" class=\"wp-caption aligncenter\"><img loading=\"lazy\" decoding=\"async\" class=\"size-full wp-image-3789\" src=\"https:\/\/www.honlufoodtrailer.com\/wp-content\/uploads\/2022\/03\/Two-mood-lights.jpg\" alt=\"Dy drita humori\" width=\"720\" height=\"540\" srcset=\"https:\/\/www.honlufoodtrailer.com\/wp-content\/uploads\/2022\/03\/Two-mood-lights.jpg 720w, https:\/\/www.honlufoodtrailer.com\/wp-content\/uploads\/2022\/03\/Two-mood-lights-480x360.jpg 480w, https:\/\/www.honlufoodtrailer.com\/wp-content\/uploads\/2022\/03\/Two-mood-lights-300x225.jpg 300w\" sizes=\"(max-width: 720px) 100vw, 720px\" \/><figcaption id=\"caption-attachment-3789\" class=\"wp-caption-text\">Dy drita humori<\/figcaption><\/figure>\n<p>I gjith\u00eb rimorkioja \u00ebsht\u00eb kompakte dhe e leht\u00eb p\u00ebr t\u2019u p\u00ebrdorur. \u00cbsht\u00eb modeli i preferuar p\u00ebr fillimin e bizneseve t\u00eb ushqimit t\u00eb shpejt\u00eb, porosive t\u00eb blerjeve me shumic\u00eb n\u00eb qendrat tregtare, menaxhimit t\u00eb unifikuar t\u00eb ushqimit t\u00eb shpejt\u00eb n\u00eb rrug\u00eb dhe piknik\u00ebve familjar\u00eb. Mund t\u00eb aplikohet gjithashtu p\u00ebr shitjen e \u00e7do gj\u00ebje, nga hot dog-\u00ebt, operacionet e shitjes me pakic\u00eb, operacionet e luleve, sandui\u00e7\u00ebt, kafeja, akullorja etj. Ne kemi certifikimin CE p\u00ebr t&#039;ju ndihmuar t\u00eb filloni nj\u00eb biznes t\u00eb l\u00ebvizsh\u00ebm.<\/p>\n<h3 class=\"magic-6\" data-spm-anchor-id=\"a2700.wholesale.0.i28.29e52808agqc7f\">Karakteristikat kryesore t\u00eb rimorkios s\u00eb ushqimit prej \u00e7eliku inox<\/h3>\n<div class=\"magic-7\">\n<div class=\"magic-8\">\n<div class=\"magic-9\" data-id=\"paragraph0\">\n<ol>\n<li>Karroceria super e gjat\u00eb e makin\u00ebs ka nj\u00eb hap\u00ebsir\u00eb t\u00eb brendshme m\u00eb t\u00eb madhe dhe mund t\u00eb akomodoj\u00eb m\u00eb shum\u00eb pajisje p\u00ebr t\u00eb p\u00ebrmbushur nevojat e ndryshme t\u00eb klient\u00ebve;<\/li>\n<li>Karroceri dhe struktur\u00eb e brendshme e rimorkios prej \u00e7eliku inox, karroceri m\u00eb e leht\u00eb dhe jet\u00ebgjat\u00ebsi m\u00eb e madhe sh\u00ebrbimi;<\/li>\n<li>Rezistent ndaj zjarrit, rezistent ndaj nxeht\u00ebsis\u00eb dhe rezistent ndaj korrozionit.<\/li>\n<li>Pajisje moderne dhe t\u00eb p\u00ebrparuara t\u00eb pajisura n\u00eb rimorkion mobile t\u00eb ushqimit;<\/li>\n<li>I p\u00ebrshtatsh\u00ebm dhe i leht\u00eb p\u00ebr t\u2019u l\u00ebvizur;<\/li>\n<li>Jemi t\u00eb lumtur ta modifikojm\u00eb sipas k\u00ebrkes\u00ebs suaj.<\/li>\n<\/ol>\n<h3>Vizatim falas i planit t\u00eb katit 2D\/3D<\/h3>\n<p>Pasi t\u00eb konfirmojm\u00eb dimensionet e rimorkios s\u00eb ushqimit dhe pajisjeve t\u00eb brendshme t\u00eb kuzhin\u00ebs, ne mund t&#039;ju ofrojm\u00eb vizatime 3D falas. Kjo do t&#039;ju jap\u00eb nj\u00eb ide m\u00eb t\u00eb qart\u00eb t\u00eb dizajnit tuaj dhe t\u00eb karroc\u00ebs suaj t\u00eb ushqimit. Kur konfirmojm\u00eb vendndodhjen e pajisjeve t\u00eb kuzhin\u00ebs, ne mund t\u00eb komunikojm\u00eb qart\u00eb me ju p\u00ebrmes planit t\u00eb katit. Gjithashtu mund t&#039;ju ofrojm\u00eb dokumente origjinale p\u00ebr t\u00eb leht\u00ebsuar dizajnin tuaj dhe p\u00ebr t\u00eb b\u00ebr\u00eb rregullime.<\/p>\n<\/div>\n<\/div>\n<\/div>","protected":false},"excerpt":{"rendered":"<p>Ky \u00ebsht\u00eb rimorkio ushqimore prej \u00e7eliku inox e personalizuar, e gjith\u00eb karroceria dhe pajisjet e brendshme jan\u00eb b\u00ebr\u00eb prej \u00e7eliku inox. Sipas nevojave t\u00eb klientit, ne personalizuam tabel\u00ebn e sip\u00ebrme n\u00eb tre an\u00ebt, pajisjet e kuzhin\u00ebs dhe pranuam nj\u00eb dizajn t\u00eb ndrysh\u00ebm t\u00eb der\u00ebs s\u00eb pasme nga rimorkiot e tjera t\u00eb ushqimit. Gjat\u00eb prodhimit t\u00eb k\u00ebsaj rimorkioje, klienti propozoi shum\u00eb ide t\u00eb ve\u00e7anta dizajni dhe ne i ofruam t\u00eb gjith\u00ebve vizatime grafike dhe i zbatuam ato nj\u00eb nga nj\u00eb.<\/p>","protected":false},"featured_media":3776,"template":"","meta":{"_themeisle_gutenberg_block_has_review":false},"product_brand":[],"product_cat":[26],"product_tag":[33,41,45,38],"class_list":{"0":"post-3775","1":"product","2":"type-product","3":"status-publish","4":"has-post-thumbnail","6":"product_cat-product","7":"product_tag-customized-trailer","8":"product_tag-galvanized-trailer","9":"product_tag-large-food-trailer","10":"product_tag-mobile-food-trailer","12":"first","13":"instock","14":"downloadable","15":"shipping-taxable","16":"product-type-simple"},"yoast_head":"<!-- This site is optimized with the Yoast SEO plugin v27.5 - https:\/\/yoast.com\/product\/yoast-seo-wordpress\/ -->\n<title>Customized 8M stainless steel food trailer - Honlu food trailer<\/title>\n<meta name=\"description\" content=\"This is our customized stainless steel food trailer, the whole body and interior equipment are made of stainless steel. According to customer needs, we customized the top billboard on three sides, kitchen equipment, and adopted a different back door design from other food trailers. During the production of this trailer, the customer proposed many special design ideas, and we all provided them with graphic design drawings and implemented them one by one.\" \/>\n<meta name=\"robots\" content=\"index, follow, max-snippet:-1, max-image-preview:large, max-video-preview:-1\" \/>\n<link rel=\"canonical\" href=\"https:\/\/www.honlufoodtrailer.com\/sq\/product\/customized-8m-stainless-steel-food-trailer\/\" \/>\n<meta property=\"og:locale\" content=\"sq_AL\" \/>\n<meta property=\"og:type\" content=\"article\" \/>\n<meta property=\"og:title\" content=\"Customized 8M stainless steel food trailer - Honlu food trailer\" \/>\n<meta property=\"og:description\" content=\"This is our customized stainless steel food trailer, the whole body and interior equipment are made of stainless steel. According to customer needs, we customized the top billboard on three sides, kitchen equipment, and adopted a different back door design from other food trailers. During the production of this trailer, the customer proposed many special design ideas, and we all provided them with graphic design drawings and implemented them one by one.\" \/>\n<meta property=\"og:url\" content=\"https:\/\/www.honlufoodtrailer.com\/sq\/product\/customized-8m-stainless-steel-food-trailer\/\" \/>\n<meta property=\"og:site_name\" content=\"Honlu food trailer\" \/>\n<meta property=\"article:modified_time\" content=\"2023-12-17T07:15:21+00:00\" \/>\n<meta property=\"og:image\" content=\"https:\/\/www.honlufoodtrailer.com\/wp-content\/uploads\/2022\/03\/Customized-8M-stainless-steel-food-trailer-1.jpg\" \/>\n\t<meta property=\"og:image:width\" content=\"720\" \/>\n\t<meta property=\"og:image:height\" content=\"540\" \/>\n\t<meta property=\"og:image:type\" content=\"image\/jpeg\" \/>\n<meta name=\"twitter:card\" content=\"summary_large_image\" \/>\n<meta name=\"twitter:label1\" content=\"Est. reading time\" \/>\n\t<meta name=\"twitter:data1\" content=\"4 minuta\" \/>\n<script type=\"application\/ld+json\" class=\"yoast-schema-graph\">{\"@context\":\"https:\\\/\\\/schema.org\",\"@graph\":[{\"@type\":\"WebPage\",\"@id\":\"https:\\\/\\\/www.honlufoodtrailer.com\\\/product\\\/customized-8m-stainless-steel-food-trailer\\\/\",\"url\":\"https:\\\/\\\/www.honlufoodtrailer.com\\\/product\\\/customized-8m-stainless-steel-food-trailer\\\/\",\"name\":\"Customized 8M stainless steel food trailer - Honlu food trailer\",\"isPartOf\":{\"@id\":\"https:\\\/\\\/www.honlufoodtrailer.com\\\/#website\"},\"primaryImageOfPage\":{\"@id\":\"https:\\\/\\\/www.honlufoodtrailer.com\\\/product\\\/customized-8m-stainless-steel-food-trailer\\\/#primaryimage\"},\"image\":{\"@id\":\"https:\\\/\\\/www.honlufoodtrailer.com\\\/product\\\/customized-8m-stainless-steel-food-trailer\\\/#primaryimage\"},\"thumbnailUrl\":\"https:\\\/\\\/www.honlufoodtrailer.com\\\/wp-content\\\/uploads\\\/2022\\\/03\\\/Customized-8M-stainless-steel-food-trailer-1.jpg\",\"datePublished\":\"2022-03-24T02:16:17+00:00\",\"dateModified\":\"2023-12-17T07:15:21+00:00\",\"description\":\"This is our customized stainless steel food trailer, the whole body and interior equipment are made of stainless steel. According to customer needs, we customized the top billboard on three sides, kitchen equipment, and adopted a different back door design from other food trailers. During the production of this trailer, the customer proposed many special design ideas, and we all provided them with graphic design drawings and implemented them one by one.\",\"breadcrumb\":{\"@id\":\"https:\\\/\\\/www.honlufoodtrailer.com\\\/product\\\/customized-8m-stainless-steel-food-trailer\\\/#breadcrumb\"},\"inLanguage\":\"sq\",\"potentialAction\":[{\"@type\":\"ReadAction\",\"target\":[\"https:\\\/\\\/www.honlufoodtrailer.com\\\/product\\\/customized-8m-stainless-steel-food-trailer\\\/\"]}]},{\"@type\":\"ImageObject\",\"inLanguage\":\"sq\",\"@id\":\"https:\\\/\\\/www.honlufoodtrailer.com\\\/product\\\/customized-8m-stainless-steel-food-trailer\\\/#primaryimage\",\"url\":\"https:\\\/\\\/www.honlufoodtrailer.com\\\/wp-content\\\/uploads\\\/2022\\\/03\\\/Customized-8M-stainless-steel-food-trailer-1.jpg\",\"contentUrl\":\"https:\\\/\\\/www.honlufoodtrailer.com\\\/wp-content\\\/uploads\\\/2022\\\/03\\\/Customized-8M-stainless-steel-food-trailer-1.jpg\",\"width\":720,\"height\":540,\"caption\":\"Customized 8M stainless steel food trailer (1)\"},{\"@type\":\"BreadcrumbList\",\"@id\":\"https:\\\/\\\/www.honlufoodtrailer.com\\\/product\\\/customized-8m-stainless-steel-food-trailer\\\/#breadcrumb\",\"itemListElement\":[{\"@type\":\"ListItem\",\"position\":1,\"name\":\"Home\",\"item\":\"https:\\\/\\\/www.honlufoodtrailer.com\\\/\"},{\"@type\":\"ListItem\",\"position\":2,\"name\":\"\u4ea7\u54c1\",\"item\":\"https:\\\/\\\/www.honlufoodtrailer.com\\\/shop\\\/\"},{\"@type\":\"ListItem\",\"position\":3,\"name\":\"Customized 8M stainless steel food trailer\"}]},{\"@type\":\"WebSite\",\"@id\":\"https:\\\/\\\/www.honlufoodtrailer.com\\\/#website\",\"url\":\"https:\\\/\\\/www.honlufoodtrailer.com\\\/\",\"name\":\"Honlu food trailer\",\"description\":\"\",\"publisher\":{\"@id\":\"https:\\\/\\\/www.honlufoodtrailer.com\\\/#organization\"},\"potentialAction\":[{\"@type\":\"SearchAction\",\"target\":{\"@type\":\"EntryPoint\",\"urlTemplate\":\"https:\\\/\\\/www.honlufoodtrailer.com\\\/?s={search_term_string}\"},\"query-input\":{\"@type\":\"PropertyValueSpecification\",\"valueRequired\":true,\"valueName\":\"search_term_string\"}}],\"inLanguage\":\"sq\"},{\"@type\":\"Organization\",\"@id\":\"https:\\\/\\\/www.honlufoodtrailer.com\\\/#organization\",\"name\":\"Honlu food trailer\",\"url\":\"https:\\\/\\\/www.honlufoodtrailer.com\\\/\",\"logo\":{\"@type\":\"ImageObject\",\"inLanguage\":\"sq\",\"@id\":\"https:\\\/\\\/www.honlufoodtrailer.com\\\/#\\\/schema\\\/logo\\\/image\\\/\",\"url\":\"https:\\\/\\\/www.honlufoodtrailer.com\\\/wp-content\\\/uploads\\\/2021\\\/12\\\/2.gif\",\"contentUrl\":\"https:\\\/\\\/www.honlufoodtrailer.com\\\/wp-content\\\/uploads\\\/2021\\\/12\\\/2.gif\",\"width\":350,\"height\":100,\"caption\":\"Honlu food trailer\"},\"image\":{\"@id\":\"https:\\\/\\\/www.honlufoodtrailer.com\\\/#\\\/schema\\\/logo\\\/image\\\/\"}}]}<\/script>\n<!-- \/ Yoast SEO plugin. -->","yoast_head_json":{"title":"Rimorkio ushqimore prej \u00e7eliku inox 8M e personalizuar - Rimorkio ushqimore Honlu","description":"Ky \u00ebsht\u00eb rimorkio ushqimore prej \u00e7eliku inox e personalizuar, e gjith\u00eb karroceria dhe pajisjet e brendshme jan\u00eb b\u00ebr\u00eb prej \u00e7eliku inox. Sipas nevojave t\u00eb klientit, ne personalizuam tabel\u00ebn e sip\u00ebrme n\u00eb tre an\u00ebt, pajisjet e kuzhin\u00ebs dhe pranuam nj\u00eb dizajn t\u00eb ndrysh\u00ebm t\u00eb der\u00ebs s\u00eb pasme nga rimorkiot e tjera t\u00eb ushqimit. Gjat\u00eb prodhimit t\u00eb k\u00ebsaj rimorkioje, klienti propozoi shum\u00eb ide t\u00eb ve\u00e7anta dizajni dhe ne i ofruam t\u00eb gjith\u00ebve vizatime grafike dhe i zbatuam ato nj\u00eb nga nj\u00eb.","robots":{"index":"index","follow":"follow","max-snippet":"max-snippet:-1","max-image-preview":"max-image-preview:large","max-video-preview":"max-video-preview:-1"},"canonical":"https:\/\/www.honlufoodtrailer.com\/sq\/product\/customized-8m-stainless-steel-food-trailer\/","og_locale":"sq_AL","og_type":"article","og_title":"Customized 8M stainless steel food trailer - Honlu food trailer","og_description":"This is our customized stainless steel food trailer, the whole body and interior equipment are made of stainless steel. According to customer needs, we customized the top billboard on three sides, kitchen equipment, and adopted a different back door design from other food trailers. During the production of this trailer, the customer proposed many special design ideas, and we all provided them with graphic design drawings and implemented them one by one.","og_url":"https:\/\/www.honlufoodtrailer.com\/sq\/product\/customized-8m-stainless-steel-food-trailer\/","og_site_name":"Honlu food trailer","article_modified_time":"2023-12-17T07:15:21+00:00","og_image":[{"width":720,"height":540,"url":"https:\/\/www.honlufoodtrailer.com\/wp-content\/uploads\/2022\/03\/Customized-8M-stainless-steel-food-trailer-1.jpg","type":"image\/jpeg"}],"twitter_card":"summary_large_image","twitter_misc":{"Est. reading time":"4 minuta"},"schema":{"@context":"https:\/\/schema.org","@graph":[{"@type":"WebPage","@id":"https:\/\/www.honlufoodtrailer.com\/product\/customized-8m-stainless-steel-food-trailer\/","url":"https:\/\/www.honlufoodtrailer.com\/product\/customized-8m-stainless-steel-food-trailer\/","name":"Rimorkio ushqimore prej \u00e7eliku inox 8M e personalizuar - Rimorkio ushqimore Honlu","isPartOf":{"@id":"https:\/\/www.honlufoodtrailer.com\/#website"},"primaryImageOfPage":{"@id":"https:\/\/www.honlufoodtrailer.com\/product\/customized-8m-stainless-steel-food-trailer\/#primaryimage"},"image":{"@id":"https:\/\/www.honlufoodtrailer.com\/product\/customized-8m-stainless-steel-food-trailer\/#primaryimage"},"thumbnailUrl":"https:\/\/www.honlufoodtrailer.com\/wp-content\/uploads\/2022\/03\/Customized-8M-stainless-steel-food-trailer-1.jpg","datePublished":"2022-03-24T02:16:17+00:00","dateModified":"2023-12-17T07:15:21+00:00","description":"Ky \u00ebsht\u00eb rimorkio ushqimore prej \u00e7eliku inox e personalizuar, e gjith\u00eb karroceria dhe pajisjet e brendshme jan\u00eb b\u00ebr\u00eb prej \u00e7eliku inox. Sipas nevojave t\u00eb klientit, ne personalizuam tabel\u00ebn e sip\u00ebrme n\u00eb tre an\u00ebt, pajisjet e kuzhin\u00ebs dhe pranuam nj\u00eb dizajn t\u00eb ndrysh\u00ebm t\u00eb der\u00ebs s\u00eb pasme nga rimorkiot e tjera t\u00eb ushqimit. Gjat\u00eb prodhimit t\u00eb k\u00ebsaj rimorkioje, klienti propozoi shum\u00eb ide t\u00eb ve\u00e7anta dizajni dhe ne i ofruam t\u00eb gjith\u00ebve vizatime grafike dhe i zbatuam ato nj\u00eb nga nj\u00eb.","breadcrumb":{"@id":"https:\/\/www.honlufoodtrailer.com\/product\/customized-8m-stainless-steel-food-trailer\/#breadcrumb"},"inLanguage":"sq","potentialAction":[{"@type":"ReadAction","target":["https:\/\/www.honlufoodtrailer.com\/product\/customized-8m-stainless-steel-food-trailer\/"]}]},{"@type":"ImageObject","inLanguage":"sq","@id":"https:\/\/www.honlufoodtrailer.com\/product\/customized-8m-stainless-steel-food-trailer\/#primaryimage","url":"https:\/\/www.honlufoodtrailer.com\/wp-content\/uploads\/2022\/03\/Customized-8M-stainless-steel-food-trailer-1.jpg","contentUrl":"https:\/\/www.honlufoodtrailer.com\/wp-content\/uploads\/2022\/03\/Customized-8M-stainless-steel-food-trailer-1.jpg","width":720,"height":540,"caption":"Customized 8M stainless steel food trailer (1)"},{"@type":"BreadcrumbList","@id":"https:\/\/www.honlufoodtrailer.com\/product\/customized-8m-stainless-steel-food-trailer\/#breadcrumb","itemListElement":[{"@type":"ListItem","position":1,"name":"Home","item":"https:\/\/www.honlufoodtrailer.com\/"},{"@type":"ListItem","position":2,"name":"\u4ea7\u54c1","item":"https:\/\/www.honlufoodtrailer.com\/shop\/"},{"@type":"ListItem","position":3,"name":"Customized 8M stainless steel food trailer"}]},{"@type":"WebSite","@id":"https:\/\/www.honlufoodtrailer.com\/#website","url":"https:\/\/www.honlufoodtrailer.com\/","name":"Rimorkio ushqimore n\u00eb Honlu","description":"","publisher":{"@id":"https:\/\/www.honlufoodtrailer.com\/#organization"},"potentialAction":[{"@type":"SearchAction","target":{"@type":"EntryPoint","urlTemplate":"https:\/\/www.honlufoodtrailer.com\/?s={search_term_string}"},"query-input":{"@type":"PropertyValueSpecification","valueRequired":true,"valueName":"search_term_string"}}],"inLanguage":"sq"},{"@type":"Organization","@id":"https:\/\/www.honlufoodtrailer.com\/#organization","name":"Rimorkio ushqimore n\u00eb Honlu","url":"https:\/\/www.honlufoodtrailer.com\/","logo":{"@type":"ImageObject","inLanguage":"sq","@id":"https:\/\/www.honlufoodtrailer.com\/#\/schema\/logo\/image\/","url":"https:\/\/www.honlufoodtrailer.com\/wp-content\/uploads\/2021\/12\/2.gif","contentUrl":"https:\/\/www.honlufoodtrailer.com\/wp-content\/uploads\/2021\/12\/2.gif","width":350,"height":100,"caption":"Honlu food trailer"},"image":{"@id":"https:\/\/www.honlufoodtrailer.com\/#\/schema\/logo\/image\/"}}]}},"_links":{"self":[{"href":"https:\/\/www.honlufoodtrailer.com\/sq\/wp-json\/wp\/v2\/product\/3775","targetHints":{"allow":["GET"]}}],"collection":[{"href":"https:\/\/www.honlufoodtrailer.com\/sq\/wp-json\/wp\/v2\/product"}],"about":[{"href":"https:\/\/www.honlufoodtrailer.com\/sq\/wp-json\/wp\/v2\/types\/product"}],"version-history":[{"count":0,"href":"https:\/\/www.honlufoodtrailer.com\/sq\/wp-json\/wp\/v2\/product\/3775\/revisions"}],"wp:featuredmedia":[{"embeddable":true,"href":"https:\/\/www.honlufoodtrailer.com\/sq\/wp-json\/wp\/v2\/media\/3776"}],"wp:attachment":[{"href":"https:\/\/www.honlufoodtrailer.com\/sq\/wp-json\/wp\/v2\/media?parent=3775"}],"wp:term":[{"taxonomy":"product_brand","embeddable":true,"href":"https:\/\/www.honlufoodtrailer.com\/sq\/wp-json\/wp\/v2\/product_brand?post=3775"},{"taxonomy":"product_cat","embeddable":true,"href":"https:\/\/www.honlufoodtrailer.com\/sq\/wp-json\/wp\/v2\/product_cat?post=3775"},{"taxonomy":"product_tag","embeddable":true,"href":"https:\/\/www.honlufoodtrailer.com\/sq\/wp-json\/wp\/v2\/product_tag?post=3775"}],"curies":[{"name":"wp","href":"https:\/\/api.w.org\/{rel}","templated":true}]}}