{"id":3911,"date":"2022-03-26T15:50:00","date_gmt":"2022-03-26T07:50:00","guid":{"rendered":"https:\/\/www.honlufoodtrailer.com\/?post_type=product&#038;p=3911"},"modified":"2024-10-28T17:44:15","modified_gmt":"2024-10-28T09:44:15","slug":"rimorkio-ushqimore-katrore-me-ngjitese-te-plote-4m-e-personalizuar-6","status":"publish","type":"product","link":"https:\/\/www.honlufoodtrailer.com\/sq\/product\/customized-4m-full-body-sticker-square-food-trailer\/","title":{"rendered":"Rimorkio ushqimore katrore me ngjit\u00ebse t\u00eb plot\u00eb 4M t\u00eb personalizuar"},"content":{"rendered":"<p data-spm-anchor-id=\"a2700.wholesale.0.i28.29e52808agqc7f\">Kjo \u00ebsht\u00eb rimorkioja jon\u00eb katrore p\u00ebr ushqime 4M e prodhuar me porosi. I gjith\u00eb automjeti \u00ebsht\u00eb prej \u00e7eliku inox dhe tavoline operative. Ka ngjit\u00ebse p\u00ebr t\u00eb gjith\u00eb trupin dhe dizajnin e der\u00ebs s\u00eb pasme. Sipas nevojave t\u00eb klientit, ne e personalizojm\u00eb frigoriferin e jasht\u00ebm n\u00eb pjes\u00ebn e p\u00ebrparme t\u00eb rimorkios s\u00eb ushqimit. Mund t\u00eb p\u00ebrdoret p\u00ebr shitjen e \u00e7do gj\u00ebje, nga hot dog\u00ebt, operacionet me pakic\u00eb, operacionet e luleve, sandui\u00e7\u00ebt, kafeja, akullorja etj. Ne kemi certifikimin CE p\u00ebr t&#039;ju ndihmuar t\u00eb filloni nj\u00eb biznes t\u00eb l\u00ebvizsh\u00ebm.<\/p>\n<figure id=\"attachment_3912\" aria-describedby=\"caption-attachment-3912\" style=\"width: 720px\" class=\"wp-caption alignnone\"><img fetchpriority=\"high\" decoding=\"async\" class=\"size-full wp-image-3912\" src=\"https:\/\/www.honlufoodtrailer.com\/wp-content\/uploads\/2022\/03\/Customized-4M-full-body-sticker-square-food-trailer-1.jpg\" alt=\"Rimorkio ushqimore katrore me ngjit\u00ebse t\u00eb plot\u00eb 4M e personalizuar (1)\" width=\"720\" height=\"540\" srcset=\"https:\/\/www.honlufoodtrailer.com\/wp-content\/uploads\/2022\/03\/Customized-4M-full-body-sticker-square-food-trailer-1.jpg 720w, https:\/\/www.honlufoodtrailer.com\/wp-content\/uploads\/2022\/03\/Customized-4M-full-body-sticker-square-food-trailer-1-480x360.jpg 480w, https:\/\/www.honlufoodtrailer.com\/wp-content\/uploads\/2022\/03\/Customized-4M-full-body-sticker-square-food-trailer-1-300x225.jpg 300w\" sizes=\"(max-width: 720px) 100vw, 720px\" \/><figcaption id=\"caption-attachment-3912\" class=\"wp-caption-text\">Rimorkio ushqimore katrore me ngjit\u00ebse t\u00eb plot\u00eb 4M e personalizuar (1)<\/figcaption><\/figure>\n<p data-spm-anchor-id=\"a2700.wholesale.0.i28.29e52808agqc7f\">Pamja e t\u00eb gjith\u00eb automjetit \u00ebsht\u00eb b\u00ebr\u00eb me afishe t\u00eb ofruara nga klienti. Dritarja e sh\u00ebrbimit n\u00eb pjes\u00ebn e p\u00ebrparme \u00ebsht\u00eb nj\u00eb dritare q\u00eb ngrihet lart, dhe ka nga nj\u00eb dritare t\u00eb vog\u00ebl katrore n\u00eb pjes\u00ebn e p\u00ebrparme dhe t\u00eb pasme t\u00eb rimorkios.<\/p>\n<p data-spm-anchor-id=\"a2700.wholesale.0.i28.29e52808agqc7f\"><img decoding=\"async\" class=\"size-full wp-image-3922 aligncenter\" src=\"https:\/\/www.honlufoodtrailer.com\/wp-content\/uploads\/2022\/03\/Service-window.jpg\" alt=\"Dritarja e sh\u00ebrbimit\" width=\"900\" height=\"540\" srcset=\"https:\/\/www.honlufoodtrailer.com\/wp-content\/uploads\/2022\/03\/Service-window.jpg 900w, https:\/\/www.honlufoodtrailer.com\/wp-content\/uploads\/2022\/03\/Service-window-768x461.jpg 768w, https:\/\/www.honlufoodtrailer.com\/wp-content\/uploads\/2022\/03\/Service-window-480x288.jpg 480w, https:\/\/www.honlufoodtrailer.com\/wp-content\/uploads\/2022\/03\/Service-window-300x180.jpg 300w, https:\/\/www.honlufoodtrailer.com\/wp-content\/uploads\/2022\/03\/Service-window-720x432.jpg 720w\" sizes=\"(max-width: 900px) 100vw, 900px\" \/><\/p>\n<p data-spm-anchor-id=\"a2700.wholesale.0.i28.29e52808agqc7f\">Pjesa e p\u00ebrparme e karroceris\u00eb \u00ebsht\u00eb e personalizuar me nj\u00eb ngrir\u00ebs t\u00eb jasht\u00ebm sipas nevojave t\u00eb klientit, dhe nj\u00eb frigorifer \u00ebsht\u00eb vendosur edhe brenda.<\/p>\n<figure id=\"attachment_3921\" aria-describedby=\"caption-attachment-3921\" style=\"width: 720px\" class=\"wp-caption alignnone\"><img decoding=\"async\" class=\"size-full wp-image-3921\" src=\"https:\/\/www.honlufoodtrailer.com\/wp-content\/uploads\/2022\/03\/External-freezers-and-built-in-refrigerators.jpg\" alt=\"Ngrir\u00ebs t\u00eb jasht\u00ebm dhe frigorifer brenda\" width=\"720\" height=\"540\" srcset=\"https:\/\/www.honlufoodtrailer.com\/wp-content\/uploads\/2022\/03\/External-freezers-and-built-in-refrigerators.jpg 720w, https:\/\/www.honlufoodtrailer.com\/wp-content\/uploads\/2022\/03\/External-freezers-and-built-in-refrigerators-480x360.jpg 480w, https:\/\/www.honlufoodtrailer.com\/wp-content\/uploads\/2022\/03\/External-freezers-and-built-in-refrigerators-300x225.jpg 300w\" sizes=\"(max-width: 720px) 100vw, 720px\" \/><figcaption id=\"caption-attachment-3921\" class=\"wp-caption-text\">Ngrir\u00ebs t\u00eb jasht\u00ebm dhe frigorifer brenda<\/figcaption><\/figure>\n<p data-spm-anchor-id=\"a2700.wholesale.0.i28.29e52808agqc7f\">Klienti planifikoi t\u00eb b\u00ebnte disa biznese skuqjeje ushqimesh, k\u00ebshtu q\u00eb ai personalizoi nj\u00eb skar\u00eb dhe dy tiganisje t\u00eb vogla, dhe i pajisi me nj\u00eb aspirator sip\u00ebr. Ne do t\u00eb donim t\u00eb blinim lloje t\u00eb tjera pajisjesh bazuar n\u00eb nevojat e klient\u00ebve.<\/p>\n<figure id=\"attachment_3923\" aria-describedby=\"caption-attachment-3923\" style=\"width: 900px\" class=\"wp-caption alignnone\"><img loading=\"lazy\" decoding=\"async\" class=\"size-full wp-image-3923\" src=\"https:\/\/www.honlufoodtrailer.com\/wp-content\/uploads\/2022\/03\/StoveGrillRange-hood.jpg\" alt=\"Sob\u00eb, skar\u00eb dhe aspirator\" width=\"900\" height=\"540\" srcset=\"https:\/\/www.honlufoodtrailer.com\/wp-content\/uploads\/2022\/03\/StoveGrillRange-hood.jpg 900w, https:\/\/www.honlufoodtrailer.com\/wp-content\/uploads\/2022\/03\/StoveGrillRange-hood-768x461.jpg 768w, https:\/\/www.honlufoodtrailer.com\/wp-content\/uploads\/2022\/03\/StoveGrillRange-hood-480x288.jpg 480w, https:\/\/www.honlufoodtrailer.com\/wp-content\/uploads\/2022\/03\/StoveGrillRange-hood-300x180.jpg 300w, https:\/\/www.honlufoodtrailer.com\/wp-content\/uploads\/2022\/03\/StoveGrillRange-hood-720x432.jpg 720w\" sizes=\"(max-width: 900px) 100vw, 900px\" \/><figcaption id=\"caption-attachment-3923\" class=\"wp-caption-text\">Sob\u00eb, skar\u00eb dhe aspirator<\/figcaption><\/figure>\n<h3 class=\"magic-6\" data-spm-anchor-id=\"a2700.wholesale.0.i28.29e52808agqc7f\">Karakteristikat kryesore t\u00eb rimorkios katrore t\u00eb ushqimit<\/h3>\n<div class=\"magic-7\">\n<div class=\"magic-8\">\n<div class=\"magic-9\" data-id=\"paragraph0\">\n<ol>\n<li>Pamja n\u00eb mod\u00eb mund t\u00eb personalizohet;<\/li>\n<li>Karroceri dhe struktur\u00eb e brendshme e rimorkios prej \u00e7eliku inox, rezistenc\u00eb e mir\u00eb ndaj nxeht\u00ebsis\u00eb, rezistenc\u00eb ndaj konsumimit, rezistenc\u00eb ndaj korrozionit;<\/li>\n<li>Pajisje moderne dhe t\u00eb p\u00ebrparuara t\u00eb pajisura n\u00eb rimorkion mobile t\u00eb ushqimit;<\/li>\n<li>\u00cbsht\u00eb rezistent ndaj goditjeve dhe korrozionit, rezistenca ndaj nxeht\u00ebsis\u00eb dhe forca \u00ebsht\u00eb e lart\u00eb, q\u00ebndrueshm\u00ebria e lart\u00eb e ngjyrave, pa deformime, \u00ebsht\u00eb i pap\u00ebrshkuesh\u00ebm nga uji dhe ka jet\u00ebgjat\u00ebsi t\u00eb gjat\u00eb sh\u00ebrbimi;<\/li>\n<li>Jemi t\u00eb lumtur ta modifikojm\u00eb sipas k\u00ebrkes\u00ebs suaj.<\/li>\n<\/ol>\n<h3>Vizatim falas i planit t\u00eb katit 2D\/3D<\/h3>\n<p>Pasi t\u00eb konfirmojm\u00eb dimensionet e rimorkios s\u00eb ushqimit dhe pajisjeve t\u00eb brendshme t\u00eb kuzhin\u00ebs, ne mund t&#039;ju ofrojm\u00eb vizatime 3D falas. Kjo do t&#039;ju jap\u00eb nj\u00eb ide m\u00eb t\u00eb qart\u00eb t\u00eb dizajnit tuaj dhe t\u00eb karroc\u00ebs suaj t\u00eb ushqimit. Kur konfirmojm\u00eb vendndodhjen e pajisjeve t\u00eb kuzhin\u00ebs, ne mund t\u00eb komunikojm\u00eb qart\u00eb me ju p\u00ebrmes planit t\u00eb katit. Gjithashtu mund t&#039;ju ofrojm\u00eb dokumente origjinale p\u00ebr t\u00eb leht\u00ebsuar dizajnin tuaj dhe p\u00ebr t\u00eb b\u00ebr\u00eb rregullime.<\/p>\n<\/div>\n<\/div>\n<\/div>","protected":false},"excerpt":{"rendered":"<p data-spm-anchor-id=\"a2700.wholesale.0.i28.29e52808agqc7f\">Kjo \u00ebsht\u00eb rimorkioja jon\u00eb katrore p\u00ebr ushqime 4M e prodhuar me porosi. I gjith\u00eb automjeti \u00ebsht\u00eb prej \u00e7eliku inox dhe tavoline operative. Ka ngjit\u00ebse p\u00ebr t\u00eb gjith\u00eb trupin dhe dizajnin e der\u00ebs s\u00eb pasme. Sipas nevojave t\u00eb klientit, ne e personalizojm\u00eb frigoriferin e jasht\u00ebm n\u00eb pjes\u00ebn e p\u00ebrparme t\u00eb rimorkios s\u00eb ushqimit. Mund t\u00eb p\u00ebrdoret p\u00ebr shitjen e \u00e7do gj\u00ebje, nga hot dog\u00ebt, operacionet me pakic\u00eb, operacionet e luleve, sandui\u00e7\u00ebt, kafeja, akullorja etj. Ne kemi certifikimin CE p\u00ebr t&#039;ju ndihmuar t\u00eb filloni nj\u00eb biznes t\u00eb l\u00ebvizsh\u00ebm.<\/p>","protected":false},"featured_media":3912,"template":"","meta":{"_themeisle_gutenberg_block_has_review":false},"product_brand":[],"product_cat":[26],"product_tag":[53,33,41,38,52],"class_list":{"0":"post-3911","1":"product","2":"type-product","3":"status-publish","4":"has-post-thumbnail","6":"product_cat-product","7":"product_tag-customized-sinks","8":"product_tag-customized-trailer","9":"product_tag-galvanized-trailer","10":"product_tag-mobile-food-trailer","11":"product_tag-personalized-billboard","13":"first","14":"instock","15":"shipping-taxable","16":"product-type-simple"},"yoast_head":"<!-- This site is optimized with the Yoast SEO plugin v27.5 - https:\/\/yoast.com\/product\/yoast-seo-wordpress\/ -->\n<title>Customized 4M full body sticker square food trailer - Honlu food trailer<\/title>\n<meta name=\"description\" content=\"This is our custom-made 4M square food trailer. The whole vehicle adopts stainless steel body and operating table. It adopts full body stickers, the back door design. According to customer needs, we customize the external freezer on the front of the food trailer.\" \/>\n<meta name=\"robots\" content=\"index, follow, max-snippet:-1, max-image-preview:large, max-video-preview:-1\" \/>\n<link rel=\"canonical\" href=\"https:\/\/www.honlufoodtrailer.com\/sq\/product\/rimorkio-ushqimore-katrore-me-ngjitese-te-plote-4m-e-personalizuar-6\/\" \/>\n<meta property=\"og:locale\" content=\"sq_AL\" \/>\n<meta property=\"og:type\" content=\"article\" \/>\n<meta property=\"og:title\" content=\"Customized 4M full body sticker square food trailer - Honlu food trailer\" \/>\n<meta property=\"og:description\" content=\"This is our custom-made 4M square food trailer. The whole vehicle adopts stainless steel body and operating table. It adopts full body stickers, the back door design. According to customer needs, we customize the external freezer on the front of the food trailer.\" \/>\n<meta property=\"og:url\" content=\"https:\/\/www.honlufoodtrailer.com\/sq\/product\/rimorkio-ushqimore-katrore-me-ngjitese-te-plote-4m-e-personalizuar-6\/\" \/>\n<meta property=\"og:site_name\" content=\"Honlu food trailer\" \/>\n<meta property=\"article:modified_time\" content=\"2024-10-28T09:44:15+00:00\" \/>\n<meta property=\"og:image\" content=\"https:\/\/www.honlufoodtrailer.com\/wp-content\/uploads\/2022\/03\/Customized-4M-full-body-sticker-square-food-trailer-1.jpg\" \/>\n\t<meta property=\"og:image:width\" content=\"720\" \/>\n\t<meta property=\"og:image:height\" content=\"540\" \/>\n\t<meta property=\"og:image:type\" content=\"image\/jpeg\" \/>\n<meta name=\"twitter:card\" content=\"summary_large_image\" \/>\n<meta name=\"twitter:label1\" content=\"Est. reading time\" \/>\n\t<meta name=\"twitter:data1\" content=\"3 minuta\" \/>\n<script type=\"application\/ld+json\" class=\"yoast-schema-graph\">{\"@context\":\"https:\\\/\\\/schema.org\",\"@graph\":[{\"@type\":\"WebPage\",\"@id\":\"https:\\\/\\\/www.honlufoodtrailer.com\\\/product\\\/customized-4m-full-body-sticker-square-food-trailer\\\/\",\"url\":\"https:\\\/\\\/www.honlufoodtrailer.com\\\/product\\\/customized-4m-full-body-sticker-square-food-trailer\\\/\",\"name\":\"Customized 4M full body sticker square food trailer - Honlu food trailer\",\"isPartOf\":{\"@id\":\"https:\\\/\\\/www.honlufoodtrailer.com\\\/#website\"},\"primaryImageOfPage\":{\"@id\":\"https:\\\/\\\/www.honlufoodtrailer.com\\\/product\\\/customized-4m-full-body-sticker-square-food-trailer\\\/#primaryimage\"},\"image\":{\"@id\":\"https:\\\/\\\/www.honlufoodtrailer.com\\\/product\\\/customized-4m-full-body-sticker-square-food-trailer\\\/#primaryimage\"},\"thumbnailUrl\":\"https:\\\/\\\/www.honlufoodtrailer.com\\\/wp-content\\\/uploads\\\/2022\\\/03\\\/Customized-4M-full-body-sticker-square-food-trailer-1.jpg\",\"datePublished\":\"2022-03-26T07:50:00+00:00\",\"dateModified\":\"2024-10-28T09:44:15+00:00\",\"description\":\"This is our custom-made 4M square food trailer. The whole vehicle adopts stainless steel body and operating table. It adopts full body stickers, the back door design. According to customer needs, we customize the external freezer on the front of the food trailer.\",\"breadcrumb\":{\"@id\":\"https:\\\/\\\/www.honlufoodtrailer.com\\\/product\\\/customized-4m-full-body-sticker-square-food-trailer\\\/#breadcrumb\"},\"inLanguage\":\"sq\",\"potentialAction\":[{\"@type\":\"ReadAction\",\"target\":[\"https:\\\/\\\/www.honlufoodtrailer.com\\\/product\\\/customized-4m-full-body-sticker-square-food-trailer\\\/\"]}]},{\"@type\":\"ImageObject\",\"inLanguage\":\"sq\",\"@id\":\"https:\\\/\\\/www.honlufoodtrailer.com\\\/product\\\/customized-4m-full-body-sticker-square-food-trailer\\\/#primaryimage\",\"url\":\"https:\\\/\\\/www.honlufoodtrailer.com\\\/wp-content\\\/uploads\\\/2022\\\/03\\\/Customized-4M-full-body-sticker-square-food-trailer-1.jpg\",\"contentUrl\":\"https:\\\/\\\/www.honlufoodtrailer.com\\\/wp-content\\\/uploads\\\/2022\\\/03\\\/Customized-4M-full-body-sticker-square-food-trailer-1.jpg\",\"width\":720,\"height\":540,\"caption\":\"Customized 4M full body sticker square food trailer (1)\"},{\"@type\":\"BreadcrumbList\",\"@id\":\"https:\\\/\\\/www.honlufoodtrailer.com\\\/product\\\/customized-4m-full-body-sticker-square-food-trailer\\\/#breadcrumb\",\"itemListElement\":[{\"@type\":\"ListItem\",\"position\":1,\"name\":\"Home\",\"item\":\"https:\\\/\\\/www.honlufoodtrailer.com\\\/\"},{\"@type\":\"ListItem\",\"position\":2,\"name\":\"\u4ea7\u54c1\",\"item\":\"https:\\\/\\\/www.honlufoodtrailer.com\\\/shop\\\/\"},{\"@type\":\"ListItem\",\"position\":3,\"name\":\"Customized 4M full body sticker square food trailer\"}]},{\"@type\":\"WebSite\",\"@id\":\"https:\\\/\\\/www.honlufoodtrailer.com\\\/#website\",\"url\":\"https:\\\/\\\/www.honlufoodtrailer.com\\\/\",\"name\":\"Honlu food trailer\",\"description\":\"\",\"publisher\":{\"@id\":\"https:\\\/\\\/www.honlufoodtrailer.com\\\/#organization\"},\"potentialAction\":[{\"@type\":\"SearchAction\",\"target\":{\"@type\":\"EntryPoint\",\"urlTemplate\":\"https:\\\/\\\/www.honlufoodtrailer.com\\\/?s={search_term_string}\"},\"query-input\":{\"@type\":\"PropertyValueSpecification\",\"valueRequired\":true,\"valueName\":\"search_term_string\"}}],\"inLanguage\":\"sq\"},{\"@type\":\"Organization\",\"@id\":\"https:\\\/\\\/www.honlufoodtrailer.com\\\/#organization\",\"name\":\"Honlu food trailer\",\"url\":\"https:\\\/\\\/www.honlufoodtrailer.com\\\/\",\"logo\":{\"@type\":\"ImageObject\",\"inLanguage\":\"sq\",\"@id\":\"https:\\\/\\\/www.honlufoodtrailer.com\\\/#\\\/schema\\\/logo\\\/image\\\/\",\"url\":\"https:\\\/\\\/www.honlufoodtrailer.com\\\/wp-content\\\/uploads\\\/2021\\\/12\\\/2.gif\",\"contentUrl\":\"https:\\\/\\\/www.honlufoodtrailer.com\\\/wp-content\\\/uploads\\\/2021\\\/12\\\/2.gif\",\"width\":350,\"height\":100,\"caption\":\"Honlu food trailer\"},\"image\":{\"@id\":\"https:\\\/\\\/www.honlufoodtrailer.com\\\/#\\\/schema\\\/logo\\\/image\\\/\"}}]}<\/script>\n<!-- \/ Yoast SEO plugin. -->","yoast_head_json":{"title":"Rimorkio ushqimore katrore me ngjit\u00ebse t\u00eb plot\u00eb 4M e personalizuar - Rimorkio ushqimore Honlu","description":"Kjo \u00ebsht\u00eb rimorkioja jon\u00eb katrore p\u00ebr ushqime 4M e prodhuar me porosi. I gjith\u00eb automjeti \u00ebsht\u00eb prej \u00e7eliku inox dhe tavoline operative. Ai ka ngjit\u00ebse n\u00eb t\u00eb gjith\u00eb trupin dhe dizajnin e der\u00ebs s\u00eb pasme. Sipas nevojave t\u00eb klientit, ne e personalizojm\u00eb ngrir\u00ebsin e jasht\u00ebm n\u00eb pjes\u00ebn e p\u00ebrparme t\u00eb rimorkios s\u00eb ushqimit.","robots":{"index":"index","follow":"follow","max-snippet":"max-snippet:-1","max-image-preview":"max-image-preview:large","max-video-preview":"max-video-preview:-1"},"canonical":"https:\/\/www.honlufoodtrailer.com\/sq\/product\/rimorkio-ushqimore-katrore-me-ngjitese-te-plote-4m-e-personalizuar-6\/","og_locale":"sq_AL","og_type":"article","og_title":"Customized 4M full body sticker square food trailer - Honlu food trailer","og_description":"This is our custom-made 4M square food trailer. The whole vehicle adopts stainless steel body and operating table. It adopts full body stickers, the back door design. According to customer needs, we customize the external freezer on the front of the food trailer.","og_url":"https:\/\/www.honlufoodtrailer.com\/sq\/product\/rimorkio-ushqimore-katrore-me-ngjitese-te-plote-4m-e-personalizuar-6\/","og_site_name":"Honlu food trailer","article_modified_time":"2024-10-28T09:44:15+00:00","og_image":[{"width":720,"height":540,"url":"https:\/\/www.honlufoodtrailer.com\/wp-content\/uploads\/2022\/03\/Customized-4M-full-body-sticker-square-food-trailer-1.jpg","type":"image\/jpeg"}],"twitter_card":"summary_large_image","twitter_misc":{"Est. reading time":"3 minuta"},"schema":{"@context":"https:\/\/schema.org","@graph":[{"@type":"WebPage","@id":"https:\/\/www.honlufoodtrailer.com\/product\/customized-4m-full-body-sticker-square-food-trailer\/","url":"https:\/\/www.honlufoodtrailer.com\/product\/customized-4m-full-body-sticker-square-food-trailer\/","name":"Rimorkio ushqimore katrore me ngjit\u00ebse t\u00eb plot\u00eb 4M e personalizuar - Rimorkio ushqimore Honlu","isPartOf":{"@id":"https:\/\/www.honlufoodtrailer.com\/#website"},"primaryImageOfPage":{"@id":"https:\/\/www.honlufoodtrailer.com\/product\/customized-4m-full-body-sticker-square-food-trailer\/#primaryimage"},"image":{"@id":"https:\/\/www.honlufoodtrailer.com\/product\/customized-4m-full-body-sticker-square-food-trailer\/#primaryimage"},"thumbnailUrl":"https:\/\/www.honlufoodtrailer.com\/wp-content\/uploads\/2022\/03\/Customized-4M-full-body-sticker-square-food-trailer-1.jpg","datePublished":"2022-03-26T07:50:00+00:00","dateModified":"2024-10-28T09:44:15+00:00","description":"Kjo \u00ebsht\u00eb rimorkioja jon\u00eb katrore p\u00ebr ushqime 4M e prodhuar me porosi. I gjith\u00eb automjeti \u00ebsht\u00eb prej \u00e7eliku inox dhe tavoline operative. Ai ka ngjit\u00ebse n\u00eb t\u00eb gjith\u00eb trupin dhe dizajnin e der\u00ebs s\u00eb pasme. Sipas nevojave t\u00eb klientit, ne e personalizojm\u00eb ngrir\u00ebsin e jasht\u00ebm n\u00eb pjes\u00ebn e p\u00ebrparme t\u00eb rimorkios s\u00eb ushqimit.","breadcrumb":{"@id":"https:\/\/www.honlufoodtrailer.com\/product\/customized-4m-full-body-sticker-square-food-trailer\/#breadcrumb"},"inLanguage":"sq","potentialAction":[{"@type":"ReadAction","target":["https:\/\/www.honlufoodtrailer.com\/product\/customized-4m-full-body-sticker-square-food-trailer\/"]}]},{"@type":"ImageObject","inLanguage":"sq","@id":"https:\/\/www.honlufoodtrailer.com\/product\/customized-4m-full-body-sticker-square-food-trailer\/#primaryimage","url":"https:\/\/www.honlufoodtrailer.com\/wp-content\/uploads\/2022\/03\/Customized-4M-full-body-sticker-square-food-trailer-1.jpg","contentUrl":"https:\/\/www.honlufoodtrailer.com\/wp-content\/uploads\/2022\/03\/Customized-4M-full-body-sticker-square-food-trailer-1.jpg","width":720,"height":540,"caption":"Customized 4M full body sticker square food trailer (1)"},{"@type":"BreadcrumbList","@id":"https:\/\/www.honlufoodtrailer.com\/product\/customized-4m-full-body-sticker-square-food-trailer\/#breadcrumb","itemListElement":[{"@type":"ListItem","position":1,"name":"Home","item":"https:\/\/www.honlufoodtrailer.com\/"},{"@type":"ListItem","position":2,"name":"\u4ea7\u54c1","item":"https:\/\/www.honlufoodtrailer.com\/shop\/"},{"@type":"ListItem","position":3,"name":"Customized 4M full body sticker square food trailer"}]},{"@type":"WebSite","@id":"https:\/\/www.honlufoodtrailer.com\/#website","url":"https:\/\/www.honlufoodtrailer.com\/","name":"Rimorkio ushqimore n\u00eb Honlu","description":"","publisher":{"@id":"https:\/\/www.honlufoodtrailer.com\/#organization"},"potentialAction":[{"@type":"SearchAction","target":{"@type":"EntryPoint","urlTemplate":"https:\/\/www.honlufoodtrailer.com\/?s={search_term_string}"},"query-input":{"@type":"PropertyValueSpecification","valueRequired":true,"valueName":"search_term_string"}}],"inLanguage":"sq"},{"@type":"Organization","@id":"https:\/\/www.honlufoodtrailer.com\/#organization","name":"Rimorkio ushqimore n\u00eb Honlu","url":"https:\/\/www.honlufoodtrailer.com\/","logo":{"@type":"ImageObject","inLanguage":"sq","@id":"https:\/\/www.honlufoodtrailer.com\/#\/schema\/logo\/image\/","url":"https:\/\/www.honlufoodtrailer.com\/wp-content\/uploads\/2021\/12\/2.gif","contentUrl":"https:\/\/www.honlufoodtrailer.com\/wp-content\/uploads\/2021\/12\/2.gif","width":350,"height":100,"caption":"Honlu food trailer"},"image":{"@id":"https:\/\/www.honlufoodtrailer.com\/#\/schema\/logo\/image\/"}}]}},"_links":{"self":[{"href":"https:\/\/www.honlufoodtrailer.com\/sq\/wp-json\/wp\/v2\/product\/3911","targetHints":{"allow":["GET"]}}],"collection":[{"href":"https:\/\/www.honlufoodtrailer.com\/sq\/wp-json\/wp\/v2\/product"}],"about":[{"href":"https:\/\/www.honlufoodtrailer.com\/sq\/wp-json\/wp\/v2\/types\/product"}],"version-history":[{"count":0,"href":"https:\/\/www.honlufoodtrailer.com\/sq\/wp-json\/wp\/v2\/product\/3911\/revisions"}],"wp:featuredmedia":[{"embeddable":true,"href":"https:\/\/www.honlufoodtrailer.com\/sq\/wp-json\/wp\/v2\/media\/3912"}],"wp:attachment":[{"href":"https:\/\/www.honlufoodtrailer.com\/sq\/wp-json\/wp\/v2\/media?parent=3911"}],"wp:term":[{"taxonomy":"product_brand","embeddable":true,"href":"https:\/\/www.honlufoodtrailer.com\/sq\/wp-json\/wp\/v2\/product_brand?post=3911"},{"taxonomy":"product_cat","embeddable":true,"href":"https:\/\/www.honlufoodtrailer.com\/sq\/wp-json\/wp\/v2\/product_cat?post=3911"},{"taxonomy":"product_tag","embeddable":true,"href":"https:\/\/www.honlufoodtrailer.com\/sq\/wp-json\/wp\/v2\/product_tag?post=3911"}],"curies":[{"name":"wp","href":"https:\/\/api.w.org\/{rel}","templated":true}]}}