{"id":5765,"date":"2023-11-07T17:12:19","date_gmt":"2023-11-07T09:12:19","guid":{"rendered":"https:\/\/www.honlufoodtrailer.com\/?post_type=product&#038;p=5765"},"modified":"2024-07-15T15:37:29","modified_gmt":"2024-07-15T07:37:29","slug":"rimorkio-per-bar-dhe-skare-26ft-ne-shitje","status":"publish","type":"product","link":"https:\/\/www.honlufoodtrailer.com\/sq\/product\/26ft-bar-and-grill-trailer-for-sale\/","title":{"rendered":"Rimorkio p\u00ebr Bar dhe Grill 26ft n\u00eb Shitje"},"content":{"rendered":"<p data-spm-anchor-id=\"a2700.wholesale.0.i28.29e52808agqc7f\">Ky \u00ebsht\u00eb nj\u00eb rimorkio bari dhe skare 26 k\u00ebmb\u00ebsh e personalizuar. Mbi trupin e rimorkios, ne i personalizuam fjal\u00ebt n\u00eb tabel\u00ebn reklamuese p\u00ebr t\u00eb p\u00ebrmbushur nevojat e klient\u00ebve. Mund t\u00eb p\u00ebrdoret p\u00ebr shitjen e nj\u00eb shum\u00ebllojshm\u00ebrie ushqimesh t\u00eb pjekura n\u00eb skar\u00eb, duke p\u00ebrfshir\u00eb hamburger\u00eb, hot dog\u00eb, sal\u00e7i\u00e7e, shishka pule, qebap\u00eb, perime t\u00eb pjekura n\u00eb skar\u00eb, mis\u00ebr t\u00eb pjekur n\u00eb kalli, sandui\u00e7e me djath\u00eb t\u00eb pjekur n\u00eb skar\u00eb, brinj\u00eb BBQ, sandui\u00e7e me mish derri t\u00eb cop\u00ebtuar dhe ushqime deti t\u00eb pjekura n\u00eb skar\u00eb si karkaleca deti ose peshk. P\u00ebrve\u00e7 k\u00ebsaj, disa rimorkio skare mund t\u00eb ofrojn\u00eb artikuj special\u00eb si hamburger\u00eb gourmet, opsione tofu ose vegane, ose salca dhe marinada unike. Ne kemi certifikime CE dhe t\u00eb tjera p\u00ebr t&#039;ju ndihmuar t\u00eb filloni nj\u00eb biznes celular. Lexoni m\u00eb tej p\u00ebr t\u00eb par\u00eb se \u00e7far\u00eb mund t\u00eb merrni nga ne.<\/p>\n<p data-spm-anchor-id=\"a2700.wholesale.0.i28.29e52808agqc7f\"><img fetchpriority=\"high\" decoding=\"async\" class=\"size-full wp-image-5769 aligncenter\" src=\"https:\/\/www.honlufoodtrailer.com\/wp-content\/uploads\/2023\/11\/26ft-bar-and-grill-trailer.jpg\" alt=\"Rimorkio p\u00ebr bar dhe skar\u00eb 26 k\u00ebmb\u00ebshe\" width=\"720\" height=\"540\" srcset=\"https:\/\/www.honlufoodtrailer.com\/wp-content\/uploads\/2023\/11\/26ft-bar-and-grill-trailer.jpg 720w, https:\/\/www.honlufoodtrailer.com\/wp-content\/uploads\/2023\/11\/26ft-bar-and-grill-trailer-480x360.jpg 480w, https:\/\/www.honlufoodtrailer.com\/wp-content\/uploads\/2023\/11\/26ft-bar-and-grill-trailer-300x225.jpg 300w\" sizes=\"(max-width: 720px) 100vw, 720px\" \/><\/p>\n<p data-spm-anchor-id=\"a2700.wholesale.0.i28.29e52808agqc7f\">Tavolina e pun\u00ebs dhe muri i brendsh\u00ebm brenda rimorkios s\u00eb barit dhe skar\u00ebs jan\u00eb t\u00eb gjitha prej \u00e7eliku inox t\u00eb grad\u00ebs ushqimore. Dhe sipas nevojave t\u00eb klientit, \u00ebsht\u00eb e pajisur me tiganisje t\u00eb thella, tre lavaman\u00eb t\u00eb personalizuar, nj\u00eb shp\u00ebrndar\u00ebs sapuni, soba me gaz, aspirator\u00eb dhe pajisje t\u00eb tjera. Ne do t\u00eb blejm\u00eb lloje t\u00eb tjera pajisjesh bazuar n\u00eb nevojat e klient\u00ebve.<\/p>\n<p data-spm-anchor-id=\"a2700.wholesale.0.i28.29e52808agqc7f\">Rimorkiot e ushqimit mund t\u00eb quhen edhe karroca ushqimore, furgon\u00eb ushqimi, kamion\u00eb ushqimi, etj. Mund t\u00eb p\u00ebrdoren p\u00ebr t\u00eb shitur ushqim t\u00eb shpejt\u00eb, ushqime t\u00eb lehta, gazeta, libra e k\u00ebshtu me radh\u00eb. P\u00ebrb\u00ebhet nga shasia, karroceria, dyshemeja, tavolina e pun\u00ebs, sistemi i ujit, sistemi elektrik. P\u00ebrdoruesit gjithashtu mund t\u00eb zgjedhin ngjyr\u00ebn q\u00eb d\u00ebshirojn\u00eb. Ne do t\u00eb d\u00ebshironim t\u00eb blinim lloje t\u00eb tjera pajisjesh n\u00ebse klient\u00ebt d\u00ebshirojn\u00eb.<\/p>\n<h3 class=\"magic-6\" data-spm-anchor-id=\"a2700.wholesale.0.i28.29e52808agqc7f\"><img decoding=\"async\" class=\"size-full wp-image-5766 aligncenter\" src=\"https:\/\/www.honlufoodtrailer.com\/wp-content\/uploads\/2023\/11\/8m-grill-trailer-side-view.jpg\" alt=\"Pamje an\u00ebsore e rimorkios me skar\u00eb 8m\" width=\"720\" height=\"540\" srcset=\"https:\/\/www.honlufoodtrailer.com\/wp-content\/uploads\/2023\/11\/8m-grill-trailer-side-view.jpg 720w, https:\/\/www.honlufoodtrailer.com\/wp-content\/uploads\/2023\/11\/8m-grill-trailer-side-view-480x360.jpg 480w, https:\/\/www.honlufoodtrailer.com\/wp-content\/uploads\/2023\/11\/8m-grill-trailer-side-view-300x225.jpg 300w\" sizes=\"(max-width: 720px) 100vw, 720px\" \/>Karakteristikat kryesore t\u00eb rimorkiove p\u00ebr bar dhe skar\u00eb n\u00eb shitje<\/h3>\n<div class=\"magic-7\">\n<div class=\"magic-8\">\n<div class=\"magic-9\" data-id=\"paragraph0\">\n<ol>\n<li>Pamja n\u00eb mod\u00eb mund t\u00eb personalizohet;<\/li>\n<li>Karroceri dhe struktur\u00eb e brendshme e rimorkios prej llamarine t\u00eb galvanizuar, rezistenc\u00eb e mir\u00eb ndaj nxeht\u00ebsis\u00eb, rezistenc\u00eb ndaj konsumimit dhe rezistenc\u00eb ndaj korrozionit;<\/li>\n<li>Pajisje moderne dhe t\u00eb p\u00ebrparuara t\u00eb pajisura n\u00eb rimorkion e barit dhe skar\u00ebs;<\/li>\n<li>\u00cbsht\u00eb rezistent ndaj goditjeve dhe korrozionit, rezistent ndaj nxeht\u00ebsis\u00eb dhe forc\u00ebs s\u00eb lart\u00eb, q\u00ebndrueshm\u00ebri t\u00eb lart\u00eb ngjyrash, pa deformime, i pap\u00ebrshkuesh\u00ebm nga uji dhe jet\u00ebgjat\u00ebsi t\u00eb gjat\u00eb sh\u00ebrbimi;<\/li>\n<li>Jemi t\u00eb lumtur ta modifikojm\u00eb sipas k\u00ebrkes\u00ebs suaj.<\/li>\n<\/ol>\n<h3><img decoding=\"async\" class=\"size-full wp-image-5772 aligncenter\" src=\"https:\/\/www.honlufoodtrailer.com\/wp-content\/uploads\/2023\/11\/grill-trailer-inner-details.jpg\" alt=\"detajet e brendshme t\u00eb rimorkios me skar\u00eb\" width=\"720\" height=\"540\" srcset=\"https:\/\/www.honlufoodtrailer.com\/wp-content\/uploads\/2023\/11\/grill-trailer-inner-details.jpg 720w, https:\/\/www.honlufoodtrailer.com\/wp-content\/uploads\/2023\/11\/grill-trailer-inner-details-480x360.jpg 480w, https:\/\/www.honlufoodtrailer.com\/wp-content\/uploads\/2023\/11\/grill-trailer-inner-details-300x225.jpg 300w\" sizes=\"(max-width: 720px) 100vw, 720px\" \/>Vizatim falas i planit t\u00eb katit 2D\/3D<\/h3>\n<p>Pas konfirmimit t\u00eb dimensioneve t\u00eb <a href=\"https:\/\/www.honlufoodtrailer.com\/sq\/product\/\" target=\"_blank\" rel=\"noopener\">rimorkio ushqimore<\/a> dhe pajisjet e brendshme t\u00eb kuzhin\u00ebs, ne mund t&#039;ju ofrojm\u00eb vizatime 3D falas. Kjo do t&#039;ju jap\u00eb nj\u00eb ide m\u00eb t\u00eb qart\u00eb t\u00eb dizajnit tuaj dhe shport\u00ebs suaj t\u00eb ushqimit. Kur konfirmojm\u00eb vendndodhjen e pajisjeve t\u00eb kuzhin\u00ebs, ne mund t\u00eb komunikojm\u00eb qart\u00eb me ju p\u00ebrmes planit t\u00eb katit. Gjithashtu mund t&#039;ju ofrojm\u00eb dokumente origjinale p\u00ebr t\u00eb leht\u00ebsuar dizajnin tuaj dhe p\u00ebr t\u00eb b\u00ebr\u00eb rregullime.<\/p>\n<\/div>\n<\/div>\n<\/div>","protected":false},"excerpt":{"rendered":"<p data-spm-anchor-id=\"a2700.wholesale.0.i28.29e52808agqc7f\">Ky \u00ebsht\u00eb nj\u00eb rimorkio bari dhe skare 26 k\u00ebmb\u00ebsh e personalizuar. I gjith\u00eb automjeti \u00ebsht\u00eb prej \u00e7eliku inox dhe tavoline operative. Mbi rimorkion e ushqimit, ne i kemi personalizuar fjal\u00ebt n\u00eb tabelat reklamuese p\u00ebr t\u00eb p\u00ebrmbushur nevojat e klient\u00ebve. Mund t\u00eb p\u00ebrdoret p\u00ebr shitjen e \u00e7do gj\u00ebje, nga hot dog\u00ebt, operacionet e shitjes me pakic\u00eb, operacionet e luleve, sandui\u00e7\u00ebt, kafeja, akullorja etj. Ne kemi certifikimin CE p\u00ebr t&#039;ju ndihmuar t\u00eb filloni nj\u00eb biznes t\u00eb l\u00ebvizsh\u00ebm.<\/p>","protected":false},"featured_media":5771,"template":"","meta":{"_themeisle_gutenberg_block_has_review":false},"product_brand":[],"product_cat":[26],"product_tag":[53,33,41,45,38,52],"class_list":{"0":"post-5765","1":"product","2":"type-product","3":"status-publish","4":"has-post-thumbnail","6":"product_cat-product","7":"product_tag-customized-sinks","8":"product_tag-customized-trailer","9":"product_tag-galvanized-trailer","10":"product_tag-large-food-trailer","11":"product_tag-mobile-food-trailer","12":"product_tag-personalized-billboard","14":"first","15":"instock","16":"shipping-taxable","17":"product-type-simple"},"yoast_head":"<!-- This site is optimized with the Yoast SEO plugin v27.5 - https:\/\/yoast.com\/product\/yoast-seo-wordpress\/ -->\n<title>26ft Bar and Grill Trailer For Sale - Honlu food trailer<\/title>\n<meta name=\"description\" content=\"This is a customized 26ft bar and grill trailer for sale. We have related certifications to help you to start a mobile business. Get the price now!\" \/>\n<meta name=\"robots\" content=\"index, follow, max-snippet:-1, max-image-preview:large, max-video-preview:-1\" \/>\n<link rel=\"canonical\" href=\"https:\/\/www.honlufoodtrailer.com\/sq\/product\/rimorkio-per-bar-dhe-skare-26ft-ne-shitje\/\" \/>\n<meta property=\"og:locale\" content=\"sq_AL\" \/>\n<meta property=\"og:type\" content=\"article\" \/>\n<meta property=\"og:title\" content=\"26ft Bar and Grill Trailer For Sale - Honlu food trailer\" \/>\n<meta property=\"og:description\" content=\"This is a customized 26ft bar and grill trailer for sale. We have related certifications to help you to start a mobile business. Get the price now!\" \/>\n<meta property=\"og:url\" content=\"https:\/\/www.honlufoodtrailer.com\/sq\/product\/rimorkio-per-bar-dhe-skare-26ft-ne-shitje\/\" \/>\n<meta property=\"og:site_name\" content=\"Honlu food trailer\" \/>\n<meta property=\"article:modified_time\" content=\"2024-07-15T07:37:29+00:00\" \/>\n<meta property=\"og:image\" content=\"https:\/\/www.honlufoodtrailer.com\/wp-content\/uploads\/2023\/11\/26ft-grill-trailer.jpg\" \/>\n\t<meta property=\"og:image:width\" content=\"720\" \/>\n\t<meta property=\"og:image:height\" content=\"540\" \/>\n\t<meta property=\"og:image:type\" content=\"image\/jpeg\" \/>\n<meta name=\"twitter:card\" content=\"summary_large_image\" \/>\n<meta name=\"twitter:label1\" content=\"Est. reading time\" \/>\n\t<meta name=\"twitter:data1\" content=\"2 minuta\" \/>\n<script type=\"application\/ld+json\" class=\"yoast-schema-graph\">{\"@context\":\"https:\\\/\\\/schema.org\",\"@graph\":[{\"@type\":\"WebPage\",\"@id\":\"https:\\\/\\\/www.honlufoodtrailer.com\\\/product\\\/26ft-bar-and-grill-trailer-for-sale\\\/\",\"url\":\"https:\\\/\\\/www.honlufoodtrailer.com\\\/product\\\/26ft-bar-and-grill-trailer-for-sale\\\/\",\"name\":\"26ft Bar and Grill Trailer For Sale - Honlu food trailer\",\"isPartOf\":{\"@id\":\"https:\\\/\\\/www.honlufoodtrailer.com\\\/#website\"},\"primaryImageOfPage\":{\"@id\":\"https:\\\/\\\/www.honlufoodtrailer.com\\\/product\\\/26ft-bar-and-grill-trailer-for-sale\\\/#primaryimage\"},\"image\":{\"@id\":\"https:\\\/\\\/www.honlufoodtrailer.com\\\/product\\\/26ft-bar-and-grill-trailer-for-sale\\\/#primaryimage\"},\"thumbnailUrl\":\"https:\\\/\\\/www.honlufoodtrailer.com\\\/wp-content\\\/uploads\\\/2023\\\/11\\\/26ft-grill-trailer.jpg\",\"datePublished\":\"2023-11-07T09:12:19+00:00\",\"dateModified\":\"2024-07-15T07:37:29+00:00\",\"description\":\"This is a customized 26ft bar and grill trailer for sale. We have related certifications to help you to start a mobile business. Get the price now!\",\"breadcrumb\":{\"@id\":\"https:\\\/\\\/www.honlufoodtrailer.com\\\/product\\\/26ft-bar-and-grill-trailer-for-sale\\\/#breadcrumb\"},\"inLanguage\":\"sq\",\"potentialAction\":[{\"@type\":\"ReadAction\",\"target\":[\"https:\\\/\\\/www.honlufoodtrailer.com\\\/product\\\/26ft-bar-and-grill-trailer-for-sale\\\/\"]}]},{\"@type\":\"ImageObject\",\"inLanguage\":\"sq\",\"@id\":\"https:\\\/\\\/www.honlufoodtrailer.com\\\/product\\\/26ft-bar-and-grill-trailer-for-sale\\\/#primaryimage\",\"url\":\"https:\\\/\\\/www.honlufoodtrailer.com\\\/wp-content\\\/uploads\\\/2023\\\/11\\\/26ft-grill-trailer.jpg\",\"contentUrl\":\"https:\\\/\\\/www.honlufoodtrailer.com\\\/wp-content\\\/uploads\\\/2023\\\/11\\\/26ft-grill-trailer.jpg\",\"width\":720,\"height\":540,\"caption\":\"26ft grill trailer\"},{\"@type\":\"BreadcrumbList\",\"@id\":\"https:\\\/\\\/www.honlufoodtrailer.com\\\/product\\\/26ft-bar-and-grill-trailer-for-sale\\\/#breadcrumb\",\"itemListElement\":[{\"@type\":\"ListItem\",\"position\":1,\"name\":\"Home\",\"item\":\"https:\\\/\\\/www.honlufoodtrailer.com\\\/\"},{\"@type\":\"ListItem\",\"position\":2,\"name\":\"\u4ea7\u54c1\",\"item\":\"https:\\\/\\\/www.honlufoodtrailer.com\\\/shop\\\/\"},{\"@type\":\"ListItem\",\"position\":3,\"name\":\"26ft Bar and Grill Trailer For Sale\"}]},{\"@type\":\"WebSite\",\"@id\":\"https:\\\/\\\/www.honlufoodtrailer.com\\\/#website\",\"url\":\"https:\\\/\\\/www.honlufoodtrailer.com\\\/\",\"name\":\"Honlu food trailer\",\"description\":\"\",\"publisher\":{\"@id\":\"https:\\\/\\\/www.honlufoodtrailer.com\\\/#organization\"},\"potentialAction\":[{\"@type\":\"SearchAction\",\"target\":{\"@type\":\"EntryPoint\",\"urlTemplate\":\"https:\\\/\\\/www.honlufoodtrailer.com\\\/?s={search_term_string}\"},\"query-input\":{\"@type\":\"PropertyValueSpecification\",\"valueRequired\":true,\"valueName\":\"search_term_string\"}}],\"inLanguage\":\"sq\"},{\"@type\":\"Organization\",\"@id\":\"https:\\\/\\\/www.honlufoodtrailer.com\\\/#organization\",\"name\":\"Honlu food trailer\",\"url\":\"https:\\\/\\\/www.honlufoodtrailer.com\\\/\",\"logo\":{\"@type\":\"ImageObject\",\"inLanguage\":\"sq\",\"@id\":\"https:\\\/\\\/www.honlufoodtrailer.com\\\/#\\\/schema\\\/logo\\\/image\\\/\",\"url\":\"https:\\\/\\\/www.honlufoodtrailer.com\\\/wp-content\\\/uploads\\\/2021\\\/12\\\/2.gif\",\"contentUrl\":\"https:\\\/\\\/www.honlufoodtrailer.com\\\/wp-content\\\/uploads\\\/2021\\\/12\\\/2.gif\",\"width\":350,\"height\":100,\"caption\":\"Honlu food trailer\"},\"image\":{\"@id\":\"https:\\\/\\\/www.honlufoodtrailer.com\\\/#\\\/schema\\\/logo\\\/image\\\/\"}}]}<\/script>\n<!-- \/ Yoast SEO plugin. -->","yoast_head_json":{"title":"Rimorkio p\u00ebr Bar dhe Grill 26ft n\u00eb Shitje - Rimorkio p\u00ebr Ushqim n\u00eb Honlu","description":"Ky \u00ebsht\u00eb nj\u00eb rimorkio bari dhe skare 26 ft e personalizuar p\u00ebr shitje. Ne kemi certifikime p\u00ebrkat\u00ebse p\u00ebr t&#039;ju ndihmuar t\u00eb filloni nj\u00eb biznes t\u00eb l\u00ebvizsh\u00ebm. Merrni \u00e7mimin tani!","robots":{"index":"index","follow":"follow","max-snippet":"max-snippet:-1","max-image-preview":"max-image-preview:large","max-video-preview":"max-video-preview:-1"},"canonical":"https:\/\/www.honlufoodtrailer.com\/sq\/product\/rimorkio-per-bar-dhe-skare-26ft-ne-shitje\/","og_locale":"sq_AL","og_type":"article","og_title":"26ft Bar and Grill Trailer For Sale - Honlu food trailer","og_description":"This is a customized 26ft bar and grill trailer for sale. We have related certifications to help you to start a mobile business. Get the price now!","og_url":"https:\/\/www.honlufoodtrailer.com\/sq\/product\/rimorkio-per-bar-dhe-skare-26ft-ne-shitje\/","og_site_name":"Honlu food trailer","article_modified_time":"2024-07-15T07:37:29+00:00","og_image":[{"width":720,"height":540,"url":"https:\/\/www.honlufoodtrailer.com\/wp-content\/uploads\/2023\/11\/26ft-grill-trailer.jpg","type":"image\/jpeg"}],"twitter_card":"summary_large_image","twitter_misc":{"Est. reading time":"2 minuta"},"schema":{"@context":"https:\/\/schema.org","@graph":[{"@type":"WebPage","@id":"https:\/\/www.honlufoodtrailer.com\/product\/26ft-bar-and-grill-trailer-for-sale\/","url":"https:\/\/www.honlufoodtrailer.com\/product\/26ft-bar-and-grill-trailer-for-sale\/","name":"Rimorkio p\u00ebr Bar dhe Grill 26ft n\u00eb Shitje - Rimorkio p\u00ebr Ushqim n\u00eb Honlu","isPartOf":{"@id":"https:\/\/www.honlufoodtrailer.com\/#website"},"primaryImageOfPage":{"@id":"https:\/\/www.honlufoodtrailer.com\/product\/26ft-bar-and-grill-trailer-for-sale\/#primaryimage"},"image":{"@id":"https:\/\/www.honlufoodtrailer.com\/product\/26ft-bar-and-grill-trailer-for-sale\/#primaryimage"},"thumbnailUrl":"https:\/\/www.honlufoodtrailer.com\/wp-content\/uploads\/2023\/11\/26ft-grill-trailer.jpg","datePublished":"2023-11-07T09:12:19+00:00","dateModified":"2024-07-15T07:37:29+00:00","description":"Ky \u00ebsht\u00eb nj\u00eb rimorkio bari dhe skare 26 ft e personalizuar p\u00ebr shitje. Ne kemi certifikime p\u00ebrkat\u00ebse p\u00ebr t&#039;ju ndihmuar t\u00eb filloni nj\u00eb biznes t\u00eb l\u00ebvizsh\u00ebm. Merrni \u00e7mimin tani!","breadcrumb":{"@id":"https:\/\/www.honlufoodtrailer.com\/product\/26ft-bar-and-grill-trailer-for-sale\/#breadcrumb"},"inLanguage":"sq","potentialAction":[{"@type":"ReadAction","target":["https:\/\/www.honlufoodtrailer.com\/product\/26ft-bar-and-grill-trailer-for-sale\/"]}]},{"@type":"ImageObject","inLanguage":"sq","@id":"https:\/\/www.honlufoodtrailer.com\/product\/26ft-bar-and-grill-trailer-for-sale\/#primaryimage","url":"https:\/\/www.honlufoodtrailer.com\/wp-content\/uploads\/2023\/11\/26ft-grill-trailer.jpg","contentUrl":"https:\/\/www.honlufoodtrailer.com\/wp-content\/uploads\/2023\/11\/26ft-grill-trailer.jpg","width":720,"height":540,"caption":"26ft grill trailer"},{"@type":"BreadcrumbList","@id":"https:\/\/www.honlufoodtrailer.com\/product\/26ft-bar-and-grill-trailer-for-sale\/#breadcrumb","itemListElement":[{"@type":"ListItem","position":1,"name":"Home","item":"https:\/\/www.honlufoodtrailer.com\/"},{"@type":"ListItem","position":2,"name":"\u4ea7\u54c1","item":"https:\/\/www.honlufoodtrailer.com\/shop\/"},{"@type":"ListItem","position":3,"name":"26ft Bar and Grill Trailer For Sale"}]},{"@type":"WebSite","@id":"https:\/\/www.honlufoodtrailer.com\/#website","url":"https:\/\/www.honlufoodtrailer.com\/","name":"Rimorkio ushqimore n\u00eb Honlu","description":"","publisher":{"@id":"https:\/\/www.honlufoodtrailer.com\/#organization"},"potentialAction":[{"@type":"SearchAction","target":{"@type":"EntryPoint","urlTemplate":"https:\/\/www.honlufoodtrailer.com\/?s={search_term_string}"},"query-input":{"@type":"PropertyValueSpecification","valueRequired":true,"valueName":"search_term_string"}}],"inLanguage":"sq"},{"@type":"Organization","@id":"https:\/\/www.honlufoodtrailer.com\/#organization","name":"Rimorkio ushqimore n\u00eb Honlu","url":"https:\/\/www.honlufoodtrailer.com\/","logo":{"@type":"ImageObject","inLanguage":"sq","@id":"https:\/\/www.honlufoodtrailer.com\/#\/schema\/logo\/image\/","url":"https:\/\/www.honlufoodtrailer.com\/wp-content\/uploads\/2021\/12\/2.gif","contentUrl":"https:\/\/www.honlufoodtrailer.com\/wp-content\/uploads\/2021\/12\/2.gif","width":350,"height":100,"caption":"Honlu food trailer"},"image":{"@id":"https:\/\/www.honlufoodtrailer.com\/#\/schema\/logo\/image\/"}}]}},"_links":{"self":[{"href":"https:\/\/www.honlufoodtrailer.com\/sq\/wp-json\/wp\/v2\/product\/5765","targetHints":{"allow":["GET"]}}],"collection":[{"href":"https:\/\/www.honlufoodtrailer.com\/sq\/wp-json\/wp\/v2\/product"}],"about":[{"href":"https:\/\/www.honlufoodtrailer.com\/sq\/wp-json\/wp\/v2\/types\/product"}],"version-history":[{"count":0,"href":"https:\/\/www.honlufoodtrailer.com\/sq\/wp-json\/wp\/v2\/product\/5765\/revisions"}],"wp:featuredmedia":[{"embeddable":true,"href":"https:\/\/www.honlufoodtrailer.com\/sq\/wp-json\/wp\/v2\/media\/5771"}],"wp:attachment":[{"href":"https:\/\/www.honlufoodtrailer.com\/sq\/wp-json\/wp\/v2\/media?parent=5765"}],"wp:term":[{"taxonomy":"product_brand","embeddable":true,"href":"https:\/\/www.honlufoodtrailer.com\/sq\/wp-json\/wp\/v2\/product_brand?post=5765"},{"taxonomy":"product_cat","embeddable":true,"href":"https:\/\/www.honlufoodtrailer.com\/sq\/wp-json\/wp\/v2\/product_cat?post=5765"},{"taxonomy":"product_tag","embeddable":true,"href":"https:\/\/www.honlufoodtrailer.com\/sq\/wp-json\/wp\/v2\/product_tag?post=5765"}],"curies":[{"name":"wp","href":"https:\/\/api.w.org\/{rel}","templated":true}]}}