{"id":6005,"date":"2023-11-29T16:08:54","date_gmt":"2023-11-29T08:08:54","guid":{"rendered":"https:\/\/www.honlufoodtrailer.com\/?post_type=product&#038;p=6005"},"modified":"2025-02-14T15:39:56","modified_gmt":"2025-02-14T07:39:56","slug":"18ft-mobile-fast-food-trailer-for-sale","status":"publish","type":"product","link":"https:\/\/www.honlufoodtrailer.com\/sq\/product\/18ft-mobile-fast-food-trailer-for-sale\/","title":{"rendered":"Rimorkio mobile p\u00ebr ushqim t\u00eb shpejt\u00eb 18ft n\u00eb shitje"},"content":{"rendered":"<p>Ky \u00ebsht\u00eb nj\u00eb rimorkio mobile p\u00ebr ushqim t\u00eb shpejt\u00eb 18 metra e personalizuar q\u00eb e kemi prodhuar p\u00ebr nj\u00eb nga klient\u00ebt tan\u00eb. Ne mund t\u00eb prodhojm\u00eb nj\u00eb rimorkio t\u00eb ngjashme mobile p\u00ebr ushqim t\u00eb shpejt\u00eb p\u00ebr shitje si kjo, ose t\u00eb personalizojm\u00eb nj\u00eb p\u00ebr ju. Ngjyra e karroceris\u00eb, ngjit\u00ebset, tabelat dhe pajisjet e kuzhin\u00ebs s\u00eb rimorkios s\u00eb ushqimit t\u00eb shpejt\u00eb mund t\u00eb personalizohen. Thjesht na kontaktoni dhe na tregoni k\u00ebrkesat tuaja t\u00eb detajuara.<\/p>\n<p><img fetchpriority=\"high\" decoding=\"async\" class=\"size-full wp-image-6013 aligncenter\" src=\"https:\/\/www.honlufoodtrailer.com\/wp-content\/uploads\/2023\/11\/18ft-fast-food-trailer-on-sale.jpg\" alt=\"Rimorkio ushqimi t\u00eb shpejt\u00eb 18 metra n\u00eb shitje\" width=\"720\" height=\"540\" srcset=\"https:\/\/www.honlufoodtrailer.com\/wp-content\/uploads\/2023\/11\/18ft-fast-food-trailer-on-sale.jpg 720w, https:\/\/www.honlufoodtrailer.com\/wp-content\/uploads\/2023\/11\/18ft-fast-food-trailer-on-sale-480x360.jpg 480w, https:\/\/www.honlufoodtrailer.com\/wp-content\/uploads\/2023\/11\/18ft-fast-food-trailer-on-sale-300x225.jpg 300w\" sizes=\"(max-width: 720px) 100vw, 720px\" \/><\/p>\n<p>A po k\u00ebrkoni t\u00eb filloni biznesin tuaj t\u00eb ushqimit? D\u00ebshironi t\u00eb ofroni vakte t\u00eb shijshme edhe kur jeni n\u00eb l\u00ebvizje? At\u00ebher\u00eb, merrni n\u00eb konsiderat\u00eb t\u00eb investoni n\u00eb k\u00ebt\u00eb rimorkio t\u00eb l\u00ebvizshme p\u00ebr ushqim t\u00eb shpejt\u00eb 18 metra p\u00ebr shitje. Ky lloj... <a href=\"https:\/\/www.honlufoodtrailer.com\/sq\/product\/\" target=\"_blank\" rel=\"noopener\">rimorkio ushqimore<\/a> mund t&#039;ju ndihmoj\u00eb t\u00eb \u00e7oni biznesin tuaj drejt suksesit. Si\u00e7 mund ta shihni nga fotografia m\u00eb sip\u00ebr, mund ta p\u00ebrdorni k\u00ebt\u00eb rimorkio ushqimore p\u00ebr t\u00eb shitur shum\u00eb lloje ushqimesh t\u00eb shpejta, t\u00eb tilla si sandui\u00e7e me pul\u00eb, sallata me pul\u00eb, pica, sandui\u00e7e me hot dog, hamburger\u00eb, tako, krah\u00eb, sallata, patate t\u00eb skuqura, pije freskuese. Kjo do t&#039;ju ndihmoj\u00eb t\u00eb t\u00ebrhiqni m\u00eb shum\u00eb klient\u00eb. M\u00eb pas, m\u00eb lejoni t&#039;ju tregoj pamjen e brendshme t\u00eb k\u00ebsaj rimorkioje mobile p\u00ebr ushqim t\u00eb shpejt\u00eb.<\/p>\n<p><img decoding=\"async\" class=\"size-full wp-image-6012 aligncenter\" src=\"https:\/\/www.honlufoodtrailer.com\/wp-content\/uploads\/2023\/11\/18ft-fast-food-trailer-inner-view.jpg\" alt=\"Pamje nga brenda e rimorkios s\u00eb ushqimit t\u00eb shpejt\u00eb 18 metra\" width=\"720\" height=\"540\" srcset=\"https:\/\/www.honlufoodtrailer.com\/wp-content\/uploads\/2023\/11\/18ft-fast-food-trailer-inner-view.jpg 720w, https:\/\/www.honlufoodtrailer.com\/wp-content\/uploads\/2023\/11\/18ft-fast-food-trailer-inner-view-480x360.jpg 480w, https:\/\/www.honlufoodtrailer.com\/wp-content\/uploads\/2023\/11\/18ft-fast-food-trailer-inner-view-300x225.jpg 300w\" sizes=\"(max-width: 720px) 100vw, 720px\" \/><\/p>\n<p>Si\u00e7 mund ta shohim nga fotografia m\u00eb sip\u00ebr, ne e kemi pajisur rimorkion e ushqimit t\u00eb shpejt\u00eb 18 metra me disa pajisje kuzhine. Brenda rimorkios, ka kryesisht pajisje kuzhine si sob\u00eb me gaz, furr\u00eb, lavaman\u00eb, frigorifer, skar\u00eb, pllak\u00eb gatimi dhe aspirator etj. Me pajisjet e kuzhin\u00ebs t\u00eb m\u00ebsip\u00ebrme, klient\u00ebt tan\u00eb do t\u00eb jen\u00eb n\u00eb gjendje t&#039;u sh\u00ebrbejn\u00eb klient\u00ebve lloje t\u00eb ndryshme t\u00eb ushqimeve t\u00eb shpejta.<\/p>\n<p>Rimorkiot e ushqimit mund t\u00eb quhen edhe karroca ushqimore, furgon\u00eb ushqimi, kamion\u00eb ushqimi e k\u00ebshtu me radh\u00eb. Mund t\u00eb p\u00ebrdoren p\u00ebr t\u00eb shitur ushqim t\u00eb shpejt\u00eb, ushqime t\u00eb lehta, gazeta, libra e k\u00ebshtu me radh\u00eb. P\u00ebrb\u00ebhet nga shasia, karroceria, dyshemeja, tavolina e pun\u00ebs, sistemi i ujit dhe sistemi elektrik. P\u00ebrdoruesit gjithashtu mund t\u00eb zgjedhin ngjyr\u00ebn q\u00eb d\u00ebshirojn\u00eb. Ne do t\u00eb d\u00ebshironim t\u00eb blinim lloje t\u00eb tjera pajisjesh n\u00ebse klient\u00ebt d\u00ebshirojn\u00eb.<\/p>\n<h3>Karakteristikat kryesore t\u00eb rimorkios s\u00eb ushqimit t\u00eb shpejt\u00eb t\u00eb personalizuar<\/h3>\n<ol>\n<li>Me kosto t\u00eb ul\u00ebt dhe miq\u00ebsor ndaj mjedisit, pa tym dhe zhurm\u00eb, i leht\u00eb p\u00ebr t\u2019u zhvendosur n\u00eb \u00e7do vend.<\/li>\n<li>Mund t\u00eb p\u00ebrdoret p\u00ebr shum\u00eb vite dhe nuk do t\u00eb krijoj\u00eb mbeturina, dhe k\u00ebto jan\u00eb shum\u00eb t\u00eb p\u00ebrshtatshme p\u00ebr jet\u00ebn moderne.<\/li>\n<li>\u00cbsht\u00eb i p\u00ebrshtatsh\u00ebm dhe i thjesht\u00eb p\u00ebr ngarkim dhe transport sepse dizajni \u00ebsht\u00eb unik dhe individual.<\/li>\n<li>Materiali kryesor \u00ebsht\u00eb \u00e7elik inox, dhe forma e shesht\u00eb (tavolina) nuk do t\u00eb ndryshket.<\/li>\n<li>Ka rezistenc\u00eb ndaj nxeht\u00ebsis\u00eb dhe forc\u00eb t\u00eb lart\u00eb, q\u00ebndrueshm\u00ebri t\u00eb lart\u00eb ngjyre, pa deformime, \u00ebsht\u00eb i pap\u00ebrshkuesh\u00ebm nga uji dhe ka jet\u00ebgjat\u00ebsi t\u00eb gjat\u00eb sh\u00ebrbimi.<\/li>\n<\/ol>\n<h2>Avantazhi kryesor:<\/h2>\n<p><span class=\"magic-12\">1. Me kosto t\u00eb ul\u00ebt dhe miq\u00ebsore me mjedisin;<br \/>\n2. Leht\u00eb p\u00ebr t\u2019u zhvendosur n\u00eb \u00e7do vend (biznesi juaj nuk \u00ebsht\u00eb i kufizuar);<br \/>\n3. Form\u00eb unike (e padukshme p\u00ebr t\u00eb t\u00ebrhequr m\u00eb shum\u00eb klient\u00eb);<br \/>\n4. Jet\u00ebgjat\u00ebsi e gjat\u00eb sh\u00ebrbimi (rezistente ndaj korrozionit, rezistenc\u00eb ndaj nxeht\u00ebsis\u00eb, rezistente ndaj ujit, pa deformime).<\/span><\/p>","protected":false},"excerpt":{"rendered":"<p>Kjo \u00ebsht\u00eb nj\u00eb nga rimorkiot tona t\u00eb ushqimit t\u00eb shpejt\u00eb 18 metra t\u00eb l\u00ebvizshme, t\u00eb prodhuara me porosi. Zakonisht, \u00ebsht\u00eb modeli i preferuar p\u00ebr t\u00eb filluar nj\u00eb biznes rimorkiosh ushqimi. Sigurisht, ne mund t\u00eb prodhojm\u00eb nj\u00eb rimorkio t\u00eb ngjashme me ushqimin e shpejt\u00eb si kjo, ose ta personalizojm\u00eb nj\u00eb p\u00ebr ju. Ngjyra e karroceris\u00eb, ngjit\u00ebset, tabelat dhe pajisjet e kuzhin\u00ebs s\u00eb rimorkios s\u00eb ushqimit mund t\u00eb personalizohen.<\/p>","protected":false},"featured_media":6015,"template":"","meta":{"_themeisle_gutenberg_block_has_review":false},"product_brand":[],"product_cat":[26],"product_tag":[83,33,60,61,38],"class_list":{"0":"post-6005","1":"product","2":"type-product","3":"status-publish","4":"has-post-thumbnail","6":"product_cat-product","7":"product_tag-18ft-food-trailer","8":"product_tag-customized-trailer","9":"product_tag-fast-food-trailer","10":"product_tag-fast-food-trailer-for-sale","11":"product_tag-mobile-food-trailer","13":"first","14":"instock","15":"featured","16":"shipping-taxable","17":"product-type-simple"},"yoast_head":"<!-- This site is optimized with the Yoast SEO plugin v27.5 - https:\/\/yoast.com\/product\/yoast-seo-wordpress\/ -->\n<title>18ft Mobile Fast Food Trailer For Sale - Honlu Food Trailer<\/title>\n<meta name=\"description\" content=\"This is an 18ft mobile fast food trailer for sale we have customized for a customer. Get a similar or customized one at factory price now!\" \/>\n<meta name=\"robots\" content=\"index, follow, max-snippet:-1, max-image-preview:large, max-video-preview:-1\" \/>\n<link rel=\"canonical\" href=\"https:\/\/www.honlufoodtrailer.com\/sq\/product\/18ft-mobile-fast-food-trailer-for-sale\/\" \/>\n<meta property=\"og:locale\" content=\"sq_AL\" \/>\n<meta property=\"og:type\" content=\"article\" \/>\n<meta property=\"og:title\" content=\"18ft Mobile Fast Food Trailer For Sale - Honlu Food Trailer\" \/>\n<meta property=\"og:description\" content=\"This is an 18ft mobile fast food trailer for sale we have customized for a customer. Get a similar or customized one at factory price now!\" \/>\n<meta property=\"og:url\" content=\"https:\/\/www.honlufoodtrailer.com\/sq\/product\/18ft-mobile-fast-food-trailer-for-sale\/\" \/>\n<meta property=\"og:site_name\" content=\"Honlu food trailer\" \/>\n<meta property=\"article:modified_time\" content=\"2025-02-14T07:39:56+00:00\" \/>\n<meta property=\"og:image\" content=\"https:\/\/www.honlufoodtrailer.com\/wp-content\/uploads\/2023\/11\/18ft-fast-food-trailer.jpg\" \/>\n\t<meta property=\"og:image:width\" content=\"720\" \/>\n\t<meta property=\"og:image:height\" content=\"540\" \/>\n\t<meta property=\"og:image:type\" content=\"image\/jpeg\" \/>\n<meta name=\"twitter:card\" content=\"summary_large_image\" \/>\n<meta name=\"twitter:label1\" content=\"Est. reading time\" \/>\n\t<meta name=\"twitter:data1\" content=\"1 minut\u00eb\" \/>\n<script type=\"application\/ld+json\" class=\"yoast-schema-graph\">{\"@context\":\"https:\\\/\\\/schema.org\",\"@graph\":[{\"@type\":\"WebPage\",\"@id\":\"https:\\\/\\\/www.honlufoodtrailer.com\\\/product\\\/18ft-mobile-fast-food-trailer-for-sale\\\/\",\"url\":\"https:\\\/\\\/www.honlufoodtrailer.com\\\/product\\\/18ft-mobile-fast-food-trailer-for-sale\\\/\",\"name\":\"18ft Mobile Fast Food Trailer For Sale - Honlu Food Trailer\",\"isPartOf\":{\"@id\":\"https:\\\/\\\/www.honlufoodtrailer.com\\\/#website\"},\"primaryImageOfPage\":{\"@id\":\"https:\\\/\\\/www.honlufoodtrailer.com\\\/product\\\/18ft-mobile-fast-food-trailer-for-sale\\\/#primaryimage\"},\"image\":{\"@id\":\"https:\\\/\\\/www.honlufoodtrailer.com\\\/product\\\/18ft-mobile-fast-food-trailer-for-sale\\\/#primaryimage\"},\"thumbnailUrl\":\"https:\\\/\\\/www.honlufoodtrailer.com\\\/wp-content\\\/uploads\\\/2023\\\/11\\\/18ft-fast-food-trailer.jpg\",\"datePublished\":\"2023-11-29T08:08:54+00:00\",\"dateModified\":\"2025-02-14T07:39:56+00:00\",\"description\":\"This is an 18ft mobile fast food trailer for sale we have customized for a customer. Get a similar or customized one at factory price now!\",\"breadcrumb\":{\"@id\":\"https:\\\/\\\/www.honlufoodtrailer.com\\\/product\\\/18ft-mobile-fast-food-trailer-for-sale\\\/#breadcrumb\"},\"inLanguage\":\"sq\",\"potentialAction\":[{\"@type\":\"ReadAction\",\"target\":[\"https:\\\/\\\/www.honlufoodtrailer.com\\\/product\\\/18ft-mobile-fast-food-trailer-for-sale\\\/\"]}]},{\"@type\":\"ImageObject\",\"inLanguage\":\"sq\",\"@id\":\"https:\\\/\\\/www.honlufoodtrailer.com\\\/product\\\/18ft-mobile-fast-food-trailer-for-sale\\\/#primaryimage\",\"url\":\"https:\\\/\\\/www.honlufoodtrailer.com\\\/wp-content\\\/uploads\\\/2023\\\/11\\\/18ft-fast-food-trailer.jpg\",\"contentUrl\":\"https:\\\/\\\/www.honlufoodtrailer.com\\\/wp-content\\\/uploads\\\/2023\\\/11\\\/18ft-fast-food-trailer.jpg\",\"width\":720,\"height\":540,\"caption\":\"18ft fast food trailer\"},{\"@type\":\"BreadcrumbList\",\"@id\":\"https:\\\/\\\/www.honlufoodtrailer.com\\\/product\\\/18ft-mobile-fast-food-trailer-for-sale\\\/#breadcrumb\",\"itemListElement\":[{\"@type\":\"ListItem\",\"position\":1,\"name\":\"Home\",\"item\":\"https:\\\/\\\/www.honlufoodtrailer.com\\\/\"},{\"@type\":\"ListItem\",\"position\":2,\"name\":\"\u4ea7\u54c1\",\"item\":\"https:\\\/\\\/www.honlufoodtrailer.com\\\/shop\\\/\"},{\"@type\":\"ListItem\",\"position\":3,\"name\":\"18ft Mobile Fast Food Trailer For Sale\"}]},{\"@type\":\"WebSite\",\"@id\":\"https:\\\/\\\/www.honlufoodtrailer.com\\\/#website\",\"url\":\"https:\\\/\\\/www.honlufoodtrailer.com\\\/\",\"name\":\"Honlu food trailer\",\"description\":\"\",\"publisher\":{\"@id\":\"https:\\\/\\\/www.honlufoodtrailer.com\\\/#organization\"},\"potentialAction\":[{\"@type\":\"SearchAction\",\"target\":{\"@type\":\"EntryPoint\",\"urlTemplate\":\"https:\\\/\\\/www.honlufoodtrailer.com\\\/?s={search_term_string}\"},\"query-input\":{\"@type\":\"PropertyValueSpecification\",\"valueRequired\":true,\"valueName\":\"search_term_string\"}}],\"inLanguage\":\"sq\"},{\"@type\":\"Organization\",\"@id\":\"https:\\\/\\\/www.honlufoodtrailer.com\\\/#organization\",\"name\":\"Honlu food trailer\",\"url\":\"https:\\\/\\\/www.honlufoodtrailer.com\\\/\",\"logo\":{\"@type\":\"ImageObject\",\"inLanguage\":\"sq\",\"@id\":\"https:\\\/\\\/www.honlufoodtrailer.com\\\/#\\\/schema\\\/logo\\\/image\\\/\",\"url\":\"https:\\\/\\\/www.honlufoodtrailer.com\\\/wp-content\\\/uploads\\\/2021\\\/12\\\/2.gif\",\"contentUrl\":\"https:\\\/\\\/www.honlufoodtrailer.com\\\/wp-content\\\/uploads\\\/2021\\\/12\\\/2.gif\",\"width\":350,\"height\":100,\"caption\":\"Honlu food trailer\"},\"image\":{\"@id\":\"https:\\\/\\\/www.honlufoodtrailer.com\\\/#\\\/schema\\\/logo\\\/image\\\/\"}}]}<\/script>\n<!-- \/ Yoast SEO plugin. -->","yoast_head_json":{"title":"Rimorkio e l\u00ebvizshme p\u00ebr ushqim t\u00eb shpejt\u00eb 18ft n\u00eb shitje - Rimorkio ushqimore Honlu","description":"Ky \u00ebsht\u00eb nj\u00eb rimorkio mobile p\u00ebr ushqim t\u00eb shpejt\u00eb 18 metra n\u00eb shitje q\u00eb e kemi p\u00ebrshtatur p\u00ebr nj\u00eb klient. Merrni nj\u00eb t\u00eb ngjashme ose t\u00eb personalizuar me \u00e7mimin e fabrik\u00ebs tani!","robots":{"index":"index","follow":"follow","max-snippet":"max-snippet:-1","max-image-preview":"max-image-preview:large","max-video-preview":"max-video-preview:-1"},"canonical":"https:\/\/www.honlufoodtrailer.com\/sq\/product\/18ft-mobile-fast-food-trailer-for-sale\/","og_locale":"sq_AL","og_type":"article","og_title":"18ft Mobile Fast Food Trailer For Sale - Honlu Food Trailer","og_description":"This is an 18ft mobile fast food trailer for sale we have customized for a customer. Get a similar or customized one at factory price now!","og_url":"https:\/\/www.honlufoodtrailer.com\/sq\/product\/18ft-mobile-fast-food-trailer-for-sale\/","og_site_name":"Honlu food trailer","article_modified_time":"2025-02-14T07:39:56+00:00","og_image":[{"width":720,"height":540,"url":"https:\/\/www.honlufoodtrailer.com\/wp-content\/uploads\/2023\/11\/18ft-fast-food-trailer.jpg","type":"image\/jpeg"}],"twitter_card":"summary_large_image","twitter_misc":{"Est. reading time":"1 minut\u00eb"},"schema":{"@context":"https:\/\/schema.org","@graph":[{"@type":"WebPage","@id":"https:\/\/www.honlufoodtrailer.com\/product\/18ft-mobile-fast-food-trailer-for-sale\/","url":"https:\/\/www.honlufoodtrailer.com\/product\/18ft-mobile-fast-food-trailer-for-sale\/","name":"Rimorkio e l\u00ebvizshme p\u00ebr ushqim t\u00eb shpejt\u00eb 18ft n\u00eb shitje - Rimorkio ushqimore Honlu","isPartOf":{"@id":"https:\/\/www.honlufoodtrailer.com\/#website"},"primaryImageOfPage":{"@id":"https:\/\/www.honlufoodtrailer.com\/product\/18ft-mobile-fast-food-trailer-for-sale\/#primaryimage"},"image":{"@id":"https:\/\/www.honlufoodtrailer.com\/product\/18ft-mobile-fast-food-trailer-for-sale\/#primaryimage"},"thumbnailUrl":"https:\/\/www.honlufoodtrailer.com\/wp-content\/uploads\/2023\/11\/18ft-fast-food-trailer.jpg","datePublished":"2023-11-29T08:08:54+00:00","dateModified":"2025-02-14T07:39:56+00:00","description":"Ky \u00ebsht\u00eb nj\u00eb rimorkio mobile p\u00ebr ushqim t\u00eb shpejt\u00eb 18 metra n\u00eb shitje q\u00eb e kemi p\u00ebrshtatur p\u00ebr nj\u00eb klient. Merrni nj\u00eb t\u00eb ngjashme ose t\u00eb personalizuar me \u00e7mimin e fabrik\u00ebs tani!","breadcrumb":{"@id":"https:\/\/www.honlufoodtrailer.com\/product\/18ft-mobile-fast-food-trailer-for-sale\/#breadcrumb"},"inLanguage":"sq","potentialAction":[{"@type":"ReadAction","target":["https:\/\/www.honlufoodtrailer.com\/product\/18ft-mobile-fast-food-trailer-for-sale\/"]}]},{"@type":"ImageObject","inLanguage":"sq","@id":"https:\/\/www.honlufoodtrailer.com\/product\/18ft-mobile-fast-food-trailer-for-sale\/#primaryimage","url":"https:\/\/www.honlufoodtrailer.com\/wp-content\/uploads\/2023\/11\/18ft-fast-food-trailer.jpg","contentUrl":"https:\/\/www.honlufoodtrailer.com\/wp-content\/uploads\/2023\/11\/18ft-fast-food-trailer.jpg","width":720,"height":540,"caption":"18ft fast food trailer"},{"@type":"BreadcrumbList","@id":"https:\/\/www.honlufoodtrailer.com\/product\/18ft-mobile-fast-food-trailer-for-sale\/#breadcrumb","itemListElement":[{"@type":"ListItem","position":1,"name":"Home","item":"https:\/\/www.honlufoodtrailer.com\/"},{"@type":"ListItem","position":2,"name":"\u4ea7\u54c1","item":"https:\/\/www.honlufoodtrailer.com\/shop\/"},{"@type":"ListItem","position":3,"name":"18ft Mobile Fast Food Trailer For Sale"}]},{"@type":"WebSite","@id":"https:\/\/www.honlufoodtrailer.com\/#website","url":"https:\/\/www.honlufoodtrailer.com\/","name":"Rimorkio ushqimore n\u00eb Honlu","description":"","publisher":{"@id":"https:\/\/www.honlufoodtrailer.com\/#organization"},"potentialAction":[{"@type":"SearchAction","target":{"@type":"EntryPoint","urlTemplate":"https:\/\/www.honlufoodtrailer.com\/?s={search_term_string}"},"query-input":{"@type":"PropertyValueSpecification","valueRequired":true,"valueName":"search_term_string"}}],"inLanguage":"sq"},{"@type":"Organization","@id":"https:\/\/www.honlufoodtrailer.com\/#organization","name":"Rimorkio ushqimore n\u00eb Honlu","url":"https:\/\/www.honlufoodtrailer.com\/","logo":{"@type":"ImageObject","inLanguage":"sq","@id":"https:\/\/www.honlufoodtrailer.com\/#\/schema\/logo\/image\/","url":"https:\/\/www.honlufoodtrailer.com\/wp-content\/uploads\/2021\/12\/2.gif","contentUrl":"https:\/\/www.honlufoodtrailer.com\/wp-content\/uploads\/2021\/12\/2.gif","width":350,"height":100,"caption":"Honlu food trailer"},"image":{"@id":"https:\/\/www.honlufoodtrailer.com\/#\/schema\/logo\/image\/"}}]}},"_links":{"self":[{"href":"https:\/\/www.honlufoodtrailer.com\/sq\/wp-json\/wp\/v2\/product\/6005","targetHints":{"allow":["GET"]}}],"collection":[{"href":"https:\/\/www.honlufoodtrailer.com\/sq\/wp-json\/wp\/v2\/product"}],"about":[{"href":"https:\/\/www.honlufoodtrailer.com\/sq\/wp-json\/wp\/v2\/types\/product"}],"version-history":[{"count":0,"href":"https:\/\/www.honlufoodtrailer.com\/sq\/wp-json\/wp\/v2\/product\/6005\/revisions"}],"wp:featuredmedia":[{"embeddable":true,"href":"https:\/\/www.honlufoodtrailer.com\/sq\/wp-json\/wp\/v2\/media\/6015"}],"wp:attachment":[{"href":"https:\/\/www.honlufoodtrailer.com\/sq\/wp-json\/wp\/v2\/media?parent=6005"}],"wp:term":[{"taxonomy":"product_brand","embeddable":true,"href":"https:\/\/www.honlufoodtrailer.com\/sq\/wp-json\/wp\/v2\/product_brand?post=6005"},{"taxonomy":"product_cat","embeddable":true,"href":"https:\/\/www.honlufoodtrailer.com\/sq\/wp-json\/wp\/v2\/product_cat?post=6005"},{"taxonomy":"product_tag","embeddable":true,"href":"https:\/\/www.honlufoodtrailer.com\/sq\/wp-json\/wp\/v2\/product_tag?post=6005"}],"curies":[{"name":"wp","href":"https:\/\/api.w.org\/{rel}","templated":true}]}}