{"id":6038,"date":"2023-12-04T15:55:47","date_gmt":"2023-12-04T07:55:47","guid":{"rendered":"https:\/\/www.honlufoodtrailer.com\/?post_type=product&#038;p=6038"},"modified":"2025-02-14T15:38:24","modified_gmt":"2025-02-14T07:38:24","slug":"26ft-taco-truck-trailer-for-sale","status":"publish","type":"product","link":"https:\/\/www.honlufoodtrailer.com\/sq\/product\/26ft-taco-truck-trailer-for-sale\/","title":{"rendered":"26ft Taco Food Trailer For Sale"},"content":{"rendered":"<p>This is a customized 26ft taco food trailer we have manufactured for one of our American customers. We can manufacture a similar taco food trailer like this one, or customize one for you. The body color, stickers, signage, kitchen equipment of the taco truck trailer can be customized. Just contact us and tell us your detailed requirements.<\/p>\n<p><img fetchpriority=\"high\" decoding=\"async\" class=\"size-full wp-image-6047 aligncenter\" src=\"https:\/\/www.honlufoodtrailer.com\/wp-content\/uploads\/2023\/12\/taco-truck-trailer.jpg\" alt=\"taco truck trailer\" width=\"720\" height=\"540\" srcset=\"https:\/\/www.honlufoodtrailer.com\/wp-content\/uploads\/2023\/12\/taco-truck-trailer.jpg 720w, https:\/\/www.honlufoodtrailer.com\/wp-content\/uploads\/2023\/12\/taco-truck-trailer-480x360.jpg 480w, https:\/\/www.honlufoodtrailer.com\/wp-content\/uploads\/2023\/12\/taco-truck-trailer-300x225.jpg 300w\" sizes=\"(max-width: 720px) 100vw, 720px\" \/><\/p>\n<p>A po k\u00ebrkoni t\u00eb filloni biznesin tuaj t\u00eb ushqimit? D\u00ebshironi t\u00eb ofroni vakte t\u00eb shijshme edhe kur jeni n\u00eb l\u00ebvizje? At\u00ebher\u00eb, merrni n\u00eb konsiderat\u00eb t\u00eb investoni n\u00eb k\u00ebt\u00eb rimorkio t\u00eb l\u00ebvizshme p\u00ebr ushqim t\u00eb shpejt\u00eb 18 metra p\u00ebr shitje. Ky lloj... <a href=\"https:\/\/www.honlufoodtrailer.com\/sq\/product\/\" target=\"_blank\" rel=\"noopener\">rimorkio ushqimore<\/a> can help drive your business to success. As you can see from the picture above, you can use this food trailer to sell many kinds of Mexican food such as mexican tortillas, burrito, quesadilla, caesar salad, mexican grill, nachos,. That will help you attract more customers. Next, let me show you the inner view of this taco truck trailer.<\/p>\n<p><img decoding=\"async\" class=\"size-full wp-image-6048 aligncenter\" src=\"https:\/\/www.honlufoodtrailer.com\/wp-content\/uploads\/2023\/12\/taco-food-trailer-inner-details.jpg\" alt=\"taco food trailer inner details\" width=\"800\" height=\"800\" srcset=\"https:\/\/www.honlufoodtrailer.com\/wp-content\/uploads\/2023\/12\/taco-food-trailer-inner-details.jpg 800w, https:\/\/www.honlufoodtrailer.com\/wp-content\/uploads\/2023\/12\/taco-food-trailer-inner-details-768x768.jpg 768w, https:\/\/www.honlufoodtrailer.com\/wp-content\/uploads\/2023\/12\/taco-food-trailer-inner-details-360x360.jpg 360w, https:\/\/www.honlufoodtrailer.com\/wp-content\/uploads\/2023\/12\/taco-food-trailer-inner-details-300x300.jpg 300w, https:\/\/www.honlufoodtrailer.com\/wp-content\/uploads\/2023\/12\/taco-food-trailer-inner-details-720x720.jpg 720w, https:\/\/www.honlufoodtrailer.com\/wp-content\/uploads\/2023\/12\/taco-food-trailer-inner-details-100x100.jpg 100w\" sizes=\"(max-width: 800px) 100vw, 800px\" \/><\/p>\n<p>Si\u00e7 mund ta shohim nga fotografia m\u00eb sip\u00ebr, ne e kemi pajisur rimorkion e ushqimit t\u00eb shpejt\u00eb 18 metra me disa pajisje kuzhine. Brenda rimorkios, ka kryesisht pajisje kuzhine si sob\u00eb me gaz, furr\u00eb, lavaman\u00eb, frigorifer, skar\u00eb, pllak\u00eb gatimi dhe aspirator etj. Me pajisjet e kuzhin\u00ebs t\u00eb m\u00ebsip\u00ebrme, klient\u00ebt tan\u00eb do t\u00eb jen\u00eb n\u00eb gjendje t&#039;u sh\u00ebrbejn\u00eb klient\u00ebve lloje t\u00eb ndryshme t\u00eb ushqimeve t\u00eb shpejta.<\/p>\n<p>Rimorkiot e ushqimit mund t\u00eb quhen edhe karroca ushqimore, furgon\u00eb ushqimi, kamion\u00eb ushqimi e k\u00ebshtu me radh\u00eb. Mund t\u00eb p\u00ebrdoren p\u00ebr t\u00eb shitur ushqim t\u00eb shpejt\u00eb, ushqime t\u00eb lehta, gazeta, libra e k\u00ebshtu me radh\u00eb. P\u00ebrb\u00ebhet nga shasia, karroceria, dyshemeja, tavolina e pun\u00ebs, sistemi i ujit dhe sistemi elektrik. P\u00ebrdoruesit gjithashtu mund t\u00eb zgjedhin ngjyr\u00ebn q\u00eb d\u00ebshirojn\u00eb. Ne do t\u00eb d\u00ebshironim t\u00eb blinim lloje t\u00eb tjera pajisjesh n\u00ebse klient\u00ebt d\u00ebshirojn\u00eb.<\/p>\n<h2><b class=\"magic-22\"><span class=\"magic-11\">Main Features<\/span><\/b><\/h2>\n<div class=\"magic-2\">\n<div class=\"magic-3\">\n<div class=\"magic-4\">\n<p class=\"magic-5\" data-spm-anchor-id=\"a2700.details.0.i22.54e5117dtl16iL\"><span style=\"font-family: Tahoma;\">1<span class=\"magic-12\" data-spm-anchor-id=\"a2700.details.0.i21.54e5117dtl16iL\">. Kosto e ul\u00ebt dhe miq\u00ebsore me mjedisin, pa tym dhe zhurm\u00eb, e leht\u00eb p\u00ebr t\u2019u zhvendosur n\u00eb \u00e7do vend.<\/span><\/span><\/p>\n<p>2. Mund t\u00eb p\u00ebrdoret p\u00ebr shum\u00eb vite dhe nuk do t\u00eb krijoj\u00eb mbeturina, dhe kjo \u00ebsht\u00eb shum\u00eb e p\u00ebrshtatshme p\u00ebr jet\u00ebn moderne.<\/p>\n<p>3. \u00cbsht\u00eb i p\u00ebrshtatsh\u00ebm dhe i thjesht\u00eb p\u00ebr ngarkim dhe transport sepse dizajni \u00ebsht\u00eb unik dhe individual.<\/p>\n<p>4. Materiali kryesor \u00ebsht\u00eb \u00e7elik inox, dhe forma e shesht\u00eb (tavolina) nuk do t\u00eb ndryshket.<\/p>\n<p>5. Ka rezistenc\u00eb ndaj nxeht\u00ebsis\u00eb dhe forc\u00eb t\u00eb lart\u00eb, q\u00ebndrueshm\u00ebri t\u00eb lart\u00eb ngjyrash, pa deformim, rezistent ndaj ujit dhe jet\u00ebgjat\u00ebsi t\u00eb gjat\u00eb sh\u00ebrbimi.<\/p>\n<\/div>\n<\/div>\n<\/div>\n<h2><b class=\"magic-22\"><span class=\"magic-11\">Avantazhi kryesor:<\/span><\/b><\/h2>\n<p><span class=\"magic-12\">1. Me kosto t\u00eb ul\u00ebt dhe miq\u00ebsore me mjedisin;<br \/>\n2. Leht\u00eb p\u00ebr t\u2019u zhvendosur n\u00eb \u00e7do vend (biznesi juaj nuk \u00ebsht\u00eb i kufizuar);<br \/>\n3. Form\u00eb unike (e padukshme p\u00ebr t\u00eb t\u00ebrhequr m\u00eb shum\u00eb klient\u00eb);<br \/>\n4. Jet\u00ebgjat\u00ebsi e gjat\u00eb sh\u00ebrbimi (rezistente ndaj korrozionit, rezistenc\u00eb ndaj nxeht\u00ebsis\u00eb, rezistente ndaj ujit, pa deformime).<\/span><\/p>","protected":false},"excerpt":{"rendered":"<p>This is one of our custom-made 26ft taco concession trailer. As a matter of fact, we can manufacture a taco food trailer like this one, or customize one for you. The body color, stickers, signage, kitchen equipment of the food trailer can be customized.<\/p>","protected":false},"featured_media":6047,"template":"","meta":{"_themeisle_gutenberg_block_has_review":false},"product_brand":[],"product_cat":[26],"product_tag":[76,33,62,63,84,64],"class_list":{"0":"post-6038","1":"product","2":"type-product","3":"status-publish","4":"has-post-thumbnail","6":"product_cat-product","7":"product_tag-26ft-food-trailer","8":"product_tag-customized-trailer","9":"product_tag-taco-food-trailer","10":"product_tag-taco-food-trailer-for-sale","11":"product_tag-taco-truck","12":"product_tag-taco-truck-trailer","14":"first","15":"instock","16":"shipping-taxable","17":"product-type-simple"},"yoast_head":"<!-- This site is optimized with the Yoast SEO plugin v27.5 - https:\/\/yoast.com\/product\/yoast-seo-wordpress\/ -->\n<title>Factory Price 26ft Taco Food Trailer For Sale - Honlu Food Trailer<\/title>\n<meta name=\"description\" content=\"This is a 26ft taco food trailer for sale we have customized for an American customer. Get a similar or customized one at factory price now!\" \/>\n<meta name=\"robots\" content=\"index, follow, max-snippet:-1, max-image-preview:large, max-video-preview:-1\" \/>\n<link rel=\"canonical\" href=\"https:\/\/www.honlufoodtrailer.com\/sq\/product\/26ft-taco-truck-trailer-for-sale\/\" \/>\n<meta property=\"og:locale\" content=\"sq_AL\" \/>\n<meta property=\"og:type\" content=\"article\" \/>\n<meta property=\"og:title\" content=\"Factory Price 26ft Taco Food Trailer For Sale - Honlu Food Trailer\" \/>\n<meta property=\"og:description\" content=\"This is a 26ft taco food trailer for sale we have customized for an American customer. Get a similar or customized one at factory price now!\" \/>\n<meta property=\"og:url\" content=\"https:\/\/www.honlufoodtrailer.com\/sq\/product\/26ft-taco-truck-trailer-for-sale\/\" \/>\n<meta property=\"og:site_name\" content=\"Honlu food trailer\" \/>\n<meta property=\"article:modified_time\" content=\"2025-02-14T07:38:24+00:00\" \/>\n<meta property=\"og:image\" content=\"https:\/\/www.honlufoodtrailer.com\/wp-content\/uploads\/2023\/12\/taco-truck-trailer.jpg\" \/>\n\t<meta property=\"og:image:width\" content=\"720\" \/>\n\t<meta property=\"og:image:height\" content=\"540\" \/>\n\t<meta property=\"og:image:type\" content=\"image\/jpeg\" \/>\n<meta name=\"twitter:card\" content=\"summary_large_image\" \/>\n<meta name=\"twitter:label1\" content=\"Est. reading time\" \/>\n\t<meta name=\"twitter:data1\" content=\"1 minut\u00eb\" \/>\n<script type=\"application\/ld+json\" class=\"yoast-schema-graph\">{\"@context\":\"https:\\\/\\\/schema.org\",\"@graph\":[{\"@type\":\"WebPage\",\"@id\":\"https:\\\/\\\/www.honlufoodtrailer.com\\\/product\\\/26ft-taco-truck-trailer-for-sale\\\/\",\"url\":\"https:\\\/\\\/www.honlufoodtrailer.com\\\/product\\\/26ft-taco-truck-trailer-for-sale\\\/\",\"name\":\"Factory Price 26ft Taco Food Trailer For Sale - Honlu Food Trailer\",\"isPartOf\":{\"@id\":\"https:\\\/\\\/www.honlufoodtrailer.com\\\/#website\"},\"primaryImageOfPage\":{\"@id\":\"https:\\\/\\\/www.honlufoodtrailer.com\\\/product\\\/26ft-taco-truck-trailer-for-sale\\\/#primaryimage\"},\"image\":{\"@id\":\"https:\\\/\\\/www.honlufoodtrailer.com\\\/product\\\/26ft-taco-truck-trailer-for-sale\\\/#primaryimage\"},\"thumbnailUrl\":\"https:\\\/\\\/www.honlufoodtrailer.com\\\/wp-content\\\/uploads\\\/2023\\\/12\\\/taco-truck-trailer.jpg\",\"datePublished\":\"2023-12-04T07:55:47+00:00\",\"dateModified\":\"2025-02-14T07:38:24+00:00\",\"description\":\"This is a 26ft taco food trailer for sale we have customized for an American customer. Get a similar or customized one at factory price now!\",\"breadcrumb\":{\"@id\":\"https:\\\/\\\/www.honlufoodtrailer.com\\\/product\\\/26ft-taco-truck-trailer-for-sale\\\/#breadcrumb\"},\"inLanguage\":\"sq\",\"potentialAction\":[{\"@type\":\"ReadAction\",\"target\":[\"https:\\\/\\\/www.honlufoodtrailer.com\\\/product\\\/26ft-taco-truck-trailer-for-sale\\\/\"]}]},{\"@type\":\"ImageObject\",\"inLanguage\":\"sq\",\"@id\":\"https:\\\/\\\/www.honlufoodtrailer.com\\\/product\\\/26ft-taco-truck-trailer-for-sale\\\/#primaryimage\",\"url\":\"https:\\\/\\\/www.honlufoodtrailer.com\\\/wp-content\\\/uploads\\\/2023\\\/12\\\/taco-truck-trailer.jpg\",\"contentUrl\":\"https:\\\/\\\/www.honlufoodtrailer.com\\\/wp-content\\\/uploads\\\/2023\\\/12\\\/taco-truck-trailer.jpg\",\"width\":720,\"height\":540,\"caption\":\"taco truck trailer\"},{\"@type\":\"BreadcrumbList\",\"@id\":\"https:\\\/\\\/www.honlufoodtrailer.com\\\/product\\\/26ft-taco-truck-trailer-for-sale\\\/#breadcrumb\",\"itemListElement\":[{\"@type\":\"ListItem\",\"position\":1,\"name\":\"Home\",\"item\":\"https:\\\/\\\/www.honlufoodtrailer.com\\\/\"},{\"@type\":\"ListItem\",\"position\":2,\"name\":\"\u4ea7\u54c1\",\"item\":\"https:\\\/\\\/www.honlufoodtrailer.com\\\/shop\\\/\"},{\"@type\":\"ListItem\",\"position\":3,\"name\":\"26ft Taco Food Trailer For Sale\"}]},{\"@type\":\"WebSite\",\"@id\":\"https:\\\/\\\/www.honlufoodtrailer.com\\\/#website\",\"url\":\"https:\\\/\\\/www.honlufoodtrailer.com\\\/\",\"name\":\"Honlu food trailer\",\"description\":\"\",\"publisher\":{\"@id\":\"https:\\\/\\\/www.honlufoodtrailer.com\\\/#organization\"},\"potentialAction\":[{\"@type\":\"SearchAction\",\"target\":{\"@type\":\"EntryPoint\",\"urlTemplate\":\"https:\\\/\\\/www.honlufoodtrailer.com\\\/?s={search_term_string}\"},\"query-input\":{\"@type\":\"PropertyValueSpecification\",\"valueRequired\":true,\"valueName\":\"search_term_string\"}}],\"inLanguage\":\"sq\"},{\"@type\":\"Organization\",\"@id\":\"https:\\\/\\\/www.honlufoodtrailer.com\\\/#organization\",\"name\":\"Honlu food trailer\",\"url\":\"https:\\\/\\\/www.honlufoodtrailer.com\\\/\",\"logo\":{\"@type\":\"ImageObject\",\"inLanguage\":\"sq\",\"@id\":\"https:\\\/\\\/www.honlufoodtrailer.com\\\/#\\\/schema\\\/logo\\\/image\\\/\",\"url\":\"https:\\\/\\\/www.honlufoodtrailer.com\\\/wp-content\\\/uploads\\\/2021\\\/12\\\/2.gif\",\"contentUrl\":\"https:\\\/\\\/www.honlufoodtrailer.com\\\/wp-content\\\/uploads\\\/2021\\\/12\\\/2.gif\",\"width\":350,\"height\":100,\"caption\":\"Honlu food trailer\"},\"image\":{\"@id\":\"https:\\\/\\\/www.honlufoodtrailer.com\\\/#\\\/schema\\\/logo\\\/image\\\/\"}}]}<\/script>\n<!-- \/ Yoast SEO plugin. -->","yoast_head_json":{"title":"Factory Price 26ft Taco Food Trailer For Sale - Honlu Food Trailer","description":"This is a 26ft taco food trailer for sale we have customized for an American customer. Get a similar or customized one at factory price now!","robots":{"index":"index","follow":"follow","max-snippet":"max-snippet:-1","max-image-preview":"max-image-preview:large","max-video-preview":"max-video-preview:-1"},"canonical":"https:\/\/www.honlufoodtrailer.com\/sq\/product\/26ft-taco-truck-trailer-for-sale\/","og_locale":"sq_AL","og_type":"article","og_title":"Factory Price 26ft Taco Food Trailer For Sale - Honlu Food Trailer","og_description":"This is a 26ft taco food trailer for sale we have customized for an American customer. Get a similar or customized one at factory price now!","og_url":"https:\/\/www.honlufoodtrailer.com\/sq\/product\/26ft-taco-truck-trailer-for-sale\/","og_site_name":"Honlu food trailer","article_modified_time":"2025-02-14T07:38:24+00:00","og_image":[{"width":720,"height":540,"url":"https:\/\/www.honlufoodtrailer.com\/wp-content\/uploads\/2023\/12\/taco-truck-trailer.jpg","type":"image\/jpeg"}],"twitter_card":"summary_large_image","twitter_misc":{"Est. reading time":"1 minut\u00eb"},"schema":{"@context":"https:\/\/schema.org","@graph":[{"@type":"WebPage","@id":"https:\/\/www.honlufoodtrailer.com\/product\/26ft-taco-truck-trailer-for-sale\/","url":"https:\/\/www.honlufoodtrailer.com\/product\/26ft-taco-truck-trailer-for-sale\/","name":"Factory Price 26ft Taco Food Trailer For Sale - Honlu Food Trailer","isPartOf":{"@id":"https:\/\/www.honlufoodtrailer.com\/#website"},"primaryImageOfPage":{"@id":"https:\/\/www.honlufoodtrailer.com\/product\/26ft-taco-truck-trailer-for-sale\/#primaryimage"},"image":{"@id":"https:\/\/www.honlufoodtrailer.com\/product\/26ft-taco-truck-trailer-for-sale\/#primaryimage"},"thumbnailUrl":"https:\/\/www.honlufoodtrailer.com\/wp-content\/uploads\/2023\/12\/taco-truck-trailer.jpg","datePublished":"2023-12-04T07:55:47+00:00","dateModified":"2025-02-14T07:38:24+00:00","description":"This is a 26ft taco food trailer for sale we have customized for an American customer. Get a similar or customized one at factory price now!","breadcrumb":{"@id":"https:\/\/www.honlufoodtrailer.com\/product\/26ft-taco-truck-trailer-for-sale\/#breadcrumb"},"inLanguage":"sq","potentialAction":[{"@type":"ReadAction","target":["https:\/\/www.honlufoodtrailer.com\/product\/26ft-taco-truck-trailer-for-sale\/"]}]},{"@type":"ImageObject","inLanguage":"sq","@id":"https:\/\/www.honlufoodtrailer.com\/product\/26ft-taco-truck-trailer-for-sale\/#primaryimage","url":"https:\/\/www.honlufoodtrailer.com\/wp-content\/uploads\/2023\/12\/taco-truck-trailer.jpg","contentUrl":"https:\/\/www.honlufoodtrailer.com\/wp-content\/uploads\/2023\/12\/taco-truck-trailer.jpg","width":720,"height":540,"caption":"taco truck trailer"},{"@type":"BreadcrumbList","@id":"https:\/\/www.honlufoodtrailer.com\/product\/26ft-taco-truck-trailer-for-sale\/#breadcrumb","itemListElement":[{"@type":"ListItem","position":1,"name":"Home","item":"https:\/\/www.honlufoodtrailer.com\/"},{"@type":"ListItem","position":2,"name":"\u4ea7\u54c1","item":"https:\/\/www.honlufoodtrailer.com\/shop\/"},{"@type":"ListItem","position":3,"name":"26ft Taco Food Trailer For Sale"}]},{"@type":"WebSite","@id":"https:\/\/www.honlufoodtrailer.com\/#website","url":"https:\/\/www.honlufoodtrailer.com\/","name":"Rimorkio ushqimore n\u00eb Honlu","description":"","publisher":{"@id":"https:\/\/www.honlufoodtrailer.com\/#organization"},"potentialAction":[{"@type":"SearchAction","target":{"@type":"EntryPoint","urlTemplate":"https:\/\/www.honlufoodtrailer.com\/?s={search_term_string}"},"query-input":{"@type":"PropertyValueSpecification","valueRequired":true,"valueName":"search_term_string"}}],"inLanguage":"sq"},{"@type":"Organization","@id":"https:\/\/www.honlufoodtrailer.com\/#organization","name":"Rimorkio ushqimore n\u00eb Honlu","url":"https:\/\/www.honlufoodtrailer.com\/","logo":{"@type":"ImageObject","inLanguage":"sq","@id":"https:\/\/www.honlufoodtrailer.com\/#\/schema\/logo\/image\/","url":"https:\/\/www.honlufoodtrailer.com\/wp-content\/uploads\/2021\/12\/2.gif","contentUrl":"https:\/\/www.honlufoodtrailer.com\/wp-content\/uploads\/2021\/12\/2.gif","width":350,"height":100,"caption":"Honlu food trailer"},"image":{"@id":"https:\/\/www.honlufoodtrailer.com\/#\/schema\/logo\/image\/"}}]}},"_links":{"self":[{"href":"https:\/\/www.honlufoodtrailer.com\/sq\/wp-json\/wp\/v2\/product\/6038","targetHints":{"allow":["GET"]}}],"collection":[{"href":"https:\/\/www.honlufoodtrailer.com\/sq\/wp-json\/wp\/v2\/product"}],"about":[{"href":"https:\/\/www.honlufoodtrailer.com\/sq\/wp-json\/wp\/v2\/types\/product"}],"version-history":[{"count":0,"href":"https:\/\/www.honlufoodtrailer.com\/sq\/wp-json\/wp\/v2\/product\/6038\/revisions"}],"wp:featuredmedia":[{"embeddable":true,"href":"https:\/\/www.honlufoodtrailer.com\/sq\/wp-json\/wp\/v2\/media\/6047"}],"wp:attachment":[{"href":"https:\/\/www.honlufoodtrailer.com\/sq\/wp-json\/wp\/v2\/media?parent=6038"}],"wp:term":[{"taxonomy":"product_brand","embeddable":true,"href":"https:\/\/www.honlufoodtrailer.com\/sq\/wp-json\/wp\/v2\/product_brand?post=6038"},{"taxonomy":"product_cat","embeddable":true,"href":"https:\/\/www.honlufoodtrailer.com\/sq\/wp-json\/wp\/v2\/product_cat?post=6038"},{"taxonomy":"product_tag","embeddable":true,"href":"https:\/\/www.honlufoodtrailer.com\/sq\/wp-json\/wp\/v2\/product_tag?post=6038"}],"curies":[{"name":"wp","href":"https:\/\/api.w.org\/{rel}","templated":true}]}}