{"id":6966,"date":"2024-03-06T16:05:14","date_gmt":"2024-03-06T08:05:14","guid":{"rendered":"https:\/\/www.honlufoodtrailer.com\/?post_type=product&#038;p=6966"},"modified":"2025-02-14T15:24:10","modified_gmt":"2025-02-14T07:24:10","slug":"5-7m-porch-trailer-for-sale-with-awning","status":"publish","type":"product","link":"https:\/\/www.honlufoodtrailer.com\/sq\/product\/5-7m-porch-trailer-for-sale-with-awning\/","title":{"rendered":"Rimorkio me verand\u00eb 5.7m n\u00eb shitje me tend\u00eb"},"content":{"rendered":"<p>A jeni duke k\u00ebrkuar nj\u00eb rimorkio p\u00ebr verand\u00eb? Mos k\u00ebrkoni m\u00eb tej! Ne kemi pik\u00ebrisht at\u00eb q\u00eb ju nevojitet. Rimorkioja jon\u00eb koncesionare 5.7 m n\u00eb stil verande \u00ebsht\u00eb n\u00eb shitje dhe jemi t\u00eb sigurt se do t&#039;i tejkaloj\u00eb pritjet tuaja.<img fetchpriority=\"high\" decoding=\"async\" class=\"aligncenter size-full wp-image-6971\" src=\"https:\/\/www.honlufoodtrailer.com\/wp-content\/uploads\/2024\/03\/5.7m-Porch-Trailer-For-Sale-display.jpg\" alt=\"Rimorkio Verand\u00eb 5.7m P\u00ebr Shitje Ekspozit\u00eb\" width=\"720\" height=\"540\" srcset=\"https:\/\/www.honlufoodtrailer.com\/wp-content\/uploads\/2024\/03\/5.7m-Porch-Trailer-For-Sale-display.jpg 720w, https:\/\/www.honlufoodtrailer.com\/wp-content\/uploads\/2024\/03\/5.7m-Porch-Trailer-For-Sale-display-480x360.jpg 480w, https:\/\/www.honlufoodtrailer.com\/wp-content\/uploads\/2024\/03\/5.7m-Porch-Trailer-For-Sale-display-300x225.jpg 300w\" sizes=\"(max-width: 720px) 100vw, 720px\" \/><\/p>\n<p>&nbsp;<\/p>\n<p>Rimorkioja \u00ebsht\u00eb nd\u00ebrtuar me materiale me cil\u00ebsi t\u00eb lart\u00eb dhe \u00ebsht\u00eb projektuar p\u00ebr t&#039;i b\u00ebr\u00eb ball\u00eb kushteve t\u00eb ndryshme t\u00eb motit, duke e b\u00ebr\u00eb at\u00eb t\u00eb p\u00ebrshtatshme p\u00ebr t\u00eb gjitha llojet e ngjarjeve n\u00eb natyr\u00eb. Dizajni n\u00eb stilin e verand\u00ebs lejon akses t\u00eb leht\u00eb dhe krijon nj\u00eb mjedis mikprit\u00ebs p\u00ebr klient\u00ebt tuaj. Gjithashtu, ajo vjen me nj\u00eb ambient t\u00eb brendsh\u00ebm t\u00eb bollsh\u00ebm, duke ju dh\u00ebn\u00eb hap\u00ebsir\u00eb t\u00eb mjaftueshme p\u00ebr t\u00eb vendosur pajisjet tuaja dhe p\u00ebr t&#039;u sh\u00ebrbyer klient\u00ebve tuaj n\u00eb m\u00ebnyr\u00eb efikase.<\/p>\n<p><img decoding=\"async\" class=\"aligncenter size-full wp-image-6973\" src=\"https:\/\/www.honlufoodtrailer.com\/wp-content\/uploads\/2024\/03\/5.7m-Porch-Trailer-For-Sale-inner-view.jpg\" alt=\"Rimorkio Verand\u00eb 5.7m P\u00ebr Shitje Pamje nga Brenda\" width=\"720\" height=\"540\" srcset=\"https:\/\/www.honlufoodtrailer.com\/wp-content\/uploads\/2024\/03\/5.7m-Porch-Trailer-For-Sale-inner-view.jpg 720w, https:\/\/www.honlufoodtrailer.com\/wp-content\/uploads\/2024\/03\/5.7m-Porch-Trailer-For-Sale-inner-view-480x360.jpg 480w, https:\/\/www.honlufoodtrailer.com\/wp-content\/uploads\/2024\/03\/5.7m-Porch-Trailer-For-Sale-inner-view-300x225.jpg 300w\" sizes=\"(max-width: 720px) 100vw, 720px\" \/> <img decoding=\"async\" class=\"aligncenter size-full wp-image-6976\" src=\"https:\/\/www.honlufoodtrailer.com\/wp-content\/uploads\/2024\/03\/5.7m-porch-trailer-for-sale-details-1.jpg\" alt=\"Rimorkio verande 5.7m p\u00ebr shitje detaje\" width=\"800\" height=\"800\" srcset=\"https:\/\/www.honlufoodtrailer.com\/wp-content\/uploads\/2024\/03\/5.7m-porch-trailer-for-sale-details-1.jpg 800w, https:\/\/www.honlufoodtrailer.com\/wp-content\/uploads\/2024\/03\/5.7m-porch-trailer-for-sale-details-1-768x768.jpg 768w, https:\/\/www.honlufoodtrailer.com\/wp-content\/uploads\/2024\/03\/5.7m-porch-trailer-for-sale-details-1-360x360.jpg 360w, https:\/\/www.honlufoodtrailer.com\/wp-content\/uploads\/2024\/03\/5.7m-porch-trailer-for-sale-details-1-300x300.jpg 300w, https:\/\/www.honlufoodtrailer.com\/wp-content\/uploads\/2024\/03\/5.7m-porch-trailer-for-sale-details-1-720x720.jpg 720w, https:\/\/www.honlufoodtrailer.com\/wp-content\/uploads\/2024\/03\/5.7m-porch-trailer-for-sale-details-1-100x100.jpg 100w\" sizes=\"(max-width: 800px) 100vw, 800px\" \/><\/p>\n<p>Si\u00e7 mund ta shohim nga fotografia m\u00eb sip\u00ebr, ne e kemi pajisur k\u00ebt\u00eb rimorkio koncesionare 5.7M n\u00eb stil verande me nj\u00eb kondicioner dhe nj\u00eb frigorifer pijesh. Klienti yn\u00eb do t\u00eb shtoj\u00eb disa pajisje t\u00eb tjera q\u00eb i nevojiten.<\/p>\n<p>Rimorkiot e ushqimit mund t\u00eb quhen edhe karroca ushqimore, furgon\u00eb ushqimi, kamion\u00eb ushqimi e k\u00ebshtu me radh\u00eb. Mund t\u00eb p\u00ebrdoren p\u00ebr t\u00eb shitur ushqim t\u00eb shpejt\u00eb, ushqime t\u00eb lehta, gazeta, libra e k\u00ebshtu me radh\u00eb. P\u00ebrb\u00ebhet nga shasia, karroceria, dyshemeja, tavolina e pun\u00ebs, sistemi i ujit dhe sistemi elektrik. P\u00ebrdoruesit gjithashtu mund t\u00eb zgjedhin ngjyr\u00ebn q\u00eb d\u00ebshirojn\u00eb. Ne do t\u00eb d\u00ebshironim t\u00eb blinim lloje t\u00eb tjera pajisjesh n\u00ebse klient\u00ebt d\u00ebshirojn\u00eb.<\/p>\n<p><img loading=\"lazy\" decoding=\"async\" class=\"aligncenter size-full wp-image-6969\" src=\"https:\/\/www.honlufoodtrailer.com\/wp-content\/uploads\/2024\/03\/5.7m-Porch-Trailer-For-Sale-back-view.jpg\" alt=\"Rimorkio Verand\u00eb 5.7m n\u00eb Shitje, pamje nga mbrapa\" width=\"720\" height=\"540\" srcset=\"https:\/\/www.honlufoodtrailer.com\/wp-content\/uploads\/2024\/03\/5.7m-Porch-Trailer-For-Sale-back-view.jpg 720w, https:\/\/www.honlufoodtrailer.com\/wp-content\/uploads\/2024\/03\/5.7m-Porch-Trailer-For-Sale-back-view-480x360.jpg 480w, https:\/\/www.honlufoodtrailer.com\/wp-content\/uploads\/2024\/03\/5.7m-Porch-Trailer-For-Sale-back-view-300x225.jpg 300w\" sizes=\"(max-width: 720px) 100vw, 720px\" \/><\/p>\n<h2><b class=\"magic-22\"><span class=\"magic-11\">Karakteristikat kryesore t\u00eb rimorkios s\u00eb personalizuar t\u00eb verand\u00ebs p\u00ebr shitje<\/span><\/b><\/h2>\n<div class=\"magic-2\">\n<div class=\"magic-3\">\n<div class=\"magic-4\">\n<p class=\"magic-5\" data-spm-anchor-id=\"a2700.details.0.i22.54e5117dtl16iL\"><span style=\"font-family: Tahoma;\">1<span class=\"magic-12\" data-spm-anchor-id=\"a2700.details.0.i21.54e5117dtl16iL\">. Kosto e ul\u00ebt dhe miq\u00ebsore me mjedisin, pa tym dhe zhurm\u00eb, e leht\u00eb p\u00ebr t\u2019u zhvendosur n\u00eb \u00e7do vend.<\/span><\/span><\/p>\n<p>2. Mund t\u00eb p\u00ebrdoret p\u00ebr shum\u00eb vite dhe nuk do t\u00eb krijoj\u00eb mbeturina, dhe kjo \u00ebsht\u00eb shum\u00eb e p\u00ebrshtatshme p\u00ebr jet\u00ebn moderne.<\/p>\n<p>3. \u00cbsht\u00eb i p\u00ebrshtatsh\u00ebm dhe i thjesht\u00eb p\u00ebr ngarkim dhe transport sepse dizajni \u00ebsht\u00eb unik dhe individual.<\/p>\n<p>4. Materiali kryesor \u00ebsht\u00eb \u00e7elik inox, dhe forma e shesht\u00eb (tavolina) nuk do t\u00eb ndryshket.<\/p>\n<p>5. Ka rezistenc\u00eb ndaj nxeht\u00ebsis\u00eb dhe forc\u00eb t\u00eb lart\u00eb, q\u00ebndrueshm\u00ebri t\u00eb lart\u00eb ngjyrash, pa deformim, rezistent ndaj ujit dhe jet\u00ebgjat\u00ebsi t\u00eb gjat\u00eb sh\u00ebrbimi.<\/p>\n<p><img loading=\"lazy\" decoding=\"async\" class=\"aligncenter size-full wp-image-6972\" src=\"https:\/\/www.honlufoodtrailer.com\/wp-content\/uploads\/2024\/03\/5.7m-Porch-Trailer-For-Sale-front-view.jpg\" alt=\"Rimorkio Verand\u00eb 5.7m P\u00ebr Shitje Pamje nga Para\" width=\"720\" height=\"540\" srcset=\"https:\/\/www.honlufoodtrailer.com\/wp-content\/uploads\/2024\/03\/5.7m-Porch-Trailer-For-Sale-front-view.jpg 720w, https:\/\/www.honlufoodtrailer.com\/wp-content\/uploads\/2024\/03\/5.7m-Porch-Trailer-For-Sale-front-view-480x360.jpg 480w, https:\/\/www.honlufoodtrailer.com\/wp-content\/uploads\/2024\/03\/5.7m-Porch-Trailer-For-Sale-front-view-300x225.jpg 300w\" sizes=\"(max-width: 720px) 100vw, 720px\" \/><\/p>\n<\/div>\n<\/div>\n<\/div>\n<h2><b class=\"magic-22\"><span class=\"magic-11\">Avantazhi kryesor:<\/span><\/b><\/h2>\n<p><span class=\"magic-12\">1. Me kosto t\u00eb ul\u00ebt dhe miq\u00ebsore me mjedisin;<br \/>\n2. Leht\u00eb p\u00ebr t\u2019u zhvendosur n\u00eb \u00e7do vend (biznesi juaj nuk \u00ebsht\u00eb i kufizuar);<br \/>\n3. Form\u00eb unike (e padukshme p\u00ebr t\u00eb t\u00ebrhequr m\u00eb shum\u00eb klient\u00eb);<br \/>\n4. Jet\u00ebgjat\u00ebsi e gjat\u00eb sh\u00ebrbimi (rezistente ndaj korrozionit, rezistente ndaj nxeht\u00ebsis\u00eb, e pap\u00ebrshkueshme nga uji, pa deformime).<\/span><\/p>","protected":false},"excerpt":{"rendered":"<p>Kjo \u00ebsht\u00eb nj\u00eb nga rimorkiot tona me verand\u00eb 5.7 metra t\u00eb prodhuara me porosi p\u00ebr shitje. Zakonisht, \u00ebsht\u00eb modeli i preferuar p\u00ebr t\u00eb filluar nj\u00eb biznes rimorkiosh ushqimi t\u00eb l\u00ebvizshme. Sigurisht, ne mund t\u00eb prodhojm\u00eb nj\u00eb rimorkio t\u00eb ngjashme me verand\u00eb p\u00ebr shitje si kjo, ose ta personalizojm\u00eb nj\u00eb p\u00ebr ju. Ju lutemi na kontaktoni dhe na tregoni k\u00ebrkesat tuaja t\u00eb holl\u00ebsishme. Vet\u00ebm mos hezitoni t\u00eb na kontaktoni!<\/p>","protected":false},"featured_media":6972,"template":"","meta":{"_themeisle_gutenberg_block_has_review":false},"product_brand":[],"product_cat":[26],"product_tag":[126,33,60,61,79,38],"class_list":{"0":"post-6966","1":"product","2":"type-product","3":"status-publish","4":"has-post-thumbnail","6":"product_cat-product","7":"product_tag-5-7m-food-trailer","8":"product_tag-customized-trailer","9":"product_tag-fast-food-trailer","10":"product_tag-fast-food-trailer-for-sale","11":"product_tag-food-trailer-with-porch","12":"product_tag-mobile-food-trailer","14":"first","15":"instock","16":"shipping-taxable","17":"product-type-simple"},"yoast_head":"<!-- This site is optimized with the Yoast SEO plugin v27.5 - https:\/\/yoast.com\/product\/yoast-seo-wordpress\/ -->\n<title>Factory Price Porch Trailer For Sale - Honlu Food Trailer<\/title>\n<meta name=\"description\" content=\"Looking for a porch style concession trailer? Get a similar or customized one at a reasonable price now! Click to see what you can get from us!\" \/>\n<meta name=\"robots\" content=\"index, follow, max-snippet:-1, max-image-preview:large, max-video-preview:-1\" \/>\n<link rel=\"canonical\" href=\"https:\/\/www.honlufoodtrailer.com\/sq\/product\/5-7m-porch-trailer-for-sale-with-awning\/\" \/>\n<meta property=\"og:locale\" content=\"sq_AL\" \/>\n<meta property=\"og:type\" content=\"article\" \/>\n<meta property=\"og:title\" content=\"Factory Price Porch Trailer For Sale - Honlu Food Trailer\" \/>\n<meta property=\"og:description\" content=\"Looking for a porch style concession trailer? Get a similar or customized one at a reasonable price now! Click to see what you can get from us!\" \/>\n<meta property=\"og:url\" content=\"https:\/\/www.honlufoodtrailer.com\/sq\/product\/5-7m-porch-trailer-for-sale-with-awning\/\" \/>\n<meta property=\"og:site_name\" content=\"Honlu food trailer\" \/>\n<meta property=\"article:modified_time\" content=\"2025-02-14T07:24:10+00:00\" \/>\n<meta property=\"og:image\" content=\"https:\/\/www.honlufoodtrailer.com\/wp-content\/uploads\/2024\/03\/5.7m-Porch-Trailer-For-Sale-front-view.jpg\" \/>\n\t<meta property=\"og:image:width\" content=\"720\" \/>\n\t<meta property=\"og:image:height\" content=\"540\" \/>\n\t<meta property=\"og:image:type\" content=\"image\/jpeg\" \/>\n<meta name=\"twitter:card\" content=\"summary_large_image\" \/>\n<meta name=\"twitter:label1\" content=\"Est. reading time\" \/>\n\t<meta name=\"twitter:data1\" content=\"1 minut\u00eb\" \/>\n<script type=\"application\/ld+json\" class=\"yoast-schema-graph\">{\"@context\":\"https:\\\/\\\/schema.org\",\"@graph\":[{\"@type\":\"WebPage\",\"@id\":\"https:\\\/\\\/www.honlufoodtrailer.com\\\/product\\\/5-7m-porch-trailer-for-sale-with-awning\\\/\",\"url\":\"https:\\\/\\\/www.honlufoodtrailer.com\\\/product\\\/5-7m-porch-trailer-for-sale-with-awning\\\/\",\"name\":\"Factory Price Porch Trailer For Sale - Honlu Food Trailer\",\"isPartOf\":{\"@id\":\"https:\\\/\\\/www.honlufoodtrailer.com\\\/#website\"},\"primaryImageOfPage\":{\"@id\":\"https:\\\/\\\/www.honlufoodtrailer.com\\\/product\\\/5-7m-porch-trailer-for-sale-with-awning\\\/#primaryimage\"},\"image\":{\"@id\":\"https:\\\/\\\/www.honlufoodtrailer.com\\\/product\\\/5-7m-porch-trailer-for-sale-with-awning\\\/#primaryimage\"},\"thumbnailUrl\":\"https:\\\/\\\/www.honlufoodtrailer.com\\\/wp-content\\\/uploads\\\/2024\\\/03\\\/5.7m-Porch-Trailer-For-Sale-front-view.jpg\",\"datePublished\":\"2024-03-06T08:05:14+00:00\",\"dateModified\":\"2025-02-14T07:24:10+00:00\",\"description\":\"Looking for a porch style concession trailer? Get a similar or customized one at a reasonable price now! Click to see what you can get from us!\",\"breadcrumb\":{\"@id\":\"https:\\\/\\\/www.honlufoodtrailer.com\\\/product\\\/5-7m-porch-trailer-for-sale-with-awning\\\/#breadcrumb\"},\"inLanguage\":\"sq\",\"potentialAction\":[{\"@type\":\"ReadAction\",\"target\":[\"https:\\\/\\\/www.honlufoodtrailer.com\\\/product\\\/5-7m-porch-trailer-for-sale-with-awning\\\/\"]}]},{\"@type\":\"ImageObject\",\"inLanguage\":\"sq\",\"@id\":\"https:\\\/\\\/www.honlufoodtrailer.com\\\/product\\\/5-7m-porch-trailer-for-sale-with-awning\\\/#primaryimage\",\"url\":\"https:\\\/\\\/www.honlufoodtrailer.com\\\/wp-content\\\/uploads\\\/2024\\\/03\\\/5.7m-Porch-Trailer-For-Sale-front-view.jpg\",\"contentUrl\":\"https:\\\/\\\/www.honlufoodtrailer.com\\\/wp-content\\\/uploads\\\/2024\\\/03\\\/5.7m-Porch-Trailer-For-Sale-front-view.jpg\",\"width\":720,\"height\":540,\"caption\":\"5.7m Porch Trailer For Sale front view\"},{\"@type\":\"BreadcrumbList\",\"@id\":\"https:\\\/\\\/www.honlufoodtrailer.com\\\/product\\\/5-7m-porch-trailer-for-sale-with-awning\\\/#breadcrumb\",\"itemListElement\":[{\"@type\":\"ListItem\",\"position\":1,\"name\":\"Home\",\"item\":\"https:\\\/\\\/www.honlufoodtrailer.com\\\/\"},{\"@type\":\"ListItem\",\"position\":2,\"name\":\"\u4ea7\u54c1\",\"item\":\"https:\\\/\\\/www.honlufoodtrailer.com\\\/shop\\\/\"},{\"@type\":\"ListItem\",\"position\":3,\"name\":\"5.7m Porch Trailer For Sale With Awning\"}]},{\"@type\":\"WebSite\",\"@id\":\"https:\\\/\\\/www.honlufoodtrailer.com\\\/#website\",\"url\":\"https:\\\/\\\/www.honlufoodtrailer.com\\\/\",\"name\":\"Honlu food trailer\",\"description\":\"\",\"publisher\":{\"@id\":\"https:\\\/\\\/www.honlufoodtrailer.com\\\/#organization\"},\"potentialAction\":[{\"@type\":\"SearchAction\",\"target\":{\"@type\":\"EntryPoint\",\"urlTemplate\":\"https:\\\/\\\/www.honlufoodtrailer.com\\\/?s={search_term_string}\"},\"query-input\":{\"@type\":\"PropertyValueSpecification\",\"valueRequired\":true,\"valueName\":\"search_term_string\"}}],\"inLanguage\":\"sq\"},{\"@type\":\"Organization\",\"@id\":\"https:\\\/\\\/www.honlufoodtrailer.com\\\/#organization\",\"name\":\"Honlu food trailer\",\"url\":\"https:\\\/\\\/www.honlufoodtrailer.com\\\/\",\"logo\":{\"@type\":\"ImageObject\",\"inLanguage\":\"sq\",\"@id\":\"https:\\\/\\\/www.honlufoodtrailer.com\\\/#\\\/schema\\\/logo\\\/image\\\/\",\"url\":\"https:\\\/\\\/www.honlufoodtrailer.com\\\/wp-content\\\/uploads\\\/2021\\\/12\\\/2.gif\",\"contentUrl\":\"https:\\\/\\\/www.honlufoodtrailer.com\\\/wp-content\\\/uploads\\\/2021\\\/12\\\/2.gif\",\"width\":350,\"height\":100,\"caption\":\"Honlu food trailer\"},\"image\":{\"@id\":\"https:\\\/\\\/www.honlufoodtrailer.com\\\/#\\\/schema\\\/logo\\\/image\\\/\"}}]}<\/script>\n<!-- \/ Yoast SEO plugin. -->","yoast_head_json":{"title":"Rimorkio Verand\u00eb me \u00c7mimin e Fabrik\u00ebs p\u00ebr Shitje - Rimorkio Ushqimore Honlu","description":"Duke k\u00ebrkuar p\u00ebr nj\u00eb rimorkio koncesionare n\u00eb stilin e verand\u00ebs? Merrni nj\u00eb t\u00eb ngjashme ose t\u00eb personalizuar me nj\u00eb \u00e7mim t\u00eb arsyesh\u00ebm tani! Klikoni p\u00ebr t\u00eb par\u00eb se \u00e7far\u00eb mund t\u00eb merrni nga ne!","robots":{"index":"index","follow":"follow","max-snippet":"max-snippet:-1","max-image-preview":"max-image-preview:large","max-video-preview":"max-video-preview:-1"},"canonical":"https:\/\/www.honlufoodtrailer.com\/sq\/product\/5-7m-porch-trailer-for-sale-with-awning\/","og_locale":"sq_AL","og_type":"article","og_title":"Factory Price Porch Trailer For Sale - Honlu Food Trailer","og_description":"Looking for a porch style concession trailer? Get a similar or customized one at a reasonable price now! Click to see what you can get from us!","og_url":"https:\/\/www.honlufoodtrailer.com\/sq\/product\/5-7m-porch-trailer-for-sale-with-awning\/","og_site_name":"Honlu food trailer","article_modified_time":"2025-02-14T07:24:10+00:00","og_image":[{"width":720,"height":540,"url":"https:\/\/www.honlufoodtrailer.com\/wp-content\/uploads\/2024\/03\/5.7m-Porch-Trailer-For-Sale-front-view.jpg","type":"image\/jpeg"}],"twitter_card":"summary_large_image","twitter_misc":{"Est. reading time":"1 minut\u00eb"},"schema":{"@context":"https:\/\/schema.org","@graph":[{"@type":"WebPage","@id":"https:\/\/www.honlufoodtrailer.com\/product\/5-7m-porch-trailer-for-sale-with-awning\/","url":"https:\/\/www.honlufoodtrailer.com\/product\/5-7m-porch-trailer-for-sale-with-awning\/","name":"Rimorkio Verand\u00eb me \u00c7mimin e Fabrik\u00ebs p\u00ebr Shitje - Rimorkio Ushqimore Honlu","isPartOf":{"@id":"https:\/\/www.honlufoodtrailer.com\/#website"},"primaryImageOfPage":{"@id":"https:\/\/www.honlufoodtrailer.com\/product\/5-7m-porch-trailer-for-sale-with-awning\/#primaryimage"},"image":{"@id":"https:\/\/www.honlufoodtrailer.com\/product\/5-7m-porch-trailer-for-sale-with-awning\/#primaryimage"},"thumbnailUrl":"https:\/\/www.honlufoodtrailer.com\/wp-content\/uploads\/2024\/03\/5.7m-Porch-Trailer-For-Sale-front-view.jpg","datePublished":"2024-03-06T08:05:14+00:00","dateModified":"2025-02-14T07:24:10+00:00","description":"Duke k\u00ebrkuar p\u00ebr nj\u00eb rimorkio koncesionare n\u00eb stilin e verand\u00ebs? Merrni nj\u00eb t\u00eb ngjashme ose t\u00eb personalizuar me nj\u00eb \u00e7mim t\u00eb arsyesh\u00ebm tani! Klikoni p\u00ebr t\u00eb par\u00eb se \u00e7far\u00eb mund t\u00eb merrni nga ne!","breadcrumb":{"@id":"https:\/\/www.honlufoodtrailer.com\/product\/5-7m-porch-trailer-for-sale-with-awning\/#breadcrumb"},"inLanguage":"sq","potentialAction":[{"@type":"ReadAction","target":["https:\/\/www.honlufoodtrailer.com\/product\/5-7m-porch-trailer-for-sale-with-awning\/"]}]},{"@type":"ImageObject","inLanguage":"sq","@id":"https:\/\/www.honlufoodtrailer.com\/product\/5-7m-porch-trailer-for-sale-with-awning\/#primaryimage","url":"https:\/\/www.honlufoodtrailer.com\/wp-content\/uploads\/2024\/03\/5.7m-Porch-Trailer-For-Sale-front-view.jpg","contentUrl":"https:\/\/www.honlufoodtrailer.com\/wp-content\/uploads\/2024\/03\/5.7m-Porch-Trailer-For-Sale-front-view.jpg","width":720,"height":540,"caption":"5.7m Porch Trailer For Sale front view"},{"@type":"BreadcrumbList","@id":"https:\/\/www.honlufoodtrailer.com\/product\/5-7m-porch-trailer-for-sale-with-awning\/#breadcrumb","itemListElement":[{"@type":"ListItem","position":1,"name":"Home","item":"https:\/\/www.honlufoodtrailer.com\/"},{"@type":"ListItem","position":2,"name":"\u4ea7\u54c1","item":"https:\/\/www.honlufoodtrailer.com\/shop\/"},{"@type":"ListItem","position":3,"name":"5.7m Porch Trailer For Sale With Awning"}]},{"@type":"WebSite","@id":"https:\/\/www.honlufoodtrailer.com\/#website","url":"https:\/\/www.honlufoodtrailer.com\/","name":"Rimorkio ushqimore n\u00eb Honlu","description":"","publisher":{"@id":"https:\/\/www.honlufoodtrailer.com\/#organization"},"potentialAction":[{"@type":"SearchAction","target":{"@type":"EntryPoint","urlTemplate":"https:\/\/www.honlufoodtrailer.com\/?s={search_term_string}"},"query-input":{"@type":"PropertyValueSpecification","valueRequired":true,"valueName":"search_term_string"}}],"inLanguage":"sq"},{"@type":"Organization","@id":"https:\/\/www.honlufoodtrailer.com\/#organization","name":"Rimorkio ushqimore n\u00eb Honlu","url":"https:\/\/www.honlufoodtrailer.com\/","logo":{"@type":"ImageObject","inLanguage":"sq","@id":"https:\/\/www.honlufoodtrailer.com\/#\/schema\/logo\/image\/","url":"https:\/\/www.honlufoodtrailer.com\/wp-content\/uploads\/2021\/12\/2.gif","contentUrl":"https:\/\/www.honlufoodtrailer.com\/wp-content\/uploads\/2021\/12\/2.gif","width":350,"height":100,"caption":"Honlu food trailer"},"image":{"@id":"https:\/\/www.honlufoodtrailer.com\/#\/schema\/logo\/image\/"}}]}},"_links":{"self":[{"href":"https:\/\/www.honlufoodtrailer.com\/sq\/wp-json\/wp\/v2\/product\/6966","targetHints":{"allow":["GET"]}}],"collection":[{"href":"https:\/\/www.honlufoodtrailer.com\/sq\/wp-json\/wp\/v2\/product"}],"about":[{"href":"https:\/\/www.honlufoodtrailer.com\/sq\/wp-json\/wp\/v2\/types\/product"}],"version-history":[{"count":0,"href":"https:\/\/www.honlufoodtrailer.com\/sq\/wp-json\/wp\/v2\/product\/6966\/revisions"}],"wp:featuredmedia":[{"embeddable":true,"href":"https:\/\/www.honlufoodtrailer.com\/sq\/wp-json\/wp\/v2\/media\/6972"}],"wp:attachment":[{"href":"https:\/\/www.honlufoodtrailer.com\/sq\/wp-json\/wp\/v2\/media?parent=6966"}],"wp:term":[{"taxonomy":"product_brand","embeddable":true,"href":"https:\/\/www.honlufoodtrailer.com\/sq\/wp-json\/wp\/v2\/product_brand?post=6966"},{"taxonomy":"product_cat","embeddable":true,"href":"https:\/\/www.honlufoodtrailer.com\/sq\/wp-json\/wp\/v2\/product_cat?post=6966"},{"taxonomy":"product_tag","embeddable":true,"href":"https:\/\/www.honlufoodtrailer.com\/sq\/wp-json\/wp\/v2\/product_tag?post=6966"}],"curies":[{"name":"wp","href":"https:\/\/api.w.org\/{rel}","templated":true}]}}