{"id":7162,"date":"2024-03-18T17:20:44","date_gmt":"2024-03-18T09:20:44","guid":{"rendered":"https:\/\/www.honlufoodtrailer.com\/?post_type=product&#038;p=7162"},"modified":"2025-02-14T15:22:26","modified_gmt":"2025-02-14T07:22:26","slug":"rimorkio-e-vogel-per-pije-ne-shitje","status":"publish","type":"product","link":"https:\/\/www.honlufoodtrailer.com\/sq\/product\/small-beverage-trailer-for-sale\/","title":{"rendered":"Rimorkio e vog\u00ebl p\u00ebr pije n\u00eb shitje"},"content":{"rendered":"<p>A po k\u00ebrkoni nj\u00eb rimorkio t\u00eb vog\u00ebl p\u00ebr pije p\u00ebr shitje? Shikoni k\u00ebt\u00eb rimorkio p\u00ebr pije me kosto efektive k\u00ebtu! Kjo \u00ebsht\u00eb nj\u00eb rimorkio p\u00ebr pije 3.5 metra e personalizuar q\u00eb e kemi prodhuar p\u00ebr nj\u00eb nga klient\u00ebt tan\u00eb nga Shtetet e Bashkuara. \u00cbsht\u00eb nj\u00eb zgjedhje e mir\u00eb p\u00ebr klient\u00ebt q\u00eb duan t\u00eb fillojn\u00eb nj\u00eb biznes t\u00eb vog\u00ebl rimorkiosh p\u00ebr ushqime me nj\u00eb investim t\u00eb vog\u00ebl. Tani, le t\u00eb shohim s\u00eb pari disa fotografi t\u00eb k\u00ebsaj rimorkioje p\u00ebr pije!<\/p>\n<p><img fetchpriority=\"high\" decoding=\"async\" class=\"aligncenter size-full wp-image-7168\" src=\"https:\/\/www.honlufoodtrailer.com\/wp-content\/uploads\/2024\/03\/beverage-concession-trailer.jpg\" alt=\"rimorkio p\u00ebr koncesion pijesh\" width=\"720\" height=\"540\" srcset=\"https:\/\/www.honlufoodtrailer.com\/wp-content\/uploads\/2024\/03\/beverage-concession-trailer.jpg 720w, https:\/\/www.honlufoodtrailer.com\/wp-content\/uploads\/2024\/03\/beverage-concession-trailer-480x360.jpg 480w, https:\/\/www.honlufoodtrailer.com\/wp-content\/uploads\/2024\/03\/beverage-concession-trailer-300x225.jpg 300w\" sizes=\"(max-width: 720px) 100vw, 720px\" \/><br \/>\n<img decoding=\"async\" class=\"aligncenter size-full wp-image-7166\" src=\"https:\/\/www.honlufoodtrailer.com\/wp-content\/uploads\/2024\/03\/beverage-cart-trailer-for-sale.jpg\" alt=\"Rimorkio p\u00ebr karroc\u00eb pijesh n\u00eb shitje\" width=\"720\" height=\"540\" srcset=\"https:\/\/www.honlufoodtrailer.com\/wp-content\/uploads\/2024\/03\/beverage-cart-trailer-for-sale.jpg 720w, https:\/\/www.honlufoodtrailer.com\/wp-content\/uploads\/2024\/03\/beverage-cart-trailer-for-sale-480x360.jpg 480w, https:\/\/www.honlufoodtrailer.com\/wp-content\/uploads\/2024\/03\/beverage-cart-trailer-for-sale-300x225.jpg 300w\" sizes=\"(max-width: 720px) 100vw, 720px\" \/><\/p>\n<h3>P\u00ebrfitimet e investimit n\u00eb nj\u00eb rimorkio t\u00eb vog\u00ebl pijesh<\/h3>\n<p>Me nj\u00eb rimorkio t\u00eb vog\u00ebl p\u00ebr pije, mund t\u00eb ofroni nj\u00eb gam\u00eb t\u00eb gjer\u00eb pijesh freskuese gjat\u00eb l\u00ebvizjes me nj\u00eb kosto t\u00eb ul\u00ebt. Klient\u00ebt q\u00eb kan\u00eb restorantin e tyre, mund ta p\u00ebrdorin k\u00ebt\u00eb rimorkio t\u00eb vog\u00ebl edhe si nj\u00eb shtes\u00eb n\u00eb restorantin e tyre.<\/p>\n<ol>\n<li>Nga smoothiet te l\u00ebngjet e shtrydhura fllad, nj\u00eb rimorkio pijesh ju lejon t\u00eb kujdeseni p\u00ebr nj\u00eb baz\u00eb m\u00eb t\u00eb madhe klient\u00ebsh.<\/li>\n<li>Me p\u00ebrmasa kompakte, mund ta zhvendosni ose parkoni rimorkion leht\u00ebsisht n\u00eb zona t\u00eb mbushura me njer\u00ebz.<\/li>\n<li>Meqen\u00ebse ky \u00ebsht\u00eb nj\u00eb rimorkio pijesh me p\u00ebrmasa t\u00eb vogla, ka nj\u00eb kosto m\u00eb t\u00eb ul\u00ebt se ato m\u00eb t\u00eb m\u00ebdhat\u00eb. Kjo do t\u00eb thot\u00eb q\u00eb mund t\u00eb filloni nj\u00eb biznes rimorkiosh ushqimesh me m\u00eb pak para.<\/li>\n<\/ol>\n<p><img decoding=\"async\" class=\"aligncenter size-full wp-image-7171\" src=\"https:\/\/www.honlufoodtrailer.com\/wp-content\/uploads\/2024\/03\/beverage-trailer-for-sale.jpg\" alt=\"rimorkio pijesh n\u00eb shitje\" width=\"720\" height=\"540\" srcset=\"https:\/\/www.honlufoodtrailer.com\/wp-content\/uploads\/2024\/03\/beverage-trailer-for-sale.jpg 720w, https:\/\/www.honlufoodtrailer.com\/wp-content\/uploads\/2024\/03\/beverage-trailer-for-sale-480x360.jpg 480w, https:\/\/www.honlufoodtrailer.com\/wp-content\/uploads\/2024\/03\/beverage-trailer-for-sale-300x225.jpg 300w\" sizes=\"(max-width: 720px) 100vw, 720px\" \/><\/p>\n<h3>Detajet e brendshme t\u00eb k\u00ebtij rimorkio t\u00eb vog\u00ebl p\u00ebr pije<\/h3>\n<p>Tani, le t\u00eb shohim struktur\u00ebn e brendshme t\u00eb k\u00ebtij rimorkioje t\u00eb vog\u00ebl p\u00ebr pije p\u00ebrmes figur\u00ebs s\u00eb m\u00ebposhtme.<br \/>\n<img loading=\"lazy\" decoding=\"async\" class=\"aligncenter size-full wp-image-7173\" src=\"https:\/\/www.honlufoodtrailer.com\/wp-content\/uploads\/2024\/03\/beverage-trailer-for-sale-details.jpg\" alt=\"rimorkio pijesh p\u00ebr shitje detaje\" width=\"800\" height=\"802\" srcset=\"https:\/\/www.honlufoodtrailer.com\/wp-content\/uploads\/2024\/03\/beverage-trailer-for-sale-details.jpg 800w, https:\/\/www.honlufoodtrailer.com\/wp-content\/uploads\/2024\/03\/beverage-trailer-for-sale-details-768x770.jpg 768w, https:\/\/www.honlufoodtrailer.com\/wp-content\/uploads\/2024\/03\/beverage-trailer-for-sale-details-359x360.jpg 359w, https:\/\/www.honlufoodtrailer.com\/wp-content\/uploads\/2024\/03\/beverage-trailer-for-sale-details-300x301.jpg 300w, https:\/\/www.honlufoodtrailer.com\/wp-content\/uploads\/2024\/03\/beverage-trailer-for-sale-details-720x722.jpg 720w, https:\/\/www.honlufoodtrailer.com\/wp-content\/uploads\/2024\/03\/beverage-trailer-for-sale-details-100x100.jpg 100w\" sizes=\"(max-width: 800px) 100vw, 800px\" \/><\/p>\n<p>Si\u00e7 mund ta shohim nga fotografia m\u00eb sip\u00ebr, ne e kemi pajisur rimorkion e pijeve 3.5 metra me disa pajisje baz\u00eb kuzhine. Kryesisht ka pajisje kuzhine si lavaman\u00eb, tavolin\u00eb pune dhe rafte etj. Klienti yn\u00eb do t\u00eb shtoj\u00eb disa pjes\u00eb t\u00eb tjera rezerv\u00eb q\u00eb i nevojiten.<\/p>\n<p>Rimorkiot e ushqimit mund t\u00eb quhen edhe karroca ushqimore, furgon\u00eb ushqimi, kamion\u00eb ushqimi e k\u00ebshtu me radh\u00eb. Mund t\u00eb p\u00ebrdoren p\u00ebr t\u00eb shitur ushqim t\u00eb shpejt\u00eb, ushqime t\u00eb lehta, gazeta, libra e k\u00ebshtu me radh\u00eb. P\u00ebrb\u00ebhet nga shasia, karroceria, dyshemeja, tavolina e pun\u00ebs, sistemi i ujit dhe sistemi elektrik. P\u00ebrdoruesit gjithashtu mund t\u00eb zgjedhin ngjyr\u00ebn q\u00eb d\u00ebshirojn\u00eb. Ne do t\u00eb d\u00ebshironim t\u00eb blinim lloje t\u00eb tjera pajisjesh n\u00ebse klient\u00ebt d\u00ebshirojn\u00eb.<\/p>\n<p><img decoding=\"async\" class=\"aligncenter size-full wp-image-7166\" src=\"https:\/\/www.honlufoodtrailer.com\/wp-content\/uploads\/2024\/03\/beverage-cart-trailer-for-sale.jpg\" alt=\"Rimorkio p\u00ebr karroc\u00eb pijesh n\u00eb shitje\" width=\"720\" height=\"540\" srcset=\"https:\/\/www.honlufoodtrailer.com\/wp-content\/uploads\/2024\/03\/beverage-cart-trailer-for-sale.jpg 720w, https:\/\/www.honlufoodtrailer.com\/wp-content\/uploads\/2024\/03\/beverage-cart-trailer-for-sale-480x360.jpg 480w, https:\/\/www.honlufoodtrailer.com\/wp-content\/uploads\/2024\/03\/beverage-cart-trailer-for-sale-300x225.jpg 300w\" sizes=\"(max-width: 720px) 100vw, 720px\" \/><\/p>\n<h3><b class=\"magic-22\"><span class=\"magic-11\">Karakteristikat kryesore t\u00eb rimorkios s\u00eb pijeve t\u00eb personalizuara<\/span><\/b><\/h3>\n<div class=\"magic-2\">\n<div class=\"magic-3\">\n<div class=\"magic-4\">\n<p class=\"magic-5\" data-spm-anchor-id=\"a2700.details.0.i22.54e5117dtl16iL\"><span style=\"font-family: Tahoma;\">1<span class=\"magic-12\" data-spm-anchor-id=\"a2700.details.0.i21.54e5117dtl16iL\">. Kosto e ul\u00ebt dhe miq\u00ebsore me mjedisin, pa tym dhe zhurm\u00eb, e leht\u00eb p\u00ebr t\u2019u zhvendosur n\u00eb \u00e7do vend.<\/span><\/span><\/p>\n<p>2. Mund t\u00eb p\u00ebrdoret p\u00ebr shum\u00eb vite dhe nuk do t\u00eb krijoj\u00eb mbeturina, dhe kjo \u00ebsht\u00eb shum\u00eb e p\u00ebrshtatshme p\u00ebr jet\u00ebn moderne.<\/p>\n<p>3. \u00cbsht\u00eb i p\u00ebrshtatsh\u00ebm dhe i thjesht\u00eb p\u00ebr ngarkim dhe transport sepse dizajni \u00ebsht\u00eb unik dhe individual.<\/p>\n<p>4. Materiali kryesor \u00ebsht\u00eb \u00e7elik inox, dhe forma e shesht\u00eb (tavolina) nuk do t\u00eb ndryshket.<\/p>\n<p>5. Ka rezistenc\u00eb ndaj nxeht\u00ebsis\u00eb dhe forc\u00eb t\u00eb lart\u00eb, q\u00ebndrueshm\u00ebri t\u00eb lart\u00eb ngjyrash, pa deformim, rezistent ndaj ujit dhe jet\u00ebgjat\u00ebsi t\u00eb gjat\u00eb sh\u00ebrbimi.<\/p>\n<\/div>\n<\/div>\n<\/div>\n<h3><b class=\"magic-22\"><span class=\"magic-11\">Avantazhi kryesor:<\/span><\/b><\/h3>\n<p><span class=\"magic-12\">1. Me kosto t\u00eb ul\u00ebt dhe miq\u00ebsore me mjedisin;<br \/>\n2. Leht\u00eb p\u00ebr t\u2019u zhvendosur n\u00eb \u00e7do vend (biznesi juaj nuk \u00ebsht\u00eb i kufizuar);<br \/>\n3. Form\u00eb unike (e padukshme p\u00ebr t\u00eb t\u00ebrhequr m\u00eb shum\u00eb klient\u00eb);<br \/>\n4. Jet\u00ebgjat\u00ebsi e gjat\u00eb sh\u00ebrbimi (rezistente ndaj korrozionit, rezistenc\u00eb ndaj nxeht\u00ebsis\u00eb, rezistente ndaj ujit, pa deformime).<\/span><\/p>","protected":false},"excerpt":{"rendered":"<p>Ky \u00ebsht\u00eb nj\u00eb nga rimorkiot tona t\u00eb personalizuara p\u00ebr pije, 3.5 metra, q\u00eb shitet. Zakonisht, \u00ebsht\u00eb modeli i preferuar p\u00ebr t\u00eb filluar nj\u00eb biznes t\u00eb vog\u00ebl p\u00ebr rimorkio ushqimesh t\u00eb l\u00ebvizshme. <strong>Ju lutemi klikoni skedat m\u00eb posht\u00eb p\u00ebr t\u00eb par\u00eb m\u00eb shum\u00eb detaje rreth k\u00ebtij rimorkio pijesh 3.5 m<\/strong>. Sigurisht, ne mund t\u00eb prodhojm\u00eb nj\u00eb rimorkio pijesh t\u00eb ngjashme si kjo, ose ta personalizojm\u00eb nj\u00eb p\u00ebr ju. Ngjyra e karroceris\u00eb, ngjit\u00ebset, tabelat dhe pajisjet e kuzhin\u00ebs s\u00eb rimorkios s\u00eb ushqimit mund t\u00eb personalizohen. Vet\u00ebm mos hezitoni t\u00eb na kontaktoni!<\/p>","protected":false},"featured_media":7171,"template":"","meta":{"_themeisle_gutenberg_block_has_review":false},"product_brand":[],"product_cat":[26],"product_tag":[124,33,60,61,38],"class_list":{"0":"post-7162","1":"product","2":"type-product","3":"status-publish","4":"has-post-thumbnail","6":"product_cat-product","7":"product_tag-beverage-trailer","8":"product_tag-customized-trailer","9":"product_tag-fast-food-trailer","10":"product_tag-fast-food-trailer-for-sale","11":"product_tag-mobile-food-trailer","13":"first","14":"instock","15":"shipping-taxable","16":"product-type-simple"},"yoast_head":"<!-- This site is optimized with the Yoast SEO plugin v27.5 - https:\/\/yoast.com\/product\/yoast-seo-wordpress\/ -->\n<title>Small Beverage Trailer For Sale from China - Honlu Food Trailer<\/title>\n<meta name=\"description\" content=\"Looking for a small beverage trailer for sale? Get a similar or customized beverage concession trailer from China manufacturer Honlu now!\" \/>\n<meta name=\"robots\" content=\"index, follow, max-snippet:-1, max-image-preview:large, max-video-preview:-1\" \/>\n<link rel=\"canonical\" href=\"https:\/\/www.honlufoodtrailer.com\/sq\/product\/rimorkio-e-vogel-per-pije-ne-shitje\/\" \/>\n<meta property=\"og:locale\" content=\"sq_AL\" \/>\n<meta property=\"og:type\" content=\"article\" \/>\n<meta property=\"og:title\" content=\"Small Beverage Trailer For Sale from China - Honlu Food Trailer\" \/>\n<meta property=\"og:description\" content=\"Looking for a small beverage trailer for sale? Get a similar or customized beverage concession trailer from China manufacturer Honlu now!\" \/>\n<meta property=\"og:url\" content=\"https:\/\/www.honlufoodtrailer.com\/sq\/product\/rimorkio-e-vogel-per-pije-ne-shitje\/\" \/>\n<meta property=\"og:site_name\" content=\"Honlu food trailer\" \/>\n<meta property=\"article:modified_time\" content=\"2025-02-14T07:22:26+00:00\" \/>\n<meta property=\"og:image\" content=\"https:\/\/www.honlufoodtrailer.com\/wp-content\/uploads\/2024\/03\/beverage-trailer-for-sale.jpg\" \/>\n\t<meta property=\"og:image:width\" content=\"720\" \/>\n\t<meta property=\"og:image:height\" content=\"540\" \/>\n\t<meta property=\"og:image:type\" content=\"image\/jpeg\" \/>\n<meta name=\"twitter:card\" content=\"summary_large_image\" \/>\n<meta name=\"twitter:label1\" content=\"Est. reading time\" \/>\n\t<meta name=\"twitter:data1\" content=\"1 minut\u00eb\" \/>\n<script type=\"application\/ld+json\" class=\"yoast-schema-graph\">{\"@context\":\"https:\\\/\\\/schema.org\",\"@graph\":[{\"@type\":\"WebPage\",\"@id\":\"https:\\\/\\\/www.honlufoodtrailer.com\\\/product\\\/small-beverage-trailer-for-sale\\\/\",\"url\":\"https:\\\/\\\/www.honlufoodtrailer.com\\\/product\\\/small-beverage-trailer-for-sale\\\/\",\"name\":\"Small Beverage Trailer For Sale from China - Honlu Food Trailer\",\"isPartOf\":{\"@id\":\"https:\\\/\\\/www.honlufoodtrailer.com\\\/#website\"},\"primaryImageOfPage\":{\"@id\":\"https:\\\/\\\/www.honlufoodtrailer.com\\\/product\\\/small-beverage-trailer-for-sale\\\/#primaryimage\"},\"image\":{\"@id\":\"https:\\\/\\\/www.honlufoodtrailer.com\\\/product\\\/small-beverage-trailer-for-sale\\\/#primaryimage\"},\"thumbnailUrl\":\"https:\\\/\\\/www.honlufoodtrailer.com\\\/wp-content\\\/uploads\\\/2024\\\/03\\\/beverage-trailer-for-sale.jpg\",\"datePublished\":\"2024-03-18T09:20:44+00:00\",\"dateModified\":\"2025-02-14T07:22:26+00:00\",\"description\":\"Looking for a small beverage trailer for sale? Get a similar or customized beverage concession trailer from China manufacturer Honlu now!\",\"breadcrumb\":{\"@id\":\"https:\\\/\\\/www.honlufoodtrailer.com\\\/product\\\/small-beverage-trailer-for-sale\\\/#breadcrumb\"},\"inLanguage\":\"sq\",\"potentialAction\":[{\"@type\":\"ReadAction\",\"target\":[\"https:\\\/\\\/www.honlufoodtrailer.com\\\/product\\\/small-beverage-trailer-for-sale\\\/\"]}]},{\"@type\":\"ImageObject\",\"inLanguage\":\"sq\",\"@id\":\"https:\\\/\\\/www.honlufoodtrailer.com\\\/product\\\/small-beverage-trailer-for-sale\\\/#primaryimage\",\"url\":\"https:\\\/\\\/www.honlufoodtrailer.com\\\/wp-content\\\/uploads\\\/2024\\\/03\\\/beverage-trailer-for-sale.jpg\",\"contentUrl\":\"https:\\\/\\\/www.honlufoodtrailer.com\\\/wp-content\\\/uploads\\\/2024\\\/03\\\/beverage-trailer-for-sale.jpg\",\"width\":720,\"height\":540,\"caption\":\"beverage trailer for sale\"},{\"@type\":\"BreadcrumbList\",\"@id\":\"https:\\\/\\\/www.honlufoodtrailer.com\\\/product\\\/small-beverage-trailer-for-sale\\\/#breadcrumb\",\"itemListElement\":[{\"@type\":\"ListItem\",\"position\":1,\"name\":\"Home\",\"item\":\"https:\\\/\\\/www.honlufoodtrailer.com\\\/\"},{\"@type\":\"ListItem\",\"position\":2,\"name\":\"\u4ea7\u54c1\",\"item\":\"https:\\\/\\\/www.honlufoodtrailer.com\\\/shop\\\/\"},{\"@type\":\"ListItem\",\"position\":3,\"name\":\"Small Beverage Trailer For Sale\"}]},{\"@type\":\"WebSite\",\"@id\":\"https:\\\/\\\/www.honlufoodtrailer.com\\\/#website\",\"url\":\"https:\\\/\\\/www.honlufoodtrailer.com\\\/\",\"name\":\"Honlu food trailer\",\"description\":\"\",\"publisher\":{\"@id\":\"https:\\\/\\\/www.honlufoodtrailer.com\\\/#organization\"},\"potentialAction\":[{\"@type\":\"SearchAction\",\"target\":{\"@type\":\"EntryPoint\",\"urlTemplate\":\"https:\\\/\\\/www.honlufoodtrailer.com\\\/?s={search_term_string}\"},\"query-input\":{\"@type\":\"PropertyValueSpecification\",\"valueRequired\":true,\"valueName\":\"search_term_string\"}}],\"inLanguage\":\"sq\"},{\"@type\":\"Organization\",\"@id\":\"https:\\\/\\\/www.honlufoodtrailer.com\\\/#organization\",\"name\":\"Honlu food trailer\",\"url\":\"https:\\\/\\\/www.honlufoodtrailer.com\\\/\",\"logo\":{\"@type\":\"ImageObject\",\"inLanguage\":\"sq\",\"@id\":\"https:\\\/\\\/www.honlufoodtrailer.com\\\/#\\\/schema\\\/logo\\\/image\\\/\",\"url\":\"https:\\\/\\\/www.honlufoodtrailer.com\\\/wp-content\\\/uploads\\\/2021\\\/12\\\/2.gif\",\"contentUrl\":\"https:\\\/\\\/www.honlufoodtrailer.com\\\/wp-content\\\/uploads\\\/2021\\\/12\\\/2.gif\",\"width\":350,\"height\":100,\"caption\":\"Honlu food trailer\"},\"image\":{\"@id\":\"https:\\\/\\\/www.honlufoodtrailer.com\\\/#\\\/schema\\\/logo\\\/image\\\/\"}}]}<\/script>\n<!-- \/ Yoast SEO plugin. -->","yoast_head_json":{"title":"Rimorkio e vog\u00ebl p\u00ebr pije n\u00eb shitje nga Kina - Rimorkio ushqimore Honlu","description":"Po k\u00ebrkoni nj\u00eb rimorkio t\u00eb vog\u00ebl p\u00ebr pije n\u00eb shitje? Merrni nj\u00eb rimorkio t\u00eb ngjashme ose t\u00eb personalizuar p\u00ebr pije nga prodhuesi kinez Honlu tani!","robots":{"index":"index","follow":"follow","max-snippet":"max-snippet:-1","max-image-preview":"max-image-preview:large","max-video-preview":"max-video-preview:-1"},"canonical":"https:\/\/www.honlufoodtrailer.com\/sq\/product\/rimorkio-e-vogel-per-pije-ne-shitje\/","og_locale":"sq_AL","og_type":"article","og_title":"Small Beverage Trailer For Sale from China - Honlu Food Trailer","og_description":"Looking for a small beverage trailer for sale? Get a similar or customized beverage concession trailer from China manufacturer Honlu now!","og_url":"https:\/\/www.honlufoodtrailer.com\/sq\/product\/rimorkio-e-vogel-per-pije-ne-shitje\/","og_site_name":"Honlu food trailer","article_modified_time":"2025-02-14T07:22:26+00:00","og_image":[{"width":720,"height":540,"url":"https:\/\/www.honlufoodtrailer.com\/wp-content\/uploads\/2024\/03\/beverage-trailer-for-sale.jpg","type":"image\/jpeg"}],"twitter_card":"summary_large_image","twitter_misc":{"Est. reading time":"1 minut\u00eb"},"schema":{"@context":"https:\/\/schema.org","@graph":[{"@type":"WebPage","@id":"https:\/\/www.honlufoodtrailer.com\/product\/small-beverage-trailer-for-sale\/","url":"https:\/\/www.honlufoodtrailer.com\/product\/small-beverage-trailer-for-sale\/","name":"Rimorkio e vog\u00ebl p\u00ebr pije n\u00eb shitje nga Kina - Rimorkio ushqimore Honlu","isPartOf":{"@id":"https:\/\/www.honlufoodtrailer.com\/#website"},"primaryImageOfPage":{"@id":"https:\/\/www.honlufoodtrailer.com\/product\/small-beverage-trailer-for-sale\/#primaryimage"},"image":{"@id":"https:\/\/www.honlufoodtrailer.com\/product\/small-beverage-trailer-for-sale\/#primaryimage"},"thumbnailUrl":"https:\/\/www.honlufoodtrailer.com\/wp-content\/uploads\/2024\/03\/beverage-trailer-for-sale.jpg","datePublished":"2024-03-18T09:20:44+00:00","dateModified":"2025-02-14T07:22:26+00:00","description":"Po k\u00ebrkoni nj\u00eb rimorkio t\u00eb vog\u00ebl p\u00ebr pije n\u00eb shitje? Merrni nj\u00eb rimorkio t\u00eb ngjashme ose t\u00eb personalizuar p\u00ebr pije nga prodhuesi kinez Honlu tani!","breadcrumb":{"@id":"https:\/\/www.honlufoodtrailer.com\/product\/small-beverage-trailer-for-sale\/#breadcrumb"},"inLanguage":"sq","potentialAction":[{"@type":"ReadAction","target":["https:\/\/www.honlufoodtrailer.com\/product\/small-beverage-trailer-for-sale\/"]}]},{"@type":"ImageObject","inLanguage":"sq","@id":"https:\/\/www.honlufoodtrailer.com\/product\/small-beverage-trailer-for-sale\/#primaryimage","url":"https:\/\/www.honlufoodtrailer.com\/wp-content\/uploads\/2024\/03\/beverage-trailer-for-sale.jpg","contentUrl":"https:\/\/www.honlufoodtrailer.com\/wp-content\/uploads\/2024\/03\/beverage-trailer-for-sale.jpg","width":720,"height":540,"caption":"beverage trailer for sale"},{"@type":"BreadcrumbList","@id":"https:\/\/www.honlufoodtrailer.com\/product\/small-beverage-trailer-for-sale\/#breadcrumb","itemListElement":[{"@type":"ListItem","position":1,"name":"Home","item":"https:\/\/www.honlufoodtrailer.com\/"},{"@type":"ListItem","position":2,"name":"\u4ea7\u54c1","item":"https:\/\/www.honlufoodtrailer.com\/shop\/"},{"@type":"ListItem","position":3,"name":"Small Beverage Trailer For Sale"}]},{"@type":"WebSite","@id":"https:\/\/www.honlufoodtrailer.com\/#website","url":"https:\/\/www.honlufoodtrailer.com\/","name":"Rimorkio ushqimore n\u00eb Honlu","description":"","publisher":{"@id":"https:\/\/www.honlufoodtrailer.com\/#organization"},"potentialAction":[{"@type":"SearchAction","target":{"@type":"EntryPoint","urlTemplate":"https:\/\/www.honlufoodtrailer.com\/?s={search_term_string}"},"query-input":{"@type":"PropertyValueSpecification","valueRequired":true,"valueName":"search_term_string"}}],"inLanguage":"sq"},{"@type":"Organization","@id":"https:\/\/www.honlufoodtrailer.com\/#organization","name":"Rimorkio ushqimore n\u00eb Honlu","url":"https:\/\/www.honlufoodtrailer.com\/","logo":{"@type":"ImageObject","inLanguage":"sq","@id":"https:\/\/www.honlufoodtrailer.com\/#\/schema\/logo\/image\/","url":"https:\/\/www.honlufoodtrailer.com\/wp-content\/uploads\/2021\/12\/2.gif","contentUrl":"https:\/\/www.honlufoodtrailer.com\/wp-content\/uploads\/2021\/12\/2.gif","width":350,"height":100,"caption":"Honlu food trailer"},"image":{"@id":"https:\/\/www.honlufoodtrailer.com\/#\/schema\/logo\/image\/"}}]}},"_links":{"self":[{"href":"https:\/\/www.honlufoodtrailer.com\/sq\/wp-json\/wp\/v2\/product\/7162","targetHints":{"allow":["GET"]}}],"collection":[{"href":"https:\/\/www.honlufoodtrailer.com\/sq\/wp-json\/wp\/v2\/product"}],"about":[{"href":"https:\/\/www.honlufoodtrailer.com\/sq\/wp-json\/wp\/v2\/types\/product"}],"version-history":[{"count":0,"href":"https:\/\/www.honlufoodtrailer.com\/sq\/wp-json\/wp\/v2\/product\/7162\/revisions"}],"wp:featuredmedia":[{"embeddable":true,"href":"https:\/\/www.honlufoodtrailer.com\/sq\/wp-json\/wp\/v2\/media\/7171"}],"wp:attachment":[{"href":"https:\/\/www.honlufoodtrailer.com\/sq\/wp-json\/wp\/v2\/media?parent=7162"}],"wp:term":[{"taxonomy":"product_brand","embeddable":true,"href":"https:\/\/www.honlufoodtrailer.com\/sq\/wp-json\/wp\/v2\/product_brand?post=7162"},{"taxonomy":"product_cat","embeddable":true,"href":"https:\/\/www.honlufoodtrailer.com\/sq\/wp-json\/wp\/v2\/product_cat?post=7162"},{"taxonomy":"product_tag","embeddable":true,"href":"https:\/\/www.honlufoodtrailer.com\/sq\/wp-json\/wp\/v2\/product_tag?post=7162"}],"curies":[{"name":"wp","href":"https:\/\/api.w.org\/{rel}","templated":true}]}}