{"id":7283,"date":"2024-03-28T16:54:18","date_gmt":"2024-03-28T08:54:18","guid":{"rendered":"https:\/\/www.honlufoodtrailer.com\/?post_type=product&#038;p=7283"},"modified":"2025-02-14T15:20:52","modified_gmt":"2025-02-14T07:20:52","slug":"rimorkio-ushqimore-10-metra-ne-shitje","status":"publish","type":"product","link":"https:\/\/www.honlufoodtrailer.com\/sq\/product\/10ft-food-trailer-for-sale\/","title":{"rendered":"Rimorkio Ushqimore 10ft n\u00eb Shitje"},"content":{"rendered":"<p>A po k\u00ebrkoni t\u00eb filloni nj\u00eb biznes ushqimor, por nuk doni t\u00eb investoni n\u00eb nj\u00eb restorant fizik? A keni menduar p\u00ebr nj\u00eb rimorkio ushqimore? Ky opsion n\u00eb mod\u00eb dhe me kosto efektive \u00ebsht\u00eb b\u00ebr\u00eb gjithnj\u00eb e m\u00eb popullor n\u00eb industrin\u00eb ushqimore. Dhe kur b\u00ebhet fjal\u00eb p\u00ebr rimorkiot e ushqimit, madh\u00ebsia 3 metra \u00ebsht\u00eb zgjedhja perfekte p\u00ebr sip\u00ebrmarr\u00ebsit q\u00eb duan t\u00eb nisin udh\u00ebtimet me krijimet e tyre t\u00eb shijshme.<\/p>\n<p><img fetchpriority=\"high\" decoding=\"async\" class=\"aligncenter size-full wp-image-7286\" src=\"https:\/\/www.honlufoodtrailer.com\/wp-content\/uploads\/2024\/03\/10ft-food-trailer-front-view.jpg\" alt=\"Pamje nga p\u00ebrpara e rimorkios s\u00eb ushqimit 10 k\u00ebmb\u00eb\" width=\"720\" height=\"540\" srcset=\"https:\/\/www.honlufoodtrailer.com\/wp-content\/uploads\/2024\/03\/10ft-food-trailer-front-view.jpg 720w, https:\/\/www.honlufoodtrailer.com\/wp-content\/uploads\/2024\/03\/10ft-food-trailer-front-view-480x360.jpg 480w, https:\/\/www.honlufoodtrailer.com\/wp-content\/uploads\/2024\/03\/10ft-food-trailer-front-view-300x225.jpg 300w\" sizes=\"(max-width: 720px) 100vw, 720px\" \/><br \/>\nRimorkioja ushqimore 3.5 metra e gjat\u00eb ofron t\u00eb gjitha k\u00ebrkesat thelb\u00ebsore p\u00ebr biznesin tuaj ushqimor. Nga pajisjet e ftohjes dhe gatimit deri te hap\u00ebsira e banakut, ajo ka gjith\u00e7ka q\u00eb ju nevojitet p\u00ebr t\u00eb p\u00ebrgatitur dhe servirur pjatat tuaja. Madh\u00ebsia e saj kompakte e b\u00ebn gjithashtu m\u00eb t\u00eb leht\u00eb mbajtjen e organizuar, duke siguruar nj\u00eb fluks pune t\u00eb qet\u00eb gjat\u00eb udh\u00ebtimit.<\/p>\n<p><img decoding=\"async\" class=\"aligncenter size-full wp-image-7287\" src=\"https:\/\/www.honlufoodtrailer.com\/wp-content\/uploads\/2024\/03\/10ft-food-trailer-inner-view.jpg\" alt=\"Pamje nga brenda e rimorkios s\u00eb ushqimit 10 k\u00ebmb\u00eb\" width=\"720\" height=\"540\" srcset=\"https:\/\/www.honlufoodtrailer.com\/wp-content\/uploads\/2024\/03\/10ft-food-trailer-inner-view.jpg 720w, https:\/\/www.honlufoodtrailer.com\/wp-content\/uploads\/2024\/03\/10ft-food-trailer-inner-view-480x360.jpg 480w, https:\/\/www.honlufoodtrailer.com\/wp-content\/uploads\/2024\/03\/10ft-food-trailer-inner-view-300x225.jpg 300w\" sizes=\"(max-width: 720px) 100vw, 720px\" \/><\/p>\n<h2>P\u00ebrfitimet e zgjedhjes s\u00eb nj\u00eb rimorkioje ushqimore 10ft<\/h2>\n<h3>Para s\u00eb gjithash, le t\u00eb flasim p\u00ebr madh\u00ebsin\u00eb<\/h3>\n<p>Rimorkioja e ushqimit 3 metra \u00ebsht\u00eb kompakte, por e bollshme, duke e b\u00ebr\u00eb t\u00eb leht\u00eb manovrimin n\u00eb rrug\u00eb, nd\u00ebrkoh\u00eb q\u00eb ofron hap\u00ebsir\u00eb t\u00eb mjaftueshme p\u00ebr pajisjet e gatimit dhe magazinimin. \u00cbsht\u00eb gjithashtu nj\u00eb zgjedhje popullore p\u00ebr evente dhe festivale, pasi z\u00eb m\u00eb pak hap\u00ebsir\u00eb krahasuar me rimorkiot m\u00eb t\u00eb m\u00ebdha, duke ju dh\u00ebn\u00eb nj\u00eb avantazh kur b\u00ebhet fjal\u00eb p\u00ebr gjetjen e nj\u00eb vendi p\u00ebr ta vendosur.<\/p>\n<h3>Nj\u00eb nga avantazhet m\u00eb t\u00eb m\u00ebdha t\u00eb nj\u00eb rimorkioje ushqimore 10 metra \u00ebsht\u00eb \u00e7mimi i saj i p\u00ebrballuesh\u00ebm.<\/h3>\n<p>\u00cbsht\u00eb nj\u00eb alternativ\u00eb me kosto efektive ndaj nj\u00eb restoranti tradicional. Kjo u lejon sip\u00ebrmarr\u00ebsve aspirant\u00eb t\u00eb ushqimit t\u00eb hyjn\u00eb n\u00eb industri me nj\u00eb investim m\u00eb t\u00eb vog\u00ebl dhe m\u00eb shum\u00eb fleksibilitet. Gjithashtu keni mund\u00ebsin\u00eb ta personalizoni rimorkion tuaj sipas buxhetit dhe nevojave tuaja specifike.<\/p>\n<p><img decoding=\"async\" class=\"aligncenter size-full wp-image-7289\" src=\"https:\/\/www.honlufoodtrailer.com\/wp-content\/uploads\/2024\/03\/10ft-food-trailer-side-view.jpg\" alt=\"Pamje an\u00ebsore e rimorkios s\u00eb ushqimit 10 k\u00ebmb\u00eb\" width=\"720\" height=\"540\" srcset=\"https:\/\/www.honlufoodtrailer.com\/wp-content\/uploads\/2024\/03\/10ft-food-trailer-side-view.jpg 720w, https:\/\/www.honlufoodtrailer.com\/wp-content\/uploads\/2024\/03\/10ft-food-trailer-side-view-480x360.jpg 480w, https:\/\/www.honlufoodtrailer.com\/wp-content\/uploads\/2024\/03\/10ft-food-trailer-side-view-300x225.jpg 300w\" sizes=\"(max-width: 720px) 100vw, 720px\" \/><\/p>\n<h3>Kalimi nga nj\u00eb vendndodhje n\u00eb tjetr\u00ebn \u00ebsht\u00eb shum\u00eb i leht\u00eb me nj\u00eb rimorkio ushqimore 10 metra t\u00eb gjat\u00eb.<\/h3>\n<p>Mund t\u00eb t\u00ebrhiqet leht\u00ebsisht nga nj\u00eb automjet me madh\u00ebsi normale, duke e b\u00ebr\u00eb t\u00eb arritsh\u00ebm p\u00ebr shitjen e ushqimit n\u00eb rrug\u00eb, evente dhe sh\u00ebrbime catering. Gjithashtu mund t\u00eb p\u00ebrfitoni nga l\u00ebvizshm\u00ebria dhe t\u00eb eksploroni vende t\u00eb ndryshme p\u00ebr t\u00eb arritur nj\u00eb baz\u00eb m\u00eb t\u00eb gjer\u00eb klient\u00ebsh.<\/p>\n<p>P\u00ebr m\u00eb tep\u00ebr, me nj\u00eb rimorkio ushqimore 10 metra t\u00eb gjat\u00eb, ju keni fleksibilitetin p\u00ebr t\u00eb ndryshuar menun\u00eb tuaj dhe p\u00ebr t\u00eb ofruar nj\u00eb shum\u00ebllojshm\u00ebri pjatash n\u00eb var\u00ebsi t\u00eb vendndodhjes dhe stin\u00ebs. Kjo jo vet\u00ebm q\u00eb i mban klient\u00ebt tuaj t\u00eb interesuar, por gjithashtu ju lejon t\u00eb p\u00ebrmbushni kufizime dhe preferenca t\u00eb ndryshme dietike.<\/p>\n<h3>Nj\u00eb tjet\u00ebr avantazh i nj\u00eb rimorkioje ushqimore 10 metra \u00ebsht\u00eb kostoja e ul\u00ebt e shpenzimeve t\u00eb p\u00ebrgjithshme.<\/h3>\n<p>Krahasuar me nj\u00eb restorant fizik, nuk do t\u00eb duhet t\u00eb shqet\u00ebsoheni p\u00ebr pages\u00ebn e qiras\u00eb, sh\u00ebrbimeve dhe shpenzimeve t\u00eb tjera fikse. Kjo ju jep m\u00eb shum\u00eb kontroll mbi fitimet tuaja dhe ju lejon t\u00eb p\u00ebrqendroheni n\u00eb rritjen e biznesit tuaj.<\/p>\n<p><img loading=\"lazy\" decoding=\"async\" class=\"aligncenter size-full wp-image-7284\" src=\"https:\/\/www.honlufoodtrailer.com\/wp-content\/uploads\/2024\/03\/10ft-food-trailer-back-view.jpg\" alt=\"Pamje nga mbrapa e rimorkios s\u00eb ushqimit 10 metra\" width=\"720\" height=\"540\" srcset=\"https:\/\/www.honlufoodtrailer.com\/wp-content\/uploads\/2024\/03\/10ft-food-trailer-back-view.jpg 720w, https:\/\/www.honlufoodtrailer.com\/wp-content\/uploads\/2024\/03\/10ft-food-trailer-back-view-480x360.jpg 480w, https:\/\/www.honlufoodtrailer.com\/wp-content\/uploads\/2024\/03\/10ft-food-trailer-back-view-300x225.jpg 300w\" sizes=\"(max-width: 720px) 100vw, 720px\" \/><\/p>\n<h3>Kur b\u00ebhet fjal\u00eb p\u00ebr mir\u00ebmbajtjen, nj\u00eb rimorkio ushqimore 10 metra k\u00ebrkon mir\u00ebmbajtje minimale.<\/h3>\n<p>Me pastrim t\u00eb rregullt dhe mir\u00ebmbajtje t\u00eb duhur t\u00eb pajisjeve, ato mund t\u00eb zgjasin p\u00ebr vite me radh\u00eb, duke e b\u00ebr\u00eb at\u00eb nj\u00eb investim t\u00eb denj\u00eb p\u00ebr biznesin tuaj ushqimor.<\/p>\n<p>S\u00eb fundmi, nj\u00eb rimorkio ushqimore 10 metra \u00ebsht\u00eb miq\u00ebsore me mjedisin. Meqen\u00ebse nuk k\u00ebrkon nj\u00eb vendndodhje t\u00eb p\u00ebrhershme, nuk do t\u00eb kontribuoni n\u00eb konsumin e tok\u00ebs dhe energjis\u00eb. Gjithashtu mund t\u00eb zgjidhni materiale dhe pajisje miq\u00ebsore me mjedisin p\u00ebr t\u00eb zvog\u00ebluar gjurm\u00ebn tuaj t\u00eb karbonit.<\/p>\n<p>Si p\u00ebrfundim, nj\u00eb rimorkio ushqimore 10 metra \u00ebsht\u00eb nj\u00eb opsion kompakt, i p\u00ebrballuesh\u00ebm dhe i gjithansh\u00ebm p\u00ebr sip\u00ebrmarr\u00ebsit q\u00eb k\u00ebrkojn\u00eb t\u00eb hyjn\u00eb n\u00eb industrin\u00eb ushqimore. L\u00ebvizshm\u00ebria, komoditeti dhe kostot e ul\u00ebta t\u00eb p\u00ebrgjithshme e b\u00ebjn\u00eb at\u00eb nj\u00eb zgjedhje t\u00eb njohur p\u00ebr bizneset ushqimore t\u00eb t\u00eb gjitha llojeve. Pse t\u00eb prisni? Investoni n\u00eb nj\u00eb rimorkio ushqimore 10 metra dhe merrni krijimet tuaja t\u00eb shijshme n\u00eb rrug\u00eb.<\/p>\n<p>&nbsp;<\/p>\n<h2>M\u00eb shum\u00eb detaje rreth rimorkios son\u00eb t\u00eb ushqimit 10ft<\/h2>\n<p>Sipas k\u00ebrkesave t\u00eb klientit ton\u00eb, ne e kemi pajisur tashm\u00eb k\u00ebt\u00eb rimorkio ushqimore 10 metra t\u00eb gjat\u00eb me pajisje baz\u00eb si aspirator, lavaman\u00eb, pjata me gaz dhe tavolin\u00eb pune.<\/p>\n<p><img loading=\"lazy\" decoding=\"async\" class=\"aligncenter size-full wp-image-7292\" src=\"https:\/\/www.honlufoodtrailer.com\/wp-content\/uploads\/2024\/03\/10ft-food-trailer-details.jpg\" alt=\"Detajet e rimorkios s\u00eb ushqimit 10 k\u00ebmb\u00eb\" width=\"800\" height=\"800\" srcset=\"https:\/\/www.honlufoodtrailer.com\/wp-content\/uploads\/2024\/03\/10ft-food-trailer-details.jpg 800w, https:\/\/www.honlufoodtrailer.com\/wp-content\/uploads\/2024\/03\/10ft-food-trailer-details-768x768.jpg 768w, https:\/\/www.honlufoodtrailer.com\/wp-content\/uploads\/2024\/03\/10ft-food-trailer-details-360x360.jpg 360w, https:\/\/www.honlufoodtrailer.com\/wp-content\/uploads\/2024\/03\/10ft-food-trailer-details-300x300.jpg 300w, https:\/\/www.honlufoodtrailer.com\/wp-content\/uploads\/2024\/03\/10ft-food-trailer-details-720x720.jpg 720w, https:\/\/www.honlufoodtrailer.com\/wp-content\/uploads\/2024\/03\/10ft-food-trailer-details-100x100.jpg 100w\" sizes=\"(max-width: 800px) 100vw, 800px\" \/><\/p>\n<p>Rimorkiot e ushqimit mund t\u00eb quhen edhe karroca ushqimore, furgon\u00eb ushqimi, kamion\u00eb ushqimi e k\u00ebshtu me radh\u00eb. Mund t\u00eb p\u00ebrdoren p\u00ebr t\u00eb shitur ushqim t\u00eb shpejt\u00eb, ushqime t\u00eb lehta, gazeta, libra e k\u00ebshtu me radh\u00eb. P\u00ebrb\u00ebhet nga shasia, karroceria, dyshemeja, tavolina e pun\u00ebs, sistemi i ujit dhe sistemi elektrik. P\u00ebrdoruesit gjithashtu mund t\u00eb zgjedhin ngjyr\u00ebn q\u00eb d\u00ebshirojn\u00eb. Ne do t\u00eb d\u00ebshironim t\u00eb blinim lloje t\u00eb tjera pajisjesh n\u00ebse klient\u00ebt d\u00ebshirojn\u00eb.<\/p>\n<h2><b class=\"magic-22\"><span class=\"magic-11\">Karakteristikat kryesore t\u00eb rimorkios s\u00eb ushqimit 10ft t\u00eb personalizuar<\/span><\/b><\/h2>\n<div class=\"magic-2\">\n<div class=\"magic-3\">\n<div class=\"magic-4\">\n<p class=\"magic-5\" data-spm-anchor-id=\"a2700.details.0.i22.54e5117dtl16iL\"><span style=\"font-family: Tahoma;\">1<span class=\"magic-12\" data-spm-anchor-id=\"a2700.details.0.i21.54e5117dtl16iL\">. Kosto e ul\u00ebt dhe miq\u00ebsore me mjedisin, pa tym dhe zhurm\u00eb, e leht\u00eb p\u00ebr t\u2019u zhvendosur n\u00eb \u00e7do vend.<\/span><\/span><\/p>\n<p>2. Mund t\u00eb p\u00ebrdoret p\u00ebr shum\u00eb vite dhe nuk do t\u00eb krijoj\u00eb mbeturina, dhe kjo \u00ebsht\u00eb shum\u00eb e p\u00ebrshtatshme p\u00ebr jet\u00ebn moderne.<\/p>\n<p>3. \u00cbsht\u00eb i p\u00ebrshtatsh\u00ebm dhe i thjesht\u00eb p\u00ebr ngarkim dhe transport sepse dizajni \u00ebsht\u00eb unik dhe individual.<\/p>\n<p>4. Materiali kryesor \u00ebsht\u00eb \u00e7elik inox, dhe forma e shesht\u00eb (tavolina) nuk do t\u00eb ndryshket.<\/p>\n<p>5. Ka rezistenc\u00eb ndaj nxeht\u00ebsis\u00eb dhe forc\u00eb t\u00eb lart\u00eb, q\u00ebndrueshm\u00ebri t\u00eb lart\u00eb ngjyrash, pa deformim, rezistent ndaj ujit dhe jet\u00ebgjat\u00ebsi t\u00eb gjat\u00eb sh\u00ebrbimi.<\/p>\n<p><img loading=\"lazy\" decoding=\"async\" class=\"aligncenter size-full wp-image-7285\" src=\"https:\/\/www.honlufoodtrailer.com\/wp-content\/uploads\/2024\/03\/10ft-food-trailer-for-sale.jpg\" alt=\"Rimorkio ushqimore 10 metra n\u00eb shitje\" width=\"720\" height=\"540\" srcset=\"https:\/\/www.honlufoodtrailer.com\/wp-content\/uploads\/2024\/03\/10ft-food-trailer-for-sale.jpg 720w, https:\/\/www.honlufoodtrailer.com\/wp-content\/uploads\/2024\/03\/10ft-food-trailer-for-sale-480x360.jpg 480w, https:\/\/www.honlufoodtrailer.com\/wp-content\/uploads\/2024\/03\/10ft-food-trailer-for-sale-300x225.jpg 300w\" sizes=\"(max-width: 720px) 100vw, 720px\" \/><\/p>\n<\/div>\n<\/div>\n<\/div>\n<h2><b class=\"magic-22\"><span class=\"magic-11\">Avantazhi kryesor:<\/span><\/b><\/h2>\n<p><span class=\"magic-12\">1. Me kosto t\u00eb ul\u00ebt dhe miq\u00ebsore me mjedisin;<br \/>\n2. Leht\u00eb p\u00ebr t\u2019u zhvendosur n\u00eb \u00e7do vend (biznesi juaj nuk \u00ebsht\u00eb i kufizuar);<br \/>\n3. Form\u00eb unike (e padukshme p\u00ebr t\u00eb t\u00ebrhequr m\u00eb shum\u00eb klient\u00eb);<br \/>\n4. Jet\u00ebgjat\u00ebsi e gjat\u00eb sh\u00ebrbimi (rezistente ndaj korrozionit, rezistente ndaj nxeht\u00ebsis\u00eb, e pap\u00ebrshkueshme nga uji, pa deformime).<\/span><\/p>","protected":false},"excerpt":{"rendered":"<p>Kjo \u00ebsht\u00eb nj\u00eb nga rimorkiot tona ushqimore 10 metra t\u00eb punuara me porosi q\u00eb shitet. Zakonisht, \u00ebsht\u00eb modeli i preferuar p\u00ebr t\u00eb filluar nj\u00eb biznes t\u00eb vog\u00ebl rimorkiosh ushqimore. Sigurisht, ne mund t\u00eb prodhojm\u00eb nj\u00eb rimorkio ushqimore 10 metra t\u00eb ngjashme si kjo, ose ta personalizojm\u00eb nj\u00eb p\u00ebr ju. Ju lutemi na kontaktoni dhe na tregoni k\u00ebrkesat tuaja t\u00eb holl\u00ebsishme. Vet\u00ebm mos hezitoni t\u00eb na kontaktoni!<\/p>","protected":false},"featured_media":7286,"template":"","meta":{"_themeisle_gutenberg_block_has_review":false},"product_brand":[],"product_cat":[26],"product_tag":[117,33,60,61,38],"class_list":{"0":"post-7283","1":"product","2":"type-product","3":"status-publish","4":"has-post-thumbnail","6":"product_cat-product","7":"product_tag-10ft-food-trailer","8":"product_tag-customized-trailer","9":"product_tag-fast-food-trailer","10":"product_tag-fast-food-trailer-for-sale","11":"product_tag-mobile-food-trailer","13":"first","14":"instock","15":"shipping-taxable","16":"product-type-simple"},"yoast_head":"<!-- This site is optimized with the Yoast SEO plugin v27.5 - https:\/\/yoast.com\/product\/yoast-seo-wordpress\/ -->\n<title>10ft Food Trailer For Sale from China - Honlu Food Trailer<\/title>\n<meta name=\"description\" content=\"Looking for a 10ft food trailer for sale? see this one here! Get a similar or customized 10ft concession trailer at a reasonable price now!\" \/>\n<meta name=\"robots\" content=\"index, follow, max-snippet:-1, max-image-preview:large, max-video-preview:-1\" \/>\n<link rel=\"canonical\" href=\"https:\/\/www.honlufoodtrailer.com\/sq\/product\/rimorkio-ushqimore-10-metra-ne-shitje\/\" \/>\n<meta property=\"og:locale\" content=\"sq_AL\" \/>\n<meta property=\"og:type\" content=\"article\" \/>\n<meta property=\"og:title\" content=\"10ft Food Trailer For Sale from China - Honlu Food Trailer\" \/>\n<meta property=\"og:description\" content=\"Looking for a 10ft food trailer for sale? see this one here! Get a similar or customized 10ft concession trailer at a reasonable price now!\" \/>\n<meta property=\"og:url\" content=\"https:\/\/www.honlufoodtrailer.com\/sq\/product\/rimorkio-ushqimore-10-metra-ne-shitje\/\" \/>\n<meta property=\"og:site_name\" content=\"Honlu food trailer\" \/>\n<meta property=\"article:modified_time\" content=\"2025-02-14T07:20:52+00:00\" \/>\n<meta property=\"og:image\" content=\"https:\/\/www.honlufoodtrailer.com\/wp-content\/uploads\/2024\/03\/10ft-food-trailer-front-view.jpg\" \/>\n\t<meta property=\"og:image:width\" content=\"720\" \/>\n\t<meta property=\"og:image:height\" content=\"540\" \/>\n\t<meta property=\"og:image:type\" content=\"image\/jpeg\" \/>\n<meta name=\"twitter:card\" content=\"summary_large_image\" \/>\n<meta name=\"twitter:label1\" content=\"Est. reading time\" \/>\n\t<meta name=\"twitter:data1\" content=\"1 minut\u00eb\" \/>\n<script type=\"application\/ld+json\" class=\"yoast-schema-graph\">{\"@context\":\"https:\\\/\\\/schema.org\",\"@graph\":[{\"@type\":\"WebPage\",\"@id\":\"https:\\\/\\\/www.honlufoodtrailer.com\\\/product\\\/10ft-food-trailer-for-sale\\\/\",\"url\":\"https:\\\/\\\/www.honlufoodtrailer.com\\\/product\\\/10ft-food-trailer-for-sale\\\/\",\"name\":\"10ft Food Trailer For Sale from China - Honlu Food Trailer\",\"isPartOf\":{\"@id\":\"https:\\\/\\\/www.honlufoodtrailer.com\\\/#website\"},\"primaryImageOfPage\":{\"@id\":\"https:\\\/\\\/www.honlufoodtrailer.com\\\/product\\\/10ft-food-trailer-for-sale\\\/#primaryimage\"},\"image\":{\"@id\":\"https:\\\/\\\/www.honlufoodtrailer.com\\\/product\\\/10ft-food-trailer-for-sale\\\/#primaryimage\"},\"thumbnailUrl\":\"https:\\\/\\\/www.honlufoodtrailer.com\\\/wp-content\\\/uploads\\\/2024\\\/03\\\/10ft-food-trailer-front-view.jpg\",\"datePublished\":\"2024-03-28T08:54:18+00:00\",\"dateModified\":\"2025-02-14T07:20:52+00:00\",\"description\":\"Looking for a 10ft food trailer for sale? see this one here! Get a similar or customized 10ft concession trailer at a reasonable price now!\",\"breadcrumb\":{\"@id\":\"https:\\\/\\\/www.honlufoodtrailer.com\\\/product\\\/10ft-food-trailer-for-sale\\\/#breadcrumb\"},\"inLanguage\":\"sq\",\"potentialAction\":[{\"@type\":\"ReadAction\",\"target\":[\"https:\\\/\\\/www.honlufoodtrailer.com\\\/product\\\/10ft-food-trailer-for-sale\\\/\"]}]},{\"@type\":\"ImageObject\",\"inLanguage\":\"sq\",\"@id\":\"https:\\\/\\\/www.honlufoodtrailer.com\\\/product\\\/10ft-food-trailer-for-sale\\\/#primaryimage\",\"url\":\"https:\\\/\\\/www.honlufoodtrailer.com\\\/wp-content\\\/uploads\\\/2024\\\/03\\\/10ft-food-trailer-front-view.jpg\",\"contentUrl\":\"https:\\\/\\\/www.honlufoodtrailer.com\\\/wp-content\\\/uploads\\\/2024\\\/03\\\/10ft-food-trailer-front-view.jpg\",\"width\":720,\"height\":540,\"caption\":\"10ft food trailer front view\"},{\"@type\":\"BreadcrumbList\",\"@id\":\"https:\\\/\\\/www.honlufoodtrailer.com\\\/product\\\/10ft-food-trailer-for-sale\\\/#breadcrumb\",\"itemListElement\":[{\"@type\":\"ListItem\",\"position\":1,\"name\":\"Home\",\"item\":\"https:\\\/\\\/www.honlufoodtrailer.com\\\/\"},{\"@type\":\"ListItem\",\"position\":2,\"name\":\"\u4ea7\u54c1\",\"item\":\"https:\\\/\\\/www.honlufoodtrailer.com\\\/shop\\\/\"},{\"@type\":\"ListItem\",\"position\":3,\"name\":\"10ft Food Trailer For Sale\"}]},{\"@type\":\"WebSite\",\"@id\":\"https:\\\/\\\/www.honlufoodtrailer.com\\\/#website\",\"url\":\"https:\\\/\\\/www.honlufoodtrailer.com\\\/\",\"name\":\"Honlu food trailer\",\"description\":\"\",\"publisher\":{\"@id\":\"https:\\\/\\\/www.honlufoodtrailer.com\\\/#organization\"},\"potentialAction\":[{\"@type\":\"SearchAction\",\"target\":{\"@type\":\"EntryPoint\",\"urlTemplate\":\"https:\\\/\\\/www.honlufoodtrailer.com\\\/?s={search_term_string}\"},\"query-input\":{\"@type\":\"PropertyValueSpecification\",\"valueRequired\":true,\"valueName\":\"search_term_string\"}}],\"inLanguage\":\"sq\"},{\"@type\":\"Organization\",\"@id\":\"https:\\\/\\\/www.honlufoodtrailer.com\\\/#organization\",\"name\":\"Honlu food trailer\",\"url\":\"https:\\\/\\\/www.honlufoodtrailer.com\\\/\",\"logo\":{\"@type\":\"ImageObject\",\"inLanguage\":\"sq\",\"@id\":\"https:\\\/\\\/www.honlufoodtrailer.com\\\/#\\\/schema\\\/logo\\\/image\\\/\",\"url\":\"https:\\\/\\\/www.honlufoodtrailer.com\\\/wp-content\\\/uploads\\\/2021\\\/12\\\/2.gif\",\"contentUrl\":\"https:\\\/\\\/www.honlufoodtrailer.com\\\/wp-content\\\/uploads\\\/2021\\\/12\\\/2.gif\",\"width\":350,\"height\":100,\"caption\":\"Honlu food trailer\"},\"image\":{\"@id\":\"https:\\\/\\\/www.honlufoodtrailer.com\\\/#\\\/schema\\\/logo\\\/image\\\/\"}}]}<\/script>\n<!-- \/ Yoast SEO plugin. -->","yoast_head_json":{"title":"Rimorkio Ushqimore 10ft n\u00eb Shitje nga Kina - Rimorkio Ushqimore Honlu","description":"Duke k\u00ebrkuar p\u00ebr nj\u00eb rimorkio ushqimore 10 metra p\u00ebr shitje? Shiheni k\u00ebt\u00eb k\u00ebtu! Merrni nj\u00eb rimorkio koncesionare 10 metra t\u00eb ngjashme ose t\u00eb personalizuar me nj\u00eb \u00e7mim t\u00eb arsyesh\u00ebm tani!","robots":{"index":"index","follow":"follow","max-snippet":"max-snippet:-1","max-image-preview":"max-image-preview:large","max-video-preview":"max-video-preview:-1"},"canonical":"https:\/\/www.honlufoodtrailer.com\/sq\/product\/rimorkio-ushqimore-10-metra-ne-shitje\/","og_locale":"sq_AL","og_type":"article","og_title":"10ft Food Trailer For Sale from China - Honlu Food Trailer","og_description":"Looking for a 10ft food trailer for sale? see this one here! Get a similar or customized 10ft concession trailer at a reasonable price now!","og_url":"https:\/\/www.honlufoodtrailer.com\/sq\/product\/rimorkio-ushqimore-10-metra-ne-shitje\/","og_site_name":"Honlu food trailer","article_modified_time":"2025-02-14T07:20:52+00:00","og_image":[{"width":720,"height":540,"url":"https:\/\/www.honlufoodtrailer.com\/wp-content\/uploads\/2024\/03\/10ft-food-trailer-front-view.jpg","type":"image\/jpeg"}],"twitter_card":"summary_large_image","twitter_misc":{"Est. reading time":"1 minut\u00eb"},"schema":{"@context":"https:\/\/schema.org","@graph":[{"@type":"WebPage","@id":"https:\/\/www.honlufoodtrailer.com\/product\/10ft-food-trailer-for-sale\/","url":"https:\/\/www.honlufoodtrailer.com\/product\/10ft-food-trailer-for-sale\/","name":"Rimorkio Ushqimore 10ft n\u00eb Shitje nga Kina - Rimorkio Ushqimore Honlu","isPartOf":{"@id":"https:\/\/www.honlufoodtrailer.com\/#website"},"primaryImageOfPage":{"@id":"https:\/\/www.honlufoodtrailer.com\/product\/10ft-food-trailer-for-sale\/#primaryimage"},"image":{"@id":"https:\/\/www.honlufoodtrailer.com\/product\/10ft-food-trailer-for-sale\/#primaryimage"},"thumbnailUrl":"https:\/\/www.honlufoodtrailer.com\/wp-content\/uploads\/2024\/03\/10ft-food-trailer-front-view.jpg","datePublished":"2024-03-28T08:54:18+00:00","dateModified":"2025-02-14T07:20:52+00:00","description":"Duke k\u00ebrkuar p\u00ebr nj\u00eb rimorkio ushqimore 10 metra p\u00ebr shitje? Shiheni k\u00ebt\u00eb k\u00ebtu! Merrni nj\u00eb rimorkio koncesionare 10 metra t\u00eb ngjashme ose t\u00eb personalizuar me nj\u00eb \u00e7mim t\u00eb arsyesh\u00ebm tani!","breadcrumb":{"@id":"https:\/\/www.honlufoodtrailer.com\/product\/10ft-food-trailer-for-sale\/#breadcrumb"},"inLanguage":"sq","potentialAction":[{"@type":"ReadAction","target":["https:\/\/www.honlufoodtrailer.com\/product\/10ft-food-trailer-for-sale\/"]}]},{"@type":"ImageObject","inLanguage":"sq","@id":"https:\/\/www.honlufoodtrailer.com\/product\/10ft-food-trailer-for-sale\/#primaryimage","url":"https:\/\/www.honlufoodtrailer.com\/wp-content\/uploads\/2024\/03\/10ft-food-trailer-front-view.jpg","contentUrl":"https:\/\/www.honlufoodtrailer.com\/wp-content\/uploads\/2024\/03\/10ft-food-trailer-front-view.jpg","width":720,"height":540,"caption":"10ft food trailer front view"},{"@type":"BreadcrumbList","@id":"https:\/\/www.honlufoodtrailer.com\/product\/10ft-food-trailer-for-sale\/#breadcrumb","itemListElement":[{"@type":"ListItem","position":1,"name":"Home","item":"https:\/\/www.honlufoodtrailer.com\/"},{"@type":"ListItem","position":2,"name":"\u4ea7\u54c1","item":"https:\/\/www.honlufoodtrailer.com\/shop\/"},{"@type":"ListItem","position":3,"name":"10ft Food Trailer For Sale"}]},{"@type":"WebSite","@id":"https:\/\/www.honlufoodtrailer.com\/#website","url":"https:\/\/www.honlufoodtrailer.com\/","name":"Rimorkio ushqimore n\u00eb Honlu","description":"","publisher":{"@id":"https:\/\/www.honlufoodtrailer.com\/#organization"},"potentialAction":[{"@type":"SearchAction","target":{"@type":"EntryPoint","urlTemplate":"https:\/\/www.honlufoodtrailer.com\/?s={search_term_string}"},"query-input":{"@type":"PropertyValueSpecification","valueRequired":true,"valueName":"search_term_string"}}],"inLanguage":"sq"},{"@type":"Organization","@id":"https:\/\/www.honlufoodtrailer.com\/#organization","name":"Rimorkio ushqimore n\u00eb Honlu","url":"https:\/\/www.honlufoodtrailer.com\/","logo":{"@type":"ImageObject","inLanguage":"sq","@id":"https:\/\/www.honlufoodtrailer.com\/#\/schema\/logo\/image\/","url":"https:\/\/www.honlufoodtrailer.com\/wp-content\/uploads\/2021\/12\/2.gif","contentUrl":"https:\/\/www.honlufoodtrailer.com\/wp-content\/uploads\/2021\/12\/2.gif","width":350,"height":100,"caption":"Honlu food trailer"},"image":{"@id":"https:\/\/www.honlufoodtrailer.com\/#\/schema\/logo\/image\/"}}]}},"_links":{"self":[{"href":"https:\/\/www.honlufoodtrailer.com\/sq\/wp-json\/wp\/v2\/product\/7283","targetHints":{"allow":["GET"]}}],"collection":[{"href":"https:\/\/www.honlufoodtrailer.com\/sq\/wp-json\/wp\/v2\/product"}],"about":[{"href":"https:\/\/www.honlufoodtrailer.com\/sq\/wp-json\/wp\/v2\/types\/product"}],"version-history":[{"count":0,"href":"https:\/\/www.honlufoodtrailer.com\/sq\/wp-json\/wp\/v2\/product\/7283\/revisions"}],"wp:featuredmedia":[{"embeddable":true,"href":"https:\/\/www.honlufoodtrailer.com\/sq\/wp-json\/wp\/v2\/media\/7286"}],"wp:attachment":[{"href":"https:\/\/www.honlufoodtrailer.com\/sq\/wp-json\/wp\/v2\/media?parent=7283"}],"wp:term":[{"taxonomy":"product_brand","embeddable":true,"href":"https:\/\/www.honlufoodtrailer.com\/sq\/wp-json\/wp\/v2\/product_brand?post=7283"},{"taxonomy":"product_cat","embeddable":true,"href":"https:\/\/www.honlufoodtrailer.com\/sq\/wp-json\/wp\/v2\/product_cat?post=7283"},{"taxonomy":"product_tag","embeddable":true,"href":"https:\/\/www.honlufoodtrailer.com\/sq\/wp-json\/wp\/v2\/product_tag?post=7283"}],"curies":[{"name":"wp","href":"https:\/\/api.w.org\/{rel}","templated":true}]}}