{"id":7561,"date":"2024-04-29T16:20:25","date_gmt":"2024-04-29T08:20:25","guid":{"rendered":"https:\/\/www.honlufoodtrailer.com\/?post_type=product&#038;p=7561"},"modified":"2025-02-14T14:57:24","modified_gmt":"2025-02-14T06:57:24","slug":"rimorkio-shawarma-16ft","status":"publish","type":"product","link":"https:\/\/www.honlufoodtrailer.com\/sq\/product\/16ft-shawarma-trailer\/","title":{"rendered":"Rimorkio Shawarma 16ft"},"content":{"rendered":"<p>D\u00ebshironi t\u00eb filloni nj\u00eb biznes rimorkioje shawarma? Shihni k\u00ebt\u00eb rimorkio shawarma 16ft k\u00ebtu! \u00cbsht\u00eb nj\u00eb rimorkio ushqimore e l\u00ebvizshme q\u00eb e kemi prodhuar p\u00ebr nj\u00eb nga klient\u00ebt tan\u00eb nga Shtetet e Bashkuara. Ne mund t\u00eb prodhojm\u00eb nj\u00eb rimorkio ushqimore shawarma t\u00eb ngjashme si kjo, ose ta personalizojm\u00eb nj\u00eb p\u00ebr ju. Ngjyra e karroceris\u00eb, ngjit\u00ebset, tabelat dhe pajisjet e kuzhin\u00ebs s\u00eb rimorkios shawarma mund t\u00eb personalizohen. Thjesht na kontaktoni dhe na tregoni k\u00ebrkesat tuaja t\u00eb detajuara. Tani, le t\u00eb shohim s\u00eb pari disa fotografi t\u00eb k\u00ebsaj rimorkioje shawarma!<\/p>\n<p><img fetchpriority=\"high\" decoding=\"async\" class=\"aligncenter size-full wp-image-7568\" src=\"https:\/\/www.honlufoodtrailer.com\/wp-content\/uploads\/2024\/04\/16ft-shawarma-trailer.jpg\" alt=\"Rimorkio shawarma 16ft\" width=\"720\" height=\"540\" srcset=\"https:\/\/www.honlufoodtrailer.com\/wp-content\/uploads\/2024\/04\/16ft-shawarma-trailer.jpg 720w, https:\/\/www.honlufoodtrailer.com\/wp-content\/uploads\/2024\/04\/16ft-shawarma-trailer-480x360.jpg 480w, https:\/\/www.honlufoodtrailer.com\/wp-content\/uploads\/2024\/04\/16ft-shawarma-trailer-300x225.jpg 300w\" sizes=\"(max-width: 720px) 100vw, 720px\" \/> <img decoding=\"async\" class=\"aligncenter size-full wp-image-7562\" src=\"https:\/\/www.honlufoodtrailer.com\/wp-content\/uploads\/2024\/04\/16ft-food-cart-shawarma.jpg\" alt=\"Karroc\u00eb ushqimi 16 k\u00ebmb\u00ebshe shawarma\" width=\"720\" height=\"540\" srcset=\"https:\/\/www.honlufoodtrailer.com\/wp-content\/uploads\/2024\/04\/16ft-food-cart-shawarma.jpg 720w, https:\/\/www.honlufoodtrailer.com\/wp-content\/uploads\/2024\/04\/16ft-food-cart-shawarma-480x360.jpg 480w, https:\/\/www.honlufoodtrailer.com\/wp-content\/uploads\/2024\/04\/16ft-food-cart-shawarma-300x225.jpg 300w\" sizes=\"(max-width: 720px) 100vw, 720px\" \/><\/p>\n<p>Si\u00e7 mund ta shohim nga fotografia m\u00eb sip\u00ebr, ne e kemi lyer k\u00ebt\u00eb rimorkio shawarma me ngjyr\u00eb t\u00eb zez\u00eb. Pasi klienti yn\u00eb t\u00eb marr\u00eb k\u00ebt\u00eb rimorkio ushqimore, ai do ta dekoroj\u00eb pjes\u00ebn e jashtme t\u00eb karroc\u00ebs mobile t\u00eb shawarma-s sipas d\u00ebshir\u00ebs. M\u00eb pas, le t\u00eb shohim pamjen e brendshme t\u00eb k\u00ebsaj rimorkioje shawarma.<\/p>\n<p><img decoding=\"async\" class=\"aligncenter size-full wp-image-7565\" src=\"https:\/\/www.honlufoodtrailer.com\/wp-content\/uploads\/2024\/04\/16ft-shawarma-trailer-details.jpg\" alt=\"Detajet e rimorkios 16ft shawarma\" width=\"720\" height=\"540\" srcset=\"https:\/\/www.honlufoodtrailer.com\/wp-content\/uploads\/2024\/04\/16ft-shawarma-trailer-details.jpg 720w, https:\/\/www.honlufoodtrailer.com\/wp-content\/uploads\/2024\/04\/16ft-shawarma-trailer-details-480x360.jpg 480w, https:\/\/www.honlufoodtrailer.com\/wp-content\/uploads\/2024\/04\/16ft-shawarma-trailer-details-300x225.jpg 300w\" sizes=\"(max-width: 720px) 100vw, 720px\" \/> <img loading=\"lazy\" decoding=\"async\" class=\"aligncenter size-full wp-image-7567\" src=\"https:\/\/www.honlufoodtrailer.com\/wp-content\/uploads\/2024\/04\/16ft-shawarma-trailer-kitchen-equipment.jpg\" alt=\"Pajisje kuzhine p\u00ebr rimorkio shawarma 16ft\" width=\"720\" height=\"540\" srcset=\"https:\/\/www.honlufoodtrailer.com\/wp-content\/uploads\/2024\/04\/16ft-shawarma-trailer-kitchen-equipment.jpg 720w, https:\/\/www.honlufoodtrailer.com\/wp-content\/uploads\/2024\/04\/16ft-shawarma-trailer-kitchen-equipment-480x360.jpg 480w, https:\/\/www.honlufoodtrailer.com\/wp-content\/uploads\/2024\/04\/16ft-shawarma-trailer-kitchen-equipment-300x225.jpg 300w\" sizes=\"(max-width: 720px) 100vw, 720px\" \/><\/p>\n<p>Nga fotografit\u00eb m\u00eb sip\u00ebr, mund t\u00eb shihni se e kemi pajisur k\u00ebt\u00eb rimorkio shawarma me tavolin\u00eb pune, rafte, aspirator, makin\u00eb shawarma dhe lavaman\u00eb. Me k\u00ebto aksesor\u00eb, klienti yn\u00eb do t\u00eb jet\u00eb n\u00eb gjendje t\u00eb filloj\u00eb biznesin e tij t\u00eb rimorkios shawarma. Rimorkioja shawarma 16ft \u00ebsht\u00eb nj\u00eb model i popullarizuar n\u00eb mesin e klient\u00ebve. P\u00ebr klient\u00ebt q\u00eb duan rimorkio m\u00eb t\u00eb m\u00ebdha, ne mund t\u00eb ofrojm\u00eb deri n\u00eb... <a href=\"https:\/\/www.honlufoodtrailer.com\/sq\/product\/kamion-ushqimi-shawarma-ne-shitje\/\" target=\"_blank\" rel=\"noopener\">Rimorkio shawarma 36ft<\/a> si ky.<\/p>\n<p>Rimorkiot e ushqimit mund t\u00eb quhen edhe karroca ushqimore, furgon\u00eb ushqimi, kamion\u00eb ushqimi e k\u00ebshtu me radh\u00eb. Mund t\u00eb p\u00ebrdoren p\u00ebr t\u00eb shitur ushqim t\u00eb shpejt\u00eb, ushqime t\u00eb lehta, gazeta, libra e k\u00ebshtu me radh\u00eb. P\u00ebrb\u00ebhet nga shasia, karroceria, dyshemeja, tavolina e pun\u00ebs, sistemi i ujit dhe sistemi elektrik. P\u00ebrdoruesit gjithashtu mund t\u00eb zgjedhin ngjyr\u00ebn q\u00eb d\u00ebshirojn\u00eb. Ne do t\u00eb d\u00ebshironim t\u00eb blinim lloje t\u00eb tjera pajisjesh n\u00ebse klient\u00ebt d\u00ebshirojn\u00eb.<\/p>\n<h2><b class=\"magic-22\"><span class=\"magic-11\">Karakteristikat kryesore t\u00eb rimorkios s\u00eb personalizuar Shawarma<\/span><\/b><\/h2>\n<div class=\"magic-2\">\n<div class=\"magic-3\">\n<div class=\"magic-4\">1. Me kosto t\u00eb ul\u00ebt dhe miq\u00ebsor ndaj mjedisit, pa tym dhe zhurm\u00eb, i leht\u00eb p\u00ebr t\u2019u zhvendosur n\u00eb \u00e7do vend.<br \/>\n2. Mund t\u00eb p\u00ebrdoret p\u00ebr shum\u00eb vite dhe nuk do t\u00eb krijoj\u00eb mbeturina, dhe kjo \u00ebsht\u00eb shum\u00eb e p\u00ebrshtatshme p\u00ebr jet\u00ebn moderne.<br \/>\n3. \u00cbsht\u00eb i p\u00ebrshtatsh\u00ebm dhe i thjesht\u00eb p\u00ebr ngarkim dhe transport sepse dizajni \u00ebsht\u00eb unik dhe individual.<br \/>\n4. Materiali kryesor \u00ebsht\u00eb \u00e7elik inox, dhe forma e shesht\u00eb (tavolina) nuk do t\u00eb ndryshket.<br \/>\n5. Ka rezistenc\u00eb ndaj nxeht\u00ebsis\u00eb dhe forc\u00eb t\u00eb lart\u00eb, q\u00ebndrueshm\u00ebri t\u00eb lart\u00eb ngjyrash, pa deformim, rezistent ndaj ujit dhe jet\u00ebgjat\u00ebsi t\u00eb gjat\u00eb sh\u00ebrbimi.<\/div>\n<\/div>\n<\/div>\n<h2><b class=\"magic-22\"><span class=\"magic-11\">Avantazhi kryesor:<\/span><\/b><\/h2>\n<p><span class=\"magic-12\">1. Me kosto t\u00eb ul\u00ebt dhe miq\u00ebsore me mjedisin;<br \/>\n2. Leht\u00eb p\u00ebr t\u2019u zhvendosur n\u00eb \u00e7do vend (biznesi juaj nuk \u00ebsht\u00eb i kufizuar);<br \/>\n3. Form\u00eb unike (e padukshme p\u00ebr t\u00eb t\u00ebrhequr m\u00eb shum\u00eb klient\u00eb);<br \/>\n4. Jet\u00ebgjat\u00ebsi e gjat\u00eb sh\u00ebrbimi (rezistente ndaj korrozionit, rezistenc\u00eb ndaj nxeht\u00ebsis\u00eb, rezistente ndaj ujit, pa deformime).<\/span><\/p>","protected":false},"excerpt":{"rendered":"<p>Kjo \u00ebsht\u00eb nj\u00eb nga rimorkiot tona shawarma 16ft t\u00eb prodhuara me porosi n\u00eb shitje. Zakonisht, \u00ebsht\u00eb modeli i preferuar p\u00ebr t\u00eb filluar nj\u00eb biznes t\u00eb l\u00ebvizsh\u00ebm rimorkiosh ushqimi shawarma. Ne jo vet\u00ebm q\u00eb mund t\u00eb personalizojm\u00eb pjes\u00ebn e jashtme t\u00eb rimorkios s\u00eb ushqimit, por edhe t\u00eb personalizojm\u00eb pajisjet e kuzhin\u00ebs brenda rimorkios. Mos hezitoni t\u00eb na kontaktoni dhe t\u00eb na tregoni k\u00ebrkesat tuaja t\u00eb detajuara!<\/p>","protected":false},"featured_media":7568,"template":"","meta":{"_themeisle_gutenberg_block_has_review":false},"product_brand":[],"product_cat":[26],"product_tag":[96,114],"class_list":{"0":"post-7561","1":"product","2":"type-product","3":"status-publish","4":"has-post-thumbnail","6":"product_cat-product","7":"product_tag-16ft-food-trailer","8":"product_tag-shawarma-trailer","10":"first","11":"instock","12":"shipping-taxable","13":"product-type-simple"},"yoast_head":"<!-- This site is optimized with the Yoast SEO plugin v27.5 - https:\/\/yoast.com\/product\/yoast-seo-wordpress\/ -->\n<title>Factory Price 16ft Shawarma Trailer from China- Honlu Food Trailer<\/title>\n<meta name=\"description\" content=\"Want to start a shawarma trailer business? see this 16ft shawarma trailer here! Get a similar or customized one at factory price from Honlu now!\" \/>\n<meta name=\"robots\" content=\"index, follow, max-snippet:-1, max-image-preview:large, max-video-preview:-1\" \/>\n<link rel=\"canonical\" href=\"https:\/\/www.honlufoodtrailer.com\/sq\/product\/rimorkio-shawarma-16ft\/\" \/>\n<meta property=\"og:locale\" content=\"sq_AL\" \/>\n<meta property=\"og:type\" content=\"article\" \/>\n<meta property=\"og:title\" content=\"Factory Price 16ft Shawarma Trailer from China- Honlu Food Trailer\" \/>\n<meta property=\"og:description\" content=\"Want to start a shawarma trailer business? see this 16ft shawarma trailer here! Get a similar or customized one at factory price from Honlu now!\" \/>\n<meta property=\"og:url\" content=\"https:\/\/www.honlufoodtrailer.com\/sq\/product\/rimorkio-shawarma-16ft\/\" \/>\n<meta property=\"og:site_name\" content=\"Honlu food trailer\" \/>\n<meta property=\"article:modified_time\" content=\"2025-02-14T06:57:24+00:00\" \/>\n<meta property=\"og:image\" content=\"https:\/\/www.honlufoodtrailer.com\/wp-content\/uploads\/2024\/04\/16ft-shawarma-trailer.jpg\" \/>\n\t<meta property=\"og:image:width\" content=\"720\" \/>\n\t<meta property=\"og:image:height\" content=\"540\" \/>\n\t<meta property=\"og:image:type\" content=\"image\/jpeg\" \/>\n<meta name=\"twitter:card\" content=\"summary_large_image\" \/>\n<meta name=\"twitter:label1\" content=\"Est. reading time\" \/>\n\t<meta name=\"twitter:data1\" content=\"1 minut\u00eb\" \/>\n<script type=\"application\/ld+json\" class=\"yoast-schema-graph\">{\"@context\":\"https:\\\/\\\/schema.org\",\"@graph\":[{\"@type\":\"WebPage\",\"@id\":\"https:\\\/\\\/www.honlufoodtrailer.com\\\/product\\\/16ft-shawarma-trailer\\\/\",\"url\":\"https:\\\/\\\/www.honlufoodtrailer.com\\\/product\\\/16ft-shawarma-trailer\\\/\",\"name\":\"Factory Price 16ft Shawarma Trailer from China- Honlu Food Trailer\",\"isPartOf\":{\"@id\":\"https:\\\/\\\/www.honlufoodtrailer.com\\\/#website\"},\"primaryImageOfPage\":{\"@id\":\"https:\\\/\\\/www.honlufoodtrailer.com\\\/product\\\/16ft-shawarma-trailer\\\/#primaryimage\"},\"image\":{\"@id\":\"https:\\\/\\\/www.honlufoodtrailer.com\\\/product\\\/16ft-shawarma-trailer\\\/#primaryimage\"},\"thumbnailUrl\":\"https:\\\/\\\/www.honlufoodtrailer.com\\\/wp-content\\\/uploads\\\/2024\\\/04\\\/16ft-shawarma-trailer.jpg\",\"datePublished\":\"2024-04-29T08:20:25+00:00\",\"dateModified\":\"2025-02-14T06:57:24+00:00\",\"description\":\"Want to start a shawarma trailer business? see this 16ft shawarma trailer here! Get a similar or customized one at factory price from Honlu now!\",\"breadcrumb\":{\"@id\":\"https:\\\/\\\/www.honlufoodtrailer.com\\\/product\\\/16ft-shawarma-trailer\\\/#breadcrumb\"},\"inLanguage\":\"sq\",\"potentialAction\":[{\"@type\":\"ReadAction\",\"target\":[\"https:\\\/\\\/www.honlufoodtrailer.com\\\/product\\\/16ft-shawarma-trailer\\\/\"]}]},{\"@type\":\"ImageObject\",\"inLanguage\":\"sq\",\"@id\":\"https:\\\/\\\/www.honlufoodtrailer.com\\\/product\\\/16ft-shawarma-trailer\\\/#primaryimage\",\"url\":\"https:\\\/\\\/www.honlufoodtrailer.com\\\/wp-content\\\/uploads\\\/2024\\\/04\\\/16ft-shawarma-trailer.jpg\",\"contentUrl\":\"https:\\\/\\\/www.honlufoodtrailer.com\\\/wp-content\\\/uploads\\\/2024\\\/04\\\/16ft-shawarma-trailer.jpg\",\"width\":720,\"height\":540,\"caption\":\"16ft shawarma trailer\"},{\"@type\":\"BreadcrumbList\",\"@id\":\"https:\\\/\\\/www.honlufoodtrailer.com\\\/product\\\/16ft-shawarma-trailer\\\/#breadcrumb\",\"itemListElement\":[{\"@type\":\"ListItem\",\"position\":1,\"name\":\"Home\",\"item\":\"https:\\\/\\\/www.honlufoodtrailer.com\\\/\"},{\"@type\":\"ListItem\",\"position\":2,\"name\":\"\u4ea7\u54c1\",\"item\":\"https:\\\/\\\/www.honlufoodtrailer.com\\\/shop\\\/\"},{\"@type\":\"ListItem\",\"position\":3,\"name\":\"16ft Shawarma Trailer\"}]},{\"@type\":\"WebSite\",\"@id\":\"https:\\\/\\\/www.honlufoodtrailer.com\\\/#website\",\"url\":\"https:\\\/\\\/www.honlufoodtrailer.com\\\/\",\"name\":\"Honlu food trailer\",\"description\":\"\",\"publisher\":{\"@id\":\"https:\\\/\\\/www.honlufoodtrailer.com\\\/#organization\"},\"potentialAction\":[{\"@type\":\"SearchAction\",\"target\":{\"@type\":\"EntryPoint\",\"urlTemplate\":\"https:\\\/\\\/www.honlufoodtrailer.com\\\/?s={search_term_string}\"},\"query-input\":{\"@type\":\"PropertyValueSpecification\",\"valueRequired\":true,\"valueName\":\"search_term_string\"}}],\"inLanguage\":\"sq\"},{\"@type\":\"Organization\",\"@id\":\"https:\\\/\\\/www.honlufoodtrailer.com\\\/#organization\",\"name\":\"Honlu food trailer\",\"url\":\"https:\\\/\\\/www.honlufoodtrailer.com\\\/\",\"logo\":{\"@type\":\"ImageObject\",\"inLanguage\":\"sq\",\"@id\":\"https:\\\/\\\/www.honlufoodtrailer.com\\\/#\\\/schema\\\/logo\\\/image\\\/\",\"url\":\"https:\\\/\\\/www.honlufoodtrailer.com\\\/wp-content\\\/uploads\\\/2021\\\/12\\\/2.gif\",\"contentUrl\":\"https:\\\/\\\/www.honlufoodtrailer.com\\\/wp-content\\\/uploads\\\/2021\\\/12\\\/2.gif\",\"width\":350,\"height\":100,\"caption\":\"Honlu food trailer\"},\"image\":{\"@id\":\"https:\\\/\\\/www.honlufoodtrailer.com\\\/#\\\/schema\\\/logo\\\/image\\\/\"}}]}<\/script>\n<!-- \/ Yoast SEO plugin. -->","yoast_head_json":{"title":"Rimorkio Shawarma 16ft me \u00e7mim fabrike nga Kina - Rimorkio Ushqimore Honlu","description":"D\u00ebshironi t\u00eb filloni nj\u00eb biznes rimorkioje shawarma? Shihni k\u00ebt\u00eb rimorkio shawarma 16ft k\u00ebtu! Merrni nj\u00eb t\u00eb ngjashme ose t\u00eb personalizuar me \u00e7mimin e fabrik\u00ebs nga Honlu tani!","robots":{"index":"index","follow":"follow","max-snippet":"max-snippet:-1","max-image-preview":"max-image-preview:large","max-video-preview":"max-video-preview:-1"},"canonical":"https:\/\/www.honlufoodtrailer.com\/sq\/product\/rimorkio-shawarma-16ft\/","og_locale":"sq_AL","og_type":"article","og_title":"Factory Price 16ft Shawarma Trailer from China- Honlu Food Trailer","og_description":"Want to start a shawarma trailer business? see this 16ft shawarma trailer here! Get a similar or customized one at factory price from Honlu now!","og_url":"https:\/\/www.honlufoodtrailer.com\/sq\/product\/rimorkio-shawarma-16ft\/","og_site_name":"Honlu food trailer","article_modified_time":"2025-02-14T06:57:24+00:00","og_image":[{"width":720,"height":540,"url":"https:\/\/www.honlufoodtrailer.com\/wp-content\/uploads\/2024\/04\/16ft-shawarma-trailer.jpg","type":"image\/jpeg"}],"twitter_card":"summary_large_image","twitter_misc":{"Est. reading time":"1 minut\u00eb"},"schema":{"@context":"https:\/\/schema.org","@graph":[{"@type":"WebPage","@id":"https:\/\/www.honlufoodtrailer.com\/product\/16ft-shawarma-trailer\/","url":"https:\/\/www.honlufoodtrailer.com\/product\/16ft-shawarma-trailer\/","name":"Rimorkio Shawarma 16ft me \u00e7mim fabrike nga Kina - Rimorkio Ushqimore Honlu","isPartOf":{"@id":"https:\/\/www.honlufoodtrailer.com\/#website"},"primaryImageOfPage":{"@id":"https:\/\/www.honlufoodtrailer.com\/product\/16ft-shawarma-trailer\/#primaryimage"},"image":{"@id":"https:\/\/www.honlufoodtrailer.com\/product\/16ft-shawarma-trailer\/#primaryimage"},"thumbnailUrl":"https:\/\/www.honlufoodtrailer.com\/wp-content\/uploads\/2024\/04\/16ft-shawarma-trailer.jpg","datePublished":"2024-04-29T08:20:25+00:00","dateModified":"2025-02-14T06:57:24+00:00","description":"D\u00ebshironi t\u00eb filloni nj\u00eb biznes rimorkioje shawarma? Shihni k\u00ebt\u00eb rimorkio shawarma 16ft k\u00ebtu! Merrni nj\u00eb t\u00eb ngjashme ose t\u00eb personalizuar me \u00e7mimin e fabrik\u00ebs nga Honlu tani!","breadcrumb":{"@id":"https:\/\/www.honlufoodtrailer.com\/product\/16ft-shawarma-trailer\/#breadcrumb"},"inLanguage":"sq","potentialAction":[{"@type":"ReadAction","target":["https:\/\/www.honlufoodtrailer.com\/product\/16ft-shawarma-trailer\/"]}]},{"@type":"ImageObject","inLanguage":"sq","@id":"https:\/\/www.honlufoodtrailer.com\/product\/16ft-shawarma-trailer\/#primaryimage","url":"https:\/\/www.honlufoodtrailer.com\/wp-content\/uploads\/2024\/04\/16ft-shawarma-trailer.jpg","contentUrl":"https:\/\/www.honlufoodtrailer.com\/wp-content\/uploads\/2024\/04\/16ft-shawarma-trailer.jpg","width":720,"height":540,"caption":"16ft shawarma trailer"},{"@type":"BreadcrumbList","@id":"https:\/\/www.honlufoodtrailer.com\/product\/16ft-shawarma-trailer\/#breadcrumb","itemListElement":[{"@type":"ListItem","position":1,"name":"Home","item":"https:\/\/www.honlufoodtrailer.com\/"},{"@type":"ListItem","position":2,"name":"\u4ea7\u54c1","item":"https:\/\/www.honlufoodtrailer.com\/shop\/"},{"@type":"ListItem","position":3,"name":"16ft Shawarma Trailer"}]},{"@type":"WebSite","@id":"https:\/\/www.honlufoodtrailer.com\/#website","url":"https:\/\/www.honlufoodtrailer.com\/","name":"Rimorkio ushqimore n\u00eb Honlu","description":"","publisher":{"@id":"https:\/\/www.honlufoodtrailer.com\/#organization"},"potentialAction":[{"@type":"SearchAction","target":{"@type":"EntryPoint","urlTemplate":"https:\/\/www.honlufoodtrailer.com\/?s={search_term_string}"},"query-input":{"@type":"PropertyValueSpecification","valueRequired":true,"valueName":"search_term_string"}}],"inLanguage":"sq"},{"@type":"Organization","@id":"https:\/\/www.honlufoodtrailer.com\/#organization","name":"Rimorkio ushqimore n\u00eb Honlu","url":"https:\/\/www.honlufoodtrailer.com\/","logo":{"@type":"ImageObject","inLanguage":"sq","@id":"https:\/\/www.honlufoodtrailer.com\/#\/schema\/logo\/image\/","url":"https:\/\/www.honlufoodtrailer.com\/wp-content\/uploads\/2021\/12\/2.gif","contentUrl":"https:\/\/www.honlufoodtrailer.com\/wp-content\/uploads\/2021\/12\/2.gif","width":350,"height":100,"caption":"Honlu food trailer"},"image":{"@id":"https:\/\/www.honlufoodtrailer.com\/#\/schema\/logo\/image\/"}}]}},"_links":{"self":[{"href":"https:\/\/www.honlufoodtrailer.com\/sq\/wp-json\/wp\/v2\/product\/7561","targetHints":{"allow":["GET"]}}],"collection":[{"href":"https:\/\/www.honlufoodtrailer.com\/sq\/wp-json\/wp\/v2\/product"}],"about":[{"href":"https:\/\/www.honlufoodtrailer.com\/sq\/wp-json\/wp\/v2\/types\/product"}],"version-history":[{"count":0,"href":"https:\/\/www.honlufoodtrailer.com\/sq\/wp-json\/wp\/v2\/product\/7561\/revisions"}],"wp:featuredmedia":[{"embeddable":true,"href":"https:\/\/www.honlufoodtrailer.com\/sq\/wp-json\/wp\/v2\/media\/7568"}],"wp:attachment":[{"href":"https:\/\/www.honlufoodtrailer.com\/sq\/wp-json\/wp\/v2\/media?parent=7561"}],"wp:term":[{"taxonomy":"product_brand","embeddable":true,"href":"https:\/\/www.honlufoodtrailer.com\/sq\/wp-json\/wp\/v2\/product_brand?post=7561"},{"taxonomy":"product_cat","embeddable":true,"href":"https:\/\/www.honlufoodtrailer.com\/sq\/wp-json\/wp\/v2\/product_cat?post=7561"},{"taxonomy":"product_tag","embeddable":true,"href":"https:\/\/www.honlufoodtrailer.com\/sq\/wp-json\/wp\/v2\/product_tag?post=7561"}],"curies":[{"name":"wp","href":"https:\/\/api.w.org\/{rel}","templated":true}]}}