{"id":7596,"date":"2024-05-05T17:16:14","date_gmt":"2024-05-05T09:16:14","guid":{"rendered":"https:\/\/www.honlufoodtrailer.com\/?post_type=product&#038;p=7596"},"modified":"2025-02-14T14:55:46","modified_gmt":"2025-02-14T06:55:46","slug":"5-7m-snack-bar-trailer","status":"publish","type":"product","link":"https:\/\/www.honlufoodtrailer.com\/sq\/product\/5-7m-snack-bar-trailer\/","title":{"rendered":"Rimorkio p\u00ebr nj\u00eb bar t\u00eb leht\u00eb 5.7 m"},"content":{"rendered":"<p>A po k\u00ebrkoni nj\u00eb rimorkio t\u00eb personalizuar p\u00ebr nj\u00eb bar ushqimi? Shikoni k\u00ebt\u00eb rimorkio t\u00eb l\u00ebvizshme p\u00ebr nj\u00eb bar ushqimi 5.7 metra k\u00ebtu! Ne e kemi prodhuar at\u00eb p\u00ebr nj\u00eb nga klient\u00ebt tan\u00eb nga Shtetet e Bashkuara. \u00cbsht\u00eb nj\u00eb model i popullarizuar n\u00eb mesin e klient\u00ebve tan\u00eb. Ne mund t\u00eb prodhojm\u00eb nj\u00eb rimorkio t\u00eb ngjashme p\u00ebr nj\u00eb bar ushqimi si kjo, ose ta personalizojm\u00eb nj\u00eb p\u00ebr ju. Ngjyra e karroceris\u00eb, ngjit\u00ebset, tabelat dhe pajisjet e kuzhin\u00ebs s\u00eb rimorkios mund t\u00eb personalizohen. Thjesht na kontaktoni dhe na tregoni k\u00ebrkesat tuaja t\u00eb detajuara. Tani, le t\u00eb shohim s\u00eb pari disa fotografi t\u00eb k\u00ebsaj rimorkioje t\u00eb l\u00ebvizshme p\u00ebr ushqime!<\/p>\n<p><img fetchpriority=\"high\" decoding=\"async\" class=\"aligncenter size-full wp-image-7598\" src=\"https:\/\/www.honlufoodtrailer.com\/wp-content\/uploads\/2024\/05\/5.7m-mobile-snack-trailer.jpg\" alt=\"Rimorkio mobile p\u00ebr ushqime t\u00eb lehta 5.7 metra\" width=\"720\" height=\"540\" srcset=\"https:\/\/www.honlufoodtrailer.com\/wp-content\/uploads\/2024\/05\/5.7m-mobile-snack-trailer.jpg 720w, https:\/\/www.honlufoodtrailer.com\/wp-content\/uploads\/2024\/05\/5.7m-mobile-snack-trailer-480x360.jpg 480w, https:\/\/www.honlufoodtrailer.com\/wp-content\/uploads\/2024\/05\/5.7m-mobile-snack-trailer-300x225.jpg 300w\" sizes=\"(max-width: 720px) 100vw, 720px\" \/> <img decoding=\"async\" class=\"aligncenter size-full wp-image-7605\" src=\"https:\/\/www.honlufoodtrailer.com\/wp-content\/uploads\/2024\/05\/snack-trailer.jpg\" alt=\"rimorkio p\u00ebr ushqime t\u00eb lehta\" width=\"720\" height=\"540\" srcset=\"https:\/\/www.honlufoodtrailer.com\/wp-content\/uploads\/2024\/05\/snack-trailer.jpg 720w, https:\/\/www.honlufoodtrailer.com\/wp-content\/uploads\/2024\/05\/snack-trailer-480x360.jpg 480w, https:\/\/www.honlufoodtrailer.com\/wp-content\/uploads\/2024\/05\/snack-trailer-300x225.jpg 300w\" sizes=\"(max-width: 720px) 100vw, 720px\" \/><\/p>\n<h3>Detajet e brendshme t\u00eb k\u00ebsaj rimorkioje p\u00ebr bar me ushqime t\u00eb lehta 5.7 m<\/h3>\n<p>Si\u00e7 mund ta shihni nga fotografia m\u00eb posht\u00eb, ne e kemi pajisur k\u00ebt\u00eb rimorkio t\u00eb l\u00ebvizshme p\u00ebr bare ushqimore me tavolin\u00eb pune, dollap, aspirator, lavaman\u00eb, tigan t\u00eb thell\u00eb, skar\u00eb, pllak\u00eb gatimi dhe kondicioner etj. Pajisjet e m\u00ebsip\u00ebrme do ta ndihmojn\u00eb klientin ton\u00eb t\u00eb filloj\u00eb biznesin e tij t\u00eb l\u00ebvizsh\u00ebm t\u00eb rimorkiove ushqimore. Si prodhues profesional i rimorkiove ushqimore me m\u00eb shum\u00eb se 10 vjet p\u00ebrvoj\u00eb, ne mund t&#039;ju ndihmojm\u00eb t\u00eb personalizoni rimorkion tuaj t\u00eb ushqimit sipas k\u00ebrkesave tuaja specifike. Me nj\u00eb fjal\u00eb, ne do t&#039;ju ofrojm\u00eb rimorkion e personalizuar p\u00ebr bare ushqimore sipas d\u00ebshir\u00ebs tuaj.<\/p>\n<p><img decoding=\"async\" class=\"aligncenter size-full wp-image-7604\" src=\"https:\/\/www.honlufoodtrailer.com\/wp-content\/uploads\/2024\/05\/snack-bar-trailer-inner-view.jpg\" alt=\"pamje nga brenda e rimorkios s\u00eb nj\u00eb bari t\u00eb leht\u00eb\" width=\"720\" height=\"540\" srcset=\"https:\/\/www.honlufoodtrailer.com\/wp-content\/uploads\/2024\/05\/snack-bar-trailer-inner-view.jpg 720w, https:\/\/www.honlufoodtrailer.com\/wp-content\/uploads\/2024\/05\/snack-bar-trailer-inner-view-480x360.jpg 480w, https:\/\/www.honlufoodtrailer.com\/wp-content\/uploads\/2024\/05\/snack-bar-trailer-inner-view-300x225.jpg 300w\" sizes=\"(max-width: 720px) 100vw, 720px\" \/><\/p>\n<h3>M\u00eb shum\u00eb detaje rreth k\u00ebsaj Rimorkioje Mobile p\u00ebr Bar t\u00eb Personalizuar<\/h3>\n<p>Tani, le t\u00eb shohim m\u00eb shum\u00eb detaje t\u00eb k\u00ebsaj rimorkioje p\u00ebr nj\u00eb bar t\u00eb leht\u00eb p\u00ebrmes fotografive t\u00eb m\u00ebposhtme.<\/p>\n<p><img loading=\"lazy\" decoding=\"async\" class=\"aligncenter size-full wp-image-7606\" src=\"https:\/\/www.honlufoodtrailer.com\/wp-content\/uploads\/2024\/05\/snack-trailer-inner-details.jpg\" alt=\"detajet e brendshme t\u00eb rimorkios s\u00eb ushqimeve t\u00eb lehta\" width=\"800\" height=\"800\" srcset=\"https:\/\/www.honlufoodtrailer.com\/wp-content\/uploads\/2024\/05\/snack-trailer-inner-details.jpg 800w, https:\/\/www.honlufoodtrailer.com\/wp-content\/uploads\/2024\/05\/snack-trailer-inner-details-768x768.jpg 768w, https:\/\/www.honlufoodtrailer.com\/wp-content\/uploads\/2024\/05\/snack-trailer-inner-details-360x360.jpg 360w, https:\/\/www.honlufoodtrailer.com\/wp-content\/uploads\/2024\/05\/snack-trailer-inner-details-300x300.jpg 300w, https:\/\/www.honlufoodtrailer.com\/wp-content\/uploads\/2024\/05\/snack-trailer-inner-details-720x720.jpg 720w, https:\/\/www.honlufoodtrailer.com\/wp-content\/uploads\/2024\/05\/snack-trailer-inner-details-100x100.jpg 100w\" sizes=\"(max-width: 800px) 100vw, 800px\" \/><\/p>\n<p>&nbsp;<\/p>\n<p>Rimorkiot e ushqimit mund t\u00eb quhen edhe karroca ushqimore, furgon\u00eb ushqimi, kamion\u00eb ushqimi e k\u00ebshtu me radh\u00eb. Njer\u00ebzit i p\u00ebrdorin ato p\u00ebr t\u00eb shitur ushqim t\u00eb shpejt\u00eb, ushqime t\u00eb lehta, gazeta, libra e k\u00ebshtu me radh\u00eb. Ato p\u00ebrb\u00ebhen nga shasia, karroceria, dyshemeja, tavolina e pun\u00ebs, sistemi i ujit dhe sistemi elektrik. P\u00ebrdoruesit gjithashtu mund t\u00eb zgjedhin ngjyr\u00ebn q\u00eb d\u00ebshirojn\u00eb. Ne do t\u00eb d\u00ebshironim t\u00eb blinim lloje t\u00eb tjera pajisjesh n\u00ebse klient\u00ebt d\u00ebshirojn\u00eb.<\/p>\n<h3><b class=\"magic-22\"><span class=\"magic-11\">Karakteristikat kryesore t\u00eb rimorkios son\u00eb t\u00eb personalizuar p\u00ebr bare t\u00eb l\u00ebvizshme me ushqime t\u00eb lehta<\/span><\/b><\/h3>\n<div class=\"magic-2\">\n<div class=\"magic-3\">\n<div class=\"magic-4\">1. Me kosto t\u00eb ul\u00ebt dhe miq\u00ebsor ndaj mjedisit, pa tym dhe zhurm\u00eb, i leht\u00eb p\u00ebr t\u2019u zhvendosur n\u00eb \u00e7do vend.<br \/>\n2. Mund t\u00eb p\u00ebrdoret p\u00ebr shum\u00eb vite dhe nuk do t\u00eb krijoj\u00eb mbeturina, dhe kjo \u00ebsht\u00eb shum\u00eb e p\u00ebrshtatshme p\u00ebr jet\u00ebn moderne.<br \/>\n3. \u00cbsht\u00eb i p\u00ebrshtatsh\u00ebm dhe i thjesht\u00eb p\u00ebr ngarkim dhe transport sepse dizajni \u00ebsht\u00eb unik dhe individual.<br \/>\n4. Materiali kryesor \u00ebsht\u00eb \u00e7elik inox, dhe forma e shesht\u00eb (tavolina) nuk do t\u00eb ndryshket.<br \/>\n5. Ka rezistenc\u00eb ndaj nxeht\u00ebsis\u00eb dhe forc\u00eb t\u00eb lart\u00eb, q\u00ebndrueshm\u00ebri t\u00eb lart\u00eb ngjyrash, pa deformim, rezistent ndaj ujit dhe jet\u00ebgjat\u00ebsi t\u00eb gjat\u00eb sh\u00ebrbimi.<\/div>\n<\/div>\n<\/div>\n<h3><b class=\"magic-22\"><span class=\"magic-11\">Avantazhi kryesor:<\/span><\/b><\/h3>\n<p><span class=\"magic-12\">1. Me kosto t\u00eb ul\u00ebt dhe miq\u00ebsore me mjedisin;<br \/>\n2. Leht\u00eb p\u00ebr t\u2019u zhvendosur n\u00eb \u00e7do vend (biznesi juaj nuk \u00ebsht\u00eb i kufizuar);<br \/>\n3. Form\u00eb unike (e padukshme p\u00ebr t\u00eb t\u00ebrhequr m\u00eb shum\u00eb klient\u00eb);<br \/>\n4. Jet\u00ebgjat\u00ebsi e gjat\u00eb sh\u00ebrbimi (rezistente ndaj korrozionit, rezistenc\u00eb ndaj nxeht\u00ebsis\u00eb, rezistente ndaj ujit, pa deformime).<\/span><\/p>","protected":false},"excerpt":{"rendered":"<p>Kjo \u00ebsht\u00eb nj\u00eb nga rimorkiot tona t\u00eb l\u00ebvizshme p\u00ebr bare ushqimesh, 5.7 metra e gjat\u00eb, e b\u00ebr\u00eb me porosi. \u00cbsht\u00eb nj\u00eb zgjedhje e mir\u00eb p\u00ebr njer\u00ebzit q\u00eb duan t\u00eb fillojn\u00eb nj\u00eb biznes rimorkiosh ushqimore t\u00eb l\u00ebvizshme. Mund t\u00eb b\u00ebjm\u00eb nj\u00eb t\u00eb ngjashme ose ta personalizojm\u00eb nj\u00eb p\u00ebr ju. P\u00ebr shembull, jo vet\u00ebm q\u00eb mund ta personalizojm\u00eb pjes\u00ebn e jashtme t\u00eb rimorkios s\u00eb ushqimit, por edhe pajisjet e kuzhin\u00ebs brenda rimorkios. Mos hezitoni t\u00eb na kontaktoni dhe t\u00eb na tregoni k\u00ebrkesat tuaja t\u00eb detajuara!<\/p>","protected":false},"featured_media":7599,"template":"","meta":{"_themeisle_gutenberg_block_has_review":false},"product_brand":[],"product_cat":[26],"product_tag":[86,33,60,61,38,113],"class_list":{"0":"post-7596","1":"product","2":"type-product","3":"status-publish","4":"has-post-thumbnail","6":"product_cat-product","7":"product_tag-18-7ft-food-trailer","8":"product_tag-customized-trailer","9":"product_tag-fast-food-trailer","10":"product_tag-fast-food-trailer-for-sale","11":"product_tag-mobile-food-trailer","12":"product_tag-snack-trailer","14":"first","15":"instock","16":"shipping-taxable","17":"product-type-simple"},"yoast_head":"<!-- This site is optimized with the Yoast SEO plugin v27.5 - https:\/\/yoast.com\/product\/yoast-seo-wordpress\/ -->\n<title>Factory Price 5.7m Snack Bar Trailer - Honlu Food Trailer<\/title>\n<meta name=\"description\" content=\"Want to start a mobile snack bar trailer business? see this 18.7ft custom mobile snack trailer here! Get a similar or customized one at factory price!\" \/>\n<meta name=\"robots\" content=\"index, follow, max-snippet:-1, max-image-preview:large, max-video-preview:-1\" \/>\n<link rel=\"canonical\" href=\"https:\/\/www.honlufoodtrailer.com\/sq\/product\/5-7m-snack-bar-trailer\/\" \/>\n<meta property=\"og:locale\" content=\"sq_AL\" \/>\n<meta property=\"og:type\" content=\"article\" \/>\n<meta property=\"og:title\" content=\"Factory Price 5.7m Snack Bar Trailer - Honlu Food Trailer\" \/>\n<meta property=\"og:description\" content=\"Want to start a mobile snack bar trailer business? see this 18.7ft custom mobile snack trailer here! Get a similar or customized one at factory price!\" \/>\n<meta property=\"og:url\" content=\"https:\/\/www.honlufoodtrailer.com\/sq\/product\/5-7m-snack-bar-trailer\/\" \/>\n<meta property=\"og:site_name\" content=\"Honlu food trailer\" \/>\n<meta property=\"article:modified_time\" content=\"2025-02-14T06:55:46+00:00\" \/>\n<meta property=\"og:image\" content=\"https:\/\/www.honlufoodtrailer.com\/wp-content\/uploads\/2024\/05\/5.7m-snack-bar-trailers-for-sale.jpg\" \/>\n\t<meta property=\"og:image:width\" content=\"720\" \/>\n\t<meta property=\"og:image:height\" content=\"540\" \/>\n\t<meta property=\"og:image:type\" content=\"image\/jpeg\" \/>\n<meta name=\"twitter:card\" content=\"summary_large_image\" \/>\n<meta name=\"twitter:label1\" content=\"Est. reading time\" \/>\n\t<meta name=\"twitter:data1\" content=\"1 minut\u00eb\" \/>\n<script type=\"application\/ld+json\" class=\"yoast-schema-graph\">{\"@context\":\"https:\\\/\\\/schema.org\",\"@graph\":[{\"@type\":\"WebPage\",\"@id\":\"https:\\\/\\\/www.honlufoodtrailer.com\\\/product\\\/5-7m-snack-bar-trailer\\\/\",\"url\":\"https:\\\/\\\/www.honlufoodtrailer.com\\\/product\\\/5-7m-snack-bar-trailer\\\/\",\"name\":\"Factory Price 5.7m Snack Bar Trailer - Honlu Food Trailer\",\"isPartOf\":{\"@id\":\"https:\\\/\\\/www.honlufoodtrailer.com\\\/#website\"},\"primaryImageOfPage\":{\"@id\":\"https:\\\/\\\/www.honlufoodtrailer.com\\\/product\\\/5-7m-snack-bar-trailer\\\/#primaryimage\"},\"image\":{\"@id\":\"https:\\\/\\\/www.honlufoodtrailer.com\\\/product\\\/5-7m-snack-bar-trailer\\\/#primaryimage\"},\"thumbnailUrl\":\"https:\\\/\\\/www.honlufoodtrailer.com\\\/wp-content\\\/uploads\\\/2024\\\/05\\\/5.7m-snack-bar-trailers-for-sale.jpg\",\"datePublished\":\"2024-05-05T09:16:14+00:00\",\"dateModified\":\"2025-02-14T06:55:46+00:00\",\"description\":\"Want to start a mobile snack bar trailer business? see this 18.7ft custom mobile snack trailer here! Get a similar or customized one at factory price!\",\"breadcrumb\":{\"@id\":\"https:\\\/\\\/www.honlufoodtrailer.com\\\/product\\\/5-7m-snack-bar-trailer\\\/#breadcrumb\"},\"inLanguage\":\"sq\",\"potentialAction\":[{\"@type\":\"ReadAction\",\"target\":[\"https:\\\/\\\/www.honlufoodtrailer.com\\\/product\\\/5-7m-snack-bar-trailer\\\/\"]}]},{\"@type\":\"ImageObject\",\"inLanguage\":\"sq\",\"@id\":\"https:\\\/\\\/www.honlufoodtrailer.com\\\/product\\\/5-7m-snack-bar-trailer\\\/#primaryimage\",\"url\":\"https:\\\/\\\/www.honlufoodtrailer.com\\\/wp-content\\\/uploads\\\/2024\\\/05\\\/5.7m-snack-bar-trailers-for-sale.jpg\",\"contentUrl\":\"https:\\\/\\\/www.honlufoodtrailer.com\\\/wp-content\\\/uploads\\\/2024\\\/05\\\/5.7m-snack-bar-trailers-for-sale.jpg\",\"width\":720,\"height\":540,\"caption\":\"5.7m snack bar trailers for sale\"},{\"@type\":\"BreadcrumbList\",\"@id\":\"https:\\\/\\\/www.honlufoodtrailer.com\\\/product\\\/5-7m-snack-bar-trailer\\\/#breadcrumb\",\"itemListElement\":[{\"@type\":\"ListItem\",\"position\":1,\"name\":\"Home\",\"item\":\"https:\\\/\\\/www.honlufoodtrailer.com\\\/\"},{\"@type\":\"ListItem\",\"position\":2,\"name\":\"\u4ea7\u54c1\",\"item\":\"https:\\\/\\\/www.honlufoodtrailer.com\\\/shop\\\/\"},{\"@type\":\"ListItem\",\"position\":3,\"name\":\"5.7m Snack Bar Trailer\"}]},{\"@type\":\"WebSite\",\"@id\":\"https:\\\/\\\/www.honlufoodtrailer.com\\\/#website\",\"url\":\"https:\\\/\\\/www.honlufoodtrailer.com\\\/\",\"name\":\"Honlu food trailer\",\"description\":\"\",\"publisher\":{\"@id\":\"https:\\\/\\\/www.honlufoodtrailer.com\\\/#organization\"},\"potentialAction\":[{\"@type\":\"SearchAction\",\"target\":{\"@type\":\"EntryPoint\",\"urlTemplate\":\"https:\\\/\\\/www.honlufoodtrailer.com\\\/?s={search_term_string}\"},\"query-input\":{\"@type\":\"PropertyValueSpecification\",\"valueRequired\":true,\"valueName\":\"search_term_string\"}}],\"inLanguage\":\"sq\"},{\"@type\":\"Organization\",\"@id\":\"https:\\\/\\\/www.honlufoodtrailer.com\\\/#organization\",\"name\":\"Honlu food trailer\",\"url\":\"https:\\\/\\\/www.honlufoodtrailer.com\\\/\",\"logo\":{\"@type\":\"ImageObject\",\"inLanguage\":\"sq\",\"@id\":\"https:\\\/\\\/www.honlufoodtrailer.com\\\/#\\\/schema\\\/logo\\\/image\\\/\",\"url\":\"https:\\\/\\\/www.honlufoodtrailer.com\\\/wp-content\\\/uploads\\\/2021\\\/12\\\/2.gif\",\"contentUrl\":\"https:\\\/\\\/www.honlufoodtrailer.com\\\/wp-content\\\/uploads\\\/2021\\\/12\\\/2.gif\",\"width\":350,\"height\":100,\"caption\":\"Honlu food trailer\"},\"image\":{\"@id\":\"https:\\\/\\\/www.honlufoodtrailer.com\\\/#\\\/schema\\\/logo\\\/image\\\/\"}}]}<\/script>\n<!-- \/ Yoast SEO plugin. -->","yoast_head_json":{"title":"Rimorkio p\u00ebr Bar me Ushqim 5.7m me \u00c7mimin e Fabrik\u00ebs - Rimorkio Ushqimore Honlu","description":"D\u00ebshironi t\u00eb filloni nj\u00eb biznes rimorkioje mobile p\u00ebr bare ushqimesh? Shikoni k\u00ebt\u00eb rimorkio mobile p\u00ebr ushqime t\u00eb lehta me porosi 18.7 ft k\u00ebtu! Merrni nj\u00eb t\u00eb ngjashme ose t\u00eb personalizuar me \u00e7mimin e fabrik\u00ebs!","robots":{"index":"index","follow":"follow","max-snippet":"max-snippet:-1","max-image-preview":"max-image-preview:large","max-video-preview":"max-video-preview:-1"},"canonical":"https:\/\/www.honlufoodtrailer.com\/sq\/product\/5-7m-snack-bar-trailer\/","og_locale":"sq_AL","og_type":"article","og_title":"Factory Price 5.7m Snack Bar Trailer - Honlu Food Trailer","og_description":"Want to start a mobile snack bar trailer business? see this 18.7ft custom mobile snack trailer here! Get a similar or customized one at factory price!","og_url":"https:\/\/www.honlufoodtrailer.com\/sq\/product\/5-7m-snack-bar-trailer\/","og_site_name":"Honlu food trailer","article_modified_time":"2025-02-14T06:55:46+00:00","og_image":[{"width":720,"height":540,"url":"https:\/\/www.honlufoodtrailer.com\/wp-content\/uploads\/2024\/05\/5.7m-snack-bar-trailers-for-sale.jpg","type":"image\/jpeg"}],"twitter_card":"summary_large_image","twitter_misc":{"Est. reading time":"1 minut\u00eb"},"schema":{"@context":"https:\/\/schema.org","@graph":[{"@type":"WebPage","@id":"https:\/\/www.honlufoodtrailer.com\/product\/5-7m-snack-bar-trailer\/","url":"https:\/\/www.honlufoodtrailer.com\/product\/5-7m-snack-bar-trailer\/","name":"Rimorkio p\u00ebr Bar me Ushqim 5.7m me \u00c7mimin e Fabrik\u00ebs - Rimorkio Ushqimore Honlu","isPartOf":{"@id":"https:\/\/www.honlufoodtrailer.com\/#website"},"primaryImageOfPage":{"@id":"https:\/\/www.honlufoodtrailer.com\/product\/5-7m-snack-bar-trailer\/#primaryimage"},"image":{"@id":"https:\/\/www.honlufoodtrailer.com\/product\/5-7m-snack-bar-trailer\/#primaryimage"},"thumbnailUrl":"https:\/\/www.honlufoodtrailer.com\/wp-content\/uploads\/2024\/05\/5.7m-snack-bar-trailers-for-sale.jpg","datePublished":"2024-05-05T09:16:14+00:00","dateModified":"2025-02-14T06:55:46+00:00","description":"D\u00ebshironi t\u00eb filloni nj\u00eb biznes rimorkioje mobile p\u00ebr bare ushqimesh? Shikoni k\u00ebt\u00eb rimorkio mobile p\u00ebr ushqime t\u00eb lehta me porosi 18.7 ft k\u00ebtu! Merrni nj\u00eb t\u00eb ngjashme ose t\u00eb personalizuar me \u00e7mimin e fabrik\u00ebs!","breadcrumb":{"@id":"https:\/\/www.honlufoodtrailer.com\/product\/5-7m-snack-bar-trailer\/#breadcrumb"},"inLanguage":"sq","potentialAction":[{"@type":"ReadAction","target":["https:\/\/www.honlufoodtrailer.com\/product\/5-7m-snack-bar-trailer\/"]}]},{"@type":"ImageObject","inLanguage":"sq","@id":"https:\/\/www.honlufoodtrailer.com\/product\/5-7m-snack-bar-trailer\/#primaryimage","url":"https:\/\/www.honlufoodtrailer.com\/wp-content\/uploads\/2024\/05\/5.7m-snack-bar-trailers-for-sale.jpg","contentUrl":"https:\/\/www.honlufoodtrailer.com\/wp-content\/uploads\/2024\/05\/5.7m-snack-bar-trailers-for-sale.jpg","width":720,"height":540,"caption":"5.7m snack bar trailers for sale"},{"@type":"BreadcrumbList","@id":"https:\/\/www.honlufoodtrailer.com\/product\/5-7m-snack-bar-trailer\/#breadcrumb","itemListElement":[{"@type":"ListItem","position":1,"name":"Home","item":"https:\/\/www.honlufoodtrailer.com\/"},{"@type":"ListItem","position":2,"name":"\u4ea7\u54c1","item":"https:\/\/www.honlufoodtrailer.com\/shop\/"},{"@type":"ListItem","position":3,"name":"5.7m Snack Bar Trailer"}]},{"@type":"WebSite","@id":"https:\/\/www.honlufoodtrailer.com\/#website","url":"https:\/\/www.honlufoodtrailer.com\/","name":"Rimorkio ushqimore n\u00eb Honlu","description":"","publisher":{"@id":"https:\/\/www.honlufoodtrailer.com\/#organization"},"potentialAction":[{"@type":"SearchAction","target":{"@type":"EntryPoint","urlTemplate":"https:\/\/www.honlufoodtrailer.com\/?s={search_term_string}"},"query-input":{"@type":"PropertyValueSpecification","valueRequired":true,"valueName":"search_term_string"}}],"inLanguage":"sq"},{"@type":"Organization","@id":"https:\/\/www.honlufoodtrailer.com\/#organization","name":"Rimorkio ushqimore n\u00eb Honlu","url":"https:\/\/www.honlufoodtrailer.com\/","logo":{"@type":"ImageObject","inLanguage":"sq","@id":"https:\/\/www.honlufoodtrailer.com\/#\/schema\/logo\/image\/","url":"https:\/\/www.honlufoodtrailer.com\/wp-content\/uploads\/2021\/12\/2.gif","contentUrl":"https:\/\/www.honlufoodtrailer.com\/wp-content\/uploads\/2021\/12\/2.gif","width":350,"height":100,"caption":"Honlu food trailer"},"image":{"@id":"https:\/\/www.honlufoodtrailer.com\/#\/schema\/logo\/image\/"}}]}},"_links":{"self":[{"href":"https:\/\/www.honlufoodtrailer.com\/sq\/wp-json\/wp\/v2\/product\/7596","targetHints":{"allow":["GET"]}}],"collection":[{"href":"https:\/\/www.honlufoodtrailer.com\/sq\/wp-json\/wp\/v2\/product"}],"about":[{"href":"https:\/\/www.honlufoodtrailer.com\/sq\/wp-json\/wp\/v2\/types\/product"}],"version-history":[{"count":0,"href":"https:\/\/www.honlufoodtrailer.com\/sq\/wp-json\/wp\/v2\/product\/7596\/revisions"}],"wp:featuredmedia":[{"embeddable":true,"href":"https:\/\/www.honlufoodtrailer.com\/sq\/wp-json\/wp\/v2\/media\/7599"}],"wp:attachment":[{"href":"https:\/\/www.honlufoodtrailer.com\/sq\/wp-json\/wp\/v2\/media?parent=7596"}],"wp:term":[{"taxonomy":"product_brand","embeddable":true,"href":"https:\/\/www.honlufoodtrailer.com\/sq\/wp-json\/wp\/v2\/product_brand?post=7596"},{"taxonomy":"product_cat","embeddable":true,"href":"https:\/\/www.honlufoodtrailer.com\/sq\/wp-json\/wp\/v2\/product_cat?post=7596"},{"taxonomy":"product_tag","embeddable":true,"href":"https:\/\/www.honlufoodtrailer.com\/sq\/wp-json\/wp\/v2\/product_tag?post=7596"}],"curies":[{"name":"wp","href":"https:\/\/api.w.org\/{rel}","templated":true}]}}