{"id":7785,"date":"2024-06-05T15:45:21","date_gmt":"2024-06-05T07:45:21","guid":{"rendered":"https:\/\/www.honlufoodtrailer.com\/?post_type=product&#038;p=7785"},"modified":"2024-06-20T17:54:02","modified_gmt":"2024-06-20T09:54:02","slug":"3m-square-food-trailer-with-three-sided-windows","status":"publish","type":"product","link":"https:\/\/www.honlufoodtrailer.com\/sq\/product\/3m-square-food-trailer-with-three-sided-windows\/","title":{"rendered":"Rimorkio ushqimore me dizajn t\u00eb ri, katror 3m, me dritare me tre an\u00eb"},"content":{"rendered":"<p>A po k\u00ebrkoni nj\u00eb rimorkio t\u00eb vog\u00ebl ushqimore p\u00ebr t\u00eb filluar nj\u00eb biznes t\u00eb l\u00ebvizsh\u00ebm rimorkiosh ushqimore? Shikoni k\u00ebt\u00eb rimorkio ushqimore katrore 3 metra me dizajn t\u00eb ri me dritare trek\u00ebnd\u00ebshe q\u00eb e kemi personalizuar p\u00ebr nj\u00eb nga klient\u00ebt tan\u00eb nga Shtetet e Bashkuara. Me tre dritare, kjo rimorkio ushqimore ka shum\u00eb drit\u00eb dhe \u00ebsht\u00eb m\u00eb e gjer\u00eb. Tani, le t\u00eb shohim s\u00eb pari disa fotografi t\u00eb k\u00ebsaj rimorkioje ushqimore katrore 3 metra t\u00eb personalizuar!<\/p>\n<p><img fetchpriority=\"high\" decoding=\"async\" class=\"aligncenter size-full wp-image-7792\" src=\"https:\/\/www.honlufoodtrailer.com\/wp-content\/uploads\/2024\/06\/10ft-Food-Trailer-with-Three-Windows.jpg\" alt=\"Rimorkio ushqimore 10ft me tre dritare\" width=\"720\" height=\"540\" srcset=\"https:\/\/www.honlufoodtrailer.com\/wp-content\/uploads\/2024\/06\/10ft-Food-Trailer-with-Three-Windows.jpg 720w, https:\/\/www.honlufoodtrailer.com\/wp-content\/uploads\/2024\/06\/10ft-Food-Trailer-with-Three-Windows-480x360.jpg 480w, https:\/\/www.honlufoodtrailer.com\/wp-content\/uploads\/2024\/06\/10ft-Food-Trailer-with-Three-Windows-300x225.jpg 300w\" sizes=\"(max-width: 720px) 100vw, 720px\" \/> <img decoding=\"async\" class=\"aligncenter size-full wp-image-7791\" src=\"https:\/\/www.honlufoodtrailer.com\/wp-content\/uploads\/2024\/06\/3m-Three-Windows-Food-Trailer.jpg\" alt=\"Rimorkio Ushqimi 3m me Tre Dritare\" width=\"720\" height=\"540\" srcset=\"https:\/\/www.honlufoodtrailer.com\/wp-content\/uploads\/2024\/06\/3m-Three-Windows-Food-Trailer.jpg 720w, https:\/\/www.honlufoodtrailer.com\/wp-content\/uploads\/2024\/06\/3m-Three-Windows-Food-Trailer-480x360.jpg 480w, https:\/\/www.honlufoodtrailer.com\/wp-content\/uploads\/2024\/06\/3m-Three-Windows-Food-Trailer-300x225.jpg 300w\" sizes=\"(max-width: 720px) 100vw, 720px\" \/><\/p>\n<p>Si\u00e7 mund ta shohim nga fotografit\u00eb m\u00eb sip\u00ebr, kjo rimorkio ushqimore 3 metra ka nj\u00eb ngjyr\u00eb t\u00eb verdh\u00eb t\u00eb ndritshme, e cila \u00ebsht\u00eb shum\u00eb t\u00ebrheq\u00ebse. Ka dritare n\u00eb tre an\u00ebt. Kjo do t\u00eb jet\u00eb m\u00eb e p\u00ebrshtatshme p\u00ebr klient\u00ebt q\u00eb t\u00eb porosisin dhe t\u00eb marrin ushqimet e tyre. Ne e b\u00ebjm\u00eb at\u00eb sipas k\u00ebrkesave t\u00eb klient\u00ebve tan\u00eb. N\u00ebse keni k\u00ebrkesa p\u00ebr personalizim, mos hezitoni t\u00eb na tregoni! M\u00eb pas, le t\u00eb shohim detajet e brendshme t\u00eb k\u00ebsaj rimorkioje ushqimore katrore 3 metra.<\/p>\n<h3>Detajet e brendshme t\u00eb k\u00ebsaj rimorkioje ushqimore katrore 3m me dritare me tre an\u00eb<\/h3>\n<p>Sipas k\u00ebrkesave t\u00eb klientit, ne e kemi pajisur k\u00ebt\u00eb rimorkio ushqimore me sip\u00ebrfaqe katrore 3 metra me nj\u00eb tavolin\u00eb pune, kat\u00ebr lavaman\u00eb, rezervuar\u00eb p\u00ebr uj\u00ebra t\u00eb ndotura, dollap etj. Klienti yn\u00eb do t\u00eb shtoj\u00eb disa pajisje t\u00eb tjera kuzhine q\u00eb i nevojiten pasi t\u00eb marr\u00eb rimorkion ushqimore.<img decoding=\"async\" class=\"aligncenter size-full wp-image-7795\" src=\"https:\/\/www.honlufoodtrailer.com\/wp-content\/uploads\/2024\/06\/Three-Windows-food-trailer-inner-view.jpg\" alt=\"Pamje nga brenda e rimorkios s\u00eb ushqimit me tre dritare\" width=\"720\" height=\"540\" srcset=\"https:\/\/www.honlufoodtrailer.com\/wp-content\/uploads\/2024\/06\/Three-Windows-food-trailer-inner-view.jpg 720w, https:\/\/www.honlufoodtrailer.com\/wp-content\/uploads\/2024\/06\/Three-Windows-food-trailer-inner-view-480x360.jpg 480w, https:\/\/www.honlufoodtrailer.com\/wp-content\/uploads\/2024\/06\/Three-Windows-food-trailer-inner-view-300x225.jpg 300w\" sizes=\"(max-width: 720px) 100vw, 720px\" \/> <img loading=\"lazy\" decoding=\"async\" class=\"aligncenter size-full wp-image-7787\" src=\"https:\/\/www.honlufoodtrailer.com\/wp-content\/uploads\/2024\/06\/3m-Square-Food-Trailer-inner-details.jpg\" alt=\"Detajet e brendshme t\u00eb rimorkios s\u00eb ushqimit me madh\u00ebsi katrore 3m\" width=\"800\" height=\"800\" srcset=\"https:\/\/www.honlufoodtrailer.com\/wp-content\/uploads\/2024\/06\/3m-Square-Food-Trailer-inner-details.jpg 800w, https:\/\/www.honlufoodtrailer.com\/wp-content\/uploads\/2024\/06\/3m-Square-Food-Trailer-inner-details-768x768.jpg 768w, https:\/\/www.honlufoodtrailer.com\/wp-content\/uploads\/2024\/06\/3m-Square-Food-Trailer-inner-details-360x360.jpg 360w, https:\/\/www.honlufoodtrailer.com\/wp-content\/uploads\/2024\/06\/3m-Square-Food-Trailer-inner-details-300x300.jpg 300w, https:\/\/www.honlufoodtrailer.com\/wp-content\/uploads\/2024\/06\/3m-Square-Food-Trailer-inner-details-720x720.jpg 720w, https:\/\/www.honlufoodtrailer.com\/wp-content\/uploads\/2024\/06\/3m-Square-Food-Trailer-inner-details-100x100.jpg 100w\" sizes=\"(max-width: 800px) 100vw, 800px\" \/><\/p>\n<p>&nbsp;<\/p>\n<h3>M\u00eb shum\u00eb detaje rreth k\u00ebsaj rimorkioje ushqimore 3 metra katror\u00eb<\/h3>\n<p>Shikoni m\u00eb shum\u00eb detaje rreth k\u00ebsaj rimorkioje ushqimore me sip\u00ebrfaqe 3 metra katror\u00eb. Ne mund ta personalizojm\u00eb nj\u00eb rimorkio ushqimore sipas k\u00ebrkesave t\u00eb vendit tuaj.<img loading=\"lazy\" decoding=\"async\" class=\"aligncenter size-full wp-image-7796\" src=\"https:\/\/www.honlufoodtrailer.com\/wp-content\/uploads\/2024\/06\/3m-Square-Food-Trailer-details-1.jpg\" alt=\"Detajet e rimorkios s\u00eb ushqimit 3m katror\" width=\"800\" height=\"800\" srcset=\"https:\/\/www.honlufoodtrailer.com\/wp-content\/uploads\/2024\/06\/3m-Square-Food-Trailer-details-1.jpg 800w, https:\/\/www.honlufoodtrailer.com\/wp-content\/uploads\/2024\/06\/3m-Square-Food-Trailer-details-1-768x768.jpg 768w, https:\/\/www.honlufoodtrailer.com\/wp-content\/uploads\/2024\/06\/3m-Square-Food-Trailer-details-1-360x360.jpg 360w, https:\/\/www.honlufoodtrailer.com\/wp-content\/uploads\/2024\/06\/3m-Square-Food-Trailer-details-1-300x300.jpg 300w, https:\/\/www.honlufoodtrailer.com\/wp-content\/uploads\/2024\/06\/3m-Square-Food-Trailer-details-1-720x720.jpg 720w, https:\/\/www.honlufoodtrailer.com\/wp-content\/uploads\/2024\/06\/3m-Square-Food-Trailer-details-1-100x100.jpg 100w\" sizes=\"(max-width: 800px) 100vw, 800px\" \/><\/p>\n<h3>\u00c7far\u00eb mund t\u00eb merrni nga ne<\/h3>\n<p><strong>Ne mund t\u00eb prodhojm\u00eb nj\u00eb rimorkio ushqimore katrore t\u00eb ngjashme si kjo, ose t\u00eb personalizojm\u00eb nj\u00eb t\u00eb ve\u00e7ant\u00eb p\u00ebr ju.<\/strong>. Ngjyra e karroceris\u00eb, ngjit\u00ebset, tabelat dhe pajisjet e kuzhin\u00ebs s\u00eb rimorkios mund t\u00eb personalizohen. Rimorkiot katrore p\u00ebr ushqime jan\u00eb shum\u00eb t\u00eb njohura, shum\u00eb klient\u00eb zgjedhin k\u00ebt\u00eb lloj. Si prodhues dhe eksportues rimorkiosh ushqimi me m\u00eb shum\u00eb se 10 vjet p\u00ebrvoj\u00eb n\u00eb prodhim dhe eksport, ne mund t&#039;ju ndihmojm\u00eb t\u00eb personalizoni rimorkion e \u00ebndrrave tuaja p\u00ebr ushqim. Ajo q\u00eb duhet t\u00eb b\u00ebni \u00ebsht\u00eb thjesht t\u00eb na kontaktoni dhe t\u00eb na tregoni k\u00ebrkesat tuaja t\u00eb detajuara.<\/p>\n<h3><b class=\"magic-22\"><span class=\"magic-11\">Karakteristikat kryesore t\u00eb personalizuara tona <\/span><\/b>Rimorkio Ushqimore Square<\/h3>\n<div class=\"magic-2\">\n<div class=\"magic-3\">\n<div class=\"magic-4\">1. \u00cbsht\u00eb b\u00ebr\u00eb prej \u00e7eliku inox me cil\u00ebsi t\u00eb lart\u00eb, i cili \u00ebsht\u00eb rezistent ndaj korrozionit dhe i q\u00ebndruesh\u00ebm.<br \/>\n2. Ka karakteristikat e rezistenc\u00ebs ndaj nxeht\u00ebsis\u00eb, q\u00ebndrueshm\u00ebris\u00eb s\u00eb lart\u00eb t\u00eb ngjyrave, rezistenc\u00ebs ndaj ujit dhe jet\u00ebgjat\u00ebsis\u00eb s\u00eb gjat\u00eb t\u00eb sh\u00ebrbimit.<br \/>\n3. Pjesa e jashtme dhe e brendshme e rimorkios s\u00eb ushqimit mund t\u00eb personalizohen.<\/div>\n<div>4. P\u00ebr t\u00eb gjith\u00eb rimorkion e ushqimit dhe pajisjet e kuzhin\u00ebs brenda rimorkios, ne kemi certifikatat p\u00ebrkat\u00ebse p\u00ebr t\u00eb siguruar q\u00eb klient\u00ebt mund t&#039;i p\u00ebrdorin ato pa probleme.<\/div>\n<\/div>\n<\/div>","protected":false},"excerpt":{"rendered":"<p>Ky \u00ebsht\u00eb nj\u00eb rimorkio ushqimore katrore 3 metra e punuar me porosi. \u00cbsht\u00eb nj\u00eb zgjedhje e mir\u00eb p\u00ebr klient\u00ebt q\u00eb duan t\u00eb fillojn\u00eb nj\u00eb biznes rimorkiosh ushqimore t\u00eb l\u00ebvizshme me investime jo shum\u00eb t\u00eb larta. <strong>Ju lutemi klikoni skedat e m\u00ebposhtme p\u00ebr t\u00eb par\u00eb m\u00eb shum\u00eb detaje rreth k\u00ebsaj rimorkioje ushqimore<\/strong>. Mund t\u00eb b\u00ebjm\u00eb nj\u00eb t\u00eb ngjash\u00ebm si ky ose ta personalizojm\u00eb nj\u00eb p\u00ebr ju. Thjesht mos hezitoni t\u00eb na kontaktoni dhe t\u00eb na tregoni k\u00ebrkesat tuaja t\u00eb detajuara!<\/p>","protected":false},"featured_media":7792,"template":"","meta":{"_themeisle_gutenberg_block_has_review":false},"product_brand":[],"product_cat":[26],"product_tag":[33,60,61,38],"class_list":{"0":"post-7785","1":"product","2":"type-product","3":"status-publish","4":"has-post-thumbnail","6":"product_cat-product","7":"product_tag-customized-trailer","8":"product_tag-fast-food-trailer","9":"product_tag-fast-food-trailer-for-sale","10":"product_tag-mobile-food-trailer","12":"first","13":"instock","14":"shipping-taxable","15":"product-type-simple"},"yoast_head":"<!-- This site is optimized with the Yoast SEO plugin v27.5 - https:\/\/yoast.com\/product\/yoast-seo-wordpress\/ -->\n<title>New Design 3m Square Food Trailer with Three-sided Windows<\/title>\n<meta name=\"description\" content=\"Want to start a food trailer business with low investment? see this 3m square food trailer with three-sided windows at a reasonable price now!\" \/>\n<meta name=\"robots\" content=\"index, follow, max-snippet:-1, max-image-preview:large, max-video-preview:-1\" \/>\n<link rel=\"canonical\" href=\"https:\/\/www.honlufoodtrailer.com\/sq\/product\/3m-square-food-trailer-with-three-sided-windows\/\" \/>\n<meta property=\"og:locale\" content=\"sq_AL\" \/>\n<meta property=\"og:type\" content=\"article\" \/>\n<meta property=\"og:title\" content=\"New Design 3m Square Food Trailer with Three-sided Windows\" \/>\n<meta property=\"og:description\" content=\"Want to start a food trailer business with low investment? see this 3m square food trailer with three-sided windows at a reasonable price now!\" \/>\n<meta property=\"og:url\" content=\"https:\/\/www.honlufoodtrailer.com\/sq\/product\/3m-square-food-trailer-with-three-sided-windows\/\" \/>\n<meta property=\"og:site_name\" content=\"Honlu food trailer\" \/>\n<meta property=\"article:modified_time\" content=\"2024-06-20T09:54:02+00:00\" \/>\n<meta property=\"og:image\" content=\"https:\/\/www.honlufoodtrailer.com\/wp-content\/uploads\/2024\/06\/10ft-Food-Trailer-with-Three-Windows.jpg\" \/>\n\t<meta property=\"og:image:width\" content=\"720\" \/>\n\t<meta property=\"og:image:height\" content=\"540\" \/>\n\t<meta property=\"og:image:type\" content=\"image\/jpeg\" \/>\n<meta name=\"twitter:card\" content=\"summary_large_image\" \/>\n<meta name=\"twitter:label1\" content=\"Est. reading time\" \/>\n\t<meta name=\"twitter:data1\" content=\"1 minut\u00eb\" \/>\n<script type=\"application\/ld+json\" class=\"yoast-schema-graph\">{\"@context\":\"https:\\\/\\\/schema.org\",\"@graph\":[{\"@type\":\"WebPage\",\"@id\":\"https:\\\/\\\/www.honlufoodtrailer.com\\\/product\\\/3m-square-food-trailer-with-three-sided-windows\\\/\",\"url\":\"https:\\\/\\\/www.honlufoodtrailer.com\\\/product\\\/3m-square-food-trailer-with-three-sided-windows\\\/\",\"name\":\"New Design 3m Square Food Trailer with Three-sided Windows\",\"isPartOf\":{\"@id\":\"https:\\\/\\\/www.honlufoodtrailer.com\\\/#website\"},\"primaryImageOfPage\":{\"@id\":\"https:\\\/\\\/www.honlufoodtrailer.com\\\/product\\\/3m-square-food-trailer-with-three-sided-windows\\\/#primaryimage\"},\"image\":{\"@id\":\"https:\\\/\\\/www.honlufoodtrailer.com\\\/product\\\/3m-square-food-trailer-with-three-sided-windows\\\/#primaryimage\"},\"thumbnailUrl\":\"https:\\\/\\\/www.honlufoodtrailer.com\\\/wp-content\\\/uploads\\\/2024\\\/06\\\/10ft-Food-Trailer-with-Three-Windows.jpg\",\"datePublished\":\"2024-06-05T07:45:21+00:00\",\"dateModified\":\"2024-06-20T09:54:02+00:00\",\"description\":\"Want to start a food trailer business with low investment? see this 3m square food trailer with three-sided windows at a reasonable price now!\",\"breadcrumb\":{\"@id\":\"https:\\\/\\\/www.honlufoodtrailer.com\\\/product\\\/3m-square-food-trailer-with-three-sided-windows\\\/#breadcrumb\"},\"inLanguage\":\"sq\",\"potentialAction\":[{\"@type\":\"ReadAction\",\"target\":[\"https:\\\/\\\/www.honlufoodtrailer.com\\\/product\\\/3m-square-food-trailer-with-three-sided-windows\\\/\"]}]},{\"@type\":\"ImageObject\",\"inLanguage\":\"sq\",\"@id\":\"https:\\\/\\\/www.honlufoodtrailer.com\\\/product\\\/3m-square-food-trailer-with-three-sided-windows\\\/#primaryimage\",\"url\":\"https:\\\/\\\/www.honlufoodtrailer.com\\\/wp-content\\\/uploads\\\/2024\\\/06\\\/10ft-Food-Trailer-with-Three-Windows.jpg\",\"contentUrl\":\"https:\\\/\\\/www.honlufoodtrailer.com\\\/wp-content\\\/uploads\\\/2024\\\/06\\\/10ft-Food-Trailer-with-Three-Windows.jpg\",\"width\":720,\"height\":540,\"caption\":\"10ft Food Trailer with Three Windows\"},{\"@type\":\"BreadcrumbList\",\"@id\":\"https:\\\/\\\/www.honlufoodtrailer.com\\\/product\\\/3m-square-food-trailer-with-three-sided-windows\\\/#breadcrumb\",\"itemListElement\":[{\"@type\":\"ListItem\",\"position\":1,\"name\":\"Home\",\"item\":\"https:\\\/\\\/www.honlufoodtrailer.com\\\/\"},{\"@type\":\"ListItem\",\"position\":2,\"name\":\"\u4ea7\u54c1\",\"item\":\"https:\\\/\\\/www.honlufoodtrailer.com\\\/shop\\\/\"},{\"@type\":\"ListItem\",\"position\":3,\"name\":\"New Design 3m Square Food Trailer with Three-sided Windows\"}]},{\"@type\":\"WebSite\",\"@id\":\"https:\\\/\\\/www.honlufoodtrailer.com\\\/#website\",\"url\":\"https:\\\/\\\/www.honlufoodtrailer.com\\\/\",\"name\":\"Honlu food trailer\",\"description\":\"\",\"publisher\":{\"@id\":\"https:\\\/\\\/www.honlufoodtrailer.com\\\/#organization\"},\"potentialAction\":[{\"@type\":\"SearchAction\",\"target\":{\"@type\":\"EntryPoint\",\"urlTemplate\":\"https:\\\/\\\/www.honlufoodtrailer.com\\\/?s={search_term_string}\"},\"query-input\":{\"@type\":\"PropertyValueSpecification\",\"valueRequired\":true,\"valueName\":\"search_term_string\"}}],\"inLanguage\":\"sq\"},{\"@type\":\"Organization\",\"@id\":\"https:\\\/\\\/www.honlufoodtrailer.com\\\/#organization\",\"name\":\"Honlu food trailer\",\"url\":\"https:\\\/\\\/www.honlufoodtrailer.com\\\/\",\"logo\":{\"@type\":\"ImageObject\",\"inLanguage\":\"sq\",\"@id\":\"https:\\\/\\\/www.honlufoodtrailer.com\\\/#\\\/schema\\\/logo\\\/image\\\/\",\"url\":\"https:\\\/\\\/www.honlufoodtrailer.com\\\/wp-content\\\/uploads\\\/2021\\\/12\\\/2.gif\",\"contentUrl\":\"https:\\\/\\\/www.honlufoodtrailer.com\\\/wp-content\\\/uploads\\\/2021\\\/12\\\/2.gif\",\"width\":350,\"height\":100,\"caption\":\"Honlu food trailer\"},\"image\":{\"@id\":\"https:\\\/\\\/www.honlufoodtrailer.com\\\/#\\\/schema\\\/logo\\\/image\\\/\"}}]}<\/script>\n<!-- \/ Yoast SEO plugin. -->","yoast_head_json":{"title":"Rimorkio ushqimore me dizajn t\u00eb ri, katror 3m, me dritare me tre an\u00eb","description":"D\u00ebshironi t\u00eb filloni nj\u00eb biznes rimorkiosh ushqimi me investime t\u00eb ul\u00ebta? Shikoni k\u00ebt\u00eb rimorkio ushqimi 3 metra katror\u00eb me dritare trek\u00ebnd\u00ebshe me nj\u00eb \u00e7mim t\u00eb arsyesh\u00ebm tani!","robots":{"index":"index","follow":"follow","max-snippet":"max-snippet:-1","max-image-preview":"max-image-preview:large","max-video-preview":"max-video-preview:-1"},"canonical":"https:\/\/www.honlufoodtrailer.com\/sq\/product\/3m-square-food-trailer-with-three-sided-windows\/","og_locale":"sq_AL","og_type":"article","og_title":"New Design 3m Square Food Trailer with Three-sided Windows","og_description":"Want to start a food trailer business with low investment? see this 3m square food trailer with three-sided windows at a reasonable price now!","og_url":"https:\/\/www.honlufoodtrailer.com\/sq\/product\/3m-square-food-trailer-with-three-sided-windows\/","og_site_name":"Honlu food trailer","article_modified_time":"2024-06-20T09:54:02+00:00","og_image":[{"width":720,"height":540,"url":"https:\/\/www.honlufoodtrailer.com\/wp-content\/uploads\/2024\/06\/10ft-Food-Trailer-with-Three-Windows.jpg","type":"image\/jpeg"}],"twitter_card":"summary_large_image","twitter_misc":{"Est. reading time":"1 minut\u00eb"},"schema":{"@context":"https:\/\/schema.org","@graph":[{"@type":"WebPage","@id":"https:\/\/www.honlufoodtrailer.com\/product\/3m-square-food-trailer-with-three-sided-windows\/","url":"https:\/\/www.honlufoodtrailer.com\/product\/3m-square-food-trailer-with-three-sided-windows\/","name":"Rimorkio ushqimore me dizajn t\u00eb ri, katror 3m, me dritare me tre an\u00eb","isPartOf":{"@id":"https:\/\/www.honlufoodtrailer.com\/#website"},"primaryImageOfPage":{"@id":"https:\/\/www.honlufoodtrailer.com\/product\/3m-square-food-trailer-with-three-sided-windows\/#primaryimage"},"image":{"@id":"https:\/\/www.honlufoodtrailer.com\/product\/3m-square-food-trailer-with-three-sided-windows\/#primaryimage"},"thumbnailUrl":"https:\/\/www.honlufoodtrailer.com\/wp-content\/uploads\/2024\/06\/10ft-Food-Trailer-with-Three-Windows.jpg","datePublished":"2024-06-05T07:45:21+00:00","dateModified":"2024-06-20T09:54:02+00:00","description":"D\u00ebshironi t\u00eb filloni nj\u00eb biznes rimorkiosh ushqimi me investime t\u00eb ul\u00ebta? Shikoni k\u00ebt\u00eb rimorkio ushqimi 3 metra katror\u00eb me dritare trek\u00ebnd\u00ebshe me nj\u00eb \u00e7mim t\u00eb arsyesh\u00ebm tani!","breadcrumb":{"@id":"https:\/\/www.honlufoodtrailer.com\/product\/3m-square-food-trailer-with-three-sided-windows\/#breadcrumb"},"inLanguage":"sq","potentialAction":[{"@type":"ReadAction","target":["https:\/\/www.honlufoodtrailer.com\/product\/3m-square-food-trailer-with-three-sided-windows\/"]}]},{"@type":"ImageObject","inLanguage":"sq","@id":"https:\/\/www.honlufoodtrailer.com\/product\/3m-square-food-trailer-with-three-sided-windows\/#primaryimage","url":"https:\/\/www.honlufoodtrailer.com\/wp-content\/uploads\/2024\/06\/10ft-Food-Trailer-with-Three-Windows.jpg","contentUrl":"https:\/\/www.honlufoodtrailer.com\/wp-content\/uploads\/2024\/06\/10ft-Food-Trailer-with-Three-Windows.jpg","width":720,"height":540,"caption":"10ft Food Trailer with Three Windows"},{"@type":"BreadcrumbList","@id":"https:\/\/www.honlufoodtrailer.com\/product\/3m-square-food-trailer-with-three-sided-windows\/#breadcrumb","itemListElement":[{"@type":"ListItem","position":1,"name":"Home","item":"https:\/\/www.honlufoodtrailer.com\/"},{"@type":"ListItem","position":2,"name":"\u4ea7\u54c1","item":"https:\/\/www.honlufoodtrailer.com\/shop\/"},{"@type":"ListItem","position":3,"name":"New Design 3m Square Food Trailer with Three-sided Windows"}]},{"@type":"WebSite","@id":"https:\/\/www.honlufoodtrailer.com\/#website","url":"https:\/\/www.honlufoodtrailer.com\/","name":"Rimorkio ushqimore n\u00eb Honlu","description":"","publisher":{"@id":"https:\/\/www.honlufoodtrailer.com\/#organization"},"potentialAction":[{"@type":"SearchAction","target":{"@type":"EntryPoint","urlTemplate":"https:\/\/www.honlufoodtrailer.com\/?s={search_term_string}"},"query-input":{"@type":"PropertyValueSpecification","valueRequired":true,"valueName":"search_term_string"}}],"inLanguage":"sq"},{"@type":"Organization","@id":"https:\/\/www.honlufoodtrailer.com\/#organization","name":"Rimorkio ushqimore n\u00eb Honlu","url":"https:\/\/www.honlufoodtrailer.com\/","logo":{"@type":"ImageObject","inLanguage":"sq","@id":"https:\/\/www.honlufoodtrailer.com\/#\/schema\/logo\/image\/","url":"https:\/\/www.honlufoodtrailer.com\/wp-content\/uploads\/2021\/12\/2.gif","contentUrl":"https:\/\/www.honlufoodtrailer.com\/wp-content\/uploads\/2021\/12\/2.gif","width":350,"height":100,"caption":"Honlu food trailer"},"image":{"@id":"https:\/\/www.honlufoodtrailer.com\/#\/schema\/logo\/image\/"}}]}},"_links":{"self":[{"href":"https:\/\/www.honlufoodtrailer.com\/sq\/wp-json\/wp\/v2\/product\/7785","targetHints":{"allow":["GET"]}}],"collection":[{"href":"https:\/\/www.honlufoodtrailer.com\/sq\/wp-json\/wp\/v2\/product"}],"about":[{"href":"https:\/\/www.honlufoodtrailer.com\/sq\/wp-json\/wp\/v2\/types\/product"}],"version-history":[{"count":0,"href":"https:\/\/www.honlufoodtrailer.com\/sq\/wp-json\/wp\/v2\/product\/7785\/revisions"}],"wp:featuredmedia":[{"embeddable":true,"href":"https:\/\/www.honlufoodtrailer.com\/sq\/wp-json\/wp\/v2\/media\/7792"}],"wp:attachment":[{"href":"https:\/\/www.honlufoodtrailer.com\/sq\/wp-json\/wp\/v2\/media?parent=7785"}],"wp:term":[{"taxonomy":"product_brand","embeddable":true,"href":"https:\/\/www.honlufoodtrailer.com\/sq\/wp-json\/wp\/v2\/product_brand?post=7785"},{"taxonomy":"product_cat","embeddable":true,"href":"https:\/\/www.honlufoodtrailer.com\/sq\/wp-json\/wp\/v2\/product_cat?post=7785"},{"taxonomy":"product_tag","embeddable":true,"href":"https:\/\/www.honlufoodtrailer.com\/sq\/wp-json\/wp\/v2\/product_tag?post=7785"}],"curies":[{"name":"wp","href":"https:\/\/api.w.org\/{rel}","templated":true}]}}