{"id":7945,"date":"2024-07-01T17:24:35","date_gmt":"2024-07-01T09:24:35","guid":{"rendered":"https:\/\/www.honlufoodtrailer.com\/?post_type=product&#038;p=7945"},"modified":"2025-02-14T14:49:42","modified_gmt":"2025-02-14T06:49:42","slug":"burger-van-catering-trailer","status":"publish","type":"product","link":"https:\/\/www.honlufoodtrailer.com\/sq\/product\/burger-van-catering-trailer\/","title":{"rendered":"Rimorkio Burger Van Catering 6 m"},"content":{"rendered":"<p>A po k\u00ebrkoni nj\u00eb rimorkio p\u00ebr furgon hamburger p\u00ebr shitje? Shikoni k\u00ebt\u00eb rimorkio 6m p\u00ebr furgon hamburger q\u00eb kemi prodhuar p\u00ebr nj\u00eb nga klient\u00ebt tan\u00eb. Si\u00e7 mund ta shihni, kjo rimorkio hamburger ka nj\u00eb dizajn t\u00eb bukur dhe \u00ebsht\u00eb me ngjyr\u00eb t\u00eb bardh\u00eb dhe gri. Sipas k\u00ebrkesave t\u00eb klientit, ne e prodhojm\u00eb k\u00ebt\u00eb rimorkio furgon hamburger me qoshe t\u00eb rrumbullakosura. Tani, le ta shohim k\u00ebt\u00eb rimorkio furgon hamburger n\u00eb detaje. S\u00eb pari, le t\u00eb shohim disa fotografi.<\/p>\n<p><img fetchpriority=\"high\" decoding=\"async\" class=\"aligncenter size-full wp-image-7947\" src=\"https:\/\/www.honlufoodtrailer.com\/wp-content\/uploads\/2024\/07\/6m-burger-van-catering-trailer-side-view.jpg\" alt=\"Pamje an\u00ebsore e rimorkios s\u00eb kateringut t\u00eb furgonit burger 6 m\" width=\"720\" height=\"540\" srcset=\"https:\/\/www.honlufoodtrailer.com\/wp-content\/uploads\/2024\/07\/6m-burger-van-catering-trailer-side-view.jpg 720w, https:\/\/www.honlufoodtrailer.com\/wp-content\/uploads\/2024\/07\/6m-burger-van-catering-trailer-side-view-480x360.jpg 480w, https:\/\/www.honlufoodtrailer.com\/wp-content\/uploads\/2024\/07\/6m-burger-van-catering-trailer-side-view-300x225.jpg 300w\" sizes=\"(max-width: 720px) 100vw, 720px\" \/> <img decoding=\"async\" class=\"aligncenter size-full wp-image-7946\" src=\"https:\/\/www.honlufoodtrailer.com\/wp-content\/uploads\/2024\/07\/6m-burger-van-catering-trailer-front-view.jpg\" alt=\"Pamje e p\u00ebrparme e rimorkios s\u00eb kateringut me burger 6 m\" width=\"720\" height=\"540\" srcset=\"https:\/\/www.honlufoodtrailer.com\/wp-content\/uploads\/2024\/07\/6m-burger-van-catering-trailer-front-view.jpg 720w, https:\/\/www.honlufoodtrailer.com\/wp-content\/uploads\/2024\/07\/6m-burger-van-catering-trailer-front-view-480x360.jpg 480w, https:\/\/www.honlufoodtrailer.com\/wp-content\/uploads\/2024\/07\/6m-burger-van-catering-trailer-front-view-300x225.jpg 300w\" sizes=\"(max-width: 720px) 100vw, 720px\" \/><\/p>\n<h3>Detajet e brendshme t\u00eb k\u00ebsaj rimorkioje 6m p\u00ebr ushqime hamburgeri<\/h3>\n<p>Shikoni m\u00eb shum\u00eb detaje rreth k\u00ebsaj rimorkioje p\u00ebr sh\u00ebrbim ushqimi me furgon hamburger. Si\u00e7 mund ta shihni nga fotografia m\u00eb posht\u00eb, ne e kemi pajisur k\u00ebt\u00eb rimorkio p\u00ebr sh\u00ebrbim ushqimi me furgon hamburger me pajisjet baz\u00eb t\u00eb kuzhin\u00ebs, si\u00e7 jan\u00eb tavolina e pun\u00ebs, lavaman\u00eb, sob\u00eb me gaz, makin\u00eb p\u00ebr skar\u00eb dhe pllak\u00eb gatimi.<\/p>\n<p><img decoding=\"async\" class=\"aligncenter size-full wp-image-7955\" src=\"https:\/\/www.honlufoodtrailer.com\/wp-content\/uploads\/2024\/07\/6m-Burger-van-Trailer-inner-details.jpg\" alt=\"Detajet e brendshme t\u00eb Trailer Burger van 6 m\" width=\"800\" height=\"533\" srcset=\"https:\/\/www.honlufoodtrailer.com\/wp-content\/uploads\/2024\/07\/6m-Burger-van-Trailer-inner-details.jpg 800w, https:\/\/www.honlufoodtrailer.com\/wp-content\/uploads\/2024\/07\/6m-Burger-van-Trailer-inner-details-768x512.jpg 768w, https:\/\/www.honlufoodtrailer.com\/wp-content\/uploads\/2024\/07\/6m-Burger-van-Trailer-inner-details-480x320.jpg 480w, https:\/\/www.honlufoodtrailer.com\/wp-content\/uploads\/2024\/07\/6m-Burger-van-Trailer-inner-details-300x200.jpg 300w, https:\/\/www.honlufoodtrailer.com\/wp-content\/uploads\/2024\/07\/6m-Burger-van-Trailer-inner-details-720x480.jpg 720w\" sizes=\"(max-width: 800px) 100vw, 800px\" \/><\/p>\n<h3>M\u00eb shum\u00eb detaje rreth k\u00ebsaj rimorkioje 6m p\u00ebr ushqime hamburger\u00ebsh<\/h3>\n<p>Mund t\u00eb shihni edhe disa detaje t\u00eb tjera, t\u00eb tilla si shufra e t\u00ebrheqjes, ventilatori i shkarkimit, priza, boshtet, mb\u00ebshtet\u00ebset mb\u00ebshtet\u00ebse dhe dritat e pasme etj.<br \/>\n<img loading=\"lazy\" decoding=\"async\" class=\"aligncenter size-full wp-image-7954\" src=\"https:\/\/www.honlufoodtrailer.com\/wp-content\/uploads\/2024\/07\/6m-catering-trailer-burger-van-details.jpg\" alt=\"Detajet e furgonit t\u00eb burger\u00ebve t\u00eb rimorkios 6 m\" width=\"800\" height=\"800\" srcset=\"https:\/\/www.honlufoodtrailer.com\/wp-content\/uploads\/2024\/07\/6m-catering-trailer-burger-van-details.jpg 800w, https:\/\/www.honlufoodtrailer.com\/wp-content\/uploads\/2024\/07\/6m-catering-trailer-burger-van-details-768x768.jpg 768w, https:\/\/www.honlufoodtrailer.com\/wp-content\/uploads\/2024\/07\/6m-catering-trailer-burger-van-details-360x360.jpg 360w, https:\/\/www.honlufoodtrailer.com\/wp-content\/uploads\/2024\/07\/6m-catering-trailer-burger-van-details-300x300.jpg 300w, https:\/\/www.honlufoodtrailer.com\/wp-content\/uploads\/2024\/07\/6m-catering-trailer-burger-van-details-720x720.jpg 720w, https:\/\/www.honlufoodtrailer.com\/wp-content\/uploads\/2024\/07\/6m-catering-trailer-burger-van-details-100x100.jpg 100w\" sizes=\"(max-width: 800px) 100vw, 800px\" \/><\/p>","protected":false},"excerpt":{"rendered":"<p>Kjo \u00ebsht\u00eb nj\u00eb nga rimorkiot tona t\u00eb porositura p\u00ebr furgon ushqimi 6 metra p\u00ebr shitje, furgon hamburger. Zakonisht, \u00ebsht\u00eb nj\u00eb zgjedhje e mir\u00eb p\u00ebr njer\u00ebzit q\u00eb duan t\u00eb fillojn\u00eb nj\u00eb biznes rimorkiosh ushqimi t\u00eb l\u00ebvizshme. <strong>Ju lutemi klikoni skedat e m\u00ebposhtme p\u00ebr t\u00eb par\u00eb m\u00eb shum\u00eb detaje rreth k\u00ebsaj rimorkioje ushqimore<\/strong>. Ne mund t\u00eb prodhojm\u00eb nj\u00eb rimorkio t\u00eb ngjashme p\u00ebr hamburger\u00eb si kjo, ose ta personalizojm\u00eb nj\u00eb p\u00ebr ju. Ju lutemi na kontaktoni dhe na tregoni k\u00ebrkesat tuaja t\u00eb holl\u00ebsishme. Thjesht mos hezitoni t\u00eb na kontaktoni tani!<\/p>","protected":false},"featured_media":7948,"template":"","meta":{"_themeisle_gutenberg_block_has_review":false},"product_brand":[],"product_cat":[26],"product_tag":[98,78,33,60,61,38],"class_list":{"0":"post-7945","1":"product","2":"type-product","3":"status-publish","4":"has-post-thumbnail","6":"product_cat-product","7":"product_tag-burger-trailer","8":"product_tag-catering-trailer","9":"product_tag-customized-trailer","10":"product_tag-fast-food-trailer","11":"product_tag-fast-food-trailer-for-sale","12":"product_tag-mobile-food-trailer","14":"first","15":"instock","16":"shipping-taxable","17":"product-type-simple"},"yoast_head":"<!-- This site is optimized with the Yoast SEO plugin v27.5 - https:\/\/yoast.com\/product\/yoast-seo-wordpress\/ -->\n<title>Burger Van Catering Trailer from China - Honlu Food Trailer<\/title>\n<meta name=\"description\" content=\"Looking for a burger van catering trailer for sale? see this one here! Get a similar or customized one at a reasonable price now!\" \/>\n<meta name=\"robots\" content=\"index, follow, max-snippet:-1, max-image-preview:large, max-video-preview:-1\" \/>\n<link rel=\"canonical\" href=\"https:\/\/www.honlufoodtrailer.com\/sq\/product\/burger-van-catering-trailer\/\" \/>\n<meta property=\"og:locale\" content=\"sq_AL\" \/>\n<meta property=\"og:type\" content=\"article\" \/>\n<meta property=\"og:title\" content=\"Burger Van Catering Trailer from China - Honlu Food Trailer\" \/>\n<meta property=\"og:description\" content=\"Looking for a burger van catering trailer for sale? see this one here! Get a similar or customized one at a reasonable price now!\" \/>\n<meta property=\"og:url\" content=\"https:\/\/www.honlufoodtrailer.com\/sq\/product\/burger-van-catering-trailer\/\" \/>\n<meta property=\"og:site_name\" content=\"Honlu food trailer\" \/>\n<meta property=\"article:modified_time\" content=\"2025-02-14T06:49:42+00:00\" \/>\n<meta property=\"og:image\" content=\"https:\/\/www.honlufoodtrailer.com\/wp-content\/uploads\/2024\/07\/6m-burger-van-trailer-for-sale.jpg\" \/>\n\t<meta property=\"og:image:width\" content=\"720\" \/>\n\t<meta property=\"og:image:height\" content=\"540\" \/>\n\t<meta property=\"og:image:type\" content=\"image\/jpeg\" \/>\n<meta name=\"twitter:card\" content=\"summary_large_image\" \/>\n<meta name=\"twitter:label1\" content=\"Est. reading time\" \/>\n\t<meta name=\"twitter:data1\" content=\"1 minut\u00eb\" \/>\n<script type=\"application\/ld+json\" class=\"yoast-schema-graph\">{\"@context\":\"https:\\\/\\\/schema.org\",\"@graph\":[{\"@type\":\"WebPage\",\"@id\":\"https:\\\/\\\/www.honlufoodtrailer.com\\\/product\\\/burger-van-catering-trailer\\\/\",\"url\":\"https:\\\/\\\/www.honlufoodtrailer.com\\\/product\\\/burger-van-catering-trailer\\\/\",\"name\":\"Burger Van Catering Trailer from China - Honlu Food Trailer\",\"isPartOf\":{\"@id\":\"https:\\\/\\\/www.honlufoodtrailer.com\\\/#website\"},\"primaryImageOfPage\":{\"@id\":\"https:\\\/\\\/www.honlufoodtrailer.com\\\/product\\\/burger-van-catering-trailer\\\/#primaryimage\"},\"image\":{\"@id\":\"https:\\\/\\\/www.honlufoodtrailer.com\\\/product\\\/burger-van-catering-trailer\\\/#primaryimage\"},\"thumbnailUrl\":\"https:\\\/\\\/www.honlufoodtrailer.com\\\/wp-content\\\/uploads\\\/2024\\\/07\\\/6m-burger-van-trailer-for-sale.jpg\",\"datePublished\":\"2024-07-01T09:24:35+00:00\",\"dateModified\":\"2025-02-14T06:49:42+00:00\",\"description\":\"Looking for a burger van catering trailer for sale? see this one here! Get a similar or customized one at a reasonable price now!\",\"breadcrumb\":{\"@id\":\"https:\\\/\\\/www.honlufoodtrailer.com\\\/product\\\/burger-van-catering-trailer\\\/#breadcrumb\"},\"inLanguage\":\"sq\",\"potentialAction\":[{\"@type\":\"ReadAction\",\"target\":[\"https:\\\/\\\/www.honlufoodtrailer.com\\\/product\\\/burger-van-catering-trailer\\\/\"]}]},{\"@type\":\"ImageObject\",\"inLanguage\":\"sq\",\"@id\":\"https:\\\/\\\/www.honlufoodtrailer.com\\\/product\\\/burger-van-catering-trailer\\\/#primaryimage\",\"url\":\"https:\\\/\\\/www.honlufoodtrailer.com\\\/wp-content\\\/uploads\\\/2024\\\/07\\\/6m-burger-van-trailer-for-sale.jpg\",\"contentUrl\":\"https:\\\/\\\/www.honlufoodtrailer.com\\\/wp-content\\\/uploads\\\/2024\\\/07\\\/6m-burger-van-trailer-for-sale.jpg\",\"width\":720,\"height\":540,\"caption\":\"6m burger van trailer for sale\"},{\"@type\":\"BreadcrumbList\",\"@id\":\"https:\\\/\\\/www.honlufoodtrailer.com\\\/product\\\/burger-van-catering-trailer\\\/#breadcrumb\",\"itemListElement\":[{\"@type\":\"ListItem\",\"position\":1,\"name\":\"Home\",\"item\":\"https:\\\/\\\/www.honlufoodtrailer.com\\\/\"},{\"@type\":\"ListItem\",\"position\":2,\"name\":\"\u4ea7\u54c1\",\"item\":\"https:\\\/\\\/www.honlufoodtrailer.com\\\/shop\\\/\"},{\"@type\":\"ListItem\",\"position\":3,\"name\":\"6m Burger Van Catering Trailer\"}]},{\"@type\":\"WebSite\",\"@id\":\"https:\\\/\\\/www.honlufoodtrailer.com\\\/#website\",\"url\":\"https:\\\/\\\/www.honlufoodtrailer.com\\\/\",\"name\":\"Honlu food trailer\",\"description\":\"\",\"publisher\":{\"@id\":\"https:\\\/\\\/www.honlufoodtrailer.com\\\/#organization\"},\"potentialAction\":[{\"@type\":\"SearchAction\",\"target\":{\"@type\":\"EntryPoint\",\"urlTemplate\":\"https:\\\/\\\/www.honlufoodtrailer.com\\\/?s={search_term_string}\"},\"query-input\":{\"@type\":\"PropertyValueSpecification\",\"valueRequired\":true,\"valueName\":\"search_term_string\"}}],\"inLanguage\":\"sq\"},{\"@type\":\"Organization\",\"@id\":\"https:\\\/\\\/www.honlufoodtrailer.com\\\/#organization\",\"name\":\"Honlu food trailer\",\"url\":\"https:\\\/\\\/www.honlufoodtrailer.com\\\/\",\"logo\":{\"@type\":\"ImageObject\",\"inLanguage\":\"sq\",\"@id\":\"https:\\\/\\\/www.honlufoodtrailer.com\\\/#\\\/schema\\\/logo\\\/image\\\/\",\"url\":\"https:\\\/\\\/www.honlufoodtrailer.com\\\/wp-content\\\/uploads\\\/2021\\\/12\\\/2.gif\",\"contentUrl\":\"https:\\\/\\\/www.honlufoodtrailer.com\\\/wp-content\\\/uploads\\\/2021\\\/12\\\/2.gif\",\"width\":350,\"height\":100,\"caption\":\"Honlu food trailer\"},\"image\":{\"@id\":\"https:\\\/\\\/www.honlufoodtrailer.com\\\/#\\\/schema\\\/logo\\\/image\\\/\"}}]}<\/script>\n<!-- \/ Yoast SEO plugin. -->","yoast_head_json":{"title":"Rimorkio p\u00ebr Burger Van Catering nga Kina - Rimorkio Ushqimore Honlu","description":"Duke k\u00ebrkuar p\u00ebr nj\u00eb rimorkio p\u00ebr furgon hamburger\u00ebsh p\u00ebr shitje? Shiheni k\u00ebt\u00eb k\u00ebtu! Merrni nj\u00eb t\u00eb ngjashme ose t\u00eb personalizuar me nj\u00eb \u00e7mim t\u00eb arsyesh\u00ebm tani!","robots":{"index":"index","follow":"follow","max-snippet":"max-snippet:-1","max-image-preview":"max-image-preview:large","max-video-preview":"max-video-preview:-1"},"canonical":"https:\/\/www.honlufoodtrailer.com\/sq\/product\/burger-van-catering-trailer\/","og_locale":"sq_AL","og_type":"article","og_title":"Burger Van Catering Trailer from China - Honlu Food Trailer","og_description":"Looking for a burger van catering trailer for sale? see this one here! Get a similar or customized one at a reasonable price now!","og_url":"https:\/\/www.honlufoodtrailer.com\/sq\/product\/burger-van-catering-trailer\/","og_site_name":"Honlu food trailer","article_modified_time":"2025-02-14T06:49:42+00:00","og_image":[{"width":720,"height":540,"url":"https:\/\/www.honlufoodtrailer.com\/wp-content\/uploads\/2024\/07\/6m-burger-van-trailer-for-sale.jpg","type":"image\/jpeg"}],"twitter_card":"summary_large_image","twitter_misc":{"Est. reading time":"1 minut\u00eb"},"schema":{"@context":"https:\/\/schema.org","@graph":[{"@type":"WebPage","@id":"https:\/\/www.honlufoodtrailer.com\/product\/burger-van-catering-trailer\/","url":"https:\/\/www.honlufoodtrailer.com\/product\/burger-van-catering-trailer\/","name":"Rimorkio p\u00ebr Burger Van Catering nga Kina - Rimorkio Ushqimore Honlu","isPartOf":{"@id":"https:\/\/www.honlufoodtrailer.com\/#website"},"primaryImageOfPage":{"@id":"https:\/\/www.honlufoodtrailer.com\/product\/burger-van-catering-trailer\/#primaryimage"},"image":{"@id":"https:\/\/www.honlufoodtrailer.com\/product\/burger-van-catering-trailer\/#primaryimage"},"thumbnailUrl":"https:\/\/www.honlufoodtrailer.com\/wp-content\/uploads\/2024\/07\/6m-burger-van-trailer-for-sale.jpg","datePublished":"2024-07-01T09:24:35+00:00","dateModified":"2025-02-14T06:49:42+00:00","description":"Duke k\u00ebrkuar p\u00ebr nj\u00eb rimorkio p\u00ebr furgon hamburger\u00ebsh p\u00ebr shitje? Shiheni k\u00ebt\u00eb k\u00ebtu! Merrni nj\u00eb t\u00eb ngjashme ose t\u00eb personalizuar me nj\u00eb \u00e7mim t\u00eb arsyesh\u00ebm tani!","breadcrumb":{"@id":"https:\/\/www.honlufoodtrailer.com\/product\/burger-van-catering-trailer\/#breadcrumb"},"inLanguage":"sq","potentialAction":[{"@type":"ReadAction","target":["https:\/\/www.honlufoodtrailer.com\/product\/burger-van-catering-trailer\/"]}]},{"@type":"ImageObject","inLanguage":"sq","@id":"https:\/\/www.honlufoodtrailer.com\/product\/burger-van-catering-trailer\/#primaryimage","url":"https:\/\/www.honlufoodtrailer.com\/wp-content\/uploads\/2024\/07\/6m-burger-van-trailer-for-sale.jpg","contentUrl":"https:\/\/www.honlufoodtrailer.com\/wp-content\/uploads\/2024\/07\/6m-burger-van-trailer-for-sale.jpg","width":720,"height":540,"caption":"6m burger van trailer for sale"},{"@type":"BreadcrumbList","@id":"https:\/\/www.honlufoodtrailer.com\/product\/burger-van-catering-trailer\/#breadcrumb","itemListElement":[{"@type":"ListItem","position":1,"name":"Home","item":"https:\/\/www.honlufoodtrailer.com\/"},{"@type":"ListItem","position":2,"name":"\u4ea7\u54c1","item":"https:\/\/www.honlufoodtrailer.com\/shop\/"},{"@type":"ListItem","position":3,"name":"6m Burger Van Catering Trailer"}]},{"@type":"WebSite","@id":"https:\/\/www.honlufoodtrailer.com\/#website","url":"https:\/\/www.honlufoodtrailer.com\/","name":"Rimorkio ushqimore n\u00eb Honlu","description":"","publisher":{"@id":"https:\/\/www.honlufoodtrailer.com\/#organization"},"potentialAction":[{"@type":"SearchAction","target":{"@type":"EntryPoint","urlTemplate":"https:\/\/www.honlufoodtrailer.com\/?s={search_term_string}"},"query-input":{"@type":"PropertyValueSpecification","valueRequired":true,"valueName":"search_term_string"}}],"inLanguage":"sq"},{"@type":"Organization","@id":"https:\/\/www.honlufoodtrailer.com\/#organization","name":"Rimorkio ushqimore n\u00eb Honlu","url":"https:\/\/www.honlufoodtrailer.com\/","logo":{"@type":"ImageObject","inLanguage":"sq","@id":"https:\/\/www.honlufoodtrailer.com\/#\/schema\/logo\/image\/","url":"https:\/\/www.honlufoodtrailer.com\/wp-content\/uploads\/2021\/12\/2.gif","contentUrl":"https:\/\/www.honlufoodtrailer.com\/wp-content\/uploads\/2021\/12\/2.gif","width":350,"height":100,"caption":"Honlu food trailer"},"image":{"@id":"https:\/\/www.honlufoodtrailer.com\/#\/schema\/logo\/image\/"}}]}},"_links":{"self":[{"href":"https:\/\/www.honlufoodtrailer.com\/sq\/wp-json\/wp\/v2\/product\/7945","targetHints":{"allow":["GET"]}}],"collection":[{"href":"https:\/\/www.honlufoodtrailer.com\/sq\/wp-json\/wp\/v2\/product"}],"about":[{"href":"https:\/\/www.honlufoodtrailer.com\/sq\/wp-json\/wp\/v2\/types\/product"}],"version-history":[{"count":0,"href":"https:\/\/www.honlufoodtrailer.com\/sq\/wp-json\/wp\/v2\/product\/7945\/revisions"}],"wp:featuredmedia":[{"embeddable":true,"href":"https:\/\/www.honlufoodtrailer.com\/sq\/wp-json\/wp\/v2\/media\/7948"}],"wp:attachment":[{"href":"https:\/\/www.honlufoodtrailer.com\/sq\/wp-json\/wp\/v2\/media?parent=7945"}],"wp:term":[{"taxonomy":"product_brand","embeddable":true,"href":"https:\/\/www.honlufoodtrailer.com\/sq\/wp-json\/wp\/v2\/product_brand?post=7945"},{"taxonomy":"product_cat","embeddable":true,"href":"https:\/\/www.honlufoodtrailer.com\/sq\/wp-json\/wp\/v2\/product_cat?post=7945"},{"taxonomy":"product_tag","embeddable":true,"href":"https:\/\/www.honlufoodtrailer.com\/sq\/wp-json\/wp\/v2\/product_tag?post=7945"}],"curies":[{"name":"wp","href":"https:\/\/api.w.org\/{rel}","templated":true}]}}