{"id":8102,"date":"2024-07-23T16:45:18","date_gmt":"2024-07-23T08:45:18","guid":{"rendered":"https:\/\/www.honlufoodtrailer.com\/?post_type=product&#038;p=8102"},"modified":"2025-02-14T14:34:10","modified_gmt":"2025-02-14T06:34:10","slug":"4m-beer-concession-trailer","status":"publish","type":"product","link":"https:\/\/www.honlufoodtrailer.com\/sq\/product\/4m-beer-concession-trailer\/","title":{"rendered":"Rimorkio me koncesion p\u00ebr birr\u00eb 4m"},"content":{"rendered":"<p>Do you want to start a beer trailer business? See this 4m mobile beer trailer! It is a beer concession trailer we have design and customized for one of our customers. With a compact structure and reasonable price, this beer trailer is a good choice for you to start a business. \u00a0We can manufacture a similar <a href=\"https:\/\/www.honlufoodtrailer.com\/sq\/product\/rimorkio-e-vogel-per-pije-ne-shitje\/\" target=\"_blank\" rel=\"noopener\">beverage trailer<\/a> like this one, or customize one for you. The body color, stickers, signage, and kitchen equipment of the drink trailer can be customized. Just contact us and tell us your detailed requirements. Now, let&#8217;s see some pictures of this 4m beer concession trailer first!<br \/>\n<img fetchpriority=\"high\" decoding=\"async\" class=\"aligncenter size-full wp-image-8112\" src=\"https:\/\/www.honlufoodtrailer.com\/wp-content\/uploads\/2024\/07\/4m-small-beer-trailer.jpg\" alt=\"4m small beer trailer\" width=\"720\" height=\"540\" srcset=\"https:\/\/www.honlufoodtrailer.com\/wp-content\/uploads\/2024\/07\/4m-small-beer-trailer.jpg 720w, https:\/\/www.honlufoodtrailer.com\/wp-content\/uploads\/2024\/07\/4m-small-beer-trailer-480x360.jpg 480w, https:\/\/www.honlufoodtrailer.com\/wp-content\/uploads\/2024\/07\/4m-small-beer-trailer-300x225.jpg 300w\" sizes=\"(max-width: 720px) 100vw, 720px\" \/> <img decoding=\"async\" class=\"aligncenter size-full wp-image-8103\" src=\"https:\/\/www.honlufoodtrailer.com\/wp-content\/uploads\/2024\/07\/4m-beer-concession-trailer-for-sale.jpg\" alt=\"4m beer concession trailer for sale\" width=\"720\" height=\"540\" srcset=\"https:\/\/www.honlufoodtrailer.com\/wp-content\/uploads\/2024\/07\/4m-beer-concession-trailer-for-sale.jpg 720w, https:\/\/www.honlufoodtrailer.com\/wp-content\/uploads\/2024\/07\/4m-beer-concession-trailer-for-sale-480x360.jpg 480w, https:\/\/www.honlufoodtrailer.com\/wp-content\/uploads\/2024\/07\/4m-beer-concession-trailer-for-sale-300x225.jpg 300w\" sizes=\"(max-width: 720px) 100vw, 720px\" \/><\/p>\n<p>As we can see from the pictures above, we have decorated this portable beer\u00a0trailer with patterns of beer and wine, just as the customer required. This beer trailer has two windows in the front, which is very convenient for customers to order and pick up food. Today, successful restaurant owners are expanding their sit-down restaurants with mobile restaurants for many reasons, such as lower startup costs, lower management costs, and more advertising. This type of\u00a0 small beer trailer can help to expand your business. Next, let&#8217;s see more details of this 4m beer concession trailer.<\/p>\n<h3>Inner Structure Of This 4m Beer Concession Trailer<\/h3>\n<p><img decoding=\"async\" class=\"aligncenter size-full wp-image-8104\" src=\"https:\/\/www.honlufoodtrailer.com\/wp-content\/uploads\/2024\/07\/4m-beer-concession-trailer-inner-structure.jpg\" alt=\"4m beer concession trailer inner structure\" width=\"800\" height=\"800\" srcset=\"https:\/\/www.honlufoodtrailer.com\/wp-content\/uploads\/2024\/07\/4m-beer-concession-trailer-inner-structure.jpg 800w, https:\/\/www.honlufoodtrailer.com\/wp-content\/uploads\/2024\/07\/4m-beer-concession-trailer-inner-structure-768x768.jpg 768w, https:\/\/www.honlufoodtrailer.com\/wp-content\/uploads\/2024\/07\/4m-beer-concession-trailer-inner-structure-360x360.jpg 360w, https:\/\/www.honlufoodtrailer.com\/wp-content\/uploads\/2024\/07\/4m-beer-concession-trailer-inner-structure-300x300.jpg 300w, https:\/\/www.honlufoodtrailer.com\/wp-content\/uploads\/2024\/07\/4m-beer-concession-trailer-inner-structure-720x720.jpg 720w, https:\/\/www.honlufoodtrailer.com\/wp-content\/uploads\/2024\/07\/4m-beer-concession-trailer-inner-structure-100x100.jpg 100w\" sizes=\"(max-width: 800px) 100vw, 800px\" \/><\/p>\n<p>As we can see from the picture below, We have equipped this 4m custom beer trailer with some basic kitchen equipment. There is mainly kitchen equipment such as sinks, water tanks, work bench, air conditioner, lockers and beer dispenser etc. Our customer will add some other items he needs after receiving this food trailer.<\/p>\n<h3>More Details Of This 4m Beer Concession Trailer<\/h3>\n<p><img loading=\"lazy\" decoding=\"async\" class=\"aligncenter size-full wp-image-8105\" src=\"https:\/\/www.honlufoodtrailer.com\/wp-content\/uploads\/2024\/07\/4m-beer-concession-trailer-more-details.jpg\" alt=\"4m beer concession trailer more details\" width=\"800\" height=\"800\" srcset=\"https:\/\/www.honlufoodtrailer.com\/wp-content\/uploads\/2024\/07\/4m-beer-concession-trailer-more-details.jpg 800w, https:\/\/www.honlufoodtrailer.com\/wp-content\/uploads\/2024\/07\/4m-beer-concession-trailer-more-details-768x768.jpg 768w, https:\/\/www.honlufoodtrailer.com\/wp-content\/uploads\/2024\/07\/4m-beer-concession-trailer-more-details-360x360.jpg 360w, https:\/\/www.honlufoodtrailer.com\/wp-content\/uploads\/2024\/07\/4m-beer-concession-trailer-more-details-300x300.jpg 300w, https:\/\/www.honlufoodtrailer.com\/wp-content\/uploads\/2024\/07\/4m-beer-concession-trailer-more-details-720x720.jpg 720w, https:\/\/www.honlufoodtrailer.com\/wp-content\/uploads\/2024\/07\/4m-beer-concession-trailer-more-details-100x100.jpg 100w\" sizes=\"(max-width: 800px) 100vw, 800px\" \/><\/p>\n<p>Rimorkiot e ushqimit mund t\u00eb quhen edhe karroca ushqimore, furgon\u00eb ushqimi, kamion\u00eb ushqimi e k\u00ebshtu me radh\u00eb. Mund t\u00eb p\u00ebrdoren p\u00ebr t\u00eb shitur ushqim t\u00eb shpejt\u00eb, ushqime t\u00eb lehta, gazeta, libra e k\u00ebshtu me radh\u00eb. P\u00ebrb\u00ebhet nga shasia, karroceria, dyshemeja, tavolina e pun\u00ebs, sistemi i ujit dhe sistemi elektrik. P\u00ebrdoruesit gjithashtu mund t\u00eb zgjedhin ngjyr\u00ebn q\u00eb d\u00ebshirojn\u00eb. Ne do t\u00eb d\u00ebshironim t\u00eb blinim lloje t\u00eb tjera pajisjesh n\u00ebse klient\u00ebt d\u00ebshirojn\u00eb.<\/p>\n<p><img loading=\"lazy\" decoding=\"async\" class=\"aligncenter size-full wp-image-8108\" src=\"https:\/\/www.honlufoodtrailer.com\/wp-content\/uploads\/2024\/07\/4m-beer-trailer.jpg\" alt=\"4m beer trailer\" width=\"720\" height=\"540\" srcset=\"https:\/\/www.honlufoodtrailer.com\/wp-content\/uploads\/2024\/07\/4m-beer-trailer.jpg 720w, https:\/\/www.honlufoodtrailer.com\/wp-content\/uploads\/2024\/07\/4m-beer-trailer-480x360.jpg 480w, https:\/\/www.honlufoodtrailer.com\/wp-content\/uploads\/2024\/07\/4m-beer-trailer-300x225.jpg 300w\" sizes=\"(max-width: 720px) 100vw, 720px\" \/><\/p>\n<h3>Main Features Of This 4m Beer Concession Trailer<\/h3>\n<ol>\n<li>Kosto e ul\u00ebt dhe miq\u00ebsore me mjedisin, pa tym dhe zhurm\u00eb, e leht\u00eb p\u00ebr t\u2019u zhvendosur n\u00eb \u00e7do vend<\/li>\n<li>Mund t\u00eb p\u00ebrdoret p\u00ebr shum\u00eb vite dhe nuk do t\u00eb krijoj\u00eb mbeturina, dhe k\u00ebto jan\u00eb shum\u00eb t\u00eb p\u00ebrshtatshme p\u00ebr jet\u00ebn moderne.<\/li>\n<li>\u00cbsht\u00eb i p\u00ebrshtatsh\u00ebm dhe i thjesht\u00eb p\u00ebr ngarkim dhe transport sepse dizajni \u00ebsht\u00eb unik dhe individual.<\/li>\n<li>Materiali kryesor \u00ebsht\u00eb \u00e7elik inox, dhe forma e shesht\u00eb (tavolina) nuk do t\u00eb ndryshket.<\/li>\n<li>Ka rezistenc\u00eb ndaj nxeht\u00ebsis\u00eb dhe forc\u00eb t\u00eb lart\u00eb, q\u00ebndrueshm\u00ebri t\u00eb lart\u00eb ngjyre, pa deformime, \u00ebsht\u00eb i pap\u00ebrshkuesh\u00ebm nga uji dhe ka jet\u00ebgjat\u00ebsi t\u00eb gjat\u00eb sh\u00ebrbimi.<\/li>\n<\/ol>\n<h3>Avantazhi kryesor:<\/h3>\n<ol>\n<li>Kosto e ul\u00ebt dhe miq\u00ebsore me mjedisin;<\/li>\n<li>Leht\u00eb p\u00ebr t&#039;u zhvendosur n\u00eb \u00e7do vend (biznesi juaj nuk \u00ebsht\u00eb i kufizuar);<\/li>\n<li>Form\u00eb unike (e padukshme p\u00ebr t\u00eb t\u00ebrhequr m\u00eb shum\u00eb klient\u00eb);<\/li>\n<li>Jet\u00ebgjat\u00ebsi e gjat\u00eb sh\u00ebrbimi (rezistente ndaj korrozionit, rezistente ndaj nxeht\u00ebsis\u00eb, e pap\u00ebrshkueshme nga uji, pa deformime).<\/li>\n<\/ol>","protected":false},"excerpt":{"rendered":"<p>This is one of our custom-made 4m beer concession trailer for sale. It is a good choice for starting a mobile beer trailer business. <strong>Please click the following tabs to learn more details of this beer trailer<\/strong>. Interested in a similar drink trailer or a customized one? Just don&#8217;t hesitate to contact us today!<\/p>","protected":false},"featured_media":8111,"template":"","meta":{"_themeisle_gutenberg_block_has_review":false},"product_brand":[],"product_cat":[26],"product_tag":[82,106,33,60,61,38],"class_list":{"0":"post-8102","1":"product","2":"type-product","3":"status-publish","4":"has-post-thumbnail","6":"product_cat-product","7":"product_tag-13ft-food-trailer","8":"product_tag-beer-trailer","9":"product_tag-customized-trailer","10":"product_tag-fast-food-trailer","11":"product_tag-fast-food-trailer-for-sale","12":"product_tag-mobile-food-trailer","14":"first","15":"instock","16":"shipping-taxable","17":"product-type-simple"},"yoast_head":"<!-- This site is optimized with the Yoast SEO plugin v27.5 - https:\/\/yoast.com\/product\/yoast-seo-wordpress\/ -->\n<title>4m Beer Concession Trailer | Wine Trailer from Henan Honlu<\/title>\n<meta name=\"description\" content=\"Want to start a beer trailer business? See this 4m mobile beer trailer! beautiful design, high quality, Contact us to get its price right now!\" \/>\n<meta name=\"robots\" content=\"index, follow, max-snippet:-1, max-image-preview:large, max-video-preview:-1\" \/>\n<link rel=\"canonical\" href=\"https:\/\/www.honlufoodtrailer.com\/sq\/product\/4m-beer-concession-trailer\/\" \/>\n<meta property=\"og:locale\" content=\"sq_AL\" \/>\n<meta property=\"og:type\" content=\"article\" \/>\n<meta property=\"og:title\" content=\"4m Beer Concession Trailer | Wine Trailer from Henan Honlu\" \/>\n<meta property=\"og:description\" content=\"Want to start a beer trailer business? See this 4m mobile beer trailer! beautiful design, high quality, Contact us to get its price right now!\" \/>\n<meta property=\"og:url\" content=\"https:\/\/www.honlufoodtrailer.com\/sq\/product\/4m-beer-concession-trailer\/\" \/>\n<meta property=\"og:site_name\" content=\"Honlu food trailer\" \/>\n<meta property=\"article:modified_time\" content=\"2025-02-14T06:34:10+00:00\" \/>\n<meta property=\"og:image\" content=\"https:\/\/www.honlufoodtrailer.com\/wp-content\/uploads\/2024\/07\/4m-portable-beer-trailer.jpg\" \/>\n\t<meta property=\"og:image:width\" content=\"720\" \/>\n\t<meta property=\"og:image:height\" content=\"540\" \/>\n\t<meta property=\"og:image:type\" content=\"image\/jpeg\" \/>\n<meta name=\"twitter:card\" content=\"summary_large_image\" \/>\n<meta name=\"twitter:label1\" content=\"Est. reading time\" \/>\n\t<meta name=\"twitter:data1\" content=\"1 minut\u00eb\" \/>\n<script type=\"application\/ld+json\" class=\"yoast-schema-graph\">{\"@context\":\"https:\\\/\\\/schema.org\",\"@graph\":[{\"@type\":\"WebPage\",\"@id\":\"https:\\\/\\\/www.honlufoodtrailer.com\\\/product\\\/4m-beer-concession-trailer\\\/\",\"url\":\"https:\\\/\\\/www.honlufoodtrailer.com\\\/product\\\/4m-beer-concession-trailer\\\/\",\"name\":\"4m Beer Concession Trailer | Wine Trailer from Henan Honlu\",\"isPartOf\":{\"@id\":\"https:\\\/\\\/www.honlufoodtrailer.com\\\/#website\"},\"primaryImageOfPage\":{\"@id\":\"https:\\\/\\\/www.honlufoodtrailer.com\\\/product\\\/4m-beer-concession-trailer\\\/#primaryimage\"},\"image\":{\"@id\":\"https:\\\/\\\/www.honlufoodtrailer.com\\\/product\\\/4m-beer-concession-trailer\\\/#primaryimage\"},\"thumbnailUrl\":\"https:\\\/\\\/www.honlufoodtrailer.com\\\/wp-content\\\/uploads\\\/2024\\\/07\\\/4m-portable-beer-trailer.jpg\",\"datePublished\":\"2024-07-23T08:45:18+00:00\",\"dateModified\":\"2025-02-14T06:34:10+00:00\",\"description\":\"Want to start a beer trailer business? See this 4m mobile beer trailer! beautiful design, high quality, Contact us to get its price right now!\",\"breadcrumb\":{\"@id\":\"https:\\\/\\\/www.honlufoodtrailer.com\\\/product\\\/4m-beer-concession-trailer\\\/#breadcrumb\"},\"inLanguage\":\"sq\",\"potentialAction\":[{\"@type\":\"ReadAction\",\"target\":[\"https:\\\/\\\/www.honlufoodtrailer.com\\\/product\\\/4m-beer-concession-trailer\\\/\"]}]},{\"@type\":\"ImageObject\",\"inLanguage\":\"sq\",\"@id\":\"https:\\\/\\\/www.honlufoodtrailer.com\\\/product\\\/4m-beer-concession-trailer\\\/#primaryimage\",\"url\":\"https:\\\/\\\/www.honlufoodtrailer.com\\\/wp-content\\\/uploads\\\/2024\\\/07\\\/4m-portable-beer-trailer.jpg\",\"contentUrl\":\"https:\\\/\\\/www.honlufoodtrailer.com\\\/wp-content\\\/uploads\\\/2024\\\/07\\\/4m-portable-beer-trailer.jpg\",\"width\":720,\"height\":540,\"caption\":\"4m portable beer trailer\"},{\"@type\":\"BreadcrumbList\",\"@id\":\"https:\\\/\\\/www.honlufoodtrailer.com\\\/product\\\/4m-beer-concession-trailer\\\/#breadcrumb\",\"itemListElement\":[{\"@type\":\"ListItem\",\"position\":1,\"name\":\"Home\",\"item\":\"https:\\\/\\\/www.honlufoodtrailer.com\\\/\"},{\"@type\":\"ListItem\",\"position\":2,\"name\":\"\u4ea7\u54c1\",\"item\":\"https:\\\/\\\/www.honlufoodtrailer.com\\\/shop\\\/\"},{\"@type\":\"ListItem\",\"position\":3,\"name\":\"4m Beer Concession Trailer\"}]},{\"@type\":\"WebSite\",\"@id\":\"https:\\\/\\\/www.honlufoodtrailer.com\\\/#website\",\"url\":\"https:\\\/\\\/www.honlufoodtrailer.com\\\/\",\"name\":\"Honlu food trailer\",\"description\":\"\",\"publisher\":{\"@id\":\"https:\\\/\\\/www.honlufoodtrailer.com\\\/#organization\"},\"potentialAction\":[{\"@type\":\"SearchAction\",\"target\":{\"@type\":\"EntryPoint\",\"urlTemplate\":\"https:\\\/\\\/www.honlufoodtrailer.com\\\/?s={search_term_string}\"},\"query-input\":{\"@type\":\"PropertyValueSpecification\",\"valueRequired\":true,\"valueName\":\"search_term_string\"}}],\"inLanguage\":\"sq\"},{\"@type\":\"Organization\",\"@id\":\"https:\\\/\\\/www.honlufoodtrailer.com\\\/#organization\",\"name\":\"Honlu food trailer\",\"url\":\"https:\\\/\\\/www.honlufoodtrailer.com\\\/\",\"logo\":{\"@type\":\"ImageObject\",\"inLanguage\":\"sq\",\"@id\":\"https:\\\/\\\/www.honlufoodtrailer.com\\\/#\\\/schema\\\/logo\\\/image\\\/\",\"url\":\"https:\\\/\\\/www.honlufoodtrailer.com\\\/wp-content\\\/uploads\\\/2021\\\/12\\\/2.gif\",\"contentUrl\":\"https:\\\/\\\/www.honlufoodtrailer.com\\\/wp-content\\\/uploads\\\/2021\\\/12\\\/2.gif\",\"width\":350,\"height\":100,\"caption\":\"Honlu food trailer\"},\"image\":{\"@id\":\"https:\\\/\\\/www.honlufoodtrailer.com\\\/#\\\/schema\\\/logo\\\/image\\\/\"}}]}<\/script>\n<!-- \/ Yoast SEO plugin. -->","yoast_head_json":{"title":"4m Beer Concession Trailer | Wine Trailer from Henan Honlu","description":"Want to start a beer trailer business? See this 4m mobile beer trailer! beautiful design, high quality, Contact us to get its price right now!","robots":{"index":"index","follow":"follow","max-snippet":"max-snippet:-1","max-image-preview":"max-image-preview:large","max-video-preview":"max-video-preview:-1"},"canonical":"https:\/\/www.honlufoodtrailer.com\/sq\/product\/4m-beer-concession-trailer\/","og_locale":"sq_AL","og_type":"article","og_title":"4m Beer Concession Trailer | Wine Trailer from Henan Honlu","og_description":"Want to start a beer trailer business? See this 4m mobile beer trailer! beautiful design, high quality, Contact us to get its price right now!","og_url":"https:\/\/www.honlufoodtrailer.com\/sq\/product\/4m-beer-concession-trailer\/","og_site_name":"Honlu food trailer","article_modified_time":"2025-02-14T06:34:10+00:00","og_image":[{"width":720,"height":540,"url":"https:\/\/www.honlufoodtrailer.com\/wp-content\/uploads\/2024\/07\/4m-portable-beer-trailer.jpg","type":"image\/jpeg"}],"twitter_card":"summary_large_image","twitter_misc":{"Est. reading time":"1 minut\u00eb"},"schema":{"@context":"https:\/\/schema.org","@graph":[{"@type":"WebPage","@id":"https:\/\/www.honlufoodtrailer.com\/product\/4m-beer-concession-trailer\/","url":"https:\/\/www.honlufoodtrailer.com\/product\/4m-beer-concession-trailer\/","name":"4m Beer Concession Trailer | Wine Trailer from Henan Honlu","isPartOf":{"@id":"https:\/\/www.honlufoodtrailer.com\/#website"},"primaryImageOfPage":{"@id":"https:\/\/www.honlufoodtrailer.com\/product\/4m-beer-concession-trailer\/#primaryimage"},"image":{"@id":"https:\/\/www.honlufoodtrailer.com\/product\/4m-beer-concession-trailer\/#primaryimage"},"thumbnailUrl":"https:\/\/www.honlufoodtrailer.com\/wp-content\/uploads\/2024\/07\/4m-portable-beer-trailer.jpg","datePublished":"2024-07-23T08:45:18+00:00","dateModified":"2025-02-14T06:34:10+00:00","description":"Want to start a beer trailer business? See this 4m mobile beer trailer! beautiful design, high quality, Contact us to get its price right now!","breadcrumb":{"@id":"https:\/\/www.honlufoodtrailer.com\/product\/4m-beer-concession-trailer\/#breadcrumb"},"inLanguage":"sq","potentialAction":[{"@type":"ReadAction","target":["https:\/\/www.honlufoodtrailer.com\/product\/4m-beer-concession-trailer\/"]}]},{"@type":"ImageObject","inLanguage":"sq","@id":"https:\/\/www.honlufoodtrailer.com\/product\/4m-beer-concession-trailer\/#primaryimage","url":"https:\/\/www.honlufoodtrailer.com\/wp-content\/uploads\/2024\/07\/4m-portable-beer-trailer.jpg","contentUrl":"https:\/\/www.honlufoodtrailer.com\/wp-content\/uploads\/2024\/07\/4m-portable-beer-trailer.jpg","width":720,"height":540,"caption":"4m portable beer trailer"},{"@type":"BreadcrumbList","@id":"https:\/\/www.honlufoodtrailer.com\/product\/4m-beer-concession-trailer\/#breadcrumb","itemListElement":[{"@type":"ListItem","position":1,"name":"Home","item":"https:\/\/www.honlufoodtrailer.com\/"},{"@type":"ListItem","position":2,"name":"\u4ea7\u54c1","item":"https:\/\/www.honlufoodtrailer.com\/shop\/"},{"@type":"ListItem","position":3,"name":"4m Beer Concession Trailer"}]},{"@type":"WebSite","@id":"https:\/\/www.honlufoodtrailer.com\/#website","url":"https:\/\/www.honlufoodtrailer.com\/","name":"Rimorkio ushqimore n\u00eb Honlu","description":"","publisher":{"@id":"https:\/\/www.honlufoodtrailer.com\/#organization"},"potentialAction":[{"@type":"SearchAction","target":{"@type":"EntryPoint","urlTemplate":"https:\/\/www.honlufoodtrailer.com\/?s={search_term_string}"},"query-input":{"@type":"PropertyValueSpecification","valueRequired":true,"valueName":"search_term_string"}}],"inLanguage":"sq"},{"@type":"Organization","@id":"https:\/\/www.honlufoodtrailer.com\/#organization","name":"Rimorkio ushqimore n\u00eb Honlu","url":"https:\/\/www.honlufoodtrailer.com\/","logo":{"@type":"ImageObject","inLanguage":"sq","@id":"https:\/\/www.honlufoodtrailer.com\/#\/schema\/logo\/image\/","url":"https:\/\/www.honlufoodtrailer.com\/wp-content\/uploads\/2021\/12\/2.gif","contentUrl":"https:\/\/www.honlufoodtrailer.com\/wp-content\/uploads\/2021\/12\/2.gif","width":350,"height":100,"caption":"Honlu food trailer"},"image":{"@id":"https:\/\/www.honlufoodtrailer.com\/#\/schema\/logo\/image\/"}}]}},"_links":{"self":[{"href":"https:\/\/www.honlufoodtrailer.com\/sq\/wp-json\/wp\/v2\/product\/8102","targetHints":{"allow":["GET"]}}],"collection":[{"href":"https:\/\/www.honlufoodtrailer.com\/sq\/wp-json\/wp\/v2\/product"}],"about":[{"href":"https:\/\/www.honlufoodtrailer.com\/sq\/wp-json\/wp\/v2\/types\/product"}],"version-history":[{"count":0,"href":"https:\/\/www.honlufoodtrailer.com\/sq\/wp-json\/wp\/v2\/product\/8102\/revisions"}],"wp:featuredmedia":[{"embeddable":true,"href":"https:\/\/www.honlufoodtrailer.com\/sq\/wp-json\/wp\/v2\/media\/8111"}],"wp:attachment":[{"href":"https:\/\/www.honlufoodtrailer.com\/sq\/wp-json\/wp\/v2\/media?parent=8102"}],"wp:term":[{"taxonomy":"product_brand","embeddable":true,"href":"https:\/\/www.honlufoodtrailer.com\/sq\/wp-json\/wp\/v2\/product_brand?post=8102"},{"taxonomy":"product_cat","embeddable":true,"href":"https:\/\/www.honlufoodtrailer.com\/sq\/wp-json\/wp\/v2\/product_cat?post=8102"},{"taxonomy":"product_tag","embeddable":true,"href":"https:\/\/www.honlufoodtrailer.com\/sq\/wp-json\/wp\/v2\/product_tag?post=8102"}],"curies":[{"name":"wp","href":"https:\/\/api.w.org\/{rel}","templated":true}]}}