{"id":8183,"date":"2024-08-09T17:18:31","date_gmt":"2024-08-09T09:18:31","guid":{"rendered":"https:\/\/www.honlufoodtrailer.com\/?post_type=product&#038;p=8183"},"modified":"2025-02-14T14:19:09","modified_gmt":"2025-02-14T06:19:09","slug":"kamion-ushqimi-i-galvanizuar-26-kembe","status":"publish","type":"product","link":"https:\/\/www.honlufoodtrailer.com\/sq\/product\/26ft-galvanized-food-truck\/","title":{"rendered":"Kamion ushqimor i galvanizuar 26ft"},"content":{"rendered":"<p data-spm-anchor-id=\"a2700.wholesale.0.i28.29e52808agqc7f\">This is a 26ft galvanized food truck we have customized for one of our customers. As you can see from the pictures below, it has 3 axles, which is more sturdy and durable. In the front of the food truck, we made several big windows. Now, let&#8217;s see some pictures of this food truck.<\/p>\n<p data-spm-anchor-id=\"a2700.wholesale.0.i28.29e52808agqc7f\"><img fetchpriority=\"high\" decoding=\"async\" class=\"aligncenter size-full wp-image-8189\" src=\"https:\/\/www.honlufoodtrailer.com\/wp-content\/uploads\/2024\/08\/26ft-galvanized-sheet-food-truck-front-view.jpg\" alt=\"Pamje nga p\u00ebrpara e kamionit t\u00eb ushqimit me flet\u00eb t\u00eb galvanizuar 26 k\u00ebmb\u00eb\" width=\"720\" height=\"540\" srcset=\"https:\/\/www.honlufoodtrailer.com\/wp-content\/uploads\/2024\/08\/26ft-galvanized-sheet-food-truck-front-view.jpg 720w, https:\/\/www.honlufoodtrailer.com\/wp-content\/uploads\/2024\/08\/26ft-galvanized-sheet-food-truck-front-view-480x360.jpg 480w, https:\/\/www.honlufoodtrailer.com\/wp-content\/uploads\/2024\/08\/26ft-galvanized-sheet-food-truck-front-view-300x225.jpg 300w\" sizes=\"(max-width: 720px) 100vw, 720px\" \/><\/p>\n<p>Ngjyra e t\u00eb gjith\u00eb automjetit \u00ebsht\u00eb e zez\u00eb, dhe klient\u00ebt tan\u00eb duan t\u00eb shtojn\u00eb disa fener\u00eb, tabela reklamash dhe zbukurime t\u00eb tjera p\u00ebrreth, k\u00ebshtu q\u00eb ne gjithashtu shtojm\u00eb grepa n\u00eb disa pjes\u00eb p\u00ebr klient\u00ebt p\u00ebr t\u00eb leht\u00ebsuar p\u00ebrdorimin e tyre. Ne gjithashtu p\u00ebrdorim dizajnin rezistent ndaj shiut n\u00eb dritare dhe dyer, t\u00eb gjitha k\u00ebto dizajne t\u00eb vogla jan\u00eb q\u00eb klient\u00ebt t\u00eb ken\u00eb nj\u00eb p\u00ebrvoj\u00eb m\u00eb t\u00eb mir\u00eb.<\/p>\n<p><img decoding=\"async\" class=\"aligncenter size-full wp-image-8188\" src=\"https:\/\/www.honlufoodtrailer.com\/wp-content\/uploads\/2024\/08\/26ft-galvanized-sheet-food-truck-back-view.jpg\" alt=\"26ft galvanized sheet food truck back view\" width=\"720\" height=\"540\" srcset=\"https:\/\/www.honlufoodtrailer.com\/wp-content\/uploads\/2024\/08\/26ft-galvanized-sheet-food-truck-back-view.jpg 720w, https:\/\/www.honlufoodtrailer.com\/wp-content\/uploads\/2024\/08\/26ft-galvanized-sheet-food-truck-back-view-480x360.jpg 480w, https:\/\/www.honlufoodtrailer.com\/wp-content\/uploads\/2024\/08\/26ft-galvanized-sheet-food-truck-back-view-300x225.jpg 300w\" sizes=\"(max-width: 720px) 100vw, 720px\" \/><\/p>\n<h3>On Site Introduction Of This 8m Food Truck<\/h3>\n<p>See the live introduction of this 8m galvanized food truck in our factory.<\/p>\n<p><center><iframe title=\"Luajt\u00ebsi i videove n\u00eb YouTube\" src=\"https:\/\/www.youtube.com\/embed\/loE9HrKkDSc?si=e3Ubov2u640g8O5W\" width=\"800\" height=\"600\" frameborder=\"0\" allowfullscreen=\"allowfullscreen\"><span data-mce-type=\"bookmark\" style=\"display: inline-block; width: 0px; overflow: hidden; line-height: 0;\" class=\"mce_SELRES_start\"><\/span><\/iframe><\/center><\/p>\n<h3>Inner Details of the 8m Galvanized Food Truck<\/h3>\n<p data-spm-anchor-id=\"a2700.wholesale.0.i28.29e52808agqc7f\">Tavolina e pun\u00ebs dhe muri i brendsh\u00ebm brenda karroceris\u00eb s\u00eb makin\u00ebs jan\u00eb t\u00eb gjitha t\u00eb b\u00ebra prej \u00e7eliku inox t\u00eb grad\u00ebs ushqimore. Dhe sipas nevojave t\u00eb klient\u00ebve, \u00ebsht\u00eb e pajisur me frigorifer\u00eb, dollap\u00eb ekspozimi p\u00ebr izolimin e ushqimit, kat\u00ebr lavaman\u00eb t\u00eb personalizuar, soba me gaz, aspirator\u00eb dhe pajisje t\u00eb tjera. Ne do t\u00eb d\u00ebshironim t\u00eb blinim lloje t\u00eb tjera pajisjesh bazuar n\u00eb nevojat e klient\u00ebve.<\/p>\n<p data-spm-anchor-id=\"a2700.wholesale.0.i28.29e52808agqc7f\"><img decoding=\"async\" class=\"aligncenter size-full wp-image-8274\" src=\"https:\/\/www.honlufoodtrailer.com\/wp-content\/uploads\/2024\/08\/26ft-food-trailer-with-bathroom-inner-view.jpg\" alt=\"Rimorkio ushqimore 26 k\u00ebmb\u00ebshe me pamje nga brenda banj\u00ebs\" width=\"720\" height=\"540\" srcset=\"https:\/\/www.honlufoodtrailer.com\/wp-content\/uploads\/2024\/08\/26ft-food-trailer-with-bathroom-inner-view.jpg 720w, https:\/\/www.honlufoodtrailer.com\/wp-content\/uploads\/2024\/08\/26ft-food-trailer-with-bathroom-inner-view-480x360.jpg 480w, https:\/\/www.honlufoodtrailer.com\/wp-content\/uploads\/2024\/08\/26ft-food-trailer-with-bathroom-inner-view-300x225.jpg 300w\" sizes=\"(max-width: 720px) 100vw, 720px\" \/><\/p>\n<p>I gjith\u00eb rimorkioja \u00ebsht\u00eb kompakte dhe e leht\u00eb p\u00ebr t\u2019u p\u00ebrdorur. \u00cbsht\u00eb modeli i preferuar p\u00ebr fillimin e bizneseve t\u00eb ushqimit t\u00eb shpejt\u00eb, porosive t\u00eb blerjeve me shumic\u00eb n\u00eb qendrat tregtare, menaxhimit t\u00eb unifikuar t\u00eb ushqimit t\u00eb shpejt\u00eb n\u00eb rrug\u00eb dhe piknik\u00ebve familjar\u00eb. Mund t\u00eb aplikohet gjithashtu p\u00ebr shitjen e \u00e7do gj\u00ebje, nga hot dog-\u00ebt, operacionet e shitjes me pakic\u00eb, operacionet e luleve, sandui\u00e7\u00ebt, kafeja, akullorja etj. Ne kemi certifikimin CE p\u00ebr t&#039;ju ndihmuar t\u00eb filloni nj\u00eb biznes t\u00eb l\u00ebvizsh\u00ebm.<\/p>\n<p><img loading=\"lazy\" decoding=\"async\" class=\"aligncenter size-full wp-image-8191\" src=\"https:\/\/www.honlufoodtrailer.com\/wp-content\/uploads\/2024\/08\/26ft-galvanized-sheet-food-truck-inner-view.jpg\" alt=\"26ft galvanized sheet food truck inner view\" width=\"800\" height=\"800\" srcset=\"https:\/\/www.honlufoodtrailer.com\/wp-content\/uploads\/2024\/08\/26ft-galvanized-sheet-food-truck-inner-view.jpg 800w, https:\/\/www.honlufoodtrailer.com\/wp-content\/uploads\/2024\/08\/26ft-galvanized-sheet-food-truck-inner-view-768x768.jpg 768w, https:\/\/www.honlufoodtrailer.com\/wp-content\/uploads\/2024\/08\/26ft-galvanized-sheet-food-truck-inner-view-360x360.jpg 360w, https:\/\/www.honlufoodtrailer.com\/wp-content\/uploads\/2024\/08\/26ft-galvanized-sheet-food-truck-inner-view-300x300.jpg 300w, https:\/\/www.honlufoodtrailer.com\/wp-content\/uploads\/2024\/08\/26ft-galvanized-sheet-food-truck-inner-view-720x720.jpg 720w, https:\/\/www.honlufoodtrailer.com\/wp-content\/uploads\/2024\/08\/26ft-galvanized-sheet-food-truck-inner-view-100x100.jpg 100w\" sizes=\"(max-width: 800px) 100vw, 800px\" \/><\/p>\n<h3 class=\"magic-6\" data-spm-anchor-id=\"a2700.wholesale.0.i28.29e52808agqc7f\">Main Features of the 8m Galvanized Food Truck<\/h3>\n<div class=\"magic-7\">\n<div class=\"magic-8\">\n<div class=\"magic-9\" data-id=\"paragraph0\">\n<ol>\n<li>The super-long food truck has a large internal space and can accommodate more equipment to meet the various needs of customers;<\/li>\n<li>Material flet\u00ebsh i galvanizuar me rezistenc\u00eb t\u00eb shk\u00eblqyer ndaj korrozionit dhe rezistenc\u00eb ndaj nxeht\u00ebsis\u00eb;<\/li>\n<li>Pajisje moderne dhe t\u00eb p\u00ebrparuara t\u00eb pajisura n\u00eb kamionin mobil t\u00eb ushqimit;<\/li>\n<li>I p\u00ebrshtatsh\u00ebm dhe i leht\u00eb p\u00ebr t\u2019u l\u00ebvizur;<\/li>\n<li>Jemi t\u00eb lumtur ta modifikojm\u00eb sipas k\u00ebrkesave tuaja.<img loading=\"lazy\" decoding=\"async\" class=\"aligncenter size-full wp-image-8193\" src=\"https:\/\/www.honlufoodtrailer.com\/wp-content\/uploads\/2024\/08\/26ft-galvanized-sheet-food-truck-view.jpg\" alt=\"26ft galvanized sheet food truck view\" width=\"720\" height=\"540\" srcset=\"https:\/\/www.honlufoodtrailer.com\/wp-content\/uploads\/2024\/08\/26ft-galvanized-sheet-food-truck-view.jpg 720w, https:\/\/www.honlufoodtrailer.com\/wp-content\/uploads\/2024\/08\/26ft-galvanized-sheet-food-truck-view-480x360.jpg 480w, https:\/\/www.honlufoodtrailer.com\/wp-content\/uploads\/2024\/08\/26ft-galvanized-sheet-food-truck-view-300x225.jpg 300w\" sizes=\"(max-width: 720px) 100vw, 720px\" \/><\/li>\n<\/ol>\n<h3>More Details of the 8m Galvanized Food Truck<\/h3>\n<p><img loading=\"lazy\" decoding=\"async\" class=\"aligncenter size-full wp-image-8187\" src=\"https:\/\/www.honlufoodtrailer.com\/wp-content\/uploads\/2024\/08\/26ft-galvanized-sheet-food-truck-details.jpg\" alt=\"26ft galvanized sheet food truck details\" width=\"800\" height=\"800\" srcset=\"https:\/\/www.honlufoodtrailer.com\/wp-content\/uploads\/2024\/08\/26ft-galvanized-sheet-food-truck-details.jpg 800w, https:\/\/www.honlufoodtrailer.com\/wp-content\/uploads\/2024\/08\/26ft-galvanized-sheet-food-truck-details-768x768.jpg 768w, https:\/\/www.honlufoodtrailer.com\/wp-content\/uploads\/2024\/08\/26ft-galvanized-sheet-food-truck-details-360x360.jpg 360w, https:\/\/www.honlufoodtrailer.com\/wp-content\/uploads\/2024\/08\/26ft-galvanized-sheet-food-truck-details-300x300.jpg 300w, https:\/\/www.honlufoodtrailer.com\/wp-content\/uploads\/2024\/08\/26ft-galvanized-sheet-food-truck-details-720x720.jpg 720w, https:\/\/www.honlufoodtrailer.com\/wp-content\/uploads\/2024\/08\/26ft-galvanized-sheet-food-truck-details-100x100.jpg 100w\" sizes=\"(max-width: 800px) 100vw, 800px\" \/><\/p>\n<h3>Vizatim falas i planit t\u00eb katit 2D\/3D<\/h3>\n<p>P\u00ebr klient\u00ebt q\u00eb kan\u00eb porositur rimorkio ushqimore nga ne, ne ofrojm\u00eb sh\u00ebrbim falas t\u00eb vizatimit t\u00eb planit 2D\/3D. Pasi t\u00eb konfirmojm\u00eb dimensionet e rimorkios s\u00eb ushqimit dhe pajisjeve t\u00eb brendshme t\u00eb kuzhin\u00ebs, ne mund t&#039;ju ofrojm\u00eb vizatime 3D falas. Kjo do t&#039;ju jap\u00eb nj\u00eb ide m\u00eb t\u00eb qart\u00eb t\u00eb dizajnit tuaj dhe t\u00eb karroc\u00ebs suaj t\u00eb ushqimit. Kur konfirmojm\u00eb vendndodhjen e pajisjeve t\u00eb kuzhin\u00ebs, ne mund t\u00eb komunikojm\u00eb qart\u00eb me ju p\u00ebrmes planit t\u00eb katit. Gjithashtu mund t&#039;ju ofrojm\u00eb dokumente origjinale p\u00ebr t\u00eb leht\u00ebsuar dizajnin tuaj dhe p\u00ebr t\u00eb b\u00ebr\u00eb rregullime.<\/p>\n<\/div>\n<\/div>\n<\/div>","protected":false},"excerpt":{"rendered":"<p>This is one of our custom 26ft food truck, the top of the front and rear is designed with a small arc. Due to the eight-meter-long body, we customized two oversized service windows for our customers. The workbench and inner wall inside the food truck body are all made of food-grade stainless steel. We would like to purchase other types of equipment based on customers&#8217; needs.<\/p>","protected":false},"featured_media":8189,"template":"","meta":{"_themeisle_gutenberg_block_has_review":false},"product_brand":[],"product_cat":[26],"product_tag":[76,33,41,45,38,51],"class_list":{"0":"post-8183","1":"product","2":"type-product","3":"status-publish","4":"has-post-thumbnail","6":"product_cat-product","7":"product_tag-26ft-food-trailer","8":"product_tag-customized-trailer","9":"product_tag-galvanized-trailer","10":"product_tag-large-food-trailer","11":"product_tag-mobile-food-trailer","12":"product_tag-square-food-trailer","14":"first","15":"instock","16":"featured","17":"shipping-taxable","18":"product-type-simple"},"yoast_head":"<!-- This site is optimized with the Yoast SEO plugin v27.5 - https:\/\/yoast.com\/product\/yoast-seo-wordpress\/ -->\n<title>26ft Galvanized Food Truck From China - Honlu Food Trailer<\/title>\n<meta name=\"description\" content=\"Want to start a food trailer business? See this 26ft galvanized food truck we have customized. Tough quality and reasonable price, get its cost now!\" \/>\n<meta name=\"robots\" content=\"index, follow, max-snippet:-1, max-image-preview:large, max-video-preview:-1\" \/>\n<link rel=\"canonical\" href=\"https:\/\/www.honlufoodtrailer.com\/sq\/product\/kamion-ushqimi-i-galvanizuar-26-kembe\/\" \/>\n<meta property=\"og:locale\" content=\"sq_AL\" \/>\n<meta property=\"og:type\" content=\"article\" \/>\n<meta property=\"og:title\" content=\"26ft Galvanized Food Truck From China - Honlu Food Trailer\" \/>\n<meta property=\"og:description\" content=\"Want to start a food trailer business? See this 26ft galvanized food truck we have customized. Tough quality and reasonable price, get its cost now!\" \/>\n<meta property=\"og:url\" content=\"https:\/\/www.honlufoodtrailer.com\/sq\/product\/kamion-ushqimi-i-galvanizuar-26-kembe\/\" \/>\n<meta property=\"og:site_name\" content=\"Honlu food trailer\" \/>\n<meta property=\"article:modified_time\" content=\"2025-02-14T06:19:09+00:00\" \/>\n<meta property=\"og:image\" content=\"https:\/\/www.honlufoodtrailer.com\/wp-content\/uploads\/2024\/08\/26ft-galvanized-sheet-food-truck-front-view.jpg\" \/>\n\t<meta property=\"og:image:width\" content=\"720\" \/>\n\t<meta property=\"og:image:height\" content=\"540\" \/>\n\t<meta property=\"og:image:type\" content=\"image\/jpeg\" \/>\n<meta name=\"twitter:card\" content=\"summary_large_image\" \/>\n<meta name=\"twitter:label1\" content=\"Est. reading time\" \/>\n\t<meta name=\"twitter:data1\" content=\"2 minuta\" \/>\n<script type=\"application\/ld+json\" class=\"yoast-schema-graph\">{\"@context\":\"https:\\\/\\\/schema.org\",\"@graph\":[{\"@type\":\"WebPage\",\"@id\":\"https:\\\/\\\/www.honlufoodtrailer.com\\\/product\\\/26ft-galvanized-food-truck\\\/\",\"url\":\"https:\\\/\\\/www.honlufoodtrailer.com\\\/product\\\/26ft-galvanized-food-truck\\\/\",\"name\":\"26ft Galvanized Food Truck From China - Honlu Food Trailer\",\"isPartOf\":{\"@id\":\"https:\\\/\\\/www.honlufoodtrailer.com\\\/#website\"},\"primaryImageOfPage\":{\"@id\":\"https:\\\/\\\/www.honlufoodtrailer.com\\\/product\\\/26ft-galvanized-food-truck\\\/#primaryimage\"},\"image\":{\"@id\":\"https:\\\/\\\/www.honlufoodtrailer.com\\\/product\\\/26ft-galvanized-food-truck\\\/#primaryimage\"},\"thumbnailUrl\":\"https:\\\/\\\/www.honlufoodtrailer.com\\\/wp-content\\\/uploads\\\/2024\\\/08\\\/26ft-galvanized-sheet-food-truck-front-view.jpg\",\"datePublished\":\"2024-08-09T09:18:31+00:00\",\"dateModified\":\"2025-02-14T06:19:09+00:00\",\"description\":\"Want to start a food trailer business? See this 26ft galvanized food truck we have customized. Tough quality and reasonable price, get its cost now!\",\"breadcrumb\":{\"@id\":\"https:\\\/\\\/www.honlufoodtrailer.com\\\/product\\\/26ft-galvanized-food-truck\\\/#breadcrumb\"},\"inLanguage\":\"sq\",\"potentialAction\":[{\"@type\":\"ReadAction\",\"target\":[\"https:\\\/\\\/www.honlufoodtrailer.com\\\/product\\\/26ft-galvanized-food-truck\\\/\"]}]},{\"@type\":\"ImageObject\",\"inLanguage\":\"sq\",\"@id\":\"https:\\\/\\\/www.honlufoodtrailer.com\\\/product\\\/26ft-galvanized-food-truck\\\/#primaryimage\",\"url\":\"https:\\\/\\\/www.honlufoodtrailer.com\\\/wp-content\\\/uploads\\\/2024\\\/08\\\/26ft-galvanized-sheet-food-truck-front-view.jpg\",\"contentUrl\":\"https:\\\/\\\/www.honlufoodtrailer.com\\\/wp-content\\\/uploads\\\/2024\\\/08\\\/26ft-galvanized-sheet-food-truck-front-view.jpg\",\"width\":720,\"height\":540,\"caption\":\"26ft galvanized sheet food truck front view\"},{\"@type\":\"BreadcrumbList\",\"@id\":\"https:\\\/\\\/www.honlufoodtrailer.com\\\/product\\\/26ft-galvanized-food-truck\\\/#breadcrumb\",\"itemListElement\":[{\"@type\":\"ListItem\",\"position\":1,\"name\":\"Home\",\"item\":\"https:\\\/\\\/www.honlufoodtrailer.com\\\/\"},{\"@type\":\"ListItem\",\"position\":2,\"name\":\"\u4ea7\u54c1\",\"item\":\"https:\\\/\\\/www.honlufoodtrailer.com\\\/shop\\\/\"},{\"@type\":\"ListItem\",\"position\":3,\"name\":\"26ft Galvanized Food Truck\"}]},{\"@type\":\"WebSite\",\"@id\":\"https:\\\/\\\/www.honlufoodtrailer.com\\\/#website\",\"url\":\"https:\\\/\\\/www.honlufoodtrailer.com\\\/\",\"name\":\"Honlu food trailer\",\"description\":\"\",\"publisher\":{\"@id\":\"https:\\\/\\\/www.honlufoodtrailer.com\\\/#organization\"},\"potentialAction\":[{\"@type\":\"SearchAction\",\"target\":{\"@type\":\"EntryPoint\",\"urlTemplate\":\"https:\\\/\\\/www.honlufoodtrailer.com\\\/?s={search_term_string}\"},\"query-input\":{\"@type\":\"PropertyValueSpecification\",\"valueRequired\":true,\"valueName\":\"search_term_string\"}}],\"inLanguage\":\"sq\"},{\"@type\":\"Organization\",\"@id\":\"https:\\\/\\\/www.honlufoodtrailer.com\\\/#organization\",\"name\":\"Honlu food trailer\",\"url\":\"https:\\\/\\\/www.honlufoodtrailer.com\\\/\",\"logo\":{\"@type\":\"ImageObject\",\"inLanguage\":\"sq\",\"@id\":\"https:\\\/\\\/www.honlufoodtrailer.com\\\/#\\\/schema\\\/logo\\\/image\\\/\",\"url\":\"https:\\\/\\\/www.honlufoodtrailer.com\\\/wp-content\\\/uploads\\\/2021\\\/12\\\/2.gif\",\"contentUrl\":\"https:\\\/\\\/www.honlufoodtrailer.com\\\/wp-content\\\/uploads\\\/2021\\\/12\\\/2.gif\",\"width\":350,\"height\":100,\"caption\":\"Honlu food trailer\"},\"image\":{\"@id\":\"https:\\\/\\\/www.honlufoodtrailer.com\\\/#\\\/schema\\\/logo\\\/image\\\/\"}}]}<\/script>\n<!-- \/ Yoast SEO plugin. -->","yoast_head_json":{"title":"26ft Galvanized Food Truck From China - Honlu Food Trailer","description":"Want to start a food trailer business? See this 26ft galvanized food truck we have customized. Tough quality and reasonable price, get its cost now!","robots":{"index":"index","follow":"follow","max-snippet":"max-snippet:-1","max-image-preview":"max-image-preview:large","max-video-preview":"max-video-preview:-1"},"canonical":"https:\/\/www.honlufoodtrailer.com\/sq\/product\/kamion-ushqimi-i-galvanizuar-26-kembe\/","og_locale":"sq_AL","og_type":"article","og_title":"26ft Galvanized Food Truck From China - Honlu Food Trailer","og_description":"Want to start a food trailer business? See this 26ft galvanized food truck we have customized. Tough quality and reasonable price, get its cost now!","og_url":"https:\/\/www.honlufoodtrailer.com\/sq\/product\/kamion-ushqimi-i-galvanizuar-26-kembe\/","og_site_name":"Honlu food trailer","article_modified_time":"2025-02-14T06:19:09+00:00","og_image":[{"width":720,"height":540,"url":"https:\/\/www.honlufoodtrailer.com\/wp-content\/uploads\/2024\/08\/26ft-galvanized-sheet-food-truck-front-view.jpg","type":"image\/jpeg"}],"twitter_card":"summary_large_image","twitter_misc":{"Est. reading time":"2 minuta"},"schema":{"@context":"https:\/\/schema.org","@graph":[{"@type":"WebPage","@id":"https:\/\/www.honlufoodtrailer.com\/product\/26ft-galvanized-food-truck\/","url":"https:\/\/www.honlufoodtrailer.com\/product\/26ft-galvanized-food-truck\/","name":"26ft Galvanized Food Truck From China - Honlu Food Trailer","isPartOf":{"@id":"https:\/\/www.honlufoodtrailer.com\/#website"},"primaryImageOfPage":{"@id":"https:\/\/www.honlufoodtrailer.com\/product\/26ft-galvanized-food-truck\/#primaryimage"},"image":{"@id":"https:\/\/www.honlufoodtrailer.com\/product\/26ft-galvanized-food-truck\/#primaryimage"},"thumbnailUrl":"https:\/\/www.honlufoodtrailer.com\/wp-content\/uploads\/2024\/08\/26ft-galvanized-sheet-food-truck-front-view.jpg","datePublished":"2024-08-09T09:18:31+00:00","dateModified":"2025-02-14T06:19:09+00:00","description":"Want to start a food trailer business? See this 26ft galvanized food truck we have customized. Tough quality and reasonable price, get its cost now!","breadcrumb":{"@id":"https:\/\/www.honlufoodtrailer.com\/product\/26ft-galvanized-food-truck\/#breadcrumb"},"inLanguage":"sq","potentialAction":[{"@type":"ReadAction","target":["https:\/\/www.honlufoodtrailer.com\/product\/26ft-galvanized-food-truck\/"]}]},{"@type":"ImageObject","inLanguage":"sq","@id":"https:\/\/www.honlufoodtrailer.com\/product\/26ft-galvanized-food-truck\/#primaryimage","url":"https:\/\/www.honlufoodtrailer.com\/wp-content\/uploads\/2024\/08\/26ft-galvanized-sheet-food-truck-front-view.jpg","contentUrl":"https:\/\/www.honlufoodtrailer.com\/wp-content\/uploads\/2024\/08\/26ft-galvanized-sheet-food-truck-front-view.jpg","width":720,"height":540,"caption":"26ft galvanized sheet food truck front view"},{"@type":"BreadcrumbList","@id":"https:\/\/www.honlufoodtrailer.com\/product\/26ft-galvanized-food-truck\/#breadcrumb","itemListElement":[{"@type":"ListItem","position":1,"name":"Home","item":"https:\/\/www.honlufoodtrailer.com\/"},{"@type":"ListItem","position":2,"name":"\u4ea7\u54c1","item":"https:\/\/www.honlufoodtrailer.com\/shop\/"},{"@type":"ListItem","position":3,"name":"26ft Galvanized Food Truck"}]},{"@type":"WebSite","@id":"https:\/\/www.honlufoodtrailer.com\/#website","url":"https:\/\/www.honlufoodtrailer.com\/","name":"Rimorkio ushqimore n\u00eb Honlu","description":"","publisher":{"@id":"https:\/\/www.honlufoodtrailer.com\/#organization"},"potentialAction":[{"@type":"SearchAction","target":{"@type":"EntryPoint","urlTemplate":"https:\/\/www.honlufoodtrailer.com\/?s={search_term_string}"},"query-input":{"@type":"PropertyValueSpecification","valueRequired":true,"valueName":"search_term_string"}}],"inLanguage":"sq"},{"@type":"Organization","@id":"https:\/\/www.honlufoodtrailer.com\/#organization","name":"Rimorkio ushqimore n\u00eb Honlu","url":"https:\/\/www.honlufoodtrailer.com\/","logo":{"@type":"ImageObject","inLanguage":"sq","@id":"https:\/\/www.honlufoodtrailer.com\/#\/schema\/logo\/image\/","url":"https:\/\/www.honlufoodtrailer.com\/wp-content\/uploads\/2021\/12\/2.gif","contentUrl":"https:\/\/www.honlufoodtrailer.com\/wp-content\/uploads\/2021\/12\/2.gif","width":350,"height":100,"caption":"Honlu food trailer"},"image":{"@id":"https:\/\/www.honlufoodtrailer.com\/#\/schema\/logo\/image\/"}}]}},"_links":{"self":[{"href":"https:\/\/www.honlufoodtrailer.com\/sq\/wp-json\/wp\/v2\/product\/8183","targetHints":{"allow":["GET"]}}],"collection":[{"href":"https:\/\/www.honlufoodtrailer.com\/sq\/wp-json\/wp\/v2\/product"}],"about":[{"href":"https:\/\/www.honlufoodtrailer.com\/sq\/wp-json\/wp\/v2\/types\/product"}],"version-history":[{"count":0,"href":"https:\/\/www.honlufoodtrailer.com\/sq\/wp-json\/wp\/v2\/product\/8183\/revisions"}],"wp:featuredmedia":[{"embeddable":true,"href":"https:\/\/www.honlufoodtrailer.com\/sq\/wp-json\/wp\/v2\/media\/8189"}],"wp:attachment":[{"href":"https:\/\/www.honlufoodtrailer.com\/sq\/wp-json\/wp\/v2\/media?parent=8183"}],"wp:term":[{"taxonomy":"product_brand","embeddable":true,"href":"https:\/\/www.honlufoodtrailer.com\/sq\/wp-json\/wp\/v2\/product_brand?post=8183"},{"taxonomy":"product_cat","embeddable":true,"href":"https:\/\/www.honlufoodtrailer.com\/sq\/wp-json\/wp\/v2\/product_cat?post=8183"},{"taxonomy":"product_tag","embeddable":true,"href":"https:\/\/www.honlufoodtrailer.com\/sq\/wp-json\/wp\/v2\/product_tag?post=8183"}],"curies":[{"name":"wp","href":"https:\/\/api.w.org\/{rel}","templated":true}]}}