{"id":8232,"date":"2024-08-21T17:39:29","date_gmt":"2024-08-21T09:39:29","guid":{"rendered":"https:\/\/www.honlufoodtrailer.com\/?post_type=product&#038;p=8232"},"modified":"2025-02-14T14:15:20","modified_gmt":"2025-02-14T06:15:20","slug":"customized-32ft-food-truck","status":"publish","type":"product","link":"https:\/\/www.honlufoodtrailer.com\/sq\/product\/customized-32ft-food-truck\/","title":{"rendered":"Kamion ushqimi 32ft i personalizuar"},"content":{"rendered":"<p>A po k\u00ebrkoni nj\u00eb kamion t\u00eb madh ushqimi p\u00ebr biznesin tuaj t\u00eb rimorkios mobile t\u00eb ushqimit? Shiheni k\u00ebt\u00eb k\u00ebtu! M\u00eb posht\u00eb \u00ebsht\u00eb nj\u00eb kamion ushqimi 32 metra i personalizuar. Ne e kemi personalizuar at\u00eb p\u00ebr nj\u00eb klient nga Amerika. I gjith\u00eb automjeti p\u00ebrdor \u00e7elik inox dhe flet\u00eb \u00e7eliku t\u00eb galvanizuar. P\u00ebr m\u00eb tep\u00ebr, ballkoni ka dritare n\u00eb tre an\u00ebt, duke ofruar nj\u00eb pamje t\u00eb gjer\u00eb dhe t\u00eb ndritshme. Tani, le t\u00eb shohim disa fotografi t\u00eb k\u00ebtij kamioni ushqimi!<br \/>\n<img fetchpriority=\"high\" decoding=\"async\" class=\"aligncenter size-full wp-image-8234\" src=\"https:\/\/www.honlufoodtrailer.com\/wp-content\/uploads\/2024\/08\/10m-food-truck-front-view.jpg\" alt=\"Pamje nga p\u00ebrpara e kamionit t\u00eb ushqimit 10 m\" width=\"720\" height=\"540\" srcset=\"https:\/\/www.honlufoodtrailer.com\/wp-content\/uploads\/2024\/08\/10m-food-truck-front-view.jpg 720w, https:\/\/www.honlufoodtrailer.com\/wp-content\/uploads\/2024\/08\/10m-food-truck-front-view-480x360.jpg 480w, https:\/\/www.honlufoodtrailer.com\/wp-content\/uploads\/2024\/08\/10m-food-truck-front-view-300x225.jpg 300w\" sizes=\"(max-width: 720px) 100vw, 720px\" \/> <img decoding=\"async\" class=\"aligncenter size-full wp-image-8233\" src=\"https:\/\/www.honlufoodtrailer.com\/wp-content\/uploads\/2024\/08\/10m-food-truck-for-sale.jpg\" alt=\"Kamion ushqimi 10 metra n\u00eb shitje\" width=\"720\" height=\"540\" srcset=\"https:\/\/www.honlufoodtrailer.com\/wp-content\/uploads\/2024\/08\/10m-food-truck-for-sale.jpg 720w, https:\/\/www.honlufoodtrailer.com\/wp-content\/uploads\/2024\/08\/10m-food-truck-for-sale-480x360.jpg 480w, https:\/\/www.honlufoodtrailer.com\/wp-content\/uploads\/2024\/08\/10m-food-truck-for-sale-300x225.jpg 300w\" sizes=\"(max-width: 720px) 100vw, 720px\" \/><br \/>\nSi\u00e7 mund ta shohim nga fotografit\u00eb m\u00eb sip\u00ebr, ky kamion ushqimi \u00ebsht\u00eb shum\u00eb i madh. Mund t&#039;i sh\u00ebrbej\u00eb nj\u00eb numri t\u00eb madh njer\u00ebzish. Meqen\u00ebse \u00ebsht\u00eb nj\u00eb kamion ushqimi 10 metra i gjat\u00eb, ne e pajis\u00ebm at\u00eb me tre boshte, t\u00eb cilat jan\u00eb t\u00eb forta dhe t\u00eb q\u00ebndrueshme. N\u00eb pjes\u00ebn e jashtme t\u00eb kamionit t\u00eb ushqimit, instaluam drit\u00eb t\u00eb pasme, furnizim me energji t\u00eb jashtme etj., q\u00eb p\u00ebrmbushin standardet amerikane. N\u00eb pjes\u00ebn e p\u00ebrparme dhe t\u00eb pasme t\u00eb karroceris\u00eb s\u00eb makin\u00ebs, b\u00ebm\u00eb afishe sipas k\u00ebrkesave t\u00eb klientit. M\u00eb pas, le t\u00eb shohim p\u00ebrdorimin dhe detajet e brendshme t\u00eb k\u00ebtij kamioni ushqimi 32 metra.<\/p>\n<h3>P\u00ebrdorimi i k\u00ebtij kamioni ushqimor 32ft<\/h3>\n<p>Kamioni i ushqimit ndodhet n\u00eb ferm\u00ebn e klientit dhe ofron sh\u00ebrbime ushqimi dhe arg\u00ebtimi p\u00ebr pun\u00ebtor\u00ebt migrant\u00eb. Ballkoni ka dritare n\u00eb tre an\u00ebt, duke ofruar nj\u00eb pamje t\u00eb gjer\u00eb dhe t\u00eb ndritshme. Nj\u00eb frigorifer pijesh me dy dyer \u00ebsht\u00eb vendosur n\u00eb korridorin e ballkonit n\u00eb pjes\u00ebn e pasme q\u00eb njer\u00ebzit ta marrin me vete.<\/p>\n<h3>Struktura e brendshme e k\u00ebtij kamioni ushqimor 32ft<\/h3>\n<p>Si\u00e7 mund ta shohim nga fotografit\u00eb m\u00eb posht\u00eb, ne instalojm\u00eb kryesisht tre lavaman\u00eb, dy tavolina pune t\u00eb gjata prej \u00e7eliku inox me hap\u00ebsir\u00eb p\u00ebr depozitim, disa rubinete uji, nj\u00eb tigan me gaz, nj\u00eb pllak\u00eb gazi, nj\u00eb sob\u00eb me gaz me 4 flak\u00eb dhe furr\u00eb, nj\u00eb banj\u00eb me gaz, nj\u00eb frigorifer p\u00ebr sallata, nj\u00eb frigorifer p\u00ebr pije etj.<\/p>\n<p><img decoding=\"async\" class=\"aligncenter size-full wp-image-8238\" src=\"https:\/\/www.honlufoodtrailer.com\/wp-content\/uploads\/2024\/08\/32ft-food-truck-inner-view.jpg\" alt=\"Pamje nga brenda e kamionit t\u00eb ushqimit 32 k\u00ebmb\u00eb\" width=\"720\" height=\"540\" srcset=\"https:\/\/www.honlufoodtrailer.com\/wp-content\/uploads\/2024\/08\/32ft-food-truck-inner-view.jpg 720w, https:\/\/www.honlufoodtrailer.com\/wp-content\/uploads\/2024\/08\/32ft-food-truck-inner-view-480x360.jpg 480w, https:\/\/www.honlufoodtrailer.com\/wp-content\/uploads\/2024\/08\/32ft-food-truck-inner-view-300x225.jpg 300w\" sizes=\"(max-width: 720px) 100vw, 720px\" \/><img loading=\"lazy\" decoding=\"async\" class=\"aligncenter size-full wp-image-8243\" src=\"https:\/\/www.honlufoodtrailer.com\/wp-content\/uploads\/2024\/08\/32ft-food-truck-inner-parts.jpg\" alt=\"Pjes\u00ebt e brendshme t\u00eb kamionit t\u00eb ushqimit 32ft\" width=\"800\" height=\"800\" srcset=\"https:\/\/www.honlufoodtrailer.com\/wp-content\/uploads\/2024\/08\/32ft-food-truck-inner-parts.jpg 800w, https:\/\/www.honlufoodtrailer.com\/wp-content\/uploads\/2024\/08\/32ft-food-truck-inner-parts-768x768.jpg 768w, https:\/\/www.honlufoodtrailer.com\/wp-content\/uploads\/2024\/08\/32ft-food-truck-inner-parts-360x360.jpg 360w, https:\/\/www.honlufoodtrailer.com\/wp-content\/uploads\/2024\/08\/32ft-food-truck-inner-parts-300x300.jpg 300w, https:\/\/www.honlufoodtrailer.com\/wp-content\/uploads\/2024\/08\/32ft-food-truck-inner-parts-720x720.jpg 720w, https:\/\/www.honlufoodtrailer.com\/wp-content\/uploads\/2024\/08\/32ft-food-truck-inner-parts-100x100.jpg 100w\" sizes=\"(max-width: 800px) 100vw, 800px\" \/><\/p>\n<h3>M\u00eb shum\u00eb detaje:<\/h3>\n<p><img loading=\"lazy\" decoding=\"async\" class=\"aligncenter size-full wp-image-8242\" src=\"https:\/\/www.honlufoodtrailer.com\/wp-content\/uploads\/2024\/08\/32ft-food-truck-details.jpg\" alt=\"Detajet e kamionit t\u00eb ushqimit 32ft\" width=\"800\" height=\"800\" srcset=\"https:\/\/www.honlufoodtrailer.com\/wp-content\/uploads\/2024\/08\/32ft-food-truck-details.jpg 800w, https:\/\/www.honlufoodtrailer.com\/wp-content\/uploads\/2024\/08\/32ft-food-truck-details-768x768.jpg 768w, https:\/\/www.honlufoodtrailer.com\/wp-content\/uploads\/2024\/08\/32ft-food-truck-details-360x360.jpg 360w, https:\/\/www.honlufoodtrailer.com\/wp-content\/uploads\/2024\/08\/32ft-food-truck-details-300x300.jpg 300w, https:\/\/www.honlufoodtrailer.com\/wp-content\/uploads\/2024\/08\/32ft-food-truck-details-720x720.jpg 720w, https:\/\/www.honlufoodtrailer.com\/wp-content\/uploads\/2024\/08\/32ft-food-truck-details-100x100.jpg 100w\" sizes=\"(max-width: 800px) 100vw, 800px\" \/><\/p>\n<h3 class=\"magic-6\" data-spm-anchor-id=\"a2700.wholesale.0.i28.29e52808agqc7f\">Karakteristikat kryesore t\u00eb kamionit t\u00eb ushqimit<\/h3>\n<div class=\"magic-7\">\n<div class=\"magic-8\">\n<div class=\"magic-9\" data-id=\"paragraph0\">\n<ol>\n<li>Kabinat e tualeteve jan\u00eb t\u00eb ventiluara dhe kan\u00eb sisteme t\u00eb plota kullimi;<\/li>\n<li>Pajisjet e kuzhin\u00ebs dhe pajisjet e ftohjes jan\u00eb n\u00eb nj\u00ebr\u00ebn an\u00eb, duke l\u00ebn\u00eb shum\u00eb hap\u00ebsir\u00eb operacioni n\u00eb an\u00ebn tjet\u00ebr, dhe korridori \u00ebsht\u00eb i gjer\u00eb dhe i ndritsh\u00ebm;<\/li>\n<li>Ballkoni ka dritare n\u00eb tre an\u00ebt, duke ofruar nj\u00eb pamje t\u00eb gjer\u00eb dhe t\u00eb ndritshme;<\/li>\n<\/ol>\n<h3>Vizatim falas i planit t\u00eb katit 2D\/3D<\/h3>\n<p>Pasi t\u00eb konfirmojm\u00eb dimensionet e rimorkios s\u00eb ushqimit dhe pajisjeve t\u00eb brendshme t\u00eb kuzhin\u00ebs, ne mund t&#039;ju ofrojm\u00eb vizatime 3D falas. Kjo do t&#039;ju jap\u00eb nj\u00eb ide m\u00eb t\u00eb qart\u00eb t\u00eb dizajnit tuaj dhe t\u00eb karroc\u00ebs suaj t\u00eb ushqimit. Kur konfirmojm\u00eb vendndodhjen e pajisjeve t\u00eb kuzhin\u00ebs, ne mund t\u00eb komunikojm\u00eb qart\u00eb me ju p\u00ebrmes planit t\u00eb katit. Gjithashtu mund t&#039;ju ofrojm\u00eb dokumente origjinale p\u00ebr t\u00eb leht\u00ebsuar dizajnin tuaj dhe p\u00ebr t\u00eb b\u00ebr\u00eb rregullime.<\/p>\n<\/div>\n<\/div>\n<\/div>","protected":false},"excerpt":{"rendered":"<p data-spm-anchor-id=\"a2700.wholesale.0.i28.29e52808agqc7f\">Ky \u00ebsht\u00eb nj\u00eb kamion ushqimi 32 k\u00ebmb\u00ebsh i personalizuar. I gjith\u00eb automjeti p\u00ebrdor \u00e7elik inox dhe flet\u00eb \u00e7eliku t\u00eb galvanizuar. Mund t\u00eb p\u00ebrdoret p\u00ebr t\u00eb shitur ushqim t\u00eb shpejt\u00eb dhe pije etj. Ne mund t\u00eb prodhojm\u00eb nj\u00eb rimorkio ushqimore t\u00eb ngjashme si kjo, ose t\u00eb personalizojm\u00eb nj\u00eb p\u00ebr ju. Madh\u00ebsia, ngjyra e karroceris\u00eb, ngjit\u00ebset, tabelat, pajisjet e kuzhin\u00ebs s\u00eb rimorkios s\u00eb ushqimit mund t\u00eb personalizohen. Plus, t\u00eb gjith\u00eb aksesor\u00ebt do t\u00eb plot\u00ebsojn\u00eb k\u00ebrkesat e klient\u00ebve. Vet\u00ebm mos hezitoni t\u00eb na kontaktoni dhe t\u00eb na tregoni k\u00ebrkesat tuaja t\u00eb detajuara!<\/p>","protected":false},"featured_media":8234,"template":"","meta":{"_themeisle_gutenberg_block_has_review":false},"product_brand":[],"product_cat":[26],"product_tag":[102,33,45,38,51],"class_list":{"0":"post-8232","1":"product","2":"type-product","3":"status-publish","4":"has-post-thumbnail","6":"product_cat-product","7":"product_tag-32ft-food-trailer","8":"product_tag-customized-trailer","9":"product_tag-large-food-trailer","10":"product_tag-mobile-food-trailer","11":"product_tag-square-food-trailer","13":"first","14":"instock","15":"shipping-taxable","16":"product-type-simple"},"yoast_head":"<!-- This site is optimized with the Yoast SEO plugin v27.5 - https:\/\/yoast.com\/product\/yoast-seo-wordpress\/ -->\n<title>Customized 32ft Food Truck Fom China Factory - Honlu Food Trailer<\/title>\n<meta name=\"description\" content=\"This is a customized 32ft food truck. High quality and appealing appearance, get its price here direct from China factory!\" \/>\n<meta name=\"robots\" content=\"index, follow, max-snippet:-1, max-image-preview:large, max-video-preview:-1\" \/>\n<link rel=\"canonical\" href=\"https:\/\/www.honlufoodtrailer.com\/sq\/product\/customized-32ft-food-truck\/\" \/>\n<meta property=\"og:locale\" content=\"sq_AL\" \/>\n<meta property=\"og:type\" content=\"article\" \/>\n<meta property=\"og:title\" content=\"Customized 32ft Food Truck Fom China Factory - Honlu Food Trailer\" \/>\n<meta property=\"og:description\" content=\"This is a customized 32ft food truck. High quality and appealing appearance, get its price here direct from China factory!\" \/>\n<meta property=\"og:url\" content=\"https:\/\/www.honlufoodtrailer.com\/sq\/product\/customized-32ft-food-truck\/\" \/>\n<meta property=\"og:site_name\" content=\"Honlu food trailer\" \/>\n<meta property=\"article:modified_time\" content=\"2025-02-14T06:15:20+00:00\" \/>\n<meta property=\"og:image\" content=\"https:\/\/www.honlufoodtrailer.com\/wp-content\/uploads\/2024\/08\/10m-food-truck-front-view.jpg\" \/>\n\t<meta property=\"og:image:width\" content=\"720\" \/>\n\t<meta property=\"og:image:height\" content=\"540\" \/>\n\t<meta property=\"og:image:type\" content=\"image\/jpeg\" \/>\n<meta name=\"twitter:card\" content=\"summary_large_image\" \/>\n<meta name=\"twitter:label1\" content=\"Est. reading time\" \/>\n\t<meta name=\"twitter:data1\" content=\"2 minuta\" \/>\n<script type=\"application\/ld+json\" class=\"yoast-schema-graph\">{\"@context\":\"https:\\\/\\\/schema.org\",\"@graph\":[{\"@type\":\"WebPage\",\"@id\":\"https:\\\/\\\/www.honlufoodtrailer.com\\\/product\\\/customized-32ft-food-truck\\\/\",\"url\":\"https:\\\/\\\/www.honlufoodtrailer.com\\\/product\\\/customized-32ft-food-truck\\\/\",\"name\":\"Customized 32ft Food Truck Fom China Factory - Honlu Food Trailer\",\"isPartOf\":{\"@id\":\"https:\\\/\\\/www.honlufoodtrailer.com\\\/#website\"},\"primaryImageOfPage\":{\"@id\":\"https:\\\/\\\/www.honlufoodtrailer.com\\\/product\\\/customized-32ft-food-truck\\\/#primaryimage\"},\"image\":{\"@id\":\"https:\\\/\\\/www.honlufoodtrailer.com\\\/product\\\/customized-32ft-food-truck\\\/#primaryimage\"},\"thumbnailUrl\":\"https:\\\/\\\/www.honlufoodtrailer.com\\\/wp-content\\\/uploads\\\/2024\\\/08\\\/10m-food-truck-front-view.jpg\",\"datePublished\":\"2024-08-21T09:39:29+00:00\",\"dateModified\":\"2025-02-14T06:15:20+00:00\",\"description\":\"This is a customized 32ft food truck. High quality and appealing appearance, get its price here direct from China factory!\",\"breadcrumb\":{\"@id\":\"https:\\\/\\\/www.honlufoodtrailer.com\\\/product\\\/customized-32ft-food-truck\\\/#breadcrumb\"},\"inLanguage\":\"sq\",\"potentialAction\":[{\"@type\":\"ReadAction\",\"target\":[\"https:\\\/\\\/www.honlufoodtrailer.com\\\/product\\\/customized-32ft-food-truck\\\/\"]}]},{\"@type\":\"ImageObject\",\"inLanguage\":\"sq\",\"@id\":\"https:\\\/\\\/www.honlufoodtrailer.com\\\/product\\\/customized-32ft-food-truck\\\/#primaryimage\",\"url\":\"https:\\\/\\\/www.honlufoodtrailer.com\\\/wp-content\\\/uploads\\\/2024\\\/08\\\/10m-food-truck-front-view.jpg\",\"contentUrl\":\"https:\\\/\\\/www.honlufoodtrailer.com\\\/wp-content\\\/uploads\\\/2024\\\/08\\\/10m-food-truck-front-view.jpg\",\"width\":720,\"height\":540,\"caption\":\"10m food truck front view\"},{\"@type\":\"BreadcrumbList\",\"@id\":\"https:\\\/\\\/www.honlufoodtrailer.com\\\/product\\\/customized-32ft-food-truck\\\/#breadcrumb\",\"itemListElement\":[{\"@type\":\"ListItem\",\"position\":1,\"name\":\"Home\",\"item\":\"https:\\\/\\\/www.honlufoodtrailer.com\\\/\"},{\"@type\":\"ListItem\",\"position\":2,\"name\":\"\u4ea7\u54c1\",\"item\":\"https:\\\/\\\/www.honlufoodtrailer.com\\\/shop\\\/\"},{\"@type\":\"ListItem\",\"position\":3,\"name\":\"Customized 32ft Food Truck\"}]},{\"@type\":\"WebSite\",\"@id\":\"https:\\\/\\\/www.honlufoodtrailer.com\\\/#website\",\"url\":\"https:\\\/\\\/www.honlufoodtrailer.com\\\/\",\"name\":\"Honlu food trailer\",\"description\":\"\",\"publisher\":{\"@id\":\"https:\\\/\\\/www.honlufoodtrailer.com\\\/#organization\"},\"potentialAction\":[{\"@type\":\"SearchAction\",\"target\":{\"@type\":\"EntryPoint\",\"urlTemplate\":\"https:\\\/\\\/www.honlufoodtrailer.com\\\/?s={search_term_string}\"},\"query-input\":{\"@type\":\"PropertyValueSpecification\",\"valueRequired\":true,\"valueName\":\"search_term_string\"}}],\"inLanguage\":\"sq\"},{\"@type\":\"Organization\",\"@id\":\"https:\\\/\\\/www.honlufoodtrailer.com\\\/#organization\",\"name\":\"Honlu food trailer\",\"url\":\"https:\\\/\\\/www.honlufoodtrailer.com\\\/\",\"logo\":{\"@type\":\"ImageObject\",\"inLanguage\":\"sq\",\"@id\":\"https:\\\/\\\/www.honlufoodtrailer.com\\\/#\\\/schema\\\/logo\\\/image\\\/\",\"url\":\"https:\\\/\\\/www.honlufoodtrailer.com\\\/wp-content\\\/uploads\\\/2021\\\/12\\\/2.gif\",\"contentUrl\":\"https:\\\/\\\/www.honlufoodtrailer.com\\\/wp-content\\\/uploads\\\/2021\\\/12\\\/2.gif\",\"width\":350,\"height\":100,\"caption\":\"Honlu food trailer\"},\"image\":{\"@id\":\"https:\\\/\\\/www.honlufoodtrailer.com\\\/#\\\/schema\\\/logo\\\/image\\\/\"}}]}<\/script>\n<!-- \/ Yoast SEO plugin. -->","yoast_head_json":{"title":"Kamion ushqimor i personalizuar 32ft nga fabrika e Kin\u00ebs - Rimorkio ushqimore Honlu","description":"Ky \u00ebsht\u00eb nj\u00eb kamion ushqimi 32 k\u00ebmb\u00ebsh i personalizuar. Cil\u00ebsi e lart\u00eb dhe pamje t\u00ebrheq\u00ebse, merrni \u00e7mimin e tij k\u00ebtu direkt nga fabrika n\u00eb Kin\u00eb!","robots":{"index":"index","follow":"follow","max-snippet":"max-snippet:-1","max-image-preview":"max-image-preview:large","max-video-preview":"max-video-preview:-1"},"canonical":"https:\/\/www.honlufoodtrailer.com\/sq\/product\/customized-32ft-food-truck\/","og_locale":"sq_AL","og_type":"article","og_title":"Customized 32ft Food Truck Fom China Factory - Honlu Food Trailer","og_description":"This is a customized 32ft food truck. High quality and appealing appearance, get its price here direct from China factory!","og_url":"https:\/\/www.honlufoodtrailer.com\/sq\/product\/customized-32ft-food-truck\/","og_site_name":"Honlu food trailer","article_modified_time":"2025-02-14T06:15:20+00:00","og_image":[{"width":720,"height":540,"url":"https:\/\/www.honlufoodtrailer.com\/wp-content\/uploads\/2024\/08\/10m-food-truck-front-view.jpg","type":"image\/jpeg"}],"twitter_card":"summary_large_image","twitter_misc":{"Est. reading time":"2 minuta"},"schema":{"@context":"https:\/\/schema.org","@graph":[{"@type":"WebPage","@id":"https:\/\/www.honlufoodtrailer.com\/product\/customized-32ft-food-truck\/","url":"https:\/\/www.honlufoodtrailer.com\/product\/customized-32ft-food-truck\/","name":"Kamion ushqimor i personalizuar 32ft nga fabrika e Kin\u00ebs - Rimorkio ushqimore Honlu","isPartOf":{"@id":"https:\/\/www.honlufoodtrailer.com\/#website"},"primaryImageOfPage":{"@id":"https:\/\/www.honlufoodtrailer.com\/product\/customized-32ft-food-truck\/#primaryimage"},"image":{"@id":"https:\/\/www.honlufoodtrailer.com\/product\/customized-32ft-food-truck\/#primaryimage"},"thumbnailUrl":"https:\/\/www.honlufoodtrailer.com\/wp-content\/uploads\/2024\/08\/10m-food-truck-front-view.jpg","datePublished":"2024-08-21T09:39:29+00:00","dateModified":"2025-02-14T06:15:20+00:00","description":"Ky \u00ebsht\u00eb nj\u00eb kamion ushqimi 32 k\u00ebmb\u00ebsh i personalizuar. Cil\u00ebsi e lart\u00eb dhe pamje t\u00ebrheq\u00ebse, merrni \u00e7mimin e tij k\u00ebtu direkt nga fabrika n\u00eb Kin\u00eb!","breadcrumb":{"@id":"https:\/\/www.honlufoodtrailer.com\/product\/customized-32ft-food-truck\/#breadcrumb"},"inLanguage":"sq","potentialAction":[{"@type":"ReadAction","target":["https:\/\/www.honlufoodtrailer.com\/product\/customized-32ft-food-truck\/"]}]},{"@type":"ImageObject","inLanguage":"sq","@id":"https:\/\/www.honlufoodtrailer.com\/product\/customized-32ft-food-truck\/#primaryimage","url":"https:\/\/www.honlufoodtrailer.com\/wp-content\/uploads\/2024\/08\/10m-food-truck-front-view.jpg","contentUrl":"https:\/\/www.honlufoodtrailer.com\/wp-content\/uploads\/2024\/08\/10m-food-truck-front-view.jpg","width":720,"height":540,"caption":"10m food truck front view"},{"@type":"BreadcrumbList","@id":"https:\/\/www.honlufoodtrailer.com\/product\/customized-32ft-food-truck\/#breadcrumb","itemListElement":[{"@type":"ListItem","position":1,"name":"Home","item":"https:\/\/www.honlufoodtrailer.com\/"},{"@type":"ListItem","position":2,"name":"\u4ea7\u54c1","item":"https:\/\/www.honlufoodtrailer.com\/shop\/"},{"@type":"ListItem","position":3,"name":"Customized 32ft Food Truck"}]},{"@type":"WebSite","@id":"https:\/\/www.honlufoodtrailer.com\/#website","url":"https:\/\/www.honlufoodtrailer.com\/","name":"Rimorkio ushqimore n\u00eb Honlu","description":"","publisher":{"@id":"https:\/\/www.honlufoodtrailer.com\/#organization"},"potentialAction":[{"@type":"SearchAction","target":{"@type":"EntryPoint","urlTemplate":"https:\/\/www.honlufoodtrailer.com\/?s={search_term_string}"},"query-input":{"@type":"PropertyValueSpecification","valueRequired":true,"valueName":"search_term_string"}}],"inLanguage":"sq"},{"@type":"Organization","@id":"https:\/\/www.honlufoodtrailer.com\/#organization","name":"Rimorkio ushqimore n\u00eb Honlu","url":"https:\/\/www.honlufoodtrailer.com\/","logo":{"@type":"ImageObject","inLanguage":"sq","@id":"https:\/\/www.honlufoodtrailer.com\/#\/schema\/logo\/image\/","url":"https:\/\/www.honlufoodtrailer.com\/wp-content\/uploads\/2021\/12\/2.gif","contentUrl":"https:\/\/www.honlufoodtrailer.com\/wp-content\/uploads\/2021\/12\/2.gif","width":350,"height":100,"caption":"Honlu food trailer"},"image":{"@id":"https:\/\/www.honlufoodtrailer.com\/#\/schema\/logo\/image\/"}}]}},"_links":{"self":[{"href":"https:\/\/www.honlufoodtrailer.com\/sq\/wp-json\/wp\/v2\/product\/8232","targetHints":{"allow":["GET"]}}],"collection":[{"href":"https:\/\/www.honlufoodtrailer.com\/sq\/wp-json\/wp\/v2\/product"}],"about":[{"href":"https:\/\/www.honlufoodtrailer.com\/sq\/wp-json\/wp\/v2\/types\/product"}],"version-history":[{"count":0,"href":"https:\/\/www.honlufoodtrailer.com\/sq\/wp-json\/wp\/v2\/product\/8232\/revisions"}],"wp:featuredmedia":[{"embeddable":true,"href":"https:\/\/www.honlufoodtrailer.com\/sq\/wp-json\/wp\/v2\/media\/8234"}],"wp:attachment":[{"href":"https:\/\/www.honlufoodtrailer.com\/sq\/wp-json\/wp\/v2\/media?parent=8232"}],"wp:term":[{"taxonomy":"product_brand","embeddable":true,"href":"https:\/\/www.honlufoodtrailer.com\/sq\/wp-json\/wp\/v2\/product_brand?post=8232"},{"taxonomy":"product_cat","embeddable":true,"href":"https:\/\/www.honlufoodtrailer.com\/sq\/wp-json\/wp\/v2\/product_cat?post=8232"},{"taxonomy":"product_tag","embeddable":true,"href":"https:\/\/www.honlufoodtrailer.com\/sq\/wp-json\/wp\/v2\/product_tag?post=8232"}],"curies":[{"name":"wp","href":"https:\/\/api.w.org\/{rel}","templated":true}]}}