{"id":8268,"date":"2024-08-27T14:25:12","date_gmt":"2024-08-27T06:25:12","guid":{"rendered":"https:\/\/www.honlufoodtrailer.com\/?post_type=product&#038;p=8268"},"modified":"2025-02-14T14:10:20","modified_gmt":"2025-02-14T06:10:20","slug":"rimorkio-ushqimore-26ft-me-banjo-dhe-tualet","status":"publish","type":"product","link":"https:\/\/www.honlufoodtrailer.com\/sq\/product\/26ft-food-trailer-with-bathroom-and-toilet\/","title":{"rendered":"Rimorkio ushqimore 26ft me banjo dhe tualet"},"content":{"rendered":"<p>A po k\u00ebrkoni nj\u00eb rimorkio ushqimore me banjo? Shikoni k\u00ebtu! M\u00eb posht\u00eb \u00ebsht\u00eb nj\u00eb rimorkio ushqimore 26 metra me banjo, tualet dhe dhom\u00eb gjumi. Kjo rimorkio ushqimore jo vet\u00ebm q\u00eb mund t\u00eb p\u00ebrdoret p\u00ebr t\u00eb shitur ushqim, por ka edhe nj\u00eb sall\u00eb pritjeje. Kur jeni t\u00eb lodhur nga puna, ose kur nuk ka klient\u00eb, ose nat\u00ebn, mund t\u00eb shkoni n\u00eb sall\u00ebn e pritjes dhe t\u00eb shtriheni n\u00eb shtrat p\u00ebr t\u00eb pushuar! P\u00ebrve\u00e7 k\u00ebsaj, rimorkioja ushqimore \u00ebsht\u00eb e pajisur me nj\u00eb tualet dhe nj\u00eb dush. N\u00eb ver\u00ebn e nxeht\u00eb ose kur jeni duke b\u00ebr\u00eb pushim, mund t\u00eb shijoni nj\u00eb banj\u00eb p\u00ebr t\u00eb larguar lodhjen e pun\u00ebs. Sipas k\u00ebrkesave t\u00eb nj\u00eb klienti nga Gjermania, ne e personalizuam k\u00ebt\u00eb rimorkio ushqimore. Tani, le t\u00eb shohim disa fotografi t\u00eb k\u00ebsaj rimorkioje ushqimore!<\/p>\n<p><img fetchpriority=\"high\" decoding=\"async\" class=\"aligncenter size-full wp-image-8277\" src=\"https:\/\/www.honlufoodtrailer.com\/wp-content\/uploads\/2024\/08\/26ft-food-trailer-with-toilet.jpg\" alt=\"Rimorkio ushqimore 26 k\u00ebmb\u00ebshe me tualet\" width=\"720\" height=\"540\" srcset=\"https:\/\/www.honlufoodtrailer.com\/wp-content\/uploads\/2024\/08\/26ft-food-trailer-with-toilet.jpg 720w, https:\/\/www.honlufoodtrailer.com\/wp-content\/uploads\/2024\/08\/26ft-food-trailer-with-toilet-480x360.jpg 480w, https:\/\/www.honlufoodtrailer.com\/wp-content\/uploads\/2024\/08\/26ft-food-trailer-with-toilet-300x225.jpg 300w\" sizes=\"(max-width: 720px) 100vw, 720px\" \/> <img decoding=\"async\" class=\"aligncenter size-full wp-image-8272\" src=\"https:\/\/www.honlufoodtrailer.com\/wp-content\/uploads\/2024\/08\/26ft-food-trailer-with-bathroom-back-view.jpg\" alt=\"Rimorkio ushqimore 26 k\u00ebmb\u00ebshe me banjo me pamje nga mbrapa\" width=\"720\" height=\"540\" srcset=\"https:\/\/www.honlufoodtrailer.com\/wp-content\/uploads\/2024\/08\/26ft-food-trailer-with-bathroom-back-view.jpg 720w, https:\/\/www.honlufoodtrailer.com\/wp-content\/uploads\/2024\/08\/26ft-food-trailer-with-bathroom-back-view-480x360.jpg 480w, https:\/\/www.honlufoodtrailer.com\/wp-content\/uploads\/2024\/08\/26ft-food-trailer-with-bathroom-back-view-300x225.jpg 300w\" sizes=\"(max-width: 720px) 100vw, 720px\" \/><br \/>\nSi\u00e7 mund ta shohim nga fotografit\u00eb m\u00eb sip\u00ebr, kjo rimorkio ushqimore 26 k\u00ebmb\u00ebshe me banjo \u00ebsht\u00eb n\u00eb ngjyr\u00eb t\u00eb zez\u00eb klasike. N\u00eb pjes\u00ebn e p\u00ebrparme t\u00eb rimorkios s\u00eb ushqimit, ne projektuam dy dritare, nj\u00eb t\u00eb madhe dhe nj\u00eb t\u00eb vog\u00ebl. Ato jan\u00eb shum\u00eb t\u00eb p\u00ebrshtatshme q\u00eb njer\u00ebzit t\u00eb porosisin dhe t\u00eb marrin ushqimet e tyre. Me karroceri rimorkioje 8 metra t\u00eb gjat\u00eb, kjo rimorkio ushqimore ka nj\u00eb hap\u00ebsir\u00eb t\u00eb brendshme shum\u00eb t\u00eb madhe. Prandaj, mund t&#039;i sh\u00ebrbej\u00eb nj\u00eb numri t\u00eb madh njer\u00ebzish. N\u00eb pjes\u00ebn e pasme t\u00eb rimorkios s\u00eb ushqimit, ka dy dyer p\u00ebr hyrjen dhe daljen e stafit. Gjithashtu, ne instaluam dritat e pasme dhe dritat an\u00ebsore n\u00eb rimorkion e ushqimit sipas k\u00ebrkesave t\u00eb klientit. M\u00eb pas, le t\u00eb shohim p\u00ebrdorimin dhe detajet e brendshme t\u00eb k\u00ebtij kamioni ushqimor 26 k\u00ebmb\u00ebshe me banjo.<\/p>\n<h3>P\u00ebrdorimi i k\u00ebsaj rimorkioje ushqimore 26ft me banjo<\/h3>\n<p>Klient\u00ebt tan\u00eb e p\u00ebrdorin kryesisht k\u00ebt\u00eb kamion ushqimor p\u00ebr t\u00eb shitur ushqime t\u00eb shpejta si hamburger, patate t\u00eb skuqura, hot dog, pul\u00eb t\u00eb skuqur, pije etj.<\/p>\n<h3>Zona e kuzhin\u00ebs s\u00eb k\u00ebsaj rimorkioje ushqimore<\/h3>\n<p>Si\u00e7 mund ta shohim nga fotografit\u00eb m\u00eb posht\u00eb, ne instalojm\u00eb kryesisht dy lavaman\u00eb, dy tavolina pune t\u00eb gjata prej \u00e7eliku inox me hap\u00ebsir\u00eb p\u00ebr depozitim, disa rubinete uji, dy skuq\u00ebse me gaz, nj\u00eb tenxhere me gaz, nj\u00eb sob\u00eb me gaz me 4 flak\u00eb dhe furr\u00eb, nj\u00eb aspirator, nj\u00eb kondicioner dhe nj\u00eb frigorifer etj.<\/p>\n<p><img decoding=\"async\" class=\"aligncenter size-full wp-image-8274\" src=\"https:\/\/www.honlufoodtrailer.com\/wp-content\/uploads\/2024\/08\/26ft-food-trailer-with-bathroom-inner-view.jpg\" alt=\"Rimorkio ushqimore 26 k\u00ebmb\u00ebshe me pamje nga brenda banj\u00ebs\" width=\"720\" height=\"540\" srcset=\"https:\/\/www.honlufoodtrailer.com\/wp-content\/uploads\/2024\/08\/26ft-food-trailer-with-bathroom-inner-view.jpg 720w, https:\/\/www.honlufoodtrailer.com\/wp-content\/uploads\/2024\/08\/26ft-food-trailer-with-bathroom-inner-view-480x360.jpg 480w, https:\/\/www.honlufoodtrailer.com\/wp-content\/uploads\/2024\/08\/26ft-food-trailer-with-bathroom-inner-view-300x225.jpg 300w\" sizes=\"(max-width: 720px) 100vw, 720px\" \/> <img loading=\"lazy\" decoding=\"async\" class=\"aligncenter size-full wp-image-8279\" src=\"https:\/\/www.honlufoodtrailer.com\/wp-content\/uploads\/2024\/08\/kitchen-equipment-of-food-trailer-with-bathroom.jpg\" alt=\"pajisje kuzhine t\u00eb rimorkios ushqimore me banjo\" width=\"800\" height=\"800\" srcset=\"https:\/\/www.honlufoodtrailer.com\/wp-content\/uploads\/2024\/08\/kitchen-equipment-of-food-trailer-with-bathroom.jpg 800w, https:\/\/www.honlufoodtrailer.com\/wp-content\/uploads\/2024\/08\/kitchen-equipment-of-food-trailer-with-bathroom-768x768.jpg 768w, https:\/\/www.honlufoodtrailer.com\/wp-content\/uploads\/2024\/08\/kitchen-equipment-of-food-trailer-with-bathroom-360x360.jpg 360w, https:\/\/www.honlufoodtrailer.com\/wp-content\/uploads\/2024\/08\/kitchen-equipment-of-food-trailer-with-bathroom-300x300.jpg 300w, https:\/\/www.honlufoodtrailer.com\/wp-content\/uploads\/2024\/08\/kitchen-equipment-of-food-trailer-with-bathroom-720x720.jpg 720w, https:\/\/www.honlufoodtrailer.com\/wp-content\/uploads\/2024\/08\/kitchen-equipment-of-food-trailer-with-bathroom-100x100.jpg 100w\" sizes=\"(max-width: 800px) 100vw, 800px\" \/><\/p>\n<h3>Zona e pushimit e k\u00ebsaj rimorkioje ushqimore:<\/h3>\n<p>M\u00eb posht\u00eb \u00ebsht\u00eb zona e pushimit t\u00eb k\u00ebsaj rimorkioje ushqimore 26 k\u00ebmb\u00ebshe me banjo. Si\u00e7 mund ta shohim nga fotografia, ka nj\u00eb lavaman, nj\u00eb pasqyr\u00eb me hap\u00ebsir\u00eb ruajtjeje, nj\u00eb tualet, nj\u00eb krevat, nj\u00eb dush, nj\u00eb ngroh\u00ebs uji dhe nj\u00eb pasqyr\u00eb tualeti. Mund ta shihni videon e detajuar n\u00eb skedat e m\u00ebposhtme.<br \/>\n<img loading=\"lazy\" decoding=\"async\" class=\"aligncenter size-full wp-image-8278\" src=\"https:\/\/www.honlufoodtrailer.com\/wp-content\/uploads\/2024\/08\/bathroom-and-bedroom-of-food-trailer-with-bathroom.jpg\" alt=\"banjo dhe dhom\u00eb gjumi e rimorkios s\u00eb ushqimit me banjo\" width=\"800\" height=\"800\" srcset=\"https:\/\/www.honlufoodtrailer.com\/wp-content\/uploads\/2024\/08\/bathroom-and-bedroom-of-food-trailer-with-bathroom.jpg 800w, https:\/\/www.honlufoodtrailer.com\/wp-content\/uploads\/2024\/08\/bathroom-and-bedroom-of-food-trailer-with-bathroom-768x768.jpg 768w, https:\/\/www.honlufoodtrailer.com\/wp-content\/uploads\/2024\/08\/bathroom-and-bedroom-of-food-trailer-with-bathroom-360x360.jpg 360w, https:\/\/www.honlufoodtrailer.com\/wp-content\/uploads\/2024\/08\/bathroom-and-bedroom-of-food-trailer-with-bathroom-300x300.jpg 300w, https:\/\/www.honlufoodtrailer.com\/wp-content\/uploads\/2024\/08\/bathroom-and-bedroom-of-food-trailer-with-bathroom-720x720.jpg 720w, https:\/\/www.honlufoodtrailer.com\/wp-content\/uploads\/2024\/08\/bathroom-and-bedroom-of-food-trailer-with-bathroom-100x100.jpg 100w\" sizes=\"(max-width: 800px) 100vw, 800px\" \/><\/p>\n<h3 class=\"magic-6\" data-spm-anchor-id=\"a2700.wholesale.0.i28.29e52808agqc7f\">Detajet kryesore<\/h3>\n<p>Shikoni m\u00eb shum\u00eb detaje rreth k\u00ebtij kamioni ushqimor me banjo. T\u00eb gjitha aksesor\u00ebt jan\u00eb sipas standardeve gjermane. Si prodhues dhe eksportues profesional i rimorkiove ushqimore me m\u00eb shum\u00eb se 10 vjet p\u00ebrvoj\u00eb, ne jemi t\u00eb njohur me rregulloret dhe k\u00ebrkesat e shum\u00eb vendeve, k\u00ebshtu q\u00eb do t&#039;ju ofrojm\u00eb kamion\u00eb ushqimor\u00eb q\u00eb plot\u00ebsojn\u00eb k\u00ebrkesat e vendit tuaj. Thjesht na kontaktoni p\u00ebr t\u00eb personalizuar kamionin tuaj ushqimor!<\/p>\n<p><img loading=\"lazy\" decoding=\"async\" class=\"aligncenter size-full wp-image-8281\" src=\"https:\/\/www.honlufoodtrailer.com\/wp-content\/uploads\/2024\/08\/more-details-of-26ft-food-trailer-with-bathroom.jpg\" alt=\"m\u00eb shum\u00eb detaje rreth rimorkios ushqimore 26ft me banjo\" width=\"800\" height=\"800\" srcset=\"https:\/\/www.honlufoodtrailer.com\/wp-content\/uploads\/2024\/08\/more-details-of-26ft-food-trailer-with-bathroom.jpg 800w, https:\/\/www.honlufoodtrailer.com\/wp-content\/uploads\/2024\/08\/more-details-of-26ft-food-trailer-with-bathroom-768x768.jpg 768w, https:\/\/www.honlufoodtrailer.com\/wp-content\/uploads\/2024\/08\/more-details-of-26ft-food-trailer-with-bathroom-360x360.jpg 360w, https:\/\/www.honlufoodtrailer.com\/wp-content\/uploads\/2024\/08\/more-details-of-26ft-food-trailer-with-bathroom-300x300.jpg 300w, https:\/\/www.honlufoodtrailer.com\/wp-content\/uploads\/2024\/08\/more-details-of-26ft-food-trailer-with-bathroom-720x720.jpg 720w, https:\/\/www.honlufoodtrailer.com\/wp-content\/uploads\/2024\/08\/more-details-of-26ft-food-trailer-with-bathroom-100x100.jpg 100w\" sizes=\"(max-width: 800px) 100vw, 800px\" \/><\/p>\n<h3 class=\"magic-6\" data-spm-anchor-id=\"a2700.wholesale.0.i28.29e52808agqc7f\">Karakteristikat kryesore t\u00eb rimorkios s\u00eb ushqimit me banjo<\/h3>\n<div class=\"magic-7\">\n<div class=\"magic-8\">\n<div class=\"magic-9\" data-id=\"paragraph0\">\n<ol>\n<li>P\u00ebrmbush standardet gjermane;<\/li>\n<li>Pjesa e brendshme e bollshme nuk \u00ebsht\u00eb vet\u00ebm p\u00ebr shitjen e ushqimit, por edhe p\u00ebr larje dhe pushim.<\/li>\n<li>Tre boshte, m\u00eb t\u00eb forta dhe t\u00eb q\u00ebndrueshme.<\/li>\n<\/ol>\n<h3>Vizatim falas i planit t\u00eb katit 2D\/3D<\/h3>\n<p>Pasi t\u00eb konfirmojm\u00eb dimensionet e rimorkios s\u00eb ushqimit dhe pajisjeve t\u00eb brendshme t\u00eb kuzhin\u00ebs, ne mund t&#039;ju ofrojm\u00eb vizatime 3D falas. Kjo do t&#039;ju jap\u00eb nj\u00eb ide m\u00eb t\u00eb qart\u00eb t\u00eb dizajnit tuaj dhe t\u00eb karroc\u00ebs suaj t\u00eb ushqimit. Kur konfirmojm\u00eb vendndodhjen e pajisjeve t\u00eb kuzhin\u00ebs, ne mund t\u00eb komunikojm\u00eb qart\u00eb me ju p\u00ebrmes planit t\u00eb katit. Gjithashtu mund t&#039;ju ofrojm\u00eb dokumente origjinale p\u00ebr t\u00eb leht\u00ebsuar dizajnin tuaj dhe p\u00ebr t\u00eb b\u00ebr\u00eb rregullime.<\/p>\n<p>Shiko nj\u00eb tjet\u00ebr <a href=\"https:\/\/www.honlufoodtrailer.com\/sq\/product\/customized-square-food-trailer-with-toilet\/\" target=\"_blank\" rel=\"noopener\">Rimorkio ushqimore 5 metra me tualet<\/a> Ne kemi prodhuar p\u00ebr nj\u00eb klient k\u00ebtu: <a href=\"https:\/\/www.honlufoodtrailer.com\/sq\/product\/customized-square-food-trailer-with-toilet\/\" target=\"_blank\" rel=\"noopener\">https:\/\/www.honlufoodtrailer.com\/product\/customized-square-food-trailer-with-toilet\/<\/a>.<\/p>\n<p><a href=\"https:\/\/www.honlufoodtrailer.com\/sq\/product\/customized-square-food-trailer-with-toilet\/\"><img loading=\"lazy\" decoding=\"async\" class=\"aligncenter wp-image-4531\" src=\"https:\/\/www.honlufoodtrailer.com\/wp-content\/uploads\/2022\/04\/Toilet-at-back-door.jpg\" alt=\"Rimorkio ushqimore 5 metra me tualet\" width=\"772\" height=\"579\" srcset=\"https:\/\/www.honlufoodtrailer.com\/wp-content\/uploads\/2022\/04\/Toilet-at-back-door.jpg 1440w, https:\/\/www.honlufoodtrailer.com\/wp-content\/uploads\/2022\/04\/Toilet-at-back-door-768x576.jpg 768w, https:\/\/www.honlufoodtrailer.com\/wp-content\/uploads\/2022\/04\/Toilet-at-back-door-480x360.jpg 480w, https:\/\/www.honlufoodtrailer.com\/wp-content\/uploads\/2022\/04\/Toilet-at-back-door-300x225.jpg 300w, https:\/\/www.honlufoodtrailer.com\/wp-content\/uploads\/2022\/04\/Toilet-at-back-door-720x540.jpg 720w\" sizes=\"(max-width: 772px) 100vw, 772px\" \/><\/a><br \/>\nN\u00ebse jeni t\u00eb interesuar p\u00ebr nj\u00eb rimorkio ushqimore t\u00eb ngjashme, ju lutemi mos hezitoni t\u00eb na kontaktoni duke na l\u00ebn\u00eb nj\u00eb mesazh dhe duke na treguar k\u00ebrkesat tuaja t\u00eb detajuara. Ose thjesht na shkruani n\u00eb WhatsApp p\u00ebr p\u00ebrgjigje t\u00eb shpejt\u00eb!<\/p>\n<\/div>\n<\/div>\n<\/div>","protected":false},"excerpt":{"rendered":"<p>Ky \u00ebsht\u00eb nj\u00eb rimorkio ushqimore 26 k\u00ebmb\u00ebshe e personalizuar me banjo, tualet dhe dhom\u00eb gjumi. I gjith\u00eb automjeti \u00ebsht\u00eb i punuar me \u00e7elik inox dhe flet\u00eb \u00e7eliku t\u00eb galvanizuar. Jo vet\u00ebm q\u00eb mund t\u00eb p\u00ebrdoret p\u00ebr t\u00eb shitur ushqim t\u00eb shpejt\u00eb dhe pije, por ka edhe hap\u00ebsir\u00eb p\u00ebr banj\u00eb dhe pushim. <strong>Ju lutemi klikoni skedat e m\u00ebposhtme p\u00ebr t\u00eb par\u00eb m\u00eb shum\u00eb detaje rreth k\u00ebsaj rimorkioje ushqimore<\/strong>. Ne mund t\u00eb prodhojm\u00eb nj\u00eb rimorkio ushqimore t\u00eb ngjashme me banjo si kjo, ose ta personalizojm\u00eb nj\u00eb p\u00ebr ju. Madh\u00ebsia, ngjyra e karroceris\u00eb, ngjit\u00ebset, tabelat dhe pajisjet e brendshme t\u00eb rimorkios ushqimore mund t\u00eb personalizohen. P\u00ebr m\u00eb tep\u00ebr, t\u00eb gjith\u00eb aksesor\u00ebt do t\u00eb plot\u00ebsojn\u00eb k\u00ebrkesat e klient\u00ebve. Mos hezitoni t\u00eb na kontaktoni dhe t\u00eb na tregoni k\u00ebrkesat tuaja t\u00eb detajuara!<\/p>","protected":false},"featured_media":8277,"template":"","meta":{"_themeisle_gutenberg_block_has_review":false},"product_brand":[],"product_cat":[26],"product_tag":[33,101,45,38,51],"class_list":{"0":"post-8268","1":"product","2":"type-product","3":"status-publish","4":"has-post-thumbnail","6":"product_cat-product","7":"product_tag-customized-trailer","8":"product_tag-food-trailer-with-toilet","9":"product_tag-large-food-trailer","10":"product_tag-mobile-food-trailer","11":"product_tag-square-food-trailer","13":"first","14":"instock","15":"shipping-taxable","16":"product-type-simple"},"yoast_head":"<!-- This site is optimized with the Yoast SEO plugin v27.5 - https:\/\/yoast.com\/product\/yoast-seo-wordpress\/ -->\n<title>26ft Food Trailer with Bathroom and Toilet - Honlu Food Trailer<\/title>\n<meta name=\"description\" content=\"This is a customized 26ft food trailer with bathroom, toilet and bedroom. High quality, get its price here direct from China factory!\" \/>\n<meta name=\"robots\" content=\"index, follow, max-snippet:-1, max-image-preview:large, max-video-preview:-1\" \/>\n<link rel=\"canonical\" href=\"https:\/\/www.honlufoodtrailer.com\/sq\/product\/rimorkio-ushqimore-26ft-me-banjo-dhe-tualet\/\" \/>\n<meta property=\"og:locale\" content=\"sq_AL\" \/>\n<meta property=\"og:type\" content=\"article\" \/>\n<meta property=\"og:title\" content=\"26ft Food Trailer with Bathroom and Toilet - Honlu Food Trailer\" \/>\n<meta property=\"og:description\" content=\"This is a customized 26ft food trailer with bathroom, toilet and bedroom. High quality, get its price here direct from China factory!\" \/>\n<meta property=\"og:url\" content=\"https:\/\/www.honlufoodtrailer.com\/sq\/product\/rimorkio-ushqimore-26ft-me-banjo-dhe-tualet\/\" \/>\n<meta property=\"og:site_name\" content=\"Honlu food trailer\" \/>\n<meta property=\"article:modified_time\" content=\"2025-02-14T06:10:20+00:00\" \/>\n<meta property=\"og:image\" content=\"https:\/\/www.honlufoodtrailer.com\/wp-content\/uploads\/2024\/08\/26ft-food-trailer-with-toilet.jpg\" \/>\n\t<meta property=\"og:image:width\" content=\"720\" \/>\n\t<meta property=\"og:image:height\" content=\"540\" \/>\n\t<meta property=\"og:image:type\" content=\"image\/jpeg\" \/>\n<meta name=\"twitter:card\" content=\"summary_large_image\" \/>\n<meta name=\"twitter:label1\" content=\"Est. reading time\" \/>\n\t<meta name=\"twitter:data1\" content=\"2 minuta\" \/>\n<script type=\"application\/ld+json\" class=\"yoast-schema-graph\">{\"@context\":\"https:\\\/\\\/schema.org\",\"@graph\":[{\"@type\":\"WebPage\",\"@id\":\"https:\\\/\\\/www.honlufoodtrailer.com\\\/product\\\/26ft-food-trailer-with-bathroom-and-toilet\\\/\",\"url\":\"https:\\\/\\\/www.honlufoodtrailer.com\\\/product\\\/26ft-food-trailer-with-bathroom-and-toilet\\\/\",\"name\":\"26ft Food Trailer with Bathroom and Toilet - Honlu Food Trailer\",\"isPartOf\":{\"@id\":\"https:\\\/\\\/www.honlufoodtrailer.com\\\/#website\"},\"primaryImageOfPage\":{\"@id\":\"https:\\\/\\\/www.honlufoodtrailer.com\\\/product\\\/26ft-food-trailer-with-bathroom-and-toilet\\\/#primaryimage\"},\"image\":{\"@id\":\"https:\\\/\\\/www.honlufoodtrailer.com\\\/product\\\/26ft-food-trailer-with-bathroom-and-toilet\\\/#primaryimage\"},\"thumbnailUrl\":\"https:\\\/\\\/www.honlufoodtrailer.com\\\/wp-content\\\/uploads\\\/2024\\\/08\\\/26ft-food-trailer-with-toilet.jpg\",\"datePublished\":\"2024-08-27T06:25:12+00:00\",\"dateModified\":\"2025-02-14T06:10:20+00:00\",\"description\":\"This is a customized 26ft food trailer with bathroom, toilet and bedroom. High quality, get its price here direct from China factory!\",\"breadcrumb\":{\"@id\":\"https:\\\/\\\/www.honlufoodtrailer.com\\\/product\\\/26ft-food-trailer-with-bathroom-and-toilet\\\/#breadcrumb\"},\"inLanguage\":\"sq\",\"potentialAction\":[{\"@type\":\"ReadAction\",\"target\":[\"https:\\\/\\\/www.honlufoodtrailer.com\\\/product\\\/26ft-food-trailer-with-bathroom-and-toilet\\\/\"]}]},{\"@type\":\"ImageObject\",\"inLanguage\":\"sq\",\"@id\":\"https:\\\/\\\/www.honlufoodtrailer.com\\\/product\\\/26ft-food-trailer-with-bathroom-and-toilet\\\/#primaryimage\",\"url\":\"https:\\\/\\\/www.honlufoodtrailer.com\\\/wp-content\\\/uploads\\\/2024\\\/08\\\/26ft-food-trailer-with-toilet.jpg\",\"contentUrl\":\"https:\\\/\\\/www.honlufoodtrailer.com\\\/wp-content\\\/uploads\\\/2024\\\/08\\\/26ft-food-trailer-with-toilet.jpg\",\"width\":720,\"height\":540,\"caption\":\"26ft food trailer with toilet\"},{\"@type\":\"BreadcrumbList\",\"@id\":\"https:\\\/\\\/www.honlufoodtrailer.com\\\/product\\\/26ft-food-trailer-with-bathroom-and-toilet\\\/#breadcrumb\",\"itemListElement\":[{\"@type\":\"ListItem\",\"position\":1,\"name\":\"Home\",\"item\":\"https:\\\/\\\/www.honlufoodtrailer.com\\\/\"},{\"@type\":\"ListItem\",\"position\":2,\"name\":\"\u4ea7\u54c1\",\"item\":\"https:\\\/\\\/www.honlufoodtrailer.com\\\/shop\\\/\"},{\"@type\":\"ListItem\",\"position\":3,\"name\":\"26ft Food Trailer with Bathroom and Toilet\"}]},{\"@type\":\"WebSite\",\"@id\":\"https:\\\/\\\/www.honlufoodtrailer.com\\\/#website\",\"url\":\"https:\\\/\\\/www.honlufoodtrailer.com\\\/\",\"name\":\"Honlu food trailer\",\"description\":\"\",\"publisher\":{\"@id\":\"https:\\\/\\\/www.honlufoodtrailer.com\\\/#organization\"},\"potentialAction\":[{\"@type\":\"SearchAction\",\"target\":{\"@type\":\"EntryPoint\",\"urlTemplate\":\"https:\\\/\\\/www.honlufoodtrailer.com\\\/?s={search_term_string}\"},\"query-input\":{\"@type\":\"PropertyValueSpecification\",\"valueRequired\":true,\"valueName\":\"search_term_string\"}}],\"inLanguage\":\"sq\"},{\"@type\":\"Organization\",\"@id\":\"https:\\\/\\\/www.honlufoodtrailer.com\\\/#organization\",\"name\":\"Honlu food trailer\",\"url\":\"https:\\\/\\\/www.honlufoodtrailer.com\\\/\",\"logo\":{\"@type\":\"ImageObject\",\"inLanguage\":\"sq\",\"@id\":\"https:\\\/\\\/www.honlufoodtrailer.com\\\/#\\\/schema\\\/logo\\\/image\\\/\",\"url\":\"https:\\\/\\\/www.honlufoodtrailer.com\\\/wp-content\\\/uploads\\\/2021\\\/12\\\/2.gif\",\"contentUrl\":\"https:\\\/\\\/www.honlufoodtrailer.com\\\/wp-content\\\/uploads\\\/2021\\\/12\\\/2.gif\",\"width\":350,\"height\":100,\"caption\":\"Honlu food trailer\"},\"image\":{\"@id\":\"https:\\\/\\\/www.honlufoodtrailer.com\\\/#\\\/schema\\\/logo\\\/image\\\/\"}}]}<\/script>\n<!-- \/ Yoast SEO plugin. -->","yoast_head_json":{"title":"Rimorkio Ushqimore 26ft me Banjo dhe Tualet - Rimorkio Ushqimore Honlu","description":"Ky \u00ebsht\u00eb nj\u00eb rimorkio ushqimi 26 k\u00ebmb\u00ebsh i personalizuar me banjo, tualet dhe dhom\u00eb gjumi. Cil\u00ebsi e lart\u00eb, merrni \u00e7mimin e saj k\u00ebtu direkt nga fabrika e Kin\u00ebs!","robots":{"index":"index","follow":"follow","max-snippet":"max-snippet:-1","max-image-preview":"max-image-preview:large","max-video-preview":"max-video-preview:-1"},"canonical":"https:\/\/www.honlufoodtrailer.com\/sq\/product\/rimorkio-ushqimore-26ft-me-banjo-dhe-tualet\/","og_locale":"sq_AL","og_type":"article","og_title":"26ft Food Trailer with Bathroom and Toilet - Honlu Food Trailer","og_description":"This is a customized 26ft food trailer with bathroom, toilet and bedroom. High quality, get its price here direct from China factory!","og_url":"https:\/\/www.honlufoodtrailer.com\/sq\/product\/rimorkio-ushqimore-26ft-me-banjo-dhe-tualet\/","og_site_name":"Honlu food trailer","article_modified_time":"2025-02-14T06:10:20+00:00","og_image":[{"width":720,"height":540,"url":"https:\/\/www.honlufoodtrailer.com\/wp-content\/uploads\/2024\/08\/26ft-food-trailer-with-toilet.jpg","type":"image\/jpeg"}],"twitter_card":"summary_large_image","twitter_misc":{"Est. reading time":"2 minuta"},"schema":{"@context":"https:\/\/schema.org","@graph":[{"@type":"WebPage","@id":"https:\/\/www.honlufoodtrailer.com\/product\/26ft-food-trailer-with-bathroom-and-toilet\/","url":"https:\/\/www.honlufoodtrailer.com\/product\/26ft-food-trailer-with-bathroom-and-toilet\/","name":"Rimorkio Ushqimore 26ft me Banjo dhe Tualet - Rimorkio Ushqimore Honlu","isPartOf":{"@id":"https:\/\/www.honlufoodtrailer.com\/#website"},"primaryImageOfPage":{"@id":"https:\/\/www.honlufoodtrailer.com\/product\/26ft-food-trailer-with-bathroom-and-toilet\/#primaryimage"},"image":{"@id":"https:\/\/www.honlufoodtrailer.com\/product\/26ft-food-trailer-with-bathroom-and-toilet\/#primaryimage"},"thumbnailUrl":"https:\/\/www.honlufoodtrailer.com\/wp-content\/uploads\/2024\/08\/26ft-food-trailer-with-toilet.jpg","datePublished":"2024-08-27T06:25:12+00:00","dateModified":"2025-02-14T06:10:20+00:00","description":"Ky \u00ebsht\u00eb nj\u00eb rimorkio ushqimi 26 k\u00ebmb\u00ebsh i personalizuar me banjo, tualet dhe dhom\u00eb gjumi. Cil\u00ebsi e lart\u00eb, merrni \u00e7mimin e saj k\u00ebtu direkt nga fabrika e Kin\u00ebs!","breadcrumb":{"@id":"https:\/\/www.honlufoodtrailer.com\/product\/26ft-food-trailer-with-bathroom-and-toilet\/#breadcrumb"},"inLanguage":"sq","potentialAction":[{"@type":"ReadAction","target":["https:\/\/www.honlufoodtrailer.com\/product\/26ft-food-trailer-with-bathroom-and-toilet\/"]}]},{"@type":"ImageObject","inLanguage":"sq","@id":"https:\/\/www.honlufoodtrailer.com\/product\/26ft-food-trailer-with-bathroom-and-toilet\/#primaryimage","url":"https:\/\/www.honlufoodtrailer.com\/wp-content\/uploads\/2024\/08\/26ft-food-trailer-with-toilet.jpg","contentUrl":"https:\/\/www.honlufoodtrailer.com\/wp-content\/uploads\/2024\/08\/26ft-food-trailer-with-toilet.jpg","width":720,"height":540,"caption":"26ft food trailer with toilet"},{"@type":"BreadcrumbList","@id":"https:\/\/www.honlufoodtrailer.com\/product\/26ft-food-trailer-with-bathroom-and-toilet\/#breadcrumb","itemListElement":[{"@type":"ListItem","position":1,"name":"Home","item":"https:\/\/www.honlufoodtrailer.com\/"},{"@type":"ListItem","position":2,"name":"\u4ea7\u54c1","item":"https:\/\/www.honlufoodtrailer.com\/shop\/"},{"@type":"ListItem","position":3,"name":"26ft Food Trailer with Bathroom and Toilet"}]},{"@type":"WebSite","@id":"https:\/\/www.honlufoodtrailer.com\/#website","url":"https:\/\/www.honlufoodtrailer.com\/","name":"Rimorkio ushqimore n\u00eb Honlu","description":"","publisher":{"@id":"https:\/\/www.honlufoodtrailer.com\/#organization"},"potentialAction":[{"@type":"SearchAction","target":{"@type":"EntryPoint","urlTemplate":"https:\/\/www.honlufoodtrailer.com\/?s={search_term_string}"},"query-input":{"@type":"PropertyValueSpecification","valueRequired":true,"valueName":"search_term_string"}}],"inLanguage":"sq"},{"@type":"Organization","@id":"https:\/\/www.honlufoodtrailer.com\/#organization","name":"Rimorkio ushqimore n\u00eb Honlu","url":"https:\/\/www.honlufoodtrailer.com\/","logo":{"@type":"ImageObject","inLanguage":"sq","@id":"https:\/\/www.honlufoodtrailer.com\/#\/schema\/logo\/image\/","url":"https:\/\/www.honlufoodtrailer.com\/wp-content\/uploads\/2021\/12\/2.gif","contentUrl":"https:\/\/www.honlufoodtrailer.com\/wp-content\/uploads\/2021\/12\/2.gif","width":350,"height":100,"caption":"Honlu food trailer"},"image":{"@id":"https:\/\/www.honlufoodtrailer.com\/#\/schema\/logo\/image\/"}}]}},"_links":{"self":[{"href":"https:\/\/www.honlufoodtrailer.com\/sq\/wp-json\/wp\/v2\/product\/8268","targetHints":{"allow":["GET"]}}],"collection":[{"href":"https:\/\/www.honlufoodtrailer.com\/sq\/wp-json\/wp\/v2\/product"}],"about":[{"href":"https:\/\/www.honlufoodtrailer.com\/sq\/wp-json\/wp\/v2\/types\/product"}],"version-history":[{"count":0,"href":"https:\/\/www.honlufoodtrailer.com\/sq\/wp-json\/wp\/v2\/product\/8268\/revisions"}],"wp:featuredmedia":[{"embeddable":true,"href":"https:\/\/www.honlufoodtrailer.com\/sq\/wp-json\/wp\/v2\/media\/8277"}],"wp:attachment":[{"href":"https:\/\/www.honlufoodtrailer.com\/sq\/wp-json\/wp\/v2\/media?parent=8268"}],"wp:term":[{"taxonomy":"product_brand","embeddable":true,"href":"https:\/\/www.honlufoodtrailer.com\/sq\/wp-json\/wp\/v2\/product_brand?post=8268"},{"taxonomy":"product_cat","embeddable":true,"href":"https:\/\/www.honlufoodtrailer.com\/sq\/wp-json\/wp\/v2\/product_cat?post=8268"},{"taxonomy":"product_tag","embeddable":true,"href":"https:\/\/www.honlufoodtrailer.com\/sq\/wp-json\/wp\/v2\/product_tag?post=8268"}],"curies":[{"name":"wp","href":"https:\/\/api.w.org\/{rel}","templated":true}]}}