{"id":8306,"date":"2024-09-04T18:36:18","date_gmt":"2024-09-04T10:36:18","guid":{"rendered":"https:\/\/www.honlufoodtrailer.com\/?post_type=product&#038;p=8306"},"modified":"2025-06-12T18:37:27","modified_gmt":"2025-06-12T10:37:27","slug":"18ft-pickle-food-truck-for-sale-usa","status":"publish","type":"product","link":"https:\/\/www.honlufoodtrailer.com\/sq\/product\/18ft-pickle-food-truck-for-sale-usa\/","title":{"rendered":"Kamion ushqimor me turshi 18ft (5.7m) n\u00eb shitje n\u00eb SHBA"},"content":{"rendered":"<p>Po k\u00ebrkoni nj\u00eb kamion ushqimi me turshi? Honlu sapo solli nj\u00eb t\u00eb porositur. <a href=\"https:\/\/www.honlufoodtrailer.com\/sq\/product\/18ft-pickle-food-truck\/\"><strong>Rimorkio p\u00ebr ushqime turshi 18.7 k\u00ebmb\u00ebshe<\/strong><\/a> p\u00ebr nj\u00eb klient amerikan, me nj\u00eb pamje t\u00eb bardh\u00eb t\u00eb past\u00ebr nga jasht\u00eb dhe nj\u00eb mb\u00ebshtjell\u00ebs t\u00eb plot\u00eb me afishe. Nj\u00eb dritare rr\u00ebshqit\u00ebse e p\u00ebrparme e b\u00ebn sh\u00ebrbimin t\u00eb shpejt\u00eb dhe efikas. \u00c7do detaj \u00ebsht\u00eb i p\u00ebrshtatur si p\u00ebr stilin ashtu edhe p\u00ebr funksionin.<\/p>\n<p><strong>Tani, le ta shohim k\u00ebt\u00eb kamion me ushqime turshi n\u00eb detaje!<\/strong><\/p>\n<figure id=\"attachment_8313\" aria-describedby=\"caption-attachment-8313\" style=\"width: 720px\" class=\"wp-caption aligncenter\"><img fetchpriority=\"high\" decoding=\"async\" class=\"wp-image-8313 size-full\" title=\"Kamion me ushqime turshi 18.7ft me sip\u00ebrfaqe t\u00eb p\u00ebrparme\" src=\"https:\/\/www.honlufoodtrailer.com\/wp-content\/uploads\/2024\/09\/18.7ft-Pickles-And-Burger-Trailer.jpg\" alt=\"Kamion me ushqime turshi 18.7ft me sip\u00ebrfaqe t\u00eb p\u00ebrparme\" width=\"720\" height=\"540\" srcset=\"https:\/\/www.honlufoodtrailer.com\/wp-content\/uploads\/2024\/09\/18.7ft-Pickles-And-Burger-Trailer.jpg 720w, https:\/\/www.honlufoodtrailer.com\/wp-content\/uploads\/2024\/09\/18.7ft-Pickles-And-Burger-Trailer-480x360.jpg 480w, https:\/\/www.honlufoodtrailer.com\/wp-content\/uploads\/2024\/09\/18.7ft-Pickles-And-Burger-Trailer-300x225.jpg 300w\" sizes=\"(max-width: 720px) 100vw, 720px\" \/><figcaption id=\"caption-attachment-8313\" class=\"wp-caption-text\">Kamion ushqimor me turshi 18.7 k\u00ebmb\u00ebsh<\/figcaption><\/figure>\n<figure id=\"attachment_8312\" aria-describedby=\"caption-attachment-8312\" style=\"width: 720px\" class=\"wp-caption aligncenter\"><img decoding=\"async\" class=\"wp-image-8312 size-full\" title=\"Pamje an\u00ebsore e kamionit me ushqime turshi 18.7 metra\" src=\"https:\/\/www.honlufoodtrailer.com\/wp-content\/uploads\/2024\/09\/18.7ft-Pickles-And-Burger-Trailer-view.jpg\" alt=\"Pamje an\u00ebsore e kamionit me ushqime turshi 18.7 metra\" width=\"720\" height=\"540\" srcset=\"https:\/\/www.honlufoodtrailer.com\/wp-content\/uploads\/2024\/09\/18.7ft-Pickles-And-Burger-Trailer-view.jpg 720w, https:\/\/www.honlufoodtrailer.com\/wp-content\/uploads\/2024\/09\/18.7ft-Pickles-And-Burger-Trailer-view-480x360.jpg 480w, https:\/\/www.honlufoodtrailer.com\/wp-content\/uploads\/2024\/09\/18.7ft-Pickles-And-Burger-Trailer-view-300x225.jpg 300w\" sizes=\"(max-width: 720px) 100vw, 720px\" \/><figcaption id=\"caption-attachment-8312\" class=\"wp-caption-text\">Kamion ushqimi me turshi 18.7 metra i gjat\u00eb<\/figcaption><\/figure>\n<h3>Pjesa e brendshme e kamionit t\u00eb transportit t\u00eb ushqimeve me turshi 18 k\u00ebmb\u00eb p\u00ebr tregun e SHBA-s\u00eb:<\/h3>\n<p data-start=\"77\" data-end=\"238\">Rimorkioja e tij ushqimore 18 metra e gjat\u00eb, rreth 5.7 m, vjen plot\u00ebsisht e pajisur me pajisjet thelb\u00ebsore t\u00eb kuzhin\u00ebs, duke p\u00ebrfshir\u00eb:<\/p>\n<ul data-start=\"239\" data-end=\"520\">\n<li data-start=\"239\" data-end=\"282\">\n<p data-start=\"241\" data-end=\"282\">Kutia e kontrollit t\u00eb ftohjes me mikrokompjuter<\/p>\n<\/li>\n<li data-start=\"283\" data-end=\"312\">\n<p data-start=\"285\" data-end=\"312\">Tavolin\u00eb pune prej \u00e7eliku inox<\/p>\n<\/li>\n<li data-start=\"313\" data-end=\"337\">\n<p data-start=\"315\" data-end=\"337\">Sob\u00eb me gaz me dy djegie<\/p>\n<\/li>\n<li data-start=\"338\" data-end=\"357\">\n<p data-start=\"340\" data-end=\"357\">Pjat\u00eb me gaz 36\u201d<\/p>\n<\/li>\n<li data-start=\"358\" data-end=\"383\">\n<p data-start=\"360\" data-end=\"383\">Tiganisje komerciale e thell\u00eb<\/p>\n<\/li>\n<li data-start=\"384\" data-end=\"409\">\n<p data-start=\"386\" data-end=\"409\">Aspirator p\u00ebr pun\u00eb t\u00eb r\u00ebnda<\/p>\n<\/li>\n<li data-start=\"410\" data-end=\"462\">\n<p data-start=\"412\" data-end=\"462\">Lavaman me 3 ndarje me 1 lavaman p\u00ebr larjen e duarve (3+1)<\/p>\n<\/li>\n<li data-start=\"463\" data-end=\"491\">\n<p data-start=\"465\" data-end=\"491\">Kondicioner i integruar<\/p>\n<\/li>\n<li data-start=\"492\" data-end=\"520\">\n<p data-start=\"494\" data-end=\"520\">Kabineti i magazinimit sip\u00ebr kok\u00ebs<\/p>\n<\/li>\n<\/ul>\n<p data-start=\"522\" data-end=\"648\" data-is-last-node=\"\" data-is-only-node=\"\">Gjith\u00e7ka \u00ebsht\u00eb projektuar p\u00ebr t\u00eb p\u00ebrmbushur standardet e SHBA-s\u00eb p\u00ebr operacionet mobile t\u00eb ushqimit, duke siguruar nj\u00eb fillim t\u00eb qet\u00eb p\u00ebr biznesin tuaj t\u00eb kamion\u00ebve t\u00eb ushqimit.<\/p>\n<p><img decoding=\"async\" class=\"aligncenter wp-image-8308 size-full\" title=\"Struktura e brendshme e kamionit t\u00eb ushqimit me turshi\" src=\"https:\/\/www.honlufoodtrailer.com\/wp-content\/uploads\/2024\/09\/5.7m-Pickles-And-Burger-Trailer-inner-view.jpg\" alt=\"Pamje nga brenda e rimorkios p\u00ebr turshi dhe hamburger\u00eb 5.7m\" width=\"720\" height=\"540\" srcset=\"https:\/\/www.honlufoodtrailer.com\/wp-content\/uploads\/2024\/09\/5.7m-Pickles-And-Burger-Trailer-inner-view.jpg 720w, https:\/\/www.honlufoodtrailer.com\/wp-content\/uploads\/2024\/09\/5.7m-Pickles-And-Burger-Trailer-inner-view-480x360.jpg 480w, https:\/\/www.honlufoodtrailer.com\/wp-content\/uploads\/2024\/09\/5.7m-Pickles-And-Burger-Trailer-inner-view-300x225.jpg 300w\" sizes=\"(max-width: 720px) 100vw, 720px\" \/><img loading=\"lazy\" decoding=\"async\" class=\"aligncenter wp-image-8317 size-full\" title=\"detajet e brendshme t\u00eb kamionit t\u00eb ushqimit me turshi 18 k\u00ebmb\u00ebsh\" src=\"https:\/\/www.honlufoodtrailer.com\/wp-content\/uploads\/2024\/09\/inner-details-of-18ft-pickle-food-truck.jpg\" alt=\"detajet e brendshme t\u00eb kamionit t\u00eb ushqimit me turshi 18 k\u00ebmb\u00ebsh\" width=\"800\" height=\"800\" srcset=\"https:\/\/www.honlufoodtrailer.com\/wp-content\/uploads\/2024\/09\/inner-details-of-18ft-pickle-food-truck.jpg 800w, https:\/\/www.honlufoodtrailer.com\/wp-content\/uploads\/2024\/09\/inner-details-of-18ft-pickle-food-truck-768x768.jpg 768w, https:\/\/www.honlufoodtrailer.com\/wp-content\/uploads\/2024\/09\/inner-details-of-18ft-pickle-food-truck-360x360.jpg 360w, https:\/\/www.honlufoodtrailer.com\/wp-content\/uploads\/2024\/09\/inner-details-of-18ft-pickle-food-truck-300x300.jpg 300w, https:\/\/www.honlufoodtrailer.com\/wp-content\/uploads\/2024\/09\/inner-details-of-18ft-pickle-food-truck-720x720.jpg 720w, https:\/\/www.honlufoodtrailer.com\/wp-content\/uploads\/2024\/09\/inner-details-of-18ft-pickle-food-truck-100x100.jpg 100w\" sizes=\"(max-width: 800px) 100vw, 800px\" \/><\/p>\n<h3>Kamioni 18ft me ushqim turshi \u00ebsht\u00eb i jasht\u00ebm:<\/h3>\n<p data-start=\"153\" data-end=\"285\">P\u00ebrve\u00e7 pajisjeve t\u00eb kuzhin\u00ebs, kjo <strong data-start=\"196\" data-end=\"222\">Kamion ushqimor me turshi 18 ft<\/strong> p\u00ebrfshin karakteristika thelb\u00ebsore t\u00eb jashtme dhe strukturore, t\u00eb tilla si:<\/p>\n<ul data-start=\"286\" data-end=\"438\">\n<li data-start=\"286\" data-end=\"314\">\n<p data-start=\"288\" data-end=\"314\">Kutia e ruajtjes s\u00eb cilindrit t\u00eb gazit<\/p>\n<\/li>\n<li data-start=\"315\" data-end=\"353\">\n<p data-start=\"317\" data-end=\"353\">Sistemi i instalimeve elektrike dhe kabllove t\u00eb dritave t\u00eb pasme<\/p>\n<\/li>\n<li data-start=\"354\" data-end=\"374\">\n<p data-start=\"356\" data-end=\"374\">Boshte p\u00ebr pun\u00eb t\u00eb r\u00ebnda<\/p>\n<\/li>\n<li data-start=\"375\" data-end=\"402\">\n<p data-start=\"377\" data-end=\"402\">Dritaret rr\u00ebshqit\u00ebse t\u00eb sh\u00ebrbimit<\/p>\n<\/li>\n<li data-start=\"403\" data-end=\"438\">\n<p data-start=\"405\" data-end=\"438\">Porta t\u00eb jashtme p\u00ebr lidhjen e energjis\u00eb<\/p>\n<\/li>\n<\/ul>\n<p data-start=\"440\" data-end=\"862\" data-is-last-node=\"\" data-is-only-node=\"\">Sipas k\u00ebrkesave t\u00eb klientit, honlu e p\u00ebrshtati k\u00ebt\u00eb rimorkio ushqimore q\u00eb t\u00eb jet\u00eb plot\u00ebsisht n\u00eb p\u00ebrputhje me standardet amerikane t\u00eb rimorkiove ushqimore.<\/p>\n<p><img loading=\"lazy\" decoding=\"async\" class=\"aligncenter wp-image-8318 size-full\" title=\"Imazh i detajeve t\u00eb kamionit t\u00eb ushqimit me turshi 18 k\u00ebmb\u00eb\" src=\"https:\/\/www.honlufoodtrailer.com\/wp-content\/uploads\/2024\/09\/more-details-of-18ft-pickle-food-truck.jpg\" alt=\"m\u00eb shum\u00eb detaje rreth kamionit 18ft p\u00ebr ushqime me turshi\" width=\"800\" height=\"800\" srcset=\"https:\/\/www.honlufoodtrailer.com\/wp-content\/uploads\/2024\/09\/more-details-of-18ft-pickle-food-truck.jpg 800w, https:\/\/www.honlufoodtrailer.com\/wp-content\/uploads\/2024\/09\/more-details-of-18ft-pickle-food-truck-768x768.jpg 768w, https:\/\/www.honlufoodtrailer.com\/wp-content\/uploads\/2024\/09\/more-details-of-18ft-pickle-food-truck-360x360.jpg 360w, https:\/\/www.honlufoodtrailer.com\/wp-content\/uploads\/2024\/09\/more-details-of-18ft-pickle-food-truck-300x300.jpg 300w, https:\/\/www.honlufoodtrailer.com\/wp-content\/uploads\/2024\/09\/more-details-of-18ft-pickle-food-truck-720x720.jpg 720w, https:\/\/www.honlufoodtrailer.com\/wp-content\/uploads\/2024\/09\/more-details-of-18ft-pickle-food-truck-100x100.jpg 100w\" sizes=\"(max-width: 800px) 100vw, 800px\" \/><\/p>\n<h3>Karakteristikat kryesore t\u00eb k\u00ebtij kamioni celular me tako:<\/h3>\n<ol>\n<li>7 metra i gjat\u00eb, brend\u00ebsi e bollshme;<\/li>\n<li>Leht\u00eb p\u00ebr t&#039;u zhvendosur n\u00eb \u00e7do vend (biznesi juaj nuk \u00ebsht\u00eb i kufizuar);<\/li>\n<li>Pamje t\u00ebrheq\u00ebse (e padukshme p\u00ebr t\u00eb t\u00ebrhequr m\u00eb shum\u00eb klient\u00eb);<\/li>\n<li>Jet\u00ebgjat\u00ebsi e gjat\u00eb sh\u00ebrbimi (rezistente ndaj korrozionit, rezistenc\u00eb ndaj nxeht\u00ebsis\u00eb, e pap\u00ebrshkueshme nga uji, pa deformime).<\/li>\n<li>Ka nj\u00eb frigorifer p\u00ebr freski.<\/li>\n<\/ol>\n<h3>Vizatim Falas i Planit t\u00eb Katit 2D\/3D dhe Ndihm\u00eb Pas Shitjes<\/h3>\n<p>P\u00ebrpara se t\u00eb filloj\u00eb prodhimi, ne ofrojm\u00eb nj\u00eb vizatim falas 2D\/3D bazuar n\u00eb dimensionet e rimorkios suaj dhe nevojat e pajisjeve t\u00eb kuzhin\u00ebs. Ky planimetri vizuale do t&#039;ju ndihmoj\u00eb t\u00eb kuptoni qart\u00eb dizajnin e kamionit tuaj t\u00eb ushqimit me turshi 18 metra dhe t\u00eb konfirmoni leht\u00ebsisht vendosjen e secil\u00ebs pjes\u00eb t\u00eb pajisjes. Ne gjithashtu ofrojm\u00eb skedar\u00eb burimor\u00eb t\u00eb modifikuesh\u00ebm q\u00eb ju t\u00eb b\u00ebni rregullime.<\/p>\n<p>P\u00ebrve\u00e7 k\u00ebsaj, ne ofrojm\u00eb mb\u00ebshtetje gjith\u00ebp\u00ebrfshir\u00ebse pas shitjes, duke p\u00ebrfshir\u00eb udh\u00ebzime teknike, furnizim me pjes\u00eb k\u00ebmbimi dhe ndihm\u00eb n\u00eb p\u00ebrdorimin e pajisjeve. Edhe pas dor\u00ebzimit, ekipi yn\u00eb me p\u00ebrvoj\u00eb \u00ebsht\u00eb gjithmon\u00eb n\u00eb dispozicion p\u00ebr t\u00eb ndihmuar n\u00eb sigurimin q\u00eb kamioni juaj i ushqimit t\u00eb funksionoj\u00eb pa probleme q\u00eb nga dita e par\u00eb.<\/p>\n<h3>Gati p\u00ebr t\u00eb filluar biznesin tuaj t\u00eb kamion\u00ebve t\u00eb ushqimit me turshi?<\/h3>\n<p>N\u00ebse po hyni n\u00eb tregun amerikan t\u00eb ushqimit n\u00eb rrug\u00eb, ky kamion ushqimi me turshi 18 metra i gjat\u00eb \u00ebsht\u00eb nj\u00eb zgjedhje e zgjuar, pavar\u00ebsisht n\u00ebse jeni sip\u00ebrmarr\u00ebs p\u00ebr her\u00eb t\u00eb par\u00eb apo shit\u00ebs ushqimi me p\u00ebrvoj\u00eb. Pavar\u00ebsisht n\u00ebse po sh\u00ebrbeni nj\u00eb turshi klasike me kop\u00ebr apo di\u00e7ka krijuese si nj\u00eb turshi e tymosur, ky kamion ushqimi mobil do ta ndihmoj\u00eb mark\u00ebn tuaj t\u00eb dallohet dhe t\u00eb t\u00ebrheq\u00eb klient\u00eb shpejt.<\/p>\n<p>Me mbi 10 vjet p\u00ebrvoj\u00eb globale n\u00eb prodhimin dhe eksportimin e rimorkiove ushqimore, ne i kuptojm\u00eb plot\u00ebsisht rregulloret e vendeve t\u00eb ndryshme. Pavar\u00ebsisht n\u00ebse jeni n\u00eb Shtetet e Bashkuara apo n\u00eb nj\u00eb vend tjet\u00ebr, ne mund ta p\u00ebrshtatim nj\u00eb kamion ushqimi sipas nevojave t\u00eb biznesit tuaj.<br \/>\nKontakti <a href=\"https:\/\/www.honlufoodtrailer.com\/sq\/\">honlu<\/a> sot p\u00ebr t\u00eb personalizuar kamionin tuaj t\u00eb ushqimit me turshi 18 k\u00ebmb\u00ebsh!<\/p>","protected":false},"excerpt":{"rendered":"<p>Ky \u00ebsht\u00eb nj\u00eb nga kamion\u00ebt tan\u00eb t\u00eb porositur p\u00ebr ushqime turshi 18.7 metra. <strong>Ju lutemi klikoni skedat e m\u00ebposhtme p\u00ebr t\u00eb par\u00eb m\u00eb shum\u00eb detaje rreth k\u00ebtij kamioni ushqimor<\/strong>. Ne mund t\u00eb prodhojm\u00eb nj\u00eb rimorkio ushqimore t\u00eb ngjashme si kjo, ose ta personalizojm\u00eb nj\u00eb p\u00ebr ju. Madh\u00ebsia, ngjyra e karroceris\u00eb, ngjit\u00ebset, tabelat dhe pajisjet e kuzhin\u00ebs s\u00eb rimorkios s\u00eb ushqimit mund t\u00eb personalizohen. Mos hezitoni t\u00eb na kontaktoni dhe t\u00eb na tregoni k\u00ebrkesat tuaja tani!<\/p>","protected":false},"featured_media":8309,"template":"","meta":{"_themeisle_gutenberg_block_has_review":false},"product_brand":[],"product_cat":[26],"product_tag":[83,33,60,61,38],"class_list":{"0":"post-8306","1":"product","2":"type-product","3":"status-publish","4":"has-post-thumbnail","6":"product_cat-product","7":"product_tag-18ft-food-trailer","8":"product_tag-customized-trailer","9":"product_tag-fast-food-trailer","10":"product_tag-fast-food-trailer-for-sale","11":"product_tag-mobile-food-trailer","13":"first","14":"instock","15":"shipping-taxable","16":"product-type-simple"},"yoast_head":"<!-- This site is optimized with the Yoast SEO plugin v27.5 - https:\/\/yoast.com\/product\/yoast-seo-wordpress\/ -->\n<title>18ft Pickle Food Truck for Sale USA - honlu Food Trailer<\/title>\n<meta name=\"description\" content=\"Looking for a pickle food truck for sale in the USA? Check out this 18ft pickle food trailer with full kitchen, custom design, and US-standard features.\" \/>\n<meta name=\"robots\" content=\"index, follow, max-snippet:-1, max-image-preview:large, max-video-preview:-1\" \/>\n<link rel=\"canonical\" href=\"https:\/\/www.honlufoodtrailer.com\/sq\/product\/18ft-pickle-food-truck-for-sale-usa\/\" \/>\n<meta property=\"og:locale\" content=\"sq_AL\" \/>\n<meta property=\"og:type\" content=\"article\" \/>\n<meta property=\"og:title\" content=\"18ft Pickle Food Truck for Sale USA - honlu Food Trailer\" \/>\n<meta property=\"og:description\" content=\"Looking for a pickle food truck for sale in the USA? Check out this 18ft pickle food trailer with full kitchen, custom design, and US-standard features.\" \/>\n<meta property=\"og:url\" content=\"https:\/\/www.honlufoodtrailer.com\/sq\/product\/18ft-pickle-food-truck-for-sale-usa\/\" \/>\n<meta property=\"og:site_name\" content=\"Honlu food trailer\" \/>\n<meta property=\"article:modified_time\" content=\"2025-06-12T10:37:27+00:00\" \/>\n<meta property=\"og:image\" content=\"https:\/\/www.honlufoodtrailer.com\/wp-content\/uploads\/2024\/09\/5.7m-Pickles-And-Burger-Trailer.jpg\" \/>\n\t<meta property=\"og:image:width\" content=\"720\" \/>\n\t<meta property=\"og:image:height\" content=\"540\" \/>\n\t<meta property=\"og:image:type\" content=\"image\/jpeg\" \/>\n<meta name=\"twitter:card\" content=\"summary_large_image\" \/>\n<meta name=\"twitter:label1\" content=\"Est. reading time\" \/>\n\t<meta name=\"twitter:data1\" content=\"1 minut\u00eb\" \/>\n<script type=\"application\/ld+json\" class=\"yoast-schema-graph\">{\"@context\":\"https:\\\/\\\/schema.org\",\"@graph\":[{\"@type\":\"WebPage\",\"@id\":\"https:\\\/\\\/www.honlufoodtrailer.com\\\/product\\\/18ft-pickle-food-truck-for-sale-usa\\\/\",\"url\":\"https:\\\/\\\/www.honlufoodtrailer.com\\\/product\\\/18ft-pickle-food-truck-for-sale-usa\\\/\",\"name\":\"18ft Pickle Food Truck for Sale USA - honlu Food Trailer\",\"isPartOf\":{\"@id\":\"https:\\\/\\\/www.honlufoodtrailer.com\\\/#website\"},\"primaryImageOfPage\":{\"@id\":\"https:\\\/\\\/www.honlufoodtrailer.com\\\/product\\\/18ft-pickle-food-truck-for-sale-usa\\\/#primaryimage\"},\"image\":{\"@id\":\"https:\\\/\\\/www.honlufoodtrailer.com\\\/product\\\/18ft-pickle-food-truck-for-sale-usa\\\/#primaryimage\"},\"thumbnailUrl\":\"https:\\\/\\\/www.honlufoodtrailer.com\\\/wp-content\\\/uploads\\\/2024\\\/09\\\/5.7m-Pickles-And-Burger-Trailer.jpg\",\"datePublished\":\"2024-09-04T10:36:18+00:00\",\"dateModified\":\"2025-06-12T10:37:27+00:00\",\"description\":\"Looking for a pickle food truck for sale in the USA? Check out this 18ft pickle food trailer with full kitchen, custom design, and US-standard features.\",\"breadcrumb\":{\"@id\":\"https:\\\/\\\/www.honlufoodtrailer.com\\\/product\\\/18ft-pickle-food-truck-for-sale-usa\\\/#breadcrumb\"},\"inLanguage\":\"sq\",\"potentialAction\":[{\"@type\":\"ReadAction\",\"target\":[\"https:\\\/\\\/www.honlufoodtrailer.com\\\/product\\\/18ft-pickle-food-truck-for-sale-usa\\\/\"]}]},{\"@type\":\"ImageObject\",\"inLanguage\":\"sq\",\"@id\":\"https:\\\/\\\/www.honlufoodtrailer.com\\\/product\\\/18ft-pickle-food-truck-for-sale-usa\\\/#primaryimage\",\"url\":\"https:\\\/\\\/www.honlufoodtrailer.com\\\/wp-content\\\/uploads\\\/2024\\\/09\\\/5.7m-Pickles-And-Burger-Trailer.jpg\",\"contentUrl\":\"https:\\\/\\\/www.honlufoodtrailer.com\\\/wp-content\\\/uploads\\\/2024\\\/09\\\/5.7m-Pickles-And-Burger-Trailer.jpg\",\"width\":720,\"height\":540,\"caption\":\"5.7m Pickles And Burger Trailer\"},{\"@type\":\"BreadcrumbList\",\"@id\":\"https:\\\/\\\/www.honlufoodtrailer.com\\\/product\\\/18ft-pickle-food-truck-for-sale-usa\\\/#breadcrumb\",\"itemListElement\":[{\"@type\":\"ListItem\",\"position\":1,\"name\":\"Home\",\"item\":\"https:\\\/\\\/www.honlufoodtrailer.com\\\/\"},{\"@type\":\"ListItem\",\"position\":2,\"name\":\"\u4ea7\u54c1\",\"item\":\"https:\\\/\\\/www.honlufoodtrailer.com\\\/shop\\\/\"},{\"@type\":\"ListItem\",\"position\":3,\"name\":\"18ft ( 5.7m) Pickle Food Truck for Sale USA\"}]},{\"@type\":\"WebSite\",\"@id\":\"https:\\\/\\\/www.honlufoodtrailer.com\\\/#website\",\"url\":\"https:\\\/\\\/www.honlufoodtrailer.com\\\/\",\"name\":\"Honlu food trailer\",\"description\":\"\",\"publisher\":{\"@id\":\"https:\\\/\\\/www.honlufoodtrailer.com\\\/#organization\"},\"potentialAction\":[{\"@type\":\"SearchAction\",\"target\":{\"@type\":\"EntryPoint\",\"urlTemplate\":\"https:\\\/\\\/www.honlufoodtrailer.com\\\/?s={search_term_string}\"},\"query-input\":{\"@type\":\"PropertyValueSpecification\",\"valueRequired\":true,\"valueName\":\"search_term_string\"}}],\"inLanguage\":\"sq\"},{\"@type\":\"Organization\",\"@id\":\"https:\\\/\\\/www.honlufoodtrailer.com\\\/#organization\",\"name\":\"Honlu food trailer\",\"url\":\"https:\\\/\\\/www.honlufoodtrailer.com\\\/\",\"logo\":{\"@type\":\"ImageObject\",\"inLanguage\":\"sq\",\"@id\":\"https:\\\/\\\/www.honlufoodtrailer.com\\\/#\\\/schema\\\/logo\\\/image\\\/\",\"url\":\"https:\\\/\\\/www.honlufoodtrailer.com\\\/wp-content\\\/uploads\\\/2021\\\/12\\\/2.gif\",\"contentUrl\":\"https:\\\/\\\/www.honlufoodtrailer.com\\\/wp-content\\\/uploads\\\/2021\\\/12\\\/2.gif\",\"width\":350,\"height\":100,\"caption\":\"Honlu food trailer\"},\"image\":{\"@id\":\"https:\\\/\\\/www.honlufoodtrailer.com\\\/#\\\/schema\\\/logo\\\/image\\\/\"}}]}<\/script>\n<!-- \/ Yoast SEO plugin. -->","yoast_head_json":{"title":"Kamion ushqimor 18ft me turshi n\u00eb shitje n\u00eb SHBA - Rimorkio ushqimore honlu","description":"Po k\u00ebrkoni nj\u00eb kamion p\u00ebr turshi n\u00eb shitje n\u00eb SHBA? Shikoni k\u00ebt\u00eb rimorkio 18 metra p\u00ebr ushqim turshi me kuzhin\u00eb t\u00eb plot\u00eb, dizajn t\u00eb personalizuar dhe karakteristika standarde amerikane.","robots":{"index":"index","follow":"follow","max-snippet":"max-snippet:-1","max-image-preview":"max-image-preview:large","max-video-preview":"max-video-preview:-1"},"canonical":"https:\/\/www.honlufoodtrailer.com\/sq\/product\/18ft-pickle-food-truck-for-sale-usa\/","og_locale":"sq_AL","og_type":"article","og_title":"18ft Pickle Food Truck for Sale USA - honlu Food Trailer","og_description":"Looking for a pickle food truck for sale in the USA? Check out this 18ft pickle food trailer with full kitchen, custom design, and US-standard features.","og_url":"https:\/\/www.honlufoodtrailer.com\/sq\/product\/18ft-pickle-food-truck-for-sale-usa\/","og_site_name":"Honlu food trailer","article_modified_time":"2025-06-12T10:37:27+00:00","og_image":[{"width":720,"height":540,"url":"https:\/\/www.honlufoodtrailer.com\/wp-content\/uploads\/2024\/09\/5.7m-Pickles-And-Burger-Trailer.jpg","type":"image\/jpeg"}],"twitter_card":"summary_large_image","twitter_misc":{"Est. reading time":"1 minut\u00eb"},"schema":{"@context":"https:\/\/schema.org","@graph":[{"@type":"WebPage","@id":"https:\/\/www.honlufoodtrailer.com\/product\/18ft-pickle-food-truck-for-sale-usa\/","url":"https:\/\/www.honlufoodtrailer.com\/product\/18ft-pickle-food-truck-for-sale-usa\/","name":"Kamion ushqimor 18ft me turshi n\u00eb shitje n\u00eb SHBA - Rimorkio ushqimore honlu","isPartOf":{"@id":"https:\/\/www.honlufoodtrailer.com\/#website"},"primaryImageOfPage":{"@id":"https:\/\/www.honlufoodtrailer.com\/product\/18ft-pickle-food-truck-for-sale-usa\/#primaryimage"},"image":{"@id":"https:\/\/www.honlufoodtrailer.com\/product\/18ft-pickle-food-truck-for-sale-usa\/#primaryimage"},"thumbnailUrl":"https:\/\/www.honlufoodtrailer.com\/wp-content\/uploads\/2024\/09\/5.7m-Pickles-And-Burger-Trailer.jpg","datePublished":"2024-09-04T10:36:18+00:00","dateModified":"2025-06-12T10:37:27+00:00","description":"Po k\u00ebrkoni nj\u00eb kamion p\u00ebr turshi n\u00eb shitje n\u00eb SHBA? Shikoni k\u00ebt\u00eb rimorkio 18 metra p\u00ebr ushqim turshi me kuzhin\u00eb t\u00eb plot\u00eb, dizajn t\u00eb personalizuar dhe karakteristika standarde amerikane.","breadcrumb":{"@id":"https:\/\/www.honlufoodtrailer.com\/product\/18ft-pickle-food-truck-for-sale-usa\/#breadcrumb"},"inLanguage":"sq","potentialAction":[{"@type":"ReadAction","target":["https:\/\/www.honlufoodtrailer.com\/product\/18ft-pickle-food-truck-for-sale-usa\/"]}]},{"@type":"ImageObject","inLanguage":"sq","@id":"https:\/\/www.honlufoodtrailer.com\/product\/18ft-pickle-food-truck-for-sale-usa\/#primaryimage","url":"https:\/\/www.honlufoodtrailer.com\/wp-content\/uploads\/2024\/09\/5.7m-Pickles-And-Burger-Trailer.jpg","contentUrl":"https:\/\/www.honlufoodtrailer.com\/wp-content\/uploads\/2024\/09\/5.7m-Pickles-And-Burger-Trailer.jpg","width":720,"height":540,"caption":"5.7m Pickles And Burger Trailer"},{"@type":"BreadcrumbList","@id":"https:\/\/www.honlufoodtrailer.com\/product\/18ft-pickle-food-truck-for-sale-usa\/#breadcrumb","itemListElement":[{"@type":"ListItem","position":1,"name":"Home","item":"https:\/\/www.honlufoodtrailer.com\/"},{"@type":"ListItem","position":2,"name":"\u4ea7\u54c1","item":"https:\/\/www.honlufoodtrailer.com\/shop\/"},{"@type":"ListItem","position":3,"name":"18ft ( 5.7m) Pickle Food Truck for Sale USA"}]},{"@type":"WebSite","@id":"https:\/\/www.honlufoodtrailer.com\/#website","url":"https:\/\/www.honlufoodtrailer.com\/","name":"Rimorkio ushqimore n\u00eb Honlu","description":"","publisher":{"@id":"https:\/\/www.honlufoodtrailer.com\/#organization"},"potentialAction":[{"@type":"SearchAction","target":{"@type":"EntryPoint","urlTemplate":"https:\/\/www.honlufoodtrailer.com\/?s={search_term_string}"},"query-input":{"@type":"PropertyValueSpecification","valueRequired":true,"valueName":"search_term_string"}}],"inLanguage":"sq"},{"@type":"Organization","@id":"https:\/\/www.honlufoodtrailer.com\/#organization","name":"Rimorkio ushqimore n\u00eb Honlu","url":"https:\/\/www.honlufoodtrailer.com\/","logo":{"@type":"ImageObject","inLanguage":"sq","@id":"https:\/\/www.honlufoodtrailer.com\/#\/schema\/logo\/image\/","url":"https:\/\/www.honlufoodtrailer.com\/wp-content\/uploads\/2021\/12\/2.gif","contentUrl":"https:\/\/www.honlufoodtrailer.com\/wp-content\/uploads\/2021\/12\/2.gif","width":350,"height":100,"caption":"Honlu food trailer"},"image":{"@id":"https:\/\/www.honlufoodtrailer.com\/#\/schema\/logo\/image\/"}}]}},"_links":{"self":[{"href":"https:\/\/www.honlufoodtrailer.com\/sq\/wp-json\/wp\/v2\/product\/8306","targetHints":{"allow":["GET"]}}],"collection":[{"href":"https:\/\/www.honlufoodtrailer.com\/sq\/wp-json\/wp\/v2\/product"}],"about":[{"href":"https:\/\/www.honlufoodtrailer.com\/sq\/wp-json\/wp\/v2\/types\/product"}],"version-history":[{"count":0,"href":"https:\/\/www.honlufoodtrailer.com\/sq\/wp-json\/wp\/v2\/product\/8306\/revisions"}],"wp:featuredmedia":[{"embeddable":true,"href":"https:\/\/www.honlufoodtrailer.com\/sq\/wp-json\/wp\/v2\/media\/8309"}],"wp:attachment":[{"href":"https:\/\/www.honlufoodtrailer.com\/sq\/wp-json\/wp\/v2\/media?parent=8306"}],"wp:term":[{"taxonomy":"product_brand","embeddable":true,"href":"https:\/\/www.honlufoodtrailer.com\/sq\/wp-json\/wp\/v2\/product_brand?post=8306"},{"taxonomy":"product_cat","embeddable":true,"href":"https:\/\/www.honlufoodtrailer.com\/sq\/wp-json\/wp\/v2\/product_cat?post=8306"},{"taxonomy":"product_tag","embeddable":true,"href":"https:\/\/www.honlufoodtrailer.com\/sq\/wp-json\/wp\/v2\/product_tag?post=8306"}],"curies":[{"name":"wp","href":"https:\/\/api.w.org\/{rel}","templated":true}]}}