{"id":8600,"date":"2024-10-16T18:30:13","date_gmt":"2024-10-16T10:30:13","guid":{"rendered":"https:\/\/www.honlufoodtrailer.com\/?post_type=product&#038;p=8600"},"modified":"2025-02-14T13:56:42","modified_gmt":"2025-02-14T05:56:42","slug":"18ft-us-standard-mobile-burger-truck","status":"publish","type":"product","link":"https:\/\/www.honlufoodtrailer.com\/sq\/product\/18ft-us-standard-mobile-burger-truck\/","title":{"rendered":"Kamion Burger\u00ebsh Standard 18ft i SHBA-s\u00eb"},"content":{"rendered":"<p>A po k\u00ebrkoni nj\u00eb kamion hamburger\u00ebsh t\u00eb l\u00ebvizsh\u00ebm p\u00ebr shitje? Shikoni k\u00ebt\u00eb kamion hamburger\u00ebsh 18 metra t\u00eb gjat\u00eb q\u00eb kemi prodhuar p\u00ebr nj\u00eb nga klient\u00ebt tan\u00eb. Si\u00e7 mund ta shihni, ky kamion hamburger\u00ebsh i l\u00ebvizsh\u00ebm ka nj\u00eb dizajn t\u00eb bukur. \u00cbsht\u00eb e sigurt se ky kamion hamburger\u00ebsh do t\u00eb mahnis\u00eb turm\u00ebn nat\u00ebn. Tani, le ta shohim k\u00ebt\u00eb kamion hamburger\u00ebsh n\u00eb detaje. S\u00eb pari, le t\u00eb shohim disa fotografi.<\/p>\n<p><img fetchpriority=\"high\" decoding=\"async\" class=\"aligncenter size-full wp-image-8634\" src=\"https:\/\/www.honlufoodtrailer.com\/wp-content\/uploads\/2024\/10\/18ft-mobile-burger-truck.jpg\" alt=\"Kamion hamburger\u00ebsh i l\u00ebvizsh\u00ebm 18 metra\" width=\"720\" height=\"540\" srcset=\"https:\/\/www.honlufoodtrailer.com\/wp-content\/uploads\/2024\/10\/18ft-mobile-burger-truck.jpg 720w, https:\/\/www.honlufoodtrailer.com\/wp-content\/uploads\/2024\/10\/18ft-mobile-burger-truck-480x360.jpg 480w, https:\/\/www.honlufoodtrailer.com\/wp-content\/uploads\/2024\/10\/18ft-mobile-burger-truck-300x225.jpg 300w\" sizes=\"(max-width: 720px) 100vw, 720px\" \/>Nga fotografit\u00eb, mund t\u00eb shohim se ka dy dritare t\u00eb personalizuara n\u00eb pjes\u00ebn e p\u00ebrparme t\u00eb kamionit t\u00eb l\u00ebvizsh\u00ebm t\u00eb hamburger\u00ebve. Kjo do t\u00eb jet\u00eb shum\u00eb e p\u00ebrshtatshme p\u00ebr klient\u00ebt q\u00eb t\u00eb porosisin dhe t\u00eb marrin ushqimet e tyre. Ne kemi personalizuar afishe rreth trupit t\u00eb rimorkios s\u00eb ushqimit sipas preferencave t\u00eb klientit. Meqen\u00ebse kjo rimorkio \u00ebsht\u00eb 5.5 metra e gjat\u00eb, ne e kemi b\u00ebr\u00eb at\u00eb me bosht t\u00eb dyfisht\u00eb q\u00eb \u00ebsht\u00eb m\u00eb i q\u00ebndruesh\u00ebm dhe i q\u00ebndruesh\u00ebm.<\/p>\n<p><img decoding=\"async\" class=\"aligncenter size-full wp-image-8608\" src=\"https:\/\/www.honlufoodtrailer.com\/wp-content\/uploads\/2024\/10\/18ft-mobile-burger-truck-front-view.jpg\" alt=\"Pamje nga p\u00ebrpara e kamionit mobil t\u00eb hamburger\u00ebve 18 metra\" width=\"720\" height=\"540\" srcset=\"https:\/\/www.honlufoodtrailer.com\/wp-content\/uploads\/2024\/10\/18ft-mobile-burger-truck-front-view.jpg 720w, https:\/\/www.honlufoodtrailer.com\/wp-content\/uploads\/2024\/10\/18ft-mobile-burger-truck-front-view-480x360.jpg 480w, https:\/\/www.honlufoodtrailer.com\/wp-content\/uploads\/2024\/10\/18ft-mobile-burger-truck-front-view-300x225.jpg 300w\" sizes=\"(max-width: 720px) 100vw, 720px\" \/><\/p>\n<p>N\u00eb pjes\u00ebn e sip\u00ebrme t\u00eb rimorkios s\u00eb ushqimit, ne e personalizuam tabel\u00ebn ndri\u00e7uese sipas nevojave t\u00eb klientit. N\u00eb pjes\u00ebn e poshtme t\u00eb karroceris\u00eb s\u00eb rimorkios, kemi b\u00ebr\u00eb nj\u00eb shirit ndri\u00e7ues q\u00eb mb\u00ebshtillet rreth rimorkios sipas k\u00ebrkesave t\u00eb klientit. Kjo do ta b\u00ebj\u00eb rimorkion shum\u00eb t\u00ebrheq\u00ebs nat\u00ebn. Brenda kamionit t\u00eb ushqimit, ne kemi instaluar pajisje kuzhine dhe drita sipas k\u00ebrkesave t\u00eb klientit. Tani, le t\u00eb shohim detajet e brendshme t\u00eb k\u00ebtij kamioni ushqimor!<\/p>\n<h3>Detajet e brendshme t\u00eb k\u00ebtij kamioni mobil p\u00ebr hamburger\u00eb 18 k\u00ebmb\u00ebsh<\/h3>\n<p>Shikoni m\u00eb shum\u00eb detaje rreth k\u00ebtij kamioni p\u00ebr hamburger\u00eb. Si\u00e7 mund ta shihni nga fotografit\u00eb m\u00eb posht\u00eb, ne e kemi pajisur k\u00ebt\u00eb rimorkio hamburgeri me pajisje baz\u00eb kuzhine, si\u00e7 jan\u00eb tavolina e pun\u00ebs, lavaman\u00eb, sob\u00eb me gaz, makin\u00eb p\u00ebr skar\u00eb, pllak\u00eb gatimi dhe aspirator etj. T\u00eb gjitha k\u00ebto pajisje kuzhine p\u00ebrmbushin standardin amerikan sipas k\u00ebrkesave t\u00eb klientit. Keni nevoj\u00eb p\u00ebr pajisje t\u00eb tjera kuzhine? Shikoni pajisjet tona. <a href=\"https:\/\/www.honlufoodtrailer.com\/sq\/product\/\" target=\"_blank\" rel=\"noopener\">pajisje ndihm\u00ebse<\/a> k\u00ebtu.<br \/>\n<img decoding=\"async\" class=\"aligncenter size-full wp-image-8632\" src=\"https:\/\/www.honlufoodtrailer.com\/wp-content\/uploads\/2024\/10\/18ft-mobile-burger-truck-inner-details.jpg\" alt=\"Detajet e brendshme t\u00eb kamionit mobil p\u00ebr hamburger\u00eb 18 k\u00ebmb\u00ebsh\" width=\"800\" height=\"800\" srcset=\"https:\/\/www.honlufoodtrailer.com\/wp-content\/uploads\/2024\/10\/18ft-mobile-burger-truck-inner-details.jpg 800w, https:\/\/www.honlufoodtrailer.com\/wp-content\/uploads\/2024\/10\/18ft-mobile-burger-truck-inner-details-768x768.jpg 768w, https:\/\/www.honlufoodtrailer.com\/wp-content\/uploads\/2024\/10\/18ft-mobile-burger-truck-inner-details-360x360.jpg 360w, https:\/\/www.honlufoodtrailer.com\/wp-content\/uploads\/2024\/10\/18ft-mobile-burger-truck-inner-details-300x300.jpg 300w, https:\/\/www.honlufoodtrailer.com\/wp-content\/uploads\/2024\/10\/18ft-mobile-burger-truck-inner-details-720x720.jpg 720w, https:\/\/www.honlufoodtrailer.com\/wp-content\/uploads\/2024\/10\/18ft-mobile-burger-truck-inner-details-100x100.jpg 100w\" sizes=\"(max-width: 800px) 100vw, 800px\" \/><\/p>\n<p><img loading=\"lazy\" decoding=\"async\" class=\"aligncenter size-full wp-image-8611\" src=\"https:\/\/www.honlufoodtrailer.com\/wp-content\/uploads\/2024\/10\/18ft-mobile-burger-truck-interior-structure.jpg\" alt=\"Struktura e brendshme e kamionit t\u00eb l\u00ebvizsh\u00ebm p\u00ebr hamburger\u00eb 18 metra\" width=\"720\" height=\"540\" srcset=\"https:\/\/www.honlufoodtrailer.com\/wp-content\/uploads\/2024\/10\/18ft-mobile-burger-truck-interior-structure.jpg 720w, https:\/\/www.honlufoodtrailer.com\/wp-content\/uploads\/2024\/10\/18ft-mobile-burger-truck-interior-structure-480x360.jpg 480w, https:\/\/www.honlufoodtrailer.com\/wp-content\/uploads\/2024\/10\/18ft-mobile-burger-truck-interior-structure-300x225.jpg 300w\" sizes=\"(max-width: 720px) 100vw, 720px\" \/> <img loading=\"lazy\" decoding=\"async\" class=\"aligncenter size-full wp-image-8610\" src=\"https:\/\/www.honlufoodtrailer.com\/wp-content\/uploads\/2024\/10\/18ft-mobile-burger-truck-inner-view.jpg\" alt=\"Pamje nga brenda e kamionit mobil t\u00eb hamburger\u00ebve 18 metra\" width=\"720\" height=\"540\" srcset=\"https:\/\/www.honlufoodtrailer.com\/wp-content\/uploads\/2024\/10\/18ft-mobile-burger-truck-inner-view.jpg 720w, https:\/\/www.honlufoodtrailer.com\/wp-content\/uploads\/2024\/10\/18ft-mobile-burger-truck-inner-view-480x360.jpg 480w, https:\/\/www.honlufoodtrailer.com\/wp-content\/uploads\/2024\/10\/18ft-mobile-burger-truck-inner-view-300x225.jpg 300w\" sizes=\"(max-width: 720px) 100vw, 720px\" \/> <img loading=\"lazy\" decoding=\"async\" class=\"aligncenter size-full wp-image-8609\" src=\"https:\/\/www.honlufoodtrailer.com\/wp-content\/uploads\/2024\/10\/18ft-mobile-burger-truck-inner-structure.jpg\" alt=\"Struktura e brendshme e kamionit t\u00eb l\u00ebvizsh\u00ebm p\u00ebr hamburger\u00eb 18 k\u00ebmb\u00ebsh\" width=\"720\" height=\"540\" srcset=\"https:\/\/www.honlufoodtrailer.com\/wp-content\/uploads\/2024\/10\/18ft-mobile-burger-truck-inner-structure.jpg 720w, https:\/\/www.honlufoodtrailer.com\/wp-content\/uploads\/2024\/10\/18ft-mobile-burger-truck-inner-structure-480x360.jpg 480w, https:\/\/www.honlufoodtrailer.com\/wp-content\/uploads\/2024\/10\/18ft-mobile-burger-truck-inner-structure-300x225.jpg 300w\" sizes=\"(max-width: 720px) 100vw, 720px\" \/><br \/>\nSi prodhues dhe eksportues rimorkiosh ushqimi me m\u00eb shum\u00eb se 10 vjet p\u00ebrvoj\u00eb, ne mund t&#039;ju ndihmojm\u00eb t\u00eb projektoni dhe prodhoni tuajin. <a href=\"https:\/\/www.honlufoodtrailer.com\/sq\/product\/\" target=\"_blank\" rel=\"noopener\">rimorkio ushqimore<\/a> sipas standardeve tuaja lokale. Madh\u00ebsia, ngjyra e karroceris\u00eb, ngjit\u00ebset, sinjalistika dhe pajisjet e kuzhin\u00ebs s\u00eb rimorkios s\u00eb ushqimit mund t\u00eb personalizohen. Mos hezitoni t\u00eb na kontaktoni dhe t\u00eb na tregoni k\u00ebrkesat tuaja t\u00eb detajuara!<\/p>\n<h3>M\u00eb shum\u00eb detaje<\/h3>\n<p>Shikoni m\u00eb shum\u00eb detaje rreth k\u00ebtij kamioni mobil p\u00ebr hamburger\u00eb 18 metra. Ne mund ta personalizojm\u00eb pjes\u00ebn e brendshme dhe t\u00eb jashtme t\u00eb kamion\u00ebve t\u00eb ushqimit sipas k\u00ebrkesave t\u00eb klientit. Thjesht na kontaktoni dhe na tregoni k\u00ebrkesat tuaja t\u00eb detajuara!<br \/>\n<img loading=\"lazy\" decoding=\"async\" class=\"aligncenter size-full wp-image-8633\" src=\"https:\/\/www.honlufoodtrailer.com\/wp-content\/uploads\/2024\/10\/18ft-mobile-burger-truck-manufacture-details.jpg\" alt=\"Detajet e prodhimit t\u00eb kamionit celular p\u00ebr hamburger\u00eb 18ft\" width=\"800\" height=\"800\" srcset=\"https:\/\/www.honlufoodtrailer.com\/wp-content\/uploads\/2024\/10\/18ft-mobile-burger-truck-manufacture-details.jpg 800w, https:\/\/www.honlufoodtrailer.com\/wp-content\/uploads\/2024\/10\/18ft-mobile-burger-truck-manufacture-details-768x768.jpg 768w, https:\/\/www.honlufoodtrailer.com\/wp-content\/uploads\/2024\/10\/18ft-mobile-burger-truck-manufacture-details-360x360.jpg 360w, https:\/\/www.honlufoodtrailer.com\/wp-content\/uploads\/2024\/10\/18ft-mobile-burger-truck-manufacture-details-300x300.jpg 300w, https:\/\/www.honlufoodtrailer.com\/wp-content\/uploads\/2024\/10\/18ft-mobile-burger-truck-manufacture-details-720x720.jpg 720w, https:\/\/www.honlufoodtrailer.com\/wp-content\/uploads\/2024\/10\/18ft-mobile-burger-truck-manufacture-details-100x100.jpg 100w\" sizes=\"(max-width: 800px) 100vw, 800px\" \/><\/p>\n<h3>M\u00eb shum\u00eb rimorkio p\u00ebr hamburger\u00eb<\/h3>\n<p>Shikoni m\u00eb shum\u00eb nga rimorkiot tona t\u00eb l\u00ebvizshme p\u00ebr hamburger\u00eb: <a href=\"https:\/\/www.honlufoodtrailer.com\/sq\/product\/burger-van-catering-trailer\/\" target=\"_blank\" rel=\"noopener\">Rimorkio katering furgon burger 6 m<\/a> dhe <a href=\"https:\/\/www.honlufoodtrailer.com\/sq\/product\/4-5m-hamburger-trailer\/\" target=\"_blank\" rel=\"noopener\">Stacion hamburger\u00ebsh 4.5m<\/a>.<\/p>\n<figure id=\"attachment_7948\" aria-describedby=\"caption-attachment-7948\" style=\"width: 720px\" class=\"wp-caption aligncenter\"><a href=\"https:\/\/www.honlufoodtrailer.com\/sq\/product\/burger-van-catering-trailer\/\" target=\"_blank\" rel=\"noopener\"><img loading=\"lazy\" decoding=\"async\" class=\"wp-image-7948 size-full\" src=\"https:\/\/www.honlufoodtrailer.com\/wp-content\/uploads\/2024\/07\/6m-burger-van-trailer-for-sale.jpg\" alt=\"Shitet kamion\u00e7in\u00eb burger 6 m\" width=\"720\" height=\"540\" srcset=\"https:\/\/www.honlufoodtrailer.com\/wp-content\/uploads\/2024\/07\/6m-burger-van-trailer-for-sale.jpg 720w, https:\/\/www.honlufoodtrailer.com\/wp-content\/uploads\/2024\/07\/6m-burger-van-trailer-for-sale-480x360.jpg 480w, https:\/\/www.honlufoodtrailer.com\/wp-content\/uploads\/2024\/07\/6m-burger-van-trailer-for-sale-300x225.jpg 300w\" sizes=\"(max-width: 720px) 100vw, 720px\" \/><\/a><figcaption id=\"caption-attachment-7948\" class=\"wp-caption-text\">Shitet kamion\u00e7in\u00eb burger 6 m<\/figcaption><\/figure>\n<p><figure id=\"attachment_7968\" aria-describedby=\"caption-attachment-7968\" style=\"width: 720px\" class=\"wp-caption aligncenter\"><img loading=\"lazy\" decoding=\"async\" class=\"wp-image-7968 size-full\" src=\"https:\/\/www.honlufoodtrailer.com\/wp-content\/uploads\/2024\/07\/4.5m-hamburger-trailer.jpg\" alt=\"Rimorkio p\u00ebr hamburger\u00eb 4.5 metra\" width=\"720\" height=\"540\" srcset=\"https:\/\/www.honlufoodtrailer.com\/wp-content\/uploads\/2024\/07\/4.5m-hamburger-trailer.jpg 720w, https:\/\/www.honlufoodtrailer.com\/wp-content\/uploads\/2024\/07\/4.5m-hamburger-trailer-480x360.jpg 480w, https:\/\/www.honlufoodtrailer.com\/wp-content\/uploads\/2024\/07\/4.5m-hamburger-trailer-300x225.jpg 300w\" sizes=\"(max-width: 720px) 100vw, 720px\" \/><figcaption id=\"caption-attachment-7968\" class=\"wp-caption-text\">Rimorkio p\u00ebr hamburger\u00eb 4.5 metra<\/figcaption><\/figure><br \/>\nN\u00ebse jeni t\u00eb interesuar p\u00ebr ndonj\u00eb lloj t\u00eb rimorkiove tona t\u00eb ushqimit, ose d\u00ebshironi nj\u00eb t\u00eb personalizuar, ju lutemi mos hezitoni t\u00eb na kontaktoni tani! Thjesht lini nj\u00eb mesazh n\u00eb formularin m\u00eb posht\u00eb, ne do t&#039;ju p\u00ebrgjigjemi sa m\u00eb shpejt t\u00eb jet\u00eb e mundur.<\/p>","protected":false},"excerpt":{"rendered":"<p>Kjo \u00ebsht\u00eb\u00a0<span style=\"box-sizing: border-box; margin: 0px; padding: 0px;\">Nj\u00eb kamion i l\u00ebvizsh\u00ebm p\u00ebr hamburger\u00eb 18 metra i punuar me porosi \u00ebsht\u00eb n\u00eb shitje. \u00cbsht\u00eb nj\u00eb model i popullarizuar n\u00eb mesin e njer\u00ebzve q\u00eb duan t\u00eb fillojn\u00eb nj\u00eb biznes rimorkiosh ushqimi t\u00eb l\u00ebvizsh\u00ebm. <strong>Ju lutemi klikoni skedat e m\u00ebposhtme p\u00ebr t\u00eb par\u00eb m\u00eb shum\u00eb detaje rreth k\u00ebtij kamioni ushqimor<\/strong>. Ne mund t\u00eb prodhojm\u00eb nj\u00eb rimorkio t\u00eb ngjashme p\u00ebr hamburger\u00eb si kjo.<\/span>\u00a0ose personalizoni nj\u00eb p\u00ebr ju. Ju lutemi na kontaktoni dhe na tregoni k\u00ebrkesat tuaja t\u00eb detajuara. Thjesht mos hezitoni t\u00eb na kontaktoni tani!<\/p>","protected":false},"featured_media":8607,"template":"","meta":{"_themeisle_gutenberg_block_has_review":false},"product_brand":[],"product_cat":[26],"product_tag":[83,98],"class_list":{"0":"post-8600","1":"product","2":"type-product","3":"status-publish","4":"has-post-thumbnail","6":"product_cat-product","7":"product_tag-18ft-food-trailer","8":"product_tag-burger-trailer","10":"first","11":"instock","12":"featured","13":"shipping-taxable","14":"product-type-simple"},"yoast_head":"<!-- This site is optimized with the Yoast SEO plugin v27.5 - https:\/\/yoast.com\/product\/yoast-seo-wordpress\/ -->\n<title>Mobile Burger Truck from China - Honlu Food Trailer<\/title>\n<meta name=\"description\" content=\"Looking for a mobile burger truck for sale? see this one here! Get a similar or customized one at a reasonable price now!\" \/>\n<meta name=\"robots\" content=\"index, follow, max-snippet:-1, max-image-preview:large, max-video-preview:-1\" \/>\n<link rel=\"canonical\" href=\"https:\/\/www.honlufoodtrailer.com\/sq\/product\/18ft-us-standard-mobile-burger-truck\/\" \/>\n<meta property=\"og:locale\" content=\"sq_AL\" \/>\n<meta property=\"og:type\" content=\"article\" \/>\n<meta property=\"og:title\" content=\"Mobile Burger Truck from China - Honlu Food Trailer\" \/>\n<meta property=\"og:description\" content=\"Looking for a mobile burger truck for sale? see this one here! Get a similar or customized one at a reasonable price now!\" \/>\n<meta property=\"og:url\" content=\"https:\/\/www.honlufoodtrailer.com\/sq\/product\/18ft-us-standard-mobile-burger-truck\/\" \/>\n<meta property=\"og:site_name\" content=\"Honlu food trailer\" \/>\n<meta property=\"article:modified_time\" content=\"2025-02-14T05:56:42+00:00\" \/>\n<meta property=\"og:image\" content=\"https:\/\/www.honlufoodtrailer.com\/wp-content\/uploads\/2024\/10\/18ft-mobile-burger-truck-for-sale.jpg\" \/>\n\t<meta property=\"og:image:width\" content=\"720\" \/>\n\t<meta property=\"og:image:height\" content=\"540\" \/>\n\t<meta property=\"og:image:type\" content=\"image\/jpeg\" \/>\n<meta name=\"twitter:card\" content=\"summary_large_image\" \/>\n<meta name=\"twitter:label1\" content=\"Est. reading time\" \/>\n\t<meta name=\"twitter:data1\" content=\"1 minut\u00eb\" \/>\n<script type=\"application\/ld+json\" class=\"yoast-schema-graph\">{\"@context\":\"https:\\\/\\\/schema.org\",\"@graph\":[{\"@type\":\"WebPage\",\"@id\":\"https:\\\/\\\/www.honlufoodtrailer.com\\\/product\\\/18ft-us-standard-mobile-burger-truck\\\/\",\"url\":\"https:\\\/\\\/www.honlufoodtrailer.com\\\/product\\\/18ft-us-standard-mobile-burger-truck\\\/\",\"name\":\"Mobile Burger Truck from China - Honlu Food Trailer\",\"isPartOf\":{\"@id\":\"https:\\\/\\\/www.honlufoodtrailer.com\\\/#website\"},\"primaryImageOfPage\":{\"@id\":\"https:\\\/\\\/www.honlufoodtrailer.com\\\/product\\\/18ft-us-standard-mobile-burger-truck\\\/#primaryimage\"},\"image\":{\"@id\":\"https:\\\/\\\/www.honlufoodtrailer.com\\\/product\\\/18ft-us-standard-mobile-burger-truck\\\/#primaryimage\"},\"thumbnailUrl\":\"https:\\\/\\\/www.honlufoodtrailer.com\\\/wp-content\\\/uploads\\\/2024\\\/10\\\/18ft-mobile-burger-truck-for-sale.jpg\",\"datePublished\":\"2024-10-16T10:30:13+00:00\",\"dateModified\":\"2025-02-14T05:56:42+00:00\",\"description\":\"Looking for a mobile burger truck for sale? see this one here! Get a similar or customized one at a reasonable price now!\",\"breadcrumb\":{\"@id\":\"https:\\\/\\\/www.honlufoodtrailer.com\\\/product\\\/18ft-us-standard-mobile-burger-truck\\\/#breadcrumb\"},\"inLanguage\":\"sq\",\"potentialAction\":[{\"@type\":\"ReadAction\",\"target\":[\"https:\\\/\\\/www.honlufoodtrailer.com\\\/product\\\/18ft-us-standard-mobile-burger-truck\\\/\"]}]},{\"@type\":\"ImageObject\",\"inLanguage\":\"sq\",\"@id\":\"https:\\\/\\\/www.honlufoodtrailer.com\\\/product\\\/18ft-us-standard-mobile-burger-truck\\\/#primaryimage\",\"url\":\"https:\\\/\\\/www.honlufoodtrailer.com\\\/wp-content\\\/uploads\\\/2024\\\/10\\\/18ft-mobile-burger-truck-for-sale.jpg\",\"contentUrl\":\"https:\\\/\\\/www.honlufoodtrailer.com\\\/wp-content\\\/uploads\\\/2024\\\/10\\\/18ft-mobile-burger-truck-for-sale.jpg\",\"width\":720,\"height\":540,\"caption\":\"18ft mobile burger truck for sale\"},{\"@type\":\"BreadcrumbList\",\"@id\":\"https:\\\/\\\/www.honlufoodtrailer.com\\\/product\\\/18ft-us-standard-mobile-burger-truck\\\/#breadcrumb\",\"itemListElement\":[{\"@type\":\"ListItem\",\"position\":1,\"name\":\"Home\",\"item\":\"https:\\\/\\\/www.honlufoodtrailer.com\\\/\"},{\"@type\":\"ListItem\",\"position\":2,\"name\":\"\u4ea7\u54c1\",\"item\":\"https:\\\/\\\/www.honlufoodtrailer.com\\\/shop\\\/\"},{\"@type\":\"ListItem\",\"position\":3,\"name\":\"18ft Us Standard Mobile Burger Truck\"}]},{\"@type\":\"WebSite\",\"@id\":\"https:\\\/\\\/www.honlufoodtrailer.com\\\/#website\",\"url\":\"https:\\\/\\\/www.honlufoodtrailer.com\\\/\",\"name\":\"Honlu food trailer\",\"description\":\"\",\"publisher\":{\"@id\":\"https:\\\/\\\/www.honlufoodtrailer.com\\\/#organization\"},\"potentialAction\":[{\"@type\":\"SearchAction\",\"target\":{\"@type\":\"EntryPoint\",\"urlTemplate\":\"https:\\\/\\\/www.honlufoodtrailer.com\\\/?s={search_term_string}\"},\"query-input\":{\"@type\":\"PropertyValueSpecification\",\"valueRequired\":true,\"valueName\":\"search_term_string\"}}],\"inLanguage\":\"sq\"},{\"@type\":\"Organization\",\"@id\":\"https:\\\/\\\/www.honlufoodtrailer.com\\\/#organization\",\"name\":\"Honlu food trailer\",\"url\":\"https:\\\/\\\/www.honlufoodtrailer.com\\\/\",\"logo\":{\"@type\":\"ImageObject\",\"inLanguage\":\"sq\",\"@id\":\"https:\\\/\\\/www.honlufoodtrailer.com\\\/#\\\/schema\\\/logo\\\/image\\\/\",\"url\":\"https:\\\/\\\/www.honlufoodtrailer.com\\\/wp-content\\\/uploads\\\/2021\\\/12\\\/2.gif\",\"contentUrl\":\"https:\\\/\\\/www.honlufoodtrailer.com\\\/wp-content\\\/uploads\\\/2021\\\/12\\\/2.gif\",\"width\":350,\"height\":100,\"caption\":\"Honlu food trailer\"},\"image\":{\"@id\":\"https:\\\/\\\/www.honlufoodtrailer.com\\\/#\\\/schema\\\/logo\\\/image\\\/\"}}]}<\/script>\n<!-- \/ Yoast SEO plugin. -->","yoast_head_json":{"title":"Kamion i l\u00ebvizsh\u00ebm p\u00ebr hamburger\u00eb nga Kina - Rimorkio ushqimore Honlu","description":"Duke k\u00ebrkuar p\u00ebr nj\u00eb kamion hamburger\u00ebsh t\u00eb l\u00ebvizsh\u00ebm p\u00ebr shitje? Shiheni k\u00ebt\u00eb k\u00ebtu! Merrni nj\u00eb t\u00eb ngjash\u00ebm ose t\u00eb personalizuar me nj\u00eb \u00e7mim t\u00eb arsyesh\u00ebm tani!","robots":{"index":"index","follow":"follow","max-snippet":"max-snippet:-1","max-image-preview":"max-image-preview:large","max-video-preview":"max-video-preview:-1"},"canonical":"https:\/\/www.honlufoodtrailer.com\/sq\/product\/18ft-us-standard-mobile-burger-truck\/","og_locale":"sq_AL","og_type":"article","og_title":"Mobile Burger Truck from China - Honlu Food Trailer","og_description":"Looking for a mobile burger truck for sale? see this one here! Get a similar or customized one at a reasonable price now!","og_url":"https:\/\/www.honlufoodtrailer.com\/sq\/product\/18ft-us-standard-mobile-burger-truck\/","og_site_name":"Honlu food trailer","article_modified_time":"2025-02-14T05:56:42+00:00","og_image":[{"width":720,"height":540,"url":"https:\/\/www.honlufoodtrailer.com\/wp-content\/uploads\/2024\/10\/18ft-mobile-burger-truck-for-sale.jpg","type":"image\/jpeg"}],"twitter_card":"summary_large_image","twitter_misc":{"Est. reading time":"1 minut\u00eb"},"schema":{"@context":"https:\/\/schema.org","@graph":[{"@type":"WebPage","@id":"https:\/\/www.honlufoodtrailer.com\/product\/18ft-us-standard-mobile-burger-truck\/","url":"https:\/\/www.honlufoodtrailer.com\/product\/18ft-us-standard-mobile-burger-truck\/","name":"Kamion i l\u00ebvizsh\u00ebm p\u00ebr hamburger\u00eb nga Kina - Rimorkio ushqimore Honlu","isPartOf":{"@id":"https:\/\/www.honlufoodtrailer.com\/#website"},"primaryImageOfPage":{"@id":"https:\/\/www.honlufoodtrailer.com\/product\/18ft-us-standard-mobile-burger-truck\/#primaryimage"},"image":{"@id":"https:\/\/www.honlufoodtrailer.com\/product\/18ft-us-standard-mobile-burger-truck\/#primaryimage"},"thumbnailUrl":"https:\/\/www.honlufoodtrailer.com\/wp-content\/uploads\/2024\/10\/18ft-mobile-burger-truck-for-sale.jpg","datePublished":"2024-10-16T10:30:13+00:00","dateModified":"2025-02-14T05:56:42+00:00","description":"Duke k\u00ebrkuar p\u00ebr nj\u00eb kamion hamburger\u00ebsh t\u00eb l\u00ebvizsh\u00ebm p\u00ebr shitje? Shiheni k\u00ebt\u00eb k\u00ebtu! Merrni nj\u00eb t\u00eb ngjash\u00ebm ose t\u00eb personalizuar me nj\u00eb \u00e7mim t\u00eb arsyesh\u00ebm tani!","breadcrumb":{"@id":"https:\/\/www.honlufoodtrailer.com\/product\/18ft-us-standard-mobile-burger-truck\/#breadcrumb"},"inLanguage":"sq","potentialAction":[{"@type":"ReadAction","target":["https:\/\/www.honlufoodtrailer.com\/product\/18ft-us-standard-mobile-burger-truck\/"]}]},{"@type":"ImageObject","inLanguage":"sq","@id":"https:\/\/www.honlufoodtrailer.com\/product\/18ft-us-standard-mobile-burger-truck\/#primaryimage","url":"https:\/\/www.honlufoodtrailer.com\/wp-content\/uploads\/2024\/10\/18ft-mobile-burger-truck-for-sale.jpg","contentUrl":"https:\/\/www.honlufoodtrailer.com\/wp-content\/uploads\/2024\/10\/18ft-mobile-burger-truck-for-sale.jpg","width":720,"height":540,"caption":"18ft mobile burger truck for sale"},{"@type":"BreadcrumbList","@id":"https:\/\/www.honlufoodtrailer.com\/product\/18ft-us-standard-mobile-burger-truck\/#breadcrumb","itemListElement":[{"@type":"ListItem","position":1,"name":"Home","item":"https:\/\/www.honlufoodtrailer.com\/"},{"@type":"ListItem","position":2,"name":"\u4ea7\u54c1","item":"https:\/\/www.honlufoodtrailer.com\/shop\/"},{"@type":"ListItem","position":3,"name":"18ft Us Standard Mobile Burger Truck"}]},{"@type":"WebSite","@id":"https:\/\/www.honlufoodtrailer.com\/#website","url":"https:\/\/www.honlufoodtrailer.com\/","name":"Rimorkio ushqimore n\u00eb Honlu","description":"","publisher":{"@id":"https:\/\/www.honlufoodtrailer.com\/#organization"},"potentialAction":[{"@type":"SearchAction","target":{"@type":"EntryPoint","urlTemplate":"https:\/\/www.honlufoodtrailer.com\/?s={search_term_string}"},"query-input":{"@type":"PropertyValueSpecification","valueRequired":true,"valueName":"search_term_string"}}],"inLanguage":"sq"},{"@type":"Organization","@id":"https:\/\/www.honlufoodtrailer.com\/#organization","name":"Rimorkio ushqimore n\u00eb Honlu","url":"https:\/\/www.honlufoodtrailer.com\/","logo":{"@type":"ImageObject","inLanguage":"sq","@id":"https:\/\/www.honlufoodtrailer.com\/#\/schema\/logo\/image\/","url":"https:\/\/www.honlufoodtrailer.com\/wp-content\/uploads\/2021\/12\/2.gif","contentUrl":"https:\/\/www.honlufoodtrailer.com\/wp-content\/uploads\/2021\/12\/2.gif","width":350,"height":100,"caption":"Honlu food trailer"},"image":{"@id":"https:\/\/www.honlufoodtrailer.com\/#\/schema\/logo\/image\/"}}]}},"_links":{"self":[{"href":"https:\/\/www.honlufoodtrailer.com\/sq\/wp-json\/wp\/v2\/product\/8600","targetHints":{"allow":["GET"]}}],"collection":[{"href":"https:\/\/www.honlufoodtrailer.com\/sq\/wp-json\/wp\/v2\/product"}],"about":[{"href":"https:\/\/www.honlufoodtrailer.com\/sq\/wp-json\/wp\/v2\/types\/product"}],"version-history":[{"count":0,"href":"https:\/\/www.honlufoodtrailer.com\/sq\/wp-json\/wp\/v2\/product\/8600\/revisions"}],"wp:featuredmedia":[{"embeddable":true,"href":"https:\/\/www.honlufoodtrailer.com\/sq\/wp-json\/wp\/v2\/media\/8607"}],"wp:attachment":[{"href":"https:\/\/www.honlufoodtrailer.com\/sq\/wp-json\/wp\/v2\/media?parent=8600"}],"wp:term":[{"taxonomy":"product_brand","embeddable":true,"href":"https:\/\/www.honlufoodtrailer.com\/sq\/wp-json\/wp\/v2\/product_brand?post=8600"},{"taxonomy":"product_cat","embeddable":true,"href":"https:\/\/www.honlufoodtrailer.com\/sq\/wp-json\/wp\/v2\/product_cat?post=8600"},{"taxonomy":"product_tag","embeddable":true,"href":"https:\/\/www.honlufoodtrailer.com\/sq\/wp-json\/wp\/v2\/product_tag?post=8600"}],"curies":[{"name":"wp","href":"https:\/\/api.w.org\/{rel}","templated":true}]}}