{"id":8668,"date":"2024-10-22T18:09:44","date_gmt":"2024-10-22T10:09:44","guid":{"rendered":"https:\/\/www.honlufoodtrailer.com\/?post_type=product&#038;p=8668"},"modified":"2025-02-14T13:56:00","modified_gmt":"2025-02-14T05:56:00","slug":"rimorkio-koncesionare-18-ft-e-ngarkuar-plotesisht","status":"publish","type":"product","link":"https:\/\/www.honlufoodtrailer.com\/sq\/product\/18ft-fully-loaded-concession-trailer\/","title":{"rendered":"Rimorkio Koncesionare 18ft me Ngarkes\u00eb t\u00eb Plot\u00eb"},"content":{"rendered":"<p>A po k\u00ebrkoni nj\u00eb rimorkio koncesionare me ngarkes\u00eb t\u00eb plot\u00eb p\u00ebr biznesin tuaj t\u00eb l\u00ebvizsh\u00ebm ushqimor? Shiheni k\u00ebt\u00eb k\u00ebtu! M\u00eb posht\u00eb \u00ebsht\u00eb nj\u00eb rimorkio koncesionare 18 metra me ngarkes\u00eb t\u00eb plot\u00eb e personalizuar. Ne e personalizuam at\u00eb p\u00ebr nj\u00eb klient. I gjith\u00eb automjeti p\u00ebrdor \u00e7elik inox dhe flet\u00eb \u00e7eliku t\u00eb galvanizuar. \u00cbsht\u00eb nj\u00eb zgjedhje e mir\u00eb p\u00ebr drejtimin e nj\u00eb biznesi t\u00eb l\u00ebvizsh\u00ebm ushqimor. Tani, le t\u00eb shohim disa fotografi t\u00eb k\u00ebsaj rimorkioje koncesionare!<\/p>\n<p><img fetchpriority=\"high\" decoding=\"async\" class=\"aligncenter size-full wp-image-8675\" src=\"https:\/\/www.honlufoodtrailer.com\/wp-content\/uploads\/2024\/10\/18ft-fully-loaded-concession-trailer-front-view.jpg\" alt=\"Pamje nga p\u00ebrpara e rimorkios s\u00eb koncesionit 18 ft t\u00eb ngarkuar plot\u00ebsisht\" width=\"720\" height=\"540\" srcset=\"https:\/\/www.honlufoodtrailer.com\/wp-content\/uploads\/2024\/10\/18ft-fully-loaded-concession-trailer-front-view.jpg 720w, https:\/\/www.honlufoodtrailer.com\/wp-content\/uploads\/2024\/10\/18ft-fully-loaded-concession-trailer-front-view-480x360.jpg 480w, https:\/\/www.honlufoodtrailer.com\/wp-content\/uploads\/2024\/10\/18ft-fully-loaded-concession-trailer-front-view-300x225.jpg 300w\" sizes=\"(max-width: 720px) 100vw, 720px\" \/> <img decoding=\"async\" class=\"aligncenter size-full wp-image-8674\" src=\"https:\/\/www.honlufoodtrailer.com\/wp-content\/uploads\/2024\/10\/18ft-fully-loaded-concession-trailer-back-view.jpg\" alt=\"Pamje e pasme e rimorkios s\u00eb koncesionit 18 ft t\u00eb ngarkuar plot\u00ebsisht\" width=\"720\" height=\"540\" srcset=\"https:\/\/www.honlufoodtrailer.com\/wp-content\/uploads\/2024\/10\/18ft-fully-loaded-concession-trailer-back-view.jpg 720w, https:\/\/www.honlufoodtrailer.com\/wp-content\/uploads\/2024\/10\/18ft-fully-loaded-concession-trailer-back-view-480x360.jpg 480w, https:\/\/www.honlufoodtrailer.com\/wp-content\/uploads\/2024\/10\/18ft-fully-loaded-concession-trailer-back-view-300x225.jpg 300w\" sizes=\"(max-width: 720px) 100vw, 720px\" \/><br \/>\nSi\u00e7 mund ta shohim nga fotografit\u00eb m\u00eb sip\u00ebr, ky kamion ushqimi me kuzhin\u00eb t\u00eb plot\u00eb ka afishe n\u00eb t\u00eb gjith\u00eb trupin dhe \u00ebsht\u00eb shum\u00eb t\u00ebrheq\u00ebs p\u00ebr turm\u00ebn. N\u00eb pjes\u00ebn e p\u00ebrparme t\u00eb rimorkios s\u00eb koncesionit, kemi b\u00ebr\u00eb nj\u00eb dritare t\u00eb madhe. Kjo do t\u00eb jet\u00eb shum\u00eb e p\u00ebrshtatshme p\u00ebr klient\u00ebt q\u00eb t\u00eb porosisin dhe t\u00eb marrin ushqimet e tyre. N\u00eb an\u00ebt e majta dhe t\u00eb djathta t\u00eb pjes\u00ebs s\u00eb sip\u00ebrme, kemi instaluar drita LED t\u00eb jashtme p\u00ebr klient\u00ebt. M\u00eb pas, le t\u00eb shohim p\u00ebrdorimin dhe detajet e brendshme t\u00eb k\u00ebtij kamioni ushqimi 18 metra me kuzhin\u00eb t\u00eb plot\u00eb.<\/p>\n<h3>P\u00ebrdorimi i k\u00ebtij rimorkio koncesioni 18ft me ngarkes\u00eb t\u00eb plot\u00eb<\/h3>\n<p>Klient\u00ebt tan\u00eb e p\u00ebrdorin kryesisht k\u00ebt\u00eb kamion ushqimor p\u00ebr t\u00eb shitur ushqime t\u00eb shpejta si hamburger\u00eb, patate t\u00eb skuqura, hamburger\u00eb, pije etj.<\/p>\n<h3>Struktura e Brendshme e k\u00ebtij Rimorkio p\u00ebr Koncesione Ushqimore<\/h3>\n<p>Si\u00e7 mund ta shohim nga fotografit\u00eb m\u00eb posht\u00eb, ne instaluam kryesisht kat\u00ebr lavaman\u00eb, dy tavolina pune t\u00eb gjata prej \u00e7eliku inox me hap\u00ebsir\u00eb p\u00ebr depozitim, disa rubinete uji, nj\u00eb tigan me gaz, nj\u00eb pllak\u00eb gazi, nj\u00eb sob\u00eb me gaz me 4 flak\u00eb dhe furr\u00eb, nj\u00eb banj\u00eb me gaz, nj\u00eb frigorifer p\u00ebr sallata, nj\u00eb frigorifer p\u00ebr pije etj.<\/p>\n<p><img decoding=\"async\" class=\"aligncenter size-full wp-image-8670\" src=\"https:\/\/www.honlufoodtrailer.com\/wp-content\/uploads\/2024\/10\/18ft-fully-equipped-concession-trailer-inner-view.jpg\" alt=\"Pamje nga brenda e rimorkios s\u00eb koncesionit 18 k\u00ebmb\u00eb t\u00eb pajisur plot\u00ebsisht\" width=\"720\" height=\"540\" srcset=\"https:\/\/www.honlufoodtrailer.com\/wp-content\/uploads\/2024\/10\/18ft-fully-equipped-concession-trailer-inner-view.jpg 720w, https:\/\/www.honlufoodtrailer.com\/wp-content\/uploads\/2024\/10\/18ft-fully-equipped-concession-trailer-inner-view-480x360.jpg 480w, https:\/\/www.honlufoodtrailer.com\/wp-content\/uploads\/2024\/10\/18ft-fully-equipped-concession-trailer-inner-view-300x225.jpg 300w\" sizes=\"(max-width: 720px) 100vw, 720px\" \/><img loading=\"lazy\" decoding=\"async\" class=\"aligncenter size-full wp-image-8714\" src=\"https:\/\/www.honlufoodtrailer.com\/wp-content\/uploads\/2024\/10\/18ft-Fully-Loaded-Concession-Trailer-inner-details.jpg\" alt=\"Detajet e brendshme t\u00eb rimorkios s\u00eb koncesionit 18ft me ngarkes\u00eb t\u00eb plot\u00eb\" width=\"800\" height=\"800\" srcset=\"https:\/\/www.honlufoodtrailer.com\/wp-content\/uploads\/2024\/10\/18ft-Fully-Loaded-Concession-Trailer-inner-details.jpg 800w, https:\/\/www.honlufoodtrailer.com\/wp-content\/uploads\/2024\/10\/18ft-Fully-Loaded-Concession-Trailer-inner-details-768x768.jpg 768w, https:\/\/www.honlufoodtrailer.com\/wp-content\/uploads\/2024\/10\/18ft-Fully-Loaded-Concession-Trailer-inner-details-360x360.jpg 360w, https:\/\/www.honlufoodtrailer.com\/wp-content\/uploads\/2024\/10\/18ft-Fully-Loaded-Concession-Trailer-inner-details-300x300.jpg 300w, https:\/\/www.honlufoodtrailer.com\/wp-content\/uploads\/2024\/10\/18ft-Fully-Loaded-Concession-Trailer-inner-details-720x720.jpg 720w, https:\/\/www.honlufoodtrailer.com\/wp-content\/uploads\/2024\/10\/18ft-Fully-Loaded-Concession-Trailer-inner-details-100x100.jpg 100w\" sizes=\"(max-width: 800px) 100vw, 800px\" \/><\/p>\n<h3>M\u00eb shum\u00eb detaje:<\/h3>\n<p>Shikoni m\u00eb shum\u00eb detaje rreth k\u00ebsaj rimorkioje ushqimore t\u00eb ngarkuar plot\u00ebsisht. Si\u00e7 mund ta shihni, t\u00eb gjitha aksesor\u00ebt jan\u00eb n\u00eb p\u00ebrputhje me standardet lokale t\u00eb klientit. Si prodhues dhe eksportues profesional i rimorkiove ushqimore me m\u00eb shum\u00eb se 10 vjet p\u00ebrvoj\u00eb, ne jemi t\u00eb njohur me rregulloret dhe k\u00ebrkesat e shum\u00eb vendeve, k\u00ebshtu q\u00eb do t&#039;ju ofrojm\u00eb kamion\u00eb ushqimor\u00eb q\u00eb plot\u00ebsojn\u00eb k\u00ebrkesat e vendit tuaj. Thjesht na kontaktoni p\u00ebr t\u00eb personalizuar rimorkion tuaj ushqimor!<\/p>\n<p><img loading=\"lazy\" decoding=\"async\" class=\"aligncenter size-full wp-image-8715\" src=\"https:\/\/www.honlufoodtrailer.com\/wp-content\/uploads\/2024\/10\/18ft-Fully-Loaded-Concession-Trailer-more-details.jpg\" alt=\"Rimorkio Koncesionare 18ft me Ngarkes\u00eb t\u00eb Plot\u00eb, m\u00eb shum\u00eb detaje\" width=\"800\" height=\"800\" srcset=\"https:\/\/www.honlufoodtrailer.com\/wp-content\/uploads\/2024\/10\/18ft-Fully-Loaded-Concession-Trailer-more-details.jpg 800w, https:\/\/www.honlufoodtrailer.com\/wp-content\/uploads\/2024\/10\/18ft-Fully-Loaded-Concession-Trailer-more-details-768x768.jpg 768w, https:\/\/www.honlufoodtrailer.com\/wp-content\/uploads\/2024\/10\/18ft-Fully-Loaded-Concession-Trailer-more-details-360x360.jpg 360w, https:\/\/www.honlufoodtrailer.com\/wp-content\/uploads\/2024\/10\/18ft-Fully-Loaded-Concession-Trailer-more-details-300x300.jpg 300w, https:\/\/www.honlufoodtrailer.com\/wp-content\/uploads\/2024\/10\/18ft-Fully-Loaded-Concession-Trailer-more-details-720x720.jpg 720w, https:\/\/www.honlufoodtrailer.com\/wp-content\/uploads\/2024\/10\/18ft-Fully-Loaded-Concession-Trailer-more-details-100x100.jpg 100w\" sizes=\"(max-width: 800px) 100vw, 800px\" \/><\/p>\n<h3 class=\"magic-6\" data-spm-anchor-id=\"a2700.wholesale.0.i28.29e52808agqc7f\">Karakteristikat kryesore t\u00eb rimorkios s\u00eb koncesionit<\/h3>\n<div class=\"magic-7\">\n<div class=\"magic-8\">\n<div class=\"magic-9\" data-id=\"paragraph0\">\n<ol>\n<li>P\u00ebrmbushni standardet lokale;<\/li>\n<li>Struktur\u00eb kompakte dhe planimetri e arsyeshme.<\/li>\n<li>Cil\u00ebsi e fort\u00eb, me nj\u00eb \u00e7mim t\u00eb arsyesh\u00ebm.<\/li>\n<\/ol>\n<h3>Vizatim falas i planit t\u00eb katit 2D\/3D<\/h3>\n<p>Pasi t\u00eb konfirmojm\u00eb dimensionet e rimorkios s\u00eb ushqimit dhe pajisjeve t\u00eb brendshme t\u00eb kuzhin\u00ebs, ne mund t&#039;ju ofrojm\u00eb vizatime 3D falas. Kjo do t&#039;ju jap\u00eb nj\u00eb ide m\u00eb t\u00eb qart\u00eb t\u00eb dizajnit tuaj dhe t\u00eb karroc\u00ebs suaj t\u00eb ushqimit. Kur konfirmojm\u00eb vendndodhjen e pajisjeve t\u00eb kuzhin\u00ebs, ne mund t\u00eb komunikojm\u00eb qart\u00eb me ju p\u00ebrmes planit t\u00eb katit. Gjithashtu mund t&#039;ju ofrojm\u00eb dokumente origjinale p\u00ebr t\u00eb leht\u00ebsuar dizajnin tuaj dhe p\u00ebr t\u00eb b\u00ebr\u00eb rregullime.<\/p>\n<\/div>\n<\/div>\n<\/div>","protected":false},"excerpt":{"rendered":"<p data-spm-anchor-id=\"a2700.wholesale.0.i28.29e52808agqc7f\">Ky \u00ebsht\u00eb nj\u00eb rimorkio koncesionare 18 k\u00ebmb\u00ebsh e ngarkuar plot\u00ebsisht, e personalizuar. I gjith\u00eb automjeti \u00ebsht\u00eb b\u00ebr\u00eb prej \u00e7eliku inox dhe flet\u00eb \u00e7eliku t\u00eb galvanizuar. Mund t\u00eb p\u00ebrdoret p\u00ebr t\u00eb shitur ushqim t\u00eb shpejt\u00eb dhe pije etj. Ne mund t\u00eb prodhojm\u00eb nj\u00eb rimorkio ushqimore t\u00eb ngjashme si kjo, ose ta personalizojm\u00eb nj\u00eb p\u00ebr ju. Madh\u00ebsia, ngjyra e karroceris\u00eb, ngjit\u00ebset, tabelat, pajisjet e kuzhin\u00ebs s\u00eb rimorkios ushqimore mund t\u00eb personalizohen. Plus, t\u00eb gjith\u00eb aksesor\u00ebt do t\u00eb plot\u00ebsojn\u00eb k\u00ebrkesat e klient\u00ebve. Mos hezitoni t\u00eb na kontaktoni dhe t\u00eb na tregoni k\u00ebrkesat tuaja t\u00eb detajuara!<\/p>","protected":false},"featured_media":8679,"template":"","meta":{"_themeisle_gutenberg_block_has_review":false},"product_brand":[],"product_cat":[26],"product_tag":[83],"class_list":{"0":"post-8668","1":"product","2":"type-product","3":"status-publish","4":"has-post-thumbnail","6":"product_cat-product","7":"product_tag-18ft-food-trailer","9":"first","10":"instock","11":"shipping-taxable","12":"product-type-simple"},"yoast_head":"<!-- This site is optimized with the Yoast SEO plugin v27.5 - https:\/\/yoast.com\/product\/yoast-seo-wordpress\/ -->\n<title>18ft Fully Loaded Concession Trailer Fom China Factory - Honlu<\/title>\n<meta name=\"description\" content=\"This is a customized 18ft fully loaded concession trailer. High quality and appealing appearance, get its price here direct from China factory!\" \/>\n<meta name=\"robots\" content=\"index, follow, max-snippet:-1, max-image-preview:large, max-video-preview:-1\" \/>\n<link rel=\"canonical\" href=\"https:\/\/www.honlufoodtrailer.com\/sq\/product\/rimorkio-koncesionare-18-ft-e-ngarkuar-plotesisht\/\" \/>\n<meta property=\"og:locale\" content=\"sq_AL\" \/>\n<meta property=\"og:type\" content=\"article\" \/>\n<meta property=\"og:title\" content=\"18ft Fully Loaded Concession Trailer Fom China Factory - Honlu\" \/>\n<meta property=\"og:description\" content=\"This is a customized 18ft fully loaded concession trailer. High quality and appealing appearance, get its price here direct from China factory!\" \/>\n<meta property=\"og:url\" content=\"https:\/\/www.honlufoodtrailer.com\/sq\/product\/rimorkio-koncesionare-18-ft-e-ngarkuar-plotesisht\/\" \/>\n<meta property=\"og:site_name\" content=\"Honlu food trailer\" \/>\n<meta property=\"article:modified_time\" content=\"2025-02-14T05:56:00+00:00\" \/>\n<meta property=\"og:image\" content=\"https:\/\/www.honlufoodtrailer.com\/wp-content\/uploads\/2024\/10\/fully-loaded-concession-trailer-for-sale.jpg\" \/>\n\t<meta property=\"og:image:width\" content=\"720\" \/>\n\t<meta property=\"og:image:height\" content=\"540\" \/>\n\t<meta property=\"og:image:type\" content=\"image\/jpeg\" \/>\n<meta name=\"twitter:card\" content=\"summary_large_image\" \/>\n<meta name=\"twitter:label1\" content=\"Est. reading time\" \/>\n\t<meta name=\"twitter:data1\" content=\"2 minuta\" \/>\n<script type=\"application\/ld+json\" class=\"yoast-schema-graph\">{\"@context\":\"https:\\\/\\\/schema.org\",\"@graph\":[{\"@type\":\"WebPage\",\"@id\":\"https:\\\/\\\/www.honlufoodtrailer.com\\\/product\\\/18ft-fully-loaded-concession-trailer\\\/\",\"url\":\"https:\\\/\\\/www.honlufoodtrailer.com\\\/product\\\/18ft-fully-loaded-concession-trailer\\\/\",\"name\":\"18ft Fully Loaded Concession Trailer Fom China Factory - Honlu\",\"isPartOf\":{\"@id\":\"https:\\\/\\\/www.honlufoodtrailer.com\\\/#website\"},\"primaryImageOfPage\":{\"@id\":\"https:\\\/\\\/www.honlufoodtrailer.com\\\/product\\\/18ft-fully-loaded-concession-trailer\\\/#primaryimage\"},\"image\":{\"@id\":\"https:\\\/\\\/www.honlufoodtrailer.com\\\/product\\\/18ft-fully-loaded-concession-trailer\\\/#primaryimage\"},\"thumbnailUrl\":\"https:\\\/\\\/www.honlufoodtrailer.com\\\/wp-content\\\/uploads\\\/2024\\\/10\\\/fully-loaded-concession-trailer-for-sale.jpg\",\"datePublished\":\"2024-10-22T10:09:44+00:00\",\"dateModified\":\"2025-02-14T05:56:00+00:00\",\"description\":\"This is a customized 18ft fully loaded concession trailer. High quality and appealing appearance, get its price here direct from China factory!\",\"breadcrumb\":{\"@id\":\"https:\\\/\\\/www.honlufoodtrailer.com\\\/product\\\/18ft-fully-loaded-concession-trailer\\\/#breadcrumb\"},\"inLanguage\":\"sq\",\"potentialAction\":[{\"@type\":\"ReadAction\",\"target\":[\"https:\\\/\\\/www.honlufoodtrailer.com\\\/product\\\/18ft-fully-loaded-concession-trailer\\\/\"]}]},{\"@type\":\"ImageObject\",\"inLanguage\":\"sq\",\"@id\":\"https:\\\/\\\/www.honlufoodtrailer.com\\\/product\\\/18ft-fully-loaded-concession-trailer\\\/#primaryimage\",\"url\":\"https:\\\/\\\/www.honlufoodtrailer.com\\\/wp-content\\\/uploads\\\/2024\\\/10\\\/fully-loaded-concession-trailer-for-sale.jpg\",\"contentUrl\":\"https:\\\/\\\/www.honlufoodtrailer.com\\\/wp-content\\\/uploads\\\/2024\\\/10\\\/fully-loaded-concession-trailer-for-sale.jpg\",\"width\":720,\"height\":540,\"caption\":\"fully loaded concession trailer for sale\"},{\"@type\":\"BreadcrumbList\",\"@id\":\"https:\\\/\\\/www.honlufoodtrailer.com\\\/product\\\/18ft-fully-loaded-concession-trailer\\\/#breadcrumb\",\"itemListElement\":[{\"@type\":\"ListItem\",\"position\":1,\"name\":\"Home\",\"item\":\"https:\\\/\\\/www.honlufoodtrailer.com\\\/\"},{\"@type\":\"ListItem\",\"position\":2,\"name\":\"\u4ea7\u54c1\",\"item\":\"https:\\\/\\\/www.honlufoodtrailer.com\\\/shop\\\/\"},{\"@type\":\"ListItem\",\"position\":3,\"name\":\"18ft Fully Loaded Concession Trailer\"}]},{\"@type\":\"WebSite\",\"@id\":\"https:\\\/\\\/www.honlufoodtrailer.com\\\/#website\",\"url\":\"https:\\\/\\\/www.honlufoodtrailer.com\\\/\",\"name\":\"Honlu food trailer\",\"description\":\"\",\"publisher\":{\"@id\":\"https:\\\/\\\/www.honlufoodtrailer.com\\\/#organization\"},\"potentialAction\":[{\"@type\":\"SearchAction\",\"target\":{\"@type\":\"EntryPoint\",\"urlTemplate\":\"https:\\\/\\\/www.honlufoodtrailer.com\\\/?s={search_term_string}\"},\"query-input\":{\"@type\":\"PropertyValueSpecification\",\"valueRequired\":true,\"valueName\":\"search_term_string\"}}],\"inLanguage\":\"sq\"},{\"@type\":\"Organization\",\"@id\":\"https:\\\/\\\/www.honlufoodtrailer.com\\\/#organization\",\"name\":\"Honlu food trailer\",\"url\":\"https:\\\/\\\/www.honlufoodtrailer.com\\\/\",\"logo\":{\"@type\":\"ImageObject\",\"inLanguage\":\"sq\",\"@id\":\"https:\\\/\\\/www.honlufoodtrailer.com\\\/#\\\/schema\\\/logo\\\/image\\\/\",\"url\":\"https:\\\/\\\/www.honlufoodtrailer.com\\\/wp-content\\\/uploads\\\/2021\\\/12\\\/2.gif\",\"contentUrl\":\"https:\\\/\\\/www.honlufoodtrailer.com\\\/wp-content\\\/uploads\\\/2021\\\/12\\\/2.gif\",\"width\":350,\"height\":100,\"caption\":\"Honlu food trailer\"},\"image\":{\"@id\":\"https:\\\/\\\/www.honlufoodtrailer.com\\\/#\\\/schema\\\/logo\\\/image\\\/\"}}]}<\/script>\n<!-- \/ Yoast SEO plugin. -->","yoast_head_json":{"title":"Rimorkio Koncesionare 18ft me Ngarkes\u00eb t\u00eb Plot\u00eb nga Fabrika e Kin\u00ebs - Honlu","description":"Ky \u00ebsht\u00eb nj\u00eb rimorkio koncesionare 18 ft e ngarkuar plot\u00ebsisht e personalizuar. Cil\u00ebsi e lart\u00eb dhe pamje t\u00ebrheq\u00ebse, merrni \u00e7mimin e saj k\u00ebtu direkt nga fabrika n\u00eb Kin\u00eb!","robots":{"index":"index","follow":"follow","max-snippet":"max-snippet:-1","max-image-preview":"max-image-preview:large","max-video-preview":"max-video-preview:-1"},"canonical":"https:\/\/www.honlufoodtrailer.com\/sq\/product\/rimorkio-koncesionare-18-ft-e-ngarkuar-plotesisht\/","og_locale":"sq_AL","og_type":"article","og_title":"18ft Fully Loaded Concession Trailer Fom China Factory - Honlu","og_description":"This is a customized 18ft fully loaded concession trailer. High quality and appealing appearance, get its price here direct from China factory!","og_url":"https:\/\/www.honlufoodtrailer.com\/sq\/product\/rimorkio-koncesionare-18-ft-e-ngarkuar-plotesisht\/","og_site_name":"Honlu food trailer","article_modified_time":"2025-02-14T05:56:00+00:00","og_image":[{"width":720,"height":540,"url":"https:\/\/www.honlufoodtrailer.com\/wp-content\/uploads\/2024\/10\/fully-loaded-concession-trailer-for-sale.jpg","type":"image\/jpeg"}],"twitter_card":"summary_large_image","twitter_misc":{"Est. reading time":"2 minuta"},"schema":{"@context":"https:\/\/schema.org","@graph":[{"@type":"WebPage","@id":"https:\/\/www.honlufoodtrailer.com\/product\/18ft-fully-loaded-concession-trailer\/","url":"https:\/\/www.honlufoodtrailer.com\/product\/18ft-fully-loaded-concession-trailer\/","name":"Rimorkio Koncesionare 18ft me Ngarkes\u00eb t\u00eb Plot\u00eb nga Fabrika e Kin\u00ebs - Honlu","isPartOf":{"@id":"https:\/\/www.honlufoodtrailer.com\/#website"},"primaryImageOfPage":{"@id":"https:\/\/www.honlufoodtrailer.com\/product\/18ft-fully-loaded-concession-trailer\/#primaryimage"},"image":{"@id":"https:\/\/www.honlufoodtrailer.com\/product\/18ft-fully-loaded-concession-trailer\/#primaryimage"},"thumbnailUrl":"https:\/\/www.honlufoodtrailer.com\/wp-content\/uploads\/2024\/10\/fully-loaded-concession-trailer-for-sale.jpg","datePublished":"2024-10-22T10:09:44+00:00","dateModified":"2025-02-14T05:56:00+00:00","description":"Ky \u00ebsht\u00eb nj\u00eb rimorkio koncesionare 18 ft e ngarkuar plot\u00ebsisht e personalizuar. Cil\u00ebsi e lart\u00eb dhe pamje t\u00ebrheq\u00ebse, merrni \u00e7mimin e saj k\u00ebtu direkt nga fabrika n\u00eb Kin\u00eb!","breadcrumb":{"@id":"https:\/\/www.honlufoodtrailer.com\/product\/18ft-fully-loaded-concession-trailer\/#breadcrumb"},"inLanguage":"sq","potentialAction":[{"@type":"ReadAction","target":["https:\/\/www.honlufoodtrailer.com\/product\/18ft-fully-loaded-concession-trailer\/"]}]},{"@type":"ImageObject","inLanguage":"sq","@id":"https:\/\/www.honlufoodtrailer.com\/product\/18ft-fully-loaded-concession-trailer\/#primaryimage","url":"https:\/\/www.honlufoodtrailer.com\/wp-content\/uploads\/2024\/10\/fully-loaded-concession-trailer-for-sale.jpg","contentUrl":"https:\/\/www.honlufoodtrailer.com\/wp-content\/uploads\/2024\/10\/fully-loaded-concession-trailer-for-sale.jpg","width":720,"height":540,"caption":"fully loaded concession trailer for sale"},{"@type":"BreadcrumbList","@id":"https:\/\/www.honlufoodtrailer.com\/product\/18ft-fully-loaded-concession-trailer\/#breadcrumb","itemListElement":[{"@type":"ListItem","position":1,"name":"Home","item":"https:\/\/www.honlufoodtrailer.com\/"},{"@type":"ListItem","position":2,"name":"\u4ea7\u54c1","item":"https:\/\/www.honlufoodtrailer.com\/shop\/"},{"@type":"ListItem","position":3,"name":"18ft Fully Loaded Concession Trailer"}]},{"@type":"WebSite","@id":"https:\/\/www.honlufoodtrailer.com\/#website","url":"https:\/\/www.honlufoodtrailer.com\/","name":"Rimorkio ushqimore n\u00eb Honlu","description":"","publisher":{"@id":"https:\/\/www.honlufoodtrailer.com\/#organization"},"potentialAction":[{"@type":"SearchAction","target":{"@type":"EntryPoint","urlTemplate":"https:\/\/www.honlufoodtrailer.com\/?s={search_term_string}"},"query-input":{"@type":"PropertyValueSpecification","valueRequired":true,"valueName":"search_term_string"}}],"inLanguage":"sq"},{"@type":"Organization","@id":"https:\/\/www.honlufoodtrailer.com\/#organization","name":"Rimorkio ushqimore n\u00eb Honlu","url":"https:\/\/www.honlufoodtrailer.com\/","logo":{"@type":"ImageObject","inLanguage":"sq","@id":"https:\/\/www.honlufoodtrailer.com\/#\/schema\/logo\/image\/","url":"https:\/\/www.honlufoodtrailer.com\/wp-content\/uploads\/2021\/12\/2.gif","contentUrl":"https:\/\/www.honlufoodtrailer.com\/wp-content\/uploads\/2021\/12\/2.gif","width":350,"height":100,"caption":"Honlu food trailer"},"image":{"@id":"https:\/\/www.honlufoodtrailer.com\/#\/schema\/logo\/image\/"}}]}},"_links":{"self":[{"href":"https:\/\/www.honlufoodtrailer.com\/sq\/wp-json\/wp\/v2\/product\/8668","targetHints":{"allow":["GET"]}}],"collection":[{"href":"https:\/\/www.honlufoodtrailer.com\/sq\/wp-json\/wp\/v2\/product"}],"about":[{"href":"https:\/\/www.honlufoodtrailer.com\/sq\/wp-json\/wp\/v2\/types\/product"}],"version-history":[{"count":0,"href":"https:\/\/www.honlufoodtrailer.com\/sq\/wp-json\/wp\/v2\/product\/8668\/revisions"}],"wp:featuredmedia":[{"embeddable":true,"href":"https:\/\/www.honlufoodtrailer.com\/sq\/wp-json\/wp\/v2\/media\/8679"}],"wp:attachment":[{"href":"https:\/\/www.honlufoodtrailer.com\/sq\/wp-json\/wp\/v2\/media?parent=8668"}],"wp:term":[{"taxonomy":"product_brand","embeddable":true,"href":"https:\/\/www.honlufoodtrailer.com\/sq\/wp-json\/wp\/v2\/product_brand?post=8668"},{"taxonomy":"product_cat","embeddable":true,"href":"https:\/\/www.honlufoodtrailer.com\/sq\/wp-json\/wp\/v2\/product_cat?post=8668"},{"taxonomy":"product_tag","embeddable":true,"href":"https:\/\/www.honlufoodtrailer.com\/sq\/wp-json\/wp\/v2\/product_tag?post=8668"}],"curies":[{"name":"wp","href":"https:\/\/api.w.org\/{rel}","templated":true}]}}