{"id":8918,"date":"2024-11-01T16:53:39","date_gmt":"2024-11-01T08:53:39","guid":{"rendered":"https:\/\/www.honlufoodtrailer.com\/?post_type=product&#038;p=8918"},"modified":"2025-02-14T13:54:56","modified_gmt":"2025-02-14T05:54:56","slug":"16ft-dumpling-food-truck","status":"publish","type":"product","link":"https:\/\/www.honlufoodtrailer.com\/sq\/product\/16ft-dumpling-food-truck\/","title":{"rendered":"Kamion ushqimi 16ft me petulla"},"content":{"rendered":"<div data-elementor-type=\"product-post\" data-elementor-id=\"8918\" class=\"elementor elementor-8918\">\n\t\t\t\t\t\t<section class=\"elementor-section elementor-top-section elementor-element elementor-element-2573c8ce elementor-section-boxed elementor-section-height-default elementor-section-height-default\" data-id=\"2573c8ce\" data-element_type=\"section\" data-e-type=\"section\">\n\t\t\t\t\t\t<div class=\"elementor-container elementor-column-gap-default\">\n\t\t\t\t\t<div class=\"elementor-column elementor-col-100 elementor-top-column elementor-element elementor-element-86c3ae0\" data-id=\"86c3ae0\" data-element_type=\"column\" data-e-type=\"column\">\n\t\t\t<div class=\"elementor-widget-wrap elementor-element-populated\">\n\t\t\t\t\t\t<div class=\"elementor-element elementor-element-20e4e958 elementor-widget elementor-widget-text-editor\" data-id=\"20e4e958\" data-element_type=\"widget\" data-e-type=\"widget\" data-widget_type=\"text-editor.default\">\n\t\t\t\t<div class=\"elementor-widget-container\">\n\t\t\t\t\t\t\t\t\tAre you looking for a concession trailer for your mobile food business? See this 16ft dumpling food truck here! Below is a customized 16ft fully loaded concession trailer. We customized it for a customer. The whole vehicle adopts stainless steel and galvanized sheet steel. It is a good choice for running a mobile food business. Now, let&#8217;s see some pictures of this concession trailer!\r\n\r\n<img fetchpriority=\"high\" decoding=\"async\" class=\"aligncenter size-full wp-image-8907\" src=\"https:\/\/www.honlufoodtrailer.com\/wp-content\/uploads\/2024\/11\/16ft-steamy-dumpling-trailer-front-view.jpg\" alt=\"Pamje nga p\u00ebrpara e rimorkios me petulla 16 k\u00ebmb\u00ebsh me avull\" width=\"720\" height=\"540\" srcset=\"https:\/\/www.honlufoodtrailer.com\/wp-content\/uploads\/2024\/11\/16ft-steamy-dumpling-trailer-front-view.jpg 720w, https:\/\/www.honlufoodtrailer.com\/wp-content\/uploads\/2024\/11\/16ft-steamy-dumpling-trailer-front-view-480x360.jpg 480w, https:\/\/www.honlufoodtrailer.com\/wp-content\/uploads\/2024\/11\/16ft-steamy-dumpling-trailer-front-view-300x225.jpg 300w\" sizes=\"(max-width: 720px) 100vw, 720px\" \/><img decoding=\"async\" class=\"aligncenter size-full wp-image-8916\" src=\"https:\/\/www.honlufoodtrailer.com\/wp-content\/uploads\/2024\/11\/16ft-steamy-dumpling-trailer.jpg\" alt=\"Rimorkio me petulla me avull 16 k\u00ebmb\u00ebsh\" width=\"720\" height=\"540\" srcset=\"https:\/\/www.honlufoodtrailer.com\/wp-content\/uploads\/2024\/11\/16ft-steamy-dumpling-trailer.jpg 720w, https:\/\/www.honlufoodtrailer.com\/wp-content\/uploads\/2024\/11\/16ft-steamy-dumpling-trailer-480x360.jpg 480w, https:\/\/www.honlufoodtrailer.com\/wp-content\/uploads\/2024\/11\/16ft-steamy-dumpling-trailer-300x225.jpg 300w\" sizes=\"(max-width: 720px) 100vw, 720px\" \/>\r\nAs we can see from the pictures above, this dumpling food truck is very appealing to the crowd. In the front of the concession trailer, we have made a big window with an awning. That will be very convenient for diners to order and pick up their meals. On the top of the dumpling truck, we customized a signboard for the customer according to his requirements. Next, let&#8217;s see the usage and inner details of this 16ft dumpling food truck.\r\n<h3>Usage Of This 16ft Dumpling Food Truck<\/h3>\r\nOur customer mainly use this dumpling food truck to sell fast food such as steamy dumplings, drinks, etc.\r\n<h3>Inner Structure Of This Dumpling Food Truck<\/h3>\r\nAs we can see from the pictures below, we mainly installed four sinks, two long stainless steel workbenches with storage, several water taps, a gas fryer, a gas griddle, a 2-burner gas stove, a range hood, a salad bar fridge, an air conditioner, a dumpling making machine etc.\r\n\r\n<img decoding=\"async\" class=\"aligncenter size-full wp-image-8909\" src=\"https:\/\/www.honlufoodtrailer.com\/wp-content\/uploads\/2024\/11\/16ft-steamy-dumpling-trailer-inner-view.jpg\" alt=\"16ft steamy dumpling trailer inner view\" width=\"720\" height=\"540\" srcset=\"https:\/\/www.honlufoodtrailer.com\/wp-content\/uploads\/2024\/11\/16ft-steamy-dumpling-trailer-inner-view.jpg 720w, https:\/\/www.honlufoodtrailer.com\/wp-content\/uploads\/2024\/11\/16ft-steamy-dumpling-trailer-inner-view-480x360.jpg 480w, https:\/\/www.honlufoodtrailer.com\/wp-content\/uploads\/2024\/11\/16ft-steamy-dumpling-trailer-inner-view-300x225.jpg 300w\" sizes=\"(max-width: 720px) 100vw, 720px\" \/>\r\n\r\n&nbsp;\r\n<h3>M\u00eb shum\u00eb detaje:<\/h3>\r\nShikoni m\u00eb shum\u00eb detaje rreth k\u00ebsaj rimorkioje ushqimore t\u00eb ngarkuar plot\u00ebsisht. Si\u00e7 mund ta shihni, t\u00eb gjitha aksesor\u00ebt jan\u00eb n\u00eb p\u00ebrputhje me standardet lokale t\u00eb klientit. Si prodhues dhe eksportues profesional i rimorkiove ushqimore me m\u00eb shum\u00eb se 10 vjet p\u00ebrvoj\u00eb, ne jemi t\u00eb njohur me rregulloret dhe k\u00ebrkesat e shum\u00eb vendeve, k\u00ebshtu q\u00eb do t&#039;ju ofrojm\u00eb kamion\u00eb ushqimor\u00eb q\u00eb plot\u00ebsojn\u00eb k\u00ebrkesat e vendit tuaj. Thjesht na kontaktoni p\u00ebr t\u00eb personalizuar rimorkion tuaj ushqimor!\r\n\r\n<img loading=\"lazy\" decoding=\"async\" class=\"aligncenter size-full wp-image-8908\" src=\"https:\/\/www.honlufoodtrailer.com\/wp-content\/uploads\/2024\/11\/16ft-steamy-dumpling-trailer-inner-details.jpg\" alt=\"16ft steamy dumpling trailer inner details\" width=\"800\" height=\"800\" srcset=\"https:\/\/www.honlufoodtrailer.com\/wp-content\/uploads\/2024\/11\/16ft-steamy-dumpling-trailer-inner-details.jpg 800w, https:\/\/www.honlufoodtrailer.com\/wp-content\/uploads\/2024\/11\/16ft-steamy-dumpling-trailer-inner-details-768x768.jpg 768w, https:\/\/www.honlufoodtrailer.com\/wp-content\/uploads\/2024\/11\/16ft-steamy-dumpling-trailer-inner-details-360x360.jpg 360w, https:\/\/www.honlufoodtrailer.com\/wp-content\/uploads\/2024\/11\/16ft-steamy-dumpling-trailer-inner-details-300x300.jpg 300w, https:\/\/www.honlufoodtrailer.com\/wp-content\/uploads\/2024\/11\/16ft-steamy-dumpling-trailer-inner-details-720x720.jpg 720w, https:\/\/www.honlufoodtrailer.com\/wp-content\/uploads\/2024\/11\/16ft-steamy-dumpling-trailer-inner-details-100x100.jpg 100w\" sizes=\"(max-width: 800px) 100vw, 800px\" \/>\r\n<h3 class=\"magic-6\" data-spm-anchor-id=\"a2700.wholesale.0.i28.29e52808agqc7f\">Karakteristikat kryesore t\u00eb rimorkios s\u00eb koncesionit<\/h3>\r\n<div class=\"magic-7\">\r\n<div class=\"magic-8\">\r\n<div class=\"magic-9\" data-id=\"paragraph0\">\r\n<ol>\r\n \t<li>P\u00ebrmbushni standardet lokale;<\/li>\r\n \t<li>Struktur\u00eb kompakte dhe planimetri e arsyeshme.<\/li>\r\n \t<li>Cil\u00ebsi e fort\u00eb, me nj\u00eb \u00e7mim t\u00eb arsyesh\u00ebm.<\/li>\r\n<\/ol>\r\n<h3>Vizatim falas i planit t\u00eb katit 2D\/3D<\/h3>\r\nFor customers who order our food trailers, after confirming the dimensions of the food trailer and the internal kitchen equipment, we can provide you with 3D drawings for free. This will give you a clearer idea of your design and your food cart. When confirming the location of kitchen equipment, we can clearly communicate with you through the floor plan. We can also provide you with original documents to facilitate your design and make adjustments.\r\n\r\n<\/div>\r\n<\/div>\r\n<\/div>\t\t\t\t\t\t\t\t<\/div>\n\t\t\t\t<\/div>\n\t\t\t\t\t<\/div>\n\t\t<\/div>\n\t\t\t\t\t<\/div>\n\t\t<\/section>\n\t\t\t\t<section class=\"elementor-section elementor-top-section elementor-element elementor-element-26e86c3 elementor-section-boxed elementor-section-height-default elementor-section-height-default\" data-id=\"26e86c3\" data-element_type=\"section\" data-e-type=\"section\">\n\t\t\t\t\t\t<div class=\"elementor-container elementor-column-gap-default\">\n\t\t\t\t\t<div class=\"elementor-column elementor-col-100 elementor-top-column elementor-element elementor-element-e74cc54\" data-id=\"e74cc54\" data-element_type=\"column\" data-e-type=\"column\">\n\t\t\t<div class=\"elementor-widget-wrap elementor-element-populated\">\n\t\t\t\t\t\t<div class=\"elementor-element elementor-element-2e1363d elementor-widget elementor-widget-heading\" data-id=\"2e1363d\" data-element_type=\"widget\" data-e-type=\"widget\" data-widget_type=\"heading.default\">\n\t\t\t\t<div class=\"elementor-widget-container\">\n\t\t\t\t\t<h2 class=\"elementor-heading-title elementor-size-default\">Feedbacks<\/h2>\t\t\t\t<\/div>\n\t\t\t\t<\/div>\n\t\t\t\t<div class=\"elementor-element elementor-element-9a4f0ea elementor-widget-divider--view-line elementor-widget elementor-widget-divider\" data-id=\"9a4f0ea\" data-element_type=\"widget\" data-e-type=\"widget\" data-widget_type=\"divider.default\">\n\t\t\t\t<div class=\"elementor-widget-container\">\n\t\t\t\t\t\t\t<div class=\"elementor-divider\">\n\t\t\t<span class=\"elementor-divider-separator\">\n\t\t\t\t\t\t<\/span>\n\t\t<\/div>\n\t\t\t\t\t\t<\/div>\n\t\t\t\t<\/div>\n\t\t\t\t<section class=\"elementor-section elementor-inner-section elementor-element elementor-element-3c1a996 elementor-section-boxed elementor-section-height-default elementor-section-height-default\" data-id=\"3c1a996\" data-element_type=\"section\" data-e-type=\"section\">\n\t\t\t\t\t\t<div class=\"elementor-container elementor-column-gap-default\">\n\t\t\t\t\t<div class=\"elementor-column elementor-col-50 elementor-inner-column elementor-element elementor-element-ef494b1\" data-id=\"ef494b1\" data-element_type=\"column\" data-e-type=\"column\">\n\t\t\t<div class=\"elementor-widget-wrap elementor-element-populated\">\n\t\t\t\t\t\t<div class=\"elementor-element elementor-element-88d55c8 elementor-widget elementor-widget-image\" data-id=\"88d55c8\" data-element_type=\"widget\" data-e-type=\"widget\" data-widget_type=\"image.default\">\n\t\t\t\t<div class=\"elementor-widget-container\">\n\t\t\t\t\t\t\t\t\t\t\t\t\t\t\t<img loading=\"lazy\" decoding=\"async\" width=\"700\" height=\"933\" src=\"https:\/\/www.honlufoodtrailer.com\/wp-content\/uploads\/2024\/11\/16ft-dumpling-food-truck-feedback-01.jpg\" class=\"attachment-large size-large wp-image-9674\" alt=\"16ft dumpling food truck feedback\" srcset=\"https:\/\/www.honlufoodtrailer.com\/wp-content\/uploads\/2024\/11\/16ft-dumpling-food-truck-feedback-01.jpg 700w, https:\/\/www.honlufoodtrailer.com\/wp-content\/uploads\/2024\/11\/16ft-dumpling-food-truck-feedback-01-270x360.jpg 270w, https:\/\/www.honlufoodtrailer.com\/wp-content\/uploads\/2024\/11\/16ft-dumpling-food-truck-feedback-01-300x400.jpg 300w\" sizes=\"(max-width: 700px) 100vw, 700px\" \/>\t\t\t\t\t\t\t\t\t\t\t\t\t\t\t<\/div>\n\t\t\t\t<\/div>\n\t\t\t\t\t<\/div>\n\t\t<\/div>\n\t\t\t\t<div class=\"elementor-column elementor-col-50 elementor-inner-column elementor-element elementor-element-ff1245c\" data-id=\"ff1245c\" data-element_type=\"column\" data-e-type=\"column\">\n\t\t\t<div class=\"elementor-widget-wrap elementor-element-populated\">\n\t\t\t\t\t\t<div class=\"elementor-element elementor-element-cd836d4 elementor-widget elementor-widget-image\" data-id=\"cd836d4\" data-element_type=\"widget\" data-e-type=\"widget\" data-widget_type=\"image.default\">\n\t\t\t\t<div class=\"elementor-widget-container\">\n\t\t\t\t\t\t\t\t\t\t\t\t\t\t\t<img loading=\"lazy\" decoding=\"async\" width=\"700\" height=\"933\" src=\"https:\/\/www.honlufoodtrailer.com\/wp-content\/uploads\/2024\/11\/16ft-dumpling-food-truck-feedback-02.jpg\" class=\"attachment-large size-large wp-image-9673\" alt=\"16ft dumpling food truck feedback\" srcset=\"https:\/\/www.honlufoodtrailer.com\/wp-content\/uploads\/2024\/11\/16ft-dumpling-food-truck-feedback-02.jpg 700w, https:\/\/www.honlufoodtrailer.com\/wp-content\/uploads\/2024\/11\/16ft-dumpling-food-truck-feedback-02-270x360.jpg 270w, https:\/\/www.honlufoodtrailer.com\/wp-content\/uploads\/2024\/11\/16ft-dumpling-food-truck-feedback-02-300x400.jpg 300w\" sizes=\"(max-width: 700px) 100vw, 700px\" \/>\t\t\t\t\t\t\t\t\t\t\t\t\t\t\t<\/div>\n\t\t\t\t<\/div>\n\t\t\t\t\t<\/div>\n\t\t<\/div>\n\t\t\t\t\t<\/div>\n\t\t<\/section>\n\t\t\t\t<div class=\"elementor-element elementor-element-b31eec0 elementor-widget elementor-widget-text-editor\" data-id=\"b31eec0\" data-element_type=\"widget\" data-e-type=\"widget\" data-widget_type=\"text-editor.default\">\n\t\t\t\t<div class=\"elementor-widget-container\">\n\t\t\t\t\t\t\t\t\t<p>The following are feedback pictures our customer took. Our customer is very happy with the food truck and business is always good.<\/p>\t\t\t\t\t\t\t\t<\/div>\n\t\t\t\t<\/div>\n\t\t\t\t\t<\/div>\n\t\t<\/div>\n\t\t\t\t\t<\/div>\n\t\t<\/section>\n\t\t\t\t<\/div>","protected":false},"excerpt":{"rendered":"<p data-spm-anchor-id=\"a2700.wholesale.0.i28.29e52808agqc7f\">Ky \u00ebsht\u00eb nj\u00eb kamion ushqimi 32 k\u00ebmb\u00ebsh i personalizuar. I gjith\u00eb automjeti p\u00ebrdor \u00e7elik inox dhe flet\u00eb \u00e7eliku t\u00eb galvanizuar. Mund t\u00eb p\u00ebrdoret p\u00ebr t\u00eb shitur ushqim t\u00eb shpejt\u00eb dhe pije etj. Ne mund t\u00eb prodhojm\u00eb nj\u00eb rimorkio ushqimore t\u00eb ngjashme si kjo, ose t\u00eb personalizojm\u00eb nj\u00eb p\u00ebr ju. Madh\u00ebsia, ngjyra e karroceris\u00eb, ngjit\u00ebset, tabelat, pajisjet e kuzhin\u00ebs s\u00eb rimorkios s\u00eb ushqimit mund t\u00eb personalizohen. Plus, t\u00eb gjith\u00eb aksesor\u00ebt do t\u00eb plot\u00ebsojn\u00eb k\u00ebrkesat e klient\u00ebve. Vet\u00ebm mos hezitoni t\u00eb na kontaktoni dhe t\u00eb na tregoni k\u00ebrkesat tuaja t\u00eb detajuara!<\/p>","protected":false},"featured_media":8907,"template":"","meta":{"_themeisle_gutenberg_block_has_review":false},"product_brand":[],"product_cat":[26],"product_tag":[96,97],"class_list":{"0":"post-8918","1":"product","2":"type-product","3":"status-publish","4":"has-post-thumbnail","6":"product_cat-product","7":"product_tag-16ft-food-trailer","8":"product_tag-dumpling-trailer","10":"first","11":"instock","12":"shipping-taxable","13":"product-type-simple"},"yoast_head":"<!-- This site is optimized with the Yoast SEO plugin v27.5 - https:\/\/yoast.com\/product\/yoast-seo-wordpress\/ -->\n<title>16ft Dumpling Food Truck Fom China Factory - Honlu Food Trailer<\/title>\n<meta name=\"description\" content=\"This is a customized 16ft dumpling food truck. High quality and appealing appearance, get its price here direct from China factory!\" \/>\n<meta name=\"robots\" content=\"index, follow, max-snippet:-1, max-image-preview:large, max-video-preview:-1\" \/>\n<link rel=\"canonical\" href=\"https:\/\/www.honlufoodtrailer.com\/sq\/product\/16ft-dumpling-food-truck\/\" \/>\n<meta property=\"og:locale\" content=\"sq_AL\" \/>\n<meta property=\"og:type\" content=\"article\" \/>\n<meta property=\"og:title\" content=\"16ft Dumpling Food Truck Fom China Factory - Honlu Food Trailer\" \/>\n<meta property=\"og:description\" content=\"This is a customized 16ft dumpling food truck. High quality and appealing appearance, get its price here direct from China factory!\" \/>\n<meta property=\"og:url\" content=\"https:\/\/www.honlufoodtrailer.com\/sq\/product\/16ft-dumpling-food-truck\/\" \/>\n<meta property=\"og:site_name\" content=\"Honlu food trailer\" \/>\n<meta property=\"article:modified_time\" content=\"2025-02-14T05:54:56+00:00\" \/>\n<meta property=\"og:image\" content=\"https:\/\/www.honlufoodtrailer.com\/wp-content\/uploads\/2024\/11\/16ft-steamy-dumpling-trailer-front-view.jpg\" \/>\n\t<meta property=\"og:image:width\" content=\"720\" \/>\n\t<meta property=\"og:image:height\" content=\"540\" \/>\n\t<meta property=\"og:image:type\" content=\"image\/jpeg\" \/>\n<meta name=\"twitter:card\" content=\"summary_large_image\" \/>\n<meta name=\"twitter:label1\" content=\"Est. reading time\" \/>\n\t<meta name=\"twitter:data1\" content=\"2 minuta\" \/>\n<script type=\"application\/ld+json\" class=\"yoast-schema-graph\">{\"@context\":\"https:\\\/\\\/schema.org\",\"@graph\":[{\"@type\":\"WebPage\",\"@id\":\"https:\\\/\\\/www.honlufoodtrailer.com\\\/product\\\/16ft-dumpling-food-truck\\\/\",\"url\":\"https:\\\/\\\/www.honlufoodtrailer.com\\\/product\\\/16ft-dumpling-food-truck\\\/\",\"name\":\"16ft Dumpling Food Truck Fom China Factory - Honlu Food Trailer\",\"isPartOf\":{\"@id\":\"https:\\\/\\\/www.honlufoodtrailer.com\\\/#website\"},\"primaryImageOfPage\":{\"@id\":\"https:\\\/\\\/www.honlufoodtrailer.com\\\/product\\\/16ft-dumpling-food-truck\\\/#primaryimage\"},\"image\":{\"@id\":\"https:\\\/\\\/www.honlufoodtrailer.com\\\/product\\\/16ft-dumpling-food-truck\\\/#primaryimage\"},\"thumbnailUrl\":\"https:\\\/\\\/www.honlufoodtrailer.com\\\/wp-content\\\/uploads\\\/2024\\\/11\\\/16ft-steamy-dumpling-trailer-front-view.jpg\",\"datePublished\":\"2024-11-01T08:53:39+00:00\",\"dateModified\":\"2025-02-14T05:54:56+00:00\",\"description\":\"This is a customized 16ft dumpling food truck. High quality and appealing appearance, get its price here direct from China factory!\",\"breadcrumb\":{\"@id\":\"https:\\\/\\\/www.honlufoodtrailer.com\\\/product\\\/16ft-dumpling-food-truck\\\/#breadcrumb\"},\"inLanguage\":\"sq\",\"potentialAction\":[{\"@type\":\"ReadAction\",\"target\":[\"https:\\\/\\\/www.honlufoodtrailer.com\\\/product\\\/16ft-dumpling-food-truck\\\/\"]}]},{\"@type\":\"ImageObject\",\"inLanguage\":\"sq\",\"@id\":\"https:\\\/\\\/www.honlufoodtrailer.com\\\/product\\\/16ft-dumpling-food-truck\\\/#primaryimage\",\"url\":\"https:\\\/\\\/www.honlufoodtrailer.com\\\/wp-content\\\/uploads\\\/2024\\\/11\\\/16ft-steamy-dumpling-trailer-front-view.jpg\",\"contentUrl\":\"https:\\\/\\\/www.honlufoodtrailer.com\\\/wp-content\\\/uploads\\\/2024\\\/11\\\/16ft-steamy-dumpling-trailer-front-view.jpg\",\"width\":720,\"height\":540,\"caption\":\"16ft steamy dumpling trailer\"},{\"@type\":\"BreadcrumbList\",\"@id\":\"https:\\\/\\\/www.honlufoodtrailer.com\\\/product\\\/16ft-dumpling-food-truck\\\/#breadcrumb\",\"itemListElement\":[{\"@type\":\"ListItem\",\"position\":1,\"name\":\"Home\",\"item\":\"https:\\\/\\\/www.honlufoodtrailer.com\\\/\"},{\"@type\":\"ListItem\",\"position\":2,\"name\":\"\u4ea7\u54c1\",\"item\":\"https:\\\/\\\/www.honlufoodtrailer.com\\\/shop\\\/\"},{\"@type\":\"ListItem\",\"position\":3,\"name\":\"16ft Dumpling Food Truck\"}]},{\"@type\":\"WebSite\",\"@id\":\"https:\\\/\\\/www.honlufoodtrailer.com\\\/#website\",\"url\":\"https:\\\/\\\/www.honlufoodtrailer.com\\\/\",\"name\":\"Honlu food trailer\",\"description\":\"\",\"publisher\":{\"@id\":\"https:\\\/\\\/www.honlufoodtrailer.com\\\/#organization\"},\"potentialAction\":[{\"@type\":\"SearchAction\",\"target\":{\"@type\":\"EntryPoint\",\"urlTemplate\":\"https:\\\/\\\/www.honlufoodtrailer.com\\\/?s={search_term_string}\"},\"query-input\":{\"@type\":\"PropertyValueSpecification\",\"valueRequired\":true,\"valueName\":\"search_term_string\"}}],\"inLanguage\":\"sq\"},{\"@type\":\"Organization\",\"@id\":\"https:\\\/\\\/www.honlufoodtrailer.com\\\/#organization\",\"name\":\"Honlu food trailer\",\"url\":\"https:\\\/\\\/www.honlufoodtrailer.com\\\/\",\"logo\":{\"@type\":\"ImageObject\",\"inLanguage\":\"sq\",\"@id\":\"https:\\\/\\\/www.honlufoodtrailer.com\\\/#\\\/schema\\\/logo\\\/image\\\/\",\"url\":\"https:\\\/\\\/www.honlufoodtrailer.com\\\/wp-content\\\/uploads\\\/2021\\\/12\\\/2.gif\",\"contentUrl\":\"https:\\\/\\\/www.honlufoodtrailer.com\\\/wp-content\\\/uploads\\\/2021\\\/12\\\/2.gif\",\"width\":350,\"height\":100,\"caption\":\"Honlu food trailer\"},\"image\":{\"@id\":\"https:\\\/\\\/www.honlufoodtrailer.com\\\/#\\\/schema\\\/logo\\\/image\\\/\"}}]}<\/script>\n<!-- \/ Yoast SEO plugin. -->","yoast_head_json":{"title":"16ft Dumpling Food Truck Fom China Factory - Honlu Food Trailer","description":"This is a customized 16ft dumpling food truck. High quality and appealing appearance, get its price here direct from China factory!","robots":{"index":"index","follow":"follow","max-snippet":"max-snippet:-1","max-image-preview":"max-image-preview:large","max-video-preview":"max-video-preview:-1"},"canonical":"https:\/\/www.honlufoodtrailer.com\/sq\/product\/16ft-dumpling-food-truck\/","og_locale":"sq_AL","og_type":"article","og_title":"16ft Dumpling Food Truck Fom China Factory - Honlu Food Trailer","og_description":"This is a customized 16ft dumpling food truck. High quality and appealing appearance, get its price here direct from China factory!","og_url":"https:\/\/www.honlufoodtrailer.com\/sq\/product\/16ft-dumpling-food-truck\/","og_site_name":"Honlu food trailer","article_modified_time":"2025-02-14T05:54:56+00:00","og_image":[{"width":720,"height":540,"url":"https:\/\/www.honlufoodtrailer.com\/wp-content\/uploads\/2024\/11\/16ft-steamy-dumpling-trailer-front-view.jpg","type":"image\/jpeg"}],"twitter_card":"summary_large_image","twitter_misc":{"Est. reading time":"2 minuta"},"schema":{"@context":"https:\/\/schema.org","@graph":[{"@type":"WebPage","@id":"https:\/\/www.honlufoodtrailer.com\/product\/16ft-dumpling-food-truck\/","url":"https:\/\/www.honlufoodtrailer.com\/product\/16ft-dumpling-food-truck\/","name":"16ft Dumpling Food Truck Fom China Factory - Honlu Food Trailer","isPartOf":{"@id":"https:\/\/www.honlufoodtrailer.com\/#website"},"primaryImageOfPage":{"@id":"https:\/\/www.honlufoodtrailer.com\/product\/16ft-dumpling-food-truck\/#primaryimage"},"image":{"@id":"https:\/\/www.honlufoodtrailer.com\/product\/16ft-dumpling-food-truck\/#primaryimage"},"thumbnailUrl":"https:\/\/www.honlufoodtrailer.com\/wp-content\/uploads\/2024\/11\/16ft-steamy-dumpling-trailer-front-view.jpg","datePublished":"2024-11-01T08:53:39+00:00","dateModified":"2025-02-14T05:54:56+00:00","description":"This is a customized 16ft dumpling food truck. High quality and appealing appearance, get its price here direct from China factory!","breadcrumb":{"@id":"https:\/\/www.honlufoodtrailer.com\/product\/16ft-dumpling-food-truck\/#breadcrumb"},"inLanguage":"sq","potentialAction":[{"@type":"ReadAction","target":["https:\/\/www.honlufoodtrailer.com\/product\/16ft-dumpling-food-truck\/"]}]},{"@type":"ImageObject","inLanguage":"sq","@id":"https:\/\/www.honlufoodtrailer.com\/product\/16ft-dumpling-food-truck\/#primaryimage","url":"https:\/\/www.honlufoodtrailer.com\/wp-content\/uploads\/2024\/11\/16ft-steamy-dumpling-trailer-front-view.jpg","contentUrl":"https:\/\/www.honlufoodtrailer.com\/wp-content\/uploads\/2024\/11\/16ft-steamy-dumpling-trailer-front-view.jpg","width":720,"height":540,"caption":"16ft steamy dumpling trailer"},{"@type":"BreadcrumbList","@id":"https:\/\/www.honlufoodtrailer.com\/product\/16ft-dumpling-food-truck\/#breadcrumb","itemListElement":[{"@type":"ListItem","position":1,"name":"Home","item":"https:\/\/www.honlufoodtrailer.com\/"},{"@type":"ListItem","position":2,"name":"\u4ea7\u54c1","item":"https:\/\/www.honlufoodtrailer.com\/shop\/"},{"@type":"ListItem","position":3,"name":"16ft Dumpling Food Truck"}]},{"@type":"WebSite","@id":"https:\/\/www.honlufoodtrailer.com\/#website","url":"https:\/\/www.honlufoodtrailer.com\/","name":"Rimorkio ushqimore n\u00eb Honlu","description":"","publisher":{"@id":"https:\/\/www.honlufoodtrailer.com\/#organization"},"potentialAction":[{"@type":"SearchAction","target":{"@type":"EntryPoint","urlTemplate":"https:\/\/www.honlufoodtrailer.com\/?s={search_term_string}"},"query-input":{"@type":"PropertyValueSpecification","valueRequired":true,"valueName":"search_term_string"}}],"inLanguage":"sq"},{"@type":"Organization","@id":"https:\/\/www.honlufoodtrailer.com\/#organization","name":"Rimorkio ushqimore n\u00eb Honlu","url":"https:\/\/www.honlufoodtrailer.com\/","logo":{"@type":"ImageObject","inLanguage":"sq","@id":"https:\/\/www.honlufoodtrailer.com\/#\/schema\/logo\/image\/","url":"https:\/\/www.honlufoodtrailer.com\/wp-content\/uploads\/2021\/12\/2.gif","contentUrl":"https:\/\/www.honlufoodtrailer.com\/wp-content\/uploads\/2021\/12\/2.gif","width":350,"height":100,"caption":"Honlu food trailer"},"image":{"@id":"https:\/\/www.honlufoodtrailer.com\/#\/schema\/logo\/image\/"}}]}},"_links":{"self":[{"href":"https:\/\/www.honlufoodtrailer.com\/sq\/wp-json\/wp\/v2\/product\/8918","targetHints":{"allow":["GET"]}}],"collection":[{"href":"https:\/\/www.honlufoodtrailer.com\/sq\/wp-json\/wp\/v2\/product"}],"about":[{"href":"https:\/\/www.honlufoodtrailer.com\/sq\/wp-json\/wp\/v2\/types\/product"}],"version-history":[{"count":0,"href":"https:\/\/www.honlufoodtrailer.com\/sq\/wp-json\/wp\/v2\/product\/8918\/revisions"}],"wp:featuredmedia":[{"embeddable":true,"href":"https:\/\/www.honlufoodtrailer.com\/sq\/wp-json\/wp\/v2\/media\/8907"}],"wp:attachment":[{"href":"https:\/\/www.honlufoodtrailer.com\/sq\/wp-json\/wp\/v2\/media?parent=8918"}],"wp:term":[{"taxonomy":"product_brand","embeddable":true,"href":"https:\/\/www.honlufoodtrailer.com\/sq\/wp-json\/wp\/v2\/product_brand?post=8918"},{"taxonomy":"product_cat","embeddable":true,"href":"https:\/\/www.honlufoodtrailer.com\/sq\/wp-json\/wp\/v2\/product_cat?post=8918"},{"taxonomy":"product_tag","embeddable":true,"href":"https:\/\/www.honlufoodtrailer.com\/sq\/wp-json\/wp\/v2\/product_tag?post=8918"}],"curies":[{"name":"wp","href":"https:\/\/api.w.org\/{rel}","templated":true}]}}